{"id":4759,"date":"2025-05-07T10:30:21","date_gmt":"2025-05-07T08:30:21","guid":{"rendered":"https:\/\/med.tattoo\/guerison-par-le-tatouage\/"},"modified":"2025-04-08T17:11:47","modified_gmt":"2025-04-08T15:11:47","slug":"guerison-par-le-tatouage","status":"publish","type":"page","link":"https:\/\/med.tattoo\/fr\/guerison-par-le-tatouage\/","title":{"rendered":"Gu\u00e9rison par le tatouage"},"content":{"rendered":"\t\t<div data-elementor-type=\"wp-page\" data-elementor-id=\"4759\" class=\"elementor elementor-4759 elementor-1920\" data-elementor-settings=\"{&quot;ha_cmc_init_switcher&quot;:&quot;no&quot;}\" data-elementor-post-type=\"page\">\n\t\t\t\t\t\t<section class=\"elementor-section elementor-top-section elementor-element elementor-element-6e6b34e elementor-section-boxed elementor-section-height-default elementor-section-height-default\" data-id=\"6e6b34e\" data-element_type=\"section\" data-e-type=\"section\">\n\t\t\t\t\t\t<div class=\"elementor-container elementor-column-gap-default\">\n\t\t\t\t\t<div class=\"elementor-column elementor-col-100 elementor-top-column elementor-element elementor-element-d3d92af\" data-id=\"d3d92af\" data-element_type=\"column\" data-e-type=\"column\">\n\t\t\t<div class=\"elementor-widget-wrap elementor-element-populated\">\n\t\t\t\t\t\t<div class=\"elementor-element elementor-element-7ef7211 elementor-widget elementor-widget-heading\" data-id=\"7ef7211\" data-element_type=\"widget\" data-e-type=\"widget\" data-widget_type=\"heading.default\">\n\t\t\t\t<div class=\"elementor-widget-container\">\n\t\t\t\t\t<h1 class=\"elementor-heading-title elementor-size-default\">LA GU\u00c9RISON DES TATOUAGES<\/h1>\t\t\t\t<\/div>\n\t\t\t\t<\/div>\n\t\t\t\t<div class=\"elementor-element elementor-element-81cf96f elementor-widget elementor-widget-text-editor\" data-id=\"81cf96f\" data-element_type=\"widget\" data-e-type=\"widget\" data-widget_type=\"text-editor.default\">\n\t\t\t\t<div class=\"elementor-widget-container\">\n\t\t\t\t\t\t\t\t\t<p>Imm\u00e9diatement apr\u00e8s le tatouage, la peau est irrit\u00e9e et susceptible d&rsquo;\u00eatre endommag\u00e9e. Utilisez un film protecteur sp\u00e9cial (pansement en polyur\u00e9thane) et une cr\u00e8me pour favoriser la cicatrisation. Le processus de r\u00e9g\u00e9n\u00e9ration de la peau dure environ 21 jours.  <\/p>\t\t\t\t\t\t\t\t<\/div>\n\t\t\t\t<\/div>\n\t\t\t\t\t<\/div>\n\t\t<\/div>\n\t\t\t\t\t<\/div>\n\t\t<\/section>\n\t\t\t\t<section class=\"elementor-section elementor-top-section elementor-element elementor-element-2adeed29 elementor-section-boxed elementor-section-height-default elementor-section-height-default\" data-id=\"2adeed29\" data-element_type=\"section\" data-e-type=\"section\" data-settings=\"{&quot;background_background&quot;:&quot;classic&quot;}\">\n\t\t\t\t\t\t<div class=\"elementor-container elementor-column-gap-no\">\n\t\t\t\t\t<div class=\"elementor-column elementor-col-100 elementor-top-column elementor-element elementor-element-6491df5c\" data-id=\"6491df5c\" data-element_type=\"column\" data-e-type=\"column\">\n\t\t\t<div class=\"elementor-widget-wrap elementor-element-populated\">\n\t\t\t\t\t\t<div class=\"elementor-element elementor-element-671ca138 elementor-widget elementor-widget-icon-box\" data-id=\"671ca138\" data-element_type=\"widget\" data-e-type=\"widget\" data-widget_type=\"icon-box.default\">\n\t\t\t\t<div class=\"elementor-widget-container\">\n\t\t\t\t\t\t\t<div class=\"elementor-icon-box-wrapper\">\n\n\t\t\t\n\t\t\t\t\t\t<div class=\"elementor-icon-box-content\">\n\n\t\t\t\t\t\t\t\t\t<h3 class=\"elementor-icon-box-title\">\n\t\t\t\t\t\t<span  >\n\t\t\t\t\t\t\t<img decoding=\"async\" role=\"img\" class=\"emoji\" alt=\"\ud83d\udc47\" src=\"https:\/\/s.w.org\/images\/core\/emoji\/14.0.0\/svg\/1f447.svg\">  Voir les produits Acc\u00e9l\u00e9rer la gu\u00e9rison\t\t\t\t\t\t<\/span>\n\t\t\t\t\t<\/h3>\n\t\t\t\t\n\t\t\t\t\n\t\t\t<\/div>\n\t\t\t\n\t\t<\/div>\n\t\t\t\t\t\t<\/div>\n\t\t\t\t<\/div>\n\t\t\t\t\t<\/div>\n\t\t<\/div>\n\t\t\t\t\t<\/div>\n\t\t<\/section>\n\t\t\t\t<section class=\"elementor-section elementor-top-section elementor-element elementor-element-284949bf elementor-section-boxed elementor-section-height-default elementor-section-height-default\" data-id=\"284949bf\" data-element_type=\"section\" data-e-type=\"section\">\n\t\t\t\t\t\t<div class=\"elementor-container elementor-column-gap-default\">\n\t\t\t\t\t<div class=\"elementor-column elementor-col-100 elementor-top-column elementor-element elementor-element-5c5317e5\" data-id=\"5c5317e5\" data-element_type=\"column\" data-e-type=\"column\">\n\t\t\t<div class=\"elementor-widget-wrap elementor-element-populated\">\n\t\t\t\t\t\t<div class=\"elementor-element elementor-element-48d996e7 elementor-widget elementor-widget-heading\" data-id=\"48d996e7\" data-element_type=\"widget\" data-e-type=\"widget\" data-widget_type=\"heading.default\">\n\t\t\t\t<div class=\"elementor-widget-container\">\n\t\t\t\t\t<h2 class=\"elementor-heading-title elementor-size-default\">Comment se d\u00e9roule le processus de cicatrisation d'un tatouage ?<\/h2>\t\t\t\t<\/div>\n\t\t\t\t<\/div>\n\t\t\t\t<div class=\"elementor-element elementor-element-26fcef5e elementor-widget elementor-widget-text-editor\" data-id=\"26fcef5e\" data-element_type=\"widget\" data-e-type=\"widget\" data-widget_type=\"text-editor.default\">\n\t\t\t\t<div class=\"elementor-widget-container\">\n\t\t\t\t\t\t\t\t\t<p>Le tatouage provoque une irritation de la peau, qui devient plus sensible aux influences ext\u00e9rieures n\u00e9gatives. Imm\u00e9diatement apr\u00e8s le tatouage, des pr\u00e9parations sp\u00e9ciales et <strong>un film protecteur<\/strong> doivent \u00eatre appliqu\u00e9s pour prot\u00e9ger la surface de la peau de la contamination et d&rsquo;une \u00e9ventuelle infection. Le film protecteur transparent est autocollant. Il est appliqu\u00e9 sur le tatouage imm\u00e9diatement apr\u00e8s son application. Il prot\u00e8ge la surface de la peau sensible de l&rsquo;abrasion, est imperm\u00e9able et laisse en m\u00eame temps la peau respirer. Le processus de r\u00e9g\u00e9n\u00e9ration et de cicatrisation du tatouage dure environ 3 semaines. <strong>Le film protecteur du tatouage<\/strong> doit rester en place pendant au moins quelques jours. La peau doit \u00eatre lubrifi\u00e9e avec des <strong>produits cosm\u00e9tiques<\/strong> sp\u00e9ciaux <strong>pour la cicatrisation des tatouages<\/strong>.      <\/p>\t\t\t\t\t\t\t\t<\/div>\n\t\t\t\t<\/div>\n\t\t\t\t<div class=\"elementor-element elementor-element-b6816d0 elementor-widget elementor-widget-heading\" data-id=\"b6816d0\" data-element_type=\"widget\" data-e-type=\"widget\" data-widget_type=\"heading.default\">\n\t\t\t\t<div class=\"elementor-widget-container\">\n\t\t\t\t\t<h2 class=\"elementor-heading-title elementor-size-default\">Des cosm\u00e9tiques pour acc\u00e9l\u00e9rer la cicatrisation des tatouages<\/h2>\t\t\t\t<\/div>\n\t\t\t\t<\/div>\n\t\t\t\t<div class=\"elementor-element elementor-element-55a57c2e elementor-widget elementor-widget-text-editor\" data-id=\"55a57c2e\" data-element_type=\"widget\" data-e-type=\"widget\" data-widget_type=\"text-editor.default\">\n\t\t\t\t<div class=\"elementor-widget-container\">\n\t\t\t\t\t\t\t\t\t<p>Il est pr\u00e9f\u00e9rable de commencer \u00e0 utiliser des <strong>produits cosm\u00e9tiques pour tatouages qui acc\u00e9l\u00e8rent la cicatrisation<\/strong> imm\u00e9diatement apr\u00e8s le tatouage. Une lubrification r\u00e9guli\u00e8re de la peau tatou\u00e9e acc\u00e9l\u00e9rera le processus de gu\u00e9rison et la r\u00e9g\u00e9n\u00e9ration de l&rsquo;\u00e9piderme. La p\u00e9riode des trois premi\u00e8res semaines est le moment o\u00f9 la peau se r\u00e9tablit lentement. Son hydratation syst\u00e9matique avec des cr\u00e8mes sp\u00e9cialis\u00e9es pour le tatouage rendra le processus plus efficace. Dans la boutique en ligne Med.tattoo, nous recommandons l&rsquo;utilisation d&rsquo;une <strong>cr\u00e8me cicatrisante<\/strong> professionnelle pour tatouage. Cette cr\u00e8me, \u00e0 base d&rsquo;extrait de calendula, de beurre de karit\u00e9 et d&rsquo;huiles v\u00e9g\u00e9tales, hydrate, nourrit et r\u00e9g\u00e9n\u00e8re la peau en profondeur, \u00e9limine les irritations, retarde le processus de vieillissement de la peau et constitue en m\u00eame temps un filtre protecteur naturel contre le soleil. Sous l&rsquo;influence de la cr\u00e8me de tatouage, la peau devient lisse et souple.      <\/p><p>Tous nos produits sont des cosm\u00e9tiques de tatouage pour hommes et femmes, cr\u00e9\u00e9s sur la base d&rsquo;ingr\u00e9dients uniquement naturels, ils offrent une garantie de s\u00e9curit\u00e9 (ils ne sont pas allerg\u00e8nes et ne provoquent pas d&rsquo;irritation de la peau), et donc une satisfaction \u00e0 100% lors de leur utilisation.<\/p>\t\t\t\t\t\t\t\t<\/div>\n\t\t\t\t<\/div>\n\t\t\t\t\t<\/div>\n\t\t<\/div>\n\t\t\t\t\t<\/div>\n\t\t<\/section>\n\t\t\t\t<\/div>\n\t\t","protected":false},"excerpt":{"rendered":"<p>LA GU\u00c9RISON DES TATOUAGES Imm\u00e9diatement apr\u00e8s le tatouage, la peau est irrit\u00e9e et susceptible d&rsquo;\u00eatre endommag\u00e9e. Utilisez un film protecteur sp\u00e9cial (pansement en polyur\u00e9thane) et une cr\u00e8me pour favoriser la cicatrisation. Le processus de r\u00e9g\u00e9n\u00e9ration de la peau dure environ 21 jours. Voir les produits Acc\u00e9l\u00e9rer la gu\u00e9rison Comment se d\u00e9roule le processus de cicatrisation [&hellip;]<\/p>\n","protected":false},"author":1,"featured_media":0,"parent":0,"menu_order":0,"comment_status":"closed","ping_status":"closed","template":"","meta":{"site-sidebar-layout":"no-sidebar","site-content-layout":"page-builder","ast-site-content-layout":"default","site-content-style":"default","site-sidebar-style":"default","ast-global-header-display":"","ast-banner-title-visibility":"","ast-main-header-display":"","ast-hfb-above-header-display":"","ast-hfb-below-header-display":"","ast-hfb-mobile-header-display":"","site-post-title":"disabled","ast-breadcrumbs-content":"","ast-featured-img":"disabled","footer-sml-layout":"","ast-disable-related-posts":"","theme-transparent-header-meta":"disabled","adv-header-id-meta":"","stick-header-meta":"enabled","header-above-stick-meta":"","header-main-stick-meta":"disabled","header-below-stick-meta":"","astra-migrate-meta-layouts":"default","ast-page-background-enabled":"default","ast-page-background-meta":{"desktop":{"background-color":"var(--ast-global-color-4)","background-image":"","background-repeat":"repeat","background-position":"center center","background-size":"auto","background-attachment":"scroll","background-type":"","background-media":"","overlay-type":"","overlay-color":"","overlay-opacity":"","overlay-gradient":""},"tablet":{"background-color":"","background-image":"","background-repeat":"repeat","background-position":"center center","background-size":"auto","background-attachment":"scroll","background-type":"","background-media":"","overlay-type":"","overlay-color":"","overlay-opacity":"","overlay-gradient":""},"mobile":{"background-color":"","background-image":"","background-repeat":"repeat","background-position":"center center","background-size":"auto","background-attachment":"scroll","background-type":"","background-media":"","overlay-type":"","overlay-color":"","overlay-opacity":"","overlay-gradient":""}},"ast-content-background-meta":{"desktop":{"background-color":"var(--ast-global-color-5)","background-image":"","background-repeat":"repeat","background-position":"center center","background-size":"auto","background-attachment":"scroll","background-type":"","background-media":"","overlay-type":"","overlay-color":"","overlay-opacity":"","overlay-gradient":""},"tablet":{"background-color":"var(--ast-global-color-5)","background-image":"","background-repeat":"repeat","background-position":"center center","background-size":"auto","background-attachment":"scroll","background-type":"","background-media":"","overlay-type":"","overlay-color":"","overlay-opacity":"","overlay-gradient":""},"mobile":{"background-color":"var(--ast-global-color-5)","background-image":"","background-repeat":"repeat","background-position":"center center","background-size":"auto","background-attachment":"scroll","background-type":"","background-media":"","overlay-type":"","overlay-color":"","overlay-opacity":"","overlay-gradient":""}},"footnotes":""},"class_list":["post-4759","page","type-page","status-publish","hentry"],"yoast_head":"<!-- This site is optimized with the Yoast SEO plugin v27.5 - https:\/\/yoast.com\/product\/yoast-seo-wordpress\/ -->\n<title>Gu\u00e9rison par le tatouage - MED.TATTOO<\/title>\n<meta name=\"description\" content=\"Imm\u00e9diatement apr\u00e8s le tatouage, la peau est irrit\u00e9e et susceptible d&#039;\u00eatre endommag\u00e9e. Utilisez un film protecteur sp\u00e9cial (pansement en polyur\u00e9thane) ....\" \/>\n<meta name=\"robots\" content=\"index, follow, max-snippet:-1, max-image-preview:large, max-video-preview:-1\" \/>\n<link rel=\"canonical\" href=\"https:\/\/med.tattoo\/fr\/guerison-par-le-tatouage\/\" \/>\n<meta property=\"og:locale\" content=\"fr_FR\" \/>\n<meta property=\"og:type\" content=\"article\" \/>\n<meta property=\"og:title\" content=\"Gu\u00e9rison par le tatouage - MED.TATTOO\" \/>\n<meta property=\"og:description\" content=\"Imm\u00e9diatement apr\u00e8s le tatouage, la peau est irrit\u00e9e et susceptible d&#039;\u00eatre endommag\u00e9e. Utilisez un film protecteur sp\u00e9cial (pansement en polyur\u00e9thane) ....\" \/>\n<meta property=\"og:url\" content=\"https:\/\/med.tattoo\/fr\/guerison-par-le-tatouage\/\" \/>\n<meta property=\"og:site_name\" content=\"MED.TATTOO\" \/>\n<meta property=\"article:publisher\" content=\"https:\/\/www.facebook.com\/profile.php?id=100084366705613\" \/>\n<meta property=\"og:image\" content=\"https:\/\/s.w.org\/images\/core\/emoji\/14.0.0\/svg\/1f447.svg\" \/>\n<meta name=\"twitter:card\" content=\"summary_large_image\" \/>\n<meta name=\"twitter:label1\" content=\"Dur\u00e9e de lecture estim\u00e9e\" \/>\n\t<meta name=\"twitter:data1\" content=\"2 minutes\" \/>\n<script type=\"application\/ld+json\" class=\"yoast-schema-graph\">{\"@context\":\"https:\\\/\\\/schema.org\",\"@graph\":[{\"@type\":\"WebPage\",\"@id\":\"https:\\\/\\\/med.tattoo\\\/fr\\\/guerison-par-le-tatouage\\\/\",\"url\":\"https:\\\/\\\/med.tattoo\\\/fr\\\/guerison-par-le-tatouage\\\/\",\"name\":\"Gu\u00e9rison par le tatouage - MED.TATTOO\",\"isPartOf\":{\"@id\":\"https:\\\/\\\/med.tattoo\\\/fr\\\/#website\"},\"primaryImageOfPage\":{\"@id\":\"https:\\\/\\\/med.tattoo\\\/fr\\\/guerison-par-le-tatouage\\\/#primaryimage\"},\"image\":{\"@id\":\"https:\\\/\\\/med.tattoo\\\/fr\\\/guerison-par-le-tatouage\\\/#primaryimage\"},\"thumbnailUrl\":\"https:\\\/\\\/s.w.org\\\/images\\\/core\\\/emoji\\\/14.0.0\\\/svg\\\/1f447.svg\",\"datePublished\":\"2025-05-07T08:30:21+00:00\",\"description\":\"Imm\u00e9diatement apr\u00e8s le tatouage, la peau est irrit\u00e9e et susceptible d'\u00eatre endommag\u00e9e. Utilisez un film protecteur sp\u00e9cial (pansement en polyur\u00e9thane) ....\",\"breadcrumb\":{\"@id\":\"https:\\\/\\\/med.tattoo\\\/fr\\\/guerison-par-le-tatouage\\\/#breadcrumb\"},\"inLanguage\":\"fr-FR\",\"potentialAction\":[{\"@type\":\"ReadAction\",\"target\":[\"https:\\\/\\\/med.tattoo\\\/fr\\\/guerison-par-le-tatouage\\\/\"]}]},{\"@type\":\"ImageObject\",\"inLanguage\":\"fr-FR\",\"@id\":\"https:\\\/\\\/med.tattoo\\\/fr\\\/guerison-par-le-tatouage\\\/#primaryimage\",\"url\":\"https:\\\/\\\/s.w.org\\\/images\\\/core\\\/emoji\\\/14.0.0\\\/svg\\\/1f447.svg\",\"contentUrl\":\"https:\\\/\\\/s.w.org\\\/images\\\/core\\\/emoji\\\/14.0.0\\\/svg\\\/1f447.svg\"},{\"@type\":\"BreadcrumbList\",\"@id\":\"https:\\\/\\\/med.tattoo\\\/fr\\\/guerison-par-le-tatouage\\\/#breadcrumb\",\"itemListElement\":[{\"@type\":\"ListItem\",\"position\":1,\"name\":\"Strona G\u0142\u00f3wna\",\"item\":\"https:\\\/\\\/med.tattoo\\\/fr\\\/\"},{\"@type\":\"ListItem\",\"position\":2,\"name\":\"Gu\u00e9rison par le tatouage\"}]},{\"@type\":\"WebSite\",\"@id\":\"https:\\\/\\\/med.tattoo\\\/fr\\\/#website\",\"url\":\"https:\\\/\\\/med.tattoo\\\/fr\\\/\",\"name\":\"MED.TATTOO\",\"description\":\"Wszystko dla Twojego tatua\u017cu\",\"publisher\":{\"@id\":\"https:\\\/\\\/med.tattoo\\\/fr\\\/#organization\"},\"potentialAction\":[{\"@type\":\"SearchAction\",\"target\":{\"@type\":\"EntryPoint\",\"urlTemplate\":\"https:\\\/\\\/med.tattoo\\\/fr\\\/?s={search_term_string}\"},\"query-input\":{\"@type\":\"PropertyValueSpecification\",\"valueRequired\":true,\"valueName\":\"search_term_string\"}}],\"inLanguage\":\"fr-FR\"},{\"@type\":\"Organization\",\"@id\":\"https:\\\/\\\/med.tattoo\\\/fr\\\/#organization\",\"name\":\"MED.TATTOO\",\"url\":\"https:\\\/\\\/med.tattoo\\\/fr\\\/\",\"logo\":{\"@type\":\"ImageObject\",\"inLanguage\":\"fr-FR\",\"@id\":\"https:\\\/\\\/med.tattoo\\\/fr\\\/#\\\/schema\\\/logo\\\/image\\\/\",\"url\":\"https:\\\/\\\/med.tattoo\\\/wp-content\\\/uploads\\\/2025\\\/05\\\/Bez-tytulu-600S300-px-1-e1658908183800.png\",\"contentUrl\":\"https:\\\/\\\/med.tattoo\\\/wp-content\\\/uploads\\\/2025\\\/05\\\/Bez-tytulu-600S300-px-1-e1658908183800.png\",\"width\":600,\"height\":61,\"caption\":\"MED.TATTOO\"},\"image\":{\"@id\":\"https:\\\/\\\/med.tattoo\\\/fr\\\/#\\\/schema\\\/logo\\\/image\\\/\"},\"sameAs\":[\"https:\\\/\\\/www.facebook.com\\\/profile.php?id=100084366705613\",\"https:\\\/\\\/www.instagram.com\\\/med.tattoo_official\\\/\"]}]}<\/script>\n<!-- \/ Yoast SEO plugin. -->","yoast_head_json":{"title":"Gu\u00e9rison par le tatouage - MED.TATTOO","description":"Imm\u00e9diatement apr\u00e8s le tatouage, la peau est irrit\u00e9e et susceptible d'\u00eatre endommag\u00e9e. Utilisez un film protecteur sp\u00e9cial (pansement en polyur\u00e9thane) ....","robots":{"index":"index","follow":"follow","max-snippet":"max-snippet:-1","max-image-preview":"max-image-preview:large","max-video-preview":"max-video-preview:-1"},"canonical":"https:\/\/med.tattoo\/fr\/guerison-par-le-tatouage\/","og_locale":"fr_FR","og_type":"article","og_title":"Gu\u00e9rison par le tatouage - MED.TATTOO","og_description":"Imm\u00e9diatement apr\u00e8s le tatouage, la peau est irrit\u00e9e et susceptible d'\u00eatre endommag\u00e9e. Utilisez un film protecteur sp\u00e9cial (pansement en polyur\u00e9thane) ....","og_url":"https:\/\/med.tattoo\/fr\/guerison-par-le-tatouage\/","og_site_name":"MED.TATTOO","article_publisher":"https:\/\/www.facebook.com\/profile.php?id=100084366705613","og_image":[{"url":"https:\/\/s.w.org\/images\/core\/emoji\/14.0.0\/svg\/1f447.svg","type":"","width":"","height":""}],"twitter_card":"summary_large_image","twitter_misc":{"Dur\u00e9e de lecture estim\u00e9e":"2 minutes"},"schema":{"@context":"https:\/\/schema.org","@graph":[{"@type":"WebPage","@id":"https:\/\/med.tattoo\/fr\/guerison-par-le-tatouage\/","url":"https:\/\/med.tattoo\/fr\/guerison-par-le-tatouage\/","name":"Gu\u00e9rison par le tatouage - MED.TATTOO","isPartOf":{"@id":"https:\/\/med.tattoo\/fr\/#website"},"primaryImageOfPage":{"@id":"https:\/\/med.tattoo\/fr\/guerison-par-le-tatouage\/#primaryimage"},"image":{"@id":"https:\/\/med.tattoo\/fr\/guerison-par-le-tatouage\/#primaryimage"},"thumbnailUrl":"https:\/\/s.w.org\/images\/core\/emoji\/14.0.0\/svg\/1f447.svg","datePublished":"2025-05-07T08:30:21+00:00","description":"Imm\u00e9diatement apr\u00e8s le tatouage, la peau est irrit\u00e9e et susceptible d'\u00eatre endommag\u00e9e. Utilisez un film protecteur sp\u00e9cial (pansement en polyur\u00e9thane) ....","breadcrumb":{"@id":"https:\/\/med.tattoo\/fr\/guerison-par-le-tatouage\/#breadcrumb"},"inLanguage":"fr-FR","potentialAction":[{"@type":"ReadAction","target":["https:\/\/med.tattoo\/fr\/guerison-par-le-tatouage\/"]}]},{"@type":"ImageObject","inLanguage":"fr-FR","@id":"https:\/\/med.tattoo\/fr\/guerison-par-le-tatouage\/#primaryimage","url":"https:\/\/s.w.org\/images\/core\/emoji\/14.0.0\/svg\/1f447.svg","contentUrl":"https:\/\/s.w.org\/images\/core\/emoji\/14.0.0\/svg\/1f447.svg"},{"@type":"BreadcrumbList","@id":"https:\/\/med.tattoo\/fr\/guerison-par-le-tatouage\/#breadcrumb","itemListElement":[{"@type":"ListItem","position":1,"name":"Strona G\u0142\u00f3wna","item":"https:\/\/med.tattoo\/fr\/"},{"@type":"ListItem","position":2,"name":"Gu\u00e9rison par le tatouage"}]},{"@type":"WebSite","@id":"https:\/\/med.tattoo\/fr\/#website","url":"https:\/\/med.tattoo\/fr\/","name":"MED.TATTOO","description":"Wszystko dla Twojego tatua\u017cu","publisher":{"@id":"https:\/\/med.tattoo\/fr\/#organization"},"potentialAction":[{"@type":"SearchAction","target":{"@type":"EntryPoint","urlTemplate":"https:\/\/med.tattoo\/fr\/?s={search_term_string}"},"query-input":{"@type":"PropertyValueSpecification","valueRequired":true,"valueName":"search_term_string"}}],"inLanguage":"fr-FR"},{"@type":"Organization","@id":"https:\/\/med.tattoo\/fr\/#organization","name":"MED.TATTOO","url":"https:\/\/med.tattoo\/fr\/","logo":{"@type":"ImageObject","inLanguage":"fr-FR","@id":"https:\/\/med.tattoo\/fr\/#\/schema\/logo\/image\/","url":"https:\/\/med.tattoo\/wp-content\/uploads\/2025\/05\/Bez-tytulu-600S300-px-1-e1658908183800.png","contentUrl":"https:\/\/med.tattoo\/wp-content\/uploads\/2025\/05\/Bez-tytulu-600S300-px-1-e1658908183800.png","width":600,"height":61,"caption":"MED.TATTOO"},"image":{"@id":"https:\/\/med.tattoo\/fr\/#\/schema\/logo\/image\/"},"sameAs":["https:\/\/www.facebook.com\/profile.php?id=100084366705613","https:\/\/www.instagram.com\/med.tattoo_official\/"]}]}},"_links":{"self":[{"href":"https:\/\/med.tattoo\/fr\/wp-json\/wp\/v2\/pages\/4759","targetHints":{"allow":["GET"]}}],"collection":[{"href":"https:\/\/med.tattoo\/fr\/wp-json\/wp\/v2\/pages"}],"about":[{"href":"https:\/\/med.tattoo\/fr\/wp-json\/wp\/v2\/types\/page"}],"author":[{"embeddable":true,"href":"https:\/\/med.tattoo\/fr\/wp-json\/wp\/v2\/users\/1"}],"replies":[{"embeddable":true,"href":"https:\/\/med.tattoo\/fr\/wp-json\/wp\/v2\/comments?post=4759"}],"version-history":[{"count":1,"href":"https:\/\/med.tattoo\/fr\/wp-json\/wp\/v2\/pages\/4759\/revisions"}],"predecessor-version":[{"id":4762,"href":"https:\/\/med.tattoo\/fr\/wp-json\/wp\/v2\/pages\/4759\/revisions\/4762"}],"wp:attachment":[{"href":"https:\/\/med.tattoo\/fr\/wp-json\/wp\/v2\/media?parent=4759"}],"curies":[{"name":"wp","href":"https:\/\/api.w.org\/{rel}","templated":true}]}}