{"id":10206,"date":"2025-05-15T07:27:36","date_gmt":"2025-05-15T05:27:36","guid":{"rendered":"https:\/\/med.tattoo\/produkt\/conteneur-a-dechets-medicaux-20l-rond-1pc\/"},"modified":"2025-05-15T07:27:36","modified_gmt":"2025-05-15T05:27:36","slug":"conteneur-a-dechets-medicaux-20l-rond-1pc","status":"publish","type":"product","link":"https:\/\/med.tattoo\/fr\/produit\/conteneur-a-dechets-medicaux-20l-rond-1pc\/","title":{"rendered":"Conteneur \u00e0 d\u00e9chets m\u00e9dicaux 20L rond 1pc"},"content":{"rendered":"<p>Un conteneur pratique en plastique &#8211; polypropyl\u00e8ne rouge. Il est imperm\u00e9able et r\u00e9sistant aux perforations. Le couvercle comporte une d\u00e9coupe sp\u00e9ciale qui permet de s\u00e9parer en toute s\u00e9curit\u00e9 l&rsquo;aiguille de la seringue.  <\/p>\n<p>Le conteneur porte l&rsquo;\u00e9tiquette d&rsquo;avertissement \u00ab\u00a0mati\u00e8re infectieuse\u00a0\u00bb ainsi que d&rsquo;autres informations requises par le PZH.<\/p>\n<p>Le conteneur rouge est destin\u00e9 aux d\u00e9chets :<\/p>\n<p>contenant des micro-organismes pathog\u00e8nes vivants ou leurs toxines et d&rsquo;autres formes capables de transmettre du mat\u00e9riel g\u00e9n\u00e9tique cens\u00e9 provoquer des maladies chez l&rsquo;homme et l&rsquo;animal ;<br \/>\nparties du corps et organes ainsi que r\u00e9cipients pour le sang et les conservateurs de sang pour leur stockage ;<br \/>\nbains biologiques actifs th\u00e9rapeutiques utilis\u00e9s ayant des propri\u00e9t\u00e9s infectieuses ;<br \/>\nr\u00e9sidus provenant de l&rsquo;alimentation des patients dans les services d&rsquo;infectiologie.<br \/>\nLes conteneurs doivent avoir une fermeture qui ne n\u00e9cessite pas de contact avec leur contenu. Les conteneurs doivent \u00eatre chang\u00e9s au moins toutes les 72 heures, \u00e0 l&rsquo;exception des sacs dans lesquels sont collect\u00e9s les d\u00e9chets m\u00e9dicaux hautement infectieux, qui sont chang\u00e9s toutes les 24 heures. <\/p>\n<p>Si le conteneur est endommag\u00e9, jetez-le compl\u00e8tement avec son contenu. N&rsquo;oubliez pas de ne pas transporter les d\u00e9chets m\u00e9dicaux hors du site ! <\/p>\n<p>Les conteneurs de d\u00e9chets m\u00e9dicaux sont con\u00e7us pour que les mati\u00e8res infectieuses puissent \u00eatre \u00e9limin\u00e9es de mani\u00e8re totalement hygi\u00e9nique et s\u00fbre. Les produits propos\u00e9s r\u00e9pondent \u00e0 toutes les normes, exigences et standards. Gr\u00e2ce \u00e0 eux, nous pouvons nous d\u00e9barrasser des d\u00e9chets sans contact et les envoyer \u00e0 l&rsquo;\u00e9limination. Les conteneurs sont tr\u00e8s robustes &#8211; ils r\u00e9sistent aux piq\u00fbres d&rsquo;aiguilles, aux impacts et aux chocs.   <\/p>\n","protected":false},"excerpt":{"rendered":"<p>Un conteneur pratique en plastique &#8211; polypropyl\u00e8ne rouge. Il est imperm\u00e9able et r\u00e9sistant aux perforations. Le couvercle comporte une d\u00e9coupe sp\u00e9ciale qui permet de s\u00e9parer en toute s\u00e9curit\u00e9 l&rsquo;aiguille de la seringue. Le conteneur porte l&rsquo;\u00e9tiquette d&rsquo;avertissement \u00ab\u00a0mati\u00e8re infectieuse\u00a0\u00bb ainsi que d&rsquo;autres informations requises par le PZH. Le conteneur rouge est destin\u00e9 aux d\u00e9chets : [&hellip;]<\/p>\n","protected":false},"featured_media":7795,"comment_status":"closed","ping_status":"open","template":"","meta":{"site-sidebar-layout":"default","site-content-layout":"","ast-site-content-layout":"default","site-content-style":"default","site-sidebar-style":"default","ast-global-header-display":"","ast-banner-title-visibility":"","ast-main-header-display":"","ast-hfb-above-header-display":"","ast-hfb-below-header-display":"","ast-hfb-mobile-header-display":"","site-post-title":"","ast-breadcrumbs-content":"","ast-featured-img":"","footer-sml-layout":"","ast-disable-related-posts":"","theme-transparent-header-meta":"","adv-header-id-meta":"","stick-header-meta":"","header-above-stick-meta":"","header-main-stick-meta":"","header-below-stick-meta":"","astra-migrate-meta-layouts":"default","ast-page-background-enabled":"default","ast-page-background-meta":{"desktop":{"background-color":"var(--ast-global-color-4)","background-image":"","background-repeat":"repeat","background-position":"center center","background-size":"auto","background-attachment":"scroll","background-type":"","background-media":"","overlay-type":"","overlay-color":"","overlay-opacity":"","overlay-gradient":""},"tablet":{"background-color":"","background-image":"","background-repeat":"repeat","background-position":"center center","background-size":"auto","background-attachment":"scroll","background-type":"","background-media":"","overlay-type":"","overlay-color":"","overlay-opacity":"","overlay-gradient":""},"mobile":{"background-color":"","background-image":"","background-repeat":"repeat","background-position":"center center","background-size":"auto","background-attachment":"scroll","background-type":"","background-media":"","overlay-type":"","overlay-color":"","overlay-opacity":"","overlay-gradient":""}},"ast-content-background-meta":{"desktop":{"background-color":"var(--ast-global-color-5)","background-image":"","background-repeat":"repeat","background-position":"center center","background-size":"auto","background-attachment":"scroll","background-type":"","background-media":"","overlay-type":"","overlay-color":"","overlay-opacity":"","overlay-gradient":""},"tablet":{"background-color":"var(--ast-global-color-5)","background-image":"","background-repeat":"repeat","background-position":"center center","background-size":"auto","background-attachment":"scroll","background-type":"","background-media":"","overlay-type":"","overlay-color":"","overlay-opacity":"","overlay-gradient":""},"mobile":{"background-color":"var(--ast-global-color-5)","background-image":"","background-repeat":"repeat","background-position":"center center","background-size":"auto","background-attachment":"scroll","background-type":"","background-media":"","overlay-type":"","overlay-color":"","overlay-opacity":"","overlay-gradient":""}}},"product_brand":[],"product_cat":[91],"product_tag":[],"class_list":{"0":"post-10206","1":"product","2":"type-product","3":"status-publish","4":"has-post-thumbnail","6":"product_cat-med-tattoo-fr","7":"desktop-align-left","8":"tablet-align-left","9":"mobile-align-left","10":"ast-product-gallery-layout-horizontal-slider","11":"ast-product-gallery-with-no-image","12":"ast-product-tabs-layout-distributed","14":"first","15":"instock","16":"purchasable","17":"product-type-simple"},"yoast_head":"<!-- This site is optimized with the Yoast SEO plugin v27.3 - https:\/\/yoast.com\/product\/yoast-seo-wordpress\/ -->\n<title>Conteneur \u00e0 d\u00e9chets m\u00e9dicaux 20L rond 1pc - MED.TATTOO<\/title>\n<meta name=\"robots\" content=\"index, follow, max-snippet:-1, max-image-preview:large, max-video-preview:-1\" \/>\n<link rel=\"canonical\" href=\"https:\/\/med.tattoo\/fr\/produit\/conteneur-a-dechets-medicaux-20l-rond-1pc\/\" \/>\n<meta property=\"og:locale\" content=\"fr_FR\" \/>\n<meta property=\"og:type\" content=\"article\" \/>\n<meta property=\"og:title\" content=\"Conteneur \u00e0 d\u00e9chets m\u00e9dicaux 20L rond 1pc - MED.TATTOO\" \/>\n<meta property=\"og:description\" content=\"Un conteneur pratique en plastique &#8211; polypropyl\u00e8ne rouge. Il est imperm\u00e9able et r\u00e9sistant aux perforations. Le couvercle comporte une d\u00e9coupe sp\u00e9ciale qui permet de s\u00e9parer en toute s\u00e9curit\u00e9 l&rsquo;aiguille de la seringue. Le conteneur porte l&rsquo;\u00e9tiquette d&rsquo;avertissement \u00ab\u00a0mati\u00e8re infectieuse\u00a0\u00bb ainsi que d&rsquo;autres informations requises par le PZH. Le conteneur rouge est destin\u00e9 aux d\u00e9chets : [&hellip;]\" \/>\n<meta property=\"og:url\" content=\"https:\/\/med.tattoo\/fr\/produit\/conteneur-a-dechets-medicaux-20l-rond-1pc\/\" \/>\n<meta property=\"og:site_name\" content=\"MED.TATTOO\" \/>\n<meta property=\"article:publisher\" content=\"https:\/\/www.facebook.com\/profile.php?id=100084366705613\" \/>\n<meta name=\"twitter:card\" content=\"summary_large_image\" \/>\n<meta name=\"twitter:label1\" content=\"Dur\u00e9e de lecture estim\u00e9e\" \/>\n\t<meta name=\"twitter:data1\" content=\"1 minute\" \/>\n<script type=\"application\/ld+json\" class=\"yoast-schema-graph\">{\"@context\":\"https:\\\/\\\/schema.org\",\"@graph\":[{\"@type\":\"WebPage\",\"@id\":\"https:\\\/\\\/med.tattoo\\\/fr\\\/produit\\\/conteneur-a-dechets-medicaux-20l-rond-1pc\\\/\",\"url\":\"https:\\\/\\\/med.tattoo\\\/fr\\\/produit\\\/conteneur-a-dechets-medicaux-20l-rond-1pc\\\/\",\"name\":\"Conteneur \u00e0 d\u00e9chets m\u00e9dicaux 20L rond 1pc - MED.TATTOO\",\"isPartOf\":{\"@id\":\"https:\\\/\\\/med.tattoo\\\/fr\\\/#website\"},\"primaryImageOfPage\":{\"@id\":\"https:\\\/\\\/med.tattoo\\\/fr\\\/produit\\\/conteneur-a-dechets-medicaux-20l-rond-1pc\\\/#primaryimage\"},\"image\":{\"@id\":\"https:\\\/\\\/med.tattoo\\\/fr\\\/produit\\\/conteneur-a-dechets-medicaux-20l-rond-1pc\\\/#primaryimage\"},\"thumbnailUrl\":\"https:\\\/\\\/med.tattoo\\\/wp-content\\\/uploads\\\/2025\\\/05\\\/2387_pojemnik-na-odpady-medyczne-20l-okragly-1szt_1744006886.jpg\",\"datePublished\":\"2025-05-15T05:27:36+00:00\",\"breadcrumb\":{\"@id\":\"https:\\\/\\\/med.tattoo\\\/fr\\\/produit\\\/conteneur-a-dechets-medicaux-20l-rond-1pc\\\/#breadcrumb\"},\"inLanguage\":\"fr-FR\",\"potentialAction\":[{\"@type\":\"ReadAction\",\"target\":[\"https:\\\/\\\/med.tattoo\\\/fr\\\/produit\\\/conteneur-a-dechets-medicaux-20l-rond-1pc\\\/\"]}]},{\"@type\":\"ImageObject\",\"inLanguage\":\"fr-FR\",\"@id\":\"https:\\\/\\\/med.tattoo\\\/fr\\\/produit\\\/conteneur-a-dechets-medicaux-20l-rond-1pc\\\/#primaryimage\",\"url\":\"https:\\\/\\\/med.tattoo\\\/wp-content\\\/uploads\\\/2025\\\/05\\\/2387_pojemnik-na-odpady-medyczne-20l-okragly-1szt_1744006886.jpg\",\"contentUrl\":\"https:\\\/\\\/med.tattoo\\\/wp-content\\\/uploads\\\/2025\\\/05\\\/2387_pojemnik-na-odpady-medyczne-20l-okragly-1szt_1744006886.jpg\",\"width\":933,\"height\":926},{\"@type\":\"BreadcrumbList\",\"@id\":\"https:\\\/\\\/med.tattoo\\\/fr\\\/produit\\\/conteneur-a-dechets-medicaux-20l-rond-1pc\\\/#breadcrumb\",\"itemListElement\":[{\"@type\":\"ListItem\",\"position\":1,\"name\":\"Strona G\u0142\u00f3wna\",\"item\":\"https:\\\/\\\/med.tattoo\\\/fr\\\/\"},{\"@type\":\"ListItem\",\"position\":2,\"name\":\"Boutique\",\"item\":\"https:\\\/\\\/med.tattoo\\\/fr\\\/boutique\\\/\"},{\"@type\":\"ListItem\",\"position\":3,\"name\":\"Conteneur \u00e0 d\u00e9chets m\u00e9dicaux 20L rond 1pc\"}]},{\"@type\":\"WebSite\",\"@id\":\"https:\\\/\\\/med.tattoo\\\/fr\\\/#website\",\"url\":\"https:\\\/\\\/med.tattoo\\\/fr\\\/\",\"name\":\"MED.TATTOO\",\"description\":\"Wszystko dla Twojego tatua\u017cu\",\"publisher\":{\"@id\":\"https:\\\/\\\/med.tattoo\\\/fr\\\/#organization\"},\"potentialAction\":[{\"@type\":\"SearchAction\",\"target\":{\"@type\":\"EntryPoint\",\"urlTemplate\":\"https:\\\/\\\/med.tattoo\\\/fr\\\/?s={search_term_string}\"},\"query-input\":{\"@type\":\"PropertyValueSpecification\",\"valueRequired\":true,\"valueName\":\"search_term_string\"}}],\"inLanguage\":\"fr-FR\"},{\"@type\":\"Organization\",\"@id\":\"https:\\\/\\\/med.tattoo\\\/fr\\\/#organization\",\"name\":\"MED.TATTOO\",\"url\":\"https:\\\/\\\/med.tattoo\\\/fr\\\/\",\"logo\":{\"@type\":\"ImageObject\",\"inLanguage\":\"fr-FR\",\"@id\":\"https:\\\/\\\/med.tattoo\\\/fr\\\/#\\\/schema\\\/logo\\\/image\\\/\",\"url\":\"https:\\\/\\\/med.tattoo\\\/wp-content\\\/uploads\\\/2025\\\/05\\\/Bez-tytulu-600S300-px-1-e1658908183800.png\",\"contentUrl\":\"https:\\\/\\\/med.tattoo\\\/wp-content\\\/uploads\\\/2025\\\/05\\\/Bez-tytulu-600S300-px-1-e1658908183800.png\",\"width\":600,\"height\":61,\"caption\":\"MED.TATTOO\"},\"image\":{\"@id\":\"https:\\\/\\\/med.tattoo\\\/fr\\\/#\\\/schema\\\/logo\\\/image\\\/\"},\"sameAs\":[\"https:\\\/\\\/www.facebook.com\\\/profile.php?id=100084366705613\",\"https:\\\/\\\/www.instagram.com\\\/med.tattoo_official\\\/\"]}]}<\/script>\n<!-- \/ Yoast SEO plugin. -->","yoast_head_json":{"title":"Conteneur \u00e0 d\u00e9chets m\u00e9dicaux 20L rond 1pc - MED.TATTOO","robots":{"index":"index","follow":"follow","max-snippet":"max-snippet:-1","max-image-preview":"max-image-preview:large","max-video-preview":"max-video-preview:-1"},"canonical":"https:\/\/med.tattoo\/fr\/produit\/conteneur-a-dechets-medicaux-20l-rond-1pc\/","og_locale":"fr_FR","og_type":"article","og_title":"Conteneur \u00e0 d\u00e9chets m\u00e9dicaux 20L rond 1pc - MED.TATTOO","og_description":"Un conteneur pratique en plastique &#8211; polypropyl\u00e8ne rouge. Il est imperm\u00e9able et r\u00e9sistant aux perforations. Le couvercle comporte une d\u00e9coupe sp\u00e9ciale qui permet de s\u00e9parer en toute s\u00e9curit\u00e9 l&rsquo;aiguille de la seringue. Le conteneur porte l&rsquo;\u00e9tiquette d&rsquo;avertissement \u00ab\u00a0mati\u00e8re infectieuse\u00a0\u00bb ainsi que d&rsquo;autres informations requises par le PZH. Le conteneur rouge est destin\u00e9 aux d\u00e9chets : [&hellip;]","og_url":"https:\/\/med.tattoo\/fr\/produit\/conteneur-a-dechets-medicaux-20l-rond-1pc\/","og_site_name":"MED.TATTOO","article_publisher":"https:\/\/www.facebook.com\/profile.php?id=100084366705613","twitter_card":"summary_large_image","twitter_misc":{"Dur\u00e9e de lecture estim\u00e9e":"1 minute"},"schema":{"@context":"https:\/\/schema.org","@graph":[{"@type":"WebPage","@id":"https:\/\/med.tattoo\/fr\/produit\/conteneur-a-dechets-medicaux-20l-rond-1pc\/","url":"https:\/\/med.tattoo\/fr\/produit\/conteneur-a-dechets-medicaux-20l-rond-1pc\/","name":"Conteneur \u00e0 d\u00e9chets m\u00e9dicaux 20L rond 1pc - MED.TATTOO","isPartOf":{"@id":"https:\/\/med.tattoo\/fr\/#website"},"primaryImageOfPage":{"@id":"https:\/\/med.tattoo\/fr\/produit\/conteneur-a-dechets-medicaux-20l-rond-1pc\/#primaryimage"},"image":{"@id":"https:\/\/med.tattoo\/fr\/produit\/conteneur-a-dechets-medicaux-20l-rond-1pc\/#primaryimage"},"thumbnailUrl":"https:\/\/med.tattoo\/wp-content\/uploads\/2025\/05\/2387_pojemnik-na-odpady-medyczne-20l-okragly-1szt_1744006886.jpg","datePublished":"2025-05-15T05:27:36+00:00","breadcrumb":{"@id":"https:\/\/med.tattoo\/fr\/produit\/conteneur-a-dechets-medicaux-20l-rond-1pc\/#breadcrumb"},"inLanguage":"fr-FR","potentialAction":[{"@type":"ReadAction","target":["https:\/\/med.tattoo\/fr\/produit\/conteneur-a-dechets-medicaux-20l-rond-1pc\/"]}]},{"@type":"ImageObject","inLanguage":"fr-FR","@id":"https:\/\/med.tattoo\/fr\/produit\/conteneur-a-dechets-medicaux-20l-rond-1pc\/#primaryimage","url":"https:\/\/med.tattoo\/wp-content\/uploads\/2025\/05\/2387_pojemnik-na-odpady-medyczne-20l-okragly-1szt_1744006886.jpg","contentUrl":"https:\/\/med.tattoo\/wp-content\/uploads\/2025\/05\/2387_pojemnik-na-odpady-medyczne-20l-okragly-1szt_1744006886.jpg","width":933,"height":926},{"@type":"BreadcrumbList","@id":"https:\/\/med.tattoo\/fr\/produit\/conteneur-a-dechets-medicaux-20l-rond-1pc\/#breadcrumb","itemListElement":[{"@type":"ListItem","position":1,"name":"Strona G\u0142\u00f3wna","item":"https:\/\/med.tattoo\/fr\/"},{"@type":"ListItem","position":2,"name":"Boutique","item":"https:\/\/med.tattoo\/fr\/boutique\/"},{"@type":"ListItem","position":3,"name":"Conteneur \u00e0 d\u00e9chets m\u00e9dicaux 20L rond 1pc"}]},{"@type":"WebSite","@id":"https:\/\/med.tattoo\/fr\/#website","url":"https:\/\/med.tattoo\/fr\/","name":"MED.TATTOO","description":"Wszystko dla Twojego tatua\u017cu","publisher":{"@id":"https:\/\/med.tattoo\/fr\/#organization"},"potentialAction":[{"@type":"SearchAction","target":{"@type":"EntryPoint","urlTemplate":"https:\/\/med.tattoo\/fr\/?s={search_term_string}"},"query-input":{"@type":"PropertyValueSpecification","valueRequired":true,"valueName":"search_term_string"}}],"inLanguage":"fr-FR"},{"@type":"Organization","@id":"https:\/\/med.tattoo\/fr\/#organization","name":"MED.TATTOO","url":"https:\/\/med.tattoo\/fr\/","logo":{"@type":"ImageObject","inLanguage":"fr-FR","@id":"https:\/\/med.tattoo\/fr\/#\/schema\/logo\/image\/","url":"https:\/\/med.tattoo\/wp-content\/uploads\/2025\/05\/Bez-tytulu-600S300-px-1-e1658908183800.png","contentUrl":"https:\/\/med.tattoo\/wp-content\/uploads\/2025\/05\/Bez-tytulu-600S300-px-1-e1658908183800.png","width":600,"height":61,"caption":"MED.TATTOO"},"image":{"@id":"https:\/\/med.tattoo\/fr\/#\/schema\/logo\/image\/"},"sameAs":["https:\/\/www.facebook.com\/profile.php?id=100084366705613","https:\/\/www.instagram.com\/med.tattoo_official\/"]}]}},"_links":{"self":[{"href":"https:\/\/med.tattoo\/fr\/wp-json\/wp\/v2\/product\/10206","targetHints":{"allow":["GET"]}}],"collection":[{"href":"https:\/\/med.tattoo\/fr\/wp-json\/wp\/v2\/product"}],"about":[{"href":"https:\/\/med.tattoo\/fr\/wp-json\/wp\/v2\/types\/product"}],"replies":[{"embeddable":true,"href":"https:\/\/med.tattoo\/fr\/wp-json\/wp\/v2\/comments?post=10206"}],"wp:featuredmedia":[{"embeddable":true,"href":"https:\/\/med.tattoo\/fr\/wp-json\/wp\/v2\/media\/7795"}],"wp:attachment":[{"href":"https:\/\/med.tattoo\/fr\/wp-json\/wp\/v2\/media?parent=10206"}],"wp:term":[{"taxonomy":"product_brand","embeddable":true,"href":"https:\/\/med.tattoo\/fr\/wp-json\/wp\/v2\/product_brand?post=10206"},{"taxonomy":"product_cat","embeddable":true,"href":"https:\/\/med.tattoo\/fr\/wp-json\/wp\/v2\/product_cat?post=10206"},{"taxonomy":"product_tag","embeddable":true,"href":"https:\/\/med.tattoo\/fr\/wp-json\/wp\/v2\/product_tag?post=10206"}],"curies":[{"name":"wp","href":"https:\/\/api.w.org\/{rel}","templated":true}]}}