{"id":10235,"date":"2025-05-15T07:29:14","date_gmt":"2025-05-15T05:29:14","guid":{"rendered":"https:\/\/med.tattoo\/produkt\/gants-en-nitrile-non-poudres-100pcs-xs-rose-easycare\/"},"modified":"2025-05-15T07:29:14","modified_gmt":"2025-05-15T05:29:14","slug":"gants-en-nitrile-non-poudres-100pcs-xs-rose-easycare","status":"publish","type":"product","link":"https:\/\/med.tattoo\/fr\/produit\/gants-en-nitrile-non-poudres-100pcs-xs-rose-easycare\/","title":{"rendered":"Gants en nitrile non poudr\u00e9s 100pcs XS rose EasyCare"},"content":{"rendered":"<p>Ces gants en nitrile extr\u00eamement efficaces offriront \u00e0 vos mains une excellente protection dans diverses conditions. Ils peuvent \u00eatre utilis\u00e9s dans l&rsquo;industrie alimentaire, les magasins, les salons de beaut\u00e9 et de coiffure, les studios de tatouage, les cliniques et les h\u00f4pitaux. Gr\u00e2ce \u00e0 leur conception textur\u00e9e, ils sont \u00e9galement parfaits pour les travaux de pr\u00e9cision. Ils sont fabriqu\u00e9s en nitrile extr\u00eamement r\u00e9sistant et durable. Ils ne contiennent pas de latex, ce qui signifie qu&rsquo;ils peuvent \u00e9galement \u00eatre utilis\u00e9s par des personnes \u00e0 la peau sensible ou souffrant d&rsquo;allergies. Ils sont extr\u00eamement flexibles et r\u00e9sistants aux perforations, aux coupures et aux trous. Ils sont minces, de sorte qu&rsquo;ils n&rsquo;entravent pas la sensibilit\u00e9 de la main et s&rsquo;ajustent parfaitement.      <\/p>\n<p>Une protection efficace<br \/>\nLes gants en nitrile sont fabriqu\u00e9s \u00e0 partir de mat\u00e9riaux de haute qualit\u00e9 qui ne contiennent pas de prot\u00e9ines de latex, ce qui les rend id\u00e9aux pour les personnes allergiques et celles dont la peau est sensible et sujette aux rougeurs. Ils prot\u00e8gent vos mains contre les produits chimiques, les agents cytostatiques, les virus et les bact\u00e9ries. <\/p>\n<p>Flexible<br \/>\nLe nitrile est un mat\u00e9riau extr\u00eamement flexible qui s&rsquo;adapte \u00e0 toutes les formes de mains. Un paquet contient des gants qui s&rsquo;adaptent aussi bien \u00e0 la main droite qu&rsquo;\u00e0 la main gauche. Ils pr\u00e9sentent une r\u00e9sistance extr\u00eamement \u00e9lev\u00e9e aux perforations, aux piq\u00fbres et aux coupures. Ils prot\u00e8gent donc parfaitement vos mains.   <\/p>\n<p>Les gants multifonctionnels<br \/>\nsont parfaits pour les personnes travaillant dans des lieux publics tels que les magasins, les salons de beaut\u00e9, les coiffeurs, les cliniques ou les h\u00f4pitaux. Ils peuvent \u00eatre utilis\u00e9s quotidiennement en cas de pand\u00e9mie ou d&rsquo;\u00e9pid\u00e9mie. <\/p>\n<p>Texture<br \/>\nLa surface des gants est textur\u00e9e, ce qui facilite la pr\u00e9hension d&rsquo;objets de formes et de surfaces diff\u00e9rentes, qu&rsquo;ils soient secs ou humides. Ils sont parfaits pour les travaux de pr\u00e9cision. Le paquet contient jusqu&rsquo;\u00e0 100 gants, ce qui vous permettra de vous prot\u00e9ger en cas de pand\u00e9mie ou d&rsquo;\u00e9pid\u00e9mie.  <\/p>\n<p>NQA : 1,5 apr\u00e8s emballage (informations de l&rsquo;usine sur l&#8217;emballage)<\/p>\n<p>\u00c9paisseur (simple paroi) min : Doigt : 0,10 mm Paume : 0,07 mm<\/p>\n<p>Longueur du gant selon EN 455-2 : min. 240 mm <\/p>\n<p>Force d&rsquo;arrachement avant\/apr\u00e8s vieillissement : min. 7,0 N <\/p>\n<p>Conformit\u00e9 : Classe I selon la directive 93\/42\/CEE relative aux dispositifs m\u00e9dicaux et MDR (EU 2017\/745) Cat\u00e9gorie III selon la r\u00e9glementation 2016\/425 relative aux \u00e9quipements de protection individuelle Marquage CE<\/p>\n<p>Conformit\u00e9 aux normes : EN 455-1,2,3,4 ; EN ISO 374-1,5 ; EN 374-2,3,4 ; EN 16523-1 ; EN 420 ; EN 388 ; ASTM F 1671 ; ASTM D 6978 ; ISO 22000 ; ISO 9001 ; ISO 13485 ; ISO 14001 ; OHSAS 18001 ; EN ISO 15223-1 ; ISO-10993-1 ; EN ISO 14971 ; ISO 2859-1 ; EN ISO 21171.<\/p>\n","protected":false},"excerpt":{"rendered":"<p>Ces gants en nitrile extr\u00eamement efficaces offriront \u00e0 vos mains une excellente protection dans diverses conditions. Ils peuvent \u00eatre utilis\u00e9s dans l&rsquo;industrie alimentaire, les magasins, les salons de beaut\u00e9 et de coiffure, les studios de tatouage, les cliniques et les h\u00f4pitaux. Gr\u00e2ce \u00e0 leur conception textur\u00e9e, ils sont \u00e9galement parfaits pour les travaux de pr\u00e9cision. [&hellip;]<\/p>\n","protected":false},"featured_media":7907,"comment_status":"closed","ping_status":"closed","template":"","meta":{"site-sidebar-layout":"default","site-content-layout":"","ast-site-content-layout":"default","site-content-style":"default","site-sidebar-style":"default","ast-global-header-display":"","ast-banner-title-visibility":"","ast-main-header-display":"","ast-hfb-above-header-display":"","ast-hfb-below-header-display":"","ast-hfb-mobile-header-display":"","site-post-title":"","ast-breadcrumbs-content":"","ast-featured-img":"","footer-sml-layout":"","ast-disable-related-posts":"","theme-transparent-header-meta":"","adv-header-id-meta":"","stick-header-meta":"","header-above-stick-meta":"","header-main-stick-meta":"","header-below-stick-meta":"","astra-migrate-meta-layouts":"default","ast-page-background-enabled":"default","ast-page-background-meta":{"desktop":{"background-color":"var(--ast-global-color-4)","background-image":"","background-repeat":"repeat","background-position":"center center","background-size":"auto","background-attachment":"scroll","background-type":"","background-media":"","overlay-type":"","overlay-color":"","overlay-opacity":"","overlay-gradient":""},"tablet":{"background-color":"","background-image":"","background-repeat":"repeat","background-position":"center center","background-size":"auto","background-attachment":"scroll","background-type":"","background-media":"","overlay-type":"","overlay-color":"","overlay-opacity":"","overlay-gradient":""},"mobile":{"background-color":"","background-image":"","background-repeat":"repeat","background-position":"center center","background-size":"auto","background-attachment":"scroll","background-type":"","background-media":"","overlay-type":"","overlay-color":"","overlay-opacity":"","overlay-gradient":""}},"ast-content-background-meta":{"desktop":{"background-color":"var(--ast-global-color-5)","background-image":"","background-repeat":"repeat","background-position":"center center","background-size":"auto","background-attachment":"scroll","background-type":"","background-media":"","overlay-type":"","overlay-color":"","overlay-opacity":"","overlay-gradient":""},"tablet":{"background-color":"var(--ast-global-color-5)","background-image":"","background-repeat":"repeat","background-position":"center center","background-size":"auto","background-attachment":"scroll","background-type":"","background-media":"","overlay-type":"","overlay-color":"","overlay-opacity":"","overlay-gradient":""},"mobile":{"background-color":"var(--ast-global-color-5)","background-image":"","background-repeat":"repeat","background-position":"center center","background-size":"auto","background-attachment":"scroll","background-type":"","background-media":"","overlay-type":"","overlay-color":"","overlay-opacity":"","overlay-gradient":""}}},"product_brand":[],"product_cat":[91],"product_tag":[],"class_list":{"0":"post-10235","1":"product","2":"type-product","3":"status-publish","4":"has-post-thumbnail","6":"product_cat-med-tattoo-fr","7":"desktop-align-left","8":"tablet-align-left","9":"mobile-align-left","10":"ast-product-gallery-layout-horizontal-slider","11":"ast-product-gallery-with-no-image","12":"ast-product-tabs-layout-distributed","14":"first","15":"instock","16":"purchasable","17":"product-type-simple"},"yoast_head":"<!-- This site is optimized with the Yoast SEO plugin v27.4 - https:\/\/yoast.com\/product\/yoast-seo-wordpress\/ -->\n<title>Gants en nitrile non poudr\u00e9s 100pcs XS rose EasyCare - MED.TATTOO<\/title>\n<meta name=\"robots\" content=\"index, follow, max-snippet:-1, max-image-preview:large, max-video-preview:-1\" \/>\n<link rel=\"canonical\" href=\"https:\/\/med.tattoo\/fr\/produit\/gants-en-nitrile-non-poudres-100pcs-xs-rose-easycare\/\" \/>\n<meta property=\"og:locale\" content=\"fr_FR\" \/>\n<meta property=\"og:type\" content=\"article\" \/>\n<meta property=\"og:title\" content=\"Gants en nitrile non poudr\u00e9s 100pcs XS rose EasyCare - MED.TATTOO\" \/>\n<meta property=\"og:description\" content=\"Ces gants en nitrile extr\u00eamement efficaces offriront \u00e0 vos mains une excellente protection dans diverses conditions. Ils peuvent \u00eatre utilis\u00e9s dans l&rsquo;industrie alimentaire, les magasins, les salons de beaut\u00e9 et de coiffure, les studios de tatouage, les cliniques et les h\u00f4pitaux. Gr\u00e2ce \u00e0 leur conception textur\u00e9e, ils sont \u00e9galement parfaits pour les travaux de pr\u00e9cision. [&hellip;]\" \/>\n<meta property=\"og:url\" content=\"https:\/\/med.tattoo\/fr\/produit\/gants-en-nitrile-non-poudres-100pcs-xs-rose-easycare\/\" \/>\n<meta property=\"og:site_name\" content=\"MED.TATTOO\" \/>\n<meta property=\"article:publisher\" content=\"https:\/\/www.facebook.com\/profile.php?id=100084366705613\" \/>\n<meta name=\"twitter:card\" content=\"summary_large_image\" \/>\n<meta name=\"twitter:label1\" content=\"Dur\u00e9e de lecture estim\u00e9e\" \/>\n\t<meta name=\"twitter:data1\" content=\"2 minutes\" \/>\n<script type=\"application\/ld+json\" class=\"yoast-schema-graph\">{\"@context\":\"https:\\\/\\\/schema.org\",\"@graph\":[{\"@type\":\"WebPage\",\"@id\":\"https:\\\/\\\/med.tattoo\\\/fr\\\/produit\\\/gants-en-nitrile-non-poudres-100pcs-xs-rose-easycare\\\/\",\"url\":\"https:\\\/\\\/med.tattoo\\\/fr\\\/produit\\\/gants-en-nitrile-non-poudres-100pcs-xs-rose-easycare\\\/\",\"name\":\"Gants en nitrile non poudr\u00e9s 100pcs XS rose EasyCare - MED.TATTOO\",\"isPartOf\":{\"@id\":\"https:\\\/\\\/med.tattoo\\\/fr\\\/#website\"},\"primaryImageOfPage\":{\"@id\":\"https:\\\/\\\/med.tattoo\\\/fr\\\/produit\\\/gants-en-nitrile-non-poudres-100pcs-xs-rose-easycare\\\/#primaryimage\"},\"image\":{\"@id\":\"https:\\\/\\\/med.tattoo\\\/fr\\\/produit\\\/gants-en-nitrile-non-poudres-100pcs-xs-rose-easycare\\\/#primaryimage\"},\"thumbnailUrl\":\"https:\\\/\\\/med.tattoo\\\/wp-content\\\/uploads\\\/2025\\\/05\\\/2854_rekawice-nitrylowe-bezpudrowe-100szt-xs_1744006959.jpg\",\"datePublished\":\"2025-05-15T05:29:14+00:00\",\"breadcrumb\":{\"@id\":\"https:\\\/\\\/med.tattoo\\\/fr\\\/produit\\\/gants-en-nitrile-non-poudres-100pcs-xs-rose-easycare\\\/#breadcrumb\"},\"inLanguage\":\"fr-FR\",\"potentialAction\":[{\"@type\":\"ReadAction\",\"target\":[\"https:\\\/\\\/med.tattoo\\\/fr\\\/produit\\\/gants-en-nitrile-non-poudres-100pcs-xs-rose-easycare\\\/\"]}]},{\"@type\":\"ImageObject\",\"inLanguage\":\"fr-FR\",\"@id\":\"https:\\\/\\\/med.tattoo\\\/fr\\\/produit\\\/gants-en-nitrile-non-poudres-100pcs-xs-rose-easycare\\\/#primaryimage\",\"url\":\"https:\\\/\\\/med.tattoo\\\/wp-content\\\/uploads\\\/2025\\\/05\\\/2854_rekawice-nitrylowe-bezpudrowe-100szt-xs_1744006959.jpg\",\"contentUrl\":\"https:\\\/\\\/med.tattoo\\\/wp-content\\\/uploads\\\/2025\\\/05\\\/2854_rekawice-nitrylowe-bezpudrowe-100szt-xs_1744006959.jpg\",\"width\":893,\"height\":735},{\"@type\":\"BreadcrumbList\",\"@id\":\"https:\\\/\\\/med.tattoo\\\/fr\\\/produit\\\/gants-en-nitrile-non-poudres-100pcs-xs-rose-easycare\\\/#breadcrumb\",\"itemListElement\":[{\"@type\":\"ListItem\",\"position\":1,\"name\":\"Strona G\u0142\u00f3wna\",\"item\":\"https:\\\/\\\/med.tattoo\\\/fr\\\/\"},{\"@type\":\"ListItem\",\"position\":2,\"name\":\"Boutique\",\"item\":\"https:\\\/\\\/med.tattoo\\\/fr\\\/boutique\\\/\"},{\"@type\":\"ListItem\",\"position\":3,\"name\":\"Gants en nitrile non poudr\u00e9s 100pcs XS rose EasyCare\"}]},{\"@type\":\"WebSite\",\"@id\":\"https:\\\/\\\/med.tattoo\\\/fr\\\/#website\",\"url\":\"https:\\\/\\\/med.tattoo\\\/fr\\\/\",\"name\":\"MED.TATTOO\",\"description\":\"Wszystko dla Twojego tatua\u017cu\",\"publisher\":{\"@id\":\"https:\\\/\\\/med.tattoo\\\/fr\\\/#organization\"},\"potentialAction\":[{\"@type\":\"SearchAction\",\"target\":{\"@type\":\"EntryPoint\",\"urlTemplate\":\"https:\\\/\\\/med.tattoo\\\/fr\\\/?s={search_term_string}\"},\"query-input\":{\"@type\":\"PropertyValueSpecification\",\"valueRequired\":true,\"valueName\":\"search_term_string\"}}],\"inLanguage\":\"fr-FR\"},{\"@type\":\"Organization\",\"@id\":\"https:\\\/\\\/med.tattoo\\\/fr\\\/#organization\",\"name\":\"MED.TATTOO\",\"url\":\"https:\\\/\\\/med.tattoo\\\/fr\\\/\",\"logo\":{\"@type\":\"ImageObject\",\"inLanguage\":\"fr-FR\",\"@id\":\"https:\\\/\\\/med.tattoo\\\/fr\\\/#\\\/schema\\\/logo\\\/image\\\/\",\"url\":\"https:\\\/\\\/med.tattoo\\\/wp-content\\\/uploads\\\/2025\\\/05\\\/Bez-tytulu-600S300-px-1-e1658908183800.png\",\"contentUrl\":\"https:\\\/\\\/med.tattoo\\\/wp-content\\\/uploads\\\/2025\\\/05\\\/Bez-tytulu-600S300-px-1-e1658908183800.png\",\"width\":600,\"height\":61,\"caption\":\"MED.TATTOO\"},\"image\":{\"@id\":\"https:\\\/\\\/med.tattoo\\\/fr\\\/#\\\/schema\\\/logo\\\/image\\\/\"},\"sameAs\":[\"https:\\\/\\\/www.facebook.com\\\/profile.php?id=100084366705613\",\"https:\\\/\\\/www.instagram.com\\\/med.tattoo_official\\\/\"]}]}<\/script>\n<!-- \/ Yoast SEO plugin. -->","yoast_head_json":{"title":"Gants en nitrile non poudr\u00e9s 100pcs XS rose EasyCare - MED.TATTOO","robots":{"index":"index","follow":"follow","max-snippet":"max-snippet:-1","max-image-preview":"max-image-preview:large","max-video-preview":"max-video-preview:-1"},"canonical":"https:\/\/med.tattoo\/fr\/produit\/gants-en-nitrile-non-poudres-100pcs-xs-rose-easycare\/","og_locale":"fr_FR","og_type":"article","og_title":"Gants en nitrile non poudr\u00e9s 100pcs XS rose EasyCare - MED.TATTOO","og_description":"Ces gants en nitrile extr\u00eamement efficaces offriront \u00e0 vos mains une excellente protection dans diverses conditions. Ils peuvent \u00eatre utilis\u00e9s dans l&rsquo;industrie alimentaire, les magasins, les salons de beaut\u00e9 et de coiffure, les studios de tatouage, les cliniques et les h\u00f4pitaux. Gr\u00e2ce \u00e0 leur conception textur\u00e9e, ils sont \u00e9galement parfaits pour les travaux de pr\u00e9cision. [&hellip;]","og_url":"https:\/\/med.tattoo\/fr\/produit\/gants-en-nitrile-non-poudres-100pcs-xs-rose-easycare\/","og_site_name":"MED.TATTOO","article_publisher":"https:\/\/www.facebook.com\/profile.php?id=100084366705613","twitter_card":"summary_large_image","twitter_misc":{"Dur\u00e9e de lecture estim\u00e9e":"2 minutes"},"schema":{"@context":"https:\/\/schema.org","@graph":[{"@type":"WebPage","@id":"https:\/\/med.tattoo\/fr\/produit\/gants-en-nitrile-non-poudres-100pcs-xs-rose-easycare\/","url":"https:\/\/med.tattoo\/fr\/produit\/gants-en-nitrile-non-poudres-100pcs-xs-rose-easycare\/","name":"Gants en nitrile non poudr\u00e9s 100pcs XS rose EasyCare - MED.TATTOO","isPartOf":{"@id":"https:\/\/med.tattoo\/fr\/#website"},"primaryImageOfPage":{"@id":"https:\/\/med.tattoo\/fr\/produit\/gants-en-nitrile-non-poudres-100pcs-xs-rose-easycare\/#primaryimage"},"image":{"@id":"https:\/\/med.tattoo\/fr\/produit\/gants-en-nitrile-non-poudres-100pcs-xs-rose-easycare\/#primaryimage"},"thumbnailUrl":"https:\/\/med.tattoo\/wp-content\/uploads\/2025\/05\/2854_rekawice-nitrylowe-bezpudrowe-100szt-xs_1744006959.jpg","datePublished":"2025-05-15T05:29:14+00:00","breadcrumb":{"@id":"https:\/\/med.tattoo\/fr\/produit\/gants-en-nitrile-non-poudres-100pcs-xs-rose-easycare\/#breadcrumb"},"inLanguage":"fr-FR","potentialAction":[{"@type":"ReadAction","target":["https:\/\/med.tattoo\/fr\/produit\/gants-en-nitrile-non-poudres-100pcs-xs-rose-easycare\/"]}]},{"@type":"ImageObject","inLanguage":"fr-FR","@id":"https:\/\/med.tattoo\/fr\/produit\/gants-en-nitrile-non-poudres-100pcs-xs-rose-easycare\/#primaryimage","url":"https:\/\/med.tattoo\/wp-content\/uploads\/2025\/05\/2854_rekawice-nitrylowe-bezpudrowe-100szt-xs_1744006959.jpg","contentUrl":"https:\/\/med.tattoo\/wp-content\/uploads\/2025\/05\/2854_rekawice-nitrylowe-bezpudrowe-100szt-xs_1744006959.jpg","width":893,"height":735},{"@type":"BreadcrumbList","@id":"https:\/\/med.tattoo\/fr\/produit\/gants-en-nitrile-non-poudres-100pcs-xs-rose-easycare\/#breadcrumb","itemListElement":[{"@type":"ListItem","position":1,"name":"Strona G\u0142\u00f3wna","item":"https:\/\/med.tattoo\/fr\/"},{"@type":"ListItem","position":2,"name":"Boutique","item":"https:\/\/med.tattoo\/fr\/boutique\/"},{"@type":"ListItem","position":3,"name":"Gants en nitrile non poudr\u00e9s 100pcs XS rose EasyCare"}]},{"@type":"WebSite","@id":"https:\/\/med.tattoo\/fr\/#website","url":"https:\/\/med.tattoo\/fr\/","name":"MED.TATTOO","description":"Wszystko dla Twojego tatua\u017cu","publisher":{"@id":"https:\/\/med.tattoo\/fr\/#organization"},"potentialAction":[{"@type":"SearchAction","target":{"@type":"EntryPoint","urlTemplate":"https:\/\/med.tattoo\/fr\/?s={search_term_string}"},"query-input":{"@type":"PropertyValueSpecification","valueRequired":true,"valueName":"search_term_string"}}],"inLanguage":"fr-FR"},{"@type":"Organization","@id":"https:\/\/med.tattoo\/fr\/#organization","name":"MED.TATTOO","url":"https:\/\/med.tattoo\/fr\/","logo":{"@type":"ImageObject","inLanguage":"fr-FR","@id":"https:\/\/med.tattoo\/fr\/#\/schema\/logo\/image\/","url":"https:\/\/med.tattoo\/wp-content\/uploads\/2025\/05\/Bez-tytulu-600S300-px-1-e1658908183800.png","contentUrl":"https:\/\/med.tattoo\/wp-content\/uploads\/2025\/05\/Bez-tytulu-600S300-px-1-e1658908183800.png","width":600,"height":61,"caption":"MED.TATTOO"},"image":{"@id":"https:\/\/med.tattoo\/fr\/#\/schema\/logo\/image\/"},"sameAs":["https:\/\/www.facebook.com\/profile.php?id=100084366705613","https:\/\/www.instagram.com\/med.tattoo_official\/"]}]}},"_links":{"self":[{"href":"https:\/\/med.tattoo\/fr\/wp-json\/wp\/v2\/product\/10235","targetHints":{"allow":["GET"]}}],"collection":[{"href":"https:\/\/med.tattoo\/fr\/wp-json\/wp\/v2\/product"}],"about":[{"href":"https:\/\/med.tattoo\/fr\/wp-json\/wp\/v2\/types\/product"}],"replies":[{"embeddable":true,"href":"https:\/\/med.tattoo\/fr\/wp-json\/wp\/v2\/comments?post=10235"}],"wp:featuredmedia":[{"embeddable":true,"href":"https:\/\/med.tattoo\/fr\/wp-json\/wp\/v2\/media\/7907"}],"wp:attachment":[{"href":"https:\/\/med.tattoo\/fr\/wp-json\/wp\/v2\/media?parent=10235"}],"wp:term":[{"taxonomy":"product_brand","embeddable":true,"href":"https:\/\/med.tattoo\/fr\/wp-json\/wp\/v2\/product_brand?post=10235"},{"taxonomy":"product_cat","embeddable":true,"href":"https:\/\/med.tattoo\/fr\/wp-json\/wp\/v2\/product_cat?post=10235"},{"taxonomy":"product_tag","embeddable":true,"href":"https:\/\/med.tattoo\/fr\/wp-json\/wp\/v2\/product_tag?post=10235"}],"curies":[{"name":"wp","href":"https:\/\/api.w.org\/{rel}","templated":true}]}}