{"id":10311,"date":"2025-05-15T07:31:03","date_gmt":"2025-05-15T05:31:03","guid":{"rendered":"https:\/\/med.tattoo\/produkt\/sterillhand-1l-pompe-desinfectante-pour-les-mains-equivalent-a-ahd-velodes-skinman\/"},"modified":"2025-05-15T07:31:03","modified_gmt":"2025-05-15T05:31:03","slug":"sterillhand-1l-pompe-desinfectante-pour-les-mains-equivalent-a-ahd-velodes-skinman","status":"publish","type":"product","link":"https:\/\/med.tattoo\/fr\/produit\/sterillhand-1l-pompe-desinfectante-pour-les-mains-equivalent-a-ahd-velodes-skinman\/","title":{"rendered":"Sterillhand 1L pompe d\u00e9sinfectante pour les mains (\u00e9quivalent \u00e0 AHD, Velodes, Skinman)"},"content":{"rendered":"<p>Pr\u00e9paration pour la d\u00e9sinfection chirurgicale et hygi\u00e9nique des mains. Sterihand est un d\u00e9sinfectant pour les mains \u00e0 base d&rsquo;alcool qui convient aux \u00e9tablissements de sant\u00e9, mais aussi aux \u00e9coles, aux cin\u00e9mas, aux grands lieux de travail, aux clubs et aux gymnases o\u00f9 les normes d&rsquo;hygi\u00e8ne doivent \u00eatre respect\u00e9es. <\/p>\n<p>D\u00e9sinfection hygi\u00e9nique des mains : Frottez 3 ml de d\u00e9sinfectant pour les mains et la peau Sterillhand sur la peau des mains pendant 30 secondes.<\/p>\n<p>D\u00e9sinfection chirurgicale des mains : Frottez 5 ml de d\u00e9sinfectant pour les mains et la peau Sterillhand sur la peau des mains pendant 2,5 minutes. R\u00e9p\u00e9tez l&rsquo;op\u00e9ration. <\/p>\n<p>Distinctions<\/p>\n<p>d\u00e9sinfection des mains<\/p>\n<p>pr\u00e9paration pr\u00eate \u00e0 l&#8217;emploi, ne dess\u00e8che pas la peau,<\/p>\n<p>pr\u00e9paration \u00e0 base d&rsquo;alcools avec une composition de substances hydratantes pour la peau,<\/p>\n<p>ne dess\u00e8che pas les mains &#8211; test\u00e9 dermatologiquement &#8211; ne provoque pas d&rsquo;allergies,<\/p>\n<p>Le d\u00e9sinfectant pour les mains et la peau Sterillhand est efficace contre : les bact\u00e9ries (MRSA), les champignons, les mycobact\u00e9ries (Tbc), les virus : envelopp\u00e9s, ad\u00e9no, polio, rota, VIH, VHB, VHC.<\/p>\n<p>Certificat d&rsquo;enregistrement No. MZ 2554\/05, Produit biocide. cat. no. STERILHAND0-5p bouteille 5 l  <\/p>\n<p>Composition chimique<\/p>\n<p>Alcool \u00e9thylique 72% Alcool isopropylique 3% Alcool benzylique 1% Substances huileuses.<\/p>\n","protected":false},"excerpt":{"rendered":"<p>Pr\u00e9paration pour la d\u00e9sinfection chirurgicale et hygi\u00e9nique des mains. Sterihand est un d\u00e9sinfectant pour les mains \u00e0 base d&rsquo;alcool qui convient aux \u00e9tablissements de sant\u00e9, mais aussi aux \u00e9coles, aux cin\u00e9mas, aux grands lieux de travail, aux clubs et aux gymnases o\u00f9 les normes d&rsquo;hygi\u00e8ne doivent \u00eatre respect\u00e9es. D\u00e9sinfection hygi\u00e9nique des mains : Frottez 3 [&hellip;]<\/p>\n","protected":false},"featured_media":8115,"comment_status":"closed","ping_status":"open","template":"","meta":{"site-sidebar-layout":"default","site-content-layout":"","ast-site-content-layout":"default","site-content-style":"default","site-sidebar-style":"default","ast-global-header-display":"","ast-banner-title-visibility":"","ast-main-header-display":"","ast-hfb-above-header-display":"","ast-hfb-below-header-display":"","ast-hfb-mobile-header-display":"","site-post-title":"","ast-breadcrumbs-content":"","ast-featured-img":"","footer-sml-layout":"","ast-disable-related-posts":"","theme-transparent-header-meta":"","adv-header-id-meta":"","stick-header-meta":"","header-above-stick-meta":"","header-main-stick-meta":"","header-below-stick-meta":"","astra-migrate-meta-layouts":"default","ast-page-background-enabled":"default","ast-page-background-meta":{"desktop":{"background-color":"var(--ast-global-color-4)","background-image":"","background-repeat":"repeat","background-position":"center center","background-size":"auto","background-attachment":"scroll","background-type":"","background-media":"","overlay-type":"","overlay-color":"","overlay-opacity":"","overlay-gradient":""},"tablet":{"background-color":"","background-image":"","background-repeat":"repeat","background-position":"center center","background-size":"auto","background-attachment":"scroll","background-type":"","background-media":"","overlay-type":"","overlay-color":"","overlay-opacity":"","overlay-gradient":""},"mobile":{"background-color":"","background-image":"","background-repeat":"repeat","background-position":"center center","background-size":"auto","background-attachment":"scroll","background-type":"","background-media":"","overlay-type":"","overlay-color":"","overlay-opacity":"","overlay-gradient":""}},"ast-content-background-meta":{"desktop":{"background-color":"var(--ast-global-color-5)","background-image":"","background-repeat":"repeat","background-position":"center center","background-size":"auto","background-attachment":"scroll","background-type":"","background-media":"","overlay-type":"","overlay-color":"","overlay-opacity":"","overlay-gradient":""},"tablet":{"background-color":"var(--ast-global-color-5)","background-image":"","background-repeat":"repeat","background-position":"center center","background-size":"auto","background-attachment":"scroll","background-type":"","background-media":"","overlay-type":"","overlay-color":"","overlay-opacity":"","overlay-gradient":""},"mobile":{"background-color":"var(--ast-global-color-5)","background-image":"","background-repeat":"repeat","background-position":"center center","background-size":"auto","background-attachment":"scroll","background-type":"","background-media":"","overlay-type":"","overlay-color":"","overlay-opacity":"","overlay-gradient":""}}},"product_brand":[],"product_cat":[91],"product_tag":[],"class_list":{"0":"post-10311","1":"product","2":"type-product","3":"status-publish","4":"has-post-thumbnail","6":"product_cat-med-tattoo-fr","7":"desktop-align-left","8":"tablet-align-left","9":"mobile-align-left","10":"ast-product-gallery-layout-horizontal-slider","11":"ast-product-gallery-with-no-image","12":"ast-product-tabs-layout-distributed","14":"first","15":"instock","16":"purchasable","17":"product-type-simple"},"yoast_head":"<!-- This site is optimized with the Yoast SEO plugin v27.3 - https:\/\/yoast.com\/product\/yoast-seo-wordpress\/ -->\n<title>Sterillhand 1L pompe d\u00e9sinfectante pour les mains (\u00e9quivalent \u00e0 AHD, Velodes, Skinman) - MED.TATTOO<\/title>\n<meta name=\"robots\" content=\"index, follow, max-snippet:-1, max-image-preview:large, max-video-preview:-1\" \/>\n<link rel=\"canonical\" href=\"https:\/\/med.tattoo\/fr\/produit\/sterillhand-1l-pompe-desinfectante-pour-les-mains-equivalent-a-ahd-velodes-skinman\/\" \/>\n<meta property=\"og:locale\" content=\"fr_FR\" \/>\n<meta property=\"og:type\" content=\"article\" \/>\n<meta property=\"og:title\" content=\"Sterillhand 1L pompe d\u00e9sinfectante pour les mains (\u00e9quivalent \u00e0 AHD, Velodes, Skinman) - MED.TATTOO\" \/>\n<meta property=\"og:description\" content=\"Pr\u00e9paration pour la d\u00e9sinfection chirurgicale et hygi\u00e9nique des mains. Sterihand est un d\u00e9sinfectant pour les mains \u00e0 base d&rsquo;alcool qui convient aux \u00e9tablissements de sant\u00e9, mais aussi aux \u00e9coles, aux cin\u00e9mas, aux grands lieux de travail, aux clubs et aux gymnases o\u00f9 les normes d&rsquo;hygi\u00e8ne doivent \u00eatre respect\u00e9es. D\u00e9sinfection hygi\u00e9nique des mains : Frottez 3 [&hellip;]\" \/>\n<meta property=\"og:url\" content=\"https:\/\/med.tattoo\/fr\/produit\/sterillhand-1l-pompe-desinfectante-pour-les-mains-equivalent-a-ahd-velodes-skinman\/\" \/>\n<meta property=\"og:site_name\" content=\"MED.TATTOO\" \/>\n<meta property=\"article:publisher\" content=\"https:\/\/www.facebook.com\/profile.php?id=100084366705613\" \/>\n<meta name=\"twitter:card\" content=\"summary_large_image\" \/>\n<meta name=\"twitter:label1\" content=\"Dur\u00e9e de lecture estim\u00e9e\" \/>\n\t<meta name=\"twitter:data1\" content=\"1 minute\" \/>\n<script type=\"application\/ld+json\" class=\"yoast-schema-graph\">{\"@context\":\"https:\\\/\\\/schema.org\",\"@graph\":[{\"@type\":\"WebPage\",\"@id\":\"https:\\\/\\\/med.tattoo\\\/fr\\\/produit\\\/sterillhand-1l-pompe-desinfectante-pour-les-mains-equivalent-a-ahd-velodes-skinman\\\/\",\"url\":\"https:\\\/\\\/med.tattoo\\\/fr\\\/produit\\\/sterillhand-1l-pompe-desinfectante-pour-les-mains-equivalent-a-ahd-velodes-skinman\\\/\",\"name\":\"Sterillhand 1L pompe d\u00e9sinfectante pour les mains (\u00e9quivalent \u00e0 AHD, Velodes, Skinman) - MED.TATTOO\",\"isPartOf\":{\"@id\":\"https:\\\/\\\/med.tattoo\\\/fr\\\/#website\"},\"primaryImageOfPage\":{\"@id\":\"https:\\\/\\\/med.tattoo\\\/fr\\\/produit\\\/sterillhand-1l-pompe-desinfectante-pour-les-mains-equivalent-a-ahd-velodes-skinman\\\/#primaryimage\"},\"image\":{\"@id\":\"https:\\\/\\\/med.tattoo\\\/fr\\\/produit\\\/sterillhand-1l-pompe-desinfectante-pour-les-mains-equivalent-a-ahd-velodes-skinman\\\/#primaryimage\"},\"thumbnailUrl\":\"https:\\\/\\\/med.tattoo\\\/wp-content\\\/uploads\\\/2025\\\/05\\\/356_sterillhand-1l-z-pompka-plyn-do-dezynfekcji-rak_1744007032.jpg\",\"datePublished\":\"2025-05-15T05:31:03+00:00\",\"breadcrumb\":{\"@id\":\"https:\\\/\\\/med.tattoo\\\/fr\\\/produit\\\/sterillhand-1l-pompe-desinfectante-pour-les-mains-equivalent-a-ahd-velodes-skinman\\\/#breadcrumb\"},\"inLanguage\":\"fr-FR\",\"potentialAction\":[{\"@type\":\"ReadAction\",\"target\":[\"https:\\\/\\\/med.tattoo\\\/fr\\\/produit\\\/sterillhand-1l-pompe-desinfectante-pour-les-mains-equivalent-a-ahd-velodes-skinman\\\/\"]}]},{\"@type\":\"ImageObject\",\"inLanguage\":\"fr-FR\",\"@id\":\"https:\\\/\\\/med.tattoo\\\/fr\\\/produit\\\/sterillhand-1l-pompe-desinfectante-pour-les-mains-equivalent-a-ahd-velodes-skinman\\\/#primaryimage\",\"url\":\"https:\\\/\\\/med.tattoo\\\/wp-content\\\/uploads\\\/2025\\\/05\\\/356_sterillhand-1l-z-pompka-plyn-do-dezynfekcji-rak_1744007032.jpg\",\"contentUrl\":\"https:\\\/\\\/med.tattoo\\\/wp-content\\\/uploads\\\/2025\\\/05\\\/356_sterillhand-1l-z-pompka-plyn-do-dezynfekcji-rak_1744007032.jpg\",\"width\":375,\"height\":800},{\"@type\":\"BreadcrumbList\",\"@id\":\"https:\\\/\\\/med.tattoo\\\/fr\\\/produit\\\/sterillhand-1l-pompe-desinfectante-pour-les-mains-equivalent-a-ahd-velodes-skinman\\\/#breadcrumb\",\"itemListElement\":[{\"@type\":\"ListItem\",\"position\":1,\"name\":\"Strona G\u0142\u00f3wna\",\"item\":\"https:\\\/\\\/med.tattoo\\\/fr\\\/\"},{\"@type\":\"ListItem\",\"position\":2,\"name\":\"Boutique\",\"item\":\"https:\\\/\\\/med.tattoo\\\/fr\\\/boutique\\\/\"},{\"@type\":\"ListItem\",\"position\":3,\"name\":\"Sterillhand 1L pompe d\u00e9sinfectante pour les mains (\u00e9quivalent \u00e0 AHD, Velodes, Skinman)\"}]},{\"@type\":\"WebSite\",\"@id\":\"https:\\\/\\\/med.tattoo\\\/fr\\\/#website\",\"url\":\"https:\\\/\\\/med.tattoo\\\/fr\\\/\",\"name\":\"MED.TATTOO\",\"description\":\"Wszystko dla Twojego tatua\u017cu\",\"publisher\":{\"@id\":\"https:\\\/\\\/med.tattoo\\\/fr\\\/#organization\"},\"potentialAction\":[{\"@type\":\"SearchAction\",\"target\":{\"@type\":\"EntryPoint\",\"urlTemplate\":\"https:\\\/\\\/med.tattoo\\\/fr\\\/?s={search_term_string}\"},\"query-input\":{\"@type\":\"PropertyValueSpecification\",\"valueRequired\":true,\"valueName\":\"search_term_string\"}}],\"inLanguage\":\"fr-FR\"},{\"@type\":\"Organization\",\"@id\":\"https:\\\/\\\/med.tattoo\\\/fr\\\/#organization\",\"name\":\"MED.TATTOO\",\"url\":\"https:\\\/\\\/med.tattoo\\\/fr\\\/\",\"logo\":{\"@type\":\"ImageObject\",\"inLanguage\":\"fr-FR\",\"@id\":\"https:\\\/\\\/med.tattoo\\\/fr\\\/#\\\/schema\\\/logo\\\/image\\\/\",\"url\":\"https:\\\/\\\/med.tattoo\\\/wp-content\\\/uploads\\\/2025\\\/05\\\/Bez-tytulu-600S300-px-1-e1658908183800.png\",\"contentUrl\":\"https:\\\/\\\/med.tattoo\\\/wp-content\\\/uploads\\\/2025\\\/05\\\/Bez-tytulu-600S300-px-1-e1658908183800.png\",\"width\":600,\"height\":61,\"caption\":\"MED.TATTOO\"},\"image\":{\"@id\":\"https:\\\/\\\/med.tattoo\\\/fr\\\/#\\\/schema\\\/logo\\\/image\\\/\"},\"sameAs\":[\"https:\\\/\\\/www.facebook.com\\\/profile.php?id=100084366705613\",\"https:\\\/\\\/www.instagram.com\\\/med.tattoo_official\\\/\"]}]}<\/script>\n<!-- \/ Yoast SEO plugin. -->","yoast_head_json":{"title":"Sterillhand 1L pompe d\u00e9sinfectante pour les mains (\u00e9quivalent \u00e0 AHD, Velodes, Skinman) - MED.TATTOO","robots":{"index":"index","follow":"follow","max-snippet":"max-snippet:-1","max-image-preview":"max-image-preview:large","max-video-preview":"max-video-preview:-1"},"canonical":"https:\/\/med.tattoo\/fr\/produit\/sterillhand-1l-pompe-desinfectante-pour-les-mains-equivalent-a-ahd-velodes-skinman\/","og_locale":"fr_FR","og_type":"article","og_title":"Sterillhand 1L pompe d\u00e9sinfectante pour les mains (\u00e9quivalent \u00e0 AHD, Velodes, Skinman) - MED.TATTOO","og_description":"Pr\u00e9paration pour la d\u00e9sinfection chirurgicale et hygi\u00e9nique des mains. Sterihand est un d\u00e9sinfectant pour les mains \u00e0 base d&rsquo;alcool qui convient aux \u00e9tablissements de sant\u00e9, mais aussi aux \u00e9coles, aux cin\u00e9mas, aux grands lieux de travail, aux clubs et aux gymnases o\u00f9 les normes d&rsquo;hygi\u00e8ne doivent \u00eatre respect\u00e9es. D\u00e9sinfection hygi\u00e9nique des mains : Frottez 3 [&hellip;]","og_url":"https:\/\/med.tattoo\/fr\/produit\/sterillhand-1l-pompe-desinfectante-pour-les-mains-equivalent-a-ahd-velodes-skinman\/","og_site_name":"MED.TATTOO","article_publisher":"https:\/\/www.facebook.com\/profile.php?id=100084366705613","twitter_card":"summary_large_image","twitter_misc":{"Dur\u00e9e de lecture estim\u00e9e":"1 minute"},"schema":{"@context":"https:\/\/schema.org","@graph":[{"@type":"WebPage","@id":"https:\/\/med.tattoo\/fr\/produit\/sterillhand-1l-pompe-desinfectante-pour-les-mains-equivalent-a-ahd-velodes-skinman\/","url":"https:\/\/med.tattoo\/fr\/produit\/sterillhand-1l-pompe-desinfectante-pour-les-mains-equivalent-a-ahd-velodes-skinman\/","name":"Sterillhand 1L pompe d\u00e9sinfectante pour les mains (\u00e9quivalent \u00e0 AHD, Velodes, Skinman) - MED.TATTOO","isPartOf":{"@id":"https:\/\/med.tattoo\/fr\/#website"},"primaryImageOfPage":{"@id":"https:\/\/med.tattoo\/fr\/produit\/sterillhand-1l-pompe-desinfectante-pour-les-mains-equivalent-a-ahd-velodes-skinman\/#primaryimage"},"image":{"@id":"https:\/\/med.tattoo\/fr\/produit\/sterillhand-1l-pompe-desinfectante-pour-les-mains-equivalent-a-ahd-velodes-skinman\/#primaryimage"},"thumbnailUrl":"https:\/\/med.tattoo\/wp-content\/uploads\/2025\/05\/356_sterillhand-1l-z-pompka-plyn-do-dezynfekcji-rak_1744007032.jpg","datePublished":"2025-05-15T05:31:03+00:00","breadcrumb":{"@id":"https:\/\/med.tattoo\/fr\/produit\/sterillhand-1l-pompe-desinfectante-pour-les-mains-equivalent-a-ahd-velodes-skinman\/#breadcrumb"},"inLanguage":"fr-FR","potentialAction":[{"@type":"ReadAction","target":["https:\/\/med.tattoo\/fr\/produit\/sterillhand-1l-pompe-desinfectante-pour-les-mains-equivalent-a-ahd-velodes-skinman\/"]}]},{"@type":"ImageObject","inLanguage":"fr-FR","@id":"https:\/\/med.tattoo\/fr\/produit\/sterillhand-1l-pompe-desinfectante-pour-les-mains-equivalent-a-ahd-velodes-skinman\/#primaryimage","url":"https:\/\/med.tattoo\/wp-content\/uploads\/2025\/05\/356_sterillhand-1l-z-pompka-plyn-do-dezynfekcji-rak_1744007032.jpg","contentUrl":"https:\/\/med.tattoo\/wp-content\/uploads\/2025\/05\/356_sterillhand-1l-z-pompka-plyn-do-dezynfekcji-rak_1744007032.jpg","width":375,"height":800},{"@type":"BreadcrumbList","@id":"https:\/\/med.tattoo\/fr\/produit\/sterillhand-1l-pompe-desinfectante-pour-les-mains-equivalent-a-ahd-velodes-skinman\/#breadcrumb","itemListElement":[{"@type":"ListItem","position":1,"name":"Strona G\u0142\u00f3wna","item":"https:\/\/med.tattoo\/fr\/"},{"@type":"ListItem","position":2,"name":"Boutique","item":"https:\/\/med.tattoo\/fr\/boutique\/"},{"@type":"ListItem","position":3,"name":"Sterillhand 1L pompe d\u00e9sinfectante pour les mains (\u00e9quivalent \u00e0 AHD, Velodes, Skinman)"}]},{"@type":"WebSite","@id":"https:\/\/med.tattoo\/fr\/#website","url":"https:\/\/med.tattoo\/fr\/","name":"MED.TATTOO","description":"Wszystko dla Twojego tatua\u017cu","publisher":{"@id":"https:\/\/med.tattoo\/fr\/#organization"},"potentialAction":[{"@type":"SearchAction","target":{"@type":"EntryPoint","urlTemplate":"https:\/\/med.tattoo\/fr\/?s={search_term_string}"},"query-input":{"@type":"PropertyValueSpecification","valueRequired":true,"valueName":"search_term_string"}}],"inLanguage":"fr-FR"},{"@type":"Organization","@id":"https:\/\/med.tattoo\/fr\/#organization","name":"MED.TATTOO","url":"https:\/\/med.tattoo\/fr\/","logo":{"@type":"ImageObject","inLanguage":"fr-FR","@id":"https:\/\/med.tattoo\/fr\/#\/schema\/logo\/image\/","url":"https:\/\/med.tattoo\/wp-content\/uploads\/2025\/05\/Bez-tytulu-600S300-px-1-e1658908183800.png","contentUrl":"https:\/\/med.tattoo\/wp-content\/uploads\/2025\/05\/Bez-tytulu-600S300-px-1-e1658908183800.png","width":600,"height":61,"caption":"MED.TATTOO"},"image":{"@id":"https:\/\/med.tattoo\/fr\/#\/schema\/logo\/image\/"},"sameAs":["https:\/\/www.facebook.com\/profile.php?id=100084366705613","https:\/\/www.instagram.com\/med.tattoo_official\/"]}]}},"_links":{"self":[{"href":"https:\/\/med.tattoo\/fr\/wp-json\/wp\/v2\/product\/10311","targetHints":{"allow":["GET"]}}],"collection":[{"href":"https:\/\/med.tattoo\/fr\/wp-json\/wp\/v2\/product"}],"about":[{"href":"https:\/\/med.tattoo\/fr\/wp-json\/wp\/v2\/types\/product"}],"replies":[{"embeddable":true,"href":"https:\/\/med.tattoo\/fr\/wp-json\/wp\/v2\/comments?post=10311"}],"wp:featuredmedia":[{"embeddable":true,"href":"https:\/\/med.tattoo\/fr\/wp-json\/wp\/v2\/media\/8115"}],"wp:attachment":[{"href":"https:\/\/med.tattoo\/fr\/wp-json\/wp\/v2\/media?parent=10311"}],"wp:term":[{"taxonomy":"product_brand","embeddable":true,"href":"https:\/\/med.tattoo\/fr\/wp-json\/wp\/v2\/product_brand?post=10311"},{"taxonomy":"product_cat","embeddable":true,"href":"https:\/\/med.tattoo\/fr\/wp-json\/wp\/v2\/product_cat?post=10311"},{"taxonomy":"product_tag","embeddable":true,"href":"https:\/\/med.tattoo\/fr\/wp-json\/wp\/v2\/product_tag?post=10311"}],"curies":[{"name":"wp","href":"https:\/\/api.w.org\/{rel}","templated":true}]}}