{"id":4785,"date":"2025-01-31T22:46:35","date_gmt":"2025-01-31T21:46:35","guid":{"rendered":"https:\/\/med.tattoo\/produkt\/serviette-non-tissee-pliee-air-laid-30-33cm-50pcs\/"},"modified":"2025-05-15T09:44:02","modified_gmt":"2025-05-15T07:44:02","slug":"serviette-non-tissee-pliee-air-laid-30-33cm-50pcs","status":"publish","type":"product","link":"https:\/\/med.tattoo\/fr\/produit\/serviette-non-tissee-pliee-air-laid-30-33cm-50pcs\/","title":{"rendered":"Serviette non tiss\u00e9e pli\u00e9e AIR LAID 30* 33cm 50pcs"},"content":{"rendered":"<p>Serviettes en tissu \u00e9pais non tiss\u00e9.<\/p>\n<p>  M\u00eame mouill\u00e9, il ne se d\u00e9t\u00e9riore pas et ne se d\u00e9chire pas rapidement.<br \/>  Il absorbe l&rsquo;eau tr\u00e8s rapidement, en un clin d&rsquo;\u0153il.<br \/>  C&rsquo;est un produit qui fonctionne bien dans la coiffure, la cosm\u00e9tique, mais aussi dans l&rsquo;industrie ou le m\u00e9nage.<br \/>  Appr\u00e9ci\u00e9 lors des soins de manucure et de p\u00e9dicure gr\u00e2ce \u00e0 ses propri\u00e9t\u00e9s anti-poussi\u00e8re.<br \/>  Il est sans danger au contact de la peau, m\u00eame sensible ou allergique.<br \/>  Il est dot\u00e9 d&rsquo;un d\u00e9licat gaufrage en forme de vague, ce qui en renforce l&rsquo;esth\u00e9tique.<br \/>  Avec ces serviettes, vous \u00eates assur\u00e9 de travailler confortablement et de maintenir une hygi\u00e8ne et une s\u00e9curit\u00e9 de base.<\/p>\n","protected":false},"excerpt":{"rendered":"<p>Serviettes en tissu \u00e9pais non tiss\u00e9. M\u00eame mouill\u00e9, il ne se d\u00e9t\u00e9riore pas et ne se d\u00e9chire pas rapidement. Il absorbe l&rsquo;eau tr\u00e8s rapidement, en un clin d&rsquo;\u0153il. C&rsquo;est un produit qui fonctionne bien dans la coiffure, la cosm\u00e9tique, mais aussi dans l&rsquo;industrie ou le m\u00e9nage. Appr\u00e9ci\u00e9 lors des soins de manucure et de p\u00e9dicure [&hellip;]<\/p>\n","protected":false},"featured_media":8712,"comment_status":"open","ping_status":"closed","template":"","meta":{"site-sidebar-layout":"default","site-content-layout":"","ast-site-content-layout":"default","site-content-style":"default","site-sidebar-style":"default","ast-global-header-display":"","ast-banner-title-visibility":"","ast-main-header-display":"","ast-hfb-above-header-display":"","ast-hfb-below-header-display":"","ast-hfb-mobile-header-display":"","site-post-title":"","ast-breadcrumbs-content":"","ast-featured-img":"","footer-sml-layout":"","ast-disable-related-posts":"","theme-transparent-header-meta":"","adv-header-id-meta":"","stick-header-meta":"","header-above-stick-meta":"","header-main-stick-meta":"","header-below-stick-meta":"","astra-migrate-meta-layouts":"default","ast-page-background-enabled":"default","ast-page-background-meta":{"desktop":{"background-color":"var(--ast-global-color-4)","background-image":"","background-repeat":"repeat","background-position":"center center","background-size":"auto","background-attachment":"scroll","background-type":"","background-media":"","overlay-type":"","overlay-color":"","overlay-opacity":"","overlay-gradient":""},"tablet":{"background-color":"","background-image":"","background-repeat":"repeat","background-position":"center center","background-size":"auto","background-attachment":"scroll","background-type":"","background-media":"","overlay-type":"","overlay-color":"","overlay-opacity":"","overlay-gradient":""},"mobile":{"background-color":"","background-image":"","background-repeat":"repeat","background-position":"center center","background-size":"auto","background-attachment":"scroll","background-type":"","background-media":"","overlay-type":"","overlay-color":"","overlay-opacity":"","overlay-gradient":""}},"ast-content-background-meta":{"desktop":{"background-color":"var(--ast-global-color-5)","background-image":"","background-repeat":"repeat","background-position":"center center","background-size":"auto","background-attachment":"scroll","background-type":"","background-media":"","overlay-type":"","overlay-color":"","overlay-opacity":"","overlay-gradient":""},"tablet":{"background-color":"var(--ast-global-color-5)","background-image":"","background-repeat":"repeat","background-position":"center center","background-size":"auto","background-attachment":"scroll","background-type":"","background-media":"","overlay-type":"","overlay-color":"","overlay-opacity":"","overlay-gradient":""},"mobile":{"background-color":"var(--ast-global-color-5)","background-image":"","background-repeat":"repeat","background-position":"center center","background-size":"auto","background-attachment":"scroll","background-type":"","background-media":"","overlay-type":"","overlay-color":"","overlay-opacity":"","overlay-gradient":""}}},"product_brand":[],"product_cat":[91],"product_tag":[],"class_list":{"0":"post-4785","1":"product","2":"type-product","3":"status-publish","4":"has-post-thumbnail","6":"product_cat-med-tattoo-fr","7":"desktop-align-left","8":"tablet-align-left","9":"mobile-align-left","10":"ast-product-gallery-layout-horizontal-slider","11":"ast-product-tabs-layout-distributed","13":"first","14":"instock","15":"taxable","16":"shipping-taxable","17":"purchasable","18":"product-type-simple"},"yoast_head":"<!-- This site is optimized with the Yoast SEO plugin v27.3 - https:\/\/yoast.com\/product\/yoast-seo-wordpress\/ -->\n<title>Serviette non tiss\u00e9e pli\u00e9e AIR LAID 30* 33cm 50pcs - MED.TATTOO<\/title>\n<meta name=\"robots\" content=\"index, follow, max-snippet:-1, max-image-preview:large, max-video-preview:-1\" \/>\n<link rel=\"canonical\" href=\"https:\/\/med.tattoo\/fr\/produit\/serviette-non-tissee-pliee-air-laid-30-33cm-50pcs\/\" \/>\n<meta property=\"og:locale\" content=\"fr_FR\" \/>\n<meta property=\"og:type\" content=\"article\" \/>\n<meta property=\"og:title\" content=\"Serviette non tiss\u00e9e pli\u00e9e AIR LAID 30* 33cm 50pcs - MED.TATTOO\" \/>\n<meta property=\"og:description\" content=\"Serviettes en tissu \u00e9pais non tiss\u00e9. M\u00eame mouill\u00e9, il ne se d\u00e9t\u00e9riore pas et ne se d\u00e9chire pas rapidement. Il absorbe l&rsquo;eau tr\u00e8s rapidement, en un clin d&rsquo;\u0153il. C&rsquo;est un produit qui fonctionne bien dans la coiffure, la cosm\u00e9tique, mais aussi dans l&rsquo;industrie ou le m\u00e9nage. Appr\u00e9ci\u00e9 lors des soins de manucure et de p\u00e9dicure [&hellip;]\" \/>\n<meta property=\"og:url\" content=\"https:\/\/med.tattoo\/fr\/produit\/serviette-non-tissee-pliee-air-laid-30-33cm-50pcs\/\" \/>\n<meta property=\"og:site_name\" content=\"MED.TATTOO\" \/>\n<meta property=\"article:publisher\" content=\"https:\/\/www.facebook.com\/profile.php?id=100084366705613\" \/>\n<meta property=\"article:modified_time\" content=\"2025-05-15T07:44:02+00:00\" \/>\n<meta property=\"og:image\" content=\"https:\/\/med.tattoo\/wp-content\/uploads\/2025\/05\/2119_recznik-air-laid-skladany-wlokninowy-30-33cm-50sz_1742990460.jpg\" \/>\n\t<meta property=\"og:image:width\" content=\"775\" \/>\n\t<meta property=\"og:image:height\" content=\"600\" \/>\n\t<meta property=\"og:image:type\" content=\"image\/jpeg\" \/>\n<meta name=\"twitter:card\" content=\"summary_large_image\" \/>\n<meta name=\"twitter:label1\" content=\"Dur\u00e9e de lecture estim\u00e9e\" \/>\n\t<meta name=\"twitter:data1\" content=\"1 minute\" \/>\n<script type=\"application\/ld+json\" class=\"yoast-schema-graph\">{\"@context\":\"https:\\\/\\\/schema.org\",\"@graph\":[{\"@type\":\"WebPage\",\"@id\":\"https:\\\/\\\/med.tattoo\\\/fr\\\/produit\\\/serviette-non-tissee-pliee-air-laid-30-33cm-50pcs\\\/\",\"url\":\"https:\\\/\\\/med.tattoo\\\/fr\\\/produit\\\/serviette-non-tissee-pliee-air-laid-30-33cm-50pcs\\\/\",\"name\":\"Serviette non tiss\u00e9e pli\u00e9e AIR LAID 30* 33cm 50pcs - MED.TATTOO\",\"isPartOf\":{\"@id\":\"https:\\\/\\\/med.tattoo\\\/fr\\\/#website\"},\"primaryImageOfPage\":{\"@id\":\"https:\\\/\\\/med.tattoo\\\/fr\\\/produit\\\/serviette-non-tissee-pliee-air-laid-30-33cm-50pcs\\\/#primaryimage\"},\"image\":{\"@id\":\"https:\\\/\\\/med.tattoo\\\/fr\\\/produit\\\/serviette-non-tissee-pliee-air-laid-30-33cm-50pcs\\\/#primaryimage\"},\"thumbnailUrl\":\"https:\\\/\\\/med.tattoo\\\/wp-content\\\/uploads\\\/2025\\\/05\\\/2119_recznik-air-laid-skladany-wlokninowy-30-33cm-50sz_1742990460.jpg\",\"datePublished\":\"2025-01-31T21:46:35+00:00\",\"dateModified\":\"2025-05-15T07:44:02+00:00\",\"breadcrumb\":{\"@id\":\"https:\\\/\\\/med.tattoo\\\/fr\\\/produit\\\/serviette-non-tissee-pliee-air-laid-30-33cm-50pcs\\\/#breadcrumb\"},\"inLanguage\":\"fr-FR\",\"potentialAction\":[{\"@type\":\"ReadAction\",\"target\":[\"https:\\\/\\\/med.tattoo\\\/fr\\\/produit\\\/serviette-non-tissee-pliee-air-laid-30-33cm-50pcs\\\/\"]}]},{\"@type\":\"ImageObject\",\"inLanguage\":\"fr-FR\",\"@id\":\"https:\\\/\\\/med.tattoo\\\/fr\\\/produit\\\/serviette-non-tissee-pliee-air-laid-30-33cm-50pcs\\\/#primaryimage\",\"url\":\"https:\\\/\\\/med.tattoo\\\/wp-content\\\/uploads\\\/2025\\\/05\\\/2119_recznik-air-laid-skladany-wlokninowy-30-33cm-50sz_1742990460.jpg\",\"contentUrl\":\"https:\\\/\\\/med.tattoo\\\/wp-content\\\/uploads\\\/2025\\\/05\\\/2119_recznik-air-laid-skladany-wlokninowy-30-33cm-50sz_1742990460.jpg\",\"width\":775,\"height\":600},{\"@type\":\"BreadcrumbList\",\"@id\":\"https:\\\/\\\/med.tattoo\\\/fr\\\/produit\\\/serviette-non-tissee-pliee-air-laid-30-33cm-50pcs\\\/#breadcrumb\",\"itemListElement\":[{\"@type\":\"ListItem\",\"position\":1,\"name\":\"Strona G\u0142\u00f3wna\",\"item\":\"https:\\\/\\\/med.tattoo\\\/fr\\\/\"},{\"@type\":\"ListItem\",\"position\":2,\"name\":\"Boutique\",\"item\":\"https:\\\/\\\/med.tattoo\\\/fr\\\/boutique\\\/\"},{\"@type\":\"ListItem\",\"position\":3,\"name\":\"Serviette non tiss\u00e9e pli\u00e9e AIR LAID 30* 33cm 50pcs\"}]},{\"@type\":\"WebSite\",\"@id\":\"https:\\\/\\\/med.tattoo\\\/fr\\\/#website\",\"url\":\"https:\\\/\\\/med.tattoo\\\/fr\\\/\",\"name\":\"MED.TATTOO\",\"description\":\"Wszystko dla Twojego tatua\u017cu\",\"publisher\":{\"@id\":\"https:\\\/\\\/med.tattoo\\\/fr\\\/#organization\"},\"potentialAction\":[{\"@type\":\"SearchAction\",\"target\":{\"@type\":\"EntryPoint\",\"urlTemplate\":\"https:\\\/\\\/med.tattoo\\\/fr\\\/?s={search_term_string}\"},\"query-input\":{\"@type\":\"PropertyValueSpecification\",\"valueRequired\":true,\"valueName\":\"search_term_string\"}}],\"inLanguage\":\"fr-FR\"},{\"@type\":\"Organization\",\"@id\":\"https:\\\/\\\/med.tattoo\\\/fr\\\/#organization\",\"name\":\"MED.TATTOO\",\"url\":\"https:\\\/\\\/med.tattoo\\\/fr\\\/\",\"logo\":{\"@type\":\"ImageObject\",\"inLanguage\":\"fr-FR\",\"@id\":\"https:\\\/\\\/med.tattoo\\\/fr\\\/#\\\/schema\\\/logo\\\/image\\\/\",\"url\":\"https:\\\/\\\/med.tattoo\\\/wp-content\\\/uploads\\\/2025\\\/05\\\/Bez-tytulu-600S300-px-1-e1658908183800.png\",\"contentUrl\":\"https:\\\/\\\/med.tattoo\\\/wp-content\\\/uploads\\\/2025\\\/05\\\/Bez-tytulu-600S300-px-1-e1658908183800.png\",\"width\":600,\"height\":61,\"caption\":\"MED.TATTOO\"},\"image\":{\"@id\":\"https:\\\/\\\/med.tattoo\\\/fr\\\/#\\\/schema\\\/logo\\\/image\\\/\"},\"sameAs\":[\"https:\\\/\\\/www.facebook.com\\\/profile.php?id=100084366705613\",\"https:\\\/\\\/www.instagram.com\\\/med.tattoo_official\\\/\"]}]}<\/script>\n<!-- \/ Yoast SEO plugin. -->","yoast_head_json":{"title":"Serviette non tiss\u00e9e pli\u00e9e AIR LAID 30* 33cm 50pcs - MED.TATTOO","robots":{"index":"index","follow":"follow","max-snippet":"max-snippet:-1","max-image-preview":"max-image-preview:large","max-video-preview":"max-video-preview:-1"},"canonical":"https:\/\/med.tattoo\/fr\/produit\/serviette-non-tissee-pliee-air-laid-30-33cm-50pcs\/","og_locale":"fr_FR","og_type":"article","og_title":"Serviette non tiss\u00e9e pli\u00e9e AIR LAID 30* 33cm 50pcs - MED.TATTOO","og_description":"Serviettes en tissu \u00e9pais non tiss\u00e9. M\u00eame mouill\u00e9, il ne se d\u00e9t\u00e9riore pas et ne se d\u00e9chire pas rapidement. Il absorbe l&rsquo;eau tr\u00e8s rapidement, en un clin d&rsquo;\u0153il. C&rsquo;est un produit qui fonctionne bien dans la coiffure, la cosm\u00e9tique, mais aussi dans l&rsquo;industrie ou le m\u00e9nage. Appr\u00e9ci\u00e9 lors des soins de manucure et de p\u00e9dicure [&hellip;]","og_url":"https:\/\/med.tattoo\/fr\/produit\/serviette-non-tissee-pliee-air-laid-30-33cm-50pcs\/","og_site_name":"MED.TATTOO","article_publisher":"https:\/\/www.facebook.com\/profile.php?id=100084366705613","article_modified_time":"2025-05-15T07:44:02+00:00","og_image":[{"width":775,"height":600,"url":"https:\/\/med.tattoo\/wp-content\/uploads\/2025\/05\/2119_recznik-air-laid-skladany-wlokninowy-30-33cm-50sz_1742990460.jpg","type":"image\/jpeg"}],"twitter_card":"summary_large_image","twitter_misc":{"Dur\u00e9e de lecture estim\u00e9e":"1 minute"},"schema":{"@context":"https:\/\/schema.org","@graph":[{"@type":"WebPage","@id":"https:\/\/med.tattoo\/fr\/produit\/serviette-non-tissee-pliee-air-laid-30-33cm-50pcs\/","url":"https:\/\/med.tattoo\/fr\/produit\/serviette-non-tissee-pliee-air-laid-30-33cm-50pcs\/","name":"Serviette non tiss\u00e9e pli\u00e9e AIR LAID 30* 33cm 50pcs - MED.TATTOO","isPartOf":{"@id":"https:\/\/med.tattoo\/fr\/#website"},"primaryImageOfPage":{"@id":"https:\/\/med.tattoo\/fr\/produit\/serviette-non-tissee-pliee-air-laid-30-33cm-50pcs\/#primaryimage"},"image":{"@id":"https:\/\/med.tattoo\/fr\/produit\/serviette-non-tissee-pliee-air-laid-30-33cm-50pcs\/#primaryimage"},"thumbnailUrl":"https:\/\/med.tattoo\/wp-content\/uploads\/2025\/05\/2119_recznik-air-laid-skladany-wlokninowy-30-33cm-50sz_1742990460.jpg","datePublished":"2025-01-31T21:46:35+00:00","dateModified":"2025-05-15T07:44:02+00:00","breadcrumb":{"@id":"https:\/\/med.tattoo\/fr\/produit\/serviette-non-tissee-pliee-air-laid-30-33cm-50pcs\/#breadcrumb"},"inLanguage":"fr-FR","potentialAction":[{"@type":"ReadAction","target":["https:\/\/med.tattoo\/fr\/produit\/serviette-non-tissee-pliee-air-laid-30-33cm-50pcs\/"]}]},{"@type":"ImageObject","inLanguage":"fr-FR","@id":"https:\/\/med.tattoo\/fr\/produit\/serviette-non-tissee-pliee-air-laid-30-33cm-50pcs\/#primaryimage","url":"https:\/\/med.tattoo\/wp-content\/uploads\/2025\/05\/2119_recznik-air-laid-skladany-wlokninowy-30-33cm-50sz_1742990460.jpg","contentUrl":"https:\/\/med.tattoo\/wp-content\/uploads\/2025\/05\/2119_recznik-air-laid-skladany-wlokninowy-30-33cm-50sz_1742990460.jpg","width":775,"height":600},{"@type":"BreadcrumbList","@id":"https:\/\/med.tattoo\/fr\/produit\/serviette-non-tissee-pliee-air-laid-30-33cm-50pcs\/#breadcrumb","itemListElement":[{"@type":"ListItem","position":1,"name":"Strona G\u0142\u00f3wna","item":"https:\/\/med.tattoo\/fr\/"},{"@type":"ListItem","position":2,"name":"Boutique","item":"https:\/\/med.tattoo\/fr\/boutique\/"},{"@type":"ListItem","position":3,"name":"Serviette non tiss\u00e9e pli\u00e9e AIR LAID 30* 33cm 50pcs"}]},{"@type":"WebSite","@id":"https:\/\/med.tattoo\/fr\/#website","url":"https:\/\/med.tattoo\/fr\/","name":"MED.TATTOO","description":"Wszystko dla Twojego tatua\u017cu","publisher":{"@id":"https:\/\/med.tattoo\/fr\/#organization"},"potentialAction":[{"@type":"SearchAction","target":{"@type":"EntryPoint","urlTemplate":"https:\/\/med.tattoo\/fr\/?s={search_term_string}"},"query-input":{"@type":"PropertyValueSpecification","valueRequired":true,"valueName":"search_term_string"}}],"inLanguage":"fr-FR"},{"@type":"Organization","@id":"https:\/\/med.tattoo\/fr\/#organization","name":"MED.TATTOO","url":"https:\/\/med.tattoo\/fr\/","logo":{"@type":"ImageObject","inLanguage":"fr-FR","@id":"https:\/\/med.tattoo\/fr\/#\/schema\/logo\/image\/","url":"https:\/\/med.tattoo\/wp-content\/uploads\/2025\/05\/Bez-tytulu-600S300-px-1-e1658908183800.png","contentUrl":"https:\/\/med.tattoo\/wp-content\/uploads\/2025\/05\/Bez-tytulu-600S300-px-1-e1658908183800.png","width":600,"height":61,"caption":"MED.TATTOO"},"image":{"@id":"https:\/\/med.tattoo\/fr\/#\/schema\/logo\/image\/"},"sameAs":["https:\/\/www.facebook.com\/profile.php?id=100084366705613","https:\/\/www.instagram.com\/med.tattoo_official\/"]}]}},"_links":{"self":[{"href":"https:\/\/med.tattoo\/fr\/wp-json\/wp\/v2\/product\/4785","targetHints":{"allow":["GET"]}}],"collection":[{"href":"https:\/\/med.tattoo\/fr\/wp-json\/wp\/v2\/product"}],"about":[{"href":"https:\/\/med.tattoo\/fr\/wp-json\/wp\/v2\/types\/product"}],"replies":[{"embeddable":true,"href":"https:\/\/med.tattoo\/fr\/wp-json\/wp\/v2\/comments?post=4785"}],"wp:featuredmedia":[{"embeddable":true,"href":"https:\/\/med.tattoo\/fr\/wp-json\/wp\/v2\/media\/8712"}],"wp:attachment":[{"href":"https:\/\/med.tattoo\/fr\/wp-json\/wp\/v2\/media?parent=4785"}],"wp:term":[{"taxonomy":"product_brand","embeddable":true,"href":"https:\/\/med.tattoo\/fr\/wp-json\/wp\/v2\/product_brand?post=4785"},{"taxonomy":"product_cat","embeddable":true,"href":"https:\/\/med.tattoo\/fr\/wp-json\/wp\/v2\/product_cat?post=4785"},{"taxonomy":"product_tag","embeddable":true,"href":"https:\/\/med.tattoo\/fr\/wp-json\/wp\/v2\/product_tag?post=4785"}],"curies":[{"name":"wp","href":"https:\/\/api.w.org\/{rel}","templated":true}]}}