{"id":4816,"date":"2025-01-31T22:47:10","date_gmt":"2025-01-31T21:47:10","guid":{"rendered":"https:\/\/med.tattoo\/produkt\/marqueur-chirurgical-pour-la-peau-double-face-1pc\/"},"modified":"2025-05-15T09:38:55","modified_gmt":"2025-05-15T07:38:55","slug":"marqueur-chirurgical-pour-la-peau-double-face-1pc","status":"publish","type":"product","link":"https:\/\/med.tattoo\/fr\/produit\/marqueur-chirurgical-pour-la-peau-double-face-1pc\/","title":{"rendered":"Marqueur chirurgical pour la peau double face 1pc"},"content":{"rendered":"<p>Marqueur m\u00e9dical double face pour le marquage de la peau avec r\u00e8gle, st\u00e9rile<\/p>\n<p>Couleur : violet<\/p>\n<p>St\u00e9rile : oui<\/p>\n<p>Embout : standard 1,0 mm + fin 0,5 mm<\/p>\n<p>Marqueur chirurgical st\u00e9rile \u00e0 double pointe. Con\u00e7u pour marquer les zones s\u00e9lectionn\u00e9es avant et pendant les interventions. Le marqueur est clairement visible sur la peau et la r\u00e8gle flexible incluse permet de dessiner facilement des contours pr\u00e9cis. L&rsquo;encre utilis\u00e9e s\u00e8che rapidement, ne fait pas de bavures, n&rsquo;irrite pas la peau et n&rsquo;est pas toxique. Il est id\u00e9al pour une utilisation en chirurgie plastique, en dermatologie ou dans les instituts de beaut\u00e9 pour le maquillage parmanent.    <\/p>\n<p>Propri\u00e9t\u00e9s :<\/p>\n<p>Double marqueur chirurgical<br \/>pointes de 1,0 mm et 0,5 mm d&rsquo;\u00e9paisseur<br \/>encre violette (solution de gentiane) tr\u00e8s visible et \u00e0 s\u00e9chage rapide<br \/>ne tache pas et n&rsquo;irrite pas la peau<br \/>non toxique<br \/>r\u00e8gle flexible incluse (mesures m\u00e9triques et imp\u00e9riales)<br \/>peut \u00eatre enlev\u00e9e avec des produits \u00e0 base d&rsquo;alcool<br \/>produit st\u00e9rile et jetable<br \/>emballage : papier-foil<\/p>\n","protected":false},"excerpt":{"rendered":"<p>Marqueur m\u00e9dical double face pour le marquage de la peau avec r\u00e8gle, st\u00e9rile Couleur : violet St\u00e9rile : oui Embout : standard 1,0 mm + fin 0,5 mm Marqueur chirurgical st\u00e9rile \u00e0 double pointe. Con\u00e7u pour marquer les zones s\u00e9lectionn\u00e9es avant et pendant les interventions. Le marqueur est clairement visible sur la peau et la [&hellip;]<\/p>\n","protected":false},"featured_media":8739,"comment_status":"open","ping_status":"closed","template":"","meta":{"site-sidebar-layout":"default","site-content-layout":"","ast-site-content-layout":"default","site-content-style":"default","site-sidebar-style":"default","ast-global-header-display":"","ast-banner-title-visibility":"","ast-main-header-display":"","ast-hfb-above-header-display":"","ast-hfb-below-header-display":"","ast-hfb-mobile-header-display":"","site-post-title":"","ast-breadcrumbs-content":"","ast-featured-img":"","footer-sml-layout":"","ast-disable-related-posts":"","theme-transparent-header-meta":"","adv-header-id-meta":"","stick-header-meta":"","header-above-stick-meta":"","header-main-stick-meta":"","header-below-stick-meta":"","astra-migrate-meta-layouts":"default","ast-page-background-enabled":"default","ast-page-background-meta":{"desktop":{"background-color":"var(--ast-global-color-4)","background-image":"","background-repeat":"repeat","background-position":"center center","background-size":"auto","background-attachment":"scroll","background-type":"","background-media":"","overlay-type":"","overlay-color":"","overlay-opacity":"","overlay-gradient":""},"tablet":{"background-color":"","background-image":"","background-repeat":"repeat","background-position":"center center","background-size":"auto","background-attachment":"scroll","background-type":"","background-media":"","overlay-type":"","overlay-color":"","overlay-opacity":"","overlay-gradient":""},"mobile":{"background-color":"","background-image":"","background-repeat":"repeat","background-position":"center center","background-size":"auto","background-attachment":"scroll","background-type":"","background-media":"","overlay-type":"","overlay-color":"","overlay-opacity":"","overlay-gradient":""}},"ast-content-background-meta":{"desktop":{"background-color":"var(--ast-global-color-5)","background-image":"","background-repeat":"repeat","background-position":"center center","background-size":"auto","background-attachment":"scroll","background-type":"","background-media":"","overlay-type":"","overlay-color":"","overlay-opacity":"","overlay-gradient":""},"tablet":{"background-color":"var(--ast-global-color-5)","background-image":"","background-repeat":"repeat","background-position":"center center","background-size":"auto","background-attachment":"scroll","background-type":"","background-media":"","overlay-type":"","overlay-color":"","overlay-opacity":"","overlay-gradient":""},"mobile":{"background-color":"var(--ast-global-color-5)","background-image":"","background-repeat":"repeat","background-position":"center center","background-size":"auto","background-attachment":"scroll","background-type":"","background-media":"","overlay-type":"","overlay-color":"","overlay-opacity":"","overlay-gradient":""}}},"product_brand":[],"product_cat":[91],"product_tag":[],"class_list":{"0":"post-4816","1":"product","2":"type-product","3":"status-publish","4":"has-post-thumbnail","6":"product_cat-med-tattoo-fr","7":"desktop-align-left","8":"tablet-align-left","9":"mobile-align-left","10":"ast-product-gallery-layout-horizontal-slider","11":"ast-product-tabs-layout-distributed","13":"first","14":"instock","15":"taxable","16":"shipping-taxable","17":"purchasable","18":"product-type-simple"},"yoast_head":"<!-- This site is optimized with the Yoast SEO plugin v27.3 - https:\/\/yoast.com\/product\/yoast-seo-wordpress\/ -->\n<title>Marqueur chirurgical pour la peau double face 1pc - MED.TATTOO<\/title>\n<meta name=\"robots\" content=\"index, follow, max-snippet:-1, max-image-preview:large, max-video-preview:-1\" \/>\n<link rel=\"canonical\" href=\"https:\/\/med.tattoo\/fr\/produit\/marqueur-chirurgical-pour-la-peau-double-face-1pc\/\" \/>\n<meta property=\"og:locale\" content=\"fr_FR\" \/>\n<meta property=\"og:type\" content=\"article\" \/>\n<meta property=\"og:title\" content=\"Marqueur chirurgical pour la peau double face 1pc - MED.TATTOO\" \/>\n<meta property=\"og:description\" content=\"Marqueur m\u00e9dical double face pour le marquage de la peau avec r\u00e8gle, st\u00e9rile Couleur : violet St\u00e9rile : oui Embout : standard 1,0 mm + fin 0,5 mm Marqueur chirurgical st\u00e9rile \u00e0 double pointe. Con\u00e7u pour marquer les zones s\u00e9lectionn\u00e9es avant et pendant les interventions. Le marqueur est clairement visible sur la peau et la [&hellip;]\" \/>\n<meta property=\"og:url\" content=\"https:\/\/med.tattoo\/fr\/produit\/marqueur-chirurgical-pour-la-peau-double-face-1pc\/\" \/>\n<meta property=\"og:site_name\" content=\"MED.TATTOO\" \/>\n<meta property=\"article:publisher\" content=\"https:\/\/www.facebook.com\/profile.php?id=100084366705613\" \/>\n<meta property=\"article:modified_time\" content=\"2025-05-15T07:38:55+00:00\" \/>\n<meta property=\"og:image\" content=\"https:\/\/med.tattoo\/wp-content\/uploads\/2025\/05\/2188_marker-chirurgiczny-do-skory-dwustronny-1szt_1742990451.jpg\" \/>\n\t<meta property=\"og:image:width\" content=\"800\" \/>\n\t<meta property=\"og:image:height\" content=\"329\" \/>\n\t<meta property=\"og:image:type\" content=\"image\/jpeg\" \/>\n<meta name=\"twitter:card\" content=\"summary_large_image\" \/>\n<meta name=\"twitter:label1\" content=\"Dur\u00e9e de lecture estim\u00e9e\" \/>\n\t<meta name=\"twitter:data1\" content=\"1 minute\" \/>\n<script type=\"application\/ld+json\" class=\"yoast-schema-graph\">{\"@context\":\"https:\\\/\\\/schema.org\",\"@graph\":[{\"@type\":\"WebPage\",\"@id\":\"https:\\\/\\\/med.tattoo\\\/fr\\\/produit\\\/marqueur-chirurgical-pour-la-peau-double-face-1pc\\\/\",\"url\":\"https:\\\/\\\/med.tattoo\\\/fr\\\/produit\\\/marqueur-chirurgical-pour-la-peau-double-face-1pc\\\/\",\"name\":\"Marqueur chirurgical pour la peau double face 1pc - MED.TATTOO\",\"isPartOf\":{\"@id\":\"https:\\\/\\\/med.tattoo\\\/fr\\\/#website\"},\"primaryImageOfPage\":{\"@id\":\"https:\\\/\\\/med.tattoo\\\/fr\\\/produit\\\/marqueur-chirurgical-pour-la-peau-double-face-1pc\\\/#primaryimage\"},\"image\":{\"@id\":\"https:\\\/\\\/med.tattoo\\\/fr\\\/produit\\\/marqueur-chirurgical-pour-la-peau-double-face-1pc\\\/#primaryimage\"},\"thumbnailUrl\":\"https:\\\/\\\/med.tattoo\\\/wp-content\\\/uploads\\\/2025\\\/05\\\/2188_marker-chirurgiczny-do-skory-dwustronny-1szt_1742990451.jpg\",\"datePublished\":\"2025-01-31T21:47:10+00:00\",\"dateModified\":\"2025-05-15T07:38:55+00:00\",\"breadcrumb\":{\"@id\":\"https:\\\/\\\/med.tattoo\\\/fr\\\/produit\\\/marqueur-chirurgical-pour-la-peau-double-face-1pc\\\/#breadcrumb\"},\"inLanguage\":\"fr-FR\",\"potentialAction\":[{\"@type\":\"ReadAction\",\"target\":[\"https:\\\/\\\/med.tattoo\\\/fr\\\/produit\\\/marqueur-chirurgical-pour-la-peau-double-face-1pc\\\/\"]}]},{\"@type\":\"ImageObject\",\"inLanguage\":\"fr-FR\",\"@id\":\"https:\\\/\\\/med.tattoo\\\/fr\\\/produit\\\/marqueur-chirurgical-pour-la-peau-double-face-1pc\\\/#primaryimage\",\"url\":\"https:\\\/\\\/med.tattoo\\\/wp-content\\\/uploads\\\/2025\\\/05\\\/2188_marker-chirurgiczny-do-skory-dwustronny-1szt_1742990451.jpg\",\"contentUrl\":\"https:\\\/\\\/med.tattoo\\\/wp-content\\\/uploads\\\/2025\\\/05\\\/2188_marker-chirurgiczny-do-skory-dwustronny-1szt_1742990451.jpg\",\"width\":800,\"height\":329},{\"@type\":\"BreadcrumbList\",\"@id\":\"https:\\\/\\\/med.tattoo\\\/fr\\\/produit\\\/marqueur-chirurgical-pour-la-peau-double-face-1pc\\\/#breadcrumb\",\"itemListElement\":[{\"@type\":\"ListItem\",\"position\":1,\"name\":\"Strona G\u0142\u00f3wna\",\"item\":\"https:\\\/\\\/med.tattoo\\\/fr\\\/\"},{\"@type\":\"ListItem\",\"position\":2,\"name\":\"Boutique\",\"item\":\"https:\\\/\\\/med.tattoo\\\/fr\\\/boutique\\\/\"},{\"@type\":\"ListItem\",\"position\":3,\"name\":\"Marqueur chirurgical pour la peau double face 1pc\"}]},{\"@type\":\"WebSite\",\"@id\":\"https:\\\/\\\/med.tattoo\\\/fr\\\/#website\",\"url\":\"https:\\\/\\\/med.tattoo\\\/fr\\\/\",\"name\":\"MED.TATTOO\",\"description\":\"Wszystko dla Twojego tatua\u017cu\",\"publisher\":{\"@id\":\"https:\\\/\\\/med.tattoo\\\/fr\\\/#organization\"},\"potentialAction\":[{\"@type\":\"SearchAction\",\"target\":{\"@type\":\"EntryPoint\",\"urlTemplate\":\"https:\\\/\\\/med.tattoo\\\/fr\\\/?s={search_term_string}\"},\"query-input\":{\"@type\":\"PropertyValueSpecification\",\"valueRequired\":true,\"valueName\":\"search_term_string\"}}],\"inLanguage\":\"fr-FR\"},{\"@type\":\"Organization\",\"@id\":\"https:\\\/\\\/med.tattoo\\\/fr\\\/#organization\",\"name\":\"MED.TATTOO\",\"url\":\"https:\\\/\\\/med.tattoo\\\/fr\\\/\",\"logo\":{\"@type\":\"ImageObject\",\"inLanguage\":\"fr-FR\",\"@id\":\"https:\\\/\\\/med.tattoo\\\/fr\\\/#\\\/schema\\\/logo\\\/image\\\/\",\"url\":\"https:\\\/\\\/med.tattoo\\\/wp-content\\\/uploads\\\/2025\\\/05\\\/Bez-tytulu-600S300-px-1-e1658908183800.png\",\"contentUrl\":\"https:\\\/\\\/med.tattoo\\\/wp-content\\\/uploads\\\/2025\\\/05\\\/Bez-tytulu-600S300-px-1-e1658908183800.png\",\"width\":600,\"height\":61,\"caption\":\"MED.TATTOO\"},\"image\":{\"@id\":\"https:\\\/\\\/med.tattoo\\\/fr\\\/#\\\/schema\\\/logo\\\/image\\\/\"},\"sameAs\":[\"https:\\\/\\\/www.facebook.com\\\/profile.php?id=100084366705613\",\"https:\\\/\\\/www.instagram.com\\\/med.tattoo_official\\\/\"]}]}<\/script>\n<!-- \/ Yoast SEO plugin. -->","yoast_head_json":{"title":"Marqueur chirurgical pour la peau double face 1pc - MED.TATTOO","robots":{"index":"index","follow":"follow","max-snippet":"max-snippet:-1","max-image-preview":"max-image-preview:large","max-video-preview":"max-video-preview:-1"},"canonical":"https:\/\/med.tattoo\/fr\/produit\/marqueur-chirurgical-pour-la-peau-double-face-1pc\/","og_locale":"fr_FR","og_type":"article","og_title":"Marqueur chirurgical pour la peau double face 1pc - MED.TATTOO","og_description":"Marqueur m\u00e9dical double face pour le marquage de la peau avec r\u00e8gle, st\u00e9rile Couleur : violet St\u00e9rile : oui Embout : standard 1,0 mm + fin 0,5 mm Marqueur chirurgical st\u00e9rile \u00e0 double pointe. Con\u00e7u pour marquer les zones s\u00e9lectionn\u00e9es avant et pendant les interventions. Le marqueur est clairement visible sur la peau et la [&hellip;]","og_url":"https:\/\/med.tattoo\/fr\/produit\/marqueur-chirurgical-pour-la-peau-double-face-1pc\/","og_site_name":"MED.TATTOO","article_publisher":"https:\/\/www.facebook.com\/profile.php?id=100084366705613","article_modified_time":"2025-05-15T07:38:55+00:00","og_image":[{"width":800,"height":329,"url":"https:\/\/med.tattoo\/wp-content\/uploads\/2025\/05\/2188_marker-chirurgiczny-do-skory-dwustronny-1szt_1742990451.jpg","type":"image\/jpeg"}],"twitter_card":"summary_large_image","twitter_misc":{"Dur\u00e9e de lecture estim\u00e9e":"1 minute"},"schema":{"@context":"https:\/\/schema.org","@graph":[{"@type":"WebPage","@id":"https:\/\/med.tattoo\/fr\/produit\/marqueur-chirurgical-pour-la-peau-double-face-1pc\/","url":"https:\/\/med.tattoo\/fr\/produit\/marqueur-chirurgical-pour-la-peau-double-face-1pc\/","name":"Marqueur chirurgical pour la peau double face 1pc - MED.TATTOO","isPartOf":{"@id":"https:\/\/med.tattoo\/fr\/#website"},"primaryImageOfPage":{"@id":"https:\/\/med.tattoo\/fr\/produit\/marqueur-chirurgical-pour-la-peau-double-face-1pc\/#primaryimage"},"image":{"@id":"https:\/\/med.tattoo\/fr\/produit\/marqueur-chirurgical-pour-la-peau-double-face-1pc\/#primaryimage"},"thumbnailUrl":"https:\/\/med.tattoo\/wp-content\/uploads\/2025\/05\/2188_marker-chirurgiczny-do-skory-dwustronny-1szt_1742990451.jpg","datePublished":"2025-01-31T21:47:10+00:00","dateModified":"2025-05-15T07:38:55+00:00","breadcrumb":{"@id":"https:\/\/med.tattoo\/fr\/produit\/marqueur-chirurgical-pour-la-peau-double-face-1pc\/#breadcrumb"},"inLanguage":"fr-FR","potentialAction":[{"@type":"ReadAction","target":["https:\/\/med.tattoo\/fr\/produit\/marqueur-chirurgical-pour-la-peau-double-face-1pc\/"]}]},{"@type":"ImageObject","inLanguage":"fr-FR","@id":"https:\/\/med.tattoo\/fr\/produit\/marqueur-chirurgical-pour-la-peau-double-face-1pc\/#primaryimage","url":"https:\/\/med.tattoo\/wp-content\/uploads\/2025\/05\/2188_marker-chirurgiczny-do-skory-dwustronny-1szt_1742990451.jpg","contentUrl":"https:\/\/med.tattoo\/wp-content\/uploads\/2025\/05\/2188_marker-chirurgiczny-do-skory-dwustronny-1szt_1742990451.jpg","width":800,"height":329},{"@type":"BreadcrumbList","@id":"https:\/\/med.tattoo\/fr\/produit\/marqueur-chirurgical-pour-la-peau-double-face-1pc\/#breadcrumb","itemListElement":[{"@type":"ListItem","position":1,"name":"Strona G\u0142\u00f3wna","item":"https:\/\/med.tattoo\/fr\/"},{"@type":"ListItem","position":2,"name":"Boutique","item":"https:\/\/med.tattoo\/fr\/boutique\/"},{"@type":"ListItem","position":3,"name":"Marqueur chirurgical pour la peau double face 1pc"}]},{"@type":"WebSite","@id":"https:\/\/med.tattoo\/fr\/#website","url":"https:\/\/med.tattoo\/fr\/","name":"MED.TATTOO","description":"Wszystko dla Twojego tatua\u017cu","publisher":{"@id":"https:\/\/med.tattoo\/fr\/#organization"},"potentialAction":[{"@type":"SearchAction","target":{"@type":"EntryPoint","urlTemplate":"https:\/\/med.tattoo\/fr\/?s={search_term_string}"},"query-input":{"@type":"PropertyValueSpecification","valueRequired":true,"valueName":"search_term_string"}}],"inLanguage":"fr-FR"},{"@type":"Organization","@id":"https:\/\/med.tattoo\/fr\/#organization","name":"MED.TATTOO","url":"https:\/\/med.tattoo\/fr\/","logo":{"@type":"ImageObject","inLanguage":"fr-FR","@id":"https:\/\/med.tattoo\/fr\/#\/schema\/logo\/image\/","url":"https:\/\/med.tattoo\/wp-content\/uploads\/2025\/05\/Bez-tytulu-600S300-px-1-e1658908183800.png","contentUrl":"https:\/\/med.tattoo\/wp-content\/uploads\/2025\/05\/Bez-tytulu-600S300-px-1-e1658908183800.png","width":600,"height":61,"caption":"MED.TATTOO"},"image":{"@id":"https:\/\/med.tattoo\/fr\/#\/schema\/logo\/image\/"},"sameAs":["https:\/\/www.facebook.com\/profile.php?id=100084366705613","https:\/\/www.instagram.com\/med.tattoo_official\/"]}]}},"_links":{"self":[{"href":"https:\/\/med.tattoo\/fr\/wp-json\/wp\/v2\/product\/4816","targetHints":{"allow":["GET"]}}],"collection":[{"href":"https:\/\/med.tattoo\/fr\/wp-json\/wp\/v2\/product"}],"about":[{"href":"https:\/\/med.tattoo\/fr\/wp-json\/wp\/v2\/types\/product"}],"replies":[{"embeddable":true,"href":"https:\/\/med.tattoo\/fr\/wp-json\/wp\/v2\/comments?post=4816"}],"wp:featuredmedia":[{"embeddable":true,"href":"https:\/\/med.tattoo\/fr\/wp-json\/wp\/v2\/media\/8739"}],"wp:attachment":[{"href":"https:\/\/med.tattoo\/fr\/wp-json\/wp\/v2\/media?parent=4816"}],"wp:term":[{"taxonomy":"product_brand","embeddable":true,"href":"https:\/\/med.tattoo\/fr\/wp-json\/wp\/v2\/product_brand?post=4816"},{"taxonomy":"product_cat","embeddable":true,"href":"https:\/\/med.tattoo\/fr\/wp-json\/wp\/v2\/product_cat?post=4816"},{"taxonomy":"product_tag","embeddable":true,"href":"https:\/\/med.tattoo\/fr\/wp-json\/wp\/v2\/product_tag?post=4816"}],"curies":[{"name":"wp","href":"https:\/\/api.w.org\/{rel}","templated":true}]}}