{"id":5153,"date":"2021-08-20T10:49:35","date_gmt":"2021-08-20T08:49:35","guid":{"rendered":"https:\/\/med.tattoo\/produkt\/med-tattoo-while-tattooing-beurre-de-karite-pour-le-tatouage-50ml\/"},"modified":"2026-03-26T09:40:30","modified_gmt":"2026-03-26T08:40:30","slug":"med-tattoo-while-tattooing-beurre-de-karite-pour-le-tatouage-50ml","status":"publish","type":"product","link":"https:\/\/med.tattoo\/fr\/produit\/med-tattoo-while-tattooing-beurre-de-karite-pour-le-tatouage-50ml\/","title":{"rendered":"MED.TATTOO WHILE TATTOOING &#8211; Beurre de karit\u00e9 pour le tatouage 50ml"},"content":{"rendered":"<p>Beurre de karit\u00e9 pour le tatouage au calendula<\/p>\n<p>Le produit contient des ingr\u00e9dients 100 % naturels. Il nourrit la peau et \u00e9limine la sensation de tension et de rugosit\u00e9. Le parfum naturel d&rsquo;herbes renforce la sensation d&rsquo;air frais. Le mac\u00e9rat de calendula apaise les irritations et active le processus de renouvellement de l&rsquo;\u00e9piderme.<br \/>&#8211; recommand\u00e9 pour tous les types de peau, en particulier pour les peaux s\u00e8ches et ab\u00eem\u00e9es<br \/>&#8211; lisse et adoucit efficacement la peau, la r\u00e9g\u00e9n\u00e8re et la nourrit<br \/>&#8211; appliquez sur une peau nettoy\u00e9e et s\u00e8che.   <\/p>\n<p>Ingr\u00e9dients : Butyrospermum Parkii cosm. ; huile de Calendula Officinalis Flower Extract Bio ; huile de Tagetes Flower Extract Bio ; huile d&rsquo;Hippophae ramnoides ; Tocopheryl Acetete ; Parfum naturel.<\/p>\n<p>Conserver \u00e0 temp\u00e9rature ambiante <\/p>\n","protected":false},"excerpt":{"rendered":"<p>Beurre de karit\u00e9 pour le tatouage au calendula Le produit contient des ingr\u00e9dients 100 % naturels. Il nourrit la peau et \u00e9limine la sensation de tension et de rugosit\u00e9. Le parfum naturel d&rsquo;herbes renforce la sensation d&rsquo;air frais. Le mac\u00e9rat de calendula apaise les irritations et active le processus de renouvellement de l&rsquo;\u00e9piderme.&#8211; recommand\u00e9 pour [&hellip;]<\/p>\n","protected":false},"featured_media":8556,"comment_status":"open","ping_status":"closed","template":"","meta":{"site-sidebar-layout":"default","site-content-layout":"content-boxed-container","ast-site-content-layout":"default","site-content-style":"default","site-sidebar-style":"default","ast-global-header-display":"","ast-banner-title-visibility":"","ast-main-header-display":"","ast-hfb-above-header-display":"","ast-hfb-below-header-display":"","ast-hfb-mobile-header-display":"","site-post-title":"","ast-breadcrumbs-content":"","ast-featured-img":"","footer-sml-layout":"","ast-disable-related-posts":"","theme-transparent-header-meta":"disabled","adv-header-id-meta":"","stick-header-meta":"enabled","header-above-stick-meta":"on","header-main-stick-meta":"on","header-below-stick-meta":"on","astra-migrate-meta-layouts":"default","ast-page-background-enabled":"default","ast-page-background-meta":{"desktop":{"background-color":"var(--ast-global-color-4)","background-image":"","background-repeat":"repeat","background-position":"center center","background-size":"auto","background-attachment":"scroll","background-type":"","background-media":"","overlay-type":"","overlay-color":"","overlay-opacity":"","overlay-gradient":""},"tablet":{"background-color":"","background-image":"","background-repeat":"repeat","background-position":"center center","background-size":"auto","background-attachment":"scroll","background-type":"","background-media":"","overlay-type":"","overlay-color":"","overlay-opacity":"","overlay-gradient":""},"mobile":{"background-color":"","background-image":"","background-repeat":"repeat","background-position":"center center","background-size":"auto","background-attachment":"scroll","background-type":"","background-media":"","overlay-type":"","overlay-color":"","overlay-opacity":"","overlay-gradient":""}},"ast-content-background-meta":{"desktop":{"background-color":"var(--ast-global-color-5)","background-image":"","background-repeat":"repeat","background-position":"center center","background-size":"auto","background-attachment":"scroll","background-type":"","background-media":"","overlay-type":"","overlay-color":"","overlay-opacity":"","overlay-gradient":""},"tablet":{"background-color":"var(--ast-global-color-5)","background-image":"","background-repeat":"repeat","background-position":"center center","background-size":"auto","background-attachment":"scroll","background-type":"","background-media":"","overlay-type":"","overlay-color":"","overlay-opacity":"","overlay-gradient":""},"mobile":{"background-color":"var(--ast-global-color-5)","background-image":"","background-repeat":"repeat","background-position":"center center","background-size":"auto","background-attachment":"scroll","background-type":"","background-media":"","overlay-type":"","overlay-color":"","overlay-opacity":"","overlay-gradient":""}}},"product_brand":[],"product_cat":[91],"product_tag":[],"class_list":{"0":"post-5153","1":"product","2":"type-product","3":"status-publish","4":"has-post-thumbnail","6":"product_cat-med-tattoo-fr","7":"desktop-align-left","8":"tablet-align-left","9":"mobile-align-left","10":"ast-product-gallery-layout-horizontal-slider","11":"ast-product-tabs-layout-distributed","13":"first","14":"outofstock","15":"taxable","16":"shipping-taxable","17":"purchasable","18":"product-type-simple"},"yoast_head":"<!-- This site is optimized with the Yoast SEO plugin v27.4 - https:\/\/yoast.com\/product\/yoast-seo-wordpress\/ -->\n<title>MED.TATTOO WHILE TATTOOING - Beurre de karit\u00e9 pour le tatouage 50ml - MED.TATTOO<\/title>\n<meta name=\"robots\" content=\"index, follow, max-snippet:-1, max-image-preview:large, max-video-preview:-1\" \/>\n<link rel=\"canonical\" href=\"https:\/\/med.tattoo\/fr\/produit\/med-tattoo-while-tattooing-beurre-de-karite-pour-le-tatouage-50ml\/\" \/>\n<meta property=\"og:locale\" content=\"fr_FR\" \/>\n<meta property=\"og:type\" content=\"article\" \/>\n<meta property=\"og:title\" content=\"MED.TATTOO WHILE TATTOOING - Beurre de karit\u00e9 pour le tatouage 50ml - MED.TATTOO\" \/>\n<meta property=\"og:description\" content=\"Beurre de karit\u00e9 pour le tatouage au calendula Le produit contient des ingr\u00e9dients 100 % naturels. Il nourrit la peau et \u00e9limine la sensation de tension et de rugosit\u00e9. Le parfum naturel d&rsquo;herbes renforce la sensation d&rsquo;air frais. Le mac\u00e9rat de calendula apaise les irritations et active le processus de renouvellement de l&rsquo;\u00e9piderme.&#8211; recommand\u00e9 pour [&hellip;]\" \/>\n<meta property=\"og:url\" content=\"https:\/\/med.tattoo\/fr\/produit\/med-tattoo-while-tattooing-beurre-de-karite-pour-le-tatouage-50ml\/\" \/>\n<meta property=\"og:site_name\" content=\"MED.TATTOO\" \/>\n<meta property=\"article:publisher\" content=\"https:\/\/www.facebook.com\/profile.php?id=100084366705613\" \/>\n<meta property=\"article:modified_time\" content=\"2026-03-26T08:40:30+00:00\" \/>\n<meta property=\"og:image\" content=\"https:\/\/med.tattoo\/wp-content\/uploads\/2025\/05\/144_med.tattoo-maslo-shea-do-tatuazu-50ml_1742990451.jpg\" \/>\n\t<meta property=\"og:image:width\" content=\"933\" \/>\n\t<meta property=\"og:image:height\" content=\"700\" \/>\n\t<meta property=\"og:image:type\" content=\"image\/jpeg\" \/>\n<meta name=\"twitter:card\" content=\"summary_large_image\" \/>\n<meta name=\"twitter:label1\" content=\"Dur\u00e9e de lecture estim\u00e9e\" \/>\n\t<meta name=\"twitter:data1\" content=\"1 minute\" \/>\n<script type=\"application\/ld+json\" class=\"yoast-schema-graph\">{\"@context\":\"https:\\\/\\\/schema.org\",\"@graph\":[{\"@type\":\"WebPage\",\"@id\":\"https:\\\/\\\/med.tattoo\\\/fr\\\/produit\\\/med-tattoo-while-tattooing-beurre-de-karite-pour-le-tatouage-50ml\\\/\",\"url\":\"https:\\\/\\\/med.tattoo\\\/fr\\\/produit\\\/med-tattoo-while-tattooing-beurre-de-karite-pour-le-tatouage-50ml\\\/\",\"name\":\"MED.TATTOO WHILE TATTOOING - Beurre de karit\u00e9 pour le tatouage 50ml - MED.TATTOO\",\"isPartOf\":{\"@id\":\"https:\\\/\\\/med.tattoo\\\/fr\\\/#website\"},\"primaryImageOfPage\":{\"@id\":\"https:\\\/\\\/med.tattoo\\\/fr\\\/produit\\\/med-tattoo-while-tattooing-beurre-de-karite-pour-le-tatouage-50ml\\\/#primaryimage\"},\"image\":{\"@id\":\"https:\\\/\\\/med.tattoo\\\/fr\\\/produit\\\/med-tattoo-while-tattooing-beurre-de-karite-pour-le-tatouage-50ml\\\/#primaryimage\"},\"thumbnailUrl\":\"https:\\\/\\\/med.tattoo\\\/wp-content\\\/uploads\\\/2025\\\/05\\\/144_med.tattoo-maslo-shea-do-tatuazu-50ml_1742990451.jpg\",\"datePublished\":\"2021-08-20T08:49:35+00:00\",\"dateModified\":\"2026-03-26T08:40:30+00:00\",\"breadcrumb\":{\"@id\":\"https:\\\/\\\/med.tattoo\\\/fr\\\/produit\\\/med-tattoo-while-tattooing-beurre-de-karite-pour-le-tatouage-50ml\\\/#breadcrumb\"},\"inLanguage\":\"fr-FR\",\"potentialAction\":[{\"@type\":\"ReadAction\",\"target\":[\"https:\\\/\\\/med.tattoo\\\/fr\\\/produit\\\/med-tattoo-while-tattooing-beurre-de-karite-pour-le-tatouage-50ml\\\/\"]}]},{\"@type\":\"ImageObject\",\"inLanguage\":\"fr-FR\",\"@id\":\"https:\\\/\\\/med.tattoo\\\/fr\\\/produit\\\/med-tattoo-while-tattooing-beurre-de-karite-pour-le-tatouage-50ml\\\/#primaryimage\",\"url\":\"https:\\\/\\\/med.tattoo\\\/wp-content\\\/uploads\\\/2025\\\/05\\\/144_med.tattoo-maslo-shea-do-tatuazu-50ml_1742990451.jpg\",\"contentUrl\":\"https:\\\/\\\/med.tattoo\\\/wp-content\\\/uploads\\\/2025\\\/05\\\/144_med.tattoo-maslo-shea-do-tatuazu-50ml_1742990451.jpg\",\"width\":933,\"height\":700},{\"@type\":\"BreadcrumbList\",\"@id\":\"https:\\\/\\\/med.tattoo\\\/fr\\\/produit\\\/med-tattoo-while-tattooing-beurre-de-karite-pour-le-tatouage-50ml\\\/#breadcrumb\",\"itemListElement\":[{\"@type\":\"ListItem\",\"position\":1,\"name\":\"Strona G\u0142\u00f3wna\",\"item\":\"https:\\\/\\\/med.tattoo\\\/fr\\\/\"},{\"@type\":\"ListItem\",\"position\":2,\"name\":\"Boutique\",\"item\":\"https:\\\/\\\/med.tattoo\\\/fr\\\/boutique\\\/\"},{\"@type\":\"ListItem\",\"position\":3,\"name\":\"MED.TATTOO WHILE TATTOOING &#8211; Beurre de karit\u00e9 pour le tatouage 50ml\"}]},{\"@type\":\"WebSite\",\"@id\":\"https:\\\/\\\/med.tattoo\\\/fr\\\/#website\",\"url\":\"https:\\\/\\\/med.tattoo\\\/fr\\\/\",\"name\":\"MED.TATTOO\",\"description\":\"Wszystko dla Twojego tatua\u017cu\",\"publisher\":{\"@id\":\"https:\\\/\\\/med.tattoo\\\/fr\\\/#organization\"},\"potentialAction\":[{\"@type\":\"SearchAction\",\"target\":{\"@type\":\"EntryPoint\",\"urlTemplate\":\"https:\\\/\\\/med.tattoo\\\/fr\\\/?s={search_term_string}\"},\"query-input\":{\"@type\":\"PropertyValueSpecification\",\"valueRequired\":true,\"valueName\":\"search_term_string\"}}],\"inLanguage\":\"fr-FR\"},{\"@type\":\"Organization\",\"@id\":\"https:\\\/\\\/med.tattoo\\\/fr\\\/#organization\",\"name\":\"MED.TATTOO\",\"url\":\"https:\\\/\\\/med.tattoo\\\/fr\\\/\",\"logo\":{\"@type\":\"ImageObject\",\"inLanguage\":\"fr-FR\",\"@id\":\"https:\\\/\\\/med.tattoo\\\/fr\\\/#\\\/schema\\\/logo\\\/image\\\/\",\"url\":\"https:\\\/\\\/med.tattoo\\\/wp-content\\\/uploads\\\/2025\\\/05\\\/Bez-tytulu-600S300-px-1-e1658908183800.png\",\"contentUrl\":\"https:\\\/\\\/med.tattoo\\\/wp-content\\\/uploads\\\/2025\\\/05\\\/Bez-tytulu-600S300-px-1-e1658908183800.png\",\"width\":600,\"height\":61,\"caption\":\"MED.TATTOO\"},\"image\":{\"@id\":\"https:\\\/\\\/med.tattoo\\\/fr\\\/#\\\/schema\\\/logo\\\/image\\\/\"},\"sameAs\":[\"https:\\\/\\\/www.facebook.com\\\/profile.php?id=100084366705613\",\"https:\\\/\\\/www.instagram.com\\\/med.tattoo_official\\\/\"]}]}<\/script>\n<!-- \/ Yoast SEO plugin. -->","yoast_head_json":{"title":"MED.TATTOO WHILE TATTOOING - Beurre de karit\u00e9 pour le tatouage 50ml - MED.TATTOO","robots":{"index":"index","follow":"follow","max-snippet":"max-snippet:-1","max-image-preview":"max-image-preview:large","max-video-preview":"max-video-preview:-1"},"canonical":"https:\/\/med.tattoo\/fr\/produit\/med-tattoo-while-tattooing-beurre-de-karite-pour-le-tatouage-50ml\/","og_locale":"fr_FR","og_type":"article","og_title":"MED.TATTOO WHILE TATTOOING - Beurre de karit\u00e9 pour le tatouage 50ml - MED.TATTOO","og_description":"Beurre de karit\u00e9 pour le tatouage au calendula Le produit contient des ingr\u00e9dients 100 % naturels. Il nourrit la peau et \u00e9limine la sensation de tension et de rugosit\u00e9. Le parfum naturel d&rsquo;herbes renforce la sensation d&rsquo;air frais. Le mac\u00e9rat de calendula apaise les irritations et active le processus de renouvellement de l&rsquo;\u00e9piderme.&#8211; recommand\u00e9 pour [&hellip;]","og_url":"https:\/\/med.tattoo\/fr\/produit\/med-tattoo-while-tattooing-beurre-de-karite-pour-le-tatouage-50ml\/","og_site_name":"MED.TATTOO","article_publisher":"https:\/\/www.facebook.com\/profile.php?id=100084366705613","article_modified_time":"2026-03-26T08:40:30+00:00","og_image":[{"width":933,"height":700,"url":"https:\/\/med.tattoo\/wp-content\/uploads\/2025\/05\/144_med.tattoo-maslo-shea-do-tatuazu-50ml_1742990451.jpg","type":"image\/jpeg"}],"twitter_card":"summary_large_image","twitter_misc":{"Dur\u00e9e de lecture estim\u00e9e":"1 minute"},"schema":{"@context":"https:\/\/schema.org","@graph":[{"@type":"WebPage","@id":"https:\/\/med.tattoo\/fr\/produit\/med-tattoo-while-tattooing-beurre-de-karite-pour-le-tatouage-50ml\/","url":"https:\/\/med.tattoo\/fr\/produit\/med-tattoo-while-tattooing-beurre-de-karite-pour-le-tatouage-50ml\/","name":"MED.TATTOO WHILE TATTOOING - Beurre de karit\u00e9 pour le tatouage 50ml - MED.TATTOO","isPartOf":{"@id":"https:\/\/med.tattoo\/fr\/#website"},"primaryImageOfPage":{"@id":"https:\/\/med.tattoo\/fr\/produit\/med-tattoo-while-tattooing-beurre-de-karite-pour-le-tatouage-50ml\/#primaryimage"},"image":{"@id":"https:\/\/med.tattoo\/fr\/produit\/med-tattoo-while-tattooing-beurre-de-karite-pour-le-tatouage-50ml\/#primaryimage"},"thumbnailUrl":"https:\/\/med.tattoo\/wp-content\/uploads\/2025\/05\/144_med.tattoo-maslo-shea-do-tatuazu-50ml_1742990451.jpg","datePublished":"2021-08-20T08:49:35+00:00","dateModified":"2026-03-26T08:40:30+00:00","breadcrumb":{"@id":"https:\/\/med.tattoo\/fr\/produit\/med-tattoo-while-tattooing-beurre-de-karite-pour-le-tatouage-50ml\/#breadcrumb"},"inLanguage":"fr-FR","potentialAction":[{"@type":"ReadAction","target":["https:\/\/med.tattoo\/fr\/produit\/med-tattoo-while-tattooing-beurre-de-karite-pour-le-tatouage-50ml\/"]}]},{"@type":"ImageObject","inLanguage":"fr-FR","@id":"https:\/\/med.tattoo\/fr\/produit\/med-tattoo-while-tattooing-beurre-de-karite-pour-le-tatouage-50ml\/#primaryimage","url":"https:\/\/med.tattoo\/wp-content\/uploads\/2025\/05\/144_med.tattoo-maslo-shea-do-tatuazu-50ml_1742990451.jpg","contentUrl":"https:\/\/med.tattoo\/wp-content\/uploads\/2025\/05\/144_med.tattoo-maslo-shea-do-tatuazu-50ml_1742990451.jpg","width":933,"height":700},{"@type":"BreadcrumbList","@id":"https:\/\/med.tattoo\/fr\/produit\/med-tattoo-while-tattooing-beurre-de-karite-pour-le-tatouage-50ml\/#breadcrumb","itemListElement":[{"@type":"ListItem","position":1,"name":"Strona G\u0142\u00f3wna","item":"https:\/\/med.tattoo\/fr\/"},{"@type":"ListItem","position":2,"name":"Boutique","item":"https:\/\/med.tattoo\/fr\/boutique\/"},{"@type":"ListItem","position":3,"name":"MED.TATTOO WHILE TATTOOING &#8211; Beurre de karit\u00e9 pour le tatouage 50ml"}]},{"@type":"WebSite","@id":"https:\/\/med.tattoo\/fr\/#website","url":"https:\/\/med.tattoo\/fr\/","name":"MED.TATTOO","description":"Wszystko dla Twojego tatua\u017cu","publisher":{"@id":"https:\/\/med.tattoo\/fr\/#organization"},"potentialAction":[{"@type":"SearchAction","target":{"@type":"EntryPoint","urlTemplate":"https:\/\/med.tattoo\/fr\/?s={search_term_string}"},"query-input":{"@type":"PropertyValueSpecification","valueRequired":true,"valueName":"search_term_string"}}],"inLanguage":"fr-FR"},{"@type":"Organization","@id":"https:\/\/med.tattoo\/fr\/#organization","name":"MED.TATTOO","url":"https:\/\/med.tattoo\/fr\/","logo":{"@type":"ImageObject","inLanguage":"fr-FR","@id":"https:\/\/med.tattoo\/fr\/#\/schema\/logo\/image\/","url":"https:\/\/med.tattoo\/wp-content\/uploads\/2025\/05\/Bez-tytulu-600S300-px-1-e1658908183800.png","contentUrl":"https:\/\/med.tattoo\/wp-content\/uploads\/2025\/05\/Bez-tytulu-600S300-px-1-e1658908183800.png","width":600,"height":61,"caption":"MED.TATTOO"},"image":{"@id":"https:\/\/med.tattoo\/fr\/#\/schema\/logo\/image\/"},"sameAs":["https:\/\/www.facebook.com\/profile.php?id=100084366705613","https:\/\/www.instagram.com\/med.tattoo_official\/"]}]}},"_links":{"self":[{"href":"https:\/\/med.tattoo\/fr\/wp-json\/wp\/v2\/product\/5153","targetHints":{"allow":["GET"]}}],"collection":[{"href":"https:\/\/med.tattoo\/fr\/wp-json\/wp\/v2\/product"}],"about":[{"href":"https:\/\/med.tattoo\/fr\/wp-json\/wp\/v2\/types\/product"}],"replies":[{"embeddable":true,"href":"https:\/\/med.tattoo\/fr\/wp-json\/wp\/v2\/comments?post=5153"}],"wp:featuredmedia":[{"embeddable":true,"href":"https:\/\/med.tattoo\/fr\/wp-json\/wp\/v2\/media\/8556"}],"wp:attachment":[{"href":"https:\/\/med.tattoo\/fr\/wp-json\/wp\/v2\/media?parent=5153"}],"wp:term":[{"taxonomy":"product_brand","embeddable":true,"href":"https:\/\/med.tattoo\/fr\/wp-json\/wp\/v2\/product_brand?post=5153"},{"taxonomy":"product_cat","embeddable":true,"href":"https:\/\/med.tattoo\/fr\/wp-json\/wp\/v2\/product_cat?post=5153"},{"taxonomy":"product_tag","embeddable":true,"href":"https:\/\/med.tattoo\/fr\/wp-json\/wp\/v2\/product_tag?post=5153"}],"curies":[{"name":"wp","href":"https:\/\/api.w.org\/{rel}","templated":true}]}}