{"id":5157,"date":"2021-08-20T10:45:35","date_gmt":"2021-08-20T08:45:35","guid":{"rendered":"https:\/\/med.tattoo\/produkt\/med-tattoo-color-booster-huile-de-soin-pour-tatouage-100ml\/"},"modified":"2025-05-15T09:33:39","modified_gmt":"2025-05-15T07:33:39","slug":"med-tattoo-color-booster-huile-de-soin-pour-tatouage-100ml","status":"publish","type":"product","link":"https:\/\/med.tattoo\/fr\/produit\/med-tattoo-color-booster-huile-de-soin-pour-tatouage-100ml\/","title":{"rendered":"MED.TATTOO COLOR BOOSTER &#8211; huile de soin pour tatouage 100ml"},"content":{"rendered":"<p>Huile de soin et de renforcement des tatouages \u00e0 l&rsquo;extrait de souci<\/p>\n<p>Huile de calendula pour le soin et l&rsquo;am\u00e9lioration des tatouages<\/p>\n<p>Une composition soigneusement s\u00e9lectionn\u00e9e d&rsquo;huiles v\u00e9g\u00e9tales enrichies d&rsquo;extraits de calendula et de camomille et de vitamine E<br \/>\uf0fc nourrit et lisse, am\u00e9liore la r\u00e9g\u00e9n\u00e9ration de la peau<br \/>\uf0fc hydrate intens\u00e9ment la peau, l&#8217;emp\u00eache de se dess\u00e9cher<br \/>\uf0fc am\u00e9liore la circulation sanguine,<br \/>\uf0fc a un effet antibact\u00e9rien, d\u00e9sinfectant et apaisant<br \/>\uf0fc est parfaitement absorb\u00e9e,<br \/>\uf0fc laisse un film protecteur sans sensation de gras.<br \/>.<br \/>Conserver \u00e0 temp\u00e9rature ambiante, \u00e9viter les rayons du soleil<br \/>Conditionnement : vaporisateur 100ml  <\/p>\n<p>application : frotter de petites quantit\u00e9s d&rsquo;huile &#8211; tapoter d\u00e9licatement sur la peau tatou\u00e9e  <\/p>\n<p>Conserver \u00e0 temp\u00e9rature ambiante<\/p>\n<p>Ingr\u00e9dients : Olea Europea (Olive) Fruit Oil (and) Callendula Officinalis Flower Extract, Prunus amygdalus Dulcis (Sweeet Almond) Oil, Simmondsia Chinensis (Jojoba) Seed Oil, Macademia Ternifolia Seed Oil, Persea Gratissima (Avocado) Oil, Amarantus cruentus Oil, Tocopheryl Acetate, Chamomilla Recuita Extract Parfum.<\/p>\n<p>la liste des ingr\u00e9dients indiqu\u00e9e est conforme \u00e0 l&rsquo;\u00e9tat actuel de la fabrication<\/p>\n","protected":false},"excerpt":{"rendered":"<p>Huile de soin et de renforcement des tatouages \u00e0 l&rsquo;extrait de souci Huile de calendula pour le soin et l&rsquo;am\u00e9lioration des tatouages Une composition soigneusement s\u00e9lectionn\u00e9e d&rsquo;huiles v\u00e9g\u00e9tales enrichies d&rsquo;extraits de calendula et de camomille et de vitamine E\uf0fc nourrit et lisse, am\u00e9liore la r\u00e9g\u00e9n\u00e9ration de la peau\uf0fc hydrate intens\u00e9ment la peau, l&#8217;emp\u00eache de se [&hellip;]<\/p>\n","protected":false},"featured_media":10720,"comment_status":"open","ping_status":"closed","template":"","meta":{"site-sidebar-layout":"default","site-content-layout":"content-boxed-container","ast-site-content-layout":"default","site-content-style":"default","site-sidebar-style":"default","ast-global-header-display":"","ast-banner-title-visibility":"","ast-main-header-display":"","ast-hfb-above-header-display":"","ast-hfb-below-header-display":"","ast-hfb-mobile-header-display":"","site-post-title":"","ast-breadcrumbs-content":"","ast-featured-img":"","footer-sml-layout":"","ast-disable-related-posts":"","theme-transparent-header-meta":"disabled","adv-header-id-meta":"","stick-header-meta":"enabled","header-above-stick-meta":"on","header-main-stick-meta":"on","header-below-stick-meta":"on","astra-migrate-meta-layouts":"default","ast-page-background-enabled":"default","ast-page-background-meta":{"desktop":{"background-color":"var(--ast-global-color-4)","background-image":"","background-repeat":"repeat","background-position":"center center","background-size":"auto","background-attachment":"scroll","background-type":"","background-media":"","overlay-type":"","overlay-color":"","overlay-opacity":"","overlay-gradient":""},"tablet":{"background-color":"","background-image":"","background-repeat":"repeat","background-position":"center center","background-size":"auto","background-attachment":"scroll","background-type":"","background-media":"","overlay-type":"","overlay-color":"","overlay-opacity":"","overlay-gradient":""},"mobile":{"background-color":"","background-image":"","background-repeat":"repeat","background-position":"center center","background-size":"auto","background-attachment":"scroll","background-type":"","background-media":"","overlay-type":"","overlay-color":"","overlay-opacity":"","overlay-gradient":""}},"ast-content-background-meta":{"desktop":{"background-color":"var(--ast-global-color-5)","background-image":"","background-repeat":"repeat","background-position":"center center","background-size":"auto","background-attachment":"scroll","background-type":"","background-media":"","overlay-type":"","overlay-color":"","overlay-opacity":"","overlay-gradient":""},"tablet":{"background-color":"var(--ast-global-color-5)","background-image":"","background-repeat":"repeat","background-position":"center center","background-size":"auto","background-attachment":"scroll","background-type":"","background-media":"","overlay-type":"","overlay-color":"","overlay-opacity":"","overlay-gradient":""},"mobile":{"background-color":"var(--ast-global-color-5)","background-image":"","background-repeat":"repeat","background-position":"center center","background-size":"auto","background-attachment":"scroll","background-type":"","background-media":"","overlay-type":"","overlay-color":"","overlay-opacity":"","overlay-gradient":""}}},"product_brand":[],"product_cat":[91],"product_tag":[],"class_list":{"0":"post-5157","1":"product","2":"type-product","3":"status-publish","4":"has-post-thumbnail","6":"product_cat-med-tattoo-fr","7":"desktop-align-left","8":"tablet-align-left","9":"mobile-align-left","10":"ast-product-gallery-layout-horizontal-slider","11":"ast-product-gallery-with-no-image","12":"ast-product-tabs-layout-distributed","14":"first","15":"instock","16":"taxable","17":"shipping-taxable","18":"purchasable","19":"product-type-simple"},"yoast_head":"<!-- This site is optimized with the Yoast SEO plugin v27.3 - https:\/\/yoast.com\/product\/yoast-seo-wordpress\/ -->\n<title>MED.TATTOO COLOR BOOSTER - huile de soin pour tatouage 100ml - MED.TATTOO<\/title>\n<meta name=\"robots\" content=\"index, follow, max-snippet:-1, max-image-preview:large, max-video-preview:-1\" \/>\n<link rel=\"canonical\" href=\"https:\/\/med.tattoo\/fr\/produit\/med-tattoo-color-booster-huile-de-soin-pour-tatouage-100ml\/\" \/>\n<meta property=\"og:locale\" content=\"fr_FR\" \/>\n<meta property=\"og:type\" content=\"article\" \/>\n<meta property=\"og:title\" content=\"MED.TATTOO COLOR BOOSTER - huile de soin pour tatouage 100ml - MED.TATTOO\" \/>\n<meta property=\"og:description\" content=\"Huile de soin et de renforcement des tatouages \u00e0 l&rsquo;extrait de souci Huile de calendula pour le soin et l&rsquo;am\u00e9lioration des tatouages Une composition soigneusement s\u00e9lectionn\u00e9e d&rsquo;huiles v\u00e9g\u00e9tales enrichies d&rsquo;extraits de calendula et de camomille et de vitamine E\uf0fc nourrit et lisse, am\u00e9liore la r\u00e9g\u00e9n\u00e9ration de la peau\uf0fc hydrate intens\u00e9ment la peau, l&#8217;emp\u00eache de se [&hellip;]\" \/>\n<meta property=\"og:url\" content=\"https:\/\/med.tattoo\/fr\/produit\/med-tattoo-color-booster-huile-de-soin-pour-tatouage-100ml\/\" \/>\n<meta property=\"og:site_name\" content=\"MED.TATTOO\" \/>\n<meta property=\"article:publisher\" content=\"https:\/\/www.facebook.com\/profile.php?id=100084366705613\" \/>\n<meta property=\"article:modified_time\" content=\"2025-05-15T07:33:39+00:00\" \/>\n<meta name=\"twitter:card\" content=\"summary_large_image\" \/>\n<meta name=\"twitter:label1\" content=\"Dur\u00e9e de lecture estim\u00e9e\" \/>\n\t<meta name=\"twitter:data1\" content=\"1 minute\" \/>\n<script type=\"application\/ld+json\" class=\"yoast-schema-graph\">{\"@context\":\"https:\\\/\\\/schema.org\",\"@graph\":[{\"@type\":\"WebPage\",\"@id\":\"https:\\\/\\\/med.tattoo\\\/fr\\\/produit\\\/med-tattoo-color-booster-huile-de-soin-pour-tatouage-100ml\\\/\",\"url\":\"https:\\\/\\\/med.tattoo\\\/fr\\\/produit\\\/med-tattoo-color-booster-huile-de-soin-pour-tatouage-100ml\\\/\",\"name\":\"MED.TATTOO COLOR BOOSTER - huile de soin pour tatouage 100ml - MED.TATTOO\",\"isPartOf\":{\"@id\":\"https:\\\/\\\/med.tattoo\\\/fr\\\/#website\"},\"primaryImageOfPage\":{\"@id\":\"https:\\\/\\\/med.tattoo\\\/fr\\\/produit\\\/med-tattoo-color-booster-huile-de-soin-pour-tatouage-100ml\\\/#primaryimage\"},\"image\":{\"@id\":\"https:\\\/\\\/med.tattoo\\\/fr\\\/produit\\\/med-tattoo-color-booster-huile-de-soin-pour-tatouage-100ml\\\/#primaryimage\"},\"thumbnailUrl\":\"https:\\\/\\\/med.tattoo\\\/wp-content\\\/uploads\\\/2025\\\/05\\\/142_med.tattoo-olejek-do-pielegnacji-tatuazu-100ml_1742990451.jpg\",\"datePublished\":\"2021-08-20T08:45:35+00:00\",\"dateModified\":\"2025-05-15T07:33:39+00:00\",\"breadcrumb\":{\"@id\":\"https:\\\/\\\/med.tattoo\\\/fr\\\/produit\\\/med-tattoo-color-booster-huile-de-soin-pour-tatouage-100ml\\\/#breadcrumb\"},\"inLanguage\":\"fr-FR\",\"potentialAction\":[{\"@type\":\"ReadAction\",\"target\":[\"https:\\\/\\\/med.tattoo\\\/fr\\\/produit\\\/med-tattoo-color-booster-huile-de-soin-pour-tatouage-100ml\\\/\"]}]},{\"@type\":\"ImageObject\",\"inLanguage\":\"fr-FR\",\"@id\":\"https:\\\/\\\/med.tattoo\\\/fr\\\/produit\\\/med-tattoo-color-booster-huile-de-soin-pour-tatouage-100ml\\\/#primaryimage\",\"url\":\"https:\\\/\\\/med.tattoo\\\/wp-content\\\/uploads\\\/2025\\\/05\\\/142_med.tattoo-olejek-do-pielegnacji-tatuazu-100ml_1742990451.jpg\",\"contentUrl\":\"https:\\\/\\\/med.tattoo\\\/wp-content\\\/uploads\\\/2025\\\/05\\\/142_med.tattoo-olejek-do-pielegnacji-tatuazu-100ml_1742990451.jpg\",\"width\":380,\"height\":700},{\"@type\":\"BreadcrumbList\",\"@id\":\"https:\\\/\\\/med.tattoo\\\/fr\\\/produit\\\/med-tattoo-color-booster-huile-de-soin-pour-tatouage-100ml\\\/#breadcrumb\",\"itemListElement\":[{\"@type\":\"ListItem\",\"position\":1,\"name\":\"Strona G\u0142\u00f3wna\",\"item\":\"https:\\\/\\\/med.tattoo\\\/fr\\\/\"},{\"@type\":\"ListItem\",\"position\":2,\"name\":\"Boutique\",\"item\":\"https:\\\/\\\/med.tattoo\\\/fr\\\/boutique\\\/\"},{\"@type\":\"ListItem\",\"position\":3,\"name\":\"MED.TATTOO COLOR BOOSTER &#8211; huile de soin pour tatouage 100ml\"}]},{\"@type\":\"WebSite\",\"@id\":\"https:\\\/\\\/med.tattoo\\\/fr\\\/#website\",\"url\":\"https:\\\/\\\/med.tattoo\\\/fr\\\/\",\"name\":\"MED.TATTOO\",\"description\":\"Wszystko dla Twojego tatua\u017cu\",\"publisher\":{\"@id\":\"https:\\\/\\\/med.tattoo\\\/fr\\\/#organization\"},\"potentialAction\":[{\"@type\":\"SearchAction\",\"target\":{\"@type\":\"EntryPoint\",\"urlTemplate\":\"https:\\\/\\\/med.tattoo\\\/fr\\\/?s={search_term_string}\"},\"query-input\":{\"@type\":\"PropertyValueSpecification\",\"valueRequired\":true,\"valueName\":\"search_term_string\"}}],\"inLanguage\":\"fr-FR\"},{\"@type\":\"Organization\",\"@id\":\"https:\\\/\\\/med.tattoo\\\/fr\\\/#organization\",\"name\":\"MED.TATTOO\",\"url\":\"https:\\\/\\\/med.tattoo\\\/fr\\\/\",\"logo\":{\"@type\":\"ImageObject\",\"inLanguage\":\"fr-FR\",\"@id\":\"https:\\\/\\\/med.tattoo\\\/fr\\\/#\\\/schema\\\/logo\\\/image\\\/\",\"url\":\"https:\\\/\\\/med.tattoo\\\/wp-content\\\/uploads\\\/2025\\\/05\\\/Bez-tytulu-600S300-px-1-e1658908183800.png\",\"contentUrl\":\"https:\\\/\\\/med.tattoo\\\/wp-content\\\/uploads\\\/2025\\\/05\\\/Bez-tytulu-600S300-px-1-e1658908183800.png\",\"width\":600,\"height\":61,\"caption\":\"MED.TATTOO\"},\"image\":{\"@id\":\"https:\\\/\\\/med.tattoo\\\/fr\\\/#\\\/schema\\\/logo\\\/image\\\/\"},\"sameAs\":[\"https:\\\/\\\/www.facebook.com\\\/profile.php?id=100084366705613\",\"https:\\\/\\\/www.instagram.com\\\/med.tattoo_official\\\/\"]}]}<\/script>\n<!-- \/ Yoast SEO plugin. -->","yoast_head_json":{"title":"MED.TATTOO COLOR BOOSTER - huile de soin pour tatouage 100ml - MED.TATTOO","robots":{"index":"index","follow":"follow","max-snippet":"max-snippet:-1","max-image-preview":"max-image-preview:large","max-video-preview":"max-video-preview:-1"},"canonical":"https:\/\/med.tattoo\/fr\/produit\/med-tattoo-color-booster-huile-de-soin-pour-tatouage-100ml\/","og_locale":"fr_FR","og_type":"article","og_title":"MED.TATTOO COLOR BOOSTER - huile de soin pour tatouage 100ml - MED.TATTOO","og_description":"Huile de soin et de renforcement des tatouages \u00e0 l&rsquo;extrait de souci Huile de calendula pour le soin et l&rsquo;am\u00e9lioration des tatouages Une composition soigneusement s\u00e9lectionn\u00e9e d&rsquo;huiles v\u00e9g\u00e9tales enrichies d&rsquo;extraits de calendula et de camomille et de vitamine E\uf0fc nourrit et lisse, am\u00e9liore la r\u00e9g\u00e9n\u00e9ration de la peau\uf0fc hydrate intens\u00e9ment la peau, l&#8217;emp\u00eache de se [&hellip;]","og_url":"https:\/\/med.tattoo\/fr\/produit\/med-tattoo-color-booster-huile-de-soin-pour-tatouage-100ml\/","og_site_name":"MED.TATTOO","article_publisher":"https:\/\/www.facebook.com\/profile.php?id=100084366705613","article_modified_time":"2025-05-15T07:33:39+00:00","twitter_card":"summary_large_image","twitter_misc":{"Dur\u00e9e de lecture estim\u00e9e":"1 minute"},"schema":{"@context":"https:\/\/schema.org","@graph":[{"@type":"WebPage","@id":"https:\/\/med.tattoo\/fr\/produit\/med-tattoo-color-booster-huile-de-soin-pour-tatouage-100ml\/","url":"https:\/\/med.tattoo\/fr\/produit\/med-tattoo-color-booster-huile-de-soin-pour-tatouage-100ml\/","name":"MED.TATTOO COLOR BOOSTER - huile de soin pour tatouage 100ml - MED.TATTOO","isPartOf":{"@id":"https:\/\/med.tattoo\/fr\/#website"},"primaryImageOfPage":{"@id":"https:\/\/med.tattoo\/fr\/produit\/med-tattoo-color-booster-huile-de-soin-pour-tatouage-100ml\/#primaryimage"},"image":{"@id":"https:\/\/med.tattoo\/fr\/produit\/med-tattoo-color-booster-huile-de-soin-pour-tatouage-100ml\/#primaryimage"},"thumbnailUrl":"https:\/\/med.tattoo\/wp-content\/uploads\/2025\/05\/142_med.tattoo-olejek-do-pielegnacji-tatuazu-100ml_1742990451.jpg","datePublished":"2021-08-20T08:45:35+00:00","dateModified":"2025-05-15T07:33:39+00:00","breadcrumb":{"@id":"https:\/\/med.tattoo\/fr\/produit\/med-tattoo-color-booster-huile-de-soin-pour-tatouage-100ml\/#breadcrumb"},"inLanguage":"fr-FR","potentialAction":[{"@type":"ReadAction","target":["https:\/\/med.tattoo\/fr\/produit\/med-tattoo-color-booster-huile-de-soin-pour-tatouage-100ml\/"]}]},{"@type":"ImageObject","inLanguage":"fr-FR","@id":"https:\/\/med.tattoo\/fr\/produit\/med-tattoo-color-booster-huile-de-soin-pour-tatouage-100ml\/#primaryimage","url":"https:\/\/med.tattoo\/wp-content\/uploads\/2025\/05\/142_med.tattoo-olejek-do-pielegnacji-tatuazu-100ml_1742990451.jpg","contentUrl":"https:\/\/med.tattoo\/wp-content\/uploads\/2025\/05\/142_med.tattoo-olejek-do-pielegnacji-tatuazu-100ml_1742990451.jpg","width":380,"height":700},{"@type":"BreadcrumbList","@id":"https:\/\/med.tattoo\/fr\/produit\/med-tattoo-color-booster-huile-de-soin-pour-tatouage-100ml\/#breadcrumb","itemListElement":[{"@type":"ListItem","position":1,"name":"Strona G\u0142\u00f3wna","item":"https:\/\/med.tattoo\/fr\/"},{"@type":"ListItem","position":2,"name":"Boutique","item":"https:\/\/med.tattoo\/fr\/boutique\/"},{"@type":"ListItem","position":3,"name":"MED.TATTOO COLOR BOOSTER &#8211; huile de soin pour tatouage 100ml"}]},{"@type":"WebSite","@id":"https:\/\/med.tattoo\/fr\/#website","url":"https:\/\/med.tattoo\/fr\/","name":"MED.TATTOO","description":"Wszystko dla Twojego tatua\u017cu","publisher":{"@id":"https:\/\/med.tattoo\/fr\/#organization"},"potentialAction":[{"@type":"SearchAction","target":{"@type":"EntryPoint","urlTemplate":"https:\/\/med.tattoo\/fr\/?s={search_term_string}"},"query-input":{"@type":"PropertyValueSpecification","valueRequired":true,"valueName":"search_term_string"}}],"inLanguage":"fr-FR"},{"@type":"Organization","@id":"https:\/\/med.tattoo\/fr\/#organization","name":"MED.TATTOO","url":"https:\/\/med.tattoo\/fr\/","logo":{"@type":"ImageObject","inLanguage":"fr-FR","@id":"https:\/\/med.tattoo\/fr\/#\/schema\/logo\/image\/","url":"https:\/\/med.tattoo\/wp-content\/uploads\/2025\/05\/Bez-tytulu-600S300-px-1-e1658908183800.png","contentUrl":"https:\/\/med.tattoo\/wp-content\/uploads\/2025\/05\/Bez-tytulu-600S300-px-1-e1658908183800.png","width":600,"height":61,"caption":"MED.TATTOO"},"image":{"@id":"https:\/\/med.tattoo\/fr\/#\/schema\/logo\/image\/"},"sameAs":["https:\/\/www.facebook.com\/profile.php?id=100084366705613","https:\/\/www.instagram.com\/med.tattoo_official\/"]}]}},"_links":{"self":[{"href":"https:\/\/med.tattoo\/fr\/wp-json\/wp\/v2\/product\/5157","targetHints":{"allow":["GET"]}}],"collection":[{"href":"https:\/\/med.tattoo\/fr\/wp-json\/wp\/v2\/product"}],"about":[{"href":"https:\/\/med.tattoo\/fr\/wp-json\/wp\/v2\/types\/product"}],"replies":[{"embeddable":true,"href":"https:\/\/med.tattoo\/fr\/wp-json\/wp\/v2\/comments?post=5157"}],"wp:featuredmedia":[{"embeddable":true,"href":"https:\/\/med.tattoo\/fr\/wp-json\/wp\/v2\/media\/10720"}],"wp:attachment":[{"href":"https:\/\/med.tattoo\/fr\/wp-json\/wp\/v2\/media?parent=5157"}],"wp:term":[{"taxonomy":"product_brand","embeddable":true,"href":"https:\/\/med.tattoo\/fr\/wp-json\/wp\/v2\/product_brand?post=5157"},{"taxonomy":"product_cat","embeddable":true,"href":"https:\/\/med.tattoo\/fr\/wp-json\/wp\/v2\/product_cat?post=5157"},{"taxonomy":"product_tag","embeddable":true,"href":"https:\/\/med.tattoo\/fr\/wp-json\/wp\/v2\/product_tag?post=5157"}],"curies":[{"name":"wp","href":"https:\/\/api.w.org\/{rel}","templated":true}]}}