{"id":5195,"date":"2021-08-20T11:46:22","date_gmt":"2021-08-20T09:46:22","guid":{"rendered":"https:\/\/med.tattoo\/produkt\/med-tattoo-after-tattoo-creme-cicatrisante-pour-tatouage-50ml\/"},"modified":"2025-11-23T23:50:14","modified_gmt":"2025-11-23T22:50:14","slug":"med-tattoo-after-tattoo-creme-cicatrisante-pour-tatouage-50ml","status":"publish","type":"product","link":"https:\/\/med.tattoo\/fr\/produit\/med-tattoo-after-tattoo-creme-cicatrisante-pour-tatouage-50ml\/","title":{"rendered":"MED.TATTOO AFTER TATTOO &#8211; cr\u00e8me cicatrisante pour tatouage 50ml"},"content":{"rendered":"<p>Cr\u00e8me cicatrisante pour tatouage \u00e0 l&rsquo;extrait de souci<\/p>\n<p>Cr\u00e8me cicatrisante pour tatouage au calendula  <\/p>\n<p>Composition d&rsquo;extrait d&rsquo;olive de fleurs de calendula, de beurre de karit\u00e9 et d&rsquo;huiles : tournesol, jojoba, avocat, noix de macadamia, graines d&rsquo;amarante ; riche en acides gras insatur\u00e9s, phospholipides, phytost\u00e9rols, carot\u00e8nes, l\u00e9cithines, squal\u00e8ne, vitamines A, E, D, K et PP, min\u00e9raux et chlorophylle ; contient du panth\u00e9nol.<br \/>&#8211; a un effet r\u00e9g\u00e9n\u00e9rateur et nourrissant,<br \/>&#8211; lubrifie et hydrate la peau,<br \/>&#8211; a un effet apaisant sur les peaux sujettes aux irritations,<br \/>&#8211; donne \u00e0 la peau une douceur, une souplesse et une \u00e9lasticit\u00e9 exceptionnelles,<br \/>&#8211; contient des antioxydants qui, en d\u00e9truisant les radicaux libres, pr\u00e9viennent la r\u00e9action d&rsquo;oxydation &#8211; l&rsquo;une des causes du vieillissement de la peau,<br \/>&#8211; prot\u00e8ge contre les effets des facteurs atmosph\u00e9riques nocifs,<br \/>&#8211; poss\u00e8de un \u00e9cran solaire naturel.<br \/>\uf0d8 Appliquez la cr\u00e8me sur la peau nettoy\u00e9e et massez d\u00e9licatement pour la faire p\u00e9n\u00e9trer.<\/p>\n<p>\uf0d8 recommand\u00e9 pour les soins quotidiens et la r\u00e9g\u00e9n\u00e9ration de la peau, en particulier la nuit<\/p>\n<p>Conserver \u00e0 temp\u00e9rature ambiante<\/p>\n<p>application : appliquer de petites quantit\u00e9s sur une peau lav\u00e9e et s\u00e8che<br \/>pack : 50ml  <\/p>\n<p>Ingr\u00e9dients : Agua, Olea Europea (Olive) Fruit Oil (and) Callendula Officinalis Flower Extract, Glycerins, Helianthus Annus Seed Oil, Butyrospermum Parkii Fruit Shea (Karite) Butter, Cetyl Alcohol, Polysorbate 60, Macademia Ternifolia Seed Oil, Persea Gratissima (Avocado) Oil, Simmondsia Chinensis (Jojoba) Seed Oil, Tocopheryl Acetate, Retinol, Ergocalciferol, Panthenol, Lanolin, Amaranthus cruentus Oil, Cera alba, Potassium Sorbate, Diazolidinyl Urea, Sodium Benzoate, , Parfum.<br \/>La liste des ingr\u00e9dients est conforme \u00e0 l&rsquo;\u00e9tat actuel de la fabrication.<\/p>\n","protected":false},"excerpt":{"rendered":"<p>Cr\u00e8me cicatrisante pour tatouage \u00e0 l&rsquo;extrait de souci Cr\u00e8me cicatrisante pour tatouage au calendula Composition d&rsquo;extrait d&rsquo;olive de fleurs de calendula, de beurre de karit\u00e9 et d&rsquo;huiles : tournesol, jojoba, avocat, noix de macadamia, graines d&rsquo;amarante ; riche en acides gras insatur\u00e9s, phospholipides, phytost\u00e9rols, carot\u00e8nes, l\u00e9cithines, squal\u00e8ne, vitamines A, E, D, K et PP, min\u00e9raux [&hellip;]<\/p>\n","protected":false},"featured_media":10696,"comment_status":"open","ping_status":"closed","template":"","meta":{"site-sidebar-layout":"default","site-content-layout":"content-boxed-container","ast-site-content-layout":"default","site-content-style":"default","site-sidebar-style":"default","ast-global-header-display":"","ast-banner-title-visibility":"","ast-main-header-display":"","ast-hfb-above-header-display":"","ast-hfb-below-header-display":"","ast-hfb-mobile-header-display":"","site-post-title":"","ast-breadcrumbs-content":"","ast-featured-img":"","footer-sml-layout":"","ast-disable-related-posts":"","theme-transparent-header-meta":"disabled","adv-header-id-meta":"","stick-header-meta":"enabled","header-above-stick-meta":"on","header-main-stick-meta":"on","header-below-stick-meta":"on","astra-migrate-meta-layouts":"default","ast-page-background-enabled":"default","ast-page-background-meta":{"desktop":{"background-color":"var(--ast-global-color-4)","background-image":"","background-repeat":"repeat","background-position":"center center","background-size":"auto","background-attachment":"scroll","background-type":"","background-media":"","overlay-type":"","overlay-color":"","overlay-opacity":"","overlay-gradient":""},"tablet":{"background-color":"","background-image":"","background-repeat":"repeat","background-position":"center center","background-size":"auto","background-attachment":"scroll","background-type":"","background-media":"","overlay-type":"","overlay-color":"","overlay-opacity":"","overlay-gradient":""},"mobile":{"background-color":"","background-image":"","background-repeat":"repeat","background-position":"center center","background-size":"auto","background-attachment":"scroll","background-type":"","background-media":"","overlay-type":"","overlay-color":"","overlay-opacity":"","overlay-gradient":""}},"ast-content-background-meta":{"desktop":{"background-color":"var(--ast-global-color-5)","background-image":"","background-repeat":"repeat","background-position":"center center","background-size":"auto","background-attachment":"scroll","background-type":"","background-media":"","overlay-type":"","overlay-color":"","overlay-opacity":"","overlay-gradient":""},"tablet":{"background-color":"var(--ast-global-color-5)","background-image":"","background-repeat":"repeat","background-position":"center center","background-size":"auto","background-attachment":"scroll","background-type":"","background-media":"","overlay-type":"","overlay-color":"","overlay-opacity":"","overlay-gradient":""},"mobile":{"background-color":"var(--ast-global-color-5)","background-image":"","background-repeat":"repeat","background-position":"center center","background-size":"auto","background-attachment":"scroll","background-type":"","background-media":"","overlay-type":"","overlay-color":"","overlay-opacity":"","overlay-gradient":""}}},"product_brand":[],"product_cat":[91],"product_tag":[],"class_list":{"0":"post-5195","1":"product","2":"type-product","3":"status-publish","4":"has-post-thumbnail","6":"product_cat-med-tattoo-fr","7":"desktop-align-left","8":"tablet-align-left","9":"mobile-align-left","10":"ast-product-gallery-layout-horizontal-slider","11":"ast-product-gallery-with-no-image","12":"ast-product-tabs-layout-distributed","14":"first","15":"instock","16":"taxable","17":"shipping-taxable","18":"purchasable","19":"product-type-simple"},"yoast_head":"<!-- This site is optimized with the Yoast SEO plugin v27.4 - https:\/\/yoast.com\/product\/yoast-seo-wordpress\/ -->\n<title>MED.TATTOO AFTER TATTOO - cr\u00e8me cicatrisante pour tatouage 50ml - MED.TATTOO<\/title>\n<meta name=\"robots\" content=\"index, follow, max-snippet:-1, max-image-preview:large, max-video-preview:-1\" \/>\n<link rel=\"canonical\" href=\"https:\/\/med.tattoo\/fr\/produit\/med-tattoo-after-tattoo-creme-cicatrisante-pour-tatouage-50ml\/\" \/>\n<meta property=\"og:locale\" content=\"fr_FR\" \/>\n<meta property=\"og:type\" content=\"article\" \/>\n<meta property=\"og:title\" content=\"MED.TATTOO AFTER TATTOO - cr\u00e8me cicatrisante pour tatouage 50ml - MED.TATTOO\" \/>\n<meta property=\"og:description\" content=\"Cr\u00e8me cicatrisante pour tatouage \u00e0 l&rsquo;extrait de souci Cr\u00e8me cicatrisante pour tatouage au calendula Composition d&rsquo;extrait d&rsquo;olive de fleurs de calendula, de beurre de karit\u00e9 et d&rsquo;huiles : tournesol, jojoba, avocat, noix de macadamia, graines d&rsquo;amarante ; riche en acides gras insatur\u00e9s, phospholipides, phytost\u00e9rols, carot\u00e8nes, l\u00e9cithines, squal\u00e8ne, vitamines A, E, D, K et PP, min\u00e9raux [&hellip;]\" \/>\n<meta property=\"og:url\" content=\"https:\/\/med.tattoo\/fr\/produit\/med-tattoo-after-tattoo-creme-cicatrisante-pour-tatouage-50ml\/\" \/>\n<meta property=\"og:site_name\" content=\"MED.TATTOO\" \/>\n<meta property=\"article:publisher\" content=\"https:\/\/www.facebook.com\/profile.php?id=100084366705613\" \/>\n<meta property=\"article:modified_time\" content=\"2025-11-23T22:50:14+00:00\" \/>\n<meta name=\"twitter:card\" content=\"summary_large_image\" \/>\n<meta name=\"twitter:label1\" content=\"Dur\u00e9e de lecture estim\u00e9e\" \/>\n\t<meta name=\"twitter:data1\" content=\"1 minute\" \/>\n<script type=\"application\/ld+json\" class=\"yoast-schema-graph\">{\"@context\":\"https:\\\/\\\/schema.org\",\"@graph\":[{\"@type\":\"WebPage\",\"@id\":\"https:\\\/\\\/med.tattoo\\\/fr\\\/produit\\\/med-tattoo-after-tattoo-creme-cicatrisante-pour-tatouage-50ml\\\/\",\"url\":\"https:\\\/\\\/med.tattoo\\\/fr\\\/produit\\\/med-tattoo-after-tattoo-creme-cicatrisante-pour-tatouage-50ml\\\/\",\"name\":\"MED.TATTOO AFTER TATTOO - cr\u00e8me cicatrisante pour tatouage 50ml - MED.TATTOO\",\"isPartOf\":{\"@id\":\"https:\\\/\\\/med.tattoo\\\/fr\\\/#website\"},\"primaryImageOfPage\":{\"@id\":\"https:\\\/\\\/med.tattoo\\\/fr\\\/produit\\\/med-tattoo-after-tattoo-creme-cicatrisante-pour-tatouage-50ml\\\/#primaryimage\"},\"image\":{\"@id\":\"https:\\\/\\\/med.tattoo\\\/fr\\\/produit\\\/med-tattoo-after-tattoo-creme-cicatrisante-pour-tatouage-50ml\\\/#primaryimage\"},\"thumbnailUrl\":\"https:\\\/\\\/med.tattoo\\\/wp-content\\\/uploads\\\/2025\\\/05\\\/140_med.tattoo-gojacy-krem-do-tatuazu-50ml_1742990451.jpg\",\"datePublished\":\"2021-08-20T09:46:22+00:00\",\"dateModified\":\"2025-11-23T22:50:14+00:00\",\"breadcrumb\":{\"@id\":\"https:\\\/\\\/med.tattoo\\\/fr\\\/produit\\\/med-tattoo-after-tattoo-creme-cicatrisante-pour-tatouage-50ml\\\/#breadcrumb\"},\"inLanguage\":\"fr-FR\",\"potentialAction\":[{\"@type\":\"ReadAction\",\"target\":[\"https:\\\/\\\/med.tattoo\\\/fr\\\/produit\\\/med-tattoo-after-tattoo-creme-cicatrisante-pour-tatouage-50ml\\\/\"]}]},{\"@type\":\"ImageObject\",\"inLanguage\":\"fr-FR\",\"@id\":\"https:\\\/\\\/med.tattoo\\\/fr\\\/produit\\\/med-tattoo-after-tattoo-creme-cicatrisante-pour-tatouage-50ml\\\/#primaryimage\",\"url\":\"https:\\\/\\\/med.tattoo\\\/wp-content\\\/uploads\\\/2025\\\/05\\\/140_med.tattoo-gojacy-krem-do-tatuazu-50ml_1742990451.jpg\",\"contentUrl\":\"https:\\\/\\\/med.tattoo\\\/wp-content\\\/uploads\\\/2025\\\/05\\\/140_med.tattoo-gojacy-krem-do-tatuazu-50ml_1742990451.jpg\",\"width\":952,\"height\":700},{\"@type\":\"BreadcrumbList\",\"@id\":\"https:\\\/\\\/med.tattoo\\\/fr\\\/produit\\\/med-tattoo-after-tattoo-creme-cicatrisante-pour-tatouage-50ml\\\/#breadcrumb\",\"itemListElement\":[{\"@type\":\"ListItem\",\"position\":1,\"name\":\"Strona G\u0142\u00f3wna\",\"item\":\"https:\\\/\\\/med.tattoo\\\/fr\\\/\"},{\"@type\":\"ListItem\",\"position\":2,\"name\":\"Boutique\",\"item\":\"https:\\\/\\\/med.tattoo\\\/fr\\\/boutique\\\/\"},{\"@type\":\"ListItem\",\"position\":3,\"name\":\"MED.TATTOO AFTER TATTOO &#8211; cr\u00e8me cicatrisante pour tatouage 50ml\"}]},{\"@type\":\"WebSite\",\"@id\":\"https:\\\/\\\/med.tattoo\\\/fr\\\/#website\",\"url\":\"https:\\\/\\\/med.tattoo\\\/fr\\\/\",\"name\":\"MED.TATTOO\",\"description\":\"Wszystko dla Twojego tatua\u017cu\",\"publisher\":{\"@id\":\"https:\\\/\\\/med.tattoo\\\/fr\\\/#organization\"},\"potentialAction\":[{\"@type\":\"SearchAction\",\"target\":{\"@type\":\"EntryPoint\",\"urlTemplate\":\"https:\\\/\\\/med.tattoo\\\/fr\\\/?s={search_term_string}\"},\"query-input\":{\"@type\":\"PropertyValueSpecification\",\"valueRequired\":true,\"valueName\":\"search_term_string\"}}],\"inLanguage\":\"fr-FR\"},{\"@type\":\"Organization\",\"@id\":\"https:\\\/\\\/med.tattoo\\\/fr\\\/#organization\",\"name\":\"MED.TATTOO\",\"url\":\"https:\\\/\\\/med.tattoo\\\/fr\\\/\",\"logo\":{\"@type\":\"ImageObject\",\"inLanguage\":\"fr-FR\",\"@id\":\"https:\\\/\\\/med.tattoo\\\/fr\\\/#\\\/schema\\\/logo\\\/image\\\/\",\"url\":\"https:\\\/\\\/med.tattoo\\\/wp-content\\\/uploads\\\/2025\\\/05\\\/Bez-tytulu-600S300-px-1-e1658908183800.png\",\"contentUrl\":\"https:\\\/\\\/med.tattoo\\\/wp-content\\\/uploads\\\/2025\\\/05\\\/Bez-tytulu-600S300-px-1-e1658908183800.png\",\"width\":600,\"height\":61,\"caption\":\"MED.TATTOO\"},\"image\":{\"@id\":\"https:\\\/\\\/med.tattoo\\\/fr\\\/#\\\/schema\\\/logo\\\/image\\\/\"},\"sameAs\":[\"https:\\\/\\\/www.facebook.com\\\/profile.php?id=100084366705613\",\"https:\\\/\\\/www.instagram.com\\\/med.tattoo_official\\\/\"]}]}<\/script>\n<!-- \/ Yoast SEO plugin. -->","yoast_head_json":{"title":"MED.TATTOO AFTER TATTOO - cr\u00e8me cicatrisante pour tatouage 50ml - MED.TATTOO","robots":{"index":"index","follow":"follow","max-snippet":"max-snippet:-1","max-image-preview":"max-image-preview:large","max-video-preview":"max-video-preview:-1"},"canonical":"https:\/\/med.tattoo\/fr\/produit\/med-tattoo-after-tattoo-creme-cicatrisante-pour-tatouage-50ml\/","og_locale":"fr_FR","og_type":"article","og_title":"MED.TATTOO AFTER TATTOO - cr\u00e8me cicatrisante pour tatouage 50ml - MED.TATTOO","og_description":"Cr\u00e8me cicatrisante pour tatouage \u00e0 l&rsquo;extrait de souci Cr\u00e8me cicatrisante pour tatouage au calendula Composition d&rsquo;extrait d&rsquo;olive de fleurs de calendula, de beurre de karit\u00e9 et d&rsquo;huiles : tournesol, jojoba, avocat, noix de macadamia, graines d&rsquo;amarante ; riche en acides gras insatur\u00e9s, phospholipides, phytost\u00e9rols, carot\u00e8nes, l\u00e9cithines, squal\u00e8ne, vitamines A, E, D, K et PP, min\u00e9raux [&hellip;]","og_url":"https:\/\/med.tattoo\/fr\/produit\/med-tattoo-after-tattoo-creme-cicatrisante-pour-tatouage-50ml\/","og_site_name":"MED.TATTOO","article_publisher":"https:\/\/www.facebook.com\/profile.php?id=100084366705613","article_modified_time":"2025-11-23T22:50:14+00:00","twitter_card":"summary_large_image","twitter_misc":{"Dur\u00e9e de lecture estim\u00e9e":"1 minute"},"schema":{"@context":"https:\/\/schema.org","@graph":[{"@type":"WebPage","@id":"https:\/\/med.tattoo\/fr\/produit\/med-tattoo-after-tattoo-creme-cicatrisante-pour-tatouage-50ml\/","url":"https:\/\/med.tattoo\/fr\/produit\/med-tattoo-after-tattoo-creme-cicatrisante-pour-tatouage-50ml\/","name":"MED.TATTOO AFTER TATTOO - cr\u00e8me cicatrisante pour tatouage 50ml - MED.TATTOO","isPartOf":{"@id":"https:\/\/med.tattoo\/fr\/#website"},"primaryImageOfPage":{"@id":"https:\/\/med.tattoo\/fr\/produit\/med-tattoo-after-tattoo-creme-cicatrisante-pour-tatouage-50ml\/#primaryimage"},"image":{"@id":"https:\/\/med.tattoo\/fr\/produit\/med-tattoo-after-tattoo-creme-cicatrisante-pour-tatouage-50ml\/#primaryimage"},"thumbnailUrl":"https:\/\/med.tattoo\/wp-content\/uploads\/2025\/05\/140_med.tattoo-gojacy-krem-do-tatuazu-50ml_1742990451.jpg","datePublished":"2021-08-20T09:46:22+00:00","dateModified":"2025-11-23T22:50:14+00:00","breadcrumb":{"@id":"https:\/\/med.tattoo\/fr\/produit\/med-tattoo-after-tattoo-creme-cicatrisante-pour-tatouage-50ml\/#breadcrumb"},"inLanguage":"fr-FR","potentialAction":[{"@type":"ReadAction","target":["https:\/\/med.tattoo\/fr\/produit\/med-tattoo-after-tattoo-creme-cicatrisante-pour-tatouage-50ml\/"]}]},{"@type":"ImageObject","inLanguage":"fr-FR","@id":"https:\/\/med.tattoo\/fr\/produit\/med-tattoo-after-tattoo-creme-cicatrisante-pour-tatouage-50ml\/#primaryimage","url":"https:\/\/med.tattoo\/wp-content\/uploads\/2025\/05\/140_med.tattoo-gojacy-krem-do-tatuazu-50ml_1742990451.jpg","contentUrl":"https:\/\/med.tattoo\/wp-content\/uploads\/2025\/05\/140_med.tattoo-gojacy-krem-do-tatuazu-50ml_1742990451.jpg","width":952,"height":700},{"@type":"BreadcrumbList","@id":"https:\/\/med.tattoo\/fr\/produit\/med-tattoo-after-tattoo-creme-cicatrisante-pour-tatouage-50ml\/#breadcrumb","itemListElement":[{"@type":"ListItem","position":1,"name":"Strona G\u0142\u00f3wna","item":"https:\/\/med.tattoo\/fr\/"},{"@type":"ListItem","position":2,"name":"Boutique","item":"https:\/\/med.tattoo\/fr\/boutique\/"},{"@type":"ListItem","position":3,"name":"MED.TATTOO AFTER TATTOO &#8211; cr\u00e8me cicatrisante pour tatouage 50ml"}]},{"@type":"WebSite","@id":"https:\/\/med.tattoo\/fr\/#website","url":"https:\/\/med.tattoo\/fr\/","name":"MED.TATTOO","description":"Wszystko dla Twojego tatua\u017cu","publisher":{"@id":"https:\/\/med.tattoo\/fr\/#organization"},"potentialAction":[{"@type":"SearchAction","target":{"@type":"EntryPoint","urlTemplate":"https:\/\/med.tattoo\/fr\/?s={search_term_string}"},"query-input":{"@type":"PropertyValueSpecification","valueRequired":true,"valueName":"search_term_string"}}],"inLanguage":"fr-FR"},{"@type":"Organization","@id":"https:\/\/med.tattoo\/fr\/#organization","name":"MED.TATTOO","url":"https:\/\/med.tattoo\/fr\/","logo":{"@type":"ImageObject","inLanguage":"fr-FR","@id":"https:\/\/med.tattoo\/fr\/#\/schema\/logo\/image\/","url":"https:\/\/med.tattoo\/wp-content\/uploads\/2025\/05\/Bez-tytulu-600S300-px-1-e1658908183800.png","contentUrl":"https:\/\/med.tattoo\/wp-content\/uploads\/2025\/05\/Bez-tytulu-600S300-px-1-e1658908183800.png","width":600,"height":61,"caption":"MED.TATTOO"},"image":{"@id":"https:\/\/med.tattoo\/fr\/#\/schema\/logo\/image\/"},"sameAs":["https:\/\/www.facebook.com\/profile.php?id=100084366705613","https:\/\/www.instagram.com\/med.tattoo_official\/"]}]}},"_links":{"self":[{"href":"https:\/\/med.tattoo\/fr\/wp-json\/wp\/v2\/product\/5195","targetHints":{"allow":["GET"]}}],"collection":[{"href":"https:\/\/med.tattoo\/fr\/wp-json\/wp\/v2\/product"}],"about":[{"href":"https:\/\/med.tattoo\/fr\/wp-json\/wp\/v2\/types\/product"}],"replies":[{"embeddable":true,"href":"https:\/\/med.tattoo\/fr\/wp-json\/wp\/v2\/comments?post=5195"}],"wp:featuredmedia":[{"embeddable":true,"href":"https:\/\/med.tattoo\/fr\/wp-json\/wp\/v2\/media\/10696"}],"wp:attachment":[{"href":"https:\/\/med.tattoo\/fr\/wp-json\/wp\/v2\/media?parent=5195"}],"wp:term":[{"taxonomy":"product_brand","embeddable":true,"href":"https:\/\/med.tattoo\/fr\/wp-json\/wp\/v2\/product_brand?post=5195"},{"taxonomy":"product_cat","embeddable":true,"href":"https:\/\/med.tattoo\/fr\/wp-json\/wp\/v2\/product_cat?post=5195"},{"taxonomy":"product_tag","embeddable":true,"href":"https:\/\/med.tattoo\/fr\/wp-json\/wp\/v2\/product_tag?post=5195"}],"curies":[{"name":"wp","href":"https:\/\/api.w.org\/{rel}","templated":true}]}}