{"id":5231,"date":"2021-08-20T11:50:58","date_gmt":"2021-08-20T09:50:58","guid":{"rendered":"https:\/\/med.tattoo\/produkt\/med-tattoo-while-tattooing-vaseline-au-calendula-500g\/"},"modified":"2025-05-15T09:33:32","modified_gmt":"2025-05-15T07:33:32","slug":"med-tattoo-while-tattooing-vaseline-au-calendula-500g","status":"publish","type":"product","link":"https:\/\/med.tattoo\/fr\/produit\/med-tattoo-while-tattooing-vaseline-au-calendula-500g\/","title":{"rendered":"MED.TATTOO WHILE TATTOOING &#8211; Vaseline au calendula 500g"},"content":{"rendered":"<p>Tous les composants utilis\u00e9s sont d&rsquo;origine naturelle. Cela vous donne l&rsquo;assurance d&rsquo;utiliser une pr\u00e9paration biologiquement tr\u00e8s active et donc efficace.<br \/>Les mac\u00e9rats huileux \u00e0 base d&rsquo;huile d&rsquo;olive cosm\u00e9tique de haute qualit\u00e9 avec des fleurs de calendula et de velours biologiques exercent une action r\u00e9g\u00e9n\u00e9ratrice sur l&rsquo;\u00e9piderme, acc\u00e9l\u00e8rent la cicatrisation des plaies ; ils ont un effet antibact\u00e9rien et des propri\u00e9t\u00e9s antioxydantes, am\u00e9liorent la tonicit\u00e9 de la peau et la prot\u00e8gent contre les rayons du soleil. Elles contiennent de la vitamine F naturelle qui prot\u00e8ge la peau de la d\u00e9shydratation. C&rsquo;est gr\u00e2ce \u00e0 elle que la protection lipidique naturelle de l&rsquo;\u00e9piderme est restaur\u00e9e. Ils stimulent la circulation sanguine, rendant la peau plus nourrie et plus lisse.<br \/>La plupart des tensioactifs utilis\u00e9s dans les produits cosm\u00e9tiques sont d&rsquo;origine synth\u00e9tique. Ils ont un effet irritant et allergisant sur la peau. Nos mac\u00e9rats contiennent des substances naturelles issues de diff\u00e9rents groupes de m\u00e9tabolites tels que les flavono\u00efdes, les ph\u00e9nolacides, les saponines, les alcalo\u00efdes, les triterp\u00e8nes, les lipides et les carot\u00e9no\u00efdes. Le m\u00e9canisme d&rsquo;action de ces compos\u00e9s comprend la stimulation de la r\u00e9ponse anti-inflammatoire et immunitaire, la d\u00e9toxification.       <\/p>\n","protected":false},"excerpt":{"rendered":"<p>Tous les composants utilis\u00e9s sont d&rsquo;origine naturelle. Cela vous donne l&rsquo;assurance d&rsquo;utiliser une pr\u00e9paration biologiquement tr\u00e8s active et donc efficace.Les mac\u00e9rats huileux \u00e0 base d&rsquo;huile d&rsquo;olive cosm\u00e9tique de haute qualit\u00e9 avec des fleurs de calendula et de velours biologiques exercent une action r\u00e9g\u00e9n\u00e9ratrice sur l&rsquo;\u00e9piderme, acc\u00e9l\u00e8rent la cicatrisation des plaies ; ils ont un effet [&hellip;]<\/p>\n","protected":false},"featured_media":8865,"comment_status":"open","ping_status":"closed","template":"","meta":{"site-sidebar-layout":"default","site-content-layout":"content-boxed-container","ast-site-content-layout":"default","site-content-style":"default","site-sidebar-style":"default","ast-global-header-display":"","ast-banner-title-visibility":"","ast-main-header-display":"","ast-hfb-above-header-display":"","ast-hfb-below-header-display":"","ast-hfb-mobile-header-display":"","site-post-title":"","ast-breadcrumbs-content":"","ast-featured-img":"","footer-sml-layout":"","ast-disable-related-posts":"","theme-transparent-header-meta":"disabled","adv-header-id-meta":"","stick-header-meta":"enabled","header-above-stick-meta":"on","header-main-stick-meta":"on","header-below-stick-meta":"on","astra-migrate-meta-layouts":"default","ast-page-background-enabled":"default","ast-page-background-meta":{"desktop":{"background-color":"var(--ast-global-color-4)","background-image":"","background-repeat":"repeat","background-position":"center center","background-size":"auto","background-attachment":"scroll","background-type":"","background-media":"","overlay-type":"","overlay-color":"","overlay-opacity":"","overlay-gradient":""},"tablet":{"background-color":"","background-image":"","background-repeat":"repeat","background-position":"center center","background-size":"auto","background-attachment":"scroll","background-type":"","background-media":"","overlay-type":"","overlay-color":"","overlay-opacity":"","overlay-gradient":""},"mobile":{"background-color":"","background-image":"","background-repeat":"repeat","background-position":"center center","background-size":"auto","background-attachment":"scroll","background-type":"","background-media":"","overlay-type":"","overlay-color":"","overlay-opacity":"","overlay-gradient":""}},"ast-content-background-meta":{"desktop":{"background-color":"var(--ast-global-color-5)","background-image":"","background-repeat":"repeat","background-position":"center center","background-size":"auto","background-attachment":"scroll","background-type":"","background-media":"","overlay-type":"","overlay-color":"","overlay-opacity":"","overlay-gradient":""},"tablet":{"background-color":"var(--ast-global-color-5)","background-image":"","background-repeat":"repeat","background-position":"center center","background-size":"auto","background-attachment":"scroll","background-type":"","background-media":"","overlay-type":"","overlay-color":"","overlay-opacity":"","overlay-gradient":""},"mobile":{"background-color":"var(--ast-global-color-5)","background-image":"","background-repeat":"repeat","background-position":"center center","background-size":"auto","background-attachment":"scroll","background-type":"","background-media":"","overlay-type":"","overlay-color":"","overlay-opacity":"","overlay-gradient":""}}},"product_brand":[],"product_cat":[91],"product_tag":[],"class_list":{"0":"post-5231","1":"product","2":"type-product","3":"status-publish","4":"has-post-thumbnail","6":"product_cat-med-tattoo-fr","7":"desktop-align-left","8":"tablet-align-left","9":"mobile-align-left","10":"ast-product-gallery-layout-horizontal-slider","11":"ast-product-tabs-layout-distributed","13":"first","14":"outofstock","15":"taxable","16":"shipping-taxable","17":"purchasable","18":"product-type-simple"},"yoast_head":"<!-- This site is optimized with the Yoast SEO plugin v27.3 - https:\/\/yoast.com\/product\/yoast-seo-wordpress\/ -->\n<title>MED.TATTOO WHILE TATTOOING - Vaseline au calendula 500g - MED.TATTOO<\/title>\n<meta name=\"robots\" content=\"index, follow, max-snippet:-1, max-image-preview:large, max-video-preview:-1\" \/>\n<link rel=\"canonical\" href=\"https:\/\/med.tattoo\/fr\/produit\/med-tattoo-while-tattooing-vaseline-au-calendula-500g\/\" \/>\n<meta property=\"og:locale\" content=\"fr_FR\" \/>\n<meta property=\"og:type\" content=\"article\" \/>\n<meta property=\"og:title\" content=\"MED.TATTOO WHILE TATTOOING - Vaseline au calendula 500g - MED.TATTOO\" \/>\n<meta property=\"og:description\" content=\"Tous les composants utilis\u00e9s sont d&rsquo;origine naturelle. Cela vous donne l&rsquo;assurance d&rsquo;utiliser une pr\u00e9paration biologiquement tr\u00e8s active et donc efficace.Les mac\u00e9rats huileux \u00e0 base d&rsquo;huile d&rsquo;olive cosm\u00e9tique de haute qualit\u00e9 avec des fleurs de calendula et de velours biologiques exercent une action r\u00e9g\u00e9n\u00e9ratrice sur l&rsquo;\u00e9piderme, acc\u00e9l\u00e8rent la cicatrisation des plaies ; ils ont un effet [&hellip;]\" \/>\n<meta property=\"og:url\" content=\"https:\/\/med.tattoo\/fr\/produit\/med-tattoo-while-tattooing-vaseline-au-calendula-500g\/\" \/>\n<meta property=\"og:site_name\" content=\"MED.TATTOO\" \/>\n<meta property=\"article:publisher\" content=\"https:\/\/www.facebook.com\/profile.php?id=100084366705613\" \/>\n<meta property=\"article:modified_time\" content=\"2025-05-15T07:33:32+00:00\" \/>\n<meta property=\"og:image\" content=\"https:\/\/med.tattoo\/wp-content\/uploads\/2025\/05\/75_med.tattoo-wazelina-z-nagietkiem-500g_1742990452.jpg\" \/>\n\t<meta property=\"og:image:width\" content=\"935\" \/>\n\t<meta property=\"og:image:height\" content=\"700\" \/>\n\t<meta property=\"og:image:type\" content=\"image\/jpeg\" \/>\n<meta name=\"twitter:card\" content=\"summary_large_image\" \/>\n<meta name=\"twitter:label1\" content=\"Dur\u00e9e de lecture estim\u00e9e\" \/>\n\t<meta name=\"twitter:data1\" content=\"1 minute\" \/>\n<script type=\"application\/ld+json\" class=\"yoast-schema-graph\">{\"@context\":\"https:\\\/\\\/schema.org\",\"@graph\":[{\"@type\":\"WebPage\",\"@id\":\"https:\\\/\\\/med.tattoo\\\/fr\\\/produit\\\/med-tattoo-while-tattooing-vaseline-au-calendula-500g\\\/\",\"url\":\"https:\\\/\\\/med.tattoo\\\/fr\\\/produit\\\/med-tattoo-while-tattooing-vaseline-au-calendula-500g\\\/\",\"name\":\"MED.TATTOO WHILE TATTOOING - Vaseline au calendula 500g - MED.TATTOO\",\"isPartOf\":{\"@id\":\"https:\\\/\\\/med.tattoo\\\/fr\\\/#website\"},\"primaryImageOfPage\":{\"@id\":\"https:\\\/\\\/med.tattoo\\\/fr\\\/produit\\\/med-tattoo-while-tattooing-vaseline-au-calendula-500g\\\/#primaryimage\"},\"image\":{\"@id\":\"https:\\\/\\\/med.tattoo\\\/fr\\\/produit\\\/med-tattoo-while-tattooing-vaseline-au-calendula-500g\\\/#primaryimage\"},\"thumbnailUrl\":\"https:\\\/\\\/med.tattoo\\\/wp-content\\\/uploads\\\/2025\\\/05\\\/75_med.tattoo-wazelina-z-nagietkiem-500g_1742990452.jpg\",\"datePublished\":\"2021-08-20T09:50:58+00:00\",\"dateModified\":\"2025-05-15T07:33:32+00:00\",\"breadcrumb\":{\"@id\":\"https:\\\/\\\/med.tattoo\\\/fr\\\/produit\\\/med-tattoo-while-tattooing-vaseline-au-calendula-500g\\\/#breadcrumb\"},\"inLanguage\":\"fr-FR\",\"potentialAction\":[{\"@type\":\"ReadAction\",\"target\":[\"https:\\\/\\\/med.tattoo\\\/fr\\\/produit\\\/med-tattoo-while-tattooing-vaseline-au-calendula-500g\\\/\"]}]},{\"@type\":\"ImageObject\",\"inLanguage\":\"fr-FR\",\"@id\":\"https:\\\/\\\/med.tattoo\\\/fr\\\/produit\\\/med-tattoo-while-tattooing-vaseline-au-calendula-500g\\\/#primaryimage\",\"url\":\"https:\\\/\\\/med.tattoo\\\/wp-content\\\/uploads\\\/2025\\\/05\\\/75_med.tattoo-wazelina-z-nagietkiem-500g_1742990452.jpg\",\"contentUrl\":\"https:\\\/\\\/med.tattoo\\\/wp-content\\\/uploads\\\/2025\\\/05\\\/75_med.tattoo-wazelina-z-nagietkiem-500g_1742990452.jpg\",\"width\":935,\"height\":700},{\"@type\":\"BreadcrumbList\",\"@id\":\"https:\\\/\\\/med.tattoo\\\/fr\\\/produit\\\/med-tattoo-while-tattooing-vaseline-au-calendula-500g\\\/#breadcrumb\",\"itemListElement\":[{\"@type\":\"ListItem\",\"position\":1,\"name\":\"Strona G\u0142\u00f3wna\",\"item\":\"https:\\\/\\\/med.tattoo\\\/fr\\\/\"},{\"@type\":\"ListItem\",\"position\":2,\"name\":\"Boutique\",\"item\":\"https:\\\/\\\/med.tattoo\\\/fr\\\/boutique\\\/\"},{\"@type\":\"ListItem\",\"position\":3,\"name\":\"MED.TATTOO WHILE TATTOOING &#8211; Vaseline au calendula 500g\"}]},{\"@type\":\"WebSite\",\"@id\":\"https:\\\/\\\/med.tattoo\\\/fr\\\/#website\",\"url\":\"https:\\\/\\\/med.tattoo\\\/fr\\\/\",\"name\":\"MED.TATTOO\",\"description\":\"Wszystko dla Twojego tatua\u017cu\",\"publisher\":{\"@id\":\"https:\\\/\\\/med.tattoo\\\/fr\\\/#organization\"},\"potentialAction\":[{\"@type\":\"SearchAction\",\"target\":{\"@type\":\"EntryPoint\",\"urlTemplate\":\"https:\\\/\\\/med.tattoo\\\/fr\\\/?s={search_term_string}\"},\"query-input\":{\"@type\":\"PropertyValueSpecification\",\"valueRequired\":true,\"valueName\":\"search_term_string\"}}],\"inLanguage\":\"fr-FR\"},{\"@type\":\"Organization\",\"@id\":\"https:\\\/\\\/med.tattoo\\\/fr\\\/#organization\",\"name\":\"MED.TATTOO\",\"url\":\"https:\\\/\\\/med.tattoo\\\/fr\\\/\",\"logo\":{\"@type\":\"ImageObject\",\"inLanguage\":\"fr-FR\",\"@id\":\"https:\\\/\\\/med.tattoo\\\/fr\\\/#\\\/schema\\\/logo\\\/image\\\/\",\"url\":\"https:\\\/\\\/med.tattoo\\\/wp-content\\\/uploads\\\/2025\\\/05\\\/Bez-tytulu-600S300-px-1-e1658908183800.png\",\"contentUrl\":\"https:\\\/\\\/med.tattoo\\\/wp-content\\\/uploads\\\/2025\\\/05\\\/Bez-tytulu-600S300-px-1-e1658908183800.png\",\"width\":600,\"height\":61,\"caption\":\"MED.TATTOO\"},\"image\":{\"@id\":\"https:\\\/\\\/med.tattoo\\\/fr\\\/#\\\/schema\\\/logo\\\/image\\\/\"},\"sameAs\":[\"https:\\\/\\\/www.facebook.com\\\/profile.php?id=100084366705613\",\"https:\\\/\\\/www.instagram.com\\\/med.tattoo_official\\\/\"]}]}<\/script>\n<!-- \/ Yoast SEO plugin. -->","yoast_head_json":{"title":"MED.TATTOO WHILE TATTOOING - Vaseline au calendula 500g - MED.TATTOO","robots":{"index":"index","follow":"follow","max-snippet":"max-snippet:-1","max-image-preview":"max-image-preview:large","max-video-preview":"max-video-preview:-1"},"canonical":"https:\/\/med.tattoo\/fr\/produit\/med-tattoo-while-tattooing-vaseline-au-calendula-500g\/","og_locale":"fr_FR","og_type":"article","og_title":"MED.TATTOO WHILE TATTOOING - Vaseline au calendula 500g - MED.TATTOO","og_description":"Tous les composants utilis\u00e9s sont d&rsquo;origine naturelle. Cela vous donne l&rsquo;assurance d&rsquo;utiliser une pr\u00e9paration biologiquement tr\u00e8s active et donc efficace.Les mac\u00e9rats huileux \u00e0 base d&rsquo;huile d&rsquo;olive cosm\u00e9tique de haute qualit\u00e9 avec des fleurs de calendula et de velours biologiques exercent une action r\u00e9g\u00e9n\u00e9ratrice sur l&rsquo;\u00e9piderme, acc\u00e9l\u00e8rent la cicatrisation des plaies ; ils ont un effet [&hellip;]","og_url":"https:\/\/med.tattoo\/fr\/produit\/med-tattoo-while-tattooing-vaseline-au-calendula-500g\/","og_site_name":"MED.TATTOO","article_publisher":"https:\/\/www.facebook.com\/profile.php?id=100084366705613","article_modified_time":"2025-05-15T07:33:32+00:00","og_image":[{"width":935,"height":700,"url":"https:\/\/med.tattoo\/wp-content\/uploads\/2025\/05\/75_med.tattoo-wazelina-z-nagietkiem-500g_1742990452.jpg","type":"image\/jpeg"}],"twitter_card":"summary_large_image","twitter_misc":{"Dur\u00e9e de lecture estim\u00e9e":"1 minute"},"schema":{"@context":"https:\/\/schema.org","@graph":[{"@type":"WebPage","@id":"https:\/\/med.tattoo\/fr\/produit\/med-tattoo-while-tattooing-vaseline-au-calendula-500g\/","url":"https:\/\/med.tattoo\/fr\/produit\/med-tattoo-while-tattooing-vaseline-au-calendula-500g\/","name":"MED.TATTOO WHILE TATTOOING - Vaseline au calendula 500g - MED.TATTOO","isPartOf":{"@id":"https:\/\/med.tattoo\/fr\/#website"},"primaryImageOfPage":{"@id":"https:\/\/med.tattoo\/fr\/produit\/med-tattoo-while-tattooing-vaseline-au-calendula-500g\/#primaryimage"},"image":{"@id":"https:\/\/med.tattoo\/fr\/produit\/med-tattoo-while-tattooing-vaseline-au-calendula-500g\/#primaryimage"},"thumbnailUrl":"https:\/\/med.tattoo\/wp-content\/uploads\/2025\/05\/75_med.tattoo-wazelina-z-nagietkiem-500g_1742990452.jpg","datePublished":"2021-08-20T09:50:58+00:00","dateModified":"2025-05-15T07:33:32+00:00","breadcrumb":{"@id":"https:\/\/med.tattoo\/fr\/produit\/med-tattoo-while-tattooing-vaseline-au-calendula-500g\/#breadcrumb"},"inLanguage":"fr-FR","potentialAction":[{"@type":"ReadAction","target":["https:\/\/med.tattoo\/fr\/produit\/med-tattoo-while-tattooing-vaseline-au-calendula-500g\/"]}]},{"@type":"ImageObject","inLanguage":"fr-FR","@id":"https:\/\/med.tattoo\/fr\/produit\/med-tattoo-while-tattooing-vaseline-au-calendula-500g\/#primaryimage","url":"https:\/\/med.tattoo\/wp-content\/uploads\/2025\/05\/75_med.tattoo-wazelina-z-nagietkiem-500g_1742990452.jpg","contentUrl":"https:\/\/med.tattoo\/wp-content\/uploads\/2025\/05\/75_med.tattoo-wazelina-z-nagietkiem-500g_1742990452.jpg","width":935,"height":700},{"@type":"BreadcrumbList","@id":"https:\/\/med.tattoo\/fr\/produit\/med-tattoo-while-tattooing-vaseline-au-calendula-500g\/#breadcrumb","itemListElement":[{"@type":"ListItem","position":1,"name":"Strona G\u0142\u00f3wna","item":"https:\/\/med.tattoo\/fr\/"},{"@type":"ListItem","position":2,"name":"Boutique","item":"https:\/\/med.tattoo\/fr\/boutique\/"},{"@type":"ListItem","position":3,"name":"MED.TATTOO WHILE TATTOOING &#8211; Vaseline au calendula 500g"}]},{"@type":"WebSite","@id":"https:\/\/med.tattoo\/fr\/#website","url":"https:\/\/med.tattoo\/fr\/","name":"MED.TATTOO","description":"Wszystko dla Twojego tatua\u017cu","publisher":{"@id":"https:\/\/med.tattoo\/fr\/#organization"},"potentialAction":[{"@type":"SearchAction","target":{"@type":"EntryPoint","urlTemplate":"https:\/\/med.tattoo\/fr\/?s={search_term_string}"},"query-input":{"@type":"PropertyValueSpecification","valueRequired":true,"valueName":"search_term_string"}}],"inLanguage":"fr-FR"},{"@type":"Organization","@id":"https:\/\/med.tattoo\/fr\/#organization","name":"MED.TATTOO","url":"https:\/\/med.tattoo\/fr\/","logo":{"@type":"ImageObject","inLanguage":"fr-FR","@id":"https:\/\/med.tattoo\/fr\/#\/schema\/logo\/image\/","url":"https:\/\/med.tattoo\/wp-content\/uploads\/2025\/05\/Bez-tytulu-600S300-px-1-e1658908183800.png","contentUrl":"https:\/\/med.tattoo\/wp-content\/uploads\/2025\/05\/Bez-tytulu-600S300-px-1-e1658908183800.png","width":600,"height":61,"caption":"MED.TATTOO"},"image":{"@id":"https:\/\/med.tattoo\/fr\/#\/schema\/logo\/image\/"},"sameAs":["https:\/\/www.facebook.com\/profile.php?id=100084366705613","https:\/\/www.instagram.com\/med.tattoo_official\/"]}]}},"_links":{"self":[{"href":"https:\/\/med.tattoo\/fr\/wp-json\/wp\/v2\/product\/5231","targetHints":{"allow":["GET"]}}],"collection":[{"href":"https:\/\/med.tattoo\/fr\/wp-json\/wp\/v2\/product"}],"about":[{"href":"https:\/\/med.tattoo\/fr\/wp-json\/wp\/v2\/types\/product"}],"replies":[{"embeddable":true,"href":"https:\/\/med.tattoo\/fr\/wp-json\/wp\/v2\/comments?post=5231"}],"wp:featuredmedia":[{"embeddable":true,"href":"https:\/\/med.tattoo\/fr\/wp-json\/wp\/v2\/media\/8865"}],"wp:attachment":[{"href":"https:\/\/med.tattoo\/fr\/wp-json\/wp\/v2\/media?parent=5231"}],"wp:term":[{"taxonomy":"product_brand","embeddable":true,"href":"https:\/\/med.tattoo\/fr\/wp-json\/wp\/v2\/product_brand?post=5231"},{"taxonomy":"product_cat","embeddable":true,"href":"https:\/\/med.tattoo\/fr\/wp-json\/wp\/v2\/product_cat?post=5231"},{"taxonomy":"product_tag","embeddable":true,"href":"https:\/\/med.tattoo\/fr\/wp-json\/wp\/v2\/product_tag?post=5231"}],"curies":[{"name":"wp","href":"https:\/\/api.w.org\/{rel}","templated":true}]}}