{"id":5241,"date":"2021-09-19T11:47:59","date_gmt":"2021-09-19T09:47:59","guid":{"rendered":"https:\/\/med.tattoo\/produkt\/med-tatouage-lors-de-la-tatouage-vaseline-blanche-1000g\/"},"modified":"2025-05-15T09:18:55","modified_gmt":"2025-05-15T07:18:55","slug":"med-tatouage-lors-de-la-tatouage-vaseline-blanche-1000g","status":"publish","type":"product","link":"https:\/\/med.tattoo\/fr\/produit\/med-tatouage-lors-de-la-tatouage-vaseline-blanche-1000g\/","title":{"rendered":"MED.TATOUAGE EN COURS DE TATOUAGE &#8211; Vaseline blanche 1000g"},"content":{"rendered":"<p>Gel\u00e9e de p\u00e9trole pure et naturelle. Exempte de colorants, de conservateurs et de parfums artificiels. La mati\u00e8re premi\u00e8re est soumise \u00e0 des tests approfondis afin de r\u00e9pondre aux normes strictes de la pharmacop\u00e9e.  <\/p>\n<p>Objet :<\/p>\n<p>Pour le soin des peaux s\u00e8ches afin d&rsquo;apaiser les irritations et de prot\u00e9ger contre les facteurs externes. Id\u00e9al pour les proc\u00e9dures cosm\u00e9tiques telles que les tatouages et les soins de la peau apr\u00e8s des traitements tels que le peeling chimique. <\/p>\n<p>Lubrifie la peau et forme un filtre imperm\u00e9able dans la couche corn\u00e9e, la prot\u00e9geant ainsi contre la perte d&rsquo;eau et les conditions ext\u00e9rieures n\u00e9fastes (vent, gel, humidit\u00e9). Elle emp\u00eache le dess\u00e8chement de la peau, favorise la r\u00e9g\u00e9n\u00e9ration de l&rsquo;\u00e9piderme et facilite la cicatrisation des petites blessures. <\/p>\n","protected":false},"excerpt":{"rendered":"<p>Gel\u00e9e de p\u00e9trole pure et naturelle. Exempte de colorants, de conservateurs et de parfums artificiels. La mati\u00e8re premi\u00e8re est soumise \u00e0 des tests approfondis afin de r\u00e9pondre aux normes strictes de la pharmacop\u00e9e. Objet : Pour le soin des peaux s\u00e8ches afin d&rsquo;apaiser les irritations et de prot\u00e9ger contre les facteurs externes. Id\u00e9al pour les [&hellip;]<\/p>\n","protected":false},"featured_media":10728,"comment_status":"open","ping_status":"closed","template":"","meta":{"site-sidebar-layout":"default","site-content-layout":"content-boxed-container","ast-site-content-layout":"default","site-content-style":"default","site-sidebar-style":"default","ast-global-header-display":"","ast-banner-title-visibility":"","ast-main-header-display":"","ast-hfb-above-header-display":"","ast-hfb-below-header-display":"","ast-hfb-mobile-header-display":"","site-post-title":"","ast-breadcrumbs-content":"","ast-featured-img":"","footer-sml-layout":"","ast-disable-related-posts":"","theme-transparent-header-meta":"disabled","adv-header-id-meta":"","stick-header-meta":"enabled","header-above-stick-meta":"on","header-main-stick-meta":"on","header-below-stick-meta":"on","astra-migrate-meta-layouts":"default","ast-page-background-enabled":"default","ast-page-background-meta":{"desktop":{"background-color":"var(--ast-global-color-4)","background-image":"","background-repeat":"repeat","background-position":"center center","background-size":"auto","background-attachment":"scroll","background-type":"","background-media":"","overlay-type":"","overlay-color":"","overlay-opacity":"","overlay-gradient":""},"tablet":{"background-color":"","background-image":"","background-repeat":"repeat","background-position":"center center","background-size":"auto","background-attachment":"scroll","background-type":"","background-media":"","overlay-type":"","overlay-color":"","overlay-opacity":"","overlay-gradient":""},"mobile":{"background-color":"","background-image":"","background-repeat":"repeat","background-position":"center center","background-size":"auto","background-attachment":"scroll","background-type":"","background-media":"","overlay-type":"","overlay-color":"","overlay-opacity":"","overlay-gradient":""}},"ast-content-background-meta":{"desktop":{"background-color":"var(--ast-global-color-5)","background-image":"","background-repeat":"repeat","background-position":"center center","background-size":"auto","background-attachment":"scroll","background-type":"","background-media":"","overlay-type":"","overlay-color":"","overlay-opacity":"","overlay-gradient":""},"tablet":{"background-color":"var(--ast-global-color-5)","background-image":"","background-repeat":"repeat","background-position":"center center","background-size":"auto","background-attachment":"scroll","background-type":"","background-media":"","overlay-type":"","overlay-color":"","overlay-opacity":"","overlay-gradient":""},"mobile":{"background-color":"var(--ast-global-color-5)","background-image":"","background-repeat":"repeat","background-position":"center center","background-size":"auto","background-attachment":"scroll","background-type":"","background-media":"","overlay-type":"","overlay-color":"","overlay-opacity":"","overlay-gradient":""}}},"product_brand":[],"product_cat":[91],"product_tag":[],"class_list":{"0":"post-5241","1":"product","2":"type-product","3":"status-publish","4":"has-post-thumbnail","6":"product_cat-med-tattoo-fr","7":"desktop-align-left","8":"tablet-align-left","9":"mobile-align-left","10":"ast-product-gallery-layout-horizontal-slider","11":"ast-product-gallery-with-no-image","12":"ast-product-tabs-layout-distributed","14":"first","15":"outofstock","16":"taxable","17":"shipping-taxable","18":"purchasable","19":"product-type-simple"},"yoast_head":"<!-- This site is optimized with the Yoast SEO plugin v27.3 - https:\/\/yoast.com\/product\/yoast-seo-wordpress\/ -->\n<title>MED.TATOUAGE EN COURS DE TATOUAGE - Vaseline blanche 1000g - MED.TATTOO<\/title>\n<meta name=\"robots\" content=\"index, follow, max-snippet:-1, max-image-preview:large, max-video-preview:-1\" \/>\n<link rel=\"canonical\" href=\"https:\/\/med.tattoo\/fr\/produit\/med-tatouage-lors-de-la-tatouage-vaseline-blanche-1000g\/\" \/>\n<meta property=\"og:locale\" content=\"fr_FR\" \/>\n<meta property=\"og:type\" content=\"article\" \/>\n<meta property=\"og:title\" content=\"MED.TATOUAGE EN COURS DE TATOUAGE - Vaseline blanche 1000g - MED.TATTOO\" \/>\n<meta property=\"og:description\" content=\"Gel\u00e9e de p\u00e9trole pure et naturelle. Exempte de colorants, de conservateurs et de parfums artificiels. La mati\u00e8re premi\u00e8re est soumise \u00e0 des tests approfondis afin de r\u00e9pondre aux normes strictes de la pharmacop\u00e9e. Objet : Pour le soin des peaux s\u00e8ches afin d&rsquo;apaiser les irritations et de prot\u00e9ger contre les facteurs externes. Id\u00e9al pour les [&hellip;]\" \/>\n<meta property=\"og:url\" content=\"https:\/\/med.tattoo\/fr\/produit\/med-tatouage-lors-de-la-tatouage-vaseline-blanche-1000g\/\" \/>\n<meta property=\"og:site_name\" content=\"MED.TATTOO\" \/>\n<meta property=\"article:publisher\" content=\"https:\/\/www.facebook.com\/profile.php?id=100084366705613\" \/>\n<meta property=\"article:modified_time\" content=\"2025-05-15T07:18:55+00:00\" \/>\n<meta name=\"twitter:card\" content=\"summary_large_image\" \/>\n<meta name=\"twitter:label1\" content=\"Dur\u00e9e de lecture estim\u00e9e\" \/>\n\t<meta name=\"twitter:data1\" content=\"1 minute\" \/>\n<script type=\"application\/ld+json\" class=\"yoast-schema-graph\">{\"@context\":\"https:\\\/\\\/schema.org\",\"@graph\":[{\"@type\":\"WebPage\",\"@id\":\"https:\\\/\\\/med.tattoo\\\/fr\\\/produit\\\/med-tatouage-lors-de-la-tatouage-vaseline-blanche-1000g\\\/\",\"url\":\"https:\\\/\\\/med.tattoo\\\/fr\\\/produit\\\/med-tatouage-lors-de-la-tatouage-vaseline-blanche-1000g\\\/\",\"name\":\"MED.TATOUAGE EN COURS DE TATOUAGE - Vaseline blanche 1000g - MED.TATTOO\",\"isPartOf\":{\"@id\":\"https:\\\/\\\/med.tattoo\\\/fr\\\/#website\"},\"primaryImageOfPage\":{\"@id\":\"https:\\\/\\\/med.tattoo\\\/fr\\\/produit\\\/med-tatouage-lors-de-la-tatouage-vaseline-blanche-1000g\\\/#primaryimage\"},\"image\":{\"@id\":\"https:\\\/\\\/med.tattoo\\\/fr\\\/produit\\\/med-tatouage-lors-de-la-tatouage-vaseline-blanche-1000g\\\/#primaryimage\"},\"thumbnailUrl\":\"https:\\\/\\\/med.tattoo\\\/wp-content\\\/uploads\\\/2025\\\/05\\\/3650_med.tattoo-wazelina-biala-1000g_1742990451.jpg\",\"datePublished\":\"2021-09-19T09:47:59+00:00\",\"dateModified\":\"2025-05-15T07:18:55+00:00\",\"breadcrumb\":{\"@id\":\"https:\\\/\\\/med.tattoo\\\/fr\\\/produit\\\/med-tatouage-lors-de-la-tatouage-vaseline-blanche-1000g\\\/#breadcrumb\"},\"inLanguage\":\"fr-FR\",\"potentialAction\":[{\"@type\":\"ReadAction\",\"target\":[\"https:\\\/\\\/med.tattoo\\\/fr\\\/produit\\\/med-tatouage-lors-de-la-tatouage-vaseline-blanche-1000g\\\/\"]}]},{\"@type\":\"ImageObject\",\"inLanguage\":\"fr-FR\",\"@id\":\"https:\\\/\\\/med.tattoo\\\/fr\\\/produit\\\/med-tatouage-lors-de-la-tatouage-vaseline-blanche-1000g\\\/#primaryimage\",\"url\":\"https:\\\/\\\/med.tattoo\\\/wp-content\\\/uploads\\\/2025\\\/05\\\/3650_med.tattoo-wazelina-biala-1000g_1742990451.jpg\",\"contentUrl\":\"https:\\\/\\\/med.tattoo\\\/wp-content\\\/uploads\\\/2025\\\/05\\\/3650_med.tattoo-wazelina-biala-1000g_1742990451.jpg\",\"width\":1462,\"height\":2048},{\"@type\":\"BreadcrumbList\",\"@id\":\"https:\\\/\\\/med.tattoo\\\/fr\\\/produit\\\/med-tatouage-lors-de-la-tatouage-vaseline-blanche-1000g\\\/#breadcrumb\",\"itemListElement\":[{\"@type\":\"ListItem\",\"position\":1,\"name\":\"Strona G\u0142\u00f3wna\",\"item\":\"https:\\\/\\\/med.tattoo\\\/fr\\\/\"},{\"@type\":\"ListItem\",\"position\":2,\"name\":\"Boutique\",\"item\":\"https:\\\/\\\/med.tattoo\\\/fr\\\/boutique\\\/\"},{\"@type\":\"ListItem\",\"position\":3,\"name\":\"MED.TATOUAGE EN COURS DE TATOUAGE &#8211; Vaseline blanche 1000g\"}]},{\"@type\":\"WebSite\",\"@id\":\"https:\\\/\\\/med.tattoo\\\/fr\\\/#website\",\"url\":\"https:\\\/\\\/med.tattoo\\\/fr\\\/\",\"name\":\"MED.TATTOO\",\"description\":\"Wszystko dla Twojego tatua\u017cu\",\"publisher\":{\"@id\":\"https:\\\/\\\/med.tattoo\\\/fr\\\/#organization\"},\"potentialAction\":[{\"@type\":\"SearchAction\",\"target\":{\"@type\":\"EntryPoint\",\"urlTemplate\":\"https:\\\/\\\/med.tattoo\\\/fr\\\/?s={search_term_string}\"},\"query-input\":{\"@type\":\"PropertyValueSpecification\",\"valueRequired\":true,\"valueName\":\"search_term_string\"}}],\"inLanguage\":\"fr-FR\"},{\"@type\":\"Organization\",\"@id\":\"https:\\\/\\\/med.tattoo\\\/fr\\\/#organization\",\"name\":\"MED.TATTOO\",\"url\":\"https:\\\/\\\/med.tattoo\\\/fr\\\/\",\"logo\":{\"@type\":\"ImageObject\",\"inLanguage\":\"fr-FR\",\"@id\":\"https:\\\/\\\/med.tattoo\\\/fr\\\/#\\\/schema\\\/logo\\\/image\\\/\",\"url\":\"https:\\\/\\\/med.tattoo\\\/wp-content\\\/uploads\\\/2025\\\/05\\\/Bez-tytulu-600S300-px-1-e1658908183800.png\",\"contentUrl\":\"https:\\\/\\\/med.tattoo\\\/wp-content\\\/uploads\\\/2025\\\/05\\\/Bez-tytulu-600S300-px-1-e1658908183800.png\",\"width\":600,\"height\":61,\"caption\":\"MED.TATTOO\"},\"image\":{\"@id\":\"https:\\\/\\\/med.tattoo\\\/fr\\\/#\\\/schema\\\/logo\\\/image\\\/\"},\"sameAs\":[\"https:\\\/\\\/www.facebook.com\\\/profile.php?id=100084366705613\",\"https:\\\/\\\/www.instagram.com\\\/med.tattoo_official\\\/\"]}]}<\/script>\n<!-- \/ Yoast SEO plugin. -->","yoast_head_json":{"title":"MED.TATOUAGE EN COURS DE TATOUAGE - Vaseline blanche 1000g - MED.TATTOO","robots":{"index":"index","follow":"follow","max-snippet":"max-snippet:-1","max-image-preview":"max-image-preview:large","max-video-preview":"max-video-preview:-1"},"canonical":"https:\/\/med.tattoo\/fr\/produit\/med-tatouage-lors-de-la-tatouage-vaseline-blanche-1000g\/","og_locale":"fr_FR","og_type":"article","og_title":"MED.TATOUAGE EN COURS DE TATOUAGE - Vaseline blanche 1000g - MED.TATTOO","og_description":"Gel\u00e9e de p\u00e9trole pure et naturelle. Exempte de colorants, de conservateurs et de parfums artificiels. La mati\u00e8re premi\u00e8re est soumise \u00e0 des tests approfondis afin de r\u00e9pondre aux normes strictes de la pharmacop\u00e9e. Objet : Pour le soin des peaux s\u00e8ches afin d&rsquo;apaiser les irritations et de prot\u00e9ger contre les facteurs externes. Id\u00e9al pour les [&hellip;]","og_url":"https:\/\/med.tattoo\/fr\/produit\/med-tatouage-lors-de-la-tatouage-vaseline-blanche-1000g\/","og_site_name":"MED.TATTOO","article_publisher":"https:\/\/www.facebook.com\/profile.php?id=100084366705613","article_modified_time":"2025-05-15T07:18:55+00:00","twitter_card":"summary_large_image","twitter_misc":{"Dur\u00e9e de lecture estim\u00e9e":"1 minute"},"schema":{"@context":"https:\/\/schema.org","@graph":[{"@type":"WebPage","@id":"https:\/\/med.tattoo\/fr\/produit\/med-tatouage-lors-de-la-tatouage-vaseline-blanche-1000g\/","url":"https:\/\/med.tattoo\/fr\/produit\/med-tatouage-lors-de-la-tatouage-vaseline-blanche-1000g\/","name":"MED.TATOUAGE EN COURS DE TATOUAGE - Vaseline blanche 1000g - MED.TATTOO","isPartOf":{"@id":"https:\/\/med.tattoo\/fr\/#website"},"primaryImageOfPage":{"@id":"https:\/\/med.tattoo\/fr\/produit\/med-tatouage-lors-de-la-tatouage-vaseline-blanche-1000g\/#primaryimage"},"image":{"@id":"https:\/\/med.tattoo\/fr\/produit\/med-tatouage-lors-de-la-tatouage-vaseline-blanche-1000g\/#primaryimage"},"thumbnailUrl":"https:\/\/med.tattoo\/wp-content\/uploads\/2025\/05\/3650_med.tattoo-wazelina-biala-1000g_1742990451.jpg","datePublished":"2021-09-19T09:47:59+00:00","dateModified":"2025-05-15T07:18:55+00:00","breadcrumb":{"@id":"https:\/\/med.tattoo\/fr\/produit\/med-tatouage-lors-de-la-tatouage-vaseline-blanche-1000g\/#breadcrumb"},"inLanguage":"fr-FR","potentialAction":[{"@type":"ReadAction","target":["https:\/\/med.tattoo\/fr\/produit\/med-tatouage-lors-de-la-tatouage-vaseline-blanche-1000g\/"]}]},{"@type":"ImageObject","inLanguage":"fr-FR","@id":"https:\/\/med.tattoo\/fr\/produit\/med-tatouage-lors-de-la-tatouage-vaseline-blanche-1000g\/#primaryimage","url":"https:\/\/med.tattoo\/wp-content\/uploads\/2025\/05\/3650_med.tattoo-wazelina-biala-1000g_1742990451.jpg","contentUrl":"https:\/\/med.tattoo\/wp-content\/uploads\/2025\/05\/3650_med.tattoo-wazelina-biala-1000g_1742990451.jpg","width":1462,"height":2048},{"@type":"BreadcrumbList","@id":"https:\/\/med.tattoo\/fr\/produit\/med-tatouage-lors-de-la-tatouage-vaseline-blanche-1000g\/#breadcrumb","itemListElement":[{"@type":"ListItem","position":1,"name":"Strona G\u0142\u00f3wna","item":"https:\/\/med.tattoo\/fr\/"},{"@type":"ListItem","position":2,"name":"Boutique","item":"https:\/\/med.tattoo\/fr\/boutique\/"},{"@type":"ListItem","position":3,"name":"MED.TATOUAGE EN COURS DE TATOUAGE &#8211; Vaseline blanche 1000g"}]},{"@type":"WebSite","@id":"https:\/\/med.tattoo\/fr\/#website","url":"https:\/\/med.tattoo\/fr\/","name":"MED.TATTOO","description":"Wszystko dla Twojego tatua\u017cu","publisher":{"@id":"https:\/\/med.tattoo\/fr\/#organization"},"potentialAction":[{"@type":"SearchAction","target":{"@type":"EntryPoint","urlTemplate":"https:\/\/med.tattoo\/fr\/?s={search_term_string}"},"query-input":{"@type":"PropertyValueSpecification","valueRequired":true,"valueName":"search_term_string"}}],"inLanguage":"fr-FR"},{"@type":"Organization","@id":"https:\/\/med.tattoo\/fr\/#organization","name":"MED.TATTOO","url":"https:\/\/med.tattoo\/fr\/","logo":{"@type":"ImageObject","inLanguage":"fr-FR","@id":"https:\/\/med.tattoo\/fr\/#\/schema\/logo\/image\/","url":"https:\/\/med.tattoo\/wp-content\/uploads\/2025\/05\/Bez-tytulu-600S300-px-1-e1658908183800.png","contentUrl":"https:\/\/med.tattoo\/wp-content\/uploads\/2025\/05\/Bez-tytulu-600S300-px-1-e1658908183800.png","width":600,"height":61,"caption":"MED.TATTOO"},"image":{"@id":"https:\/\/med.tattoo\/fr\/#\/schema\/logo\/image\/"},"sameAs":["https:\/\/www.facebook.com\/profile.php?id=100084366705613","https:\/\/www.instagram.com\/med.tattoo_official\/"]}]}},"_links":{"self":[{"href":"https:\/\/med.tattoo\/fr\/wp-json\/wp\/v2\/product\/5241","targetHints":{"allow":["GET"]}}],"collection":[{"href":"https:\/\/med.tattoo\/fr\/wp-json\/wp\/v2\/product"}],"about":[{"href":"https:\/\/med.tattoo\/fr\/wp-json\/wp\/v2\/types\/product"}],"replies":[{"embeddable":true,"href":"https:\/\/med.tattoo\/fr\/wp-json\/wp\/v2\/comments?post=5241"}],"wp:featuredmedia":[{"embeddable":true,"href":"https:\/\/med.tattoo\/fr\/wp-json\/wp\/v2\/media\/10728"}],"wp:attachment":[{"href":"https:\/\/med.tattoo\/fr\/wp-json\/wp\/v2\/media?parent=5241"}],"wp:term":[{"taxonomy":"product_brand","embeddable":true,"href":"https:\/\/med.tattoo\/fr\/wp-json\/wp\/v2\/product_brand?post=5241"},{"taxonomy":"product_cat","embeddable":true,"href":"https:\/\/med.tattoo\/fr\/wp-json\/wp\/v2\/product_cat?post=5241"},{"taxonomy":"product_tag","embeddable":true,"href":"https:\/\/med.tattoo\/fr\/wp-json\/wp\/v2\/product_tag?post=5241"}],"curies":[{"name":"wp","href":"https:\/\/api.w.org\/{rel}","templated":true}]}}