{"id":8914,"date":"2025-05-15T07:25:49","date_gmt":"2025-05-15T05:25:49","guid":{"rendered":"https:\/\/med.tattoo\/produkt\/desinfectant-pour-les-mains-et-les-surfaces-dual-72-alpinus-5l\/"},"modified":"2025-05-15T07:25:49","modified_gmt":"2025-05-15T05:25:49","slug":"desinfectant-pour-les-mains-et-les-surfaces-dual-72-alpinus-5l","status":"publish","type":"product","link":"https:\/\/med.tattoo\/fr\/produit\/desinfectant-pour-les-mains-et-les-surfaces-dual-72-alpinus-5l\/","title":{"rendered":"D\u00e9sinfectant pour les mains et les surfaces DUAL 72 &#8211; ALPINUS 5L"},"content":{"rendered":"<p>DOUBLE 72 &#8211; ALPINUS MEDICA<\/p>\n<p>Le produit convient \u00e0 la d\u00e9sinfection hygi\u00e9nique et chirurgicale des mains ainsi qu&rsquo;\u00e0 la d\u00e9sinfection de la peau intacte et non alt\u00e9r\u00e9e. Il convient \u00e9galement \u00e0 la d\u00e9sinfection des surfaces, des appareils, de l&rsquo;\u00e9quipement et du mobilier en contact ou non avec les denr\u00e9es alimentaires. Il est destin\u00e9 \u00e0 \u00eatre utilis\u00e9 dans les secteurs m\u00e9dical, cosm\u00e9tique, alimentaire, institutionnel et domestique.  <\/p>\n<p>Propri\u00e9t\u00e9s de base de la formulation :<\/p>\n<p>produit biocide,<br \/>\npr\u00eat \u00e0 l&#8217;emploi &#8211; sans dilution,<br \/>\ncontient une formule hydratante qui ne dess\u00e8che pas la peau et ne laisse pas de traces sur les surfaces,<br \/>\nefficace contre les bact\u00e9ries, les champignons, les mycobact\u00e9ries et les virus &#8211; y compris le coronavirus COVID-19,<br \/>\ntest\u00e9 conform\u00e9ment aux normes PN-EN 1500 (d\u00e9sinfection hygi\u00e9nique des mains) et PN-EN 12791 (d\u00e9sinfection chirurgicale des mains),<br \/>\navec une action imm\u00e9diate et prolong\u00e9e pendant plus de 3 heures.<br \/>\nSubstance active : \u00e9thanol 72g\/100g.<\/p>\n<p>Emballage commercial :<\/p>\n<p>Bidon de 5000 l<\/p>\n<p>Quantit\u00e9 maximale de 5L de produits liquides par commande de 2 unit\u00e9s.<\/p>\n","protected":false},"excerpt":{"rendered":"<p>DOUBLE 72 &#8211; ALPINUS MEDICA Le produit convient \u00e0 la d\u00e9sinfection hygi\u00e9nique et chirurgicale des mains ainsi qu&rsquo;\u00e0 la d\u00e9sinfection de la peau intacte et non alt\u00e9r\u00e9e. Il convient \u00e9galement \u00e0 la d\u00e9sinfection des surfaces, des appareils, de l&rsquo;\u00e9quipement et du mobilier en contact ou non avec les denr\u00e9es alimentaires. Il est destin\u00e9 \u00e0 \u00eatre [&hellip;]<\/p>\n","protected":false},"featured_media":7601,"comment_status":"closed","ping_status":"open","template":"","meta":{"site-sidebar-layout":"default","site-content-layout":"","ast-site-content-layout":"default","site-content-style":"default","site-sidebar-style":"default","ast-global-header-display":"","ast-banner-title-visibility":"","ast-main-header-display":"","ast-hfb-above-header-display":"","ast-hfb-below-header-display":"","ast-hfb-mobile-header-display":"","site-post-title":"","ast-breadcrumbs-content":"","ast-featured-img":"","footer-sml-layout":"","ast-disable-related-posts":"","theme-transparent-header-meta":"","adv-header-id-meta":"","stick-header-meta":"","header-above-stick-meta":"","header-main-stick-meta":"","header-below-stick-meta":"","astra-migrate-meta-layouts":"default","ast-page-background-enabled":"default","ast-page-background-meta":{"desktop":{"background-color":"var(--ast-global-color-4)","background-image":"","background-repeat":"repeat","background-position":"center center","background-size":"auto","background-attachment":"scroll","background-type":"","background-media":"","overlay-type":"","overlay-color":"","overlay-opacity":"","overlay-gradient":""},"tablet":{"background-color":"","background-image":"","background-repeat":"repeat","background-position":"center center","background-size":"auto","background-attachment":"scroll","background-type":"","background-media":"","overlay-type":"","overlay-color":"","overlay-opacity":"","overlay-gradient":""},"mobile":{"background-color":"","background-image":"","background-repeat":"repeat","background-position":"center center","background-size":"auto","background-attachment":"scroll","background-type":"","background-media":"","overlay-type":"","overlay-color":"","overlay-opacity":"","overlay-gradient":""}},"ast-content-background-meta":{"desktop":{"background-color":"var(--ast-global-color-5)","background-image":"","background-repeat":"repeat","background-position":"center center","background-size":"auto","background-attachment":"scroll","background-type":"","background-media":"","overlay-type":"","overlay-color":"","overlay-opacity":"","overlay-gradient":""},"tablet":{"background-color":"var(--ast-global-color-5)","background-image":"","background-repeat":"repeat","background-position":"center center","background-size":"auto","background-attachment":"scroll","background-type":"","background-media":"","overlay-type":"","overlay-color":"","overlay-opacity":"","overlay-gradient":""},"mobile":{"background-color":"var(--ast-global-color-5)","background-image":"","background-repeat":"repeat","background-position":"center center","background-size":"auto","background-attachment":"scroll","background-type":"","background-media":"","overlay-type":"","overlay-color":"","overlay-opacity":"","overlay-gradient":""}}},"product_brand":[],"product_cat":[91],"product_tag":[],"class_list":{"0":"post-8914","1":"product","2":"type-product","3":"status-publish","4":"has-post-thumbnail","6":"product_cat-med-tattoo-fr","7":"desktop-align-left","8":"tablet-align-left","9":"mobile-align-left","10":"ast-product-gallery-layout-horizontal-slider","11":"ast-product-gallery-with-no-image","12":"ast-product-tabs-layout-distributed","14":"first","15":"instock","16":"purchasable","17":"product-type-simple"},"yoast_head":"<!-- This site is optimized with the Yoast SEO plugin v27.4 - https:\/\/yoast.com\/product\/yoast-seo-wordpress\/ -->\n<title>D\u00e9sinfectant pour les mains et les surfaces DUAL 72 - ALPINUS 5L - MED.TATTOO<\/title>\n<meta name=\"robots\" content=\"index, follow, max-snippet:-1, max-image-preview:large, max-video-preview:-1\" \/>\n<link rel=\"canonical\" href=\"https:\/\/med.tattoo\/fr\/produit\/desinfectant-pour-les-mains-et-les-surfaces-dual-72-alpinus-5l\/\" \/>\n<meta property=\"og:locale\" content=\"fr_FR\" \/>\n<meta property=\"og:type\" content=\"article\" \/>\n<meta property=\"og:title\" content=\"D\u00e9sinfectant pour les mains et les surfaces DUAL 72 - ALPINUS 5L - MED.TATTOO\" \/>\n<meta property=\"og:description\" content=\"DOUBLE 72 &#8211; ALPINUS MEDICA Le produit convient \u00e0 la d\u00e9sinfection hygi\u00e9nique et chirurgicale des mains ainsi qu&rsquo;\u00e0 la d\u00e9sinfection de la peau intacte et non alt\u00e9r\u00e9e. Il convient \u00e9galement \u00e0 la d\u00e9sinfection des surfaces, des appareils, de l&rsquo;\u00e9quipement et du mobilier en contact ou non avec les denr\u00e9es alimentaires. Il est destin\u00e9 \u00e0 \u00eatre [&hellip;]\" \/>\n<meta property=\"og:url\" content=\"https:\/\/med.tattoo\/fr\/produit\/desinfectant-pour-les-mains-et-les-surfaces-dual-72-alpinus-5l\/\" \/>\n<meta property=\"og:site_name\" content=\"MED.TATTOO\" \/>\n<meta property=\"article:publisher\" content=\"https:\/\/www.facebook.com\/profile.php?id=100084366705613\" \/>\n<meta name=\"twitter:card\" content=\"summary_large_image\" \/>\n<meta name=\"twitter:label1\" content=\"Dur\u00e9e de lecture estim\u00e9e\" \/>\n\t<meta name=\"twitter:data1\" content=\"1 minute\" \/>\n<script type=\"application\/ld+json\" class=\"yoast-schema-graph\">{\"@context\":\"https:\\\/\\\/schema.org\",\"@graph\":[{\"@type\":\"WebPage\",\"@id\":\"https:\\\/\\\/med.tattoo\\\/fr\\\/produit\\\/desinfectant-pour-les-mains-et-les-surfaces-dual-72-alpinus-5l\\\/\",\"url\":\"https:\\\/\\\/med.tattoo\\\/fr\\\/produit\\\/desinfectant-pour-les-mains-et-les-surfaces-dual-72-alpinus-5l\\\/\",\"name\":\"D\u00e9sinfectant pour les mains et les surfaces DUAL 72 - ALPINUS 5L - MED.TATTOO\",\"isPartOf\":{\"@id\":\"https:\\\/\\\/med.tattoo\\\/fr\\\/#website\"},\"primaryImageOfPage\":{\"@id\":\"https:\\\/\\\/med.tattoo\\\/fr\\\/produit\\\/desinfectant-pour-les-mains-et-les-surfaces-dual-72-alpinus-5l\\\/#primaryimage\"},\"image\":{\"@id\":\"https:\\\/\\\/med.tattoo\\\/fr\\\/produit\\\/desinfectant-pour-les-mains-et-les-surfaces-dual-72-alpinus-5l\\\/#primaryimage\"},\"thumbnailUrl\":\"https:\\\/\\\/med.tattoo\\\/wp-content\\\/uploads\\\/2025\\\/05\\\/1638_plyn-do-dezynfekcji-rak-i-powierzchni-dual-72-al_1744007030.jpg\",\"datePublished\":\"2025-05-15T05:25:49+00:00\",\"breadcrumb\":{\"@id\":\"https:\\\/\\\/med.tattoo\\\/fr\\\/produit\\\/desinfectant-pour-les-mains-et-les-surfaces-dual-72-alpinus-5l\\\/#breadcrumb\"},\"inLanguage\":\"fr-FR\",\"potentialAction\":[{\"@type\":\"ReadAction\",\"target\":[\"https:\\\/\\\/med.tattoo\\\/fr\\\/produit\\\/desinfectant-pour-les-mains-et-les-surfaces-dual-72-alpinus-5l\\\/\"]}]},{\"@type\":\"ImageObject\",\"inLanguage\":\"fr-FR\",\"@id\":\"https:\\\/\\\/med.tattoo\\\/fr\\\/produit\\\/desinfectant-pour-les-mains-et-les-surfaces-dual-72-alpinus-5l\\\/#primaryimage\",\"url\":\"https:\\\/\\\/med.tattoo\\\/wp-content\\\/uploads\\\/2025\\\/05\\\/1638_plyn-do-dezynfekcji-rak-i-powierzchni-dual-72-al_1744007030.jpg\",\"contentUrl\":\"https:\\\/\\\/med.tattoo\\\/wp-content\\\/uploads\\\/2025\\\/05\\\/1638_plyn-do-dezynfekcji-rak-i-powierzchni-dual-72-al_1744007030.jpg\",\"width\":582,\"height\":800},{\"@type\":\"BreadcrumbList\",\"@id\":\"https:\\\/\\\/med.tattoo\\\/fr\\\/produit\\\/desinfectant-pour-les-mains-et-les-surfaces-dual-72-alpinus-5l\\\/#breadcrumb\",\"itemListElement\":[{\"@type\":\"ListItem\",\"position\":1,\"name\":\"Strona G\u0142\u00f3wna\",\"item\":\"https:\\\/\\\/med.tattoo\\\/fr\\\/\"},{\"@type\":\"ListItem\",\"position\":2,\"name\":\"Boutique\",\"item\":\"https:\\\/\\\/med.tattoo\\\/fr\\\/boutique\\\/\"},{\"@type\":\"ListItem\",\"position\":3,\"name\":\"D\u00e9sinfectant pour les mains et les surfaces DUAL 72 &#8211; ALPINUS 5L\"}]},{\"@type\":\"WebSite\",\"@id\":\"https:\\\/\\\/med.tattoo\\\/fr\\\/#website\",\"url\":\"https:\\\/\\\/med.tattoo\\\/fr\\\/\",\"name\":\"MED.TATTOO\",\"description\":\"Wszystko dla Twojego tatua\u017cu\",\"publisher\":{\"@id\":\"https:\\\/\\\/med.tattoo\\\/fr\\\/#organization\"},\"potentialAction\":[{\"@type\":\"SearchAction\",\"target\":{\"@type\":\"EntryPoint\",\"urlTemplate\":\"https:\\\/\\\/med.tattoo\\\/fr\\\/?s={search_term_string}\"},\"query-input\":{\"@type\":\"PropertyValueSpecification\",\"valueRequired\":true,\"valueName\":\"search_term_string\"}}],\"inLanguage\":\"fr-FR\"},{\"@type\":\"Organization\",\"@id\":\"https:\\\/\\\/med.tattoo\\\/fr\\\/#organization\",\"name\":\"MED.TATTOO\",\"url\":\"https:\\\/\\\/med.tattoo\\\/fr\\\/\",\"logo\":{\"@type\":\"ImageObject\",\"inLanguage\":\"fr-FR\",\"@id\":\"https:\\\/\\\/med.tattoo\\\/fr\\\/#\\\/schema\\\/logo\\\/image\\\/\",\"url\":\"https:\\\/\\\/med.tattoo\\\/wp-content\\\/uploads\\\/2025\\\/05\\\/Bez-tytulu-600S300-px-1-e1658908183800.png\",\"contentUrl\":\"https:\\\/\\\/med.tattoo\\\/wp-content\\\/uploads\\\/2025\\\/05\\\/Bez-tytulu-600S300-px-1-e1658908183800.png\",\"width\":600,\"height\":61,\"caption\":\"MED.TATTOO\"},\"image\":{\"@id\":\"https:\\\/\\\/med.tattoo\\\/fr\\\/#\\\/schema\\\/logo\\\/image\\\/\"},\"sameAs\":[\"https:\\\/\\\/www.facebook.com\\\/profile.php?id=100084366705613\",\"https:\\\/\\\/www.instagram.com\\\/med.tattoo_official\\\/\"]}]}<\/script>\n<!-- \/ Yoast SEO plugin. -->","yoast_head_json":{"title":"D\u00e9sinfectant pour les mains et les surfaces DUAL 72 - ALPINUS 5L - MED.TATTOO","robots":{"index":"index","follow":"follow","max-snippet":"max-snippet:-1","max-image-preview":"max-image-preview:large","max-video-preview":"max-video-preview:-1"},"canonical":"https:\/\/med.tattoo\/fr\/produit\/desinfectant-pour-les-mains-et-les-surfaces-dual-72-alpinus-5l\/","og_locale":"fr_FR","og_type":"article","og_title":"D\u00e9sinfectant pour les mains et les surfaces DUAL 72 - ALPINUS 5L - MED.TATTOO","og_description":"DOUBLE 72 &#8211; ALPINUS MEDICA Le produit convient \u00e0 la d\u00e9sinfection hygi\u00e9nique et chirurgicale des mains ainsi qu&rsquo;\u00e0 la d\u00e9sinfection de la peau intacte et non alt\u00e9r\u00e9e. Il convient \u00e9galement \u00e0 la d\u00e9sinfection des surfaces, des appareils, de l&rsquo;\u00e9quipement et du mobilier en contact ou non avec les denr\u00e9es alimentaires. Il est destin\u00e9 \u00e0 \u00eatre [&hellip;]","og_url":"https:\/\/med.tattoo\/fr\/produit\/desinfectant-pour-les-mains-et-les-surfaces-dual-72-alpinus-5l\/","og_site_name":"MED.TATTOO","article_publisher":"https:\/\/www.facebook.com\/profile.php?id=100084366705613","twitter_card":"summary_large_image","twitter_misc":{"Dur\u00e9e de lecture estim\u00e9e":"1 minute"},"schema":{"@context":"https:\/\/schema.org","@graph":[{"@type":"WebPage","@id":"https:\/\/med.tattoo\/fr\/produit\/desinfectant-pour-les-mains-et-les-surfaces-dual-72-alpinus-5l\/","url":"https:\/\/med.tattoo\/fr\/produit\/desinfectant-pour-les-mains-et-les-surfaces-dual-72-alpinus-5l\/","name":"D\u00e9sinfectant pour les mains et les surfaces DUAL 72 - ALPINUS 5L - MED.TATTOO","isPartOf":{"@id":"https:\/\/med.tattoo\/fr\/#website"},"primaryImageOfPage":{"@id":"https:\/\/med.tattoo\/fr\/produit\/desinfectant-pour-les-mains-et-les-surfaces-dual-72-alpinus-5l\/#primaryimage"},"image":{"@id":"https:\/\/med.tattoo\/fr\/produit\/desinfectant-pour-les-mains-et-les-surfaces-dual-72-alpinus-5l\/#primaryimage"},"thumbnailUrl":"https:\/\/med.tattoo\/wp-content\/uploads\/2025\/05\/1638_plyn-do-dezynfekcji-rak-i-powierzchni-dual-72-al_1744007030.jpg","datePublished":"2025-05-15T05:25:49+00:00","breadcrumb":{"@id":"https:\/\/med.tattoo\/fr\/produit\/desinfectant-pour-les-mains-et-les-surfaces-dual-72-alpinus-5l\/#breadcrumb"},"inLanguage":"fr-FR","potentialAction":[{"@type":"ReadAction","target":["https:\/\/med.tattoo\/fr\/produit\/desinfectant-pour-les-mains-et-les-surfaces-dual-72-alpinus-5l\/"]}]},{"@type":"ImageObject","inLanguage":"fr-FR","@id":"https:\/\/med.tattoo\/fr\/produit\/desinfectant-pour-les-mains-et-les-surfaces-dual-72-alpinus-5l\/#primaryimage","url":"https:\/\/med.tattoo\/wp-content\/uploads\/2025\/05\/1638_plyn-do-dezynfekcji-rak-i-powierzchni-dual-72-al_1744007030.jpg","contentUrl":"https:\/\/med.tattoo\/wp-content\/uploads\/2025\/05\/1638_plyn-do-dezynfekcji-rak-i-powierzchni-dual-72-al_1744007030.jpg","width":582,"height":800},{"@type":"BreadcrumbList","@id":"https:\/\/med.tattoo\/fr\/produit\/desinfectant-pour-les-mains-et-les-surfaces-dual-72-alpinus-5l\/#breadcrumb","itemListElement":[{"@type":"ListItem","position":1,"name":"Strona G\u0142\u00f3wna","item":"https:\/\/med.tattoo\/fr\/"},{"@type":"ListItem","position":2,"name":"Boutique","item":"https:\/\/med.tattoo\/fr\/boutique\/"},{"@type":"ListItem","position":3,"name":"D\u00e9sinfectant pour les mains et les surfaces DUAL 72 &#8211; ALPINUS 5L"}]},{"@type":"WebSite","@id":"https:\/\/med.tattoo\/fr\/#website","url":"https:\/\/med.tattoo\/fr\/","name":"MED.TATTOO","description":"Wszystko dla Twojego tatua\u017cu","publisher":{"@id":"https:\/\/med.tattoo\/fr\/#organization"},"potentialAction":[{"@type":"SearchAction","target":{"@type":"EntryPoint","urlTemplate":"https:\/\/med.tattoo\/fr\/?s={search_term_string}"},"query-input":{"@type":"PropertyValueSpecification","valueRequired":true,"valueName":"search_term_string"}}],"inLanguage":"fr-FR"},{"@type":"Organization","@id":"https:\/\/med.tattoo\/fr\/#organization","name":"MED.TATTOO","url":"https:\/\/med.tattoo\/fr\/","logo":{"@type":"ImageObject","inLanguage":"fr-FR","@id":"https:\/\/med.tattoo\/fr\/#\/schema\/logo\/image\/","url":"https:\/\/med.tattoo\/wp-content\/uploads\/2025\/05\/Bez-tytulu-600S300-px-1-e1658908183800.png","contentUrl":"https:\/\/med.tattoo\/wp-content\/uploads\/2025\/05\/Bez-tytulu-600S300-px-1-e1658908183800.png","width":600,"height":61,"caption":"MED.TATTOO"},"image":{"@id":"https:\/\/med.tattoo\/fr\/#\/schema\/logo\/image\/"},"sameAs":["https:\/\/www.facebook.com\/profile.php?id=100084366705613","https:\/\/www.instagram.com\/med.tattoo_official\/"]}]}},"_links":{"self":[{"href":"https:\/\/med.tattoo\/fr\/wp-json\/wp\/v2\/product\/8914","targetHints":{"allow":["GET"]}}],"collection":[{"href":"https:\/\/med.tattoo\/fr\/wp-json\/wp\/v2\/product"}],"about":[{"href":"https:\/\/med.tattoo\/fr\/wp-json\/wp\/v2\/types\/product"}],"replies":[{"embeddable":true,"href":"https:\/\/med.tattoo\/fr\/wp-json\/wp\/v2\/comments?post=8914"}],"wp:featuredmedia":[{"embeddable":true,"href":"https:\/\/med.tattoo\/fr\/wp-json\/wp\/v2\/media\/7601"}],"wp:attachment":[{"href":"https:\/\/med.tattoo\/fr\/wp-json\/wp\/v2\/media?parent=8914"}],"wp:term":[{"taxonomy":"product_brand","embeddable":true,"href":"https:\/\/med.tattoo\/fr\/wp-json\/wp\/v2\/product_brand?post=8914"},{"taxonomy":"product_cat","embeddable":true,"href":"https:\/\/med.tattoo\/fr\/wp-json\/wp\/v2\/product_cat?post=8914"},{"taxonomy":"product_tag","embeddable":true,"href":"https:\/\/med.tattoo\/fr\/wp-json\/wp\/v2\/product_tag?post=8914"}],"curies":[{"name":"wp","href":"https:\/\/api.w.org\/{rel}","templated":true}]}}