{"id":9072,"date":"2025-05-15T07:25:49","date_gmt":"2025-05-15T05:25:49","guid":{"rendered":"https:\/\/med.tattoo\/produkt\/alpinuseptol-green-tea-1l-desinfectant-de-surface-avec-pompe-equivalent-a-par-exemple-velox-aerodesin-incidin\/"},"modified":"2025-05-15T07:25:49","modified_gmt":"2025-05-15T05:25:49","slug":"alpinuseptol-green-tea-1l-desinfectant-de-surface-avec-pompe-equivalent-a-par-exemple-velox-aerodesin-incidin","status":"publish","type":"product","link":"https:\/\/med.tattoo\/fr\/produit\/alpinuseptol-green-tea-1l-desinfectant-de-surface-avec-pompe-equivalent-a-par-exemple-velox-aerodesin-incidin\/","title":{"rendered":"Alpinuseptol Green Tea 1L d\u00e9sinfectant de surface avec pompe (\u00e9quivalent \u00e0 par exemple Velox, Aerodesin, Incidin)."},"content":{"rendered":"<p>Pr\u00e9paration \u00e0 base d&rsquo;alcool \u00e9thylique et isopropylique, recommand\u00e9e pour la d\u00e9sinfection rapide des petites surfaces inaccessibles (par exemple, mat\u00e9riel m\u00e9dical, mat\u00e9riel utilis\u00e9 dans la restauration, m\u00e9nages, etc.) Gr\u00e2ce \u00e0 son flacon pulv\u00e9risateur pratique, il est particuli\u00e8rement facile \u00e0 utiliser. <\/p>\n<p>La formulation peut \u00eatre utilis\u00e9e pour les objets en contact avec les aliments.<\/p>\n<p>CARACT\u00c9RISTIQUES :<\/p>\n<p>pr\u00e9paration pr\u00eate \u00e0 l&#8217;emploi,<br \/>\npeut \u00eatre utilis\u00e9e par essuyage ou pulv\u00e9risation,<br \/>\nefficace contre B, F, Tbc, V (Polio, Adeno),<br \/>\nlarge spectre d&rsquo;activit\u00e9 en 15 sec. seulement, test\u00e9 dermatologiquement, sans ald\u00e9hydes, QAV, ph\u00e9nols, chlore, acides, etc,<br \/>\ntest\u00e9 dermatologiquement,<br \/>\nexempt d&rsquo;ald\u00e9hydes, de QAV, de ph\u00e9nols, de chlore, d&rsquo;acides, etc.,<br \/>\nne laisse pas de taches, de traces ou de souillures,<br \/>\nne d\u00e9colore pas les surfaces d\u00e9sinfect\u00e9es,<br \/>\nscell\u00e9 dans un r\u00e9cipient herm\u00e9tique emp\u00eachant le produit de s&rsquo;\u00e9couler,<\/p>\n","protected":false},"excerpt":{"rendered":"<p>Pr\u00e9paration \u00e0 base d&rsquo;alcool \u00e9thylique et isopropylique, recommand\u00e9e pour la d\u00e9sinfection rapide des petites surfaces inaccessibles (par exemple, mat\u00e9riel m\u00e9dical, mat\u00e9riel utilis\u00e9 dans la restauration, m\u00e9nages, etc.) Gr\u00e2ce \u00e0 son flacon pulv\u00e9risateur pratique, il est particuli\u00e8rement facile \u00e0 utiliser. La formulation peut \u00eatre utilis\u00e9e pour les objets en contact avec les aliments. CARACT\u00c9RISTIQUES : pr\u00e9paration [&hellip;]<\/p>\n","protected":false},"featured_media":7569,"comment_status":"closed","ping_status":"open","template":"","meta":{"site-sidebar-layout":"default","site-content-layout":"","ast-site-content-layout":"default","site-content-style":"default","site-sidebar-style":"default","ast-global-header-display":"","ast-banner-title-visibility":"","ast-main-header-display":"","ast-hfb-above-header-display":"","ast-hfb-below-header-display":"","ast-hfb-mobile-header-display":"","site-post-title":"","ast-breadcrumbs-content":"","ast-featured-img":"","footer-sml-layout":"","ast-disable-related-posts":"","theme-transparent-header-meta":"","adv-header-id-meta":"","stick-header-meta":"","header-above-stick-meta":"","header-main-stick-meta":"","header-below-stick-meta":"","astra-migrate-meta-layouts":"default","ast-page-background-enabled":"default","ast-page-background-meta":{"desktop":{"background-color":"var(--ast-global-color-4)","background-image":"","background-repeat":"repeat","background-position":"center center","background-size":"auto","background-attachment":"scroll","background-type":"","background-media":"","overlay-type":"","overlay-color":"","overlay-opacity":"","overlay-gradient":""},"tablet":{"background-color":"","background-image":"","background-repeat":"repeat","background-position":"center center","background-size":"auto","background-attachment":"scroll","background-type":"","background-media":"","overlay-type":"","overlay-color":"","overlay-opacity":"","overlay-gradient":""},"mobile":{"background-color":"","background-image":"","background-repeat":"repeat","background-position":"center center","background-size":"auto","background-attachment":"scroll","background-type":"","background-media":"","overlay-type":"","overlay-color":"","overlay-opacity":"","overlay-gradient":""}},"ast-content-background-meta":{"desktop":{"background-color":"var(--ast-global-color-5)","background-image":"","background-repeat":"repeat","background-position":"center center","background-size":"auto","background-attachment":"scroll","background-type":"","background-media":"","overlay-type":"","overlay-color":"","overlay-opacity":"","overlay-gradient":""},"tablet":{"background-color":"var(--ast-global-color-5)","background-image":"","background-repeat":"repeat","background-position":"center center","background-size":"auto","background-attachment":"scroll","background-type":"","background-media":"","overlay-type":"","overlay-color":"","overlay-opacity":"","overlay-gradient":""},"mobile":{"background-color":"var(--ast-global-color-5)","background-image":"","background-repeat":"repeat","background-position":"center center","background-size":"auto","background-attachment":"scroll","background-type":"","background-media":"","overlay-type":"","overlay-color":"","overlay-opacity":"","overlay-gradient":""}}},"product_brand":[],"product_cat":[91],"product_tag":[],"class_list":{"0":"post-9072","1":"product","2":"type-product","3":"status-publish","4":"has-post-thumbnail","6":"product_cat-med-tattoo-fr","7":"desktop-align-left","8":"tablet-align-left","9":"mobile-align-left","10":"ast-product-gallery-layout-horizontal-slider","11":"ast-product-gallery-with-no-image","12":"ast-product-tabs-layout-distributed","14":"first","15":"instock","16":"purchasable","17":"product-type-simple"},"yoast_head":"<!-- This site is optimized with the Yoast SEO plugin v27.3 - https:\/\/yoast.com\/product\/yoast-seo-wordpress\/ -->\n<title>Alpinuseptol Green Tea 1L d\u00e9sinfectant de surface avec pompe (\u00e9quivalent \u00e0 par exemple Velox, Aerodesin, Incidin). - MED.TATTOO<\/title>\n<meta name=\"robots\" content=\"index, follow, max-snippet:-1, max-image-preview:large, max-video-preview:-1\" \/>\n<link rel=\"canonical\" href=\"https:\/\/med.tattoo\/fr\/produit\/alpinuseptol-green-tea-1l-desinfectant-de-surface-avec-pompe-equivalent-a-par-exemple-velox-aerodesin-incidin\/\" \/>\n<meta property=\"og:locale\" content=\"fr_FR\" \/>\n<meta property=\"og:type\" content=\"article\" \/>\n<meta property=\"og:title\" content=\"Alpinuseptol Green Tea 1L d\u00e9sinfectant de surface avec pompe (\u00e9quivalent \u00e0 par exemple Velox, Aerodesin, Incidin). - MED.TATTOO\" \/>\n<meta property=\"og:description\" content=\"Pr\u00e9paration \u00e0 base d&rsquo;alcool \u00e9thylique et isopropylique, recommand\u00e9e pour la d\u00e9sinfection rapide des petites surfaces inaccessibles (par exemple, mat\u00e9riel m\u00e9dical, mat\u00e9riel utilis\u00e9 dans la restauration, m\u00e9nages, etc.) Gr\u00e2ce \u00e0 son flacon pulv\u00e9risateur pratique, il est particuli\u00e8rement facile \u00e0 utiliser. La formulation peut \u00eatre utilis\u00e9e pour les objets en contact avec les aliments. CARACT\u00c9RISTIQUES : pr\u00e9paration [&hellip;]\" \/>\n<meta property=\"og:url\" content=\"https:\/\/med.tattoo\/fr\/produit\/alpinuseptol-green-tea-1l-desinfectant-de-surface-avec-pompe-equivalent-a-par-exemple-velox-aerodesin-incidin\/\" \/>\n<meta property=\"og:site_name\" content=\"MED.TATTOO\" \/>\n<meta property=\"article:publisher\" content=\"https:\/\/www.facebook.com\/profile.php?id=100084366705613\" \/>\n<meta name=\"twitter:card\" content=\"summary_large_image\" \/>\n<meta name=\"twitter:label1\" content=\"Dur\u00e9e de lecture estim\u00e9e\" \/>\n\t<meta name=\"twitter:data1\" content=\"1 minute\" \/>\n<script type=\"application\/ld+json\" class=\"yoast-schema-graph\">{\"@context\":\"https:\\\/\\\/schema.org\",\"@graph\":[{\"@type\":\"WebPage\",\"@id\":\"https:\\\/\\\/med.tattoo\\\/fr\\\/produit\\\/alpinuseptol-green-tea-1l-desinfectant-de-surface-avec-pompe-equivalent-a-par-exemple-velox-aerodesin-incidin\\\/\",\"url\":\"https:\\\/\\\/med.tattoo\\\/fr\\\/produit\\\/alpinuseptol-green-tea-1l-desinfectant-de-surface-avec-pompe-equivalent-a-par-exemple-velox-aerodesin-incidin\\\/\",\"name\":\"Alpinuseptol Green Tea 1L d\u00e9sinfectant de surface avec pompe (\u00e9quivalent \u00e0 par exemple Velox, Aerodesin, Incidin). - MED.TATTOO\",\"isPartOf\":{\"@id\":\"https:\\\/\\\/med.tattoo\\\/fr\\\/#website\"},\"primaryImageOfPage\":{\"@id\":\"https:\\\/\\\/med.tattoo\\\/fr\\\/produit\\\/alpinuseptol-green-tea-1l-desinfectant-de-surface-avec-pompe-equivalent-a-par-exemple-velox-aerodesin-incidin\\\/#primaryimage\"},\"image\":{\"@id\":\"https:\\\/\\\/med.tattoo\\\/fr\\\/produit\\\/alpinuseptol-green-tea-1l-desinfectant-de-surface-avec-pompe-equivalent-a-par-exemple-velox-aerodesin-incidin\\\/#primaryimage\"},\"thumbnailUrl\":\"https:\\\/\\\/med.tattoo\\\/wp-content\\\/uploads\\\/2025\\\/05\\\/459_plyn-do-dezynfekcji-powierzchni-alpinuseptol-g-1l_1744007030.jpg\",\"datePublished\":\"2025-05-15T05:25:49+00:00\",\"breadcrumb\":{\"@id\":\"https:\\\/\\\/med.tattoo\\\/fr\\\/produit\\\/alpinuseptol-green-tea-1l-desinfectant-de-surface-avec-pompe-equivalent-a-par-exemple-velox-aerodesin-incidin\\\/#breadcrumb\"},\"inLanguage\":\"fr-FR\",\"potentialAction\":[{\"@type\":\"ReadAction\",\"target\":[\"https:\\\/\\\/med.tattoo\\\/fr\\\/produit\\\/alpinuseptol-green-tea-1l-desinfectant-de-surface-avec-pompe-equivalent-a-par-exemple-velox-aerodesin-incidin\\\/\"]}]},{\"@type\":\"ImageObject\",\"inLanguage\":\"fr-FR\",\"@id\":\"https:\\\/\\\/med.tattoo\\\/fr\\\/produit\\\/alpinuseptol-green-tea-1l-desinfectant-de-surface-avec-pompe-equivalent-a-par-exemple-velox-aerodesin-incidin\\\/#primaryimage\",\"url\":\"https:\\\/\\\/med.tattoo\\\/wp-content\\\/uploads\\\/2025\\\/05\\\/459_plyn-do-dezynfekcji-powierzchni-alpinuseptol-g-1l_1744007030.jpg\",\"contentUrl\":\"https:\\\/\\\/med.tattoo\\\/wp-content\\\/uploads\\\/2025\\\/05\\\/459_plyn-do-dezynfekcji-powierzchni-alpinuseptol-g-1l_1744007030.jpg\",\"width\":375,\"height\":800},{\"@type\":\"BreadcrumbList\",\"@id\":\"https:\\\/\\\/med.tattoo\\\/fr\\\/produit\\\/alpinuseptol-green-tea-1l-desinfectant-de-surface-avec-pompe-equivalent-a-par-exemple-velox-aerodesin-incidin\\\/#breadcrumb\",\"itemListElement\":[{\"@type\":\"ListItem\",\"position\":1,\"name\":\"Strona G\u0142\u00f3wna\",\"item\":\"https:\\\/\\\/med.tattoo\\\/fr\\\/\"},{\"@type\":\"ListItem\",\"position\":2,\"name\":\"Boutique\",\"item\":\"https:\\\/\\\/med.tattoo\\\/fr\\\/boutique\\\/\"},{\"@type\":\"ListItem\",\"position\":3,\"name\":\"Alpinuseptol Green Tea 1L d\u00e9sinfectant de surface avec pompe (\u00e9quivalent \u00e0 par exemple Velox, Aerodesin, Incidin).\"}]},{\"@type\":\"WebSite\",\"@id\":\"https:\\\/\\\/med.tattoo\\\/fr\\\/#website\",\"url\":\"https:\\\/\\\/med.tattoo\\\/fr\\\/\",\"name\":\"MED.TATTOO\",\"description\":\"Wszystko dla Twojego tatua\u017cu\",\"publisher\":{\"@id\":\"https:\\\/\\\/med.tattoo\\\/fr\\\/#organization\"},\"potentialAction\":[{\"@type\":\"SearchAction\",\"target\":{\"@type\":\"EntryPoint\",\"urlTemplate\":\"https:\\\/\\\/med.tattoo\\\/fr\\\/?s={search_term_string}\"},\"query-input\":{\"@type\":\"PropertyValueSpecification\",\"valueRequired\":true,\"valueName\":\"search_term_string\"}}],\"inLanguage\":\"fr-FR\"},{\"@type\":\"Organization\",\"@id\":\"https:\\\/\\\/med.tattoo\\\/fr\\\/#organization\",\"name\":\"MED.TATTOO\",\"url\":\"https:\\\/\\\/med.tattoo\\\/fr\\\/\",\"logo\":{\"@type\":\"ImageObject\",\"inLanguage\":\"fr-FR\",\"@id\":\"https:\\\/\\\/med.tattoo\\\/fr\\\/#\\\/schema\\\/logo\\\/image\\\/\",\"url\":\"https:\\\/\\\/med.tattoo\\\/wp-content\\\/uploads\\\/2025\\\/05\\\/Bez-tytulu-600S300-px-1-e1658908183800.png\",\"contentUrl\":\"https:\\\/\\\/med.tattoo\\\/wp-content\\\/uploads\\\/2025\\\/05\\\/Bez-tytulu-600S300-px-1-e1658908183800.png\",\"width\":600,\"height\":61,\"caption\":\"MED.TATTOO\"},\"image\":{\"@id\":\"https:\\\/\\\/med.tattoo\\\/fr\\\/#\\\/schema\\\/logo\\\/image\\\/\"},\"sameAs\":[\"https:\\\/\\\/www.facebook.com\\\/profile.php?id=100084366705613\",\"https:\\\/\\\/www.instagram.com\\\/med.tattoo_official\\\/\"]}]}<\/script>\n<!-- \/ Yoast SEO plugin. -->","yoast_head_json":{"title":"Alpinuseptol Green Tea 1L d\u00e9sinfectant de surface avec pompe (\u00e9quivalent \u00e0 par exemple Velox, Aerodesin, Incidin). - MED.TATTOO","robots":{"index":"index","follow":"follow","max-snippet":"max-snippet:-1","max-image-preview":"max-image-preview:large","max-video-preview":"max-video-preview:-1"},"canonical":"https:\/\/med.tattoo\/fr\/produit\/alpinuseptol-green-tea-1l-desinfectant-de-surface-avec-pompe-equivalent-a-par-exemple-velox-aerodesin-incidin\/","og_locale":"fr_FR","og_type":"article","og_title":"Alpinuseptol Green Tea 1L d\u00e9sinfectant de surface avec pompe (\u00e9quivalent \u00e0 par exemple Velox, Aerodesin, Incidin). - MED.TATTOO","og_description":"Pr\u00e9paration \u00e0 base d&rsquo;alcool \u00e9thylique et isopropylique, recommand\u00e9e pour la d\u00e9sinfection rapide des petites surfaces inaccessibles (par exemple, mat\u00e9riel m\u00e9dical, mat\u00e9riel utilis\u00e9 dans la restauration, m\u00e9nages, etc.) Gr\u00e2ce \u00e0 son flacon pulv\u00e9risateur pratique, il est particuli\u00e8rement facile \u00e0 utiliser. La formulation peut \u00eatre utilis\u00e9e pour les objets en contact avec les aliments. CARACT\u00c9RISTIQUES : pr\u00e9paration [&hellip;]","og_url":"https:\/\/med.tattoo\/fr\/produit\/alpinuseptol-green-tea-1l-desinfectant-de-surface-avec-pompe-equivalent-a-par-exemple-velox-aerodesin-incidin\/","og_site_name":"MED.TATTOO","article_publisher":"https:\/\/www.facebook.com\/profile.php?id=100084366705613","twitter_card":"summary_large_image","twitter_misc":{"Dur\u00e9e de lecture estim\u00e9e":"1 minute"},"schema":{"@context":"https:\/\/schema.org","@graph":[{"@type":"WebPage","@id":"https:\/\/med.tattoo\/fr\/produit\/alpinuseptol-green-tea-1l-desinfectant-de-surface-avec-pompe-equivalent-a-par-exemple-velox-aerodesin-incidin\/","url":"https:\/\/med.tattoo\/fr\/produit\/alpinuseptol-green-tea-1l-desinfectant-de-surface-avec-pompe-equivalent-a-par-exemple-velox-aerodesin-incidin\/","name":"Alpinuseptol Green Tea 1L d\u00e9sinfectant de surface avec pompe (\u00e9quivalent \u00e0 par exemple Velox, Aerodesin, Incidin). - MED.TATTOO","isPartOf":{"@id":"https:\/\/med.tattoo\/fr\/#website"},"primaryImageOfPage":{"@id":"https:\/\/med.tattoo\/fr\/produit\/alpinuseptol-green-tea-1l-desinfectant-de-surface-avec-pompe-equivalent-a-par-exemple-velox-aerodesin-incidin\/#primaryimage"},"image":{"@id":"https:\/\/med.tattoo\/fr\/produit\/alpinuseptol-green-tea-1l-desinfectant-de-surface-avec-pompe-equivalent-a-par-exemple-velox-aerodesin-incidin\/#primaryimage"},"thumbnailUrl":"https:\/\/med.tattoo\/wp-content\/uploads\/2025\/05\/459_plyn-do-dezynfekcji-powierzchni-alpinuseptol-g-1l_1744007030.jpg","datePublished":"2025-05-15T05:25:49+00:00","breadcrumb":{"@id":"https:\/\/med.tattoo\/fr\/produit\/alpinuseptol-green-tea-1l-desinfectant-de-surface-avec-pompe-equivalent-a-par-exemple-velox-aerodesin-incidin\/#breadcrumb"},"inLanguage":"fr-FR","potentialAction":[{"@type":"ReadAction","target":["https:\/\/med.tattoo\/fr\/produit\/alpinuseptol-green-tea-1l-desinfectant-de-surface-avec-pompe-equivalent-a-par-exemple-velox-aerodesin-incidin\/"]}]},{"@type":"ImageObject","inLanguage":"fr-FR","@id":"https:\/\/med.tattoo\/fr\/produit\/alpinuseptol-green-tea-1l-desinfectant-de-surface-avec-pompe-equivalent-a-par-exemple-velox-aerodesin-incidin\/#primaryimage","url":"https:\/\/med.tattoo\/wp-content\/uploads\/2025\/05\/459_plyn-do-dezynfekcji-powierzchni-alpinuseptol-g-1l_1744007030.jpg","contentUrl":"https:\/\/med.tattoo\/wp-content\/uploads\/2025\/05\/459_plyn-do-dezynfekcji-powierzchni-alpinuseptol-g-1l_1744007030.jpg","width":375,"height":800},{"@type":"BreadcrumbList","@id":"https:\/\/med.tattoo\/fr\/produit\/alpinuseptol-green-tea-1l-desinfectant-de-surface-avec-pompe-equivalent-a-par-exemple-velox-aerodesin-incidin\/#breadcrumb","itemListElement":[{"@type":"ListItem","position":1,"name":"Strona G\u0142\u00f3wna","item":"https:\/\/med.tattoo\/fr\/"},{"@type":"ListItem","position":2,"name":"Boutique","item":"https:\/\/med.tattoo\/fr\/boutique\/"},{"@type":"ListItem","position":3,"name":"Alpinuseptol Green Tea 1L d\u00e9sinfectant de surface avec pompe (\u00e9quivalent \u00e0 par exemple Velox, Aerodesin, Incidin)."}]},{"@type":"WebSite","@id":"https:\/\/med.tattoo\/fr\/#website","url":"https:\/\/med.tattoo\/fr\/","name":"MED.TATTOO","description":"Wszystko dla Twojego tatua\u017cu","publisher":{"@id":"https:\/\/med.tattoo\/fr\/#organization"},"potentialAction":[{"@type":"SearchAction","target":{"@type":"EntryPoint","urlTemplate":"https:\/\/med.tattoo\/fr\/?s={search_term_string}"},"query-input":{"@type":"PropertyValueSpecification","valueRequired":true,"valueName":"search_term_string"}}],"inLanguage":"fr-FR"},{"@type":"Organization","@id":"https:\/\/med.tattoo\/fr\/#organization","name":"MED.TATTOO","url":"https:\/\/med.tattoo\/fr\/","logo":{"@type":"ImageObject","inLanguage":"fr-FR","@id":"https:\/\/med.tattoo\/fr\/#\/schema\/logo\/image\/","url":"https:\/\/med.tattoo\/wp-content\/uploads\/2025\/05\/Bez-tytulu-600S300-px-1-e1658908183800.png","contentUrl":"https:\/\/med.tattoo\/wp-content\/uploads\/2025\/05\/Bez-tytulu-600S300-px-1-e1658908183800.png","width":600,"height":61,"caption":"MED.TATTOO"},"image":{"@id":"https:\/\/med.tattoo\/fr\/#\/schema\/logo\/image\/"},"sameAs":["https:\/\/www.facebook.com\/profile.php?id=100084366705613","https:\/\/www.instagram.com\/med.tattoo_official\/"]}]}},"_links":{"self":[{"href":"https:\/\/med.tattoo\/fr\/wp-json\/wp\/v2\/product\/9072","targetHints":{"allow":["GET"]}}],"collection":[{"href":"https:\/\/med.tattoo\/fr\/wp-json\/wp\/v2\/product"}],"about":[{"href":"https:\/\/med.tattoo\/fr\/wp-json\/wp\/v2\/types\/product"}],"replies":[{"embeddable":true,"href":"https:\/\/med.tattoo\/fr\/wp-json\/wp\/v2\/comments?post=9072"}],"wp:featuredmedia":[{"embeddable":true,"href":"https:\/\/med.tattoo\/fr\/wp-json\/wp\/v2\/media\/7569"}],"wp:attachment":[{"href":"https:\/\/med.tattoo\/fr\/wp-json\/wp\/v2\/media?parent=9072"}],"wp:term":[{"taxonomy":"product_brand","embeddable":true,"href":"https:\/\/med.tattoo\/fr\/wp-json\/wp\/v2\/product_brand?post=9072"},{"taxonomy":"product_cat","embeddable":true,"href":"https:\/\/med.tattoo\/fr\/wp-json\/wp\/v2\/product_cat?post=9072"},{"taxonomy":"product_tag","embeddable":true,"href":"https:\/\/med.tattoo\/fr\/wp-json\/wp\/v2\/product_tag?post=9072"}],"curies":[{"name":"wp","href":"https:\/\/api.w.org\/{rel}","templated":true}]}}