{"id":9133,"date":"2025-05-15T07:25:49","date_gmt":"2025-05-15T05:25:49","guid":{"rendered":"https:\/\/med.tattoo\/produkt\/sous-couche-midi-med-50cm-x-50m-bleu\/"},"modified":"2025-05-15T07:25:49","modified_gmt":"2025-05-15T05:25:49","slug":"sous-couche-midi-med-50cm-x-50m-bleu","status":"publish","type":"product","link":"https:\/\/med.tattoo\/fr\/produit\/sous-couche-midi-med-50cm-x-50m-bleu\/","title":{"rendered":"Sous-couche MIDI-MED 50cm x 50m Bleu"},"content":{"rendered":"<p>Les serviettes hygi\u00e9niques jetables sont utilis\u00e9es pour prot\u00e9ger les articles dans les zones o\u00f9 des mesures de protection suppl\u00e9mentaires doivent \u00eatre mises en \u0153uvre pour garantir l&rsquo;hygi\u00e8ne et la propret\u00e9. Elles sont fabriqu\u00e9es \u00e0 partir de papier de soie color\u00e9 renforc\u00e9 par une feuille de PE. <\/p>\n<p>Objet :<br \/>\nprotection,<br \/>\nprotection<\/p>\n<p>Application :<br \/>\n\u00e9tablissements m\u00e9dicaux,<br \/>\nsalons de beaut\u00e9,<br \/>\nhospices,<br \/>\nh\u00f4pitaux,<br \/>\nservices n\u00e9onatals,<br \/>\nservices g\u00e9riatriques,<br \/>\nmatelas \u00e0 langer,<br \/>\nal\u00e8ses,<br \/>\nmaisons de repos,<br \/>\nservices gyn\u00e9cologiques,<br \/>\nsoins palliatifs,<br \/>\nsoins \u00e0 domicile des patients alit\u00e9s,<br \/>\ncomme protection suppl\u00e9mentaire de la literie hospitali\u00e8re.<\/p>\n<p>Les serviettes hygi\u00e9niques jetables sont id\u00e9ales dans les endroits o\u00f9 une hygi\u00e8ne suppl\u00e9mentaire est n\u00e9cessaire dans le cadre d&rsquo;une activit\u00e9 telle que le change des b\u00e9b\u00e9s. Elles sont \u00e9galement utiles dans les services gyn\u00e9cologiques pour femmes, par exemple pendant la p\u00e9riode postnatale. Elles constituent un produit id\u00e9al pour les \u00e9tablissements traitant des patients alit\u00e9s ou souffrant de probl\u00e8mes d&rsquo;incontinence.  <\/p>\n<p>Avantages :<br \/>\njetable,<br \/>\nhygi\u00e9nique,<br \/>\nrenforc\u00e9 par une couche de film,<br \/>\nfacile et rapide \u00e0 changer,<br \/>\npr\u00e9vient les infections crois\u00e9es,<br \/>\navec perforation pour faciliter l&rsquo;arrachage d&rsquo;un seul tampon,<br \/>\nlarge gamme de couleurs,<br \/>\ndonne un sentiment d&rsquo;hygi\u00e8ne et de confort.<\/p>\n<p>Donn\u00e9es techniques :<br \/>\ncouche unique,<br \/>\ntaille du support unique 50 x 50,<\/p>\n<p>Couleur :<br \/>\nblanc,<br \/>\nvert m\u00e9dical,<br \/>\nbleu<\/p>\n","protected":false},"excerpt":{"rendered":"<p>Les serviettes hygi\u00e9niques jetables sont utilis\u00e9es pour prot\u00e9ger les articles dans les zones o\u00f9 des mesures de protection suppl\u00e9mentaires doivent \u00eatre mises en \u0153uvre pour garantir l&rsquo;hygi\u00e8ne et la propret\u00e9. Elles sont fabriqu\u00e9es \u00e0 partir de papier de soie color\u00e9 renforc\u00e9 par une feuille de PE. Objet : protection, protection Application : \u00e9tablissements m\u00e9dicaux, salons [&hellip;]<\/p>\n","protected":false},"featured_media":7649,"comment_status":"closed","ping_status":"open","template":"","meta":{"site-sidebar-layout":"default","site-content-layout":"","ast-site-content-layout":"default","site-content-style":"default","site-sidebar-style":"default","ast-global-header-display":"","ast-banner-title-visibility":"","ast-main-header-display":"","ast-hfb-above-header-display":"","ast-hfb-below-header-display":"","ast-hfb-mobile-header-display":"","site-post-title":"","ast-breadcrumbs-content":"","ast-featured-img":"","footer-sml-layout":"","ast-disable-related-posts":"","theme-transparent-header-meta":"","adv-header-id-meta":"","stick-header-meta":"","header-above-stick-meta":"","header-main-stick-meta":"","header-below-stick-meta":"","astra-migrate-meta-layouts":"default","ast-page-background-enabled":"default","ast-page-background-meta":{"desktop":{"background-color":"var(--ast-global-color-4)","background-image":"","background-repeat":"repeat","background-position":"center center","background-size":"auto","background-attachment":"scroll","background-type":"","background-media":"","overlay-type":"","overlay-color":"","overlay-opacity":"","overlay-gradient":""},"tablet":{"background-color":"","background-image":"","background-repeat":"repeat","background-position":"center center","background-size":"auto","background-attachment":"scroll","background-type":"","background-media":"","overlay-type":"","overlay-color":"","overlay-opacity":"","overlay-gradient":""},"mobile":{"background-color":"","background-image":"","background-repeat":"repeat","background-position":"center center","background-size":"auto","background-attachment":"scroll","background-type":"","background-media":"","overlay-type":"","overlay-color":"","overlay-opacity":"","overlay-gradient":""}},"ast-content-background-meta":{"desktop":{"background-color":"var(--ast-global-color-5)","background-image":"","background-repeat":"repeat","background-position":"center center","background-size":"auto","background-attachment":"scroll","background-type":"","background-media":"","overlay-type":"","overlay-color":"","overlay-opacity":"","overlay-gradient":""},"tablet":{"background-color":"var(--ast-global-color-5)","background-image":"","background-repeat":"repeat","background-position":"center center","background-size":"auto","background-attachment":"scroll","background-type":"","background-media":"","overlay-type":"","overlay-color":"","overlay-opacity":"","overlay-gradient":""},"mobile":{"background-color":"var(--ast-global-color-5)","background-image":"","background-repeat":"repeat","background-position":"center center","background-size":"auto","background-attachment":"scroll","background-type":"","background-media":"","overlay-type":"","overlay-color":"","overlay-opacity":"","overlay-gradient":""}}},"product_brand":[],"product_cat":[91],"product_tag":[],"class_list":{"0":"post-9133","1":"product","2":"type-product","3":"status-publish","4":"has-post-thumbnail","6":"product_cat-med-tattoo-fr","7":"desktop-align-left","8":"tablet-align-left","9":"mobile-align-left","10":"ast-product-gallery-layout-horizontal-slider","11":"ast-product-gallery-with-no-image","12":"ast-product-tabs-layout-distributed","14":"first","15":"instock","16":"purchasable","17":"product-type-simple"},"yoast_head":"<!-- This site is optimized with the Yoast SEO plugin v27.5 - https:\/\/yoast.com\/product\/yoast-seo-wordpress\/ -->\n<title>Sous-couche MIDI-MED 50cm x 50m Bleu - MED.TATTOO<\/title>\n<meta name=\"robots\" content=\"index, follow, max-snippet:-1, max-image-preview:large, max-video-preview:-1\" \/>\n<link rel=\"canonical\" href=\"https:\/\/med.tattoo\/fr\/produit\/sous-couche-midi-med-50cm-x-50m-bleu\/\" \/>\n<meta property=\"og:locale\" content=\"fr_FR\" \/>\n<meta property=\"og:type\" content=\"article\" \/>\n<meta property=\"og:title\" content=\"Sous-couche MIDI-MED 50cm x 50m Bleu - MED.TATTOO\" \/>\n<meta property=\"og:description\" content=\"Les serviettes hygi\u00e9niques jetables sont utilis\u00e9es pour prot\u00e9ger les articles dans les zones o\u00f9 des mesures de protection suppl\u00e9mentaires doivent \u00eatre mises en \u0153uvre pour garantir l&rsquo;hygi\u00e8ne et la propret\u00e9. Elles sont fabriqu\u00e9es \u00e0 partir de papier de soie color\u00e9 renforc\u00e9 par une feuille de PE. Objet : protection, protection Application : \u00e9tablissements m\u00e9dicaux, salons [&hellip;]\" \/>\n<meta property=\"og:url\" content=\"https:\/\/med.tattoo\/fr\/produit\/sous-couche-midi-med-50cm-x-50m-bleu\/\" \/>\n<meta property=\"og:site_name\" content=\"MED.TATTOO\" \/>\n<meta property=\"article:publisher\" content=\"https:\/\/www.facebook.com\/profile.php?id=100084366705613\" \/>\n<meta name=\"twitter:card\" content=\"summary_large_image\" \/>\n<meta name=\"twitter:label1\" content=\"Dur\u00e9e de lecture estim\u00e9e\" \/>\n\t<meta name=\"twitter:data1\" content=\"1 minute\" \/>\n<script type=\"application\/ld+json\" class=\"yoast-schema-graph\">{\"@context\":\"https:\\\/\\\/schema.org\",\"@graph\":[{\"@type\":\"WebPage\",\"@id\":\"https:\\\/\\\/med.tattoo\\\/fr\\\/produit\\\/sous-couche-midi-med-50cm-x-50m-bleu\\\/\",\"url\":\"https:\\\/\\\/med.tattoo\\\/fr\\\/produit\\\/sous-couche-midi-med-50cm-x-50m-bleu\\\/\",\"name\":\"Sous-couche MIDI-MED 50cm x 50m Bleu - MED.TATTOO\",\"isPartOf\":{\"@id\":\"https:\\\/\\\/med.tattoo\\\/fr\\\/#website\"},\"primaryImageOfPage\":{\"@id\":\"https:\\\/\\\/med.tattoo\\\/fr\\\/produit\\\/sous-couche-midi-med-50cm-x-50m-bleu\\\/#primaryimage\"},\"image\":{\"@id\":\"https:\\\/\\\/med.tattoo\\\/fr\\\/produit\\\/sous-couche-midi-med-50cm-x-50m-bleu\\\/#primaryimage\"},\"thumbnailUrl\":\"https:\\\/\\\/med.tattoo\\\/wp-content\\\/uploads\\\/2025\\\/05\\\/2846_podklad-podfoliowany-midi-med-50cm-x-50m-niebieski_1744006856.jpg\",\"datePublished\":\"2025-05-15T05:25:49+00:00\",\"breadcrumb\":{\"@id\":\"https:\\\/\\\/med.tattoo\\\/fr\\\/produit\\\/sous-couche-midi-med-50cm-x-50m-bleu\\\/#breadcrumb\"},\"inLanguage\":\"fr-FR\",\"potentialAction\":[{\"@type\":\"ReadAction\",\"target\":[\"https:\\\/\\\/med.tattoo\\\/fr\\\/produit\\\/sous-couche-midi-med-50cm-x-50m-bleu\\\/\"]}]},{\"@type\":\"ImageObject\",\"inLanguage\":\"fr-FR\",\"@id\":\"https:\\\/\\\/med.tattoo\\\/fr\\\/produit\\\/sous-couche-midi-med-50cm-x-50m-bleu\\\/#primaryimage\",\"url\":\"https:\\\/\\\/med.tattoo\\\/wp-content\\\/uploads\\\/2025\\\/05\\\/2846_podklad-podfoliowany-midi-med-50cm-x-50m-niebieski_1744006856.jpg\",\"contentUrl\":\"https:\\\/\\\/med.tattoo\\\/wp-content\\\/uploads\\\/2025\\\/05\\\/2846_podklad-podfoliowany-midi-med-50cm-x-50m-niebieski_1744006856.jpg\",\"width\":487,\"height\":962},{\"@type\":\"BreadcrumbList\",\"@id\":\"https:\\\/\\\/med.tattoo\\\/fr\\\/produit\\\/sous-couche-midi-med-50cm-x-50m-bleu\\\/#breadcrumb\",\"itemListElement\":[{\"@type\":\"ListItem\",\"position\":1,\"name\":\"Strona G\u0142\u00f3wna\",\"item\":\"https:\\\/\\\/med.tattoo\\\/fr\\\/\"},{\"@type\":\"ListItem\",\"position\":2,\"name\":\"Boutique\",\"item\":\"https:\\\/\\\/med.tattoo\\\/fr\\\/boutique\\\/\"},{\"@type\":\"ListItem\",\"position\":3,\"name\":\"Sous-couche MIDI-MED 50cm x 50m Bleu\"}]},{\"@type\":\"WebSite\",\"@id\":\"https:\\\/\\\/med.tattoo\\\/fr\\\/#website\",\"url\":\"https:\\\/\\\/med.tattoo\\\/fr\\\/\",\"name\":\"MED.TATTOO\",\"description\":\"Wszystko dla Twojego tatua\u017cu\",\"publisher\":{\"@id\":\"https:\\\/\\\/med.tattoo\\\/fr\\\/#organization\"},\"potentialAction\":[{\"@type\":\"SearchAction\",\"target\":{\"@type\":\"EntryPoint\",\"urlTemplate\":\"https:\\\/\\\/med.tattoo\\\/fr\\\/?s={search_term_string}\"},\"query-input\":{\"@type\":\"PropertyValueSpecification\",\"valueRequired\":true,\"valueName\":\"search_term_string\"}}],\"inLanguage\":\"fr-FR\"},{\"@type\":\"Organization\",\"@id\":\"https:\\\/\\\/med.tattoo\\\/fr\\\/#organization\",\"name\":\"MED.TATTOO\",\"url\":\"https:\\\/\\\/med.tattoo\\\/fr\\\/\",\"logo\":{\"@type\":\"ImageObject\",\"inLanguage\":\"fr-FR\",\"@id\":\"https:\\\/\\\/med.tattoo\\\/fr\\\/#\\\/schema\\\/logo\\\/image\\\/\",\"url\":\"https:\\\/\\\/med.tattoo\\\/wp-content\\\/uploads\\\/2025\\\/05\\\/Bez-tytulu-600S300-px-1-e1658908183800.png\",\"contentUrl\":\"https:\\\/\\\/med.tattoo\\\/wp-content\\\/uploads\\\/2025\\\/05\\\/Bez-tytulu-600S300-px-1-e1658908183800.png\",\"width\":600,\"height\":61,\"caption\":\"MED.TATTOO\"},\"image\":{\"@id\":\"https:\\\/\\\/med.tattoo\\\/fr\\\/#\\\/schema\\\/logo\\\/image\\\/\"},\"sameAs\":[\"https:\\\/\\\/www.facebook.com\\\/profile.php?id=100084366705613\",\"https:\\\/\\\/www.instagram.com\\\/med.tattoo_official\\\/\"]}]}<\/script>\n<!-- \/ Yoast SEO plugin. -->","yoast_head_json":{"title":"Sous-couche MIDI-MED 50cm x 50m Bleu - MED.TATTOO","robots":{"index":"index","follow":"follow","max-snippet":"max-snippet:-1","max-image-preview":"max-image-preview:large","max-video-preview":"max-video-preview:-1"},"canonical":"https:\/\/med.tattoo\/fr\/produit\/sous-couche-midi-med-50cm-x-50m-bleu\/","og_locale":"fr_FR","og_type":"article","og_title":"Sous-couche MIDI-MED 50cm x 50m Bleu - MED.TATTOO","og_description":"Les serviettes hygi\u00e9niques jetables sont utilis\u00e9es pour prot\u00e9ger les articles dans les zones o\u00f9 des mesures de protection suppl\u00e9mentaires doivent \u00eatre mises en \u0153uvre pour garantir l&rsquo;hygi\u00e8ne et la propret\u00e9. Elles sont fabriqu\u00e9es \u00e0 partir de papier de soie color\u00e9 renforc\u00e9 par une feuille de PE. Objet : protection, protection Application : \u00e9tablissements m\u00e9dicaux, salons [&hellip;]","og_url":"https:\/\/med.tattoo\/fr\/produit\/sous-couche-midi-med-50cm-x-50m-bleu\/","og_site_name":"MED.TATTOO","article_publisher":"https:\/\/www.facebook.com\/profile.php?id=100084366705613","twitter_card":"summary_large_image","twitter_misc":{"Dur\u00e9e de lecture estim\u00e9e":"1 minute"},"schema":{"@context":"https:\/\/schema.org","@graph":[{"@type":"WebPage","@id":"https:\/\/med.tattoo\/fr\/produit\/sous-couche-midi-med-50cm-x-50m-bleu\/","url":"https:\/\/med.tattoo\/fr\/produit\/sous-couche-midi-med-50cm-x-50m-bleu\/","name":"Sous-couche MIDI-MED 50cm x 50m Bleu - MED.TATTOO","isPartOf":{"@id":"https:\/\/med.tattoo\/fr\/#website"},"primaryImageOfPage":{"@id":"https:\/\/med.tattoo\/fr\/produit\/sous-couche-midi-med-50cm-x-50m-bleu\/#primaryimage"},"image":{"@id":"https:\/\/med.tattoo\/fr\/produit\/sous-couche-midi-med-50cm-x-50m-bleu\/#primaryimage"},"thumbnailUrl":"https:\/\/med.tattoo\/wp-content\/uploads\/2025\/05\/2846_podklad-podfoliowany-midi-med-50cm-x-50m-niebieski_1744006856.jpg","datePublished":"2025-05-15T05:25:49+00:00","breadcrumb":{"@id":"https:\/\/med.tattoo\/fr\/produit\/sous-couche-midi-med-50cm-x-50m-bleu\/#breadcrumb"},"inLanguage":"fr-FR","potentialAction":[{"@type":"ReadAction","target":["https:\/\/med.tattoo\/fr\/produit\/sous-couche-midi-med-50cm-x-50m-bleu\/"]}]},{"@type":"ImageObject","inLanguage":"fr-FR","@id":"https:\/\/med.tattoo\/fr\/produit\/sous-couche-midi-med-50cm-x-50m-bleu\/#primaryimage","url":"https:\/\/med.tattoo\/wp-content\/uploads\/2025\/05\/2846_podklad-podfoliowany-midi-med-50cm-x-50m-niebieski_1744006856.jpg","contentUrl":"https:\/\/med.tattoo\/wp-content\/uploads\/2025\/05\/2846_podklad-podfoliowany-midi-med-50cm-x-50m-niebieski_1744006856.jpg","width":487,"height":962},{"@type":"BreadcrumbList","@id":"https:\/\/med.tattoo\/fr\/produit\/sous-couche-midi-med-50cm-x-50m-bleu\/#breadcrumb","itemListElement":[{"@type":"ListItem","position":1,"name":"Strona G\u0142\u00f3wna","item":"https:\/\/med.tattoo\/fr\/"},{"@type":"ListItem","position":2,"name":"Boutique","item":"https:\/\/med.tattoo\/fr\/boutique\/"},{"@type":"ListItem","position":3,"name":"Sous-couche MIDI-MED 50cm x 50m Bleu"}]},{"@type":"WebSite","@id":"https:\/\/med.tattoo\/fr\/#website","url":"https:\/\/med.tattoo\/fr\/","name":"MED.TATTOO","description":"Wszystko dla Twojego tatua\u017cu","publisher":{"@id":"https:\/\/med.tattoo\/fr\/#organization"},"potentialAction":[{"@type":"SearchAction","target":{"@type":"EntryPoint","urlTemplate":"https:\/\/med.tattoo\/fr\/?s={search_term_string}"},"query-input":{"@type":"PropertyValueSpecification","valueRequired":true,"valueName":"search_term_string"}}],"inLanguage":"fr-FR"},{"@type":"Organization","@id":"https:\/\/med.tattoo\/fr\/#organization","name":"MED.TATTOO","url":"https:\/\/med.tattoo\/fr\/","logo":{"@type":"ImageObject","inLanguage":"fr-FR","@id":"https:\/\/med.tattoo\/fr\/#\/schema\/logo\/image\/","url":"https:\/\/med.tattoo\/wp-content\/uploads\/2025\/05\/Bez-tytulu-600S300-px-1-e1658908183800.png","contentUrl":"https:\/\/med.tattoo\/wp-content\/uploads\/2025\/05\/Bez-tytulu-600S300-px-1-e1658908183800.png","width":600,"height":61,"caption":"MED.TATTOO"},"image":{"@id":"https:\/\/med.tattoo\/fr\/#\/schema\/logo\/image\/"},"sameAs":["https:\/\/www.facebook.com\/profile.php?id=100084366705613","https:\/\/www.instagram.com\/med.tattoo_official\/"]}]}},"_links":{"self":[{"href":"https:\/\/med.tattoo\/fr\/wp-json\/wp\/v2\/product\/9133","targetHints":{"allow":["GET"]}}],"collection":[{"href":"https:\/\/med.tattoo\/fr\/wp-json\/wp\/v2\/product"}],"about":[{"href":"https:\/\/med.tattoo\/fr\/wp-json\/wp\/v2\/types\/product"}],"replies":[{"embeddable":true,"href":"https:\/\/med.tattoo\/fr\/wp-json\/wp\/v2\/comments?post=9133"}],"wp:featuredmedia":[{"embeddable":true,"href":"https:\/\/med.tattoo\/fr\/wp-json\/wp\/v2\/media\/7649"}],"wp:attachment":[{"href":"https:\/\/med.tattoo\/fr\/wp-json\/wp\/v2\/media?parent=9133"}],"wp:term":[{"taxonomy":"product_brand","embeddable":true,"href":"https:\/\/med.tattoo\/fr\/wp-json\/wp\/v2\/product_brand?post=9133"},{"taxonomy":"product_cat","embeddable":true,"href":"https:\/\/med.tattoo\/fr\/wp-json\/wp\/v2\/product_cat?post=9133"},{"taxonomy":"product_tag","embeddable":true,"href":"https:\/\/med.tattoo\/fr\/wp-json\/wp\/v2\/product_tag?post=9133"}],"curies":[{"name":"wp","href":"https:\/\/api.w.org\/{rel}","templated":true}]}}