{"id":9305,"date":"2025-05-15T07:16:57","date_gmt":"2025-05-15T05:16:57","guid":{"rendered":"https:\/\/med.tattoo\/produkt\/rasoir-chirurgical-a-lame-unique-8-1pc\/"},"modified":"2025-05-15T07:16:57","modified_gmt":"2025-05-15T05:16:57","slug":"rasoir-chirurgical-a-lame-unique-8-1pc","status":"publish","type":"product","link":"https:\/\/med.tattoo\/fr\/produit\/rasoir-chirurgical-a-lame-unique-8-1pc\/","title":{"rendered":"Rasoir chirurgical \u00e0 lame unique 8% 1pc"},"content":{"rendered":"<p>Rasoirs jetables &#8211; rasoir d&rsquo;une seule pi\u00e8ce avec une seule lame.<\/p>\n<p>Le produit est l\u00e9ger et confortable \u00e0 utiliser. Le manche est en plastique et la lame unique est en acier inoxydable, sans garde. <\/p>\n<p>Rasoir pour les proc\u00e9dures m\u00e9dicales et cosm\u00e9tiques. \u00c9limine efficacement et en toute s\u00e9curit\u00e9 les poils sans provoquer d&rsquo;\u00e9gratignures ou de coupures. Id\u00e9al pour les salons de tatouage dans le cadre du kit d&rsquo;hygi\u00e8ne de base. Le produit est disponible en paquet de 100.   <\/p>\n","protected":false},"excerpt":{"rendered":"<p>Rasoirs jetables &#8211; rasoir d&rsquo;une seule pi\u00e8ce avec une seule lame. Le produit est l\u00e9ger et confortable \u00e0 utiliser. Le manche est en plastique et la lame unique est en acier inoxydable, sans garde. Rasoir pour les proc\u00e9dures m\u00e9dicales et cosm\u00e9tiques. \u00c9limine efficacement et en toute s\u00e9curit\u00e9 les poils sans provoquer d&rsquo;\u00e9gratignures ou de coupures. [&hellip;]<\/p>\n","protected":false},"featured_media":8476,"comment_status":"closed","ping_status":"open","template":"","meta":{"site-sidebar-layout":"default","site-content-layout":"","ast-site-content-layout":"default","site-content-style":"default","site-sidebar-style":"default","ast-global-header-display":"","ast-banner-title-visibility":"","ast-main-header-display":"","ast-hfb-above-header-display":"","ast-hfb-below-header-display":"","ast-hfb-mobile-header-display":"","site-post-title":"","ast-breadcrumbs-content":"","ast-featured-img":"","footer-sml-layout":"","ast-disable-related-posts":"","theme-transparent-header-meta":"","adv-header-id-meta":"","stick-header-meta":"","header-above-stick-meta":"","header-main-stick-meta":"","header-below-stick-meta":"","astra-migrate-meta-layouts":"default","ast-page-background-enabled":"default","ast-page-background-meta":{"desktop":{"background-color":"var(--ast-global-color-4)","background-image":"","background-repeat":"repeat","background-position":"center center","background-size":"auto","background-attachment":"scroll","background-type":"","background-media":"","overlay-type":"","overlay-color":"","overlay-opacity":"","overlay-gradient":""},"tablet":{"background-color":"","background-image":"","background-repeat":"repeat","background-position":"center center","background-size":"auto","background-attachment":"scroll","background-type":"","background-media":"","overlay-type":"","overlay-color":"","overlay-opacity":"","overlay-gradient":""},"mobile":{"background-color":"","background-image":"","background-repeat":"repeat","background-position":"center center","background-size":"auto","background-attachment":"scroll","background-type":"","background-media":"","overlay-type":"","overlay-color":"","overlay-opacity":"","overlay-gradient":""}},"ast-content-background-meta":{"desktop":{"background-color":"var(--ast-global-color-5)","background-image":"","background-repeat":"repeat","background-position":"center center","background-size":"auto","background-attachment":"scroll","background-type":"","background-media":"","overlay-type":"","overlay-color":"","overlay-opacity":"","overlay-gradient":""},"tablet":{"background-color":"var(--ast-global-color-5)","background-image":"","background-repeat":"repeat","background-position":"center center","background-size":"auto","background-attachment":"scroll","background-type":"","background-media":"","overlay-type":"","overlay-color":"","overlay-opacity":"","overlay-gradient":""},"mobile":{"background-color":"var(--ast-global-color-5)","background-image":"","background-repeat":"repeat","background-position":"center center","background-size":"auto","background-attachment":"scroll","background-type":"","background-media":"","overlay-type":"","overlay-color":"","overlay-opacity":"","overlay-gradient":""}}},"product_brand":[],"product_cat":[91],"product_tag":[],"class_list":{"0":"post-9305","1":"product","2":"type-product","3":"status-publish","4":"has-post-thumbnail","6":"product_cat-med-tattoo-fr","7":"desktop-align-left","8":"tablet-align-left","9":"mobile-align-left","10":"ast-product-gallery-layout-horizontal-slider","11":"ast-product-tabs-layout-distributed","13":"first","14":"instock","15":"purchasable","16":"product-type-simple"},"yoast_head":"<!-- This site is optimized with the Yoast SEO plugin v27.3 - https:\/\/yoast.com\/product\/yoast-seo-wordpress\/ -->\n<title>Rasoir chirurgical \u00e0 lame unique 8% 1pc - MED.TATTOO<\/title>\n<meta name=\"robots\" content=\"index, follow, max-snippet:-1, max-image-preview:large, max-video-preview:-1\" \/>\n<link rel=\"canonical\" href=\"https:\/\/med.tattoo\/fr\/produit\/rasoir-chirurgical-a-lame-unique-8-1pc\/\" \/>\n<meta property=\"og:locale\" content=\"fr_FR\" \/>\n<meta property=\"og:type\" content=\"article\" \/>\n<meta property=\"og:title\" content=\"Rasoir chirurgical \u00e0 lame unique 8% 1pc - MED.TATTOO\" \/>\n<meta property=\"og:description\" content=\"Rasoirs jetables &#8211; rasoir d&rsquo;une seule pi\u00e8ce avec une seule lame. Le produit est l\u00e9ger et confortable \u00e0 utiliser. Le manche est en plastique et la lame unique est en acier inoxydable, sans garde. Rasoir pour les proc\u00e9dures m\u00e9dicales et cosm\u00e9tiques. \u00c9limine efficacement et en toute s\u00e9curit\u00e9 les poils sans provoquer d&rsquo;\u00e9gratignures ou de coupures. [&hellip;]\" \/>\n<meta property=\"og:url\" content=\"https:\/\/med.tattoo\/fr\/produit\/rasoir-chirurgical-a-lame-unique-8-1pc\/\" \/>\n<meta property=\"og:site_name\" content=\"MED.TATTOO\" \/>\n<meta property=\"article:publisher\" content=\"https:\/\/www.facebook.com\/profile.php?id=100084366705613\" \/>\n<meta name=\"twitter:card\" content=\"summary_large_image\" \/>\n<script type=\"application\/ld+json\" class=\"yoast-schema-graph\">{\"@context\":\"https:\\\/\\\/schema.org\",\"@graph\":[{\"@type\":\"WebPage\",\"@id\":\"https:\\\/\\\/med.tattoo\\\/fr\\\/produit\\\/rasoir-chirurgical-a-lame-unique-8-1pc\\\/\",\"url\":\"https:\\\/\\\/med.tattoo\\\/fr\\\/produit\\\/rasoir-chirurgical-a-lame-unique-8-1pc\\\/\",\"name\":\"Rasoir chirurgical \u00e0 lame unique 8% 1pc - MED.TATTOO\",\"isPartOf\":{\"@id\":\"https:\\\/\\\/med.tattoo\\\/fr\\\/#website\"},\"primaryImageOfPage\":{\"@id\":\"https:\\\/\\\/med.tattoo\\\/fr\\\/produit\\\/rasoir-chirurgical-a-lame-unique-8-1pc\\\/#primaryimage\"},\"image\":{\"@id\":\"https:\\\/\\\/med.tattoo\\\/fr\\\/produit\\\/rasoir-chirurgical-a-lame-unique-8-1pc\\\/#primaryimage\"},\"thumbnailUrl\":\"https:\\\/\\\/med.tattoo\\\/wp-content\\\/uploads\\\/2025\\\/05\\\/3468_golarka-ju.-chirurgiczna-8-1szt_1742990450.png\",\"datePublished\":\"2025-05-15T05:16:57+00:00\",\"breadcrumb\":{\"@id\":\"https:\\\/\\\/med.tattoo\\\/fr\\\/produit\\\/rasoir-chirurgical-a-lame-unique-8-1pc\\\/#breadcrumb\"},\"inLanguage\":\"fr-FR\",\"potentialAction\":[{\"@type\":\"ReadAction\",\"target\":[\"https:\\\/\\\/med.tattoo\\\/fr\\\/produit\\\/rasoir-chirurgical-a-lame-unique-8-1pc\\\/\"]}]},{\"@type\":\"ImageObject\",\"inLanguage\":\"fr-FR\",\"@id\":\"https:\\\/\\\/med.tattoo\\\/fr\\\/produit\\\/rasoir-chirurgical-a-lame-unique-8-1pc\\\/#primaryimage\",\"url\":\"https:\\\/\\\/med.tattoo\\\/wp-content\\\/uploads\\\/2025\\\/05\\\/3468_golarka-ju.-chirurgiczna-8-1szt_1742990450.png\",\"contentUrl\":\"https:\\\/\\\/med.tattoo\\\/wp-content\\\/uploads\\\/2025\\\/05\\\/3468_golarka-ju.-chirurgiczna-8-1szt_1742990450.png\",\"width\":631,\"height\":415},{\"@type\":\"BreadcrumbList\",\"@id\":\"https:\\\/\\\/med.tattoo\\\/fr\\\/produit\\\/rasoir-chirurgical-a-lame-unique-8-1pc\\\/#breadcrumb\",\"itemListElement\":[{\"@type\":\"ListItem\",\"position\":1,\"name\":\"Strona G\u0142\u00f3wna\",\"item\":\"https:\\\/\\\/med.tattoo\\\/fr\\\/\"},{\"@type\":\"ListItem\",\"position\":2,\"name\":\"Boutique\",\"item\":\"https:\\\/\\\/med.tattoo\\\/fr\\\/boutique\\\/\"},{\"@type\":\"ListItem\",\"position\":3,\"name\":\"Rasoir chirurgical \u00e0 lame unique 8% 1pc\"}]},{\"@type\":\"WebSite\",\"@id\":\"https:\\\/\\\/med.tattoo\\\/fr\\\/#website\",\"url\":\"https:\\\/\\\/med.tattoo\\\/fr\\\/\",\"name\":\"MED.TATTOO\",\"description\":\"Wszystko dla Twojego tatua\u017cu\",\"publisher\":{\"@id\":\"https:\\\/\\\/med.tattoo\\\/fr\\\/#organization\"},\"potentialAction\":[{\"@type\":\"SearchAction\",\"target\":{\"@type\":\"EntryPoint\",\"urlTemplate\":\"https:\\\/\\\/med.tattoo\\\/fr\\\/?s={search_term_string}\"},\"query-input\":{\"@type\":\"PropertyValueSpecification\",\"valueRequired\":true,\"valueName\":\"search_term_string\"}}],\"inLanguage\":\"fr-FR\"},{\"@type\":\"Organization\",\"@id\":\"https:\\\/\\\/med.tattoo\\\/fr\\\/#organization\",\"name\":\"MED.TATTOO\",\"url\":\"https:\\\/\\\/med.tattoo\\\/fr\\\/\",\"logo\":{\"@type\":\"ImageObject\",\"inLanguage\":\"fr-FR\",\"@id\":\"https:\\\/\\\/med.tattoo\\\/fr\\\/#\\\/schema\\\/logo\\\/image\\\/\",\"url\":\"https:\\\/\\\/med.tattoo\\\/wp-content\\\/uploads\\\/2025\\\/05\\\/Bez-tytulu-600S300-px-1-e1658908183800.png\",\"contentUrl\":\"https:\\\/\\\/med.tattoo\\\/wp-content\\\/uploads\\\/2025\\\/05\\\/Bez-tytulu-600S300-px-1-e1658908183800.png\",\"width\":600,\"height\":61,\"caption\":\"MED.TATTOO\"},\"image\":{\"@id\":\"https:\\\/\\\/med.tattoo\\\/fr\\\/#\\\/schema\\\/logo\\\/image\\\/\"},\"sameAs\":[\"https:\\\/\\\/www.facebook.com\\\/profile.php?id=100084366705613\",\"https:\\\/\\\/www.instagram.com\\\/med.tattoo_official\\\/\"]}]}<\/script>\n<!-- \/ Yoast SEO plugin. -->","yoast_head_json":{"title":"Rasoir chirurgical \u00e0 lame unique 8% 1pc - MED.TATTOO","robots":{"index":"index","follow":"follow","max-snippet":"max-snippet:-1","max-image-preview":"max-image-preview:large","max-video-preview":"max-video-preview:-1"},"canonical":"https:\/\/med.tattoo\/fr\/produit\/rasoir-chirurgical-a-lame-unique-8-1pc\/","og_locale":"fr_FR","og_type":"article","og_title":"Rasoir chirurgical \u00e0 lame unique 8% 1pc - MED.TATTOO","og_description":"Rasoirs jetables &#8211; rasoir d&rsquo;une seule pi\u00e8ce avec une seule lame. Le produit est l\u00e9ger et confortable \u00e0 utiliser. Le manche est en plastique et la lame unique est en acier inoxydable, sans garde. Rasoir pour les proc\u00e9dures m\u00e9dicales et cosm\u00e9tiques. \u00c9limine efficacement et en toute s\u00e9curit\u00e9 les poils sans provoquer d&rsquo;\u00e9gratignures ou de coupures. [&hellip;]","og_url":"https:\/\/med.tattoo\/fr\/produit\/rasoir-chirurgical-a-lame-unique-8-1pc\/","og_site_name":"MED.TATTOO","article_publisher":"https:\/\/www.facebook.com\/profile.php?id=100084366705613","twitter_card":"summary_large_image","schema":{"@context":"https:\/\/schema.org","@graph":[{"@type":"WebPage","@id":"https:\/\/med.tattoo\/fr\/produit\/rasoir-chirurgical-a-lame-unique-8-1pc\/","url":"https:\/\/med.tattoo\/fr\/produit\/rasoir-chirurgical-a-lame-unique-8-1pc\/","name":"Rasoir chirurgical \u00e0 lame unique 8% 1pc - MED.TATTOO","isPartOf":{"@id":"https:\/\/med.tattoo\/fr\/#website"},"primaryImageOfPage":{"@id":"https:\/\/med.tattoo\/fr\/produit\/rasoir-chirurgical-a-lame-unique-8-1pc\/#primaryimage"},"image":{"@id":"https:\/\/med.tattoo\/fr\/produit\/rasoir-chirurgical-a-lame-unique-8-1pc\/#primaryimage"},"thumbnailUrl":"https:\/\/med.tattoo\/wp-content\/uploads\/2025\/05\/3468_golarka-ju.-chirurgiczna-8-1szt_1742990450.png","datePublished":"2025-05-15T05:16:57+00:00","breadcrumb":{"@id":"https:\/\/med.tattoo\/fr\/produit\/rasoir-chirurgical-a-lame-unique-8-1pc\/#breadcrumb"},"inLanguage":"fr-FR","potentialAction":[{"@type":"ReadAction","target":["https:\/\/med.tattoo\/fr\/produit\/rasoir-chirurgical-a-lame-unique-8-1pc\/"]}]},{"@type":"ImageObject","inLanguage":"fr-FR","@id":"https:\/\/med.tattoo\/fr\/produit\/rasoir-chirurgical-a-lame-unique-8-1pc\/#primaryimage","url":"https:\/\/med.tattoo\/wp-content\/uploads\/2025\/05\/3468_golarka-ju.-chirurgiczna-8-1szt_1742990450.png","contentUrl":"https:\/\/med.tattoo\/wp-content\/uploads\/2025\/05\/3468_golarka-ju.-chirurgiczna-8-1szt_1742990450.png","width":631,"height":415},{"@type":"BreadcrumbList","@id":"https:\/\/med.tattoo\/fr\/produit\/rasoir-chirurgical-a-lame-unique-8-1pc\/#breadcrumb","itemListElement":[{"@type":"ListItem","position":1,"name":"Strona G\u0142\u00f3wna","item":"https:\/\/med.tattoo\/fr\/"},{"@type":"ListItem","position":2,"name":"Boutique","item":"https:\/\/med.tattoo\/fr\/boutique\/"},{"@type":"ListItem","position":3,"name":"Rasoir chirurgical \u00e0 lame unique 8% 1pc"}]},{"@type":"WebSite","@id":"https:\/\/med.tattoo\/fr\/#website","url":"https:\/\/med.tattoo\/fr\/","name":"MED.TATTOO","description":"Wszystko dla Twojego tatua\u017cu","publisher":{"@id":"https:\/\/med.tattoo\/fr\/#organization"},"potentialAction":[{"@type":"SearchAction","target":{"@type":"EntryPoint","urlTemplate":"https:\/\/med.tattoo\/fr\/?s={search_term_string}"},"query-input":{"@type":"PropertyValueSpecification","valueRequired":true,"valueName":"search_term_string"}}],"inLanguage":"fr-FR"},{"@type":"Organization","@id":"https:\/\/med.tattoo\/fr\/#organization","name":"MED.TATTOO","url":"https:\/\/med.tattoo\/fr\/","logo":{"@type":"ImageObject","inLanguage":"fr-FR","@id":"https:\/\/med.tattoo\/fr\/#\/schema\/logo\/image\/","url":"https:\/\/med.tattoo\/wp-content\/uploads\/2025\/05\/Bez-tytulu-600S300-px-1-e1658908183800.png","contentUrl":"https:\/\/med.tattoo\/wp-content\/uploads\/2025\/05\/Bez-tytulu-600S300-px-1-e1658908183800.png","width":600,"height":61,"caption":"MED.TATTOO"},"image":{"@id":"https:\/\/med.tattoo\/fr\/#\/schema\/logo\/image\/"},"sameAs":["https:\/\/www.facebook.com\/profile.php?id=100084366705613","https:\/\/www.instagram.com\/med.tattoo_official\/"]}]}},"_links":{"self":[{"href":"https:\/\/med.tattoo\/fr\/wp-json\/wp\/v2\/product\/9305","targetHints":{"allow":["GET"]}}],"collection":[{"href":"https:\/\/med.tattoo\/fr\/wp-json\/wp\/v2\/product"}],"about":[{"href":"https:\/\/med.tattoo\/fr\/wp-json\/wp\/v2\/types\/product"}],"replies":[{"embeddable":true,"href":"https:\/\/med.tattoo\/fr\/wp-json\/wp\/v2\/comments?post=9305"}],"wp:featuredmedia":[{"embeddable":true,"href":"https:\/\/med.tattoo\/fr\/wp-json\/wp\/v2\/media\/8476"}],"wp:attachment":[{"href":"https:\/\/med.tattoo\/fr\/wp-json\/wp\/v2\/media?parent=9305"}],"wp:term":[{"taxonomy":"product_brand","embeddable":true,"href":"https:\/\/med.tattoo\/fr\/wp-json\/wp\/v2\/product_brand?post=9305"},{"taxonomy":"product_cat","embeddable":true,"href":"https:\/\/med.tattoo\/fr\/wp-json\/wp\/v2\/product_cat?post=9305"},{"taxonomy":"product_tag","embeddable":true,"href":"https:\/\/med.tattoo\/fr\/wp-json\/wp\/v2\/product_tag?post=9305"}],"curies":[{"name":"wp","href":"https:\/\/api.w.org\/{rel}","templated":true}]}}