{"id":9323,"date":"2025-05-15T07:31:03","date_gmt":"2025-05-15T05:31:03","guid":{"rendered":"https:\/\/med.tattoo\/produkt\/serviettes-en-mousse-3345cm-100pcs-bleu\/"},"modified":"2025-05-15T07:31:03","modified_gmt":"2025-05-15T05:31:03","slug":"serviettes-en-mousse-3345cm-100pcs-bleu","status":"publish","type":"product","link":"https:\/\/med.tattoo\/fr\/produit\/serviettes-en-mousse-3345cm-100pcs-bleu\/","title":{"rendered":"Serviettes en mousse 33*45cm 100pcs bleu"},"content":{"rendered":"<p>Sous-couche en papier de soie et feuille d&rsquo;aluminium, id\u00e9ale comme sous-couche de protection contre la salet\u00e9 et les op\u00e9rations cosm\u00e9tiques en pr\u00e9sence d&rsquo;humidit\u00e9, d&rsquo;eau et de substances denses et collantes.<br \/>\nSous-couche pour utilisation en cosm\u00e9tique, dentisterie, m\u00e9decine.<\/p>\n<p>Caract\u00e9ristiques :<\/p>\n<p>d&rsquo;un c\u00f4t\u00e9, il y a un papier de soie \u00e0 la fois d\u00e9licat et solide avec un gaufrage d\u00e9coratif, et de l&rsquo;autre c\u00f4t\u00e9, il y a une feuille d\u00e9licate qui prot\u00e8ge contre la p\u00e9n\u00e9tration de l&rsquo;humidit\u00e9,<br \/>\nla serviette est d\u00e9licate au toucher,<br \/>\nelle prot\u00e8ge les dessus de meubles, les rev\u00eatements en cuir des fauteuils de cosm\u00e9tique, les fauteuils de podologie et de dentisterie de se mouiller ou de se tacher,<br \/>\nles serviettes sont utilis\u00e9es dans les secteurs de la cosm\u00e9tique, de la coiffure, de la m\u00e9decine et de la gastronomie,<br \/>\nelles se caract\u00e9risent par une grande r\u00e9sistance m\u00e9canique,<br \/>\nle produit est enregistr\u00e9 aupr\u00e8s de l&rsquo;Office d&rsquo;enregistrement des m\u00e9dicaments, des dispositifs m\u00e9dicaux et des produits biocides (TVA 8 %).<\/p>\n<p>Largeur de la section &#8211; 33 cm, longueur de la section &#8211; 45 cm<\/p>\n<p>Deux couches de papier de soie assurent une excellente absorption des liquides.<\/p>\n<p>&lsquo; La couche de film prot\u00e8ge contre l&rsquo;imbibition<\/p>\n<p>Les protections jetables garantissent une hygi\u00e8ne totale pendant le traitement et l&rsquo;examen.<\/p>\n<p>Les principales applications se trouvent dans les h\u00f4pitaux, les cliniques et les cabinets m\u00e9dicaux.<\/p>\n","protected":false},"excerpt":{"rendered":"<p>Sous-couche en papier de soie et feuille d&rsquo;aluminium, id\u00e9ale comme sous-couche de protection contre la salet\u00e9 et les op\u00e9rations cosm\u00e9tiques en pr\u00e9sence d&rsquo;humidit\u00e9, d&rsquo;eau et de substances denses et collantes. Sous-couche pour utilisation en cosm\u00e9tique, dentisterie, m\u00e9decine. Caract\u00e9ristiques : d&rsquo;un c\u00f4t\u00e9, il y a un papier de soie \u00e0 la fois d\u00e9licat et solide avec [&hellip;]<\/p>\n","protected":false},"featured_media":8019,"comment_status":"closed","ping_status":"open","template":"","meta":{"site-sidebar-layout":"default","site-content-layout":"","ast-site-content-layout":"default","site-content-style":"default","site-sidebar-style":"default","ast-global-header-display":"","ast-banner-title-visibility":"","ast-main-header-display":"","ast-hfb-above-header-display":"","ast-hfb-below-header-display":"","ast-hfb-mobile-header-display":"","site-post-title":"","ast-breadcrumbs-content":"","ast-featured-img":"","footer-sml-layout":"","ast-disable-related-posts":"","theme-transparent-header-meta":"","adv-header-id-meta":"","stick-header-meta":"","header-above-stick-meta":"","header-main-stick-meta":"","header-below-stick-meta":"","astra-migrate-meta-layouts":"default","ast-page-background-enabled":"default","ast-page-background-meta":{"desktop":{"background-color":"var(--ast-global-color-4)","background-image":"","background-repeat":"repeat","background-position":"center center","background-size":"auto","background-attachment":"scroll","background-type":"","background-media":"","overlay-type":"","overlay-color":"","overlay-opacity":"","overlay-gradient":""},"tablet":{"background-color":"","background-image":"","background-repeat":"repeat","background-position":"center center","background-size":"auto","background-attachment":"scroll","background-type":"","background-media":"","overlay-type":"","overlay-color":"","overlay-opacity":"","overlay-gradient":""},"mobile":{"background-color":"","background-image":"","background-repeat":"repeat","background-position":"center center","background-size":"auto","background-attachment":"scroll","background-type":"","background-media":"","overlay-type":"","overlay-color":"","overlay-opacity":"","overlay-gradient":""}},"ast-content-background-meta":{"desktop":{"background-color":"var(--ast-global-color-5)","background-image":"","background-repeat":"repeat","background-position":"center center","background-size":"auto","background-attachment":"scroll","background-type":"","background-media":"","overlay-type":"","overlay-color":"","overlay-opacity":"","overlay-gradient":""},"tablet":{"background-color":"var(--ast-global-color-5)","background-image":"","background-repeat":"repeat","background-position":"center center","background-size":"auto","background-attachment":"scroll","background-type":"","background-media":"","overlay-type":"","overlay-color":"","overlay-opacity":"","overlay-gradient":""},"mobile":{"background-color":"var(--ast-global-color-5)","background-image":"","background-repeat":"repeat","background-position":"center center","background-size":"auto","background-attachment":"scroll","background-type":"","background-media":"","overlay-type":"","overlay-color":"","overlay-opacity":"","overlay-gradient":""}}},"product_brand":[],"product_cat":[91],"product_tag":[],"class_list":{"0":"post-9323","1":"product","2":"type-product","3":"status-publish","4":"has-post-thumbnail","6":"product_cat-med-tattoo-fr","7":"desktop-align-left","8":"tablet-align-left","9":"mobile-align-left","10":"ast-product-gallery-layout-horizontal-slider","11":"ast-product-gallery-with-no-image","12":"ast-product-tabs-layout-distributed","14":"first","15":"instock","16":"purchasable","17":"product-type-simple"},"yoast_head":"<!-- This site is optimized with the Yoast SEO plugin v27.3 - https:\/\/yoast.com\/product\/yoast-seo-wordpress\/ -->\n<title>Serviettes en mousse 33*45cm 100pcs bleu - MED.TATTOO<\/title>\n<meta name=\"robots\" content=\"index, follow, max-snippet:-1, max-image-preview:large, max-video-preview:-1\" \/>\n<link rel=\"canonical\" href=\"https:\/\/med.tattoo\/fr\/produit\/serviettes-en-mousse-3345cm-100pcs-bleu\/\" \/>\n<meta property=\"og:locale\" content=\"fr_FR\" \/>\n<meta property=\"og:type\" content=\"article\" \/>\n<meta property=\"og:title\" content=\"Serviettes en mousse 33*45cm 100pcs bleu - MED.TATTOO\" \/>\n<meta property=\"og:description\" content=\"Sous-couche en papier de soie et feuille d&rsquo;aluminium, id\u00e9ale comme sous-couche de protection contre la salet\u00e9 et les op\u00e9rations cosm\u00e9tiques en pr\u00e9sence d&rsquo;humidit\u00e9, d&rsquo;eau et de substances denses et collantes. Sous-couche pour utilisation en cosm\u00e9tique, dentisterie, m\u00e9decine. Caract\u00e9ristiques : d&rsquo;un c\u00f4t\u00e9, il y a un papier de soie \u00e0 la fois d\u00e9licat et solide avec [&hellip;]\" \/>\n<meta property=\"og:url\" content=\"https:\/\/med.tattoo\/fr\/produit\/serviettes-en-mousse-3345cm-100pcs-bleu\/\" \/>\n<meta property=\"og:site_name\" content=\"MED.TATTOO\" \/>\n<meta property=\"article:publisher\" content=\"https:\/\/www.facebook.com\/profile.php?id=100084366705613\" \/>\n<meta name=\"twitter:card\" content=\"summary_large_image\" \/>\n<meta name=\"twitter:label1\" content=\"Dur\u00e9e de lecture estim\u00e9e\" \/>\n\t<meta name=\"twitter:data1\" content=\"1 minute\" \/>\n<script type=\"application\/ld+json\" class=\"yoast-schema-graph\">{\"@context\":\"https:\\\/\\\/schema.org\",\"@graph\":[{\"@type\":\"WebPage\",\"@id\":\"https:\\\/\\\/med.tattoo\\\/fr\\\/produit\\\/serviettes-en-mousse-3345cm-100pcs-bleu\\\/\",\"url\":\"https:\\\/\\\/med.tattoo\\\/fr\\\/produit\\\/serviettes-en-mousse-3345cm-100pcs-bleu\\\/\",\"name\":\"Serviettes en mousse 33*45cm 100pcs bleu - MED.TATTOO\",\"isPartOf\":{\"@id\":\"https:\\\/\\\/med.tattoo\\\/fr\\\/#website\"},\"primaryImageOfPage\":{\"@id\":\"https:\\\/\\\/med.tattoo\\\/fr\\\/produit\\\/serviettes-en-mousse-3345cm-100pcs-bleu\\\/#primaryimage\"},\"image\":{\"@id\":\"https:\\\/\\\/med.tattoo\\\/fr\\\/produit\\\/serviettes-en-mousse-3345cm-100pcs-bleu\\\/#primaryimage\"},\"thumbnailUrl\":\"https:\\\/\\\/med.tattoo\\\/wp-content\\\/uploads\\\/2025\\\/05\\\/1052_serwety-podfoliowane-33-45cm-100szt-niebieskie_1744006864.png\",\"datePublished\":\"2025-05-15T05:31:03+00:00\",\"breadcrumb\":{\"@id\":\"https:\\\/\\\/med.tattoo\\\/fr\\\/produit\\\/serviettes-en-mousse-3345cm-100pcs-bleu\\\/#breadcrumb\"},\"inLanguage\":\"fr-FR\",\"potentialAction\":[{\"@type\":\"ReadAction\",\"target\":[\"https:\\\/\\\/med.tattoo\\\/fr\\\/produit\\\/serviettes-en-mousse-3345cm-100pcs-bleu\\\/\"]}]},{\"@type\":\"ImageObject\",\"inLanguage\":\"fr-FR\",\"@id\":\"https:\\\/\\\/med.tattoo\\\/fr\\\/produit\\\/serviettes-en-mousse-3345cm-100pcs-bleu\\\/#primaryimage\",\"url\":\"https:\\\/\\\/med.tattoo\\\/wp-content\\\/uploads\\\/2025\\\/05\\\/1052_serwety-podfoliowane-33-45cm-100szt-niebieskie_1744006864.png\",\"contentUrl\":\"https:\\\/\\\/med.tattoo\\\/wp-content\\\/uploads\\\/2025\\\/05\\\/1052_serwety-podfoliowane-33-45cm-100szt-niebieskie_1744006864.png\",\"width\":758,\"height\":563},{\"@type\":\"BreadcrumbList\",\"@id\":\"https:\\\/\\\/med.tattoo\\\/fr\\\/produit\\\/serviettes-en-mousse-3345cm-100pcs-bleu\\\/#breadcrumb\",\"itemListElement\":[{\"@type\":\"ListItem\",\"position\":1,\"name\":\"Strona G\u0142\u00f3wna\",\"item\":\"https:\\\/\\\/med.tattoo\\\/fr\\\/\"},{\"@type\":\"ListItem\",\"position\":2,\"name\":\"Boutique\",\"item\":\"https:\\\/\\\/med.tattoo\\\/fr\\\/boutique\\\/\"},{\"@type\":\"ListItem\",\"position\":3,\"name\":\"Serviettes en mousse 33*45cm 100pcs bleu\"}]},{\"@type\":\"WebSite\",\"@id\":\"https:\\\/\\\/med.tattoo\\\/fr\\\/#website\",\"url\":\"https:\\\/\\\/med.tattoo\\\/fr\\\/\",\"name\":\"MED.TATTOO\",\"description\":\"Wszystko dla Twojego tatua\u017cu\",\"publisher\":{\"@id\":\"https:\\\/\\\/med.tattoo\\\/fr\\\/#organization\"},\"potentialAction\":[{\"@type\":\"SearchAction\",\"target\":{\"@type\":\"EntryPoint\",\"urlTemplate\":\"https:\\\/\\\/med.tattoo\\\/fr\\\/?s={search_term_string}\"},\"query-input\":{\"@type\":\"PropertyValueSpecification\",\"valueRequired\":true,\"valueName\":\"search_term_string\"}}],\"inLanguage\":\"fr-FR\"},{\"@type\":\"Organization\",\"@id\":\"https:\\\/\\\/med.tattoo\\\/fr\\\/#organization\",\"name\":\"MED.TATTOO\",\"url\":\"https:\\\/\\\/med.tattoo\\\/fr\\\/\",\"logo\":{\"@type\":\"ImageObject\",\"inLanguage\":\"fr-FR\",\"@id\":\"https:\\\/\\\/med.tattoo\\\/fr\\\/#\\\/schema\\\/logo\\\/image\\\/\",\"url\":\"https:\\\/\\\/med.tattoo\\\/wp-content\\\/uploads\\\/2025\\\/05\\\/Bez-tytulu-600S300-px-1-e1658908183800.png\",\"contentUrl\":\"https:\\\/\\\/med.tattoo\\\/wp-content\\\/uploads\\\/2025\\\/05\\\/Bez-tytulu-600S300-px-1-e1658908183800.png\",\"width\":600,\"height\":61,\"caption\":\"MED.TATTOO\"},\"image\":{\"@id\":\"https:\\\/\\\/med.tattoo\\\/fr\\\/#\\\/schema\\\/logo\\\/image\\\/\"},\"sameAs\":[\"https:\\\/\\\/www.facebook.com\\\/profile.php?id=100084366705613\",\"https:\\\/\\\/www.instagram.com\\\/med.tattoo_official\\\/\"]}]}<\/script>\n<!-- \/ Yoast SEO plugin. -->","yoast_head_json":{"title":"Serviettes en mousse 33*45cm 100pcs bleu - MED.TATTOO","robots":{"index":"index","follow":"follow","max-snippet":"max-snippet:-1","max-image-preview":"max-image-preview:large","max-video-preview":"max-video-preview:-1"},"canonical":"https:\/\/med.tattoo\/fr\/produit\/serviettes-en-mousse-3345cm-100pcs-bleu\/","og_locale":"fr_FR","og_type":"article","og_title":"Serviettes en mousse 33*45cm 100pcs bleu - MED.TATTOO","og_description":"Sous-couche en papier de soie et feuille d&rsquo;aluminium, id\u00e9ale comme sous-couche de protection contre la salet\u00e9 et les op\u00e9rations cosm\u00e9tiques en pr\u00e9sence d&rsquo;humidit\u00e9, d&rsquo;eau et de substances denses et collantes. Sous-couche pour utilisation en cosm\u00e9tique, dentisterie, m\u00e9decine. Caract\u00e9ristiques : d&rsquo;un c\u00f4t\u00e9, il y a un papier de soie \u00e0 la fois d\u00e9licat et solide avec [&hellip;]","og_url":"https:\/\/med.tattoo\/fr\/produit\/serviettes-en-mousse-3345cm-100pcs-bleu\/","og_site_name":"MED.TATTOO","article_publisher":"https:\/\/www.facebook.com\/profile.php?id=100084366705613","twitter_card":"summary_large_image","twitter_misc":{"Dur\u00e9e de lecture estim\u00e9e":"1 minute"},"schema":{"@context":"https:\/\/schema.org","@graph":[{"@type":"WebPage","@id":"https:\/\/med.tattoo\/fr\/produit\/serviettes-en-mousse-3345cm-100pcs-bleu\/","url":"https:\/\/med.tattoo\/fr\/produit\/serviettes-en-mousse-3345cm-100pcs-bleu\/","name":"Serviettes en mousse 33*45cm 100pcs bleu - MED.TATTOO","isPartOf":{"@id":"https:\/\/med.tattoo\/fr\/#website"},"primaryImageOfPage":{"@id":"https:\/\/med.tattoo\/fr\/produit\/serviettes-en-mousse-3345cm-100pcs-bleu\/#primaryimage"},"image":{"@id":"https:\/\/med.tattoo\/fr\/produit\/serviettes-en-mousse-3345cm-100pcs-bleu\/#primaryimage"},"thumbnailUrl":"https:\/\/med.tattoo\/wp-content\/uploads\/2025\/05\/1052_serwety-podfoliowane-33-45cm-100szt-niebieskie_1744006864.png","datePublished":"2025-05-15T05:31:03+00:00","breadcrumb":{"@id":"https:\/\/med.tattoo\/fr\/produit\/serviettes-en-mousse-3345cm-100pcs-bleu\/#breadcrumb"},"inLanguage":"fr-FR","potentialAction":[{"@type":"ReadAction","target":["https:\/\/med.tattoo\/fr\/produit\/serviettes-en-mousse-3345cm-100pcs-bleu\/"]}]},{"@type":"ImageObject","inLanguage":"fr-FR","@id":"https:\/\/med.tattoo\/fr\/produit\/serviettes-en-mousse-3345cm-100pcs-bleu\/#primaryimage","url":"https:\/\/med.tattoo\/wp-content\/uploads\/2025\/05\/1052_serwety-podfoliowane-33-45cm-100szt-niebieskie_1744006864.png","contentUrl":"https:\/\/med.tattoo\/wp-content\/uploads\/2025\/05\/1052_serwety-podfoliowane-33-45cm-100szt-niebieskie_1744006864.png","width":758,"height":563},{"@type":"BreadcrumbList","@id":"https:\/\/med.tattoo\/fr\/produit\/serviettes-en-mousse-3345cm-100pcs-bleu\/#breadcrumb","itemListElement":[{"@type":"ListItem","position":1,"name":"Strona G\u0142\u00f3wna","item":"https:\/\/med.tattoo\/fr\/"},{"@type":"ListItem","position":2,"name":"Boutique","item":"https:\/\/med.tattoo\/fr\/boutique\/"},{"@type":"ListItem","position":3,"name":"Serviettes en mousse 33*45cm 100pcs bleu"}]},{"@type":"WebSite","@id":"https:\/\/med.tattoo\/fr\/#website","url":"https:\/\/med.tattoo\/fr\/","name":"MED.TATTOO","description":"Wszystko dla Twojego tatua\u017cu","publisher":{"@id":"https:\/\/med.tattoo\/fr\/#organization"},"potentialAction":[{"@type":"SearchAction","target":{"@type":"EntryPoint","urlTemplate":"https:\/\/med.tattoo\/fr\/?s={search_term_string}"},"query-input":{"@type":"PropertyValueSpecification","valueRequired":true,"valueName":"search_term_string"}}],"inLanguage":"fr-FR"},{"@type":"Organization","@id":"https:\/\/med.tattoo\/fr\/#organization","name":"MED.TATTOO","url":"https:\/\/med.tattoo\/fr\/","logo":{"@type":"ImageObject","inLanguage":"fr-FR","@id":"https:\/\/med.tattoo\/fr\/#\/schema\/logo\/image\/","url":"https:\/\/med.tattoo\/wp-content\/uploads\/2025\/05\/Bez-tytulu-600S300-px-1-e1658908183800.png","contentUrl":"https:\/\/med.tattoo\/wp-content\/uploads\/2025\/05\/Bez-tytulu-600S300-px-1-e1658908183800.png","width":600,"height":61,"caption":"MED.TATTOO"},"image":{"@id":"https:\/\/med.tattoo\/fr\/#\/schema\/logo\/image\/"},"sameAs":["https:\/\/www.facebook.com\/profile.php?id=100084366705613","https:\/\/www.instagram.com\/med.tattoo_official\/"]}]}},"_links":{"self":[{"href":"https:\/\/med.tattoo\/fr\/wp-json\/wp\/v2\/product\/9323","targetHints":{"allow":["GET"]}}],"collection":[{"href":"https:\/\/med.tattoo\/fr\/wp-json\/wp\/v2\/product"}],"about":[{"href":"https:\/\/med.tattoo\/fr\/wp-json\/wp\/v2\/types\/product"}],"replies":[{"embeddable":true,"href":"https:\/\/med.tattoo\/fr\/wp-json\/wp\/v2\/comments?post=9323"}],"wp:featuredmedia":[{"embeddable":true,"href":"https:\/\/med.tattoo\/fr\/wp-json\/wp\/v2\/media\/8019"}],"wp:attachment":[{"href":"https:\/\/med.tattoo\/fr\/wp-json\/wp\/v2\/media?parent=9323"}],"wp:term":[{"taxonomy":"product_brand","embeddable":true,"href":"https:\/\/med.tattoo\/fr\/wp-json\/wp\/v2\/product_brand?post=9323"},{"taxonomy":"product_cat","embeddable":true,"href":"https:\/\/med.tattoo\/fr\/wp-json\/wp\/v2\/product_cat?post=9323"},{"taxonomy":"product_tag","embeddable":true,"href":"https:\/\/med.tattoo\/fr\/wp-json\/wp\/v2\/product_tag?post=9323"}],"curies":[{"name":"wp","href":"https:\/\/api.w.org\/{rel}","templated":true}]}}