{"id":9377,"date":"2025-05-15T07:39:29","date_gmt":"2025-05-15T05:39:29","guid":{"rendered":"https:\/\/med.tattoo\/produkt\/rouleau-de-tissu-non-tisse-70-50-50-14g-blanc\/"},"modified":"2025-05-15T07:39:29","modified_gmt":"2025-05-15T05:39:29","slug":"rouleau-de-tissu-non-tisse-70-50-50-14g-blanc","status":"publish","type":"product","link":"https:\/\/med.tattoo\/fr\/produit\/rouleau-de-tissu-non-tisse-70-50-50-14g-blanc\/","title":{"rendered":"Rouleau de tissu non tiss\u00e9 70\/50\/50 14g blanc"},"content":{"rendered":"<p>Tampons de protection non tiss\u00e9s, con\u00e7us pour prot\u00e9ger les objets dans les zones o\u00f9 une propret\u00e9 hygi\u00e9nique est n\u00e9cessaire.<\/p>\n<p>Les coussins de protection sont utilis\u00e9s partout o\u00f9 il est n\u00e9cessaire de prot\u00e9ger et d&rsquo;isoler le patient des zones potentiellement contamin\u00e9es et pollu\u00e9es (divan, lits de traitement, etc.).<\/p>\n<p>Objet :<\/p>\n<p>assurer la propret\u00e9 hygi\u00e9nique<\/p>\n<p>Application :<\/p>\n<p>Cabinets m\u00e9dicaux,<br \/>\nsalles de traitement,<br \/>\ninstallations de physioth\u00e9rapie,<br \/>\ndivan,<br \/>\nlits,<br \/>\ntables de traitement,<br \/>\nlits gyn\u00e9cologiques,<br \/>\nfauteuils de massage,<br \/>\nsalons de beaut\u00e9,<br \/>\nsalons de coiffure<br \/>\nAvantages :<\/p>\n<p>jetable,<br \/>\nassure l&rsquo;hygi\u00e8ne et le confort du patient<br \/>\ndiff\u00e9rentes tailles,<br \/>\nlarge gamme d&rsquo;utilisations,<br \/>\nperforation permettant de d\u00e9chirer la compresse \u00e0 l&rsquo;endroit voulu<\/p>\n","protected":false},"excerpt":{"rendered":"<p>Tampons de protection non tiss\u00e9s, con\u00e7us pour prot\u00e9ger les objets dans les zones o\u00f9 une propret\u00e9 hygi\u00e9nique est n\u00e9cessaire. Les coussins de protection sont utilis\u00e9s partout o\u00f9 il est n\u00e9cessaire de prot\u00e9ger et d&rsquo;isoler le patient des zones potentiellement contamin\u00e9es et pollu\u00e9es (divan, lits de traitement, etc.). Objet : assurer la propret\u00e9 hygi\u00e9nique Application : [&hellip;]<\/p>\n","protected":false},"featured_media":7617,"comment_status":"closed","ping_status":"open","template":"","meta":{"site-sidebar-layout":"default","site-content-layout":"","ast-site-content-layout":"default","site-content-style":"default","site-sidebar-style":"default","ast-global-header-display":"","ast-banner-title-visibility":"","ast-main-header-display":"","ast-hfb-above-header-display":"","ast-hfb-below-header-display":"","ast-hfb-mobile-header-display":"","site-post-title":"","ast-breadcrumbs-content":"","ast-featured-img":"","footer-sml-layout":"","ast-disable-related-posts":"","theme-transparent-header-meta":"","adv-header-id-meta":"","stick-header-meta":"","header-above-stick-meta":"","header-main-stick-meta":"","header-below-stick-meta":"","astra-migrate-meta-layouts":"default","ast-page-background-enabled":"default","ast-page-background-meta":{"desktop":{"background-color":"var(--ast-global-color-4)","background-image":"","background-repeat":"repeat","background-position":"center center","background-size":"auto","background-attachment":"scroll","background-type":"","background-media":"","overlay-type":"","overlay-color":"","overlay-opacity":"","overlay-gradient":""},"tablet":{"background-color":"","background-image":"","background-repeat":"repeat","background-position":"center center","background-size":"auto","background-attachment":"scroll","background-type":"","background-media":"","overlay-type":"","overlay-color":"","overlay-opacity":"","overlay-gradient":""},"mobile":{"background-color":"","background-image":"","background-repeat":"repeat","background-position":"center center","background-size":"auto","background-attachment":"scroll","background-type":"","background-media":"","overlay-type":"","overlay-color":"","overlay-opacity":"","overlay-gradient":""}},"ast-content-background-meta":{"desktop":{"background-color":"var(--ast-global-color-5)","background-image":"","background-repeat":"repeat","background-position":"center center","background-size":"auto","background-attachment":"scroll","background-type":"","background-media":"","overlay-type":"","overlay-color":"","overlay-opacity":"","overlay-gradient":""},"tablet":{"background-color":"var(--ast-global-color-5)","background-image":"","background-repeat":"repeat","background-position":"center center","background-size":"auto","background-attachment":"scroll","background-type":"","background-media":"","overlay-type":"","overlay-color":"","overlay-opacity":"","overlay-gradient":""},"mobile":{"background-color":"var(--ast-global-color-5)","background-image":"","background-repeat":"repeat","background-position":"center center","background-size":"auto","background-attachment":"scroll","background-type":"","background-media":"","overlay-type":"","overlay-color":"","overlay-opacity":"","overlay-gradient":""}}},"product_brand":[],"product_cat":[91],"product_tag":[],"class_list":{"0":"post-9377","1":"product","2":"type-product","3":"status-publish","4":"has-post-thumbnail","6":"product_cat-med-tattoo-fr","7":"desktop-align-left","8":"tablet-align-left","9":"mobile-align-left","10":"ast-product-gallery-layout-horizontal-slider","11":"ast-product-gallery-with-no-image","12":"ast-product-tabs-layout-distributed","14":"first","15":"outofstock","16":"purchasable","17":"product-type-simple"},"yoast_head":"<!-- This site is optimized with the Yoast SEO plugin v27.3 - https:\/\/yoast.com\/product\/yoast-seo-wordpress\/ -->\n<title>Rouleau de tissu non tiss\u00e9 70\/50\/50 14g blanc - MED.TATTOO<\/title>\n<meta name=\"robots\" content=\"index, follow, max-snippet:-1, max-image-preview:large, max-video-preview:-1\" \/>\n<link rel=\"canonical\" href=\"https:\/\/med.tattoo\/fr\/produit\/rouleau-de-tissu-non-tisse-70-50-50-14g-blanc\/\" \/>\n<meta property=\"og:locale\" content=\"fr_FR\" \/>\n<meta property=\"og:type\" content=\"article\" \/>\n<meta property=\"og:title\" content=\"Rouleau de tissu non tiss\u00e9 70\/50\/50 14g blanc - MED.TATTOO\" \/>\n<meta property=\"og:description\" content=\"Tampons de protection non tiss\u00e9s, con\u00e7us pour prot\u00e9ger les objets dans les zones o\u00f9 une propret\u00e9 hygi\u00e9nique est n\u00e9cessaire. Les coussins de protection sont utilis\u00e9s partout o\u00f9 il est n\u00e9cessaire de prot\u00e9ger et d&rsquo;isoler le patient des zones potentiellement contamin\u00e9es et pollu\u00e9es (divan, lits de traitement, etc.). Objet : assurer la propret\u00e9 hygi\u00e9nique Application : [&hellip;]\" \/>\n<meta property=\"og:url\" content=\"https:\/\/med.tattoo\/fr\/produit\/rouleau-de-tissu-non-tisse-70-50-50-14g-blanc\/\" \/>\n<meta property=\"og:site_name\" content=\"MED.TATTOO\" \/>\n<meta property=\"article:publisher\" content=\"https:\/\/www.facebook.com\/profile.php?id=100084366705613\" \/>\n<meta name=\"twitter:card\" content=\"summary_large_image\" \/>\n<meta name=\"twitter:label1\" content=\"Dur\u00e9e de lecture estim\u00e9e\" \/>\n\t<meta name=\"twitter:data1\" content=\"1 minute\" \/>\n<script type=\"application\/ld+json\" class=\"yoast-schema-graph\">{\"@context\":\"https:\\\/\\\/schema.org\",\"@graph\":[{\"@type\":\"WebPage\",\"@id\":\"https:\\\/\\\/med.tattoo\\\/fr\\\/produit\\\/rouleau-de-tissu-non-tisse-70-50-50-14g-blanc\\\/\",\"url\":\"https:\\\/\\\/med.tattoo\\\/fr\\\/produit\\\/rouleau-de-tissu-non-tisse-70-50-50-14g-blanc\\\/\",\"name\":\"Rouleau de tissu non tiss\u00e9 70\\\/50\\\/50 14g blanc - MED.TATTOO\",\"isPartOf\":{\"@id\":\"https:\\\/\\\/med.tattoo\\\/fr\\\/#website\"},\"primaryImageOfPage\":{\"@id\":\"https:\\\/\\\/med.tattoo\\\/fr\\\/produit\\\/rouleau-de-tissu-non-tisse-70-50-50-14g-blanc\\\/#primaryimage\"},\"image\":{\"@id\":\"https:\\\/\\\/med.tattoo\\\/fr\\\/produit\\\/rouleau-de-tissu-non-tisse-70-50-50-14g-blanc\\\/#primaryimage\"},\"thumbnailUrl\":\"https:\\\/\\\/med.tattoo\\\/wp-content\\\/uploads\\\/2025\\\/05\\\/4006_podklad-wloknina-rola-70-50-50-14g-biala_1744270706.jpg\",\"datePublished\":\"2025-05-15T05:39:29+00:00\",\"breadcrumb\":{\"@id\":\"https:\\\/\\\/med.tattoo\\\/fr\\\/produit\\\/rouleau-de-tissu-non-tisse-70-50-50-14g-blanc\\\/#breadcrumb\"},\"inLanguage\":\"fr-FR\",\"potentialAction\":[{\"@type\":\"ReadAction\",\"target\":[\"https:\\\/\\\/med.tattoo\\\/fr\\\/produit\\\/rouleau-de-tissu-non-tisse-70-50-50-14g-blanc\\\/\"]}]},{\"@type\":\"ImageObject\",\"inLanguage\":\"fr-FR\",\"@id\":\"https:\\\/\\\/med.tattoo\\\/fr\\\/produit\\\/rouleau-de-tissu-non-tisse-70-50-50-14g-blanc\\\/#primaryimage\",\"url\":\"https:\\\/\\\/med.tattoo\\\/wp-content\\\/uploads\\\/2025\\\/05\\\/4006_podklad-wloknina-rola-70-50-50-14g-biala_1744270706.jpg\",\"contentUrl\":\"https:\\\/\\\/med.tattoo\\\/wp-content\\\/uploads\\\/2025\\\/05\\\/4006_podklad-wloknina-rola-70-50-50-14g-biala_1744270706.jpg\",\"width\":909,\"height\":873},{\"@type\":\"BreadcrumbList\",\"@id\":\"https:\\\/\\\/med.tattoo\\\/fr\\\/produit\\\/rouleau-de-tissu-non-tisse-70-50-50-14g-blanc\\\/#breadcrumb\",\"itemListElement\":[{\"@type\":\"ListItem\",\"position\":1,\"name\":\"Strona G\u0142\u00f3wna\",\"item\":\"https:\\\/\\\/med.tattoo\\\/fr\\\/\"},{\"@type\":\"ListItem\",\"position\":2,\"name\":\"Boutique\",\"item\":\"https:\\\/\\\/med.tattoo\\\/fr\\\/boutique\\\/\"},{\"@type\":\"ListItem\",\"position\":3,\"name\":\"Rouleau de tissu non tiss\u00e9 70\\\/50\\\/50 14g blanc\"}]},{\"@type\":\"WebSite\",\"@id\":\"https:\\\/\\\/med.tattoo\\\/fr\\\/#website\",\"url\":\"https:\\\/\\\/med.tattoo\\\/fr\\\/\",\"name\":\"MED.TATTOO\",\"description\":\"Wszystko dla Twojego tatua\u017cu\",\"publisher\":{\"@id\":\"https:\\\/\\\/med.tattoo\\\/fr\\\/#organization\"},\"potentialAction\":[{\"@type\":\"SearchAction\",\"target\":{\"@type\":\"EntryPoint\",\"urlTemplate\":\"https:\\\/\\\/med.tattoo\\\/fr\\\/?s={search_term_string}\"},\"query-input\":{\"@type\":\"PropertyValueSpecification\",\"valueRequired\":true,\"valueName\":\"search_term_string\"}}],\"inLanguage\":\"fr-FR\"},{\"@type\":\"Organization\",\"@id\":\"https:\\\/\\\/med.tattoo\\\/fr\\\/#organization\",\"name\":\"MED.TATTOO\",\"url\":\"https:\\\/\\\/med.tattoo\\\/fr\\\/\",\"logo\":{\"@type\":\"ImageObject\",\"inLanguage\":\"fr-FR\",\"@id\":\"https:\\\/\\\/med.tattoo\\\/fr\\\/#\\\/schema\\\/logo\\\/image\\\/\",\"url\":\"https:\\\/\\\/med.tattoo\\\/wp-content\\\/uploads\\\/2025\\\/05\\\/Bez-tytulu-600S300-px-1-e1658908183800.png\",\"contentUrl\":\"https:\\\/\\\/med.tattoo\\\/wp-content\\\/uploads\\\/2025\\\/05\\\/Bez-tytulu-600S300-px-1-e1658908183800.png\",\"width\":600,\"height\":61,\"caption\":\"MED.TATTOO\"},\"image\":{\"@id\":\"https:\\\/\\\/med.tattoo\\\/fr\\\/#\\\/schema\\\/logo\\\/image\\\/\"},\"sameAs\":[\"https:\\\/\\\/www.facebook.com\\\/profile.php?id=100084366705613\",\"https:\\\/\\\/www.instagram.com\\\/med.tattoo_official\\\/\"]}]}<\/script>\n<!-- \/ Yoast SEO plugin. -->","yoast_head_json":{"title":"Rouleau de tissu non tiss\u00e9 70\/50\/50 14g blanc - MED.TATTOO","robots":{"index":"index","follow":"follow","max-snippet":"max-snippet:-1","max-image-preview":"max-image-preview:large","max-video-preview":"max-video-preview:-1"},"canonical":"https:\/\/med.tattoo\/fr\/produit\/rouleau-de-tissu-non-tisse-70-50-50-14g-blanc\/","og_locale":"fr_FR","og_type":"article","og_title":"Rouleau de tissu non tiss\u00e9 70\/50\/50 14g blanc - MED.TATTOO","og_description":"Tampons de protection non tiss\u00e9s, con\u00e7us pour prot\u00e9ger les objets dans les zones o\u00f9 une propret\u00e9 hygi\u00e9nique est n\u00e9cessaire. Les coussins de protection sont utilis\u00e9s partout o\u00f9 il est n\u00e9cessaire de prot\u00e9ger et d&rsquo;isoler le patient des zones potentiellement contamin\u00e9es et pollu\u00e9es (divan, lits de traitement, etc.). Objet : assurer la propret\u00e9 hygi\u00e9nique Application : [&hellip;]","og_url":"https:\/\/med.tattoo\/fr\/produit\/rouleau-de-tissu-non-tisse-70-50-50-14g-blanc\/","og_site_name":"MED.TATTOO","article_publisher":"https:\/\/www.facebook.com\/profile.php?id=100084366705613","twitter_card":"summary_large_image","twitter_misc":{"Dur\u00e9e de lecture estim\u00e9e":"1 minute"},"schema":{"@context":"https:\/\/schema.org","@graph":[{"@type":"WebPage","@id":"https:\/\/med.tattoo\/fr\/produit\/rouleau-de-tissu-non-tisse-70-50-50-14g-blanc\/","url":"https:\/\/med.tattoo\/fr\/produit\/rouleau-de-tissu-non-tisse-70-50-50-14g-blanc\/","name":"Rouleau de tissu non tiss\u00e9 70\/50\/50 14g blanc - MED.TATTOO","isPartOf":{"@id":"https:\/\/med.tattoo\/fr\/#website"},"primaryImageOfPage":{"@id":"https:\/\/med.tattoo\/fr\/produit\/rouleau-de-tissu-non-tisse-70-50-50-14g-blanc\/#primaryimage"},"image":{"@id":"https:\/\/med.tattoo\/fr\/produit\/rouleau-de-tissu-non-tisse-70-50-50-14g-blanc\/#primaryimage"},"thumbnailUrl":"https:\/\/med.tattoo\/wp-content\/uploads\/2025\/05\/4006_podklad-wloknina-rola-70-50-50-14g-biala_1744270706.jpg","datePublished":"2025-05-15T05:39:29+00:00","breadcrumb":{"@id":"https:\/\/med.tattoo\/fr\/produit\/rouleau-de-tissu-non-tisse-70-50-50-14g-blanc\/#breadcrumb"},"inLanguage":"fr-FR","potentialAction":[{"@type":"ReadAction","target":["https:\/\/med.tattoo\/fr\/produit\/rouleau-de-tissu-non-tisse-70-50-50-14g-blanc\/"]}]},{"@type":"ImageObject","inLanguage":"fr-FR","@id":"https:\/\/med.tattoo\/fr\/produit\/rouleau-de-tissu-non-tisse-70-50-50-14g-blanc\/#primaryimage","url":"https:\/\/med.tattoo\/wp-content\/uploads\/2025\/05\/4006_podklad-wloknina-rola-70-50-50-14g-biala_1744270706.jpg","contentUrl":"https:\/\/med.tattoo\/wp-content\/uploads\/2025\/05\/4006_podklad-wloknina-rola-70-50-50-14g-biala_1744270706.jpg","width":909,"height":873},{"@type":"BreadcrumbList","@id":"https:\/\/med.tattoo\/fr\/produit\/rouleau-de-tissu-non-tisse-70-50-50-14g-blanc\/#breadcrumb","itemListElement":[{"@type":"ListItem","position":1,"name":"Strona G\u0142\u00f3wna","item":"https:\/\/med.tattoo\/fr\/"},{"@type":"ListItem","position":2,"name":"Boutique","item":"https:\/\/med.tattoo\/fr\/boutique\/"},{"@type":"ListItem","position":3,"name":"Rouleau de tissu non tiss\u00e9 70\/50\/50 14g blanc"}]},{"@type":"WebSite","@id":"https:\/\/med.tattoo\/fr\/#website","url":"https:\/\/med.tattoo\/fr\/","name":"MED.TATTOO","description":"Wszystko dla Twojego tatua\u017cu","publisher":{"@id":"https:\/\/med.tattoo\/fr\/#organization"},"potentialAction":[{"@type":"SearchAction","target":{"@type":"EntryPoint","urlTemplate":"https:\/\/med.tattoo\/fr\/?s={search_term_string}"},"query-input":{"@type":"PropertyValueSpecification","valueRequired":true,"valueName":"search_term_string"}}],"inLanguage":"fr-FR"},{"@type":"Organization","@id":"https:\/\/med.tattoo\/fr\/#organization","name":"MED.TATTOO","url":"https:\/\/med.tattoo\/fr\/","logo":{"@type":"ImageObject","inLanguage":"fr-FR","@id":"https:\/\/med.tattoo\/fr\/#\/schema\/logo\/image\/","url":"https:\/\/med.tattoo\/wp-content\/uploads\/2025\/05\/Bez-tytulu-600S300-px-1-e1658908183800.png","contentUrl":"https:\/\/med.tattoo\/wp-content\/uploads\/2025\/05\/Bez-tytulu-600S300-px-1-e1658908183800.png","width":600,"height":61,"caption":"MED.TATTOO"},"image":{"@id":"https:\/\/med.tattoo\/fr\/#\/schema\/logo\/image\/"},"sameAs":["https:\/\/www.facebook.com\/profile.php?id=100084366705613","https:\/\/www.instagram.com\/med.tattoo_official\/"]}]}},"_links":{"self":[{"href":"https:\/\/med.tattoo\/fr\/wp-json\/wp\/v2\/product\/9377","targetHints":{"allow":["GET"]}}],"collection":[{"href":"https:\/\/med.tattoo\/fr\/wp-json\/wp\/v2\/product"}],"about":[{"href":"https:\/\/med.tattoo\/fr\/wp-json\/wp\/v2\/types\/product"}],"replies":[{"embeddable":true,"href":"https:\/\/med.tattoo\/fr\/wp-json\/wp\/v2\/comments?post=9377"}],"wp:featuredmedia":[{"embeddable":true,"href":"https:\/\/med.tattoo\/fr\/wp-json\/wp\/v2\/media\/7617"}],"wp:attachment":[{"href":"https:\/\/med.tattoo\/fr\/wp-json\/wp\/v2\/media?parent=9377"}],"wp:term":[{"taxonomy":"product_brand","embeddable":true,"href":"https:\/\/med.tattoo\/fr\/wp-json\/wp\/v2\/product_brand?post=9377"},{"taxonomy":"product_cat","embeddable":true,"href":"https:\/\/med.tattoo\/fr\/wp-json\/wp\/v2\/product_cat?post=9377"},{"taxonomy":"product_tag","embeddable":true,"href":"https:\/\/med.tattoo\/fr\/wp-json\/wp\/v2\/product_tag?post=9377"}],"curies":[{"name":"wp","href":"https:\/\/api.w.org\/{rel}","templated":true}]}}