{"id":9404,"date":"2025-05-15T07:16:57","date_gmt":"2025-05-15T05:16:57","guid":{"rendered":"https:\/\/med.tattoo\/produkt\/enzymex-l9-1l-nettoyage-desinfection-des-instruments\/"},"modified":"2025-05-15T07:16:57","modified_gmt":"2025-05-15T05:16:57","slug":"enzymex-l9-1l-nettoyage-desinfection-des-instruments","status":"publish","type":"product","link":"https:\/\/med.tattoo\/fr\/produit\/enzymex-l9-1l-nettoyage-desinfection-des-instruments\/","title":{"rendered":"Enzymex L9 1L nettoyage, d\u00e9sinfection des instruments"},"content":{"rendered":"<p>Enzymex L9<\/p>\n<p>Concentr\u00e9 triple enzymatique pour le nettoyage et la d\u00e9sinfection manuels des instruments, endoscopes et autres dispositifs m\u00e9dicaux.<br \/>\nPr\u00e9paration liquide aux excellentes propri\u00e9t\u00e9s d\u00e9sinfectantes et nettoyantes, large spectre biocide en 10 minutes : bact\u00e9ries, mycobact\u00e9ries, levures, virus (HIV, HBV, HCV, Vaccinia\/Corona, Herpes), concentration de la solution de travail \u00e0 partir de 0,5%, test\u00e9e en conditions sales selon la phase 2\/1 et la phase 2\/2 des normes europ\u00e9ennes. Un complexe de trois enzymes (prot\u00e9ase, lipase, amylase) associ\u00e9 \u00e0 des d\u00e9tergents dissout les contaminants organiques (sang, pus, prot\u00e9ines, etc.) et emp\u00eache leur fixation (s\u00e9chage, coagulation) et la formation d&rsquo;un biofilm. Le pH neutre de la solution et son contenu anticorrosif prot\u00e8gent les instruments contre les dommages et la corrosion &#8211; la haute compatibilit\u00e9 des mat\u00e9riaux confirm\u00e9e par de nombreux tests, les instruments peuvent \u00eatre stock\u00e9s en toute s\u00e9curit\u00e9 dans la solution pendant 72 heures. Le produit reste actif quelle que soit la qualit\u00e9 de l&rsquo;eau et peut \u00eatre utilis\u00e9 dans les nettoyeurs \u00e0 ultrasons et les laveurs semi-automatiques.   <\/p>\n","protected":false},"excerpt":{"rendered":"<p>Enzymex L9 Concentr\u00e9 triple enzymatique pour le nettoyage et la d\u00e9sinfection manuels des instruments, endoscopes et autres dispositifs m\u00e9dicaux. Pr\u00e9paration liquide aux excellentes propri\u00e9t\u00e9s d\u00e9sinfectantes et nettoyantes, large spectre biocide en 10 minutes : bact\u00e9ries, mycobact\u00e9ries, levures, virus (HIV, HBV, HCV, Vaccinia\/Corona, Herpes), concentration de la solution de travail \u00e0 partir de 0,5%, test\u00e9e en [&hellip;]<\/p>\n","protected":false},"featured_media":7218,"comment_status":"closed","ping_status":"open","template":"","meta":{"site-sidebar-layout":"default","site-content-layout":"","ast-site-content-layout":"default","site-content-style":"default","site-sidebar-style":"default","ast-global-header-display":"","ast-banner-title-visibility":"","ast-main-header-display":"","ast-hfb-above-header-display":"","ast-hfb-below-header-display":"","ast-hfb-mobile-header-display":"","site-post-title":"","ast-breadcrumbs-content":"","ast-featured-img":"","footer-sml-layout":"","ast-disable-related-posts":"","theme-transparent-header-meta":"","adv-header-id-meta":"","stick-header-meta":"","header-above-stick-meta":"","header-main-stick-meta":"","header-below-stick-meta":"","astra-migrate-meta-layouts":"default","ast-page-background-enabled":"default","ast-page-background-meta":{"desktop":{"background-color":"var(--ast-global-color-4)","background-image":"","background-repeat":"repeat","background-position":"center center","background-size":"auto","background-attachment":"scroll","background-type":"","background-media":"","overlay-type":"","overlay-color":"","overlay-opacity":"","overlay-gradient":""},"tablet":{"background-color":"","background-image":"","background-repeat":"repeat","background-position":"center center","background-size":"auto","background-attachment":"scroll","background-type":"","background-media":"","overlay-type":"","overlay-color":"","overlay-opacity":"","overlay-gradient":""},"mobile":{"background-color":"","background-image":"","background-repeat":"repeat","background-position":"center center","background-size":"auto","background-attachment":"scroll","background-type":"","background-media":"","overlay-type":"","overlay-color":"","overlay-opacity":"","overlay-gradient":""}},"ast-content-background-meta":{"desktop":{"background-color":"var(--ast-global-color-5)","background-image":"","background-repeat":"repeat","background-position":"center center","background-size":"auto","background-attachment":"scroll","background-type":"","background-media":"","overlay-type":"","overlay-color":"","overlay-opacity":"","overlay-gradient":""},"tablet":{"background-color":"var(--ast-global-color-5)","background-image":"","background-repeat":"repeat","background-position":"center center","background-size":"auto","background-attachment":"scroll","background-type":"","background-media":"","overlay-type":"","overlay-color":"","overlay-opacity":"","overlay-gradient":""},"mobile":{"background-color":"var(--ast-global-color-5)","background-image":"","background-repeat":"repeat","background-position":"center center","background-size":"auto","background-attachment":"scroll","background-type":"","background-media":"","overlay-type":"","overlay-color":"","overlay-opacity":"","overlay-gradient":""}}},"product_brand":[],"product_cat":[91],"product_tag":[],"class_list":{"0":"post-9404","1":"product","2":"type-product","3":"status-publish","4":"has-post-thumbnail","6":"product_cat-med-tattoo-fr","7":"desktop-align-left","8":"tablet-align-left","9":"mobile-align-left","10":"ast-product-gallery-layout-horizontal-slider","11":"ast-product-gallery-with-no-image","12":"ast-product-tabs-layout-distributed","14":"first","15":"instock","16":"purchasable","17":"product-type-simple"},"yoast_head":"<!-- This site is optimized with the Yoast SEO plugin v27.3 - https:\/\/yoast.com\/product\/yoast-seo-wordpress\/ -->\n<title>Enzymex L9 1L nettoyage, d\u00e9sinfection des instruments - MED.TATTOO<\/title>\n<meta name=\"robots\" content=\"index, follow, max-snippet:-1, max-image-preview:large, max-video-preview:-1\" \/>\n<link rel=\"canonical\" href=\"https:\/\/med.tattoo\/fr\/produit\/enzymex-l9-1l-nettoyage-desinfection-des-instruments\/\" \/>\n<meta property=\"og:locale\" content=\"fr_FR\" \/>\n<meta property=\"og:type\" content=\"article\" \/>\n<meta property=\"og:title\" content=\"Enzymex L9 1L nettoyage, d\u00e9sinfection des instruments - MED.TATTOO\" \/>\n<meta property=\"og:description\" content=\"Enzymex L9 Concentr\u00e9 triple enzymatique pour le nettoyage et la d\u00e9sinfection manuels des instruments, endoscopes et autres dispositifs m\u00e9dicaux. Pr\u00e9paration liquide aux excellentes propri\u00e9t\u00e9s d\u00e9sinfectantes et nettoyantes, large spectre biocide en 10 minutes : bact\u00e9ries, mycobact\u00e9ries, levures, virus (HIV, HBV, HCV, Vaccinia\/Corona, Herpes), concentration de la solution de travail \u00e0 partir de 0,5%, test\u00e9e en [&hellip;]\" \/>\n<meta property=\"og:url\" content=\"https:\/\/med.tattoo\/fr\/produit\/enzymex-l9-1l-nettoyage-desinfection-des-instruments\/\" \/>\n<meta property=\"og:site_name\" content=\"MED.TATTOO\" \/>\n<meta property=\"article:publisher\" content=\"https:\/\/www.facebook.com\/profile.php?id=100084366705613\" \/>\n<meta name=\"twitter:card\" content=\"summary_large_image\" \/>\n<meta name=\"twitter:label1\" content=\"Dur\u00e9e de lecture estim\u00e9e\" \/>\n\t<meta name=\"twitter:data1\" content=\"1 minute\" \/>\n<script type=\"application\/ld+json\" class=\"yoast-schema-graph\">{\"@context\":\"https:\\\/\\\/schema.org\",\"@graph\":[{\"@type\":\"WebPage\",\"@id\":\"https:\\\/\\\/med.tattoo\\\/fr\\\/produit\\\/enzymex-l9-1l-nettoyage-desinfection-des-instruments\\\/\",\"url\":\"https:\\\/\\\/med.tattoo\\\/fr\\\/produit\\\/enzymex-l9-1l-nettoyage-desinfection-des-instruments\\\/\",\"name\":\"Enzymex L9 1L nettoyage, d\u00e9sinfection des instruments - MED.TATTOO\",\"isPartOf\":{\"@id\":\"https:\\\/\\\/med.tattoo\\\/fr\\\/#website\"},\"primaryImageOfPage\":{\"@id\":\"https:\\\/\\\/med.tattoo\\\/fr\\\/produit\\\/enzymex-l9-1l-nettoyage-desinfection-des-instruments\\\/#primaryimage\"},\"image\":{\"@id\":\"https:\\\/\\\/med.tattoo\\\/fr\\\/produit\\\/enzymex-l9-1l-nettoyage-desinfection-des-instruments\\\/#primaryimage\"},\"thumbnailUrl\":\"https:\\\/\\\/med.tattoo\\\/wp-content\\\/uploads\\\/2025\\\/05\\\/848_enzymex-l9-1l_1744007027.jpg\",\"datePublished\":\"2025-05-15T05:16:57+00:00\",\"breadcrumb\":{\"@id\":\"https:\\\/\\\/med.tattoo\\\/fr\\\/produit\\\/enzymex-l9-1l-nettoyage-desinfection-des-instruments\\\/#breadcrumb\"},\"inLanguage\":\"fr-FR\",\"potentialAction\":[{\"@type\":\"ReadAction\",\"target\":[\"https:\\\/\\\/med.tattoo\\\/fr\\\/produit\\\/enzymex-l9-1l-nettoyage-desinfection-des-instruments\\\/\"]}]},{\"@type\":\"ImageObject\",\"inLanguage\":\"fr-FR\",\"@id\":\"https:\\\/\\\/med.tattoo\\\/fr\\\/produit\\\/enzymex-l9-1l-nettoyage-desinfection-des-instruments\\\/#primaryimage\",\"url\":\"https:\\\/\\\/med.tattoo\\\/wp-content\\\/uploads\\\/2025\\\/05\\\/848_enzymex-l9-1l_1744007027.jpg\",\"contentUrl\":\"https:\\\/\\\/med.tattoo\\\/wp-content\\\/uploads\\\/2025\\\/05\\\/848_enzymex-l9-1l_1744007027.jpg\",\"width\":862,\"height\":1000},{\"@type\":\"BreadcrumbList\",\"@id\":\"https:\\\/\\\/med.tattoo\\\/fr\\\/produit\\\/enzymex-l9-1l-nettoyage-desinfection-des-instruments\\\/#breadcrumb\",\"itemListElement\":[{\"@type\":\"ListItem\",\"position\":1,\"name\":\"Strona G\u0142\u00f3wna\",\"item\":\"https:\\\/\\\/med.tattoo\\\/fr\\\/\"},{\"@type\":\"ListItem\",\"position\":2,\"name\":\"Boutique\",\"item\":\"https:\\\/\\\/med.tattoo\\\/fr\\\/boutique\\\/\"},{\"@type\":\"ListItem\",\"position\":3,\"name\":\"Enzymex L9 1L nettoyage, d\u00e9sinfection des instruments\"}]},{\"@type\":\"WebSite\",\"@id\":\"https:\\\/\\\/med.tattoo\\\/fr\\\/#website\",\"url\":\"https:\\\/\\\/med.tattoo\\\/fr\\\/\",\"name\":\"MED.TATTOO\",\"description\":\"Wszystko dla Twojego tatua\u017cu\",\"publisher\":{\"@id\":\"https:\\\/\\\/med.tattoo\\\/fr\\\/#organization\"},\"potentialAction\":[{\"@type\":\"SearchAction\",\"target\":{\"@type\":\"EntryPoint\",\"urlTemplate\":\"https:\\\/\\\/med.tattoo\\\/fr\\\/?s={search_term_string}\"},\"query-input\":{\"@type\":\"PropertyValueSpecification\",\"valueRequired\":true,\"valueName\":\"search_term_string\"}}],\"inLanguage\":\"fr-FR\"},{\"@type\":\"Organization\",\"@id\":\"https:\\\/\\\/med.tattoo\\\/fr\\\/#organization\",\"name\":\"MED.TATTOO\",\"url\":\"https:\\\/\\\/med.tattoo\\\/fr\\\/\",\"logo\":{\"@type\":\"ImageObject\",\"inLanguage\":\"fr-FR\",\"@id\":\"https:\\\/\\\/med.tattoo\\\/fr\\\/#\\\/schema\\\/logo\\\/image\\\/\",\"url\":\"https:\\\/\\\/med.tattoo\\\/wp-content\\\/uploads\\\/2025\\\/05\\\/Bez-tytulu-600S300-px-1-e1658908183800.png\",\"contentUrl\":\"https:\\\/\\\/med.tattoo\\\/wp-content\\\/uploads\\\/2025\\\/05\\\/Bez-tytulu-600S300-px-1-e1658908183800.png\",\"width\":600,\"height\":61,\"caption\":\"MED.TATTOO\"},\"image\":{\"@id\":\"https:\\\/\\\/med.tattoo\\\/fr\\\/#\\\/schema\\\/logo\\\/image\\\/\"},\"sameAs\":[\"https:\\\/\\\/www.facebook.com\\\/profile.php?id=100084366705613\",\"https:\\\/\\\/www.instagram.com\\\/med.tattoo_official\\\/\"]}]}<\/script>\n<!-- \/ Yoast SEO plugin. -->","yoast_head_json":{"title":"Enzymex L9 1L nettoyage, d\u00e9sinfection des instruments - MED.TATTOO","robots":{"index":"index","follow":"follow","max-snippet":"max-snippet:-1","max-image-preview":"max-image-preview:large","max-video-preview":"max-video-preview:-1"},"canonical":"https:\/\/med.tattoo\/fr\/produit\/enzymex-l9-1l-nettoyage-desinfection-des-instruments\/","og_locale":"fr_FR","og_type":"article","og_title":"Enzymex L9 1L nettoyage, d\u00e9sinfection des instruments - MED.TATTOO","og_description":"Enzymex L9 Concentr\u00e9 triple enzymatique pour le nettoyage et la d\u00e9sinfection manuels des instruments, endoscopes et autres dispositifs m\u00e9dicaux. Pr\u00e9paration liquide aux excellentes propri\u00e9t\u00e9s d\u00e9sinfectantes et nettoyantes, large spectre biocide en 10 minutes : bact\u00e9ries, mycobact\u00e9ries, levures, virus (HIV, HBV, HCV, Vaccinia\/Corona, Herpes), concentration de la solution de travail \u00e0 partir de 0,5%, test\u00e9e en [&hellip;]","og_url":"https:\/\/med.tattoo\/fr\/produit\/enzymex-l9-1l-nettoyage-desinfection-des-instruments\/","og_site_name":"MED.TATTOO","article_publisher":"https:\/\/www.facebook.com\/profile.php?id=100084366705613","twitter_card":"summary_large_image","twitter_misc":{"Dur\u00e9e de lecture estim\u00e9e":"1 minute"},"schema":{"@context":"https:\/\/schema.org","@graph":[{"@type":"WebPage","@id":"https:\/\/med.tattoo\/fr\/produit\/enzymex-l9-1l-nettoyage-desinfection-des-instruments\/","url":"https:\/\/med.tattoo\/fr\/produit\/enzymex-l9-1l-nettoyage-desinfection-des-instruments\/","name":"Enzymex L9 1L nettoyage, d\u00e9sinfection des instruments - MED.TATTOO","isPartOf":{"@id":"https:\/\/med.tattoo\/fr\/#website"},"primaryImageOfPage":{"@id":"https:\/\/med.tattoo\/fr\/produit\/enzymex-l9-1l-nettoyage-desinfection-des-instruments\/#primaryimage"},"image":{"@id":"https:\/\/med.tattoo\/fr\/produit\/enzymex-l9-1l-nettoyage-desinfection-des-instruments\/#primaryimage"},"thumbnailUrl":"https:\/\/med.tattoo\/wp-content\/uploads\/2025\/05\/848_enzymex-l9-1l_1744007027.jpg","datePublished":"2025-05-15T05:16:57+00:00","breadcrumb":{"@id":"https:\/\/med.tattoo\/fr\/produit\/enzymex-l9-1l-nettoyage-desinfection-des-instruments\/#breadcrumb"},"inLanguage":"fr-FR","potentialAction":[{"@type":"ReadAction","target":["https:\/\/med.tattoo\/fr\/produit\/enzymex-l9-1l-nettoyage-desinfection-des-instruments\/"]}]},{"@type":"ImageObject","inLanguage":"fr-FR","@id":"https:\/\/med.tattoo\/fr\/produit\/enzymex-l9-1l-nettoyage-desinfection-des-instruments\/#primaryimage","url":"https:\/\/med.tattoo\/wp-content\/uploads\/2025\/05\/848_enzymex-l9-1l_1744007027.jpg","contentUrl":"https:\/\/med.tattoo\/wp-content\/uploads\/2025\/05\/848_enzymex-l9-1l_1744007027.jpg","width":862,"height":1000},{"@type":"BreadcrumbList","@id":"https:\/\/med.tattoo\/fr\/produit\/enzymex-l9-1l-nettoyage-desinfection-des-instruments\/#breadcrumb","itemListElement":[{"@type":"ListItem","position":1,"name":"Strona G\u0142\u00f3wna","item":"https:\/\/med.tattoo\/fr\/"},{"@type":"ListItem","position":2,"name":"Boutique","item":"https:\/\/med.tattoo\/fr\/boutique\/"},{"@type":"ListItem","position":3,"name":"Enzymex L9 1L nettoyage, d\u00e9sinfection des instruments"}]},{"@type":"WebSite","@id":"https:\/\/med.tattoo\/fr\/#website","url":"https:\/\/med.tattoo\/fr\/","name":"MED.TATTOO","description":"Wszystko dla Twojego tatua\u017cu","publisher":{"@id":"https:\/\/med.tattoo\/fr\/#organization"},"potentialAction":[{"@type":"SearchAction","target":{"@type":"EntryPoint","urlTemplate":"https:\/\/med.tattoo\/fr\/?s={search_term_string}"},"query-input":{"@type":"PropertyValueSpecification","valueRequired":true,"valueName":"search_term_string"}}],"inLanguage":"fr-FR"},{"@type":"Organization","@id":"https:\/\/med.tattoo\/fr\/#organization","name":"MED.TATTOO","url":"https:\/\/med.tattoo\/fr\/","logo":{"@type":"ImageObject","inLanguage":"fr-FR","@id":"https:\/\/med.tattoo\/fr\/#\/schema\/logo\/image\/","url":"https:\/\/med.tattoo\/wp-content\/uploads\/2025\/05\/Bez-tytulu-600S300-px-1-e1658908183800.png","contentUrl":"https:\/\/med.tattoo\/wp-content\/uploads\/2025\/05\/Bez-tytulu-600S300-px-1-e1658908183800.png","width":600,"height":61,"caption":"MED.TATTOO"},"image":{"@id":"https:\/\/med.tattoo\/fr\/#\/schema\/logo\/image\/"},"sameAs":["https:\/\/www.facebook.com\/profile.php?id=100084366705613","https:\/\/www.instagram.com\/med.tattoo_official\/"]}]}},"_links":{"self":[{"href":"https:\/\/med.tattoo\/fr\/wp-json\/wp\/v2\/product\/9404","targetHints":{"allow":["GET"]}}],"collection":[{"href":"https:\/\/med.tattoo\/fr\/wp-json\/wp\/v2\/product"}],"about":[{"href":"https:\/\/med.tattoo\/fr\/wp-json\/wp\/v2\/types\/product"}],"replies":[{"embeddable":true,"href":"https:\/\/med.tattoo\/fr\/wp-json\/wp\/v2\/comments?post=9404"}],"wp:featuredmedia":[{"embeddable":true,"href":"https:\/\/med.tattoo\/fr\/wp-json\/wp\/v2\/media\/7218"}],"wp:attachment":[{"href":"https:\/\/med.tattoo\/fr\/wp-json\/wp\/v2\/media?parent=9404"}],"wp:term":[{"taxonomy":"product_brand","embeddable":true,"href":"https:\/\/med.tattoo\/fr\/wp-json\/wp\/v2\/product_brand?post=9404"},{"taxonomy":"product_cat","embeddable":true,"href":"https:\/\/med.tattoo\/fr\/wp-json\/wp\/v2\/product_cat?post=9404"},{"taxonomy":"product_tag","embeddable":true,"href":"https:\/\/med.tattoo\/fr\/wp-json\/wp\/v2\/product_tag?post=9404"}],"curies":[{"name":"wp","href":"https:\/\/api.w.org\/{rel}","templated":true}]}}