{"id":9428,"date":"2025-05-15T07:33:19","date_gmt":"2025-05-15T05:33:19","guid":{"rendered":"https:\/\/med.tattoo\/produkt\/sous-couche-foilee-1x-papier-de-soie-1x-foil-38cm-x-50m-rose\/"},"modified":"2025-05-15T07:33:19","modified_gmt":"2025-05-15T05:33:19","slug":"sous-couche-foilee-1x-papier-de-soie-1x-foil-38cm-x-50m-rose","status":"publish","type":"product","link":"https:\/\/med.tattoo\/fr\/produit\/sous-couche-foilee-1x-papier-de-soie-1x-foil-38cm-x-50m-rose\/","title":{"rendered":"Sous-couche foil\u00e9e 1x papier de soie 1x foil 38cm x 50m Rose"},"content":{"rendered":"<p>Coussinet m\u00e9dical en mousse 38 cm<\/p>\n<p>Vous vous demandez comment s\u00e9curiser efficacement le fauteuil gyn\u00e9cologique ? Vous cherchez un moyen d&rsquo;assurer le confort de votre patiente pendant l&rsquo;examen ? <\/p>\n<p>Indications du produit :<\/p>\n<p>Ils comprennent, entre autres, toutes sortes de tests et de traitements <\/p>\n<p>Propri\u00e9t\u00e9s :<br \/>\njusqu&rsquo;\u00e0 50 m\u00e8tres par rouleau !<br \/>\nLa compresse m\u00e9dicale est double couche (tissu + feuille), ce qui contribue \u00e0 son haut niveau d&rsquo;absorption<br \/>\nElle est facile \u00e0 d\u00e9chirer, ce qui vous fera gagner du temps lors de l&rsquo;examen<br \/>\nLe produit ne se d\u00e9lamine pas, ce qui garantit une grande durabilit\u00e9<br \/>\nElle est agr\u00e9able au toucher, ce qui garantit le confort lors de l&rsquo;examen gyn\u00e9cologique<br \/>\nLa taille est de 38 \u00d7 50 cm, la compresse est perfor\u00e9e tous les 38 cm<br \/>\nLe produit est fabriqu\u00e9 en Gr\u00e8ce.<\/p>\n","protected":false},"excerpt":{"rendered":"<p>Coussinet m\u00e9dical en mousse 38 cm Vous vous demandez comment s\u00e9curiser efficacement le fauteuil gyn\u00e9cologique ? Vous cherchez un moyen d&rsquo;assurer le confort de votre patiente pendant l&rsquo;examen ? Indications du produit : Ils comprennent, entre autres, toutes sortes de tests et de traitements Propri\u00e9t\u00e9s : jusqu&rsquo;\u00e0 50 m\u00e8tres par rouleau ! La compresse m\u00e9dicale [&hellip;]<\/p>\n","protected":false},"featured_media":8258,"comment_status":"closed","ping_status":"open","template":"","meta":{"site-sidebar-layout":"default","site-content-layout":"","ast-site-content-layout":"default","site-content-style":"default","site-sidebar-style":"default","ast-global-header-display":"","ast-banner-title-visibility":"","ast-main-header-display":"","ast-hfb-above-header-display":"","ast-hfb-below-header-display":"","ast-hfb-mobile-header-display":"","site-post-title":"","ast-breadcrumbs-content":"","ast-featured-img":"","footer-sml-layout":"","ast-disable-related-posts":"","theme-transparent-header-meta":"","adv-header-id-meta":"","stick-header-meta":"","header-above-stick-meta":"","header-main-stick-meta":"","header-below-stick-meta":"","astra-migrate-meta-layouts":"default","ast-page-background-enabled":"default","ast-page-background-meta":{"desktop":{"background-color":"var(--ast-global-color-4)","background-image":"","background-repeat":"repeat","background-position":"center center","background-size":"auto","background-attachment":"scroll","background-type":"","background-media":"","overlay-type":"","overlay-color":"","overlay-opacity":"","overlay-gradient":""},"tablet":{"background-color":"","background-image":"","background-repeat":"repeat","background-position":"center center","background-size":"auto","background-attachment":"scroll","background-type":"","background-media":"","overlay-type":"","overlay-color":"","overlay-opacity":"","overlay-gradient":""},"mobile":{"background-color":"","background-image":"","background-repeat":"repeat","background-position":"center center","background-size":"auto","background-attachment":"scroll","background-type":"","background-media":"","overlay-type":"","overlay-color":"","overlay-opacity":"","overlay-gradient":""}},"ast-content-background-meta":{"desktop":{"background-color":"var(--ast-global-color-5)","background-image":"","background-repeat":"repeat","background-position":"center center","background-size":"auto","background-attachment":"scroll","background-type":"","background-media":"","overlay-type":"","overlay-color":"","overlay-opacity":"","overlay-gradient":""},"tablet":{"background-color":"var(--ast-global-color-5)","background-image":"","background-repeat":"repeat","background-position":"center center","background-size":"auto","background-attachment":"scroll","background-type":"","background-media":"","overlay-type":"","overlay-color":"","overlay-opacity":"","overlay-gradient":""},"mobile":{"background-color":"var(--ast-global-color-5)","background-image":"","background-repeat":"repeat","background-position":"center center","background-size":"auto","background-attachment":"scroll","background-type":"","background-media":"","overlay-type":"","overlay-color":"","overlay-opacity":"","overlay-gradient":""}}},"product_brand":[],"product_cat":[91],"product_tag":[],"class_list":{"0":"post-9428","1":"product","2":"type-product","3":"status-publish","4":"has-post-thumbnail","6":"product_cat-med-tattoo-fr","7":"desktop-align-left","8":"tablet-align-left","9":"mobile-align-left","10":"ast-product-gallery-layout-horizontal-slider","11":"ast-product-gallery-with-no-image","12":"ast-product-tabs-layout-distributed","14":"first","15":"outofstock","16":"purchasable","17":"product-type-simple"},"yoast_head":"<!-- This site is optimized with the Yoast SEO plugin v27.3 - https:\/\/yoast.com\/product\/yoast-seo-wordpress\/ -->\n<title>Sous-couche foil\u00e9e 1x papier de soie 1x foil 38cm x 50m Rose - MED.TATTOO<\/title>\n<meta name=\"robots\" content=\"index, follow, max-snippet:-1, max-image-preview:large, max-video-preview:-1\" \/>\n<link rel=\"canonical\" href=\"https:\/\/med.tattoo\/fr\/produit\/sous-couche-foilee-1x-papier-de-soie-1x-foil-38cm-x-50m-rose\/\" \/>\n<meta property=\"og:locale\" content=\"fr_FR\" \/>\n<meta property=\"og:type\" content=\"article\" \/>\n<meta property=\"og:title\" content=\"Sous-couche foil\u00e9e 1x papier de soie 1x foil 38cm x 50m Rose - MED.TATTOO\" \/>\n<meta property=\"og:description\" content=\"Coussinet m\u00e9dical en mousse 38 cm Vous vous demandez comment s\u00e9curiser efficacement le fauteuil gyn\u00e9cologique ? Vous cherchez un moyen d&rsquo;assurer le confort de votre patiente pendant l&rsquo;examen ? Indications du produit : Ils comprennent, entre autres, toutes sortes de tests et de traitements Propri\u00e9t\u00e9s : jusqu&rsquo;\u00e0 50 m\u00e8tres par rouleau ! La compresse m\u00e9dicale [&hellip;]\" \/>\n<meta property=\"og:url\" content=\"https:\/\/med.tattoo\/fr\/produit\/sous-couche-foilee-1x-papier-de-soie-1x-foil-38cm-x-50m-rose\/\" \/>\n<meta property=\"og:site_name\" content=\"MED.TATTOO\" \/>\n<meta property=\"article:publisher\" content=\"https:\/\/www.facebook.com\/profile.php?id=100084366705613\" \/>\n<meta name=\"twitter:card\" content=\"summary_large_image\" \/>\n<meta name=\"twitter:label1\" content=\"Dur\u00e9e de lecture estim\u00e9e\" \/>\n\t<meta name=\"twitter:data1\" content=\"1 minute\" \/>\n<script type=\"application\/ld+json\" class=\"yoast-schema-graph\">{\"@context\":\"https:\\\/\\\/schema.org\",\"@graph\":[{\"@type\":\"WebPage\",\"@id\":\"https:\\\/\\\/med.tattoo\\\/fr\\\/produit\\\/sous-couche-foilee-1x-papier-de-soie-1x-foil-38cm-x-50m-rose\\\/\",\"url\":\"https:\\\/\\\/med.tattoo\\\/fr\\\/produit\\\/sous-couche-foilee-1x-papier-de-soie-1x-foil-38cm-x-50m-rose\\\/\",\"name\":\"Sous-couche foil\u00e9e 1x papier de soie 1x foil 38cm x 50m Rose - MED.TATTOO\",\"isPartOf\":{\"@id\":\"https:\\\/\\\/med.tattoo\\\/fr\\\/#website\"},\"primaryImageOfPage\":{\"@id\":\"https:\\\/\\\/med.tattoo\\\/fr\\\/produit\\\/sous-couche-foilee-1x-papier-de-soie-1x-foil-38cm-x-50m-rose\\\/#primaryimage\"},\"image\":{\"@id\":\"https:\\\/\\\/med.tattoo\\\/fr\\\/produit\\\/sous-couche-foilee-1x-papier-de-soie-1x-foil-38cm-x-50m-rose\\\/#primaryimage\"},\"thumbnailUrl\":\"https:\\\/\\\/med.tattoo\\\/wp-content\\\/uploads\\\/2025\\\/05\\\/1601_podklad-podfoliowany-1x-bibula-1x-folia-38cm-x-50r_1744006854.jpg\",\"datePublished\":\"2025-05-15T05:33:19+00:00\",\"breadcrumb\":{\"@id\":\"https:\\\/\\\/med.tattoo\\\/fr\\\/produit\\\/sous-couche-foilee-1x-papier-de-soie-1x-foil-38cm-x-50m-rose\\\/#breadcrumb\"},\"inLanguage\":\"fr-FR\",\"potentialAction\":[{\"@type\":\"ReadAction\",\"target\":[\"https:\\\/\\\/med.tattoo\\\/fr\\\/produit\\\/sous-couche-foilee-1x-papier-de-soie-1x-foil-38cm-x-50m-rose\\\/\"]}]},{\"@type\":\"ImageObject\",\"inLanguage\":\"fr-FR\",\"@id\":\"https:\\\/\\\/med.tattoo\\\/fr\\\/produit\\\/sous-couche-foilee-1x-papier-de-soie-1x-foil-38cm-x-50m-rose\\\/#primaryimage\",\"url\":\"https:\\\/\\\/med.tattoo\\\/wp-content\\\/uploads\\\/2025\\\/05\\\/1601_podklad-podfoliowany-1x-bibula-1x-folia-38cm-x-50r_1744006854.jpg\",\"contentUrl\":\"https:\\\/\\\/med.tattoo\\\/wp-content\\\/uploads\\\/2025\\\/05\\\/1601_podklad-podfoliowany-1x-bibula-1x-folia-38cm-x-50r_1744006854.jpg\",\"width\":614,\"height\":734},{\"@type\":\"BreadcrumbList\",\"@id\":\"https:\\\/\\\/med.tattoo\\\/fr\\\/produit\\\/sous-couche-foilee-1x-papier-de-soie-1x-foil-38cm-x-50m-rose\\\/#breadcrumb\",\"itemListElement\":[{\"@type\":\"ListItem\",\"position\":1,\"name\":\"Strona G\u0142\u00f3wna\",\"item\":\"https:\\\/\\\/med.tattoo\\\/fr\\\/\"},{\"@type\":\"ListItem\",\"position\":2,\"name\":\"Boutique\",\"item\":\"https:\\\/\\\/med.tattoo\\\/fr\\\/boutique\\\/\"},{\"@type\":\"ListItem\",\"position\":3,\"name\":\"Sous-couche foil\u00e9e 1x papier de soie 1x foil 38cm x 50m Rose\"}]},{\"@type\":\"WebSite\",\"@id\":\"https:\\\/\\\/med.tattoo\\\/fr\\\/#website\",\"url\":\"https:\\\/\\\/med.tattoo\\\/fr\\\/\",\"name\":\"MED.TATTOO\",\"description\":\"Wszystko dla Twojego tatua\u017cu\",\"publisher\":{\"@id\":\"https:\\\/\\\/med.tattoo\\\/fr\\\/#organization\"},\"potentialAction\":[{\"@type\":\"SearchAction\",\"target\":{\"@type\":\"EntryPoint\",\"urlTemplate\":\"https:\\\/\\\/med.tattoo\\\/fr\\\/?s={search_term_string}\"},\"query-input\":{\"@type\":\"PropertyValueSpecification\",\"valueRequired\":true,\"valueName\":\"search_term_string\"}}],\"inLanguage\":\"fr-FR\"},{\"@type\":\"Organization\",\"@id\":\"https:\\\/\\\/med.tattoo\\\/fr\\\/#organization\",\"name\":\"MED.TATTOO\",\"url\":\"https:\\\/\\\/med.tattoo\\\/fr\\\/\",\"logo\":{\"@type\":\"ImageObject\",\"inLanguage\":\"fr-FR\",\"@id\":\"https:\\\/\\\/med.tattoo\\\/fr\\\/#\\\/schema\\\/logo\\\/image\\\/\",\"url\":\"https:\\\/\\\/med.tattoo\\\/wp-content\\\/uploads\\\/2025\\\/05\\\/Bez-tytulu-600S300-px-1-e1658908183800.png\",\"contentUrl\":\"https:\\\/\\\/med.tattoo\\\/wp-content\\\/uploads\\\/2025\\\/05\\\/Bez-tytulu-600S300-px-1-e1658908183800.png\",\"width\":600,\"height\":61,\"caption\":\"MED.TATTOO\"},\"image\":{\"@id\":\"https:\\\/\\\/med.tattoo\\\/fr\\\/#\\\/schema\\\/logo\\\/image\\\/\"},\"sameAs\":[\"https:\\\/\\\/www.facebook.com\\\/profile.php?id=100084366705613\",\"https:\\\/\\\/www.instagram.com\\\/med.tattoo_official\\\/\"]}]}<\/script>\n<!-- \/ Yoast SEO plugin. -->","yoast_head_json":{"title":"Sous-couche foil\u00e9e 1x papier de soie 1x foil 38cm x 50m Rose - MED.TATTOO","robots":{"index":"index","follow":"follow","max-snippet":"max-snippet:-1","max-image-preview":"max-image-preview:large","max-video-preview":"max-video-preview:-1"},"canonical":"https:\/\/med.tattoo\/fr\/produit\/sous-couche-foilee-1x-papier-de-soie-1x-foil-38cm-x-50m-rose\/","og_locale":"fr_FR","og_type":"article","og_title":"Sous-couche foil\u00e9e 1x papier de soie 1x foil 38cm x 50m Rose - MED.TATTOO","og_description":"Coussinet m\u00e9dical en mousse 38 cm Vous vous demandez comment s\u00e9curiser efficacement le fauteuil gyn\u00e9cologique ? Vous cherchez un moyen d&rsquo;assurer le confort de votre patiente pendant l&rsquo;examen ? Indications du produit : Ils comprennent, entre autres, toutes sortes de tests et de traitements Propri\u00e9t\u00e9s : jusqu&rsquo;\u00e0 50 m\u00e8tres par rouleau ! La compresse m\u00e9dicale [&hellip;]","og_url":"https:\/\/med.tattoo\/fr\/produit\/sous-couche-foilee-1x-papier-de-soie-1x-foil-38cm-x-50m-rose\/","og_site_name":"MED.TATTOO","article_publisher":"https:\/\/www.facebook.com\/profile.php?id=100084366705613","twitter_card":"summary_large_image","twitter_misc":{"Dur\u00e9e de lecture estim\u00e9e":"1 minute"},"schema":{"@context":"https:\/\/schema.org","@graph":[{"@type":"WebPage","@id":"https:\/\/med.tattoo\/fr\/produit\/sous-couche-foilee-1x-papier-de-soie-1x-foil-38cm-x-50m-rose\/","url":"https:\/\/med.tattoo\/fr\/produit\/sous-couche-foilee-1x-papier-de-soie-1x-foil-38cm-x-50m-rose\/","name":"Sous-couche foil\u00e9e 1x papier de soie 1x foil 38cm x 50m Rose - MED.TATTOO","isPartOf":{"@id":"https:\/\/med.tattoo\/fr\/#website"},"primaryImageOfPage":{"@id":"https:\/\/med.tattoo\/fr\/produit\/sous-couche-foilee-1x-papier-de-soie-1x-foil-38cm-x-50m-rose\/#primaryimage"},"image":{"@id":"https:\/\/med.tattoo\/fr\/produit\/sous-couche-foilee-1x-papier-de-soie-1x-foil-38cm-x-50m-rose\/#primaryimage"},"thumbnailUrl":"https:\/\/med.tattoo\/wp-content\/uploads\/2025\/05\/1601_podklad-podfoliowany-1x-bibula-1x-folia-38cm-x-50r_1744006854.jpg","datePublished":"2025-05-15T05:33:19+00:00","breadcrumb":{"@id":"https:\/\/med.tattoo\/fr\/produit\/sous-couche-foilee-1x-papier-de-soie-1x-foil-38cm-x-50m-rose\/#breadcrumb"},"inLanguage":"fr-FR","potentialAction":[{"@type":"ReadAction","target":["https:\/\/med.tattoo\/fr\/produit\/sous-couche-foilee-1x-papier-de-soie-1x-foil-38cm-x-50m-rose\/"]}]},{"@type":"ImageObject","inLanguage":"fr-FR","@id":"https:\/\/med.tattoo\/fr\/produit\/sous-couche-foilee-1x-papier-de-soie-1x-foil-38cm-x-50m-rose\/#primaryimage","url":"https:\/\/med.tattoo\/wp-content\/uploads\/2025\/05\/1601_podklad-podfoliowany-1x-bibula-1x-folia-38cm-x-50r_1744006854.jpg","contentUrl":"https:\/\/med.tattoo\/wp-content\/uploads\/2025\/05\/1601_podklad-podfoliowany-1x-bibula-1x-folia-38cm-x-50r_1744006854.jpg","width":614,"height":734},{"@type":"BreadcrumbList","@id":"https:\/\/med.tattoo\/fr\/produit\/sous-couche-foilee-1x-papier-de-soie-1x-foil-38cm-x-50m-rose\/#breadcrumb","itemListElement":[{"@type":"ListItem","position":1,"name":"Strona G\u0142\u00f3wna","item":"https:\/\/med.tattoo\/fr\/"},{"@type":"ListItem","position":2,"name":"Boutique","item":"https:\/\/med.tattoo\/fr\/boutique\/"},{"@type":"ListItem","position":3,"name":"Sous-couche foil\u00e9e 1x papier de soie 1x foil 38cm x 50m Rose"}]},{"@type":"WebSite","@id":"https:\/\/med.tattoo\/fr\/#website","url":"https:\/\/med.tattoo\/fr\/","name":"MED.TATTOO","description":"Wszystko dla Twojego tatua\u017cu","publisher":{"@id":"https:\/\/med.tattoo\/fr\/#organization"},"potentialAction":[{"@type":"SearchAction","target":{"@type":"EntryPoint","urlTemplate":"https:\/\/med.tattoo\/fr\/?s={search_term_string}"},"query-input":{"@type":"PropertyValueSpecification","valueRequired":true,"valueName":"search_term_string"}}],"inLanguage":"fr-FR"},{"@type":"Organization","@id":"https:\/\/med.tattoo\/fr\/#organization","name":"MED.TATTOO","url":"https:\/\/med.tattoo\/fr\/","logo":{"@type":"ImageObject","inLanguage":"fr-FR","@id":"https:\/\/med.tattoo\/fr\/#\/schema\/logo\/image\/","url":"https:\/\/med.tattoo\/wp-content\/uploads\/2025\/05\/Bez-tytulu-600S300-px-1-e1658908183800.png","contentUrl":"https:\/\/med.tattoo\/wp-content\/uploads\/2025\/05\/Bez-tytulu-600S300-px-1-e1658908183800.png","width":600,"height":61,"caption":"MED.TATTOO"},"image":{"@id":"https:\/\/med.tattoo\/fr\/#\/schema\/logo\/image\/"},"sameAs":["https:\/\/www.facebook.com\/profile.php?id=100084366705613","https:\/\/www.instagram.com\/med.tattoo_official\/"]}]}},"_links":{"self":[{"href":"https:\/\/med.tattoo\/fr\/wp-json\/wp\/v2\/product\/9428","targetHints":{"allow":["GET"]}}],"collection":[{"href":"https:\/\/med.tattoo\/fr\/wp-json\/wp\/v2\/product"}],"about":[{"href":"https:\/\/med.tattoo\/fr\/wp-json\/wp\/v2\/types\/product"}],"replies":[{"embeddable":true,"href":"https:\/\/med.tattoo\/fr\/wp-json\/wp\/v2\/comments?post=9428"}],"wp:featuredmedia":[{"embeddable":true,"href":"https:\/\/med.tattoo\/fr\/wp-json\/wp\/v2\/media\/8258"}],"wp:attachment":[{"href":"https:\/\/med.tattoo\/fr\/wp-json\/wp\/v2\/media?parent=9428"}],"wp:term":[{"taxonomy":"product_brand","embeddable":true,"href":"https:\/\/med.tattoo\/fr\/wp-json\/wp\/v2\/product_brand?post=9428"},{"taxonomy":"product_cat","embeddable":true,"href":"https:\/\/med.tattoo\/fr\/wp-json\/wp\/v2\/product_cat?post=9428"},{"taxonomy":"product_tag","embeddable":true,"href":"https:\/\/med.tattoo\/fr\/wp-json\/wp\/v2\/product_tag?post=9428"}],"curies":[{"name":"wp","href":"https:\/\/api.w.org\/{rel}","templated":true}]}}