{"id":9463,"date":"2025-05-15T07:36:31","date_gmt":"2025-05-15T05:36:31","guid":{"rendered":"https:\/\/med.tattoo\/produkt\/rouleau-dessuie-mains-en-cellulose-2-couches-150m-blanc-1pc-premium\/"},"modified":"2025-05-15T07:36:31","modified_gmt":"2025-05-15T05:36:31","slug":"rouleau-dessuie-mains-en-cellulose-2-couches-150m-blanc-1pc-premium","status":"publish","type":"product","link":"https:\/\/med.tattoo\/fr\/produit\/rouleau-dessuie-mains-en-cellulose-2-couches-150m-blanc-1pc-premium\/","title":{"rendered":"Rouleau d&rsquo;essuie-mains en cellulose 2 couches 150m blanc 1pc PREMIUM"},"content":{"rendered":"<p>Papier essuie-tout cellulose italienne 150m 2 couches  <\/p>\n<p>-Source : 100% italien Pura Ovata Di Cellulosa<\/p>\n<p>-Nombre de couches : 2<br \/>\n-Longueur : 150 m<br \/>\n-Diam\u00e8tre du rouleau : 20 cm<br \/>\n-Hauteur du rouleau : 20 cm<br \/>\n-Dimensions des feuilles : 24&#215;20 cm<br \/>\n-6 pi\u00e8ces par paquet<br \/>\n-Couleur : blanc neige<br \/>\n-Drain\u00e9es et perfor\u00e9es<\/p>\n<p>Les chiffons de nettoyage industriel en cellulose sont des produits polyvalents de qualit\u00e9 sup\u00e9rieure fabriqu\u00e9s \u00e0 partir de 100 % de cellulose, une mati\u00e8re premi\u00e8re \u00e0 la fois douce et solide qui r\u00e9siste au d\u00e9collement et \u00e0 l&rsquo;humidification.  <\/p>\n<p>Les chiffons de nettoyage en cellulose conviennent au nettoyage des surfaces avec de l&rsquo;eau, des solvants, des huiles et des d\u00e9tergents. <\/p>\n<p>Emball\u00e9 en 6 pi\u00e8ces<\/p>\n<p>Prix par rouleau<\/p>\n","protected":false},"excerpt":{"rendered":"<p>Papier essuie-tout cellulose italienne 150m 2 couches -Source : 100% italien Pura Ovata Di Cellulosa -Nombre de couches : 2 -Longueur : 150 m -Diam\u00e8tre du rouleau : 20 cm -Hauteur du rouleau : 20 cm -Dimensions des feuilles : 24&#215;20 cm -6 pi\u00e8ces par paquet -Couleur : blanc neige -Drain\u00e9es et perfor\u00e9es Les chiffons [&hellip;]<\/p>\n","protected":false},"featured_media":8343,"comment_status":"closed","ping_status":"open","template":"","meta":{"site-sidebar-layout":"default","site-content-layout":"","ast-site-content-layout":"default","site-content-style":"default","site-sidebar-style":"default","ast-global-header-display":"","ast-banner-title-visibility":"","ast-main-header-display":"","ast-hfb-above-header-display":"","ast-hfb-below-header-display":"","ast-hfb-mobile-header-display":"","site-post-title":"","ast-breadcrumbs-content":"","ast-featured-img":"","footer-sml-layout":"","ast-disable-related-posts":"","theme-transparent-header-meta":"","adv-header-id-meta":"","stick-header-meta":"","header-above-stick-meta":"","header-main-stick-meta":"","header-below-stick-meta":"","astra-migrate-meta-layouts":"default","ast-page-background-enabled":"default","ast-page-background-meta":{"desktop":{"background-color":"var(--ast-global-color-4)","background-image":"","background-repeat":"repeat","background-position":"center center","background-size":"auto","background-attachment":"scroll","background-type":"","background-media":"","overlay-type":"","overlay-color":"","overlay-opacity":"","overlay-gradient":""},"tablet":{"background-color":"","background-image":"","background-repeat":"repeat","background-position":"center center","background-size":"auto","background-attachment":"scroll","background-type":"","background-media":"","overlay-type":"","overlay-color":"","overlay-opacity":"","overlay-gradient":""},"mobile":{"background-color":"","background-image":"","background-repeat":"repeat","background-position":"center center","background-size":"auto","background-attachment":"scroll","background-type":"","background-media":"","overlay-type":"","overlay-color":"","overlay-opacity":"","overlay-gradient":""}},"ast-content-background-meta":{"desktop":{"background-color":"var(--ast-global-color-5)","background-image":"","background-repeat":"repeat","background-position":"center center","background-size":"auto","background-attachment":"scroll","background-type":"","background-media":"","overlay-type":"","overlay-color":"","overlay-opacity":"","overlay-gradient":""},"tablet":{"background-color":"var(--ast-global-color-5)","background-image":"","background-repeat":"repeat","background-position":"center center","background-size":"auto","background-attachment":"scroll","background-type":"","background-media":"","overlay-type":"","overlay-color":"","overlay-opacity":"","overlay-gradient":""},"mobile":{"background-color":"var(--ast-global-color-5)","background-image":"","background-repeat":"repeat","background-position":"center center","background-size":"auto","background-attachment":"scroll","background-type":"","background-media":"","overlay-type":"","overlay-color":"","overlay-opacity":"","overlay-gradient":""}}},"product_brand":[],"product_cat":[91],"product_tag":[],"class_list":{"0":"post-9463","1":"product","2":"type-product","3":"status-publish","4":"has-post-thumbnail","6":"product_cat-med-tattoo-fr","7":"desktop-align-left","8":"tablet-align-left","9":"mobile-align-left","10":"ast-product-gallery-layout-horizontal-slider","11":"ast-product-gallery-with-no-image","12":"ast-product-tabs-layout-distributed","14":"first","15":"instock","16":"purchasable","17":"product-type-simple"},"yoast_head":"<!-- This site is optimized with the Yoast SEO plugin v27.3 - https:\/\/yoast.com\/product\/yoast-seo-wordpress\/ -->\n<title>Rouleau d&#039;essuie-mains en cellulose 2 couches 150m blanc 1pc PREMIUM - MED.TATTOO<\/title>\n<meta name=\"robots\" content=\"index, follow, max-snippet:-1, max-image-preview:large, max-video-preview:-1\" \/>\n<link rel=\"canonical\" href=\"https:\/\/med.tattoo\/fr\/produit\/rouleau-dessuie-mains-en-cellulose-2-couches-150m-blanc-1pc-premium\/\" \/>\n<meta property=\"og:locale\" content=\"fr_FR\" \/>\n<meta property=\"og:type\" content=\"article\" \/>\n<meta property=\"og:title\" content=\"Rouleau d&#039;essuie-mains en cellulose 2 couches 150m blanc 1pc PREMIUM - MED.TATTOO\" \/>\n<meta property=\"og:description\" content=\"Papier essuie-tout cellulose italienne 150m 2 couches -Source : 100% italien Pura Ovata Di Cellulosa -Nombre de couches : 2 -Longueur : 150 m -Diam\u00e8tre du rouleau : 20 cm -Hauteur du rouleau : 20 cm -Dimensions des feuilles : 24&#215;20 cm -6 pi\u00e8ces par paquet -Couleur : blanc neige -Drain\u00e9es et perfor\u00e9es Les chiffons [&hellip;]\" \/>\n<meta property=\"og:url\" content=\"https:\/\/med.tattoo\/fr\/produit\/rouleau-dessuie-mains-en-cellulose-2-couches-150m-blanc-1pc-premium\/\" \/>\n<meta property=\"og:site_name\" content=\"MED.TATTOO\" \/>\n<meta property=\"article:publisher\" content=\"https:\/\/www.facebook.com\/profile.php?id=100084366705613\" \/>\n<meta name=\"twitter:card\" content=\"summary_large_image\" \/>\n<meta name=\"twitter:label1\" content=\"Dur\u00e9e de lecture estim\u00e9e\" \/>\n\t<meta name=\"twitter:data1\" content=\"1 minute\" \/>\n<script type=\"application\/ld+json\" class=\"yoast-schema-graph\">{\"@context\":\"https:\\\/\\\/schema.org\",\"@graph\":[{\"@type\":\"WebPage\",\"@id\":\"https:\\\/\\\/med.tattoo\\\/fr\\\/produit\\\/rouleau-dessuie-mains-en-cellulose-2-couches-150m-blanc-1pc-premium\\\/\",\"url\":\"https:\\\/\\\/med.tattoo\\\/fr\\\/produit\\\/rouleau-dessuie-mains-en-cellulose-2-couches-150m-blanc-1pc-premium\\\/\",\"name\":\"Rouleau d'essuie-mains en cellulose 2 couches 150m blanc 1pc PREMIUM - MED.TATTOO\",\"isPartOf\":{\"@id\":\"https:\\\/\\\/med.tattoo\\\/fr\\\/#website\"},\"primaryImageOfPage\":{\"@id\":\"https:\\\/\\\/med.tattoo\\\/fr\\\/produit\\\/rouleau-dessuie-mains-en-cellulose-2-couches-150m-blanc-1pc-premium\\\/#primaryimage\"},\"image\":{\"@id\":\"https:\\\/\\\/med.tattoo\\\/fr\\\/produit\\\/rouleau-dessuie-mains-en-cellulose-2-couches-150m-blanc-1pc-premium\\\/#primaryimage\"},\"thumbnailUrl\":\"https:\\\/\\\/med.tattoo\\\/wp-content\\\/uploads\\\/2025\\\/05\\\/297_recznik-czysciwo-z-celulozy-w-roli-midi-2-warstwy_1744006931.png\",\"datePublished\":\"2025-05-15T05:36:31+00:00\",\"breadcrumb\":{\"@id\":\"https:\\\/\\\/med.tattoo\\\/fr\\\/produit\\\/rouleau-dessuie-mains-en-cellulose-2-couches-150m-blanc-1pc-premium\\\/#breadcrumb\"},\"inLanguage\":\"fr-FR\",\"potentialAction\":[{\"@type\":\"ReadAction\",\"target\":[\"https:\\\/\\\/med.tattoo\\\/fr\\\/produit\\\/rouleau-dessuie-mains-en-cellulose-2-couches-150m-blanc-1pc-premium\\\/\"]}]},{\"@type\":\"ImageObject\",\"inLanguage\":\"fr-FR\",\"@id\":\"https:\\\/\\\/med.tattoo\\\/fr\\\/produit\\\/rouleau-dessuie-mains-en-cellulose-2-couches-150m-blanc-1pc-premium\\\/#primaryimage\",\"url\":\"https:\\\/\\\/med.tattoo\\\/wp-content\\\/uploads\\\/2025\\\/05\\\/297_recznik-czysciwo-z-celulozy-w-roli-midi-2-warstwy_1744006931.png\",\"contentUrl\":\"https:\\\/\\\/med.tattoo\\\/wp-content\\\/uploads\\\/2025\\\/05\\\/297_recznik-czysciwo-z-celulozy-w-roli-midi-2-warstwy_1744006931.png\",\"width\":785,\"height\":741},{\"@type\":\"BreadcrumbList\",\"@id\":\"https:\\\/\\\/med.tattoo\\\/fr\\\/produit\\\/rouleau-dessuie-mains-en-cellulose-2-couches-150m-blanc-1pc-premium\\\/#breadcrumb\",\"itemListElement\":[{\"@type\":\"ListItem\",\"position\":1,\"name\":\"Strona G\u0142\u00f3wna\",\"item\":\"https:\\\/\\\/med.tattoo\\\/fr\\\/\"},{\"@type\":\"ListItem\",\"position\":2,\"name\":\"Boutique\",\"item\":\"https:\\\/\\\/med.tattoo\\\/fr\\\/boutique\\\/\"},{\"@type\":\"ListItem\",\"position\":3,\"name\":\"Rouleau d&#8217;essuie-mains en cellulose 2 couches 150m blanc 1pc PREMIUM\"}]},{\"@type\":\"WebSite\",\"@id\":\"https:\\\/\\\/med.tattoo\\\/fr\\\/#website\",\"url\":\"https:\\\/\\\/med.tattoo\\\/fr\\\/\",\"name\":\"MED.TATTOO\",\"description\":\"Wszystko dla Twojego tatua\u017cu\",\"publisher\":{\"@id\":\"https:\\\/\\\/med.tattoo\\\/fr\\\/#organization\"},\"potentialAction\":[{\"@type\":\"SearchAction\",\"target\":{\"@type\":\"EntryPoint\",\"urlTemplate\":\"https:\\\/\\\/med.tattoo\\\/fr\\\/?s={search_term_string}\"},\"query-input\":{\"@type\":\"PropertyValueSpecification\",\"valueRequired\":true,\"valueName\":\"search_term_string\"}}],\"inLanguage\":\"fr-FR\"},{\"@type\":\"Organization\",\"@id\":\"https:\\\/\\\/med.tattoo\\\/fr\\\/#organization\",\"name\":\"MED.TATTOO\",\"url\":\"https:\\\/\\\/med.tattoo\\\/fr\\\/\",\"logo\":{\"@type\":\"ImageObject\",\"inLanguage\":\"fr-FR\",\"@id\":\"https:\\\/\\\/med.tattoo\\\/fr\\\/#\\\/schema\\\/logo\\\/image\\\/\",\"url\":\"https:\\\/\\\/med.tattoo\\\/wp-content\\\/uploads\\\/2025\\\/05\\\/Bez-tytulu-600S300-px-1-e1658908183800.png\",\"contentUrl\":\"https:\\\/\\\/med.tattoo\\\/wp-content\\\/uploads\\\/2025\\\/05\\\/Bez-tytulu-600S300-px-1-e1658908183800.png\",\"width\":600,\"height\":61,\"caption\":\"MED.TATTOO\"},\"image\":{\"@id\":\"https:\\\/\\\/med.tattoo\\\/fr\\\/#\\\/schema\\\/logo\\\/image\\\/\"},\"sameAs\":[\"https:\\\/\\\/www.facebook.com\\\/profile.php?id=100084366705613\",\"https:\\\/\\\/www.instagram.com\\\/med.tattoo_official\\\/\"]}]}<\/script>\n<!-- \/ Yoast SEO plugin. -->","yoast_head_json":{"title":"Rouleau d'essuie-mains en cellulose 2 couches 150m blanc 1pc PREMIUM - MED.TATTOO","robots":{"index":"index","follow":"follow","max-snippet":"max-snippet:-1","max-image-preview":"max-image-preview:large","max-video-preview":"max-video-preview:-1"},"canonical":"https:\/\/med.tattoo\/fr\/produit\/rouleau-dessuie-mains-en-cellulose-2-couches-150m-blanc-1pc-premium\/","og_locale":"fr_FR","og_type":"article","og_title":"Rouleau d'essuie-mains en cellulose 2 couches 150m blanc 1pc PREMIUM - MED.TATTOO","og_description":"Papier essuie-tout cellulose italienne 150m 2 couches -Source : 100% italien Pura Ovata Di Cellulosa -Nombre de couches : 2 -Longueur : 150 m -Diam\u00e8tre du rouleau : 20 cm -Hauteur du rouleau : 20 cm -Dimensions des feuilles : 24&#215;20 cm -6 pi\u00e8ces par paquet -Couleur : blanc neige -Drain\u00e9es et perfor\u00e9es Les chiffons [&hellip;]","og_url":"https:\/\/med.tattoo\/fr\/produit\/rouleau-dessuie-mains-en-cellulose-2-couches-150m-blanc-1pc-premium\/","og_site_name":"MED.TATTOO","article_publisher":"https:\/\/www.facebook.com\/profile.php?id=100084366705613","twitter_card":"summary_large_image","twitter_misc":{"Dur\u00e9e de lecture estim\u00e9e":"1 minute"},"schema":{"@context":"https:\/\/schema.org","@graph":[{"@type":"WebPage","@id":"https:\/\/med.tattoo\/fr\/produit\/rouleau-dessuie-mains-en-cellulose-2-couches-150m-blanc-1pc-premium\/","url":"https:\/\/med.tattoo\/fr\/produit\/rouleau-dessuie-mains-en-cellulose-2-couches-150m-blanc-1pc-premium\/","name":"Rouleau d'essuie-mains en cellulose 2 couches 150m blanc 1pc PREMIUM - MED.TATTOO","isPartOf":{"@id":"https:\/\/med.tattoo\/fr\/#website"},"primaryImageOfPage":{"@id":"https:\/\/med.tattoo\/fr\/produit\/rouleau-dessuie-mains-en-cellulose-2-couches-150m-blanc-1pc-premium\/#primaryimage"},"image":{"@id":"https:\/\/med.tattoo\/fr\/produit\/rouleau-dessuie-mains-en-cellulose-2-couches-150m-blanc-1pc-premium\/#primaryimage"},"thumbnailUrl":"https:\/\/med.tattoo\/wp-content\/uploads\/2025\/05\/297_recznik-czysciwo-z-celulozy-w-roli-midi-2-warstwy_1744006931.png","datePublished":"2025-05-15T05:36:31+00:00","breadcrumb":{"@id":"https:\/\/med.tattoo\/fr\/produit\/rouleau-dessuie-mains-en-cellulose-2-couches-150m-blanc-1pc-premium\/#breadcrumb"},"inLanguage":"fr-FR","potentialAction":[{"@type":"ReadAction","target":["https:\/\/med.tattoo\/fr\/produit\/rouleau-dessuie-mains-en-cellulose-2-couches-150m-blanc-1pc-premium\/"]}]},{"@type":"ImageObject","inLanguage":"fr-FR","@id":"https:\/\/med.tattoo\/fr\/produit\/rouleau-dessuie-mains-en-cellulose-2-couches-150m-blanc-1pc-premium\/#primaryimage","url":"https:\/\/med.tattoo\/wp-content\/uploads\/2025\/05\/297_recznik-czysciwo-z-celulozy-w-roli-midi-2-warstwy_1744006931.png","contentUrl":"https:\/\/med.tattoo\/wp-content\/uploads\/2025\/05\/297_recznik-czysciwo-z-celulozy-w-roli-midi-2-warstwy_1744006931.png","width":785,"height":741},{"@type":"BreadcrumbList","@id":"https:\/\/med.tattoo\/fr\/produit\/rouleau-dessuie-mains-en-cellulose-2-couches-150m-blanc-1pc-premium\/#breadcrumb","itemListElement":[{"@type":"ListItem","position":1,"name":"Strona G\u0142\u00f3wna","item":"https:\/\/med.tattoo\/fr\/"},{"@type":"ListItem","position":2,"name":"Boutique","item":"https:\/\/med.tattoo\/fr\/boutique\/"},{"@type":"ListItem","position":3,"name":"Rouleau d&#8217;essuie-mains en cellulose 2 couches 150m blanc 1pc PREMIUM"}]},{"@type":"WebSite","@id":"https:\/\/med.tattoo\/fr\/#website","url":"https:\/\/med.tattoo\/fr\/","name":"MED.TATTOO","description":"Wszystko dla Twojego tatua\u017cu","publisher":{"@id":"https:\/\/med.tattoo\/fr\/#organization"},"potentialAction":[{"@type":"SearchAction","target":{"@type":"EntryPoint","urlTemplate":"https:\/\/med.tattoo\/fr\/?s={search_term_string}"},"query-input":{"@type":"PropertyValueSpecification","valueRequired":true,"valueName":"search_term_string"}}],"inLanguage":"fr-FR"},{"@type":"Organization","@id":"https:\/\/med.tattoo\/fr\/#organization","name":"MED.TATTOO","url":"https:\/\/med.tattoo\/fr\/","logo":{"@type":"ImageObject","inLanguage":"fr-FR","@id":"https:\/\/med.tattoo\/fr\/#\/schema\/logo\/image\/","url":"https:\/\/med.tattoo\/wp-content\/uploads\/2025\/05\/Bez-tytulu-600S300-px-1-e1658908183800.png","contentUrl":"https:\/\/med.tattoo\/wp-content\/uploads\/2025\/05\/Bez-tytulu-600S300-px-1-e1658908183800.png","width":600,"height":61,"caption":"MED.TATTOO"},"image":{"@id":"https:\/\/med.tattoo\/fr\/#\/schema\/logo\/image\/"},"sameAs":["https:\/\/www.facebook.com\/profile.php?id=100084366705613","https:\/\/www.instagram.com\/med.tattoo_official\/"]}]}},"_links":{"self":[{"href":"https:\/\/med.tattoo\/fr\/wp-json\/wp\/v2\/product\/9463","targetHints":{"allow":["GET"]}}],"collection":[{"href":"https:\/\/med.tattoo\/fr\/wp-json\/wp\/v2\/product"}],"about":[{"href":"https:\/\/med.tattoo\/fr\/wp-json\/wp\/v2\/types\/product"}],"replies":[{"embeddable":true,"href":"https:\/\/med.tattoo\/fr\/wp-json\/wp\/v2\/comments?post=9463"}],"wp:featuredmedia":[{"embeddable":true,"href":"https:\/\/med.tattoo\/fr\/wp-json\/wp\/v2\/media\/8343"}],"wp:attachment":[{"href":"https:\/\/med.tattoo\/fr\/wp-json\/wp\/v2\/media?parent=9463"}],"wp:term":[{"taxonomy":"product_brand","embeddable":true,"href":"https:\/\/med.tattoo\/fr\/wp-json\/wp\/v2\/product_brand?post=9463"},{"taxonomy":"product_cat","embeddable":true,"href":"https:\/\/med.tattoo\/fr\/wp-json\/wp\/v2\/product_cat?post=9463"},{"taxonomy":"product_tag","embeddable":true,"href":"https:\/\/med.tattoo\/fr\/wp-json\/wp\/v2\/product_tag?post=9463"}],"curies":[{"name":"wp","href":"https:\/\/api.w.org\/{rel}","templated":true}]}}