{"id":9498,"date":"2025-05-15T07:16:57","date_gmt":"2025-05-15T05:16:57","guid":{"rendered":"https:\/\/med.tattoo\/produkt\/masque-chirurgical-medical-trois-couches-sur-elastique-50pcs-type-ii-noir\/"},"modified":"2025-05-15T07:16:57","modified_gmt":"2025-05-15T05:16:57","slug":"masque-chirurgical-medical-trois-couches-sur-elastique-50pcs-type-ii-noir","status":"publish","type":"product","link":"https:\/\/med.tattoo\/fr\/produit\/masque-chirurgical-medical-trois-couches-sur-elastique-50pcs-type-ii-noir\/","title":{"rendered":"Masque chirurgical, m\u00e9dical, trois couches, sur \u00e9lastique, 50pcs type II noir"},"content":{"rendered":"<p>Masque m\u00e9dical professionnel jetable \u00e0 3 couches avec \u00e9lastiques d&rsquo;oreille Type II EN14683<\/p>\n<p>Objet : le masque m\u00e9dical jetable est utilis\u00e9 pour couvrir la bouche, le nez et la m\u00e2choire de l&rsquo;utilisateur dans l&rsquo;environnement m\u00e9dical habituel, emp\u00eachant la bouche et la cavit\u00e9 nasale de l&rsquo;utilisateur d&rsquo;expirer ou de pulv\u00e9riser des contaminants.<\/p>\n<p>Efficace et confortable, avec un \u00e9l\u00e9ment d&rsquo;\u00e9tanch\u00e9it\u00e9 et d&rsquo;ajustement pour le nez.<\/p>\n<p>Le masque est conforme aux normes suivantes :<\/p>\n<p>EN 14683:2019<\/p>\n<p>BFE &gt; 98%<br \/>\nPuret\u00e9 microbiologique (CFU) &lt;= 30 cfu\/g<br \/>\nPression diff\u00e9rentielle (DP) &lt; 40 Pa \/ cm2<\/p>\n<p>Avertissements<\/p>\n<p>V\u00e9rifiez que l&#8217;emballage est complet avant de l&rsquo;utiliser. V\u00e9rifiez l&rsquo;\u00e9tiquette, la date de production et le d\u00e9lai de p\u00e9remption pour vous assurer que le produit est valide. <\/p>\n<p>2. ne pas utiliser si l&#8217;emballage est endommag\u00e9.<\/p>\n<p>3. ne pas r\u00e9utiliser. La r\u00e9utilisation peut entra\u00eener une contamination crois\u00e9e. <\/p>\n<p>4. ne pas utiliser dans des environnements m\u00e9dicaux invasifs ou dans des environnements contenant des gaz\/poussi\u00e8res nocifs ;<\/p>\n<p>5. n&rsquo;utilisez pas ce produit \u00e0 proximit\u00e9 d&rsquo;une source de feu. Jetez-le apr\u00e8s usage. <\/p>\n<p>L&rsquo;utilisation continue maximale de ce produit ne doit pas d\u00e9passer 4 heures.<\/p>\n<p>7. en cas de sympt\u00f4mes allergiques tels que d\u00e9mangeaisons et douleurs auriculaires, cessez d&rsquo;utiliser ce produit.<\/p>\n<p>8. si le nez, la bouche ou l&rsquo;oreille pr\u00e9sente une blessure sur la surface de la peau qui entrera en contact avec ce produit pendant son utilisation, il faut d&rsquo;abord la traiter.<\/p>\n<p>Mode d&#8217;emploi :<\/p>\n<p>1. ouvrez le sac et retirez le masque.<\/p>\n<p>2 D\u00e9pliez le masque pour \u00e9viter de toucher l&rsquo;int\u00e9rieur du masque avec votre main, la face color\u00e9e \u00e9tant tourn\u00e9e vers l&rsquo;ext\u00e9rieur.<\/p>\n<p>3 Placez le bord avec la bande \u00e9lastique sur le dessus. Accrochez les boucles sur les oreilles. <\/p>\n<p>4 Appuyez sur la sangle pour ajuster le masque \u00e0 l&rsquo;arri\u00e8re du nez, puis maintenez la sangle sur le nez et tirez l&rsquo;extr\u00e9mit\u00e9 inf\u00e9rieure du masque vers la m\u00e2choire inf\u00e9rieure.<\/p>\n<p>5 Ajustez le masque pour couvrir le visage, de l&rsquo;arri\u00e8re du nez \u00e0 la m\u00e2choire inf\u00e9rieure, afin d&rsquo;obtenir le meilleur effet protecteur.<\/p>\n<p>6. ne touchez pas l&rsquo;ext\u00e9rieur du masque lorsque vous le retirez.<\/p>\n<p>7 L&rsquo;\u00e9limination doit \u00eatre effectu\u00e9e conform\u00e9ment aux r\u00e9glementations locales en mati\u00e8re de d\u00e9chets m\u00e9dicaux.<\/p>\n<p>Stockage : Stocker dans un endroit exempt de gaz, propre, frais, sec et ventil\u00e9.<\/p>\n<p>P\u00e9riode de validit\u00e9 : 2 ans<\/p>\n","protected":false},"excerpt":{"rendered":"<p>Masque m\u00e9dical professionnel jetable \u00e0 3 couches avec \u00e9lastiques d&rsquo;oreille Type II EN14683 Objet : le masque m\u00e9dical jetable est utilis\u00e9 pour couvrir la bouche, le nez et la m\u00e2choire de l&rsquo;utilisateur dans l&rsquo;environnement m\u00e9dical habituel, emp\u00eachant la bouche et la cavit\u00e9 nasale de l&rsquo;utilisateur d&rsquo;expirer ou de pulv\u00e9riser des contaminants. Efficace et confortable, avec [&hellip;]<\/p>\n","protected":false},"featured_media":8540,"comment_status":"closed","ping_status":"open","template":"","meta":{"site-sidebar-layout":"default","site-content-layout":"","ast-site-content-layout":"default","site-content-style":"default","site-sidebar-style":"default","ast-global-header-display":"","ast-banner-title-visibility":"","ast-main-header-display":"","ast-hfb-above-header-display":"","ast-hfb-below-header-display":"","ast-hfb-mobile-header-display":"","site-post-title":"","ast-breadcrumbs-content":"","ast-featured-img":"","footer-sml-layout":"","ast-disable-related-posts":"","theme-transparent-header-meta":"","adv-header-id-meta":"","stick-header-meta":"","header-above-stick-meta":"","header-main-stick-meta":"","header-below-stick-meta":"","astra-migrate-meta-layouts":"default","ast-page-background-enabled":"default","ast-page-background-meta":{"desktop":{"background-color":"var(--ast-global-color-4)","background-image":"","background-repeat":"repeat","background-position":"center center","background-size":"auto","background-attachment":"scroll","background-type":"","background-media":"","overlay-type":"","overlay-color":"","overlay-opacity":"","overlay-gradient":""},"tablet":{"background-color":"","background-image":"","background-repeat":"repeat","background-position":"center center","background-size":"auto","background-attachment":"scroll","background-type":"","background-media":"","overlay-type":"","overlay-color":"","overlay-opacity":"","overlay-gradient":""},"mobile":{"background-color":"","background-image":"","background-repeat":"repeat","background-position":"center center","background-size":"auto","background-attachment":"scroll","background-type":"","background-media":"","overlay-type":"","overlay-color":"","overlay-opacity":"","overlay-gradient":""}},"ast-content-background-meta":{"desktop":{"background-color":"var(--ast-global-color-5)","background-image":"","background-repeat":"repeat","background-position":"center center","background-size":"auto","background-attachment":"scroll","background-type":"","background-media":"","overlay-type":"","overlay-color":"","overlay-opacity":"","overlay-gradient":""},"tablet":{"background-color":"var(--ast-global-color-5)","background-image":"","background-repeat":"repeat","background-position":"center center","background-size":"auto","background-attachment":"scroll","background-type":"","background-media":"","overlay-type":"","overlay-color":"","overlay-opacity":"","overlay-gradient":""},"mobile":{"background-color":"var(--ast-global-color-5)","background-image":"","background-repeat":"repeat","background-position":"center center","background-size":"auto","background-attachment":"scroll","background-type":"","background-media":"","overlay-type":"","overlay-color":"","overlay-opacity":"","overlay-gradient":""}}},"product_brand":[],"product_cat":[91],"product_tag":[],"class_list":{"0":"post-9498","1":"product","2":"type-product","3":"status-publish","4":"has-post-thumbnail","6":"product_cat-med-tattoo-fr","7":"desktop-align-left","8":"tablet-align-left","9":"mobile-align-left","10":"ast-product-gallery-layout-horizontal-slider","11":"ast-product-tabs-layout-distributed","13":"first","14":"instock","15":"purchasable","16":"product-type-simple"},"yoast_head":"<!-- This site is optimized with the Yoast SEO plugin v27.4 - https:\/\/yoast.com\/product\/yoast-seo-wordpress\/ -->\n<title>Masque chirurgical, m\u00e9dical, trois couches, sur \u00e9lastique, 50pcs type II noir - MED.TATTOO<\/title>\n<meta name=\"robots\" content=\"index, follow, max-snippet:-1, max-image-preview:large, max-video-preview:-1\" \/>\n<link rel=\"canonical\" href=\"https:\/\/med.tattoo\/fr\/produit\/masque-chirurgical-medical-trois-couches-sur-elastique-50pcs-type-ii-noir\/\" \/>\n<meta property=\"og:locale\" content=\"fr_FR\" \/>\n<meta property=\"og:type\" content=\"article\" \/>\n<meta property=\"og:title\" content=\"Masque chirurgical, m\u00e9dical, trois couches, sur \u00e9lastique, 50pcs type II noir - MED.TATTOO\" \/>\n<meta property=\"og:description\" content=\"Masque m\u00e9dical professionnel jetable \u00e0 3 couches avec \u00e9lastiques d&rsquo;oreille Type II EN14683 Objet : le masque m\u00e9dical jetable est utilis\u00e9 pour couvrir la bouche, le nez et la m\u00e2choire de l&rsquo;utilisateur dans l&rsquo;environnement m\u00e9dical habituel, emp\u00eachant la bouche et la cavit\u00e9 nasale de l&rsquo;utilisateur d&rsquo;expirer ou de pulv\u00e9riser des contaminants. Efficace et confortable, avec [&hellip;]\" \/>\n<meta property=\"og:url\" content=\"https:\/\/med.tattoo\/fr\/produit\/masque-chirurgical-medical-trois-couches-sur-elastique-50pcs-type-ii-noir\/\" \/>\n<meta property=\"og:site_name\" content=\"MED.TATTOO\" \/>\n<meta property=\"article:publisher\" content=\"https:\/\/www.facebook.com\/profile.php?id=100084366705613\" \/>\n<meta name=\"twitter:card\" content=\"summary_large_image\" \/>\n<meta name=\"twitter:label1\" content=\"Dur\u00e9e de lecture estim\u00e9e\" \/>\n\t<meta name=\"twitter:data1\" content=\"2 minutes\" \/>\n<script type=\"application\/ld+json\" class=\"yoast-schema-graph\">{\"@context\":\"https:\\\/\\\/schema.org\",\"@graph\":[{\"@type\":\"WebPage\",\"@id\":\"https:\\\/\\\/med.tattoo\\\/fr\\\/produit\\\/masque-chirurgical-medical-trois-couches-sur-elastique-50pcs-type-ii-noir\\\/\",\"url\":\"https:\\\/\\\/med.tattoo\\\/fr\\\/produit\\\/masque-chirurgical-medical-trois-couches-sur-elastique-50pcs-type-ii-noir\\\/\",\"name\":\"Masque chirurgical, m\u00e9dical, trois couches, sur \u00e9lastique, 50pcs type II noir - MED.TATTOO\",\"isPartOf\":{\"@id\":\"https:\\\/\\\/med.tattoo\\\/fr\\\/#website\"},\"primaryImageOfPage\":{\"@id\":\"https:\\\/\\\/med.tattoo\\\/fr\\\/produit\\\/masque-chirurgical-medical-trois-couches-sur-elastique-50pcs-type-ii-noir\\\/#primaryimage\"},\"image\":{\"@id\":\"https:\\\/\\\/med.tattoo\\\/fr\\\/produit\\\/masque-chirurgical-medical-trois-couches-sur-elastique-50pcs-type-ii-noir\\\/#primaryimage\"},\"thumbnailUrl\":\"https:\\\/\\\/med.tattoo\\\/wp-content\\\/uploads\\\/2025\\\/05\\\/3131_maska-medyczna-trojwarstwowa-na-gumce-50szt-cza_1744006587.jpg\",\"datePublished\":\"2025-05-15T05:16:57+00:00\",\"breadcrumb\":{\"@id\":\"https:\\\/\\\/med.tattoo\\\/fr\\\/produit\\\/masque-chirurgical-medical-trois-couches-sur-elastique-50pcs-type-ii-noir\\\/#breadcrumb\"},\"inLanguage\":\"fr-FR\",\"potentialAction\":[{\"@type\":\"ReadAction\",\"target\":[\"https:\\\/\\\/med.tattoo\\\/fr\\\/produit\\\/masque-chirurgical-medical-trois-couches-sur-elastique-50pcs-type-ii-noir\\\/\"]}]},{\"@type\":\"ImageObject\",\"inLanguage\":\"fr-FR\",\"@id\":\"https:\\\/\\\/med.tattoo\\\/fr\\\/produit\\\/masque-chirurgical-medical-trois-couches-sur-elastique-50pcs-type-ii-noir\\\/#primaryimage\",\"url\":\"https:\\\/\\\/med.tattoo\\\/wp-content\\\/uploads\\\/2025\\\/05\\\/3131_maska-medyczna-trojwarstwowa-na-gumce-50szt-cza_1744006587.jpg\",\"contentUrl\":\"https:\\\/\\\/med.tattoo\\\/wp-content\\\/uploads\\\/2025\\\/05\\\/3131_maska-medyczna-trojwarstwowa-na-gumce-50szt-cza_1744006587.jpg\",\"width\":1750,\"height\":931},{\"@type\":\"BreadcrumbList\",\"@id\":\"https:\\\/\\\/med.tattoo\\\/fr\\\/produit\\\/masque-chirurgical-medical-trois-couches-sur-elastique-50pcs-type-ii-noir\\\/#breadcrumb\",\"itemListElement\":[{\"@type\":\"ListItem\",\"position\":1,\"name\":\"Strona G\u0142\u00f3wna\",\"item\":\"https:\\\/\\\/med.tattoo\\\/fr\\\/\"},{\"@type\":\"ListItem\",\"position\":2,\"name\":\"Boutique\",\"item\":\"https:\\\/\\\/med.tattoo\\\/fr\\\/boutique\\\/\"},{\"@type\":\"ListItem\",\"position\":3,\"name\":\"Masque chirurgical, m\u00e9dical, trois couches, sur \u00e9lastique, 50pcs type II noir\"}]},{\"@type\":\"WebSite\",\"@id\":\"https:\\\/\\\/med.tattoo\\\/fr\\\/#website\",\"url\":\"https:\\\/\\\/med.tattoo\\\/fr\\\/\",\"name\":\"MED.TATTOO\",\"description\":\"Wszystko dla Twojego tatua\u017cu\",\"publisher\":{\"@id\":\"https:\\\/\\\/med.tattoo\\\/fr\\\/#organization\"},\"potentialAction\":[{\"@type\":\"SearchAction\",\"target\":{\"@type\":\"EntryPoint\",\"urlTemplate\":\"https:\\\/\\\/med.tattoo\\\/fr\\\/?s={search_term_string}\"},\"query-input\":{\"@type\":\"PropertyValueSpecification\",\"valueRequired\":true,\"valueName\":\"search_term_string\"}}],\"inLanguage\":\"fr-FR\"},{\"@type\":\"Organization\",\"@id\":\"https:\\\/\\\/med.tattoo\\\/fr\\\/#organization\",\"name\":\"MED.TATTOO\",\"url\":\"https:\\\/\\\/med.tattoo\\\/fr\\\/\",\"logo\":{\"@type\":\"ImageObject\",\"inLanguage\":\"fr-FR\",\"@id\":\"https:\\\/\\\/med.tattoo\\\/fr\\\/#\\\/schema\\\/logo\\\/image\\\/\",\"url\":\"https:\\\/\\\/med.tattoo\\\/wp-content\\\/uploads\\\/2025\\\/05\\\/Bez-tytulu-600S300-px-1-e1658908183800.png\",\"contentUrl\":\"https:\\\/\\\/med.tattoo\\\/wp-content\\\/uploads\\\/2025\\\/05\\\/Bez-tytulu-600S300-px-1-e1658908183800.png\",\"width\":600,\"height\":61,\"caption\":\"MED.TATTOO\"},\"image\":{\"@id\":\"https:\\\/\\\/med.tattoo\\\/fr\\\/#\\\/schema\\\/logo\\\/image\\\/\"},\"sameAs\":[\"https:\\\/\\\/www.facebook.com\\\/profile.php?id=100084366705613\",\"https:\\\/\\\/www.instagram.com\\\/med.tattoo_official\\\/\"]}]}<\/script>\n<!-- \/ Yoast SEO plugin. -->","yoast_head_json":{"title":"Masque chirurgical, m\u00e9dical, trois couches, sur \u00e9lastique, 50pcs type II noir - MED.TATTOO","robots":{"index":"index","follow":"follow","max-snippet":"max-snippet:-1","max-image-preview":"max-image-preview:large","max-video-preview":"max-video-preview:-1"},"canonical":"https:\/\/med.tattoo\/fr\/produit\/masque-chirurgical-medical-trois-couches-sur-elastique-50pcs-type-ii-noir\/","og_locale":"fr_FR","og_type":"article","og_title":"Masque chirurgical, m\u00e9dical, trois couches, sur \u00e9lastique, 50pcs type II noir - MED.TATTOO","og_description":"Masque m\u00e9dical professionnel jetable \u00e0 3 couches avec \u00e9lastiques d&rsquo;oreille Type II EN14683 Objet : le masque m\u00e9dical jetable est utilis\u00e9 pour couvrir la bouche, le nez et la m\u00e2choire de l&rsquo;utilisateur dans l&rsquo;environnement m\u00e9dical habituel, emp\u00eachant la bouche et la cavit\u00e9 nasale de l&rsquo;utilisateur d&rsquo;expirer ou de pulv\u00e9riser des contaminants. Efficace et confortable, avec [&hellip;]","og_url":"https:\/\/med.tattoo\/fr\/produit\/masque-chirurgical-medical-trois-couches-sur-elastique-50pcs-type-ii-noir\/","og_site_name":"MED.TATTOO","article_publisher":"https:\/\/www.facebook.com\/profile.php?id=100084366705613","twitter_card":"summary_large_image","twitter_misc":{"Dur\u00e9e de lecture estim\u00e9e":"2 minutes"},"schema":{"@context":"https:\/\/schema.org","@graph":[{"@type":"WebPage","@id":"https:\/\/med.tattoo\/fr\/produit\/masque-chirurgical-medical-trois-couches-sur-elastique-50pcs-type-ii-noir\/","url":"https:\/\/med.tattoo\/fr\/produit\/masque-chirurgical-medical-trois-couches-sur-elastique-50pcs-type-ii-noir\/","name":"Masque chirurgical, m\u00e9dical, trois couches, sur \u00e9lastique, 50pcs type II noir - MED.TATTOO","isPartOf":{"@id":"https:\/\/med.tattoo\/fr\/#website"},"primaryImageOfPage":{"@id":"https:\/\/med.tattoo\/fr\/produit\/masque-chirurgical-medical-trois-couches-sur-elastique-50pcs-type-ii-noir\/#primaryimage"},"image":{"@id":"https:\/\/med.tattoo\/fr\/produit\/masque-chirurgical-medical-trois-couches-sur-elastique-50pcs-type-ii-noir\/#primaryimage"},"thumbnailUrl":"https:\/\/med.tattoo\/wp-content\/uploads\/2025\/05\/3131_maska-medyczna-trojwarstwowa-na-gumce-50szt-cza_1744006587.jpg","datePublished":"2025-05-15T05:16:57+00:00","breadcrumb":{"@id":"https:\/\/med.tattoo\/fr\/produit\/masque-chirurgical-medical-trois-couches-sur-elastique-50pcs-type-ii-noir\/#breadcrumb"},"inLanguage":"fr-FR","potentialAction":[{"@type":"ReadAction","target":["https:\/\/med.tattoo\/fr\/produit\/masque-chirurgical-medical-trois-couches-sur-elastique-50pcs-type-ii-noir\/"]}]},{"@type":"ImageObject","inLanguage":"fr-FR","@id":"https:\/\/med.tattoo\/fr\/produit\/masque-chirurgical-medical-trois-couches-sur-elastique-50pcs-type-ii-noir\/#primaryimage","url":"https:\/\/med.tattoo\/wp-content\/uploads\/2025\/05\/3131_maska-medyczna-trojwarstwowa-na-gumce-50szt-cza_1744006587.jpg","contentUrl":"https:\/\/med.tattoo\/wp-content\/uploads\/2025\/05\/3131_maska-medyczna-trojwarstwowa-na-gumce-50szt-cza_1744006587.jpg","width":1750,"height":931},{"@type":"BreadcrumbList","@id":"https:\/\/med.tattoo\/fr\/produit\/masque-chirurgical-medical-trois-couches-sur-elastique-50pcs-type-ii-noir\/#breadcrumb","itemListElement":[{"@type":"ListItem","position":1,"name":"Strona G\u0142\u00f3wna","item":"https:\/\/med.tattoo\/fr\/"},{"@type":"ListItem","position":2,"name":"Boutique","item":"https:\/\/med.tattoo\/fr\/boutique\/"},{"@type":"ListItem","position":3,"name":"Masque chirurgical, m\u00e9dical, trois couches, sur \u00e9lastique, 50pcs type II noir"}]},{"@type":"WebSite","@id":"https:\/\/med.tattoo\/fr\/#website","url":"https:\/\/med.tattoo\/fr\/","name":"MED.TATTOO","description":"Wszystko dla Twojego tatua\u017cu","publisher":{"@id":"https:\/\/med.tattoo\/fr\/#organization"},"potentialAction":[{"@type":"SearchAction","target":{"@type":"EntryPoint","urlTemplate":"https:\/\/med.tattoo\/fr\/?s={search_term_string}"},"query-input":{"@type":"PropertyValueSpecification","valueRequired":true,"valueName":"search_term_string"}}],"inLanguage":"fr-FR"},{"@type":"Organization","@id":"https:\/\/med.tattoo\/fr\/#organization","name":"MED.TATTOO","url":"https:\/\/med.tattoo\/fr\/","logo":{"@type":"ImageObject","inLanguage":"fr-FR","@id":"https:\/\/med.tattoo\/fr\/#\/schema\/logo\/image\/","url":"https:\/\/med.tattoo\/wp-content\/uploads\/2025\/05\/Bez-tytulu-600S300-px-1-e1658908183800.png","contentUrl":"https:\/\/med.tattoo\/wp-content\/uploads\/2025\/05\/Bez-tytulu-600S300-px-1-e1658908183800.png","width":600,"height":61,"caption":"MED.TATTOO"},"image":{"@id":"https:\/\/med.tattoo\/fr\/#\/schema\/logo\/image\/"},"sameAs":["https:\/\/www.facebook.com\/profile.php?id=100084366705613","https:\/\/www.instagram.com\/med.tattoo_official\/"]}]}},"_links":{"self":[{"href":"https:\/\/med.tattoo\/fr\/wp-json\/wp\/v2\/product\/9498","targetHints":{"allow":["GET"]}}],"collection":[{"href":"https:\/\/med.tattoo\/fr\/wp-json\/wp\/v2\/product"}],"about":[{"href":"https:\/\/med.tattoo\/fr\/wp-json\/wp\/v2\/types\/product"}],"replies":[{"embeddable":true,"href":"https:\/\/med.tattoo\/fr\/wp-json\/wp\/v2\/comments?post=9498"}],"wp:featuredmedia":[{"embeddable":true,"href":"https:\/\/med.tattoo\/fr\/wp-json\/wp\/v2\/media\/8540"}],"wp:attachment":[{"href":"https:\/\/med.tattoo\/fr\/wp-json\/wp\/v2\/media?parent=9498"}],"wp:term":[{"taxonomy":"product_brand","embeddable":true,"href":"https:\/\/med.tattoo\/fr\/wp-json\/wp\/v2\/product_brand?post=9498"},{"taxonomy":"product_cat","embeddable":true,"href":"https:\/\/med.tattoo\/fr\/wp-json\/wp\/v2\/product_cat?post=9498"},{"taxonomy":"product_tag","embeddable":true,"href":"https:\/\/med.tattoo\/fr\/wp-json\/wp\/v2\/product_tag?post=9498"}],"curies":[{"name":"wp","href":"https:\/\/api.w.org\/{rel}","templated":true}]}}