{"id":9541,"date":"2025-05-15T07:36:31","date_gmt":"2025-05-15T05:36:31","guid":{"rendered":"https:\/\/med.tattoo\/produkt\/pansement-en-rouleau-suprasorb-f-15cm-10m-2\/"},"modified":"2025-05-15T07:36:31","modified_gmt":"2025-05-15T05:36:31","slug":"pansement-en-rouleau-suprasorb-f-15cm-10m-2","status":"publish","type":"product","link":"https:\/\/med.tattoo\/fr\/produit\/pansement-en-rouleau-suprasorb-f-15cm-10m-2\/","title":{"rendered":"Pansement en rouleau Suprasorb F 15cm* 10m"},"content":{"rendered":"<p>Offre une protection transparente. Le film souple en polyur\u00e9thane est perm\u00e9able \u00e0 l&rsquo;air et, gr\u00e2ce \u00e0 l&rsquo;\u00e9change de gaz et de chaleur, permet de cr\u00e9er un environnement humide pour la plaie afin de favoriser la cicatrisation. Suprasorb F est imperm\u00e9able aux liquides et prot\u00e8ge la plaie ou le site de ponction de la colonisation par des bact\u00e9ries p\u00e9n\u00e9trant de l&rsquo;ext\u00e9rieur.  <\/p>\n<p>La structure transparente du pansement facilite l&rsquo;inspection de la plaie et du site de ponction. Suprasorb F est un pansement flexible et extensible tr\u00e8s facile \u00e0 utiliser. Suprasorb F peut \u00eatre essuy\u00e9, m\u00eame avec des d\u00e9sinfectants contenant de l&rsquo;alcool, de l&rsquo;iode ou de l&rsquo;oct\u00e9nidine. Le pansement offre une bonne protection contre les influences ext\u00e9rieures et n&rsquo;interf\u00e8re pas avec le bain ou la douche. Suprasorb F est disponible sous forme de pansement film st\u00e9rile pour les plaies ou de pansement film non st\u00e9rile en rouleau.    <\/p>\n<p>Fr\u00e9quence des changements de pansements :<\/p>\n<p>Le m\u00e9decin traitant doit changer le pansement en fonction de l&rsquo;\u00e9tat de la plaie, du degr\u00e9 d&rsquo;exsudat et de la pr\u00e9sence d&rsquo;un pansement secondaire, au plus tard apr\u00e8s 5 \u00e0 7 jours.<\/p>\n<p>Propri\u00e9t\u00e9s :<\/p>\n<p>application facile<br \/>\ngrand confort de port gr\u00e2ce \u00e0 une fixation s\u00fbre et flexible<br \/>\ntr\u00e8s bon contr\u00f4le de la plaie<br \/>\nprotection efficace contre les influences ext\u00e9rieures, par exemple les germes<br \/>\ntr\u00e8s bonne cicatrisation de la plaie gr\u00e2ce \u00e0 une perm\u00e9abilit\u00e9 \u00e0 l&rsquo;air \u00e9lev\u00e9e<br \/>\npossibilit\u00e9 de se doucher avec le pansement<br \/>\nr\u00e9sistant \u00e0 l&rsquo;abrasion, \u00e9galement avec des d\u00e9sinfectants contenant de l&rsquo;alcool, de l&rsquo;iode ou de l&rsquo;octenidine<\/p>\n","protected":false},"excerpt":{"rendered":"<p>Offre une protection transparente. Le film souple en polyur\u00e9thane est perm\u00e9able \u00e0 l&rsquo;air et, gr\u00e2ce \u00e0 l&rsquo;\u00e9change de gaz et de chaleur, permet de cr\u00e9er un environnement humide pour la plaie afin de favoriser la cicatrisation. Suprasorb F est imperm\u00e9able aux liquides et prot\u00e8ge la plaie ou le site de ponction de la colonisation par [&hellip;]<\/p>\n","protected":false},"featured_media":10776,"comment_status":"closed","ping_status":"open","template":"","meta":{"site-sidebar-layout":"default","site-content-layout":"","ast-site-content-layout":"default","site-content-style":"default","site-sidebar-style":"default","ast-global-header-display":"","ast-banner-title-visibility":"","ast-main-header-display":"","ast-hfb-above-header-display":"","ast-hfb-below-header-display":"","ast-hfb-mobile-header-display":"","site-post-title":"","ast-breadcrumbs-content":"","ast-featured-img":"","footer-sml-layout":"","ast-disable-related-posts":"","theme-transparent-header-meta":"","adv-header-id-meta":"","stick-header-meta":"","header-above-stick-meta":"","header-main-stick-meta":"","header-below-stick-meta":"","astra-migrate-meta-layouts":"default","ast-page-background-enabled":"default","ast-page-background-meta":{"desktop":{"background-color":"var(--ast-global-color-4)","background-image":"","background-repeat":"repeat","background-position":"center center","background-size":"auto","background-attachment":"scroll","background-type":"","background-media":"","overlay-type":"","overlay-color":"","overlay-opacity":"","overlay-gradient":""},"tablet":{"background-color":"","background-image":"","background-repeat":"repeat","background-position":"center center","background-size":"auto","background-attachment":"scroll","background-type":"","background-media":"","overlay-type":"","overlay-color":"","overlay-opacity":"","overlay-gradient":""},"mobile":{"background-color":"","background-image":"","background-repeat":"repeat","background-position":"center center","background-size":"auto","background-attachment":"scroll","background-type":"","background-media":"","overlay-type":"","overlay-color":"","overlay-opacity":"","overlay-gradient":""}},"ast-content-background-meta":{"desktop":{"background-color":"var(--ast-global-color-5)","background-image":"","background-repeat":"repeat","background-position":"center center","background-size":"auto","background-attachment":"scroll","background-type":"","background-media":"","overlay-type":"","overlay-color":"","overlay-opacity":"","overlay-gradient":""},"tablet":{"background-color":"var(--ast-global-color-5)","background-image":"","background-repeat":"repeat","background-position":"center center","background-size":"auto","background-attachment":"scroll","background-type":"","background-media":"","overlay-type":"","overlay-color":"","overlay-opacity":"","overlay-gradient":""},"mobile":{"background-color":"var(--ast-global-color-5)","background-image":"","background-repeat":"repeat","background-position":"center center","background-size":"auto","background-attachment":"scroll","background-type":"","background-media":"","overlay-type":"","overlay-color":"","overlay-opacity":"","overlay-gradient":""}}},"product_brand":[],"product_cat":[91],"product_tag":[],"class_list":{"0":"post-9541","1":"product","2":"type-product","3":"status-publish","4":"has-post-thumbnail","6":"product_cat-med-tattoo-fr","7":"desktop-align-left","8":"tablet-align-left","9":"mobile-align-left","10":"ast-product-gallery-layout-horizontal-slider","11":"ast-product-gallery-with-no-image","12":"ast-product-tabs-layout-distributed","14":"first","15":"instock","16":"purchasable","17":"product-type-simple"},"yoast_head":"<!-- This site is optimized with the Yoast SEO plugin v27.3 - https:\/\/yoast.com\/product\/yoast-seo-wordpress\/ -->\n<title>Pansement en rouleau Suprasorb F 15cm* 10m - MED.TATTOO<\/title>\n<meta name=\"robots\" content=\"index, follow, max-snippet:-1, max-image-preview:large, max-video-preview:-1\" \/>\n<link rel=\"canonical\" href=\"https:\/\/med.tattoo\/fr\/produit\/pansement-en-rouleau-suprasorb-f-15cm-10m-2\/\" \/>\n<meta property=\"og:locale\" content=\"fr_FR\" \/>\n<meta property=\"og:type\" content=\"article\" \/>\n<meta property=\"og:title\" content=\"Pansement en rouleau Suprasorb F 15cm* 10m - MED.TATTOO\" \/>\n<meta property=\"og:description\" content=\"Offre une protection transparente. Le film souple en polyur\u00e9thane est perm\u00e9able \u00e0 l&rsquo;air et, gr\u00e2ce \u00e0 l&rsquo;\u00e9change de gaz et de chaleur, permet de cr\u00e9er un environnement humide pour la plaie afin de favoriser la cicatrisation. Suprasorb F est imperm\u00e9able aux liquides et prot\u00e8ge la plaie ou le site de ponction de la colonisation par [&hellip;]\" \/>\n<meta property=\"og:url\" content=\"https:\/\/med.tattoo\/fr\/produit\/pansement-en-rouleau-suprasorb-f-15cm-10m-2\/\" \/>\n<meta property=\"og:site_name\" content=\"MED.TATTOO\" \/>\n<meta property=\"article:publisher\" content=\"https:\/\/www.facebook.com\/profile.php?id=100084366705613\" \/>\n<meta name=\"twitter:card\" content=\"summary_large_image\" \/>\n<meta name=\"twitter:label1\" content=\"Dur\u00e9e de lecture estim\u00e9e\" \/>\n\t<meta name=\"twitter:data1\" content=\"1 minute\" \/>\n<script type=\"application\/ld+json\" class=\"yoast-schema-graph\">{\"@context\":\"https:\\\/\\\/schema.org\",\"@graph\":[{\"@type\":\"WebPage\",\"@id\":\"https:\\\/\\\/med.tattoo\\\/fr\\\/produit\\\/pansement-en-rouleau-suprasorb-f-15cm-10m-2\\\/\",\"url\":\"https:\\\/\\\/med.tattoo\\\/fr\\\/produit\\\/pansement-en-rouleau-suprasorb-f-15cm-10m-2\\\/\",\"name\":\"Pansement en rouleau Suprasorb F 15cm* 10m - MED.TATTOO\",\"isPartOf\":{\"@id\":\"https:\\\/\\\/med.tattoo\\\/fr\\\/#website\"},\"primaryImageOfPage\":{\"@id\":\"https:\\\/\\\/med.tattoo\\\/fr\\\/produit\\\/pansement-en-rouleau-suprasorb-f-15cm-10m-2\\\/#primaryimage\"},\"image\":{\"@id\":\"https:\\\/\\\/med.tattoo\\\/fr\\\/produit\\\/pansement-en-rouleau-suprasorb-f-15cm-10m-2\\\/#primaryimage\"},\"thumbnailUrl\":\"https:\\\/\\\/med.tattoo\\\/wp-content\\\/uploads\\\/2025\\\/05\\\/2508_suprasorb-f-15cm-10m-opatrunek-foliowy-na-rolce_1742990463.jpg\",\"datePublished\":\"2025-05-15T05:36:31+00:00\",\"breadcrumb\":{\"@id\":\"https:\\\/\\\/med.tattoo\\\/fr\\\/produit\\\/pansement-en-rouleau-suprasorb-f-15cm-10m-2\\\/#breadcrumb\"},\"inLanguage\":\"fr-FR\",\"potentialAction\":[{\"@type\":\"ReadAction\",\"target\":[\"https:\\\/\\\/med.tattoo\\\/fr\\\/produit\\\/pansement-en-rouleau-suprasorb-f-15cm-10m-2\\\/\"]}]},{\"@type\":\"ImageObject\",\"inLanguage\":\"fr-FR\",\"@id\":\"https:\\\/\\\/med.tattoo\\\/fr\\\/produit\\\/pansement-en-rouleau-suprasorb-f-15cm-10m-2\\\/#primaryimage\",\"url\":\"https:\\\/\\\/med.tattoo\\\/wp-content\\\/uploads\\\/2025\\\/05\\\/2508_suprasorb-f-15cm-10m-opatrunek-foliowy-na-rolce_1742990463.jpg\",\"contentUrl\":\"https:\\\/\\\/med.tattoo\\\/wp-content\\\/uploads\\\/2025\\\/05\\\/2508_suprasorb-f-15cm-10m-opatrunek-foliowy-na-rolce_1742990463.jpg\",\"width\":500,\"height\":306},{\"@type\":\"BreadcrumbList\",\"@id\":\"https:\\\/\\\/med.tattoo\\\/fr\\\/produit\\\/pansement-en-rouleau-suprasorb-f-15cm-10m-2\\\/#breadcrumb\",\"itemListElement\":[{\"@type\":\"ListItem\",\"position\":1,\"name\":\"Strona G\u0142\u00f3wna\",\"item\":\"https:\\\/\\\/med.tattoo\\\/fr\\\/\"},{\"@type\":\"ListItem\",\"position\":2,\"name\":\"Boutique\",\"item\":\"https:\\\/\\\/med.tattoo\\\/fr\\\/boutique\\\/\"},{\"@type\":\"ListItem\",\"position\":3,\"name\":\"Pansement en rouleau Suprasorb F 15cm* 10m\"}]},{\"@type\":\"WebSite\",\"@id\":\"https:\\\/\\\/med.tattoo\\\/fr\\\/#website\",\"url\":\"https:\\\/\\\/med.tattoo\\\/fr\\\/\",\"name\":\"MED.TATTOO\",\"description\":\"Wszystko dla Twojego tatua\u017cu\",\"publisher\":{\"@id\":\"https:\\\/\\\/med.tattoo\\\/fr\\\/#organization\"},\"potentialAction\":[{\"@type\":\"SearchAction\",\"target\":{\"@type\":\"EntryPoint\",\"urlTemplate\":\"https:\\\/\\\/med.tattoo\\\/fr\\\/?s={search_term_string}\"},\"query-input\":{\"@type\":\"PropertyValueSpecification\",\"valueRequired\":true,\"valueName\":\"search_term_string\"}}],\"inLanguage\":\"fr-FR\"},{\"@type\":\"Organization\",\"@id\":\"https:\\\/\\\/med.tattoo\\\/fr\\\/#organization\",\"name\":\"MED.TATTOO\",\"url\":\"https:\\\/\\\/med.tattoo\\\/fr\\\/\",\"logo\":{\"@type\":\"ImageObject\",\"inLanguage\":\"fr-FR\",\"@id\":\"https:\\\/\\\/med.tattoo\\\/fr\\\/#\\\/schema\\\/logo\\\/image\\\/\",\"url\":\"https:\\\/\\\/med.tattoo\\\/wp-content\\\/uploads\\\/2025\\\/05\\\/Bez-tytulu-600S300-px-1-e1658908183800.png\",\"contentUrl\":\"https:\\\/\\\/med.tattoo\\\/wp-content\\\/uploads\\\/2025\\\/05\\\/Bez-tytulu-600S300-px-1-e1658908183800.png\",\"width\":600,\"height\":61,\"caption\":\"MED.TATTOO\"},\"image\":{\"@id\":\"https:\\\/\\\/med.tattoo\\\/fr\\\/#\\\/schema\\\/logo\\\/image\\\/\"},\"sameAs\":[\"https:\\\/\\\/www.facebook.com\\\/profile.php?id=100084366705613\",\"https:\\\/\\\/www.instagram.com\\\/med.tattoo_official\\\/\"]}]}<\/script>\n<!-- \/ Yoast SEO plugin. -->","yoast_head_json":{"title":"Pansement en rouleau Suprasorb F 15cm* 10m - MED.TATTOO","robots":{"index":"index","follow":"follow","max-snippet":"max-snippet:-1","max-image-preview":"max-image-preview:large","max-video-preview":"max-video-preview:-1"},"canonical":"https:\/\/med.tattoo\/fr\/produit\/pansement-en-rouleau-suprasorb-f-15cm-10m-2\/","og_locale":"fr_FR","og_type":"article","og_title":"Pansement en rouleau Suprasorb F 15cm* 10m - MED.TATTOO","og_description":"Offre une protection transparente. Le film souple en polyur\u00e9thane est perm\u00e9able \u00e0 l&rsquo;air et, gr\u00e2ce \u00e0 l&rsquo;\u00e9change de gaz et de chaleur, permet de cr\u00e9er un environnement humide pour la plaie afin de favoriser la cicatrisation. Suprasorb F est imperm\u00e9able aux liquides et prot\u00e8ge la plaie ou le site de ponction de la colonisation par [&hellip;]","og_url":"https:\/\/med.tattoo\/fr\/produit\/pansement-en-rouleau-suprasorb-f-15cm-10m-2\/","og_site_name":"MED.TATTOO","article_publisher":"https:\/\/www.facebook.com\/profile.php?id=100084366705613","twitter_card":"summary_large_image","twitter_misc":{"Dur\u00e9e de lecture estim\u00e9e":"1 minute"},"schema":{"@context":"https:\/\/schema.org","@graph":[{"@type":"WebPage","@id":"https:\/\/med.tattoo\/fr\/produit\/pansement-en-rouleau-suprasorb-f-15cm-10m-2\/","url":"https:\/\/med.tattoo\/fr\/produit\/pansement-en-rouleau-suprasorb-f-15cm-10m-2\/","name":"Pansement en rouleau Suprasorb F 15cm* 10m - MED.TATTOO","isPartOf":{"@id":"https:\/\/med.tattoo\/fr\/#website"},"primaryImageOfPage":{"@id":"https:\/\/med.tattoo\/fr\/produit\/pansement-en-rouleau-suprasorb-f-15cm-10m-2\/#primaryimage"},"image":{"@id":"https:\/\/med.tattoo\/fr\/produit\/pansement-en-rouleau-suprasorb-f-15cm-10m-2\/#primaryimage"},"thumbnailUrl":"https:\/\/med.tattoo\/wp-content\/uploads\/2025\/05\/2508_suprasorb-f-15cm-10m-opatrunek-foliowy-na-rolce_1742990463.jpg","datePublished":"2025-05-15T05:36:31+00:00","breadcrumb":{"@id":"https:\/\/med.tattoo\/fr\/produit\/pansement-en-rouleau-suprasorb-f-15cm-10m-2\/#breadcrumb"},"inLanguage":"fr-FR","potentialAction":[{"@type":"ReadAction","target":["https:\/\/med.tattoo\/fr\/produit\/pansement-en-rouleau-suprasorb-f-15cm-10m-2\/"]}]},{"@type":"ImageObject","inLanguage":"fr-FR","@id":"https:\/\/med.tattoo\/fr\/produit\/pansement-en-rouleau-suprasorb-f-15cm-10m-2\/#primaryimage","url":"https:\/\/med.tattoo\/wp-content\/uploads\/2025\/05\/2508_suprasorb-f-15cm-10m-opatrunek-foliowy-na-rolce_1742990463.jpg","contentUrl":"https:\/\/med.tattoo\/wp-content\/uploads\/2025\/05\/2508_suprasorb-f-15cm-10m-opatrunek-foliowy-na-rolce_1742990463.jpg","width":500,"height":306},{"@type":"BreadcrumbList","@id":"https:\/\/med.tattoo\/fr\/produit\/pansement-en-rouleau-suprasorb-f-15cm-10m-2\/#breadcrumb","itemListElement":[{"@type":"ListItem","position":1,"name":"Strona G\u0142\u00f3wna","item":"https:\/\/med.tattoo\/fr\/"},{"@type":"ListItem","position":2,"name":"Boutique","item":"https:\/\/med.tattoo\/fr\/boutique\/"},{"@type":"ListItem","position":3,"name":"Pansement en rouleau Suprasorb F 15cm* 10m"}]},{"@type":"WebSite","@id":"https:\/\/med.tattoo\/fr\/#website","url":"https:\/\/med.tattoo\/fr\/","name":"MED.TATTOO","description":"Wszystko dla Twojego tatua\u017cu","publisher":{"@id":"https:\/\/med.tattoo\/fr\/#organization"},"potentialAction":[{"@type":"SearchAction","target":{"@type":"EntryPoint","urlTemplate":"https:\/\/med.tattoo\/fr\/?s={search_term_string}"},"query-input":{"@type":"PropertyValueSpecification","valueRequired":true,"valueName":"search_term_string"}}],"inLanguage":"fr-FR"},{"@type":"Organization","@id":"https:\/\/med.tattoo\/fr\/#organization","name":"MED.TATTOO","url":"https:\/\/med.tattoo\/fr\/","logo":{"@type":"ImageObject","inLanguage":"fr-FR","@id":"https:\/\/med.tattoo\/fr\/#\/schema\/logo\/image\/","url":"https:\/\/med.tattoo\/wp-content\/uploads\/2025\/05\/Bez-tytulu-600S300-px-1-e1658908183800.png","contentUrl":"https:\/\/med.tattoo\/wp-content\/uploads\/2025\/05\/Bez-tytulu-600S300-px-1-e1658908183800.png","width":600,"height":61,"caption":"MED.TATTOO"},"image":{"@id":"https:\/\/med.tattoo\/fr\/#\/schema\/logo\/image\/"},"sameAs":["https:\/\/www.facebook.com\/profile.php?id=100084366705613","https:\/\/www.instagram.com\/med.tattoo_official\/"]}]}},"_links":{"self":[{"href":"https:\/\/med.tattoo\/fr\/wp-json\/wp\/v2\/product\/9541","targetHints":{"allow":["GET"]}}],"collection":[{"href":"https:\/\/med.tattoo\/fr\/wp-json\/wp\/v2\/product"}],"about":[{"href":"https:\/\/med.tattoo\/fr\/wp-json\/wp\/v2\/types\/product"}],"replies":[{"embeddable":true,"href":"https:\/\/med.tattoo\/fr\/wp-json\/wp\/v2\/comments?post=9541"}],"wp:featuredmedia":[{"embeddable":true,"href":"https:\/\/med.tattoo\/fr\/wp-json\/wp\/v2\/media\/10776"}],"wp:attachment":[{"href":"https:\/\/med.tattoo\/fr\/wp-json\/wp\/v2\/media?parent=9541"}],"wp:term":[{"taxonomy":"product_brand","embeddable":true,"href":"https:\/\/med.tattoo\/fr\/wp-json\/wp\/v2\/product_brand?post=9541"},{"taxonomy":"product_cat","embeddable":true,"href":"https:\/\/med.tattoo\/fr\/wp-json\/wp\/v2\/product_cat?post=9541"},{"taxonomy":"product_tag","embeddable":true,"href":"https:\/\/med.tattoo\/fr\/wp-json\/wp\/v2\/product_tag?post=9541"}],"curies":[{"name":"wp","href":"https:\/\/api.w.org\/{rel}","templated":true}]}}