{"id":9614,"date":"2025-05-15T07:39:29","date_gmt":"2025-05-15T05:39:29","guid":{"rendered":"https:\/\/med.tattoo\/produkt\/medprox-alese-de-protection-59-50-long-80pcs-noir-1pc\/"},"modified":"2025-05-15T07:39:29","modified_gmt":"2025-05-15T05:39:29","slug":"medprox-alese-de-protection-59-50-long-80pcs-noir-1pc","status":"publish","type":"product","link":"https:\/\/med.tattoo\/fr\/produit\/medprox-alese-de-protection-59-50-long-80pcs-noir-1pc\/","title":{"rendered":"Medprox al\u00e8se de protection 59\/50 long 80pcs noir 1pc"},"content":{"rendered":"<p>Protections hygi\u00e9niques MEDPROX \u00ae COMFORT<\/p>\n<p>Ils sont con\u00e7us pour assurer la s\u00e9curit\u00e9 et le confort des patients en maintenant et en pr\u00e9servant des conditions d&rsquo;hygi\u00e8ne ad\u00e9quates et en pr\u00e9venant l&rsquo;apparition d&rsquo;infections p\u00e9riop\u00e9ratoires.<\/p>\n<p>Ils sont recommand\u00e9s pour une utilisation dans :<\/p>\n<p>h\u00f4pitaux,<br \/>\ncliniques,<br \/>\nsoins de sant\u00e9<br \/>\nsalons de beaut\u00e9,<br \/>\nmaisons de repos<br \/>\nou \u00e0 domicile.<br \/>\nLa sous-couche est fabriqu\u00e9e \u00e0 partir d&rsquo;un tissu hygi\u00e9nique \u00e0 deux couches<br \/>\n(100 % cellulose) sur la face sup\u00e9rieure. La face inf\u00e9rieure est constitu\u00e9e d&rsquo;une solide couche de film de poly\u00e9thyl\u00e8ne, qui est imperm\u00e9able et assure l&rsquo;adh\u00e9rence de la compresse. <\/p>\n<p>Les al\u00e8ses hygi\u00e9niques MEDPROX\u00ae COMFORT sont destin\u00e9es \u00e0 prot\u00e9ger :<br \/>\nles patients, le mobilier, l&rsquo;\u00e9quipement et les appareils m\u00e9dicaux contre la contamination survenant au cours des services ou des traitements m\u00e9dicaux,<br \/>\nles patients, le mobilier, l&rsquo;\u00e9quipement et les appareils m\u00e9dicaux contre la contamination causant des maladies survenant au cours des services ou des traitements m\u00e9dicaux.<br \/>\nIls peuvent \u00eatre utilis\u00e9s dans les h\u00f4pitaux, les cliniques ambulatoires, les \u00e9tablissements m\u00e9dicaux, y compris les cabinets m\u00e9dicaux, les cabinets dentaires, les cabinets de physioth\u00e9rapie, les cabinets de r\u00e9\u00e9ducation, ainsi que dans les \u00e9tablissements de soins ou \u00e0 domicile dans le cadre de la prestation de services ou de l&rsquo;ex\u00e9cution d&rsquo;actes m\u00e9dicaux.<\/p>\n<p>Ils sont recommand\u00e9s pour une utilisation sur : les fauteuils de soins, les fauteuils gyn\u00e9cologiques, les fauteuils dentaires, les divans de soins, les tables des cabinets m\u00e9dicaux, des cabinets de kin\u00e9sith\u00e9rapie, des cabinets de r\u00e9\u00e9ducation, les tables des cabinets d&rsquo;examen p\u00e9diatrique et infantile, etc.<\/p>\n","protected":false},"excerpt":{"rendered":"<p>Protections hygi\u00e9niques MEDPROX \u00ae COMFORT Ils sont con\u00e7us pour assurer la s\u00e9curit\u00e9 et le confort des patients en maintenant et en pr\u00e9servant des conditions d&rsquo;hygi\u00e8ne ad\u00e9quates et en pr\u00e9venant l&rsquo;apparition d&rsquo;infections p\u00e9riop\u00e9ratoires. Ils sont recommand\u00e9s pour une utilisation dans : h\u00f4pitaux, cliniques, soins de sant\u00e9 salons de beaut\u00e9, maisons de repos ou \u00e0 domicile. La [&hellip;]<\/p>\n","protected":false},"featured_media":8378,"comment_status":"closed","ping_status":"open","template":"","meta":{"site-sidebar-layout":"default","site-content-layout":"","ast-site-content-layout":"default","site-content-style":"default","site-sidebar-style":"default","ast-global-header-display":"","ast-banner-title-visibility":"","ast-main-header-display":"","ast-hfb-above-header-display":"","ast-hfb-below-header-display":"","ast-hfb-mobile-header-display":"","site-post-title":"","ast-breadcrumbs-content":"","ast-featured-img":"","footer-sml-layout":"","ast-disable-related-posts":"","theme-transparent-header-meta":"","adv-header-id-meta":"","stick-header-meta":"","header-above-stick-meta":"","header-main-stick-meta":"","header-below-stick-meta":"","astra-migrate-meta-layouts":"default","ast-page-background-enabled":"default","ast-page-background-meta":{"desktop":{"background-color":"var(--ast-global-color-4)","background-image":"","background-repeat":"repeat","background-position":"center center","background-size":"auto","background-attachment":"scroll","background-type":"","background-media":"","overlay-type":"","overlay-color":"","overlay-opacity":"","overlay-gradient":""},"tablet":{"background-color":"","background-image":"","background-repeat":"repeat","background-position":"center center","background-size":"auto","background-attachment":"scroll","background-type":"","background-media":"","overlay-type":"","overlay-color":"","overlay-opacity":"","overlay-gradient":""},"mobile":{"background-color":"","background-image":"","background-repeat":"repeat","background-position":"center center","background-size":"auto","background-attachment":"scroll","background-type":"","background-media":"","overlay-type":"","overlay-color":"","overlay-opacity":"","overlay-gradient":""}},"ast-content-background-meta":{"desktop":{"background-color":"var(--ast-global-color-5)","background-image":"","background-repeat":"repeat","background-position":"center center","background-size":"auto","background-attachment":"scroll","background-type":"","background-media":"","overlay-type":"","overlay-color":"","overlay-opacity":"","overlay-gradient":""},"tablet":{"background-color":"var(--ast-global-color-5)","background-image":"","background-repeat":"repeat","background-position":"center center","background-size":"auto","background-attachment":"scroll","background-type":"","background-media":"","overlay-type":"","overlay-color":"","overlay-opacity":"","overlay-gradient":""},"mobile":{"background-color":"var(--ast-global-color-5)","background-image":"","background-repeat":"repeat","background-position":"center center","background-size":"auto","background-attachment":"scroll","background-type":"","background-media":"","overlay-type":"","overlay-color":"","overlay-opacity":"","overlay-gradient":""}}},"product_brand":[],"product_cat":[91],"product_tag":[],"class_list":{"0":"post-9614","1":"product","2":"type-product","3":"status-publish","4":"has-post-thumbnail","6":"product_cat-med-tattoo-fr","7":"desktop-align-left","8":"tablet-align-left","9":"mobile-align-left","10":"ast-product-gallery-layout-horizontal-slider","11":"ast-product-gallery-with-no-image","12":"ast-product-tabs-layout-distributed","14":"first","15":"instock","16":"purchasable","17":"product-type-simple"},"yoast_head":"<!-- This site is optimized with the Yoast SEO plugin v27.5 - https:\/\/yoast.com\/product\/yoast-seo-wordpress\/ -->\n<title>Medprox al\u00e8se de protection 59\/50 long 80pcs noir 1pc - MED.TATTOO<\/title>\n<meta name=\"robots\" content=\"index, follow, max-snippet:-1, max-image-preview:large, max-video-preview:-1\" \/>\n<link rel=\"canonical\" href=\"https:\/\/med.tattoo\/fr\/produit\/medprox-alese-de-protection-59-50-long-80pcs-noir-1pc\/\" \/>\n<meta property=\"og:locale\" content=\"fr_FR\" \/>\n<meta property=\"og:type\" content=\"article\" \/>\n<meta property=\"og:title\" content=\"Medprox al\u00e8se de protection 59\/50 long 80pcs noir 1pc - MED.TATTOO\" \/>\n<meta property=\"og:description\" content=\"Protections hygi\u00e9niques MEDPROX \u00ae COMFORT Ils sont con\u00e7us pour assurer la s\u00e9curit\u00e9 et le confort des patients en maintenant et en pr\u00e9servant des conditions d&rsquo;hygi\u00e8ne ad\u00e9quates et en pr\u00e9venant l&rsquo;apparition d&rsquo;infections p\u00e9riop\u00e9ratoires. Ils sont recommand\u00e9s pour une utilisation dans : h\u00f4pitaux, cliniques, soins de sant\u00e9 salons de beaut\u00e9, maisons de repos ou \u00e0 domicile. La [&hellip;]\" \/>\n<meta property=\"og:url\" content=\"https:\/\/med.tattoo\/fr\/produit\/medprox-alese-de-protection-59-50-long-80pcs-noir-1pc\/\" \/>\n<meta property=\"og:site_name\" content=\"MED.TATTOO\" \/>\n<meta property=\"article:publisher\" content=\"https:\/\/www.facebook.com\/profile.php?id=100084366705613\" \/>\n<meta name=\"twitter:card\" content=\"summary_large_image\" \/>\n<meta name=\"twitter:label1\" content=\"Dur\u00e9e de lecture estim\u00e9e\" \/>\n\t<meta name=\"twitter:data1\" content=\"1 minute\" \/>\n<script type=\"application\/ld+json\" class=\"yoast-schema-graph\">{\"@context\":\"https:\\\/\\\/schema.org\",\"@graph\":[{\"@type\":\"WebPage\",\"@id\":\"https:\\\/\\\/med.tattoo\\\/fr\\\/produit\\\/medprox-alese-de-protection-59-50-long-80pcs-noir-1pc\\\/\",\"url\":\"https:\\\/\\\/med.tattoo\\\/fr\\\/produit\\\/medprox-alese-de-protection-59-50-long-80pcs-noir-1pc\\\/\",\"name\":\"Medprox al\u00e8se de protection 59\\\/50 long 80pcs noir 1pc - MED.TATTOO\",\"isPartOf\":{\"@id\":\"https:\\\/\\\/med.tattoo\\\/fr\\\/#website\"},\"primaryImageOfPage\":{\"@id\":\"https:\\\/\\\/med.tattoo\\\/fr\\\/produit\\\/medprox-alese-de-protection-59-50-long-80pcs-noir-1pc\\\/#primaryimage\"},\"image\":{\"@id\":\"https:\\\/\\\/med.tattoo\\\/fr\\\/produit\\\/medprox-alese-de-protection-59-50-long-80pcs-noir-1pc\\\/#primaryimage\"},\"thumbnailUrl\":\"https:\\\/\\\/med.tattoo\\\/wp-content\\\/uploads\\\/2025\\\/05\\\/1242_podklad-ochronny-medprox-podfoliowany-59-50-czarny_1744006853.png\",\"datePublished\":\"2025-05-15T05:39:29+00:00\",\"breadcrumb\":{\"@id\":\"https:\\\/\\\/med.tattoo\\\/fr\\\/produit\\\/medprox-alese-de-protection-59-50-long-80pcs-noir-1pc\\\/#breadcrumb\"},\"inLanguage\":\"fr-FR\",\"potentialAction\":[{\"@type\":\"ReadAction\",\"target\":[\"https:\\\/\\\/med.tattoo\\\/fr\\\/produit\\\/medprox-alese-de-protection-59-50-long-80pcs-noir-1pc\\\/\"]}]},{\"@type\":\"ImageObject\",\"inLanguage\":\"fr-FR\",\"@id\":\"https:\\\/\\\/med.tattoo\\\/fr\\\/produit\\\/medprox-alese-de-protection-59-50-long-80pcs-noir-1pc\\\/#primaryimage\",\"url\":\"https:\\\/\\\/med.tattoo\\\/wp-content\\\/uploads\\\/2025\\\/05\\\/1242_podklad-ochronny-medprox-podfoliowany-59-50-czarny_1744006853.png\",\"contentUrl\":\"https:\\\/\\\/med.tattoo\\\/wp-content\\\/uploads\\\/2025\\\/05\\\/1242_podklad-ochronny-medprox-podfoliowany-59-50-czarny_1744006853.png\",\"width\":537,\"height\":296},{\"@type\":\"BreadcrumbList\",\"@id\":\"https:\\\/\\\/med.tattoo\\\/fr\\\/produit\\\/medprox-alese-de-protection-59-50-long-80pcs-noir-1pc\\\/#breadcrumb\",\"itemListElement\":[{\"@type\":\"ListItem\",\"position\":1,\"name\":\"Strona G\u0142\u00f3wna\",\"item\":\"https:\\\/\\\/med.tattoo\\\/fr\\\/\"},{\"@type\":\"ListItem\",\"position\":2,\"name\":\"Boutique\",\"item\":\"https:\\\/\\\/med.tattoo\\\/fr\\\/boutique\\\/\"},{\"@type\":\"ListItem\",\"position\":3,\"name\":\"Medprox al\u00e8se de protection 59\\\/50 long 80pcs noir 1pc\"}]},{\"@type\":\"WebSite\",\"@id\":\"https:\\\/\\\/med.tattoo\\\/fr\\\/#website\",\"url\":\"https:\\\/\\\/med.tattoo\\\/fr\\\/\",\"name\":\"MED.TATTOO\",\"description\":\"Wszystko dla Twojego tatua\u017cu\",\"publisher\":{\"@id\":\"https:\\\/\\\/med.tattoo\\\/fr\\\/#organization\"},\"potentialAction\":[{\"@type\":\"SearchAction\",\"target\":{\"@type\":\"EntryPoint\",\"urlTemplate\":\"https:\\\/\\\/med.tattoo\\\/fr\\\/?s={search_term_string}\"},\"query-input\":{\"@type\":\"PropertyValueSpecification\",\"valueRequired\":true,\"valueName\":\"search_term_string\"}}],\"inLanguage\":\"fr-FR\"},{\"@type\":\"Organization\",\"@id\":\"https:\\\/\\\/med.tattoo\\\/fr\\\/#organization\",\"name\":\"MED.TATTOO\",\"url\":\"https:\\\/\\\/med.tattoo\\\/fr\\\/\",\"logo\":{\"@type\":\"ImageObject\",\"inLanguage\":\"fr-FR\",\"@id\":\"https:\\\/\\\/med.tattoo\\\/fr\\\/#\\\/schema\\\/logo\\\/image\\\/\",\"url\":\"https:\\\/\\\/med.tattoo\\\/wp-content\\\/uploads\\\/2025\\\/05\\\/Bez-tytulu-600S300-px-1-e1658908183800.png\",\"contentUrl\":\"https:\\\/\\\/med.tattoo\\\/wp-content\\\/uploads\\\/2025\\\/05\\\/Bez-tytulu-600S300-px-1-e1658908183800.png\",\"width\":600,\"height\":61,\"caption\":\"MED.TATTOO\"},\"image\":{\"@id\":\"https:\\\/\\\/med.tattoo\\\/fr\\\/#\\\/schema\\\/logo\\\/image\\\/\"},\"sameAs\":[\"https:\\\/\\\/www.facebook.com\\\/profile.php?id=100084366705613\",\"https:\\\/\\\/www.instagram.com\\\/med.tattoo_official\\\/\"]}]}<\/script>\n<!-- \/ Yoast SEO plugin. -->","yoast_head_json":{"title":"Medprox al\u00e8se de protection 59\/50 long 80pcs noir 1pc - MED.TATTOO","robots":{"index":"index","follow":"follow","max-snippet":"max-snippet:-1","max-image-preview":"max-image-preview:large","max-video-preview":"max-video-preview:-1"},"canonical":"https:\/\/med.tattoo\/fr\/produit\/medprox-alese-de-protection-59-50-long-80pcs-noir-1pc\/","og_locale":"fr_FR","og_type":"article","og_title":"Medprox al\u00e8se de protection 59\/50 long 80pcs noir 1pc - MED.TATTOO","og_description":"Protections hygi\u00e9niques MEDPROX \u00ae COMFORT Ils sont con\u00e7us pour assurer la s\u00e9curit\u00e9 et le confort des patients en maintenant et en pr\u00e9servant des conditions d&rsquo;hygi\u00e8ne ad\u00e9quates et en pr\u00e9venant l&rsquo;apparition d&rsquo;infections p\u00e9riop\u00e9ratoires. Ils sont recommand\u00e9s pour une utilisation dans : h\u00f4pitaux, cliniques, soins de sant\u00e9 salons de beaut\u00e9, maisons de repos ou \u00e0 domicile. La [&hellip;]","og_url":"https:\/\/med.tattoo\/fr\/produit\/medprox-alese-de-protection-59-50-long-80pcs-noir-1pc\/","og_site_name":"MED.TATTOO","article_publisher":"https:\/\/www.facebook.com\/profile.php?id=100084366705613","twitter_card":"summary_large_image","twitter_misc":{"Dur\u00e9e de lecture estim\u00e9e":"1 minute"},"schema":{"@context":"https:\/\/schema.org","@graph":[{"@type":"WebPage","@id":"https:\/\/med.tattoo\/fr\/produit\/medprox-alese-de-protection-59-50-long-80pcs-noir-1pc\/","url":"https:\/\/med.tattoo\/fr\/produit\/medprox-alese-de-protection-59-50-long-80pcs-noir-1pc\/","name":"Medprox al\u00e8se de protection 59\/50 long 80pcs noir 1pc - MED.TATTOO","isPartOf":{"@id":"https:\/\/med.tattoo\/fr\/#website"},"primaryImageOfPage":{"@id":"https:\/\/med.tattoo\/fr\/produit\/medprox-alese-de-protection-59-50-long-80pcs-noir-1pc\/#primaryimage"},"image":{"@id":"https:\/\/med.tattoo\/fr\/produit\/medprox-alese-de-protection-59-50-long-80pcs-noir-1pc\/#primaryimage"},"thumbnailUrl":"https:\/\/med.tattoo\/wp-content\/uploads\/2025\/05\/1242_podklad-ochronny-medprox-podfoliowany-59-50-czarny_1744006853.png","datePublished":"2025-05-15T05:39:29+00:00","breadcrumb":{"@id":"https:\/\/med.tattoo\/fr\/produit\/medprox-alese-de-protection-59-50-long-80pcs-noir-1pc\/#breadcrumb"},"inLanguage":"fr-FR","potentialAction":[{"@type":"ReadAction","target":["https:\/\/med.tattoo\/fr\/produit\/medprox-alese-de-protection-59-50-long-80pcs-noir-1pc\/"]}]},{"@type":"ImageObject","inLanguage":"fr-FR","@id":"https:\/\/med.tattoo\/fr\/produit\/medprox-alese-de-protection-59-50-long-80pcs-noir-1pc\/#primaryimage","url":"https:\/\/med.tattoo\/wp-content\/uploads\/2025\/05\/1242_podklad-ochronny-medprox-podfoliowany-59-50-czarny_1744006853.png","contentUrl":"https:\/\/med.tattoo\/wp-content\/uploads\/2025\/05\/1242_podklad-ochronny-medprox-podfoliowany-59-50-czarny_1744006853.png","width":537,"height":296},{"@type":"BreadcrumbList","@id":"https:\/\/med.tattoo\/fr\/produit\/medprox-alese-de-protection-59-50-long-80pcs-noir-1pc\/#breadcrumb","itemListElement":[{"@type":"ListItem","position":1,"name":"Strona G\u0142\u00f3wna","item":"https:\/\/med.tattoo\/fr\/"},{"@type":"ListItem","position":2,"name":"Boutique","item":"https:\/\/med.tattoo\/fr\/boutique\/"},{"@type":"ListItem","position":3,"name":"Medprox al\u00e8se de protection 59\/50 long 80pcs noir 1pc"}]},{"@type":"WebSite","@id":"https:\/\/med.tattoo\/fr\/#website","url":"https:\/\/med.tattoo\/fr\/","name":"MED.TATTOO","description":"Wszystko dla Twojego tatua\u017cu","publisher":{"@id":"https:\/\/med.tattoo\/fr\/#organization"},"potentialAction":[{"@type":"SearchAction","target":{"@type":"EntryPoint","urlTemplate":"https:\/\/med.tattoo\/fr\/?s={search_term_string}"},"query-input":{"@type":"PropertyValueSpecification","valueRequired":true,"valueName":"search_term_string"}}],"inLanguage":"fr-FR"},{"@type":"Organization","@id":"https:\/\/med.tattoo\/fr\/#organization","name":"MED.TATTOO","url":"https:\/\/med.tattoo\/fr\/","logo":{"@type":"ImageObject","inLanguage":"fr-FR","@id":"https:\/\/med.tattoo\/fr\/#\/schema\/logo\/image\/","url":"https:\/\/med.tattoo\/wp-content\/uploads\/2025\/05\/Bez-tytulu-600S300-px-1-e1658908183800.png","contentUrl":"https:\/\/med.tattoo\/wp-content\/uploads\/2025\/05\/Bez-tytulu-600S300-px-1-e1658908183800.png","width":600,"height":61,"caption":"MED.TATTOO"},"image":{"@id":"https:\/\/med.tattoo\/fr\/#\/schema\/logo\/image\/"},"sameAs":["https:\/\/www.facebook.com\/profile.php?id=100084366705613","https:\/\/www.instagram.com\/med.tattoo_official\/"]}]}},"_links":{"self":[{"href":"https:\/\/med.tattoo\/fr\/wp-json\/wp\/v2\/product\/9614","targetHints":{"allow":["GET"]}}],"collection":[{"href":"https:\/\/med.tattoo\/fr\/wp-json\/wp\/v2\/product"}],"about":[{"href":"https:\/\/med.tattoo\/fr\/wp-json\/wp\/v2\/types\/product"}],"replies":[{"embeddable":true,"href":"https:\/\/med.tattoo\/fr\/wp-json\/wp\/v2\/comments?post=9614"}],"wp:featuredmedia":[{"embeddable":true,"href":"https:\/\/med.tattoo\/fr\/wp-json\/wp\/v2\/media\/8378"}],"wp:attachment":[{"href":"https:\/\/med.tattoo\/fr\/wp-json\/wp\/v2\/media?parent=9614"}],"wp:term":[{"taxonomy":"product_brand","embeddable":true,"href":"https:\/\/med.tattoo\/fr\/wp-json\/wp\/v2\/product_brand?post=9614"},{"taxonomy":"product_cat","embeddable":true,"href":"https:\/\/med.tattoo\/fr\/wp-json\/wp\/v2\/product_cat?post=9614"},{"taxonomy":"product_tag","embeddable":true,"href":"https:\/\/med.tattoo\/fr\/wp-json\/wp\/v2\/product_tag?post=9614"}],"curies":[{"name":"wp","href":"https:\/\/api.w.org\/{rel}","templated":true}]}}