{"id":9661,"date":"2025-05-15T07:20:32","date_gmt":"2025-05-15T05:20:32","guid":{"rendered":"https:\/\/med.tattoo\/produkt\/med-tattoo-dermafix-10cm-10m-film-de-protection-pour-tatouage\/"},"modified":"2025-05-15T07:20:32","modified_gmt":"2025-05-15T05:20:32","slug":"med-tattoo-dermafix-10cm-10m-film-de-protection-pour-tatouage","status":"publish","type":"product","link":"https:\/\/med.tattoo\/fr\/produit\/med-tattoo-dermafix-10cm-10m-film-de-protection-pour-tatouage\/","title":{"rendered":"MED.TATTOO DERMAFIX 10cm* 10m film de protection pour tatouage"},"content":{"rendered":"<p>DERMAFIX est un dispositif m\u00e9dical &#8211; un pansement occlusif compos\u00e9 d&rsquo;un film de polyur\u00e9thane fin, flexible et souple. Commun\u00e9ment appel\u00e9 SecondSkin, il s&rsquo;adapte parfaitement aux contours du corps et prot\u00e8ge ainsi la peau tatou\u00e9e des infections et des irritations.  Il est transparent, ce qui permet d&rsquo;observer le tatouage en cours de cicatrisation sans avoir \u00e0 retirer le pansement.<\/p>\n<p>DERMAFIX est perm\u00e9able \u00e0 la vapeur et \u00e0 l&rsquo;air, ce qui permet \u00e0 la peau de respirer. Il fournit un environnement parfait pour la peau, en maintenant l&rsquo;humidit\u00e9 et la temp\u00e9rature ad\u00e9quates pour favoriser la cicatrisation de la plaie. DERMAFIX constitue une barri\u00e8re contre les micro-organismes, minimisant ainsi le risque d&rsquo;infection.  <\/p>\n<p>Disponible en diff\u00e9rentes tailles, rouleaux : 10cm*10m, 15cm*10m et feuilles 10*15 cm emball\u00e9es en 10 pi\u00e8ces.<\/p>\n","protected":false},"excerpt":{"rendered":"<p>DERMAFIX est un dispositif m\u00e9dical &#8211; un pansement occlusif compos\u00e9 d&rsquo;un film de polyur\u00e9thane fin, flexible et souple. Commun\u00e9ment appel\u00e9 SecondSkin, il s&rsquo;adapte parfaitement aux contours du corps et prot\u00e8ge ainsi la peau tatou\u00e9e des infections et des irritations. Il est transparent, ce qui permet d&rsquo;observer le tatouage en cours de cicatrisation sans avoir \u00e0 [&hellip;]<\/p>\n","protected":false},"featured_media":7273,"comment_status":"closed","ping_status":"open","template":"","meta":{"site-sidebar-layout":"default","site-content-layout":"","ast-site-content-layout":"default","site-content-style":"default","site-sidebar-style":"default","ast-global-header-display":"","ast-banner-title-visibility":"","ast-main-header-display":"","ast-hfb-above-header-display":"","ast-hfb-below-header-display":"","ast-hfb-mobile-header-display":"","site-post-title":"","ast-breadcrumbs-content":"","ast-featured-img":"","footer-sml-layout":"","ast-disable-related-posts":"","theme-transparent-header-meta":"","adv-header-id-meta":"","stick-header-meta":"","header-above-stick-meta":"","header-main-stick-meta":"","header-below-stick-meta":"","astra-migrate-meta-layouts":"default","ast-page-background-enabled":"default","ast-page-background-meta":{"desktop":{"background-color":"var(--ast-global-color-4)","background-image":"","background-repeat":"repeat","background-position":"center center","background-size":"auto","background-attachment":"scroll","background-type":"","background-media":"","overlay-type":"","overlay-color":"","overlay-opacity":"","overlay-gradient":""},"tablet":{"background-color":"","background-image":"","background-repeat":"repeat","background-position":"center center","background-size":"auto","background-attachment":"scroll","background-type":"","background-media":"","overlay-type":"","overlay-color":"","overlay-opacity":"","overlay-gradient":""},"mobile":{"background-color":"","background-image":"","background-repeat":"repeat","background-position":"center center","background-size":"auto","background-attachment":"scroll","background-type":"","background-media":"","overlay-type":"","overlay-color":"","overlay-opacity":"","overlay-gradient":""}},"ast-content-background-meta":{"desktop":{"background-color":"var(--ast-global-color-5)","background-image":"","background-repeat":"repeat","background-position":"center center","background-size":"auto","background-attachment":"scroll","background-type":"","background-media":"","overlay-type":"","overlay-color":"","overlay-opacity":"","overlay-gradient":""},"tablet":{"background-color":"var(--ast-global-color-5)","background-image":"","background-repeat":"repeat","background-position":"center center","background-size":"auto","background-attachment":"scroll","background-type":"","background-media":"","overlay-type":"","overlay-color":"","overlay-opacity":"","overlay-gradient":""},"mobile":{"background-color":"var(--ast-global-color-5)","background-image":"","background-repeat":"repeat","background-position":"center center","background-size":"auto","background-attachment":"scroll","background-type":"","background-media":"","overlay-type":"","overlay-color":"","overlay-opacity":"","overlay-gradient":""}}},"product_brand":[],"product_cat":[91],"product_tag":[],"class_list":{"0":"post-9661","1":"product","2":"type-product","3":"status-publish","4":"has-post-thumbnail","6":"product_cat-med-tattoo-fr","7":"desktop-align-left","8":"tablet-align-left","9":"mobile-align-left","10":"ast-product-gallery-layout-horizontal-slider","11":"ast-product-gallery-with-no-image","12":"ast-product-tabs-layout-distributed","14":"first","15":"instock","16":"purchasable","17":"product-type-simple"},"yoast_head":"<!-- This site is optimized with the Yoast SEO plugin v27.4 - https:\/\/yoast.com\/product\/yoast-seo-wordpress\/ -->\n<title>MED.TATTOO DERMAFIX 10cm* 10m film de protection pour tatouage - MED.TATTOO<\/title>\n<meta name=\"robots\" content=\"index, follow, max-snippet:-1, max-image-preview:large, max-video-preview:-1\" \/>\n<link rel=\"canonical\" href=\"https:\/\/med.tattoo\/fr\/produit\/med-tattoo-dermafix-10cm-10m-film-de-protection-pour-tatouage\/\" \/>\n<meta property=\"og:locale\" content=\"fr_FR\" \/>\n<meta property=\"og:type\" content=\"article\" \/>\n<meta property=\"og:title\" content=\"MED.TATTOO DERMAFIX 10cm* 10m film de protection pour tatouage - MED.TATTOO\" \/>\n<meta property=\"og:description\" content=\"DERMAFIX est un dispositif m\u00e9dical &#8211; un pansement occlusif compos\u00e9 d&rsquo;un film de polyur\u00e9thane fin, flexible et souple. Commun\u00e9ment appel\u00e9 SecondSkin, il s&rsquo;adapte parfaitement aux contours du corps et prot\u00e8ge ainsi la peau tatou\u00e9e des infections et des irritations. Il est transparent, ce qui permet d&rsquo;observer le tatouage en cours de cicatrisation sans avoir \u00e0 [&hellip;]\" \/>\n<meta property=\"og:url\" content=\"https:\/\/med.tattoo\/fr\/produit\/med-tattoo-dermafix-10cm-10m-film-de-protection-pour-tatouage\/\" \/>\n<meta property=\"og:site_name\" content=\"MED.TATTOO\" \/>\n<meta property=\"article:publisher\" content=\"https:\/\/www.facebook.com\/profile.php?id=100084366705613\" \/>\n<meta name=\"twitter:card\" content=\"summary_large_image\" \/>\n<meta name=\"twitter:label1\" content=\"Dur\u00e9e de lecture estim\u00e9e\" \/>\n\t<meta name=\"twitter:data1\" content=\"1 minute\" \/>\n<script type=\"application\/ld+json\" class=\"yoast-schema-graph\">{\"@context\":\"https:\\\/\\\/schema.org\",\"@graph\":[{\"@type\":\"WebPage\",\"@id\":\"https:\\\/\\\/med.tattoo\\\/fr\\\/produit\\\/med-tattoo-dermafix-10cm-10m-film-de-protection-pour-tatouage\\\/\",\"url\":\"https:\\\/\\\/med.tattoo\\\/fr\\\/produit\\\/med-tattoo-dermafix-10cm-10m-film-de-protection-pour-tatouage\\\/\",\"name\":\"MED.TATTOO DERMAFIX 10cm* 10m film de protection pour tatouage - MED.TATTOO\",\"isPartOf\":{\"@id\":\"https:\\\/\\\/med.tattoo\\\/fr\\\/#website\"},\"primaryImageOfPage\":{\"@id\":\"https:\\\/\\\/med.tattoo\\\/fr\\\/produit\\\/med-tattoo-dermafix-10cm-10m-film-de-protection-pour-tatouage\\\/#primaryimage\"},\"image\":{\"@id\":\"https:\\\/\\\/med.tattoo\\\/fr\\\/produit\\\/med-tattoo-dermafix-10cm-10m-film-de-protection-pour-tatouage\\\/#primaryimage\"},\"thumbnailUrl\":\"https:\\\/\\\/med.tattoo\\\/wp-content\\\/uploads\\\/2025\\\/05\\\/265_med.tattoo-dermafix-10cm-10m-folia-ochronn_1742990451.jpg\",\"datePublished\":\"2025-05-15T05:20:32+00:00\",\"breadcrumb\":{\"@id\":\"https:\\\/\\\/med.tattoo\\\/fr\\\/produit\\\/med-tattoo-dermafix-10cm-10m-film-de-protection-pour-tatouage\\\/#breadcrumb\"},\"inLanguage\":\"fr-FR\",\"potentialAction\":[{\"@type\":\"ReadAction\",\"target\":[\"https:\\\/\\\/med.tattoo\\\/fr\\\/produit\\\/med-tattoo-dermafix-10cm-10m-film-de-protection-pour-tatouage\\\/\"]}]},{\"@type\":\"ImageObject\",\"inLanguage\":\"fr-FR\",\"@id\":\"https:\\\/\\\/med.tattoo\\\/fr\\\/produit\\\/med-tattoo-dermafix-10cm-10m-film-de-protection-pour-tatouage\\\/#primaryimage\",\"url\":\"https:\\\/\\\/med.tattoo\\\/wp-content\\\/uploads\\\/2025\\\/05\\\/265_med.tattoo-dermafix-10cm-10m-folia-ochronn_1742990451.jpg\",\"contentUrl\":\"https:\\\/\\\/med.tattoo\\\/wp-content\\\/uploads\\\/2025\\\/05\\\/265_med.tattoo-dermafix-10cm-10m-folia-ochronn_1742990451.jpg\",\"width\":1200,\"height\":703},{\"@type\":\"BreadcrumbList\",\"@id\":\"https:\\\/\\\/med.tattoo\\\/fr\\\/produit\\\/med-tattoo-dermafix-10cm-10m-film-de-protection-pour-tatouage\\\/#breadcrumb\",\"itemListElement\":[{\"@type\":\"ListItem\",\"position\":1,\"name\":\"Strona G\u0142\u00f3wna\",\"item\":\"https:\\\/\\\/med.tattoo\\\/fr\\\/\"},{\"@type\":\"ListItem\",\"position\":2,\"name\":\"Boutique\",\"item\":\"https:\\\/\\\/med.tattoo\\\/fr\\\/boutique\\\/\"},{\"@type\":\"ListItem\",\"position\":3,\"name\":\"MED.TATTOO DERMAFIX 10cm* 10m film de protection pour tatouage\"}]},{\"@type\":\"WebSite\",\"@id\":\"https:\\\/\\\/med.tattoo\\\/fr\\\/#website\",\"url\":\"https:\\\/\\\/med.tattoo\\\/fr\\\/\",\"name\":\"MED.TATTOO\",\"description\":\"Wszystko dla Twojego tatua\u017cu\",\"publisher\":{\"@id\":\"https:\\\/\\\/med.tattoo\\\/fr\\\/#organization\"},\"potentialAction\":[{\"@type\":\"SearchAction\",\"target\":{\"@type\":\"EntryPoint\",\"urlTemplate\":\"https:\\\/\\\/med.tattoo\\\/fr\\\/?s={search_term_string}\"},\"query-input\":{\"@type\":\"PropertyValueSpecification\",\"valueRequired\":true,\"valueName\":\"search_term_string\"}}],\"inLanguage\":\"fr-FR\"},{\"@type\":\"Organization\",\"@id\":\"https:\\\/\\\/med.tattoo\\\/fr\\\/#organization\",\"name\":\"MED.TATTOO\",\"url\":\"https:\\\/\\\/med.tattoo\\\/fr\\\/\",\"logo\":{\"@type\":\"ImageObject\",\"inLanguage\":\"fr-FR\",\"@id\":\"https:\\\/\\\/med.tattoo\\\/fr\\\/#\\\/schema\\\/logo\\\/image\\\/\",\"url\":\"https:\\\/\\\/med.tattoo\\\/wp-content\\\/uploads\\\/2025\\\/05\\\/Bez-tytulu-600S300-px-1-e1658908183800.png\",\"contentUrl\":\"https:\\\/\\\/med.tattoo\\\/wp-content\\\/uploads\\\/2025\\\/05\\\/Bez-tytulu-600S300-px-1-e1658908183800.png\",\"width\":600,\"height\":61,\"caption\":\"MED.TATTOO\"},\"image\":{\"@id\":\"https:\\\/\\\/med.tattoo\\\/fr\\\/#\\\/schema\\\/logo\\\/image\\\/\"},\"sameAs\":[\"https:\\\/\\\/www.facebook.com\\\/profile.php?id=100084366705613\",\"https:\\\/\\\/www.instagram.com\\\/med.tattoo_official\\\/\"]}]}<\/script>\n<!-- \/ Yoast SEO plugin. -->","yoast_head_json":{"title":"MED.TATTOO DERMAFIX 10cm* 10m film de protection pour tatouage - MED.TATTOO","robots":{"index":"index","follow":"follow","max-snippet":"max-snippet:-1","max-image-preview":"max-image-preview:large","max-video-preview":"max-video-preview:-1"},"canonical":"https:\/\/med.tattoo\/fr\/produit\/med-tattoo-dermafix-10cm-10m-film-de-protection-pour-tatouage\/","og_locale":"fr_FR","og_type":"article","og_title":"MED.TATTOO DERMAFIX 10cm* 10m film de protection pour tatouage - MED.TATTOO","og_description":"DERMAFIX est un dispositif m\u00e9dical &#8211; un pansement occlusif compos\u00e9 d&rsquo;un film de polyur\u00e9thane fin, flexible et souple. Commun\u00e9ment appel\u00e9 SecondSkin, il s&rsquo;adapte parfaitement aux contours du corps et prot\u00e8ge ainsi la peau tatou\u00e9e des infections et des irritations. Il est transparent, ce qui permet d&rsquo;observer le tatouage en cours de cicatrisation sans avoir \u00e0 [&hellip;]","og_url":"https:\/\/med.tattoo\/fr\/produit\/med-tattoo-dermafix-10cm-10m-film-de-protection-pour-tatouage\/","og_site_name":"MED.TATTOO","article_publisher":"https:\/\/www.facebook.com\/profile.php?id=100084366705613","twitter_card":"summary_large_image","twitter_misc":{"Dur\u00e9e de lecture estim\u00e9e":"1 minute"},"schema":{"@context":"https:\/\/schema.org","@graph":[{"@type":"WebPage","@id":"https:\/\/med.tattoo\/fr\/produit\/med-tattoo-dermafix-10cm-10m-film-de-protection-pour-tatouage\/","url":"https:\/\/med.tattoo\/fr\/produit\/med-tattoo-dermafix-10cm-10m-film-de-protection-pour-tatouage\/","name":"MED.TATTOO DERMAFIX 10cm* 10m film de protection pour tatouage - MED.TATTOO","isPartOf":{"@id":"https:\/\/med.tattoo\/fr\/#website"},"primaryImageOfPage":{"@id":"https:\/\/med.tattoo\/fr\/produit\/med-tattoo-dermafix-10cm-10m-film-de-protection-pour-tatouage\/#primaryimage"},"image":{"@id":"https:\/\/med.tattoo\/fr\/produit\/med-tattoo-dermafix-10cm-10m-film-de-protection-pour-tatouage\/#primaryimage"},"thumbnailUrl":"https:\/\/med.tattoo\/wp-content\/uploads\/2025\/05\/265_med.tattoo-dermafix-10cm-10m-folia-ochronn_1742990451.jpg","datePublished":"2025-05-15T05:20:32+00:00","breadcrumb":{"@id":"https:\/\/med.tattoo\/fr\/produit\/med-tattoo-dermafix-10cm-10m-film-de-protection-pour-tatouage\/#breadcrumb"},"inLanguage":"fr-FR","potentialAction":[{"@type":"ReadAction","target":["https:\/\/med.tattoo\/fr\/produit\/med-tattoo-dermafix-10cm-10m-film-de-protection-pour-tatouage\/"]}]},{"@type":"ImageObject","inLanguage":"fr-FR","@id":"https:\/\/med.tattoo\/fr\/produit\/med-tattoo-dermafix-10cm-10m-film-de-protection-pour-tatouage\/#primaryimage","url":"https:\/\/med.tattoo\/wp-content\/uploads\/2025\/05\/265_med.tattoo-dermafix-10cm-10m-folia-ochronn_1742990451.jpg","contentUrl":"https:\/\/med.tattoo\/wp-content\/uploads\/2025\/05\/265_med.tattoo-dermafix-10cm-10m-folia-ochronn_1742990451.jpg","width":1200,"height":703},{"@type":"BreadcrumbList","@id":"https:\/\/med.tattoo\/fr\/produit\/med-tattoo-dermafix-10cm-10m-film-de-protection-pour-tatouage\/#breadcrumb","itemListElement":[{"@type":"ListItem","position":1,"name":"Strona G\u0142\u00f3wna","item":"https:\/\/med.tattoo\/fr\/"},{"@type":"ListItem","position":2,"name":"Boutique","item":"https:\/\/med.tattoo\/fr\/boutique\/"},{"@type":"ListItem","position":3,"name":"MED.TATTOO DERMAFIX 10cm* 10m film de protection pour tatouage"}]},{"@type":"WebSite","@id":"https:\/\/med.tattoo\/fr\/#website","url":"https:\/\/med.tattoo\/fr\/","name":"MED.TATTOO","description":"Wszystko dla Twojego tatua\u017cu","publisher":{"@id":"https:\/\/med.tattoo\/fr\/#organization"},"potentialAction":[{"@type":"SearchAction","target":{"@type":"EntryPoint","urlTemplate":"https:\/\/med.tattoo\/fr\/?s={search_term_string}"},"query-input":{"@type":"PropertyValueSpecification","valueRequired":true,"valueName":"search_term_string"}}],"inLanguage":"fr-FR"},{"@type":"Organization","@id":"https:\/\/med.tattoo\/fr\/#organization","name":"MED.TATTOO","url":"https:\/\/med.tattoo\/fr\/","logo":{"@type":"ImageObject","inLanguage":"fr-FR","@id":"https:\/\/med.tattoo\/fr\/#\/schema\/logo\/image\/","url":"https:\/\/med.tattoo\/wp-content\/uploads\/2025\/05\/Bez-tytulu-600S300-px-1-e1658908183800.png","contentUrl":"https:\/\/med.tattoo\/wp-content\/uploads\/2025\/05\/Bez-tytulu-600S300-px-1-e1658908183800.png","width":600,"height":61,"caption":"MED.TATTOO"},"image":{"@id":"https:\/\/med.tattoo\/fr\/#\/schema\/logo\/image\/"},"sameAs":["https:\/\/www.facebook.com\/profile.php?id=100084366705613","https:\/\/www.instagram.com\/med.tattoo_official\/"]}]}},"_links":{"self":[{"href":"https:\/\/med.tattoo\/fr\/wp-json\/wp\/v2\/product\/9661","targetHints":{"allow":["GET"]}}],"collection":[{"href":"https:\/\/med.tattoo\/fr\/wp-json\/wp\/v2\/product"}],"about":[{"href":"https:\/\/med.tattoo\/fr\/wp-json\/wp\/v2\/types\/product"}],"replies":[{"embeddable":true,"href":"https:\/\/med.tattoo\/fr\/wp-json\/wp\/v2\/comments?post=9661"}],"wp:featuredmedia":[{"embeddable":true,"href":"https:\/\/med.tattoo\/fr\/wp-json\/wp\/v2\/media\/7273"}],"wp:attachment":[{"href":"https:\/\/med.tattoo\/fr\/wp-json\/wp\/v2\/media?parent=9661"}],"wp:term":[{"taxonomy":"product_brand","embeddable":true,"href":"https:\/\/med.tattoo\/fr\/wp-json\/wp\/v2\/product_brand?post=9661"},{"taxonomy":"product_cat","embeddable":true,"href":"https:\/\/med.tattoo\/fr\/wp-json\/wp\/v2\/product_cat?post=9661"},{"taxonomy":"product_tag","embeddable":true,"href":"https:\/\/med.tattoo\/fr\/wp-json\/wp\/v2\/product_tag?post=9661"}],"curies":[{"name":"wp","href":"https:\/\/api.w.org\/{rel}","templated":true}]}}