{"id":9695,"date":"2025-05-15T07:23:41","date_gmt":"2025-05-15T05:23:41","guid":{"rendered":"https:\/\/med.tattoo\/produkt\/bande-adhesive-5cm45m-1pc-elastique-rouge-autocollant\/"},"modified":"2025-05-15T07:23:41","modified_gmt":"2025-05-15T05:23:41","slug":"bande-adhesive-5cm45m-1pc-elastique-rouge-autocollant","status":"publish","type":"product","link":"https:\/\/med.tattoo\/fr\/produit\/bande-adhesive-5cm45m-1pc-elastique-rouge-autocollant\/","title":{"rendered":"Bande adh\u00e9sive 5cm*4,5m 1pc \u00e9lastique rouge, autocollant"},"content":{"rendered":"<p>Un bandage est un bandage \u00e9lastique (qui maintient une tension constante) avec une structure coh\u00e9sive (auto-adh\u00e9sif, qui ne colle qu&rsquo;\u00e0 lui-m\u00eame). Notre bandage \u00e9lastique est fabriqu\u00e9 dans un mat\u00e9riau l\u00e9ger, respirant et durable, respectueux de la peau. Le degr\u00e9 de compression souhait\u00e9 est obtenu au moment de l&rsquo;application. Il n&rsquo;est pas n\u00e9cessaire d&rsquo;utiliser des clips de fixation ou des patchs suppl\u00e9mentaires. La longueur du bandage peut \u00eatre ajust\u00e9e sans utiliser de ciseaux. Il ne laisse pas de traces lorsqu&rsquo;il est retir\u00e9. Gr\u00e2ce \u00e0 ses propri\u00e9t\u00e9s, le bandage \u00e9lastique est adapt\u00e9 aux surfaces irr\u00e9guli\u00e8res. Il emp\u00eache la surchauffe et permet \u00e0 la peau de respirer &#8211; il est perm\u00e9able \u00e0 la vapeur d&rsquo;eau et \u00e0 l&rsquo;air. Il offre confort et commodit\u00e9 pendant l&rsquo;utilisation.        <\/p>\n<p>Dans la production de bandages \u00e9lastiques, nous nous appuyons sur des technologies modernes et des solutions innovantes pour garantir la meilleure qualit\u00e9 possible des produits propos\u00e9s.<\/p>\n<p>Le bandage est disponible en plusieurs couleurs et tailles.<\/p>\n<p>Le bandage est un excellent protecteur de bandage &#8211; il maintient le bandage fermement en place sans risque de d\u00e9placement. Id\u00e9al pour une utilisation apr\u00e8s une blessure.  Il est \u00e9galement utilis\u00e9 pour fabriquer des bandes pour le coude, le poignet, le pied et le genou. La bande \u00e9lastique est \u00e9galement utilis\u00e9e comme protection suppl\u00e9mentaire sous les protecteurs. En contr\u00f4lant la force de compression, la bande \u00e9lastique peut \u00eatre utilis\u00e9e comme bandage de compression pour les maladies veineuses des membres inf\u00e9rieurs. Gr\u00e2ce \u00e0 son application rapide et facile, notre bandage \u00e9lastique peut \u00e9galement \u00eatre utilis\u00e9 pour s\u00e9curiser les dispositifs utilis\u00e9s pour le tatouage, le maquillage permanent et d&rsquo;autres dispositifs m\u00e9dicaux.   <\/p>\n<p>Notre bandage est parfait pour un usage v\u00e9t\u00e9rinaire car il ne colle pas aux cheveux.<br \/>\nApplication :<br \/>\nIl est utilis\u00e9 pour bander le coude, le poignet, le genou et le pied.<br \/>\nLe produit est le plus souvent utilis\u00e9 comme sous-couche sous les pl\u00e2tres, rempla\u00e7ant une \u00e9ponge l\u00e9g\u00e8re, fournissant en outre une stabilisation de la zone.<br \/>\nIl est utilis\u00e9 comme protection suppl\u00e9mentaire sous les coussinets.<br \/>\nIl est \u00e9galement utile dans les zones de flexion fr\u00e9quente, par exemple les articulations.<br \/>\nLe produit est utilis\u00e9 dans le taping sportif. Il contribue \u00e0 am\u00e9liorer l&rsquo;adh\u00e9rence des sparadraps de kin\u00e9sith\u00e9rapie &#8211; il est donc recommand\u00e9 de l&rsquo;utiliser pour augmenter la durabilit\u00e9 et le confort des bandes.<br \/>\nLe bandage est flexible, ce qui le rend id\u00e9al pour les applications sur les zones cutan\u00e9es sujettes \u00e0 une transpiration accrue (par exemple, la paume des mains ou la plante des pieds). Le produit garantit qu&rsquo;il n&rsquo;y a pas d&rsquo;inconfort, mais seulement un confort caus\u00e9 par son application.<br \/>\nIl peut \u00eatre utilis\u00e9 comme bandage de compression et de protection pour les maladies veineuses des membres inf\u00e9rieurs &#8211; pour pr\u00e9venir et traiter les blessures aux muscles, tendons et ligaments.<br \/>\n\u00c9galement utilis\u00e9 comme immobilisation partielle en cas d&rsquo;entorse, pour la fixation de divers pansements, attelles et packs froids et chauds, en cas de gonflement des membres suite \u00e0 une insuffisance circulatoire, pour l&rsquo;application de pansements.<br \/>\nAvantages du bandage :<br \/>\ns&rsquo;applique rapidement et facilement<br \/>\nne colle pas \u00e0 la peau, aux v\u00eatements ou aux pansements<br \/>\nautocollant<br \/>\nemp\u00eache la surchauffe et permet \u00e0 la peau de respirer<br \/>\nflexible<br \/>\nle bandage se retire facilement<br \/>\nne laisse aucune trace apr\u00e8s l&rsquo;enl\u00e8vement<br \/>\nperm\u00e9able \u00e0 la vapeur d&rsquo;eau et \u00e0 l&rsquo;air<br \/>\ncoh\u00e9sif (autocollant) et antid\u00e9rapant<br \/>\npas besoin de pinces ou de pansements<br \/>\noffre confort et commodit\u00e9<br \/>\nmaintient une tension constante (ne se rel\u00e2che pas apr\u00e8s l&rsquo;application)<br \/>\ncoh\u00e9rent des deux c\u00f4t\u00e9s<br \/>\nles parties souhait\u00e9es peuvent \u00eatre facilement et librement s\u00e9par\u00e9es en les arrachant<br \/>\npermet de contr\u00f4ler la r\u00e9sistance \u00e0 la compression<br \/>\nen plusieurs couleurs et motifs gais et en plusieurs tailles<\/p>\n","protected":false},"excerpt":{"rendered":"<p>Un bandage est un bandage \u00e9lastique (qui maintient une tension constante) avec une structure coh\u00e9sive (auto-adh\u00e9sif, qui ne colle qu&rsquo;\u00e0 lui-m\u00eame). Notre bandage \u00e9lastique est fabriqu\u00e9 dans un mat\u00e9riau l\u00e9ger, respirant et durable, respectueux de la peau. Le degr\u00e9 de compression souhait\u00e9 est obtenu au moment de l&rsquo;application. Il n&rsquo;est pas n\u00e9cessaire d&rsquo;utiliser des clips [&hellip;]<\/p>\n","protected":false},"featured_media":7455,"comment_status":"closed","ping_status":"open","template":"","meta":{"site-sidebar-layout":"default","site-content-layout":"","ast-site-content-layout":"default","site-content-style":"default","site-sidebar-style":"default","ast-global-header-display":"","ast-banner-title-visibility":"","ast-main-header-display":"","ast-hfb-above-header-display":"","ast-hfb-below-header-display":"","ast-hfb-mobile-header-display":"","site-post-title":"","ast-breadcrumbs-content":"","ast-featured-img":"","footer-sml-layout":"","ast-disable-related-posts":"","theme-transparent-header-meta":"","adv-header-id-meta":"","stick-header-meta":"","header-above-stick-meta":"","header-main-stick-meta":"","header-below-stick-meta":"","astra-migrate-meta-layouts":"default","ast-page-background-enabled":"default","ast-page-background-meta":{"desktop":{"background-color":"var(--ast-global-color-4)","background-image":"","background-repeat":"repeat","background-position":"center center","background-size":"auto","background-attachment":"scroll","background-type":"","background-media":"","overlay-type":"","overlay-color":"","overlay-opacity":"","overlay-gradient":""},"tablet":{"background-color":"","background-image":"","background-repeat":"repeat","background-position":"center center","background-size":"auto","background-attachment":"scroll","background-type":"","background-media":"","overlay-type":"","overlay-color":"","overlay-opacity":"","overlay-gradient":""},"mobile":{"background-color":"","background-image":"","background-repeat":"repeat","background-position":"center center","background-size":"auto","background-attachment":"scroll","background-type":"","background-media":"","overlay-type":"","overlay-color":"","overlay-opacity":"","overlay-gradient":""}},"ast-content-background-meta":{"desktop":{"background-color":"var(--ast-global-color-5)","background-image":"","background-repeat":"repeat","background-position":"center center","background-size":"auto","background-attachment":"scroll","background-type":"","background-media":"","overlay-type":"","overlay-color":"","overlay-opacity":"","overlay-gradient":""},"tablet":{"background-color":"var(--ast-global-color-5)","background-image":"","background-repeat":"repeat","background-position":"center center","background-size":"auto","background-attachment":"scroll","background-type":"","background-media":"","overlay-type":"","overlay-color":"","overlay-opacity":"","overlay-gradient":""},"mobile":{"background-color":"var(--ast-global-color-5)","background-image":"","background-repeat":"repeat","background-position":"center center","background-size":"auto","background-attachment":"scroll","background-type":"","background-media":"","overlay-type":"","overlay-color":"","overlay-opacity":"","overlay-gradient":""}}},"product_brand":[],"product_cat":[91],"product_tag":[],"class_list":{"0":"post-9695","1":"product","2":"type-product","3":"status-publish","4":"has-post-thumbnail","6":"product_cat-med-tattoo-fr","7":"desktop-align-left","8":"tablet-align-left","9":"mobile-align-left","10":"ast-product-gallery-layout-horizontal-slider","11":"ast-product-gallery-with-no-image","12":"ast-product-tabs-layout-distributed","14":"first","15":"instock","16":"purchasable","17":"product-type-simple"},"yoast_head":"<!-- This site is optimized with the Yoast SEO plugin v27.3 - https:\/\/yoast.com\/product\/yoast-seo-wordpress\/ -->\n<title>Bande adh\u00e9sive 5cm*4,5m 1pc \u00e9lastique rouge, autocollant - MED.TATTOO<\/title>\n<meta name=\"robots\" content=\"index, follow, max-snippet:-1, max-image-preview:large, max-video-preview:-1\" \/>\n<link rel=\"canonical\" href=\"https:\/\/med.tattoo\/fr\/produit\/bande-adhesive-5cm45m-1pc-elastique-rouge-autocollant\/\" \/>\n<meta property=\"og:locale\" content=\"fr_FR\" \/>\n<meta property=\"og:type\" content=\"article\" \/>\n<meta property=\"og:title\" content=\"Bande adh\u00e9sive 5cm*4,5m 1pc \u00e9lastique rouge, autocollant - MED.TATTOO\" \/>\n<meta property=\"og:description\" content=\"Un bandage est un bandage \u00e9lastique (qui maintient une tension constante) avec une structure coh\u00e9sive (auto-adh\u00e9sif, qui ne colle qu&rsquo;\u00e0 lui-m\u00eame). Notre bandage \u00e9lastique est fabriqu\u00e9 dans un mat\u00e9riau l\u00e9ger, respirant et durable, respectueux de la peau. Le degr\u00e9 de compression souhait\u00e9 est obtenu au moment de l&rsquo;application. Il n&rsquo;est pas n\u00e9cessaire d&rsquo;utiliser des clips [&hellip;]\" \/>\n<meta property=\"og:url\" content=\"https:\/\/med.tattoo\/fr\/produit\/bande-adhesive-5cm45m-1pc-elastique-rouge-autocollant\/\" \/>\n<meta property=\"og:site_name\" content=\"MED.TATTOO\" \/>\n<meta property=\"article:publisher\" content=\"https:\/\/www.facebook.com\/profile.php?id=100084366705613\" \/>\n<meta name=\"twitter:card\" content=\"summary_large_image\" \/>\n<meta name=\"twitter:label1\" content=\"Dur\u00e9e de lecture estim\u00e9e\" \/>\n\t<meta name=\"twitter:data1\" content=\"3 minutes\" \/>\n<script type=\"application\/ld+json\" class=\"yoast-schema-graph\">{\"@context\":\"https:\\\/\\\/schema.org\",\"@graph\":[{\"@type\":\"WebPage\",\"@id\":\"https:\\\/\\\/med.tattoo\\\/fr\\\/produit\\\/bande-adhesive-5cm45m-1pc-elastique-rouge-autocollant\\\/\",\"url\":\"https:\\\/\\\/med.tattoo\\\/fr\\\/produit\\\/bande-adhesive-5cm45m-1pc-elastique-rouge-autocollant\\\/\",\"name\":\"Bande adh\u00e9sive 5cm*4,5m 1pc \u00e9lastique rouge, autocollant - MED.TATTOO\",\"isPartOf\":{\"@id\":\"https:\\\/\\\/med.tattoo\\\/fr\\\/#website\"},\"primaryImageOfPage\":{\"@id\":\"https:\\\/\\\/med.tattoo\\\/fr\\\/produit\\\/bande-adhesive-5cm45m-1pc-elastique-rouge-autocollant\\\/#primaryimage\"},\"image\":{\"@id\":\"https:\\\/\\\/med.tattoo\\\/fr\\\/produit\\\/bande-adhesive-5cm45m-1pc-elastique-rouge-autocollant\\\/#primaryimage\"},\"thumbnailUrl\":\"https:\\\/\\\/med.tattoo\\\/wp-content\\\/uploads\\\/2025\\\/05\\\/1545_opaska-kohezyjna-5cm-4-5m-1szt-czerwona-elastyc_1744006712.jpg\",\"datePublished\":\"2025-05-15T05:23:41+00:00\",\"breadcrumb\":{\"@id\":\"https:\\\/\\\/med.tattoo\\\/fr\\\/produit\\\/bande-adhesive-5cm45m-1pc-elastique-rouge-autocollant\\\/#breadcrumb\"},\"inLanguage\":\"fr-FR\",\"potentialAction\":[{\"@type\":\"ReadAction\",\"target\":[\"https:\\\/\\\/med.tattoo\\\/fr\\\/produit\\\/bande-adhesive-5cm45m-1pc-elastique-rouge-autocollant\\\/\"]}]},{\"@type\":\"ImageObject\",\"inLanguage\":\"fr-FR\",\"@id\":\"https:\\\/\\\/med.tattoo\\\/fr\\\/produit\\\/bande-adhesive-5cm45m-1pc-elastique-rouge-autocollant\\\/#primaryimage\",\"url\":\"https:\\\/\\\/med.tattoo\\\/wp-content\\\/uploads\\\/2025\\\/05\\\/1545_opaska-kohezyjna-5cm-4-5m-1szt-czerwona-elastyc_1744006712.jpg\",\"contentUrl\":\"https:\\\/\\\/med.tattoo\\\/wp-content\\\/uploads\\\/2025\\\/05\\\/1545_opaska-kohezyjna-5cm-4-5m-1szt-czerwona-elastyc_1744006712.jpg\",\"width\":876,\"height\":800},{\"@type\":\"BreadcrumbList\",\"@id\":\"https:\\\/\\\/med.tattoo\\\/fr\\\/produit\\\/bande-adhesive-5cm45m-1pc-elastique-rouge-autocollant\\\/#breadcrumb\",\"itemListElement\":[{\"@type\":\"ListItem\",\"position\":1,\"name\":\"Strona G\u0142\u00f3wna\",\"item\":\"https:\\\/\\\/med.tattoo\\\/fr\\\/\"},{\"@type\":\"ListItem\",\"position\":2,\"name\":\"Boutique\",\"item\":\"https:\\\/\\\/med.tattoo\\\/fr\\\/boutique\\\/\"},{\"@type\":\"ListItem\",\"position\":3,\"name\":\"Bande adh\u00e9sive 5cm*4,5m 1pc \u00e9lastique rouge, autocollant\"}]},{\"@type\":\"WebSite\",\"@id\":\"https:\\\/\\\/med.tattoo\\\/fr\\\/#website\",\"url\":\"https:\\\/\\\/med.tattoo\\\/fr\\\/\",\"name\":\"MED.TATTOO\",\"description\":\"Wszystko dla Twojego tatua\u017cu\",\"publisher\":{\"@id\":\"https:\\\/\\\/med.tattoo\\\/fr\\\/#organization\"},\"potentialAction\":[{\"@type\":\"SearchAction\",\"target\":{\"@type\":\"EntryPoint\",\"urlTemplate\":\"https:\\\/\\\/med.tattoo\\\/fr\\\/?s={search_term_string}\"},\"query-input\":{\"@type\":\"PropertyValueSpecification\",\"valueRequired\":true,\"valueName\":\"search_term_string\"}}],\"inLanguage\":\"fr-FR\"},{\"@type\":\"Organization\",\"@id\":\"https:\\\/\\\/med.tattoo\\\/fr\\\/#organization\",\"name\":\"MED.TATTOO\",\"url\":\"https:\\\/\\\/med.tattoo\\\/fr\\\/\",\"logo\":{\"@type\":\"ImageObject\",\"inLanguage\":\"fr-FR\",\"@id\":\"https:\\\/\\\/med.tattoo\\\/fr\\\/#\\\/schema\\\/logo\\\/image\\\/\",\"url\":\"https:\\\/\\\/med.tattoo\\\/wp-content\\\/uploads\\\/2025\\\/05\\\/Bez-tytulu-600S300-px-1-e1658908183800.png\",\"contentUrl\":\"https:\\\/\\\/med.tattoo\\\/wp-content\\\/uploads\\\/2025\\\/05\\\/Bez-tytulu-600S300-px-1-e1658908183800.png\",\"width\":600,\"height\":61,\"caption\":\"MED.TATTOO\"},\"image\":{\"@id\":\"https:\\\/\\\/med.tattoo\\\/fr\\\/#\\\/schema\\\/logo\\\/image\\\/\"},\"sameAs\":[\"https:\\\/\\\/www.facebook.com\\\/profile.php?id=100084366705613\",\"https:\\\/\\\/www.instagram.com\\\/med.tattoo_official\\\/\"]}]}<\/script>\n<!-- \/ Yoast SEO plugin. -->","yoast_head_json":{"title":"Bande adh\u00e9sive 5cm*4,5m 1pc \u00e9lastique rouge, autocollant - MED.TATTOO","robots":{"index":"index","follow":"follow","max-snippet":"max-snippet:-1","max-image-preview":"max-image-preview:large","max-video-preview":"max-video-preview:-1"},"canonical":"https:\/\/med.tattoo\/fr\/produit\/bande-adhesive-5cm45m-1pc-elastique-rouge-autocollant\/","og_locale":"fr_FR","og_type":"article","og_title":"Bande adh\u00e9sive 5cm*4,5m 1pc \u00e9lastique rouge, autocollant - MED.TATTOO","og_description":"Un bandage est un bandage \u00e9lastique (qui maintient une tension constante) avec une structure coh\u00e9sive (auto-adh\u00e9sif, qui ne colle qu&rsquo;\u00e0 lui-m\u00eame). Notre bandage \u00e9lastique est fabriqu\u00e9 dans un mat\u00e9riau l\u00e9ger, respirant et durable, respectueux de la peau. Le degr\u00e9 de compression souhait\u00e9 est obtenu au moment de l&rsquo;application. Il n&rsquo;est pas n\u00e9cessaire d&rsquo;utiliser des clips [&hellip;]","og_url":"https:\/\/med.tattoo\/fr\/produit\/bande-adhesive-5cm45m-1pc-elastique-rouge-autocollant\/","og_site_name":"MED.TATTOO","article_publisher":"https:\/\/www.facebook.com\/profile.php?id=100084366705613","twitter_card":"summary_large_image","twitter_misc":{"Dur\u00e9e de lecture estim\u00e9e":"3 minutes"},"schema":{"@context":"https:\/\/schema.org","@graph":[{"@type":"WebPage","@id":"https:\/\/med.tattoo\/fr\/produit\/bande-adhesive-5cm45m-1pc-elastique-rouge-autocollant\/","url":"https:\/\/med.tattoo\/fr\/produit\/bande-adhesive-5cm45m-1pc-elastique-rouge-autocollant\/","name":"Bande adh\u00e9sive 5cm*4,5m 1pc \u00e9lastique rouge, autocollant - MED.TATTOO","isPartOf":{"@id":"https:\/\/med.tattoo\/fr\/#website"},"primaryImageOfPage":{"@id":"https:\/\/med.tattoo\/fr\/produit\/bande-adhesive-5cm45m-1pc-elastique-rouge-autocollant\/#primaryimage"},"image":{"@id":"https:\/\/med.tattoo\/fr\/produit\/bande-adhesive-5cm45m-1pc-elastique-rouge-autocollant\/#primaryimage"},"thumbnailUrl":"https:\/\/med.tattoo\/wp-content\/uploads\/2025\/05\/1545_opaska-kohezyjna-5cm-4-5m-1szt-czerwona-elastyc_1744006712.jpg","datePublished":"2025-05-15T05:23:41+00:00","breadcrumb":{"@id":"https:\/\/med.tattoo\/fr\/produit\/bande-adhesive-5cm45m-1pc-elastique-rouge-autocollant\/#breadcrumb"},"inLanguage":"fr-FR","potentialAction":[{"@type":"ReadAction","target":["https:\/\/med.tattoo\/fr\/produit\/bande-adhesive-5cm45m-1pc-elastique-rouge-autocollant\/"]}]},{"@type":"ImageObject","inLanguage":"fr-FR","@id":"https:\/\/med.tattoo\/fr\/produit\/bande-adhesive-5cm45m-1pc-elastique-rouge-autocollant\/#primaryimage","url":"https:\/\/med.tattoo\/wp-content\/uploads\/2025\/05\/1545_opaska-kohezyjna-5cm-4-5m-1szt-czerwona-elastyc_1744006712.jpg","contentUrl":"https:\/\/med.tattoo\/wp-content\/uploads\/2025\/05\/1545_opaska-kohezyjna-5cm-4-5m-1szt-czerwona-elastyc_1744006712.jpg","width":876,"height":800},{"@type":"BreadcrumbList","@id":"https:\/\/med.tattoo\/fr\/produit\/bande-adhesive-5cm45m-1pc-elastique-rouge-autocollant\/#breadcrumb","itemListElement":[{"@type":"ListItem","position":1,"name":"Strona G\u0142\u00f3wna","item":"https:\/\/med.tattoo\/fr\/"},{"@type":"ListItem","position":2,"name":"Boutique","item":"https:\/\/med.tattoo\/fr\/boutique\/"},{"@type":"ListItem","position":3,"name":"Bande adh\u00e9sive 5cm*4,5m 1pc \u00e9lastique rouge, autocollant"}]},{"@type":"WebSite","@id":"https:\/\/med.tattoo\/fr\/#website","url":"https:\/\/med.tattoo\/fr\/","name":"MED.TATTOO","description":"Wszystko dla Twojego tatua\u017cu","publisher":{"@id":"https:\/\/med.tattoo\/fr\/#organization"},"potentialAction":[{"@type":"SearchAction","target":{"@type":"EntryPoint","urlTemplate":"https:\/\/med.tattoo\/fr\/?s={search_term_string}"},"query-input":{"@type":"PropertyValueSpecification","valueRequired":true,"valueName":"search_term_string"}}],"inLanguage":"fr-FR"},{"@type":"Organization","@id":"https:\/\/med.tattoo\/fr\/#organization","name":"MED.TATTOO","url":"https:\/\/med.tattoo\/fr\/","logo":{"@type":"ImageObject","inLanguage":"fr-FR","@id":"https:\/\/med.tattoo\/fr\/#\/schema\/logo\/image\/","url":"https:\/\/med.tattoo\/wp-content\/uploads\/2025\/05\/Bez-tytulu-600S300-px-1-e1658908183800.png","contentUrl":"https:\/\/med.tattoo\/wp-content\/uploads\/2025\/05\/Bez-tytulu-600S300-px-1-e1658908183800.png","width":600,"height":61,"caption":"MED.TATTOO"},"image":{"@id":"https:\/\/med.tattoo\/fr\/#\/schema\/logo\/image\/"},"sameAs":["https:\/\/www.facebook.com\/profile.php?id=100084366705613","https:\/\/www.instagram.com\/med.tattoo_official\/"]}]}},"_links":{"self":[{"href":"https:\/\/med.tattoo\/fr\/wp-json\/wp\/v2\/product\/9695","targetHints":{"allow":["GET"]}}],"collection":[{"href":"https:\/\/med.tattoo\/fr\/wp-json\/wp\/v2\/product"}],"about":[{"href":"https:\/\/med.tattoo\/fr\/wp-json\/wp\/v2\/types\/product"}],"replies":[{"embeddable":true,"href":"https:\/\/med.tattoo\/fr\/wp-json\/wp\/v2\/comments?post=9695"}],"wp:featuredmedia":[{"embeddable":true,"href":"https:\/\/med.tattoo\/fr\/wp-json\/wp\/v2\/media\/7455"}],"wp:attachment":[{"href":"https:\/\/med.tattoo\/fr\/wp-json\/wp\/v2\/media?parent=9695"}],"wp:term":[{"taxonomy":"product_brand","embeddable":true,"href":"https:\/\/med.tattoo\/fr\/wp-json\/wp\/v2\/product_brand?post=9695"},{"taxonomy":"product_cat","embeddable":true,"href":"https:\/\/med.tattoo\/fr\/wp-json\/wp\/v2\/product_cat?post=9695"},{"taxonomy":"product_tag","embeddable":true,"href":"https:\/\/med.tattoo\/fr\/wp-json\/wp\/v2\/product_tag?post=9695"}],"curies":[{"name":"wp","href":"https:\/\/api.w.org\/{rel}","templated":true}]}}