{"id":9720,"date":"2025-05-15T07:25:49","date_gmt":"2025-05-15T05:25:49","guid":{"rendered":"https:\/\/med.tattoo\/produkt\/tampon-protecteur-en-cellulose-60-50m-1pc-blanc-2-couches\/"},"modified":"2025-05-15T07:25:49","modified_gmt":"2025-05-15T05:25:49","slug":"tampon-protecteur-en-cellulose-60-50m-1pc-blanc-2-couches","status":"publish","type":"product","link":"https:\/\/med.tattoo\/fr\/produit\/tampon-protecteur-en-cellulose-60-50m-1pc-blanc-2-couches\/","title":{"rendered":"Tampon protecteur en cellulose 60\/50m 1pc blanc 2 couches"},"content":{"rendered":"<p>La compresse m\u00e9dicale est un produit de qualit\u00e9 sup\u00e9rieure qui vous permet de maintenir l&rsquo;hygi\u00e8ne en toutes circonstances. Un produit s\u00fbr et hygi\u00e9nique. Il est compos\u00e9 d&rsquo;un papier double couche de 50 cm x 60 m en cellulose pure et s\u00e9lectionn\u00e9e. Il est blanc comme neige et sa surface est finement gaufr\u00e9e. Cela contribue \u00e0 augmenter sa capacit\u00e9 d&rsquo;absorption.      <\/p>\n<p>  Elle est tr\u00e8s agr\u00e9able au toucher et douce pour la peau. L&rsquo;avantage est la perforation parfaite, qui divise le rouleau d&rsquo;al\u00e8ses en morceaux de longueur \u00e9gale &#8211; ils peuvent \u00eatre d\u00e9chir\u00e9s facilement et rapidement. Un rouleau peut contenir jusqu&rsquo;\u00e0 210 pi\u00e8ces, ce qui r\u00e9duit consid\u00e9rablement l&rsquo;usure. Chaque rouleau est emball\u00e9 s\u00e9par\u00e9ment, ce qui garantit la propret\u00e9, l&rsquo;hygi\u00e8ne et la s\u00e9curit\u00e9 de l&rsquo;utilisateur.     <\/p>\n<p>Recommand\u00e9 pour les cabinets m\u00e9dicaux, les spas et les salons de massage.  <\/p>\n<p>Couleur : blanc  <\/p>\n<p>Mati\u00e8re premi\u00e8re : Cellulose<\/p>\n<p>Nombre de couches : 2<\/p>\n<p>Largeur du rouleau : 60 cm<\/p>\n<p>Longueur du rouleau : 50 m<\/p>\n","protected":false},"excerpt":{"rendered":"<p>La compresse m\u00e9dicale est un produit de qualit\u00e9 sup\u00e9rieure qui vous permet de maintenir l&rsquo;hygi\u00e8ne en toutes circonstances. Un produit s\u00fbr et hygi\u00e9nique. Il est compos\u00e9 d&rsquo;un papier double couche de 50 cm x 60 m en cellulose pure et s\u00e9lectionn\u00e9e. Il est blanc comme neige et sa surface est finement gaufr\u00e9e. Cela contribue \u00e0 [&hellip;]<\/p>\n","protected":false},"featured_media":7633,"comment_status":"closed","ping_status":"open","template":"","meta":{"site-sidebar-layout":"default","site-content-layout":"","ast-site-content-layout":"default","site-content-style":"default","site-sidebar-style":"default","ast-global-header-display":"","ast-banner-title-visibility":"","ast-main-header-display":"","ast-hfb-above-header-display":"","ast-hfb-below-header-display":"","ast-hfb-mobile-header-display":"","site-post-title":"","ast-breadcrumbs-content":"","ast-featured-img":"","footer-sml-layout":"","ast-disable-related-posts":"","theme-transparent-header-meta":"","adv-header-id-meta":"","stick-header-meta":"","header-above-stick-meta":"","header-main-stick-meta":"","header-below-stick-meta":"","astra-migrate-meta-layouts":"default","ast-page-background-enabled":"default","ast-page-background-meta":{"desktop":{"background-color":"var(--ast-global-color-4)","background-image":"","background-repeat":"repeat","background-position":"center center","background-size":"auto","background-attachment":"scroll","background-type":"","background-media":"","overlay-type":"","overlay-color":"","overlay-opacity":"","overlay-gradient":""},"tablet":{"background-color":"","background-image":"","background-repeat":"repeat","background-position":"center center","background-size":"auto","background-attachment":"scroll","background-type":"","background-media":"","overlay-type":"","overlay-color":"","overlay-opacity":"","overlay-gradient":""},"mobile":{"background-color":"","background-image":"","background-repeat":"repeat","background-position":"center center","background-size":"auto","background-attachment":"scroll","background-type":"","background-media":"","overlay-type":"","overlay-color":"","overlay-opacity":"","overlay-gradient":""}},"ast-content-background-meta":{"desktop":{"background-color":"var(--ast-global-color-5)","background-image":"","background-repeat":"repeat","background-position":"center center","background-size":"auto","background-attachment":"scroll","background-type":"","background-media":"","overlay-type":"","overlay-color":"","overlay-opacity":"","overlay-gradient":""},"tablet":{"background-color":"var(--ast-global-color-5)","background-image":"","background-repeat":"repeat","background-position":"center center","background-size":"auto","background-attachment":"scroll","background-type":"","background-media":"","overlay-type":"","overlay-color":"","overlay-opacity":"","overlay-gradient":""},"mobile":{"background-color":"var(--ast-global-color-5)","background-image":"","background-repeat":"repeat","background-position":"center center","background-size":"auto","background-attachment":"scroll","background-type":"","background-media":"","overlay-type":"","overlay-color":"","overlay-opacity":"","overlay-gradient":""}}},"product_brand":[],"product_cat":[91],"product_tag":[],"class_list":{"0":"post-9720","1":"product","2":"type-product","3":"status-publish","4":"has-post-thumbnail","6":"product_cat-med-tattoo-fr","7":"desktop-align-left","8":"tablet-align-left","9":"mobile-align-left","10":"ast-product-gallery-layout-horizontal-slider","11":"ast-product-gallery-with-no-image","12":"ast-product-tabs-layout-distributed","14":"first","15":"instock","16":"purchasable","17":"product-type-simple"},"yoast_head":"<!-- This site is optimized with the Yoast SEO plugin v27.3 - https:\/\/yoast.com\/product\/yoast-seo-wordpress\/ -->\n<title>Tampon protecteur en cellulose 60\/50m 1pc blanc 2 couches - MED.TATTOO<\/title>\n<meta name=\"robots\" content=\"index, follow, max-snippet:-1, max-image-preview:large, max-video-preview:-1\" \/>\n<link rel=\"canonical\" href=\"https:\/\/med.tattoo\/fr\/produit\/tampon-protecteur-en-cellulose-60-50m-1pc-blanc-2-couches\/\" \/>\n<meta property=\"og:locale\" content=\"fr_FR\" \/>\n<meta property=\"og:type\" content=\"article\" \/>\n<meta property=\"og:title\" content=\"Tampon protecteur en cellulose 60\/50m 1pc blanc 2 couches - MED.TATTOO\" \/>\n<meta property=\"og:description\" content=\"La compresse m\u00e9dicale est un produit de qualit\u00e9 sup\u00e9rieure qui vous permet de maintenir l&rsquo;hygi\u00e8ne en toutes circonstances. Un produit s\u00fbr et hygi\u00e9nique. Il est compos\u00e9 d&rsquo;un papier double couche de 50 cm x 60 m en cellulose pure et s\u00e9lectionn\u00e9e. Il est blanc comme neige et sa surface est finement gaufr\u00e9e. Cela contribue \u00e0 [&hellip;]\" \/>\n<meta property=\"og:url\" content=\"https:\/\/med.tattoo\/fr\/produit\/tampon-protecteur-en-cellulose-60-50m-1pc-blanc-2-couches\/\" \/>\n<meta property=\"og:site_name\" content=\"MED.TATTOO\" \/>\n<meta property=\"article:publisher\" content=\"https:\/\/www.facebook.com\/profile.php?id=100084366705613\" \/>\n<meta name=\"twitter:card\" content=\"summary_large_image\" \/>\n<meta name=\"twitter:label1\" content=\"Dur\u00e9e de lecture estim\u00e9e\" \/>\n\t<meta name=\"twitter:data1\" content=\"1 minute\" \/>\n<script type=\"application\/ld+json\" class=\"yoast-schema-graph\">{\"@context\":\"https:\\\/\\\/schema.org\",\"@graph\":[{\"@type\":\"WebPage\",\"@id\":\"https:\\\/\\\/med.tattoo\\\/fr\\\/produit\\\/tampon-protecteur-en-cellulose-60-50m-1pc-blanc-2-couches\\\/\",\"url\":\"https:\\\/\\\/med.tattoo\\\/fr\\\/produit\\\/tampon-protecteur-en-cellulose-60-50m-1pc-blanc-2-couches\\\/\",\"name\":\"Tampon protecteur en cellulose 60\\\/50m 1pc blanc 2 couches - MED.TATTOO\",\"isPartOf\":{\"@id\":\"https:\\\/\\\/med.tattoo\\\/fr\\\/#website\"},\"primaryImageOfPage\":{\"@id\":\"https:\\\/\\\/med.tattoo\\\/fr\\\/produit\\\/tampon-protecteur-en-cellulose-60-50m-1pc-blanc-2-couches\\\/#primaryimage\"},\"image\":{\"@id\":\"https:\\\/\\\/med.tattoo\\\/fr\\\/produit\\\/tampon-protecteur-en-cellulose-60-50m-1pc-blanc-2-couches\\\/#primaryimage\"},\"thumbnailUrl\":\"https:\\\/\\\/med.tattoo\\\/wp-content\\\/uploads\\\/2025\\\/05\\\/1337_podklad-ochronny-celulozowy-60-50-m-1szt-bialy_1744006851.png\",\"datePublished\":\"2025-05-15T05:25:49+00:00\",\"breadcrumb\":{\"@id\":\"https:\\\/\\\/med.tattoo\\\/fr\\\/produit\\\/tampon-protecteur-en-cellulose-60-50m-1pc-blanc-2-couches\\\/#breadcrumb\"},\"inLanguage\":\"fr-FR\",\"potentialAction\":[{\"@type\":\"ReadAction\",\"target\":[\"https:\\\/\\\/med.tattoo\\\/fr\\\/produit\\\/tampon-protecteur-en-cellulose-60-50m-1pc-blanc-2-couches\\\/\"]}]},{\"@type\":\"ImageObject\",\"inLanguage\":\"fr-FR\",\"@id\":\"https:\\\/\\\/med.tattoo\\\/fr\\\/produit\\\/tampon-protecteur-en-cellulose-60-50m-1pc-blanc-2-couches\\\/#primaryimage\",\"url\":\"https:\\\/\\\/med.tattoo\\\/wp-content\\\/uploads\\\/2025\\\/05\\\/1337_podklad-ochronny-celulozowy-60-50-m-1szt-bialy_1744006851.png\",\"contentUrl\":\"https:\\\/\\\/med.tattoo\\\/wp-content\\\/uploads\\\/2025\\\/05\\\/1337_podklad-ochronny-celulozowy-60-50-m-1szt-bialy_1744006851.png\",\"width\":718,\"height\":454},{\"@type\":\"BreadcrumbList\",\"@id\":\"https:\\\/\\\/med.tattoo\\\/fr\\\/produit\\\/tampon-protecteur-en-cellulose-60-50m-1pc-blanc-2-couches\\\/#breadcrumb\",\"itemListElement\":[{\"@type\":\"ListItem\",\"position\":1,\"name\":\"Strona G\u0142\u00f3wna\",\"item\":\"https:\\\/\\\/med.tattoo\\\/fr\\\/\"},{\"@type\":\"ListItem\",\"position\":2,\"name\":\"Boutique\",\"item\":\"https:\\\/\\\/med.tattoo\\\/fr\\\/boutique\\\/\"},{\"@type\":\"ListItem\",\"position\":3,\"name\":\"Tampon protecteur en cellulose 60\\\/50m 1pc blanc 2 couches\"}]},{\"@type\":\"WebSite\",\"@id\":\"https:\\\/\\\/med.tattoo\\\/fr\\\/#website\",\"url\":\"https:\\\/\\\/med.tattoo\\\/fr\\\/\",\"name\":\"MED.TATTOO\",\"description\":\"Wszystko dla Twojego tatua\u017cu\",\"publisher\":{\"@id\":\"https:\\\/\\\/med.tattoo\\\/fr\\\/#organization\"},\"potentialAction\":[{\"@type\":\"SearchAction\",\"target\":{\"@type\":\"EntryPoint\",\"urlTemplate\":\"https:\\\/\\\/med.tattoo\\\/fr\\\/?s={search_term_string}\"},\"query-input\":{\"@type\":\"PropertyValueSpecification\",\"valueRequired\":true,\"valueName\":\"search_term_string\"}}],\"inLanguage\":\"fr-FR\"},{\"@type\":\"Organization\",\"@id\":\"https:\\\/\\\/med.tattoo\\\/fr\\\/#organization\",\"name\":\"MED.TATTOO\",\"url\":\"https:\\\/\\\/med.tattoo\\\/fr\\\/\",\"logo\":{\"@type\":\"ImageObject\",\"inLanguage\":\"fr-FR\",\"@id\":\"https:\\\/\\\/med.tattoo\\\/fr\\\/#\\\/schema\\\/logo\\\/image\\\/\",\"url\":\"https:\\\/\\\/med.tattoo\\\/wp-content\\\/uploads\\\/2025\\\/05\\\/Bez-tytulu-600S300-px-1-e1658908183800.png\",\"contentUrl\":\"https:\\\/\\\/med.tattoo\\\/wp-content\\\/uploads\\\/2025\\\/05\\\/Bez-tytulu-600S300-px-1-e1658908183800.png\",\"width\":600,\"height\":61,\"caption\":\"MED.TATTOO\"},\"image\":{\"@id\":\"https:\\\/\\\/med.tattoo\\\/fr\\\/#\\\/schema\\\/logo\\\/image\\\/\"},\"sameAs\":[\"https:\\\/\\\/www.facebook.com\\\/profile.php?id=100084366705613\",\"https:\\\/\\\/www.instagram.com\\\/med.tattoo_official\\\/\"]}]}<\/script>\n<!-- \/ Yoast SEO plugin. -->","yoast_head_json":{"title":"Tampon protecteur en cellulose 60\/50m 1pc blanc 2 couches - MED.TATTOO","robots":{"index":"index","follow":"follow","max-snippet":"max-snippet:-1","max-image-preview":"max-image-preview:large","max-video-preview":"max-video-preview:-1"},"canonical":"https:\/\/med.tattoo\/fr\/produit\/tampon-protecteur-en-cellulose-60-50m-1pc-blanc-2-couches\/","og_locale":"fr_FR","og_type":"article","og_title":"Tampon protecteur en cellulose 60\/50m 1pc blanc 2 couches - MED.TATTOO","og_description":"La compresse m\u00e9dicale est un produit de qualit\u00e9 sup\u00e9rieure qui vous permet de maintenir l&rsquo;hygi\u00e8ne en toutes circonstances. Un produit s\u00fbr et hygi\u00e9nique. Il est compos\u00e9 d&rsquo;un papier double couche de 50 cm x 60 m en cellulose pure et s\u00e9lectionn\u00e9e. Il est blanc comme neige et sa surface est finement gaufr\u00e9e. Cela contribue \u00e0 [&hellip;]","og_url":"https:\/\/med.tattoo\/fr\/produit\/tampon-protecteur-en-cellulose-60-50m-1pc-blanc-2-couches\/","og_site_name":"MED.TATTOO","article_publisher":"https:\/\/www.facebook.com\/profile.php?id=100084366705613","twitter_card":"summary_large_image","twitter_misc":{"Dur\u00e9e de lecture estim\u00e9e":"1 minute"},"schema":{"@context":"https:\/\/schema.org","@graph":[{"@type":"WebPage","@id":"https:\/\/med.tattoo\/fr\/produit\/tampon-protecteur-en-cellulose-60-50m-1pc-blanc-2-couches\/","url":"https:\/\/med.tattoo\/fr\/produit\/tampon-protecteur-en-cellulose-60-50m-1pc-blanc-2-couches\/","name":"Tampon protecteur en cellulose 60\/50m 1pc blanc 2 couches - MED.TATTOO","isPartOf":{"@id":"https:\/\/med.tattoo\/fr\/#website"},"primaryImageOfPage":{"@id":"https:\/\/med.tattoo\/fr\/produit\/tampon-protecteur-en-cellulose-60-50m-1pc-blanc-2-couches\/#primaryimage"},"image":{"@id":"https:\/\/med.tattoo\/fr\/produit\/tampon-protecteur-en-cellulose-60-50m-1pc-blanc-2-couches\/#primaryimage"},"thumbnailUrl":"https:\/\/med.tattoo\/wp-content\/uploads\/2025\/05\/1337_podklad-ochronny-celulozowy-60-50-m-1szt-bialy_1744006851.png","datePublished":"2025-05-15T05:25:49+00:00","breadcrumb":{"@id":"https:\/\/med.tattoo\/fr\/produit\/tampon-protecteur-en-cellulose-60-50m-1pc-blanc-2-couches\/#breadcrumb"},"inLanguage":"fr-FR","potentialAction":[{"@type":"ReadAction","target":["https:\/\/med.tattoo\/fr\/produit\/tampon-protecteur-en-cellulose-60-50m-1pc-blanc-2-couches\/"]}]},{"@type":"ImageObject","inLanguage":"fr-FR","@id":"https:\/\/med.tattoo\/fr\/produit\/tampon-protecteur-en-cellulose-60-50m-1pc-blanc-2-couches\/#primaryimage","url":"https:\/\/med.tattoo\/wp-content\/uploads\/2025\/05\/1337_podklad-ochronny-celulozowy-60-50-m-1szt-bialy_1744006851.png","contentUrl":"https:\/\/med.tattoo\/wp-content\/uploads\/2025\/05\/1337_podklad-ochronny-celulozowy-60-50-m-1szt-bialy_1744006851.png","width":718,"height":454},{"@type":"BreadcrumbList","@id":"https:\/\/med.tattoo\/fr\/produit\/tampon-protecteur-en-cellulose-60-50m-1pc-blanc-2-couches\/#breadcrumb","itemListElement":[{"@type":"ListItem","position":1,"name":"Strona G\u0142\u00f3wna","item":"https:\/\/med.tattoo\/fr\/"},{"@type":"ListItem","position":2,"name":"Boutique","item":"https:\/\/med.tattoo\/fr\/boutique\/"},{"@type":"ListItem","position":3,"name":"Tampon protecteur en cellulose 60\/50m 1pc blanc 2 couches"}]},{"@type":"WebSite","@id":"https:\/\/med.tattoo\/fr\/#website","url":"https:\/\/med.tattoo\/fr\/","name":"MED.TATTOO","description":"Wszystko dla Twojego tatua\u017cu","publisher":{"@id":"https:\/\/med.tattoo\/fr\/#organization"},"potentialAction":[{"@type":"SearchAction","target":{"@type":"EntryPoint","urlTemplate":"https:\/\/med.tattoo\/fr\/?s={search_term_string}"},"query-input":{"@type":"PropertyValueSpecification","valueRequired":true,"valueName":"search_term_string"}}],"inLanguage":"fr-FR"},{"@type":"Organization","@id":"https:\/\/med.tattoo\/fr\/#organization","name":"MED.TATTOO","url":"https:\/\/med.tattoo\/fr\/","logo":{"@type":"ImageObject","inLanguage":"fr-FR","@id":"https:\/\/med.tattoo\/fr\/#\/schema\/logo\/image\/","url":"https:\/\/med.tattoo\/wp-content\/uploads\/2025\/05\/Bez-tytulu-600S300-px-1-e1658908183800.png","contentUrl":"https:\/\/med.tattoo\/wp-content\/uploads\/2025\/05\/Bez-tytulu-600S300-px-1-e1658908183800.png","width":600,"height":61,"caption":"MED.TATTOO"},"image":{"@id":"https:\/\/med.tattoo\/fr\/#\/schema\/logo\/image\/"},"sameAs":["https:\/\/www.facebook.com\/profile.php?id=100084366705613","https:\/\/www.instagram.com\/med.tattoo_official\/"]}]}},"_links":{"self":[{"href":"https:\/\/med.tattoo\/fr\/wp-json\/wp\/v2\/product\/9720","targetHints":{"allow":["GET"]}}],"collection":[{"href":"https:\/\/med.tattoo\/fr\/wp-json\/wp\/v2\/product"}],"about":[{"href":"https:\/\/med.tattoo\/fr\/wp-json\/wp\/v2\/types\/product"}],"replies":[{"embeddable":true,"href":"https:\/\/med.tattoo\/fr\/wp-json\/wp\/v2\/comments?post=9720"}],"wp:featuredmedia":[{"embeddable":true,"href":"https:\/\/med.tattoo\/fr\/wp-json\/wp\/v2\/media\/7633"}],"wp:attachment":[{"href":"https:\/\/med.tattoo\/fr\/wp-json\/wp\/v2\/media?parent=9720"}],"wp:term":[{"taxonomy":"product_brand","embeddable":true,"href":"https:\/\/med.tattoo\/fr\/wp-json\/wp\/v2\/product_brand?post=9720"},{"taxonomy":"product_cat","embeddable":true,"href":"https:\/\/med.tattoo\/fr\/wp-json\/wp\/v2\/product_cat?post=9720"},{"taxonomy":"product_tag","embeddable":true,"href":"https:\/\/med.tattoo\/fr\/wp-json\/wp\/v2\/product_tag?post=9720"}],"curies":[{"name":"wp","href":"https:\/\/api.w.org\/{rel}","templated":true}]}}