{"id":9823,"date":"2025-05-15T07:29:14","date_gmt":"2025-05-15T05:29:14","guid":{"rendered":"https:\/\/med.tattoo\/produkt\/sous-couche-pour-stomie-blouse-en-rouleau-33x48cm-40pcs-bleu\/"},"modified":"2025-05-15T07:29:14","modified_gmt":"2025-05-15T05:29:14","slug":"sous-couche-pour-stomie-blouse-en-rouleau-33x48cm-40pcs-bleu","status":"publish","type":"product","link":"https:\/\/med.tattoo\/fr\/produit\/sous-couche-pour-stomie-blouse-en-rouleau-33x48cm-40pcs-bleu\/","title":{"rendered":"Sous-couche pour stomie\/blouse en rouleau 33x48cm\/40pcs bleu"},"content":{"rendered":"<p>Serviettes jetables en rouleau<\/p>\n<p>Le prix se r\u00e9f\u00e8re \u00e0 1 pi\u00e8ce.<\/p>\n<p>Le produit est vendu en cartons de 35 pi\u00e8ces.<\/p>\n<p>Les draps en rouleau jetables sont des \u00e9quipements essentiels dans les cabinets m\u00e9dicaux o\u00f9 il est n\u00e9cessaire de prot\u00e9ger le patient pendant les proc\u00e9dures m\u00e9dicales. Les serviettes jetables sont con\u00e7ues pour absorber les fluides corporels, les pr\u00e9parations th\u00e9rapeutiques ou d&rsquo;autres substances utilis\u00e9es lors de proc\u00e9dures en chirurgie dentaire ou orthodontique. Les rouleaux de draps jetables peuvent \u00e9galement \u00eatre utilis\u00e9s dans les h\u00f4pitaux, les maisons de repos et les hospices pour les soins aux patients alit\u00e9s (administration orale de liquides ou de repas).  <\/p>\n<p>Objet :<\/p>\n<p>Chirurgie dentaire,<br \/>\nchirurgie orthodontique,<br \/>\nchirurgie proth\u00e9tique,<br \/>\nh\u00f4pitaux,<br \/>\nhospices,<br \/>\nmaisons de repos,<br \/>\nApplication :<\/p>\n<p>Protection des patients<br \/>\nAvantages :<\/p>\n<p>large gamme de couleurs &#8211; adaptable \u00e0 la palette de couleurs et au d\u00e9cor<br \/>\ndu bureau :<\/p>\n<p>jetable,<br \/>\nprotecteur &#8211; prot\u00e8ge les v\u00eatements du patient contre les salissures,<br \/>\ndoux, agr\u00e9able au toucher,<br \/>\navec perforation pour un retrait facile des draps individuels,<br \/>\nen papier de soie, prot\u00e9g\u00e9 en outre par une couche de film,<br \/>\nprot\u00e8ge les parties non couvertes du corps du patient contre d&rsquo;\u00e9ventuelles irritations ou allergies,<br \/>\nemp\u00eache le transfert de bact\u00e9ries \u00e0 travers le corps ou les v\u00eatements contamin\u00e9s du patient,<br \/>\nr\u00e9duit le risque d&rsquo;infection,<br \/>\nDimensions :<\/p>\n<p>33 x 48<br \/>\n40 pi\u00e8ces en 1 rouleau <\/p>\n","protected":false},"excerpt":{"rendered":"<p>Serviettes jetables en rouleau Le prix se r\u00e9f\u00e8re \u00e0 1 pi\u00e8ce. Le produit est vendu en cartons de 35 pi\u00e8ces. Les draps en rouleau jetables sont des \u00e9quipements essentiels dans les cabinets m\u00e9dicaux o\u00f9 il est n\u00e9cessaire de prot\u00e9ger le patient pendant les proc\u00e9dures m\u00e9dicales. Les serviettes jetables sont con\u00e7ues pour absorber les fluides corporels, [&hellip;]<\/p>\n","protected":false},"featured_media":7955,"comment_status":"closed","ping_status":"open","template":"","meta":{"site-sidebar-layout":"default","site-content-layout":"","ast-site-content-layout":"default","site-content-style":"default","site-sidebar-style":"default","ast-global-header-display":"","ast-banner-title-visibility":"","ast-main-header-display":"","ast-hfb-above-header-display":"","ast-hfb-below-header-display":"","ast-hfb-mobile-header-display":"","site-post-title":"","ast-breadcrumbs-content":"","ast-featured-img":"","footer-sml-layout":"","ast-disable-related-posts":"","theme-transparent-header-meta":"","adv-header-id-meta":"","stick-header-meta":"","header-above-stick-meta":"","header-main-stick-meta":"","header-below-stick-meta":"","astra-migrate-meta-layouts":"default","ast-page-background-enabled":"default","ast-page-background-meta":{"desktop":{"background-color":"var(--ast-global-color-4)","background-image":"","background-repeat":"repeat","background-position":"center center","background-size":"auto","background-attachment":"scroll","background-type":"","background-media":"","overlay-type":"","overlay-color":"","overlay-opacity":"","overlay-gradient":""},"tablet":{"background-color":"","background-image":"","background-repeat":"repeat","background-position":"center center","background-size":"auto","background-attachment":"scroll","background-type":"","background-media":"","overlay-type":"","overlay-color":"","overlay-opacity":"","overlay-gradient":""},"mobile":{"background-color":"","background-image":"","background-repeat":"repeat","background-position":"center center","background-size":"auto","background-attachment":"scroll","background-type":"","background-media":"","overlay-type":"","overlay-color":"","overlay-opacity":"","overlay-gradient":""}},"ast-content-background-meta":{"desktop":{"background-color":"var(--ast-global-color-5)","background-image":"","background-repeat":"repeat","background-position":"center center","background-size":"auto","background-attachment":"scroll","background-type":"","background-media":"","overlay-type":"","overlay-color":"","overlay-opacity":"","overlay-gradient":""},"tablet":{"background-color":"var(--ast-global-color-5)","background-image":"","background-repeat":"repeat","background-position":"center center","background-size":"auto","background-attachment":"scroll","background-type":"","background-media":"","overlay-type":"","overlay-color":"","overlay-opacity":"","overlay-gradient":""},"mobile":{"background-color":"var(--ast-global-color-5)","background-image":"","background-repeat":"repeat","background-position":"center center","background-size":"auto","background-attachment":"scroll","background-type":"","background-media":"","overlay-type":"","overlay-color":"","overlay-opacity":"","overlay-gradient":""}}},"product_brand":[],"product_cat":[91],"product_tag":[],"class_list":{"0":"post-9823","1":"product","2":"type-product","3":"status-publish","4":"has-post-thumbnail","6":"product_cat-med-tattoo-fr","7":"desktop-align-left","8":"tablet-align-left","9":"mobile-align-left","10":"ast-product-gallery-layout-horizontal-slider","11":"ast-product-gallery-with-no-image","12":"ast-product-tabs-layout-distributed","14":"first","15":"instock","16":"purchasable","17":"product-type-simple"},"yoast_head":"<!-- This site is optimized with the Yoast SEO plugin v27.3 - https:\/\/yoast.com\/product\/yoast-seo-wordpress\/ -->\n<title>Sous-couche pour stomie\/blouse en rouleau 33x48cm\/40pcs bleu - MED.TATTOO<\/title>\n<meta name=\"robots\" content=\"index, follow, max-snippet:-1, max-image-preview:large, max-video-preview:-1\" \/>\n<link rel=\"canonical\" href=\"https:\/\/med.tattoo\/fr\/produit\/sous-couche-pour-stomie-blouse-en-rouleau-33x48cm-40pcs-bleu\/\" \/>\n<meta property=\"og:locale\" content=\"fr_FR\" \/>\n<meta property=\"og:type\" content=\"article\" \/>\n<meta property=\"og:title\" content=\"Sous-couche pour stomie\/blouse en rouleau 33x48cm\/40pcs bleu - MED.TATTOO\" \/>\n<meta property=\"og:description\" content=\"Serviettes jetables en rouleau Le prix se r\u00e9f\u00e8re \u00e0 1 pi\u00e8ce. Le produit est vendu en cartons de 35 pi\u00e8ces. Les draps en rouleau jetables sont des \u00e9quipements essentiels dans les cabinets m\u00e9dicaux o\u00f9 il est n\u00e9cessaire de prot\u00e9ger le patient pendant les proc\u00e9dures m\u00e9dicales. Les serviettes jetables sont con\u00e7ues pour absorber les fluides corporels, [&hellip;]\" \/>\n<meta property=\"og:url\" content=\"https:\/\/med.tattoo\/fr\/produit\/sous-couche-pour-stomie-blouse-en-rouleau-33x48cm-40pcs-bleu\/\" \/>\n<meta property=\"og:site_name\" content=\"MED.TATTOO\" \/>\n<meta property=\"article:publisher\" content=\"https:\/\/www.facebook.com\/profile.php?id=100084366705613\" \/>\n<meta name=\"twitter:card\" content=\"summary_large_image\" \/>\n<meta name=\"twitter:label1\" content=\"Dur\u00e9e de lecture estim\u00e9e\" \/>\n\t<meta name=\"twitter:data1\" content=\"1 minute\" \/>\n<script type=\"application\/ld+json\" class=\"yoast-schema-graph\">{\"@context\":\"https:\\\/\\\/schema.org\",\"@graph\":[{\"@type\":\"WebPage\",\"@id\":\"https:\\\/\\\/med.tattoo\\\/fr\\\/produit\\\/sous-couche-pour-stomie-blouse-en-rouleau-33x48cm-40pcs-bleu\\\/\",\"url\":\"https:\\\/\\\/med.tattoo\\\/fr\\\/produit\\\/sous-couche-pour-stomie-blouse-en-rouleau-33x48cm-40pcs-bleu\\\/\",\"name\":\"Sous-couche pour stomie\\\/blouse en rouleau 33x48cm\\\/40pcs bleu - MED.TATTOO\",\"isPartOf\":{\"@id\":\"https:\\\/\\\/med.tattoo\\\/fr\\\/#website\"},\"primaryImageOfPage\":{\"@id\":\"https:\\\/\\\/med.tattoo\\\/fr\\\/produit\\\/sous-couche-pour-stomie-blouse-en-rouleau-33x48cm-40pcs-bleu\\\/#primaryimage\"},\"image\":{\"@id\":\"https:\\\/\\\/med.tattoo\\\/fr\\\/produit\\\/sous-couche-pour-stomie-blouse-en-rouleau-33x48cm-40pcs-bleu\\\/#primaryimage\"},\"thumbnailUrl\":\"https:\\\/\\\/med.tattoo\\\/wp-content\\\/uploads\\\/2025\\\/05\\\/235_podklad-serwe-stom.w-rolce-33x48cm-40szt-niebieska_1744006858.png\",\"datePublished\":\"2025-05-15T05:29:14+00:00\",\"breadcrumb\":{\"@id\":\"https:\\\/\\\/med.tattoo\\\/fr\\\/produit\\\/sous-couche-pour-stomie-blouse-en-rouleau-33x48cm-40pcs-bleu\\\/#breadcrumb\"},\"inLanguage\":\"fr-FR\",\"potentialAction\":[{\"@type\":\"ReadAction\",\"target\":[\"https:\\\/\\\/med.tattoo\\\/fr\\\/produit\\\/sous-couche-pour-stomie-blouse-en-rouleau-33x48cm-40pcs-bleu\\\/\"]}]},{\"@type\":\"ImageObject\",\"inLanguage\":\"fr-FR\",\"@id\":\"https:\\\/\\\/med.tattoo\\\/fr\\\/produit\\\/sous-couche-pour-stomie-blouse-en-rouleau-33x48cm-40pcs-bleu\\\/#primaryimage\",\"url\":\"https:\\\/\\\/med.tattoo\\\/wp-content\\\/uploads\\\/2025\\\/05\\\/235_podklad-serwe-stom.w-rolce-33x48cm-40szt-niebieska_1744006858.png\",\"contentUrl\":\"https:\\\/\\\/med.tattoo\\\/wp-content\\\/uploads\\\/2025\\\/05\\\/235_podklad-serwe-stom.w-rolce-33x48cm-40szt-niebieska_1744006858.png\",\"width\":637,\"height\":581},{\"@type\":\"BreadcrumbList\",\"@id\":\"https:\\\/\\\/med.tattoo\\\/fr\\\/produit\\\/sous-couche-pour-stomie-blouse-en-rouleau-33x48cm-40pcs-bleu\\\/#breadcrumb\",\"itemListElement\":[{\"@type\":\"ListItem\",\"position\":1,\"name\":\"Strona G\u0142\u00f3wna\",\"item\":\"https:\\\/\\\/med.tattoo\\\/fr\\\/\"},{\"@type\":\"ListItem\",\"position\":2,\"name\":\"Boutique\",\"item\":\"https:\\\/\\\/med.tattoo\\\/fr\\\/boutique\\\/\"},{\"@type\":\"ListItem\",\"position\":3,\"name\":\"Sous-couche pour stomie\\\/blouse en rouleau 33x48cm\\\/40pcs bleu\"}]},{\"@type\":\"WebSite\",\"@id\":\"https:\\\/\\\/med.tattoo\\\/fr\\\/#website\",\"url\":\"https:\\\/\\\/med.tattoo\\\/fr\\\/\",\"name\":\"MED.TATTOO\",\"description\":\"Wszystko dla Twojego tatua\u017cu\",\"publisher\":{\"@id\":\"https:\\\/\\\/med.tattoo\\\/fr\\\/#organization\"},\"potentialAction\":[{\"@type\":\"SearchAction\",\"target\":{\"@type\":\"EntryPoint\",\"urlTemplate\":\"https:\\\/\\\/med.tattoo\\\/fr\\\/?s={search_term_string}\"},\"query-input\":{\"@type\":\"PropertyValueSpecification\",\"valueRequired\":true,\"valueName\":\"search_term_string\"}}],\"inLanguage\":\"fr-FR\"},{\"@type\":\"Organization\",\"@id\":\"https:\\\/\\\/med.tattoo\\\/fr\\\/#organization\",\"name\":\"MED.TATTOO\",\"url\":\"https:\\\/\\\/med.tattoo\\\/fr\\\/\",\"logo\":{\"@type\":\"ImageObject\",\"inLanguage\":\"fr-FR\",\"@id\":\"https:\\\/\\\/med.tattoo\\\/fr\\\/#\\\/schema\\\/logo\\\/image\\\/\",\"url\":\"https:\\\/\\\/med.tattoo\\\/wp-content\\\/uploads\\\/2025\\\/05\\\/Bez-tytulu-600S300-px-1-e1658908183800.png\",\"contentUrl\":\"https:\\\/\\\/med.tattoo\\\/wp-content\\\/uploads\\\/2025\\\/05\\\/Bez-tytulu-600S300-px-1-e1658908183800.png\",\"width\":600,\"height\":61,\"caption\":\"MED.TATTOO\"},\"image\":{\"@id\":\"https:\\\/\\\/med.tattoo\\\/fr\\\/#\\\/schema\\\/logo\\\/image\\\/\"},\"sameAs\":[\"https:\\\/\\\/www.facebook.com\\\/profile.php?id=100084366705613\",\"https:\\\/\\\/www.instagram.com\\\/med.tattoo_official\\\/\"]}]}<\/script>\n<!-- \/ Yoast SEO plugin. -->","yoast_head_json":{"title":"Sous-couche pour stomie\/blouse en rouleau 33x48cm\/40pcs bleu - MED.TATTOO","robots":{"index":"index","follow":"follow","max-snippet":"max-snippet:-1","max-image-preview":"max-image-preview:large","max-video-preview":"max-video-preview:-1"},"canonical":"https:\/\/med.tattoo\/fr\/produit\/sous-couche-pour-stomie-blouse-en-rouleau-33x48cm-40pcs-bleu\/","og_locale":"fr_FR","og_type":"article","og_title":"Sous-couche pour stomie\/blouse en rouleau 33x48cm\/40pcs bleu - MED.TATTOO","og_description":"Serviettes jetables en rouleau Le prix se r\u00e9f\u00e8re \u00e0 1 pi\u00e8ce. Le produit est vendu en cartons de 35 pi\u00e8ces. Les draps en rouleau jetables sont des \u00e9quipements essentiels dans les cabinets m\u00e9dicaux o\u00f9 il est n\u00e9cessaire de prot\u00e9ger le patient pendant les proc\u00e9dures m\u00e9dicales. Les serviettes jetables sont con\u00e7ues pour absorber les fluides corporels, [&hellip;]","og_url":"https:\/\/med.tattoo\/fr\/produit\/sous-couche-pour-stomie-blouse-en-rouleau-33x48cm-40pcs-bleu\/","og_site_name":"MED.TATTOO","article_publisher":"https:\/\/www.facebook.com\/profile.php?id=100084366705613","twitter_card":"summary_large_image","twitter_misc":{"Dur\u00e9e de lecture estim\u00e9e":"1 minute"},"schema":{"@context":"https:\/\/schema.org","@graph":[{"@type":"WebPage","@id":"https:\/\/med.tattoo\/fr\/produit\/sous-couche-pour-stomie-blouse-en-rouleau-33x48cm-40pcs-bleu\/","url":"https:\/\/med.tattoo\/fr\/produit\/sous-couche-pour-stomie-blouse-en-rouleau-33x48cm-40pcs-bleu\/","name":"Sous-couche pour stomie\/blouse en rouleau 33x48cm\/40pcs bleu - MED.TATTOO","isPartOf":{"@id":"https:\/\/med.tattoo\/fr\/#website"},"primaryImageOfPage":{"@id":"https:\/\/med.tattoo\/fr\/produit\/sous-couche-pour-stomie-blouse-en-rouleau-33x48cm-40pcs-bleu\/#primaryimage"},"image":{"@id":"https:\/\/med.tattoo\/fr\/produit\/sous-couche-pour-stomie-blouse-en-rouleau-33x48cm-40pcs-bleu\/#primaryimage"},"thumbnailUrl":"https:\/\/med.tattoo\/wp-content\/uploads\/2025\/05\/235_podklad-serwe-stom.w-rolce-33x48cm-40szt-niebieska_1744006858.png","datePublished":"2025-05-15T05:29:14+00:00","breadcrumb":{"@id":"https:\/\/med.tattoo\/fr\/produit\/sous-couche-pour-stomie-blouse-en-rouleau-33x48cm-40pcs-bleu\/#breadcrumb"},"inLanguage":"fr-FR","potentialAction":[{"@type":"ReadAction","target":["https:\/\/med.tattoo\/fr\/produit\/sous-couche-pour-stomie-blouse-en-rouleau-33x48cm-40pcs-bleu\/"]}]},{"@type":"ImageObject","inLanguage":"fr-FR","@id":"https:\/\/med.tattoo\/fr\/produit\/sous-couche-pour-stomie-blouse-en-rouleau-33x48cm-40pcs-bleu\/#primaryimage","url":"https:\/\/med.tattoo\/wp-content\/uploads\/2025\/05\/235_podklad-serwe-stom.w-rolce-33x48cm-40szt-niebieska_1744006858.png","contentUrl":"https:\/\/med.tattoo\/wp-content\/uploads\/2025\/05\/235_podklad-serwe-stom.w-rolce-33x48cm-40szt-niebieska_1744006858.png","width":637,"height":581},{"@type":"BreadcrumbList","@id":"https:\/\/med.tattoo\/fr\/produit\/sous-couche-pour-stomie-blouse-en-rouleau-33x48cm-40pcs-bleu\/#breadcrumb","itemListElement":[{"@type":"ListItem","position":1,"name":"Strona G\u0142\u00f3wna","item":"https:\/\/med.tattoo\/fr\/"},{"@type":"ListItem","position":2,"name":"Boutique","item":"https:\/\/med.tattoo\/fr\/boutique\/"},{"@type":"ListItem","position":3,"name":"Sous-couche pour stomie\/blouse en rouleau 33x48cm\/40pcs bleu"}]},{"@type":"WebSite","@id":"https:\/\/med.tattoo\/fr\/#website","url":"https:\/\/med.tattoo\/fr\/","name":"MED.TATTOO","description":"Wszystko dla Twojego tatua\u017cu","publisher":{"@id":"https:\/\/med.tattoo\/fr\/#organization"},"potentialAction":[{"@type":"SearchAction","target":{"@type":"EntryPoint","urlTemplate":"https:\/\/med.tattoo\/fr\/?s={search_term_string}"},"query-input":{"@type":"PropertyValueSpecification","valueRequired":true,"valueName":"search_term_string"}}],"inLanguage":"fr-FR"},{"@type":"Organization","@id":"https:\/\/med.tattoo\/fr\/#organization","name":"MED.TATTOO","url":"https:\/\/med.tattoo\/fr\/","logo":{"@type":"ImageObject","inLanguage":"fr-FR","@id":"https:\/\/med.tattoo\/fr\/#\/schema\/logo\/image\/","url":"https:\/\/med.tattoo\/wp-content\/uploads\/2025\/05\/Bez-tytulu-600S300-px-1-e1658908183800.png","contentUrl":"https:\/\/med.tattoo\/wp-content\/uploads\/2025\/05\/Bez-tytulu-600S300-px-1-e1658908183800.png","width":600,"height":61,"caption":"MED.TATTOO"},"image":{"@id":"https:\/\/med.tattoo\/fr\/#\/schema\/logo\/image\/"},"sameAs":["https:\/\/www.facebook.com\/profile.php?id=100084366705613","https:\/\/www.instagram.com\/med.tattoo_official\/"]}]}},"_links":{"self":[{"href":"https:\/\/med.tattoo\/fr\/wp-json\/wp\/v2\/product\/9823","targetHints":{"allow":["GET"]}}],"collection":[{"href":"https:\/\/med.tattoo\/fr\/wp-json\/wp\/v2\/product"}],"about":[{"href":"https:\/\/med.tattoo\/fr\/wp-json\/wp\/v2\/types\/product"}],"replies":[{"embeddable":true,"href":"https:\/\/med.tattoo\/fr\/wp-json\/wp\/v2\/comments?post=9823"}],"wp:featuredmedia":[{"embeddable":true,"href":"https:\/\/med.tattoo\/fr\/wp-json\/wp\/v2\/media\/7955"}],"wp:attachment":[{"href":"https:\/\/med.tattoo\/fr\/wp-json\/wp\/v2\/media?parent=9823"}],"wp:term":[{"taxonomy":"product_brand","embeddable":true,"href":"https:\/\/med.tattoo\/fr\/wp-json\/wp\/v2\/product_brand?post=9823"},{"taxonomy":"product_cat","embeddable":true,"href":"https:\/\/med.tattoo\/fr\/wp-json\/wp\/v2\/product_cat?post=9823"},{"taxonomy":"product_tag","embeddable":true,"href":"https:\/\/med.tattoo\/fr\/wp-json\/wp\/v2\/product_tag?post=9823"}],"curies":[{"name":"wp","href":"https:\/\/api.w.org\/{rel}","templated":true}]}}