{"id":9909,"date":"2025-05-15T07:33:19","date_gmt":"2025-05-15T05:33:19","guid":{"rendered":"https:\/\/med.tattoo\/produkt\/velox-wipes-na-box-alcohol-free-wipes-100-pcs\/"},"modified":"2025-05-15T07:33:19","modified_gmt":"2025-05-15T05:33:19","slug":"velox-wipes-na-box-alcohol-free-wipes-100-pcs","status":"publish","type":"product","link":"https:\/\/med.tattoo\/fr\/produit\/velox-wipes-na-box-alcohol-free-wipes-100-pcs\/","title":{"rendered":"Velox wipes NA box alcohol-free wipes 100 pcs"},"content":{"rendered":"<p>Les lingettes Velox\u00ae NA sont sp\u00e9cifiquement recommand\u00e9es pour la d\u00e9sinfection des surfaces sensibles \u00e0 l&rsquo;alcool en plastique, verre acrylique, acier inoxydable, m\u00e9tal, aluminium, caoutchouc, porcelaine. Elles peuvent \u00eatre utilis\u00e9es dans le secteur m\u00e9dical, la gastronomie, les maisons de retraite, les spas, les salons de fitness et de spa, les salons de coiffure et de beaut\u00e9, les salons de massage, les jardins d&rsquo;enfants et les \u00e9coles. Ils sont recommand\u00e9s pour la d\u00e9sinfection des appareils m\u00e9dicaux, des \u00e9quipements de r\u00e9\u00e9ducation, des fauteuils de traitement, des incubateurs, des t\u00eates \u00e0 ultrasons et des lampes de traitement. Ils ne contiennent pas d&rsquo;ald\u00e9hydes ni de phosphates et ne d\u00e9colorent donc pas les surfaces d\u00e9sinfect\u00e9es. Ils ont un parfum agr\u00e9able. Ils peuvent \u00eatre utilis\u00e9s sur les surfaces des dispositifs m\u00e9dicaux en contact avec les aliments. Le produit b\u00e9n\u00e9ficie d&rsquo;un avis positif du fabricant de mat\u00e9riel m\u00e9dical Famed.      <\/p>\n<p>Placez la cartouche dans la bo\u00eete. Retirez le mouchoir en papier de l&#8217;emballage et essuyez la surface d\u00e9sinfect\u00e9e avec. Fermez herm\u00e9tiquement le couvercle de la bo\u00eete. Une fois ouverte, la bo\u00eete doit \u00eatre utilis\u00e9e dans les 30 jours. Ne l&rsquo;utilisez pas si la lingette est s\u00e8che. Il n&rsquo;est pas n\u00e9cessaire de rincer la surface \u00e0 l&rsquo;eau. Pour les surfaces particuli\u00e8rement sensibles, il est recommand\u00e9 de faire un essai sur une zone non visible. Produit destin\u00e9 \u00e0 un utilisateur professionnel.       <\/p>\n","protected":false},"excerpt":{"rendered":"<p>Les lingettes Velox\u00ae NA sont sp\u00e9cifiquement recommand\u00e9es pour la d\u00e9sinfection des surfaces sensibles \u00e0 l&rsquo;alcool en plastique, verre acrylique, acier inoxydable, m\u00e9tal, aluminium, caoutchouc, porcelaine. Elles peuvent \u00eatre utilis\u00e9es dans le secteur m\u00e9dical, la gastronomie, les maisons de retraite, les spas, les salons de fitness et de spa, les salons de coiffure et de beaut\u00e9, [&hellip;]<\/p>\n","protected":false},"featured_media":8179,"comment_status":"closed","ping_status":"open","template":"","meta":{"site-sidebar-layout":"default","site-content-layout":"","ast-site-content-layout":"default","site-content-style":"default","site-sidebar-style":"default","ast-global-header-display":"","ast-banner-title-visibility":"","ast-main-header-display":"","ast-hfb-above-header-display":"","ast-hfb-below-header-display":"","ast-hfb-mobile-header-display":"","site-post-title":"","ast-breadcrumbs-content":"","ast-featured-img":"","footer-sml-layout":"","ast-disable-related-posts":"","theme-transparent-header-meta":"","adv-header-id-meta":"","stick-header-meta":"","header-above-stick-meta":"","header-main-stick-meta":"","header-below-stick-meta":"","astra-migrate-meta-layouts":"default","ast-page-background-enabled":"default","ast-page-background-meta":{"desktop":{"background-color":"var(--ast-global-color-4)","background-image":"","background-repeat":"repeat","background-position":"center center","background-size":"auto","background-attachment":"scroll","background-type":"","background-media":"","overlay-type":"","overlay-color":"","overlay-opacity":"","overlay-gradient":""},"tablet":{"background-color":"","background-image":"","background-repeat":"repeat","background-position":"center center","background-size":"auto","background-attachment":"scroll","background-type":"","background-media":"","overlay-type":"","overlay-color":"","overlay-opacity":"","overlay-gradient":""},"mobile":{"background-color":"","background-image":"","background-repeat":"repeat","background-position":"center center","background-size":"auto","background-attachment":"scroll","background-type":"","background-media":"","overlay-type":"","overlay-color":"","overlay-opacity":"","overlay-gradient":""}},"ast-content-background-meta":{"desktop":{"background-color":"var(--ast-global-color-5)","background-image":"","background-repeat":"repeat","background-position":"center center","background-size":"auto","background-attachment":"scroll","background-type":"","background-media":"","overlay-type":"","overlay-color":"","overlay-opacity":"","overlay-gradient":""},"tablet":{"background-color":"var(--ast-global-color-5)","background-image":"","background-repeat":"repeat","background-position":"center center","background-size":"auto","background-attachment":"scroll","background-type":"","background-media":"","overlay-type":"","overlay-color":"","overlay-opacity":"","overlay-gradient":""},"mobile":{"background-color":"var(--ast-global-color-5)","background-image":"","background-repeat":"repeat","background-position":"center center","background-size":"auto","background-attachment":"scroll","background-type":"","background-media":"","overlay-type":"","overlay-color":"","overlay-opacity":"","overlay-gradient":""}}},"product_brand":[],"product_cat":[91],"product_tag":[],"class_list":{"0":"post-9909","1":"product","2":"type-product","3":"status-publish","4":"has-post-thumbnail","6":"product_cat-med-tattoo-fr","7":"desktop-align-left","8":"tablet-align-left","9":"mobile-align-left","10":"ast-product-gallery-layout-horizontal-slider","11":"ast-product-gallery-with-no-image","12":"ast-product-tabs-layout-distributed","14":"first","15":"instock","16":"purchasable","17":"product-type-simple"},"yoast_head":"<!-- This site is optimized with the Yoast SEO plugin v27.3 - https:\/\/yoast.com\/product\/yoast-seo-wordpress\/ -->\n<title>Velox wipes NA box alcohol-free wipes 100 pcs - MED.TATTOO<\/title>\n<meta name=\"robots\" content=\"index, follow, max-snippet:-1, max-image-preview:large, max-video-preview:-1\" \/>\n<link rel=\"canonical\" href=\"https:\/\/med.tattoo\/fr\/produit\/velox-wipes-na-box-alcohol-free-wipes-100-pcs\/\" \/>\n<meta property=\"og:locale\" content=\"fr_FR\" \/>\n<meta property=\"og:type\" content=\"article\" \/>\n<meta property=\"og:title\" content=\"Velox wipes NA box alcohol-free wipes 100 pcs - MED.TATTOO\" \/>\n<meta property=\"og:description\" content=\"Les lingettes Velox\u00ae NA sont sp\u00e9cifiquement recommand\u00e9es pour la d\u00e9sinfection des surfaces sensibles \u00e0 l&rsquo;alcool en plastique, verre acrylique, acier inoxydable, m\u00e9tal, aluminium, caoutchouc, porcelaine. Elles peuvent \u00eatre utilis\u00e9es dans le secteur m\u00e9dical, la gastronomie, les maisons de retraite, les spas, les salons de fitness et de spa, les salons de coiffure et de beaut\u00e9, [&hellip;]\" \/>\n<meta property=\"og:url\" content=\"https:\/\/med.tattoo\/fr\/produit\/velox-wipes-na-box-alcohol-free-wipes-100-pcs\/\" \/>\n<meta property=\"og:site_name\" content=\"MED.TATTOO\" \/>\n<meta property=\"article:publisher\" content=\"https:\/\/www.facebook.com\/profile.php?id=100084366705613\" \/>\n<meta name=\"twitter:card\" content=\"summary_large_image\" \/>\n<meta name=\"twitter:label1\" content=\"Dur\u00e9e de lecture estim\u00e9e\" \/>\n\t<meta name=\"twitter:data1\" content=\"1 minute\" \/>\n<script type=\"application\/ld+json\" class=\"yoast-schema-graph\">{\"@context\":\"https:\\\/\\\/schema.org\",\"@graph\":[{\"@type\":\"WebPage\",\"@id\":\"https:\\\/\\\/med.tattoo\\\/fr\\\/produit\\\/velox-wipes-na-box-alcohol-free-wipes-100-pcs\\\/\",\"url\":\"https:\\\/\\\/med.tattoo\\\/fr\\\/produit\\\/velox-wipes-na-box-alcohol-free-wipes-100-pcs\\\/\",\"name\":\"Velox wipes NA box alcohol-free wipes 100 pcs - MED.TATTOO\",\"isPartOf\":{\"@id\":\"https:\\\/\\\/med.tattoo\\\/fr\\\/#website\"},\"primaryImageOfPage\":{\"@id\":\"https:\\\/\\\/med.tattoo\\\/fr\\\/produit\\\/velox-wipes-na-box-alcohol-free-wipes-100-pcs\\\/#primaryimage\"},\"image\":{\"@id\":\"https:\\\/\\\/med.tattoo\\\/fr\\\/produit\\\/velox-wipes-na-box-alcohol-free-wipes-100-pcs\\\/#primaryimage\"},\"thumbnailUrl\":\"https:\\\/\\\/med.tattoo\\\/wp-content\\\/uploads\\\/2025\\\/05\\\/847_velox-wipes-na-box-chusteczki-bezalkoholowe-100_1744007035.jpg\",\"datePublished\":\"2025-05-15T05:33:19+00:00\",\"breadcrumb\":{\"@id\":\"https:\\\/\\\/med.tattoo\\\/fr\\\/produit\\\/velox-wipes-na-box-alcohol-free-wipes-100-pcs\\\/#breadcrumb\"},\"inLanguage\":\"fr-FR\",\"potentialAction\":[{\"@type\":\"ReadAction\",\"target\":[\"https:\\\/\\\/med.tattoo\\\/fr\\\/produit\\\/velox-wipes-na-box-alcohol-free-wipes-100-pcs\\\/\"]}]},{\"@type\":\"ImageObject\",\"inLanguage\":\"fr-FR\",\"@id\":\"https:\\\/\\\/med.tattoo\\\/fr\\\/produit\\\/velox-wipes-na-box-alcohol-free-wipes-100-pcs\\\/#primaryimage\",\"url\":\"https:\\\/\\\/med.tattoo\\\/wp-content\\\/uploads\\\/2025\\\/05\\\/847_velox-wipes-na-box-chusteczki-bezalkoholowe-100_1744007035.jpg\",\"contentUrl\":\"https:\\\/\\\/med.tattoo\\\/wp-content\\\/uploads\\\/2025\\\/05\\\/847_velox-wipes-na-box-chusteczki-bezalkoholowe-100_1744007035.jpg\",\"width\":760,\"height\":1000},{\"@type\":\"BreadcrumbList\",\"@id\":\"https:\\\/\\\/med.tattoo\\\/fr\\\/produit\\\/velox-wipes-na-box-alcohol-free-wipes-100-pcs\\\/#breadcrumb\",\"itemListElement\":[{\"@type\":\"ListItem\",\"position\":1,\"name\":\"Strona G\u0142\u00f3wna\",\"item\":\"https:\\\/\\\/med.tattoo\\\/fr\\\/\"},{\"@type\":\"ListItem\",\"position\":2,\"name\":\"Boutique\",\"item\":\"https:\\\/\\\/med.tattoo\\\/fr\\\/boutique\\\/\"},{\"@type\":\"ListItem\",\"position\":3,\"name\":\"Velox wipes NA box alcohol-free wipes 100 pcs\"}]},{\"@type\":\"WebSite\",\"@id\":\"https:\\\/\\\/med.tattoo\\\/fr\\\/#website\",\"url\":\"https:\\\/\\\/med.tattoo\\\/fr\\\/\",\"name\":\"MED.TATTOO\",\"description\":\"Wszystko dla Twojego tatua\u017cu\",\"publisher\":{\"@id\":\"https:\\\/\\\/med.tattoo\\\/fr\\\/#organization\"},\"potentialAction\":[{\"@type\":\"SearchAction\",\"target\":{\"@type\":\"EntryPoint\",\"urlTemplate\":\"https:\\\/\\\/med.tattoo\\\/fr\\\/?s={search_term_string}\"},\"query-input\":{\"@type\":\"PropertyValueSpecification\",\"valueRequired\":true,\"valueName\":\"search_term_string\"}}],\"inLanguage\":\"fr-FR\"},{\"@type\":\"Organization\",\"@id\":\"https:\\\/\\\/med.tattoo\\\/fr\\\/#organization\",\"name\":\"MED.TATTOO\",\"url\":\"https:\\\/\\\/med.tattoo\\\/fr\\\/\",\"logo\":{\"@type\":\"ImageObject\",\"inLanguage\":\"fr-FR\",\"@id\":\"https:\\\/\\\/med.tattoo\\\/fr\\\/#\\\/schema\\\/logo\\\/image\\\/\",\"url\":\"https:\\\/\\\/med.tattoo\\\/wp-content\\\/uploads\\\/2025\\\/05\\\/Bez-tytulu-600S300-px-1-e1658908183800.png\",\"contentUrl\":\"https:\\\/\\\/med.tattoo\\\/wp-content\\\/uploads\\\/2025\\\/05\\\/Bez-tytulu-600S300-px-1-e1658908183800.png\",\"width\":600,\"height\":61,\"caption\":\"MED.TATTOO\"},\"image\":{\"@id\":\"https:\\\/\\\/med.tattoo\\\/fr\\\/#\\\/schema\\\/logo\\\/image\\\/\"},\"sameAs\":[\"https:\\\/\\\/www.facebook.com\\\/profile.php?id=100084366705613\",\"https:\\\/\\\/www.instagram.com\\\/med.tattoo_official\\\/\"]}]}<\/script>\n<!-- \/ Yoast SEO plugin. -->","yoast_head_json":{"title":"Velox wipes NA box alcohol-free wipes 100 pcs - MED.TATTOO","robots":{"index":"index","follow":"follow","max-snippet":"max-snippet:-1","max-image-preview":"max-image-preview:large","max-video-preview":"max-video-preview:-1"},"canonical":"https:\/\/med.tattoo\/fr\/produit\/velox-wipes-na-box-alcohol-free-wipes-100-pcs\/","og_locale":"fr_FR","og_type":"article","og_title":"Velox wipes NA box alcohol-free wipes 100 pcs - MED.TATTOO","og_description":"Les lingettes Velox\u00ae NA sont sp\u00e9cifiquement recommand\u00e9es pour la d\u00e9sinfection des surfaces sensibles \u00e0 l&rsquo;alcool en plastique, verre acrylique, acier inoxydable, m\u00e9tal, aluminium, caoutchouc, porcelaine. Elles peuvent \u00eatre utilis\u00e9es dans le secteur m\u00e9dical, la gastronomie, les maisons de retraite, les spas, les salons de fitness et de spa, les salons de coiffure et de beaut\u00e9, [&hellip;]","og_url":"https:\/\/med.tattoo\/fr\/produit\/velox-wipes-na-box-alcohol-free-wipes-100-pcs\/","og_site_name":"MED.TATTOO","article_publisher":"https:\/\/www.facebook.com\/profile.php?id=100084366705613","twitter_card":"summary_large_image","twitter_misc":{"Dur\u00e9e de lecture estim\u00e9e":"1 minute"},"schema":{"@context":"https:\/\/schema.org","@graph":[{"@type":"WebPage","@id":"https:\/\/med.tattoo\/fr\/produit\/velox-wipes-na-box-alcohol-free-wipes-100-pcs\/","url":"https:\/\/med.tattoo\/fr\/produit\/velox-wipes-na-box-alcohol-free-wipes-100-pcs\/","name":"Velox wipes NA box alcohol-free wipes 100 pcs - MED.TATTOO","isPartOf":{"@id":"https:\/\/med.tattoo\/fr\/#website"},"primaryImageOfPage":{"@id":"https:\/\/med.tattoo\/fr\/produit\/velox-wipes-na-box-alcohol-free-wipes-100-pcs\/#primaryimage"},"image":{"@id":"https:\/\/med.tattoo\/fr\/produit\/velox-wipes-na-box-alcohol-free-wipes-100-pcs\/#primaryimage"},"thumbnailUrl":"https:\/\/med.tattoo\/wp-content\/uploads\/2025\/05\/847_velox-wipes-na-box-chusteczki-bezalkoholowe-100_1744007035.jpg","datePublished":"2025-05-15T05:33:19+00:00","breadcrumb":{"@id":"https:\/\/med.tattoo\/fr\/produit\/velox-wipes-na-box-alcohol-free-wipes-100-pcs\/#breadcrumb"},"inLanguage":"fr-FR","potentialAction":[{"@type":"ReadAction","target":["https:\/\/med.tattoo\/fr\/produit\/velox-wipes-na-box-alcohol-free-wipes-100-pcs\/"]}]},{"@type":"ImageObject","inLanguage":"fr-FR","@id":"https:\/\/med.tattoo\/fr\/produit\/velox-wipes-na-box-alcohol-free-wipes-100-pcs\/#primaryimage","url":"https:\/\/med.tattoo\/wp-content\/uploads\/2025\/05\/847_velox-wipes-na-box-chusteczki-bezalkoholowe-100_1744007035.jpg","contentUrl":"https:\/\/med.tattoo\/wp-content\/uploads\/2025\/05\/847_velox-wipes-na-box-chusteczki-bezalkoholowe-100_1744007035.jpg","width":760,"height":1000},{"@type":"BreadcrumbList","@id":"https:\/\/med.tattoo\/fr\/produit\/velox-wipes-na-box-alcohol-free-wipes-100-pcs\/#breadcrumb","itemListElement":[{"@type":"ListItem","position":1,"name":"Strona G\u0142\u00f3wna","item":"https:\/\/med.tattoo\/fr\/"},{"@type":"ListItem","position":2,"name":"Boutique","item":"https:\/\/med.tattoo\/fr\/boutique\/"},{"@type":"ListItem","position":3,"name":"Velox wipes NA box alcohol-free wipes 100 pcs"}]},{"@type":"WebSite","@id":"https:\/\/med.tattoo\/fr\/#website","url":"https:\/\/med.tattoo\/fr\/","name":"MED.TATTOO","description":"Wszystko dla Twojego tatua\u017cu","publisher":{"@id":"https:\/\/med.tattoo\/fr\/#organization"},"potentialAction":[{"@type":"SearchAction","target":{"@type":"EntryPoint","urlTemplate":"https:\/\/med.tattoo\/fr\/?s={search_term_string}"},"query-input":{"@type":"PropertyValueSpecification","valueRequired":true,"valueName":"search_term_string"}}],"inLanguage":"fr-FR"},{"@type":"Organization","@id":"https:\/\/med.tattoo\/fr\/#organization","name":"MED.TATTOO","url":"https:\/\/med.tattoo\/fr\/","logo":{"@type":"ImageObject","inLanguage":"fr-FR","@id":"https:\/\/med.tattoo\/fr\/#\/schema\/logo\/image\/","url":"https:\/\/med.tattoo\/wp-content\/uploads\/2025\/05\/Bez-tytulu-600S300-px-1-e1658908183800.png","contentUrl":"https:\/\/med.tattoo\/wp-content\/uploads\/2025\/05\/Bez-tytulu-600S300-px-1-e1658908183800.png","width":600,"height":61,"caption":"MED.TATTOO"},"image":{"@id":"https:\/\/med.tattoo\/fr\/#\/schema\/logo\/image\/"},"sameAs":["https:\/\/www.facebook.com\/profile.php?id=100084366705613","https:\/\/www.instagram.com\/med.tattoo_official\/"]}]}},"_links":{"self":[{"href":"https:\/\/med.tattoo\/fr\/wp-json\/wp\/v2\/product\/9909","targetHints":{"allow":["GET"]}}],"collection":[{"href":"https:\/\/med.tattoo\/fr\/wp-json\/wp\/v2\/product"}],"about":[{"href":"https:\/\/med.tattoo\/fr\/wp-json\/wp\/v2\/types\/product"}],"replies":[{"embeddable":true,"href":"https:\/\/med.tattoo\/fr\/wp-json\/wp\/v2\/comments?post=9909"}],"wp:featuredmedia":[{"embeddable":true,"href":"https:\/\/med.tattoo\/fr\/wp-json\/wp\/v2\/media\/8179"}],"wp:attachment":[{"href":"https:\/\/med.tattoo\/fr\/wp-json\/wp\/v2\/media?parent=9909"}],"wp:term":[{"taxonomy":"product_brand","embeddable":true,"href":"https:\/\/med.tattoo\/fr\/wp-json\/wp\/v2\/product_brand?post=9909"},{"taxonomy":"product_cat","embeddable":true,"href":"https:\/\/med.tattoo\/fr\/wp-json\/wp\/v2\/product_cat?post=9909"},{"taxonomy":"product_tag","embeddable":true,"href":"https:\/\/med.tattoo\/fr\/wp-json\/wp\/v2\/product_tag?post=9909"}],"curies":[{"name":"wp","href":"https:\/\/api.w.org\/{rel}","templated":true}]}}