{"id":9950,"date":"2025-05-15T07:27:36","date_gmt":"2025-05-15T05:27:36","guid":{"rendered":"https:\/\/med.tattoo\/produkt\/univel-plus-sous-couche-2x-papier-de-soie-1x-film-60cm-x-50m-blanc\/"},"modified":"2025-05-15T07:27:36","modified_gmt":"2025-05-15T05:27:36","slug":"univel-plus-sous-couche-2x-papier-de-soie-1x-film-60cm-x-50m-blanc","status":"publish","type":"product","link":"https:\/\/med.tattoo\/fr\/produit\/univel-plus-sous-couche-2x-papier-de-soie-1x-film-60cm-x-50m-blanc\/","title":{"rendered":"UNIVEL PLUS sous-couche 2x papier de soie 1x film 60cm x 50m Blanc"},"content":{"rendered":"<p>Tampons de protection en papier \u00e0 usage unique 3 couches<\/p>\n<p>blanc<br \/>\nLes serviettes hygi\u00e9niques jetables Univel Plus sont compos\u00e9es de deux couches de papier de soie lamin\u00e9es avec une couche de film protecteur. Les serviettes sont ainsi l\u00e9g\u00e8res et douces. Elles ont une grande r\u00e9sistance \u00e0 la traction et sont imperm\u00e9ables, ce qui garantit leur confort d&rsquo;utilisation.  <\/p>\n<p>D\u00c9TAILS<\/p>\n<p>Nombre de pi\u00e8ces par rouleau : 80<br \/>\nLongueur de la bande sur le rouleau : 40 mb<br \/>\nNombre de rouleaux par paquet : 9<\/p>\n<p>QUELS SONT LES AVANTAGES DES S\u00c9RIES HAUTEMENT PROT\u00c9G\u00c9ES SUR ROULEAU Univel Plus ?<\/p>\n<p>Les serviettes de protection jetables Univel Plus sont compos\u00e9es de trois couches (papier hygi\u00e9nique, papier buvard, film). La face sup\u00e9rieure est constitu\u00e9e d&rsquo;un papier hygi\u00e9nique \u00e0 deux couches (100 % cellulose), tandis que la face inf\u00e9rieure est recouverte d&rsquo;une solide feuille de poly\u00e9thyl\u00e8ne. Cette combinaison rend la sous-couche imperm\u00e9able et antid\u00e9rapante. Les al\u00e8ses Univel Plus sont douces, l\u00e9g\u00e8res, fonctionnelles et polyvalentes. Elles sont imperm\u00e9ables et tr\u00e8s r\u00e9sistantes \u00e0 la d\u00e9chirure.    <\/p>\n","protected":false},"excerpt":{"rendered":"<p>Tampons de protection en papier \u00e0 usage unique 3 couches blanc Les serviettes hygi\u00e9niques jetables Univel Plus sont compos\u00e9es de deux couches de papier de soie lamin\u00e9es avec une couche de film protecteur. Les serviettes sont ainsi l\u00e9g\u00e8res et douces. Elles ont une grande r\u00e9sistance \u00e0 la traction et sont imperm\u00e9ables, ce qui garantit leur [&hellip;]<\/p>\n","protected":false},"featured_media":7739,"comment_status":"closed","ping_status":"open","template":"","meta":{"site-sidebar-layout":"default","site-content-layout":"","ast-site-content-layout":"default","site-content-style":"default","site-sidebar-style":"default","ast-global-header-display":"","ast-banner-title-visibility":"","ast-main-header-display":"","ast-hfb-above-header-display":"","ast-hfb-below-header-display":"","ast-hfb-mobile-header-display":"","site-post-title":"","ast-breadcrumbs-content":"","ast-featured-img":"","footer-sml-layout":"","ast-disable-related-posts":"","theme-transparent-header-meta":"","adv-header-id-meta":"","stick-header-meta":"","header-above-stick-meta":"","header-main-stick-meta":"","header-below-stick-meta":"","astra-migrate-meta-layouts":"default","ast-page-background-enabled":"default","ast-page-background-meta":{"desktop":{"background-color":"var(--ast-global-color-4)","background-image":"","background-repeat":"repeat","background-position":"center center","background-size":"auto","background-attachment":"scroll","background-type":"","background-media":"","overlay-type":"","overlay-color":"","overlay-opacity":"","overlay-gradient":""},"tablet":{"background-color":"","background-image":"","background-repeat":"repeat","background-position":"center center","background-size":"auto","background-attachment":"scroll","background-type":"","background-media":"","overlay-type":"","overlay-color":"","overlay-opacity":"","overlay-gradient":""},"mobile":{"background-color":"","background-image":"","background-repeat":"repeat","background-position":"center center","background-size":"auto","background-attachment":"scroll","background-type":"","background-media":"","overlay-type":"","overlay-color":"","overlay-opacity":"","overlay-gradient":""}},"ast-content-background-meta":{"desktop":{"background-color":"var(--ast-global-color-5)","background-image":"","background-repeat":"repeat","background-position":"center center","background-size":"auto","background-attachment":"scroll","background-type":"","background-media":"","overlay-type":"","overlay-color":"","overlay-opacity":"","overlay-gradient":""},"tablet":{"background-color":"var(--ast-global-color-5)","background-image":"","background-repeat":"repeat","background-position":"center center","background-size":"auto","background-attachment":"scroll","background-type":"","background-media":"","overlay-type":"","overlay-color":"","overlay-opacity":"","overlay-gradient":""},"mobile":{"background-color":"var(--ast-global-color-5)","background-image":"","background-repeat":"repeat","background-position":"center center","background-size":"auto","background-attachment":"scroll","background-type":"","background-media":"","overlay-type":"","overlay-color":"","overlay-opacity":"","overlay-gradient":""}}},"product_brand":[],"product_cat":[91],"product_tag":[],"class_list":{"0":"post-9950","1":"product","2":"type-product","3":"status-publish","4":"has-post-thumbnail","6":"product_cat-med-tattoo-fr","7":"desktop-align-left","8":"tablet-align-left","9":"mobile-align-left","10":"ast-product-gallery-layout-horizontal-slider","11":"ast-product-gallery-with-no-image","12":"ast-product-tabs-layout-distributed","14":"first","15":"instock","16":"purchasable","17":"product-type-simple"},"yoast_head":"<!-- This site is optimized with the Yoast SEO plugin v27.3 - https:\/\/yoast.com\/product\/yoast-seo-wordpress\/ -->\n<title>UNIVEL PLUS sous-couche 2x papier de soie 1x film 60cm x 50m Blanc - MED.TATTOO<\/title>\n<meta name=\"robots\" content=\"index, follow, max-snippet:-1, max-image-preview:large, max-video-preview:-1\" \/>\n<link rel=\"canonical\" href=\"https:\/\/med.tattoo\/fr\/produit\/univel-plus-sous-couche-2x-papier-de-soie-1x-film-60cm-x-50m-blanc\/\" \/>\n<meta property=\"og:locale\" content=\"fr_FR\" \/>\n<meta property=\"og:type\" content=\"article\" \/>\n<meta property=\"og:title\" content=\"UNIVEL PLUS sous-couche 2x papier de soie 1x film 60cm x 50m Blanc - MED.TATTOO\" \/>\n<meta property=\"og:description\" content=\"Tampons de protection en papier \u00e0 usage unique 3 couches blanc Les serviettes hygi\u00e9niques jetables Univel Plus sont compos\u00e9es de deux couches de papier de soie lamin\u00e9es avec une couche de film protecteur. Les serviettes sont ainsi l\u00e9g\u00e8res et douces. Elles ont une grande r\u00e9sistance \u00e0 la traction et sont imperm\u00e9ables, ce qui garantit leur [&hellip;]\" \/>\n<meta property=\"og:url\" content=\"https:\/\/med.tattoo\/fr\/produit\/univel-plus-sous-couche-2x-papier-de-soie-1x-film-60cm-x-50m-blanc\/\" \/>\n<meta property=\"og:site_name\" content=\"MED.TATTOO\" \/>\n<meta property=\"article:publisher\" content=\"https:\/\/www.facebook.com\/profile.php?id=100084366705613\" \/>\n<meta name=\"twitter:card\" content=\"summary_large_image\" \/>\n<meta name=\"twitter:label1\" content=\"Dur\u00e9e de lecture estim\u00e9e\" \/>\n\t<meta name=\"twitter:data1\" content=\"1 minute\" \/>\n<script type=\"application\/ld+json\" class=\"yoast-schema-graph\">{\"@context\":\"https:\\\/\\\/schema.org\",\"@graph\":[{\"@type\":\"WebPage\",\"@id\":\"https:\\\/\\\/med.tattoo\\\/fr\\\/produit\\\/univel-plus-sous-couche-2x-papier-de-soie-1x-film-60cm-x-50m-blanc\\\/\",\"url\":\"https:\\\/\\\/med.tattoo\\\/fr\\\/produit\\\/univel-plus-sous-couche-2x-papier-de-soie-1x-film-60cm-x-50m-blanc\\\/\",\"name\":\"UNIVEL PLUS sous-couche 2x papier de soie 1x film 60cm x 50m Blanc - MED.TATTOO\",\"isPartOf\":{\"@id\":\"https:\\\/\\\/med.tattoo\\\/fr\\\/#website\"},\"primaryImageOfPage\":{\"@id\":\"https:\\\/\\\/med.tattoo\\\/fr\\\/produit\\\/univel-plus-sous-couche-2x-papier-de-soie-1x-film-60cm-x-50m-blanc\\\/#primaryimage\"},\"image\":{\"@id\":\"https:\\\/\\\/med.tattoo\\\/fr\\\/produit\\\/univel-plus-sous-couche-2x-papier-de-soie-1x-film-60cm-x-50m-blanc\\\/#primaryimage\"},\"thumbnailUrl\":\"https:\\\/\\\/med.tattoo\\\/wp-content\\\/uploads\\\/2025\\\/05\\\/2834_podklad-podfoliowany-2x-bibula-1x-folia-60cm-x-50b_1744006857.jpg\",\"datePublished\":\"2025-05-15T05:27:36+00:00\",\"breadcrumb\":{\"@id\":\"https:\\\/\\\/med.tattoo\\\/fr\\\/produit\\\/univel-plus-sous-couche-2x-papier-de-soie-1x-film-60cm-x-50m-blanc\\\/#breadcrumb\"},\"inLanguage\":\"fr-FR\",\"potentialAction\":[{\"@type\":\"ReadAction\",\"target\":[\"https:\\\/\\\/med.tattoo\\\/fr\\\/produit\\\/univel-plus-sous-couche-2x-papier-de-soie-1x-film-60cm-x-50m-blanc\\\/\"]}]},{\"@type\":\"ImageObject\",\"inLanguage\":\"fr-FR\",\"@id\":\"https:\\\/\\\/med.tattoo\\\/fr\\\/produit\\\/univel-plus-sous-couche-2x-papier-de-soie-1x-film-60cm-x-50m-blanc\\\/#primaryimage\",\"url\":\"https:\\\/\\\/med.tattoo\\\/wp-content\\\/uploads\\\/2025\\\/05\\\/2834_podklad-podfoliowany-2x-bibula-1x-folia-60cm-x-50b_1744006857.jpg\",\"contentUrl\":\"https:\\\/\\\/med.tattoo\\\/wp-content\\\/uploads\\\/2025\\\/05\\\/2834_podklad-podfoliowany-2x-bibula-1x-folia-60cm-x-50b_1744006857.jpg\",\"width\":1037,\"height\":668},{\"@type\":\"BreadcrumbList\",\"@id\":\"https:\\\/\\\/med.tattoo\\\/fr\\\/produit\\\/univel-plus-sous-couche-2x-papier-de-soie-1x-film-60cm-x-50m-blanc\\\/#breadcrumb\",\"itemListElement\":[{\"@type\":\"ListItem\",\"position\":1,\"name\":\"Strona G\u0142\u00f3wna\",\"item\":\"https:\\\/\\\/med.tattoo\\\/fr\\\/\"},{\"@type\":\"ListItem\",\"position\":2,\"name\":\"Boutique\",\"item\":\"https:\\\/\\\/med.tattoo\\\/fr\\\/boutique\\\/\"},{\"@type\":\"ListItem\",\"position\":3,\"name\":\"UNIVEL PLUS sous-couche 2x papier de soie 1x film 60cm x 50m Blanc\"}]},{\"@type\":\"WebSite\",\"@id\":\"https:\\\/\\\/med.tattoo\\\/fr\\\/#website\",\"url\":\"https:\\\/\\\/med.tattoo\\\/fr\\\/\",\"name\":\"MED.TATTOO\",\"description\":\"Wszystko dla Twojego tatua\u017cu\",\"publisher\":{\"@id\":\"https:\\\/\\\/med.tattoo\\\/fr\\\/#organization\"},\"potentialAction\":[{\"@type\":\"SearchAction\",\"target\":{\"@type\":\"EntryPoint\",\"urlTemplate\":\"https:\\\/\\\/med.tattoo\\\/fr\\\/?s={search_term_string}\"},\"query-input\":{\"@type\":\"PropertyValueSpecification\",\"valueRequired\":true,\"valueName\":\"search_term_string\"}}],\"inLanguage\":\"fr-FR\"},{\"@type\":\"Organization\",\"@id\":\"https:\\\/\\\/med.tattoo\\\/fr\\\/#organization\",\"name\":\"MED.TATTOO\",\"url\":\"https:\\\/\\\/med.tattoo\\\/fr\\\/\",\"logo\":{\"@type\":\"ImageObject\",\"inLanguage\":\"fr-FR\",\"@id\":\"https:\\\/\\\/med.tattoo\\\/fr\\\/#\\\/schema\\\/logo\\\/image\\\/\",\"url\":\"https:\\\/\\\/med.tattoo\\\/wp-content\\\/uploads\\\/2025\\\/05\\\/Bez-tytulu-600S300-px-1-e1658908183800.png\",\"contentUrl\":\"https:\\\/\\\/med.tattoo\\\/wp-content\\\/uploads\\\/2025\\\/05\\\/Bez-tytulu-600S300-px-1-e1658908183800.png\",\"width\":600,\"height\":61,\"caption\":\"MED.TATTOO\"},\"image\":{\"@id\":\"https:\\\/\\\/med.tattoo\\\/fr\\\/#\\\/schema\\\/logo\\\/image\\\/\"},\"sameAs\":[\"https:\\\/\\\/www.facebook.com\\\/profile.php?id=100084366705613\",\"https:\\\/\\\/www.instagram.com\\\/med.tattoo_official\\\/\"]}]}<\/script>\n<!-- \/ Yoast SEO plugin. -->","yoast_head_json":{"title":"UNIVEL PLUS sous-couche 2x papier de soie 1x film 60cm x 50m Blanc - MED.TATTOO","robots":{"index":"index","follow":"follow","max-snippet":"max-snippet:-1","max-image-preview":"max-image-preview:large","max-video-preview":"max-video-preview:-1"},"canonical":"https:\/\/med.tattoo\/fr\/produit\/univel-plus-sous-couche-2x-papier-de-soie-1x-film-60cm-x-50m-blanc\/","og_locale":"fr_FR","og_type":"article","og_title":"UNIVEL PLUS sous-couche 2x papier de soie 1x film 60cm x 50m Blanc - MED.TATTOO","og_description":"Tampons de protection en papier \u00e0 usage unique 3 couches blanc Les serviettes hygi\u00e9niques jetables Univel Plus sont compos\u00e9es de deux couches de papier de soie lamin\u00e9es avec une couche de film protecteur. Les serviettes sont ainsi l\u00e9g\u00e8res et douces. Elles ont une grande r\u00e9sistance \u00e0 la traction et sont imperm\u00e9ables, ce qui garantit leur [&hellip;]","og_url":"https:\/\/med.tattoo\/fr\/produit\/univel-plus-sous-couche-2x-papier-de-soie-1x-film-60cm-x-50m-blanc\/","og_site_name":"MED.TATTOO","article_publisher":"https:\/\/www.facebook.com\/profile.php?id=100084366705613","twitter_card":"summary_large_image","twitter_misc":{"Dur\u00e9e de lecture estim\u00e9e":"1 minute"},"schema":{"@context":"https:\/\/schema.org","@graph":[{"@type":"WebPage","@id":"https:\/\/med.tattoo\/fr\/produit\/univel-plus-sous-couche-2x-papier-de-soie-1x-film-60cm-x-50m-blanc\/","url":"https:\/\/med.tattoo\/fr\/produit\/univel-plus-sous-couche-2x-papier-de-soie-1x-film-60cm-x-50m-blanc\/","name":"UNIVEL PLUS sous-couche 2x papier de soie 1x film 60cm x 50m Blanc - MED.TATTOO","isPartOf":{"@id":"https:\/\/med.tattoo\/fr\/#website"},"primaryImageOfPage":{"@id":"https:\/\/med.tattoo\/fr\/produit\/univel-plus-sous-couche-2x-papier-de-soie-1x-film-60cm-x-50m-blanc\/#primaryimage"},"image":{"@id":"https:\/\/med.tattoo\/fr\/produit\/univel-plus-sous-couche-2x-papier-de-soie-1x-film-60cm-x-50m-blanc\/#primaryimage"},"thumbnailUrl":"https:\/\/med.tattoo\/wp-content\/uploads\/2025\/05\/2834_podklad-podfoliowany-2x-bibula-1x-folia-60cm-x-50b_1744006857.jpg","datePublished":"2025-05-15T05:27:36+00:00","breadcrumb":{"@id":"https:\/\/med.tattoo\/fr\/produit\/univel-plus-sous-couche-2x-papier-de-soie-1x-film-60cm-x-50m-blanc\/#breadcrumb"},"inLanguage":"fr-FR","potentialAction":[{"@type":"ReadAction","target":["https:\/\/med.tattoo\/fr\/produit\/univel-plus-sous-couche-2x-papier-de-soie-1x-film-60cm-x-50m-blanc\/"]}]},{"@type":"ImageObject","inLanguage":"fr-FR","@id":"https:\/\/med.tattoo\/fr\/produit\/univel-plus-sous-couche-2x-papier-de-soie-1x-film-60cm-x-50m-blanc\/#primaryimage","url":"https:\/\/med.tattoo\/wp-content\/uploads\/2025\/05\/2834_podklad-podfoliowany-2x-bibula-1x-folia-60cm-x-50b_1744006857.jpg","contentUrl":"https:\/\/med.tattoo\/wp-content\/uploads\/2025\/05\/2834_podklad-podfoliowany-2x-bibula-1x-folia-60cm-x-50b_1744006857.jpg","width":1037,"height":668},{"@type":"BreadcrumbList","@id":"https:\/\/med.tattoo\/fr\/produit\/univel-plus-sous-couche-2x-papier-de-soie-1x-film-60cm-x-50m-blanc\/#breadcrumb","itemListElement":[{"@type":"ListItem","position":1,"name":"Strona G\u0142\u00f3wna","item":"https:\/\/med.tattoo\/fr\/"},{"@type":"ListItem","position":2,"name":"Boutique","item":"https:\/\/med.tattoo\/fr\/boutique\/"},{"@type":"ListItem","position":3,"name":"UNIVEL PLUS sous-couche 2x papier de soie 1x film 60cm x 50m Blanc"}]},{"@type":"WebSite","@id":"https:\/\/med.tattoo\/fr\/#website","url":"https:\/\/med.tattoo\/fr\/","name":"MED.TATTOO","description":"Wszystko dla Twojego tatua\u017cu","publisher":{"@id":"https:\/\/med.tattoo\/fr\/#organization"},"potentialAction":[{"@type":"SearchAction","target":{"@type":"EntryPoint","urlTemplate":"https:\/\/med.tattoo\/fr\/?s={search_term_string}"},"query-input":{"@type":"PropertyValueSpecification","valueRequired":true,"valueName":"search_term_string"}}],"inLanguage":"fr-FR"},{"@type":"Organization","@id":"https:\/\/med.tattoo\/fr\/#organization","name":"MED.TATTOO","url":"https:\/\/med.tattoo\/fr\/","logo":{"@type":"ImageObject","inLanguage":"fr-FR","@id":"https:\/\/med.tattoo\/fr\/#\/schema\/logo\/image\/","url":"https:\/\/med.tattoo\/wp-content\/uploads\/2025\/05\/Bez-tytulu-600S300-px-1-e1658908183800.png","contentUrl":"https:\/\/med.tattoo\/wp-content\/uploads\/2025\/05\/Bez-tytulu-600S300-px-1-e1658908183800.png","width":600,"height":61,"caption":"MED.TATTOO"},"image":{"@id":"https:\/\/med.tattoo\/fr\/#\/schema\/logo\/image\/"},"sameAs":["https:\/\/www.facebook.com\/profile.php?id=100084366705613","https:\/\/www.instagram.com\/med.tattoo_official\/"]}]}},"_links":{"self":[{"href":"https:\/\/med.tattoo\/fr\/wp-json\/wp\/v2\/product\/9950","targetHints":{"allow":["GET"]}}],"collection":[{"href":"https:\/\/med.tattoo\/fr\/wp-json\/wp\/v2\/product"}],"about":[{"href":"https:\/\/med.tattoo\/fr\/wp-json\/wp\/v2\/types\/product"}],"replies":[{"embeddable":true,"href":"https:\/\/med.tattoo\/fr\/wp-json\/wp\/v2\/comments?post=9950"}],"wp:featuredmedia":[{"embeddable":true,"href":"https:\/\/med.tattoo\/fr\/wp-json\/wp\/v2\/media\/7739"}],"wp:attachment":[{"href":"https:\/\/med.tattoo\/fr\/wp-json\/wp\/v2\/media?parent=9950"}],"wp:term":[{"taxonomy":"product_brand","embeddable":true,"href":"https:\/\/med.tattoo\/fr\/wp-json\/wp\/v2\/product_brand?post=9950"},{"taxonomy":"product_cat","embeddable":true,"href":"https:\/\/med.tattoo\/fr\/wp-json\/wp\/v2\/product_cat?post=9950"},{"taxonomy":"product_tag","embeddable":true,"href":"https:\/\/med.tattoo\/fr\/wp-json\/wp\/v2\/product_tag?post=9950"}],"curies":[{"name":"wp","href":"https:\/\/api.w.org\/{rel}","templated":true}]}}