{"id":5539,"date":"2025-05-07T10:30:16","date_gmt":"2025-05-07T08:30:16","guid":{"rendered":"https:\/\/med.tattoo\/izrada-tetovaza\/"},"modified":"2025-05-05T11:09:59","modified_gmt":"2025-05-05T09:09:59","slug":"izrada-tetovaza","status":"publish","type":"page","link":"https:\/\/med.tattoo\/hr\/izrada-tetovaza\/","title":{"rendered":"Izrada tetova\u017ea"},"content":{"rendered":"\t\t<div data-elementor-type=\"wp-page\" data-elementor-id=\"5539\" class=\"elementor elementor-5539 elementor-1925\" data-elementor-settings=\"{&quot;ha_cmc_init_switcher&quot;:&quot;no&quot;}\" data-elementor-post-type=\"page\">\n\t\t\t\t\t\t<section class=\"elementor-section elementor-top-section elementor-element elementor-element-6e6b34e elementor-section-boxed elementor-section-height-default elementor-section-height-default\" data-id=\"6e6b34e\" data-element_type=\"section\" data-e-type=\"section\">\n\t\t\t\t\t\t<div class=\"elementor-container elementor-column-gap-default\">\n\t\t\t\t\t<div class=\"elementor-column elementor-col-100 elementor-top-column elementor-element elementor-element-d3d92af\" data-id=\"d3d92af\" data-element_type=\"column\" data-e-type=\"column\">\n\t\t\t<div class=\"elementor-widget-wrap elementor-element-populated\">\n\t\t\t\t\t\t<div class=\"elementor-element elementor-element-7ef7211 elementor-widget elementor-widget-heading\" data-id=\"7ef7211\" data-element_type=\"widget\" data-e-type=\"widget\" data-widget_type=\"heading.default\">\n\t\t\t\t<div class=\"elementor-widget-container\">\n\t\t\t\t\t<h1 class=\"elementor-heading-title elementor-size-default\">Izrada tetova\u017ea<\/h1>\t\t\t\t<\/div>\n\t\t\t\t<\/div>\n\t\t\t\t<div class=\"elementor-element elementor-element-81cf96f elementor-widget elementor-widget-text-editor\" data-id=\"81cf96f\" data-element_type=\"widget\" data-e-type=\"widget\" data-widget_type=\"text-editor.default\">\n\t\t\t\t<div class=\"elementor-widget-container\">\n\t\t\t\t\t\t\t\t\t<p>Pripremite ko\u017eu prije tetoviranja. Dobro hidratizirana i nahranjena ko\u017ea bit \u0107e meka i podatna.<br>To \u0107e olak\u0161ati sam proces tetoviranja i ubrzati zacjeljivanje. <\/p>\t\t\t\t\t\t\t\t<\/div>\n\t\t\t\t<\/div>\n\t\t\t\t\t<\/div>\n\t\t<\/div>\n\t\t\t\t\t<\/div>\n\t\t<\/section>\n\t\t\t\t<section class=\"elementor-section elementor-top-section elementor-element elementor-element-2adeed29 elementor-section-boxed elementor-section-height-default elementor-section-height-default\" data-id=\"2adeed29\" data-element_type=\"section\" data-e-type=\"section\" data-settings=\"{&quot;background_background&quot;:&quot;classic&quot;}\">\n\t\t\t\t\t\t<div class=\"elementor-container elementor-column-gap-no\">\n\t\t\t\t\t<div class=\"elementor-column elementor-col-100 elementor-top-column elementor-element elementor-element-6491df5c\" data-id=\"6491df5c\" data-element_type=\"column\" data-e-type=\"column\">\n\t\t\t<div class=\"elementor-widget-wrap elementor-element-populated\">\n\t\t\t\t\t\t<div class=\"elementor-element elementor-element-671ca138 elementor-widget elementor-widget-icon-box\" data-id=\"671ca138\" data-element_type=\"widget\" data-e-type=\"widget\" data-widget_type=\"icon-box.default\">\n\t\t\t\t<div class=\"elementor-widget-container\">\n\t\t\t\t\t\t\t<div class=\"elementor-icon-box-wrapper\">\n\n\t\t\t\n\t\t\t\t\t\t<div class=\"elementor-icon-box-content\">\n\n\t\t\t\t\t\t\t\t\t<h3 class=\"elementor-icon-box-title\">\n\t\t\t\t\t\t<span  >\n\t\t\t\t\t\t\t<img decoding=\"async\" role=\"img\" class=\"emoji\" alt=\"\ud83d\udc47\" src=\"https:\/\/s.w.org\/images\/core\/emoji\/14.0.0\/svg\/1f447.svg\">  Pogledajte proizvode za tetoviranje\t\t\t\t\t\t<\/span>\n\t\t\t\t\t<\/h3>\n\t\t\t\t\n\t\t\t\t\n\t\t\t<\/div>\n\t\t\t\n\t\t<\/div>\n\t\t\t\t\t\t<\/div>\n\t\t\t\t<\/div>\n\t\t\t\t\t<\/div>\n\t\t<\/div>\n\t\t\t\t\t<\/div>\n\t\t<\/section>\n\t\t\t\t<section class=\"elementor-section elementor-top-section elementor-element elementor-element-e97d782 elementor-section-boxed elementor-section-height-default elementor-section-height-default\" data-id=\"e97d782\" data-element_type=\"section\" data-e-type=\"section\">\n\t\t\t\t\t\t<div class=\"elementor-container elementor-column-gap-default\">\n\t\t\t\t\t<div class=\"elementor-column elementor-col-100 elementor-top-column elementor-element elementor-element-7a3ab12\" data-id=\"7a3ab12\" data-element_type=\"column\" data-e-type=\"column\">\n\t\t\t<div class=\"elementor-widget-wrap elementor-element-populated\">\n\t\t\t\t\t\t<div class=\"elementor-element elementor-element-8692947 elementor-widget elementor-widget-heading\" data-id=\"8692947\" data-element_type=\"widget\" data-e-type=\"widget\" data-widget_type=\"heading.default\">\n\t\t\t\t<div class=\"elementor-widget-container\">\n\t\t\t\t\t<h2 class=\"elementor-heading-title elementor-size-default\">Njega ko\u017ee prije tetoviranja \u2013 za\u0161to je va\u017ena<\/h2>\t\t\t\t<\/div>\n\t\t\t\t<\/div>\n\t\t\t\t<div class=\"elementor-element elementor-element-5c3c445 elementor-widget elementor-widget-text-editor\" data-id=\"5c3c445\" data-element_type=\"widget\" data-e-type=\"widget\" data-widget_type=\"text-editor.default\">\n\t\t\t\t<div class=\"elementor-widget-container\">\n\t\t\t\t\t\t\t\t\t<p>Dostupnost <strong>kozmetike za njegu ko\u017ee i tetova\u017ee<\/strong> neprestano raste. Treba napomenuti da je njegova pravilna priprema prije tetoviranja jednako va\u017ena kao i briga o svje\u017ee napravljenom crte\u017eu na tijelu. Dakle, ako planirate tetovirati svoj motiv iz snova, ne zaboravite pravilno pripremiti ko\u017eu prije posjeta salonu za tetoviranje. <strong>Prirodna kozmetika iz Med.tattoo <\/strong>ne samo da \u0107e je nahraniti i u\u010diniti elasti\u010dnijom, ve\u0107 \u0107e je i dobro navla\u017eiti, \u0161to \u0107e se isplatiti jo\u0161 boljim izgledom tetova\u017ee i br\u017eom regeneracijom ko\u017ee nakon njezine primjene. Zahvaljuju\u0107i \u010dinjenici da kozmetika za njegu ne sadr\u017ei sinteti\u010dke aditive, ne izaziva iritaciju ko\u017ee ili alergije. Preporu\u010duju se posebno onima \u010dija je ko\u017ea vrlo suha i o\u0161te\u0107ena. Osim toga, kozmetika s nevenom ima antibakterijska i za\u0161titna svojstva (protiv sunca), pobolj\u0161ava boju ko\u017ee i ubrzava zacjeljivanje rana.     <\/p>\t\t\t\t\t\t\t\t<\/div>\n\t\t\t\t<\/div>\n\t\t\t\t<div class=\"elementor-element elementor-element-e9eebf5 elementor-widget elementor-widget-heading\" data-id=\"e9eebf5\" data-element_type=\"widget\" data-e-type=\"widget\" data-widget_type=\"heading.default\">\n\t\t\t\t<div class=\"elementor-widget-container\">\n\t\t\t\t\t<h2 class=\"elementor-heading-title elementor-size-default\">Profesionalna kozmetika za njegu ko\u017ee prije tetoviranja \u2013 \u0161to odabrati<\/h2>\t\t\t\t<\/div>\n\t\t\t\t<\/div>\n\t\t\t\t<div class=\"elementor-element elementor-element-b1c0462 elementor-widget elementor-widget-text-editor\" data-id=\"b1c0462\" data-element_type=\"widget\" data-e-type=\"widget\" data-widget_type=\"text-editor.default\">\n\t\t\t\t<div class=\"elementor-widget-container\">\n\t\t\t\t\t\t\t\t\t<p>Raznolikost kozmetike za tetoviranje zna\u010di da svaki kupac ima priliku odabrati onu koja \u0107e mu najbolje odgovarati. Specijalizirana kozmetika u obliku <strong>shea maslaca <\/strong>ili <strong>bijelog vazelina i vazelina s nevenom<\/strong> ima konzistenciju koja olak\u0161ava nano\u0161enje i \u0161irenje po ko\u017ei. Zahvaljuju\u0107i posebnim formulama koje je razvio brend Med.tattoo, na\u0161im kupcima mo\u017eemo jam\u010diti da ova kozmetika nije samo sigurna \u2013 ne senzibilizira i ne iritira slojeve ko\u017ee, ve\u0107 je prije svega u\u010dinkovita. Treba imati na umu da \u0107e zdrava, dobro nahranjena i hidratizirana ko\u017ea biti bolji temelj za maskaru. Tetova\u017ea \u0107e biti izra\u017eenija, a boje intenzivne. Isprobajte na\u0161 <strong>shea maslac za tetoviranje<\/strong> ili bijeli vazelin ili s dodatkom nevena i uvjerite se sami koliko su u\u010dinkoviti!     <\/p>\t\t\t\t\t\t\t\t<\/div>\n\t\t\t\t<\/div>\n\t\t\t\t\t<\/div>\n\t\t<\/div>\n\t\t\t\t\t<\/div>\n\t\t<\/section>\n\t\t\t\t<\/div>\n\t\t","protected":false},"excerpt":{"rendered":"<p>Izrada tetova\u017ea Pripremite ko\u017eu prije tetoviranja. Dobro hidratizirana i nahranjena ko\u017ea bit \u0107e meka i podatna.To \u0107e olak\u0161ati sam proces tetoviranja i ubrzati zacjeljivanje. Pogledajte proizvode za tetoviranje Njega ko\u017ee prije tetoviranja \u2013 za\u0161to je va\u017ena Dostupnost kozmetike za njegu ko\u017ee i tetova\u017ee neprestano raste. Treba napomenuti da je njegova pravilna priprema prije tetoviranja jednako [&hellip;]<\/p>\n","protected":false},"author":1,"featured_media":0,"parent":0,"menu_order":0,"comment_status":"closed","ping_status":"closed","template":"","meta":{"site-sidebar-layout":"no-sidebar","site-content-layout":"page-builder","ast-site-content-layout":"default","site-content-style":"default","site-sidebar-style":"default","ast-global-header-display":"","ast-banner-title-visibility":"","ast-main-header-display":"","ast-hfb-above-header-display":"","ast-hfb-below-header-display":"","ast-hfb-mobile-header-display":"","site-post-title":"disabled","ast-breadcrumbs-content":"","ast-featured-img":"disabled","footer-sml-layout":"","ast-disable-related-posts":"","theme-transparent-header-meta":"disabled","adv-header-id-meta":"","stick-header-meta":"enabled","header-above-stick-meta":"","header-main-stick-meta":"disabled","header-below-stick-meta":"","astra-migrate-meta-layouts":"default","ast-page-background-enabled":"default","ast-page-background-meta":{"desktop":{"background-color":"var(--ast-global-color-4)","background-image":"","background-repeat":"repeat","background-position":"center center","background-size":"auto","background-attachment":"scroll","background-type":"","background-media":"","overlay-type":"","overlay-color":"","overlay-opacity":"","overlay-gradient":""},"tablet":{"background-color":"","background-image":"","background-repeat":"repeat","background-position":"center center","background-size":"auto","background-attachment":"scroll","background-type":"","background-media":"","overlay-type":"","overlay-color":"","overlay-opacity":"","overlay-gradient":""},"mobile":{"background-color":"","background-image":"","background-repeat":"repeat","background-position":"center center","background-size":"auto","background-attachment":"scroll","background-type":"","background-media":"","overlay-type":"","overlay-color":"","overlay-opacity":"","overlay-gradient":""}},"ast-content-background-meta":{"desktop":{"background-color":"var(--ast-global-color-5)","background-image":"","background-repeat":"repeat","background-position":"center center","background-size":"auto","background-attachment":"scroll","background-type":"","background-media":"","overlay-type":"","overlay-color":"","overlay-opacity":"","overlay-gradient":""},"tablet":{"background-color":"var(--ast-global-color-5)","background-image":"","background-repeat":"repeat","background-position":"center center","background-size":"auto","background-attachment":"scroll","background-type":"","background-media":"","overlay-type":"","overlay-color":"","overlay-opacity":"","overlay-gradient":""},"mobile":{"background-color":"var(--ast-global-color-5)","background-image":"","background-repeat":"repeat","background-position":"center center","background-size":"auto","background-attachment":"scroll","background-type":"","background-media":"","overlay-type":"","overlay-color":"","overlay-opacity":"","overlay-gradient":""}},"footnotes":""},"class_list":["post-5539","page","type-page","status-publish","hentry"],"yoast_head":"<!-- This site is optimized with the Yoast SEO plugin v27.3 - https:\/\/yoast.com\/product\/yoast-seo-wordpress\/ -->\n<title>Izrada tetova\u017ea - MED.TATTOO<\/title>\n<meta name=\"description\" content=\"Pripremite ko\u017eu prije tetoviranja. Dobro hidratizirana i nahranjena ko\u017ea bit \u0107e meka i podatna. To \u0107e olak\u0161ati proces tetoviranja...\" \/>\n<meta name=\"robots\" content=\"index, follow, max-snippet:-1, max-image-preview:large, max-video-preview:-1\" \/>\n<link rel=\"canonical\" href=\"https:\/\/med.tattoo\/hr\/izrada-tetovaza\/\" \/>\n<meta property=\"og:locale\" content=\"hr_HR\" \/>\n<meta property=\"og:type\" content=\"article\" \/>\n<meta property=\"og:title\" content=\"Izrada tetova\u017ea - MED.TATTOO\" \/>\n<meta property=\"og:description\" content=\"Pripremite ko\u017eu prije tetoviranja. Dobro hidratizirana i nahranjena ko\u017ea bit \u0107e meka i podatna. To \u0107e olak\u0161ati proces tetoviranja...\" \/>\n<meta property=\"og:url\" content=\"https:\/\/med.tattoo\/hr\/izrada-tetovaza\/\" \/>\n<meta property=\"og:site_name\" content=\"MED.TATTOO\" \/>\n<meta property=\"article:publisher\" content=\"https:\/\/www.facebook.com\/profile.php?id=100084366705613\" \/>\n<meta property=\"og:image\" content=\"https:\/\/med.tattoo\/wp-content\/uploads\/2022\/08\/IMG_8199-300x300.jpg\" \/>\n<meta name=\"twitter:card\" content=\"summary_large_image\" \/>\n<meta name=\"twitter:label1\" content=\"Procijenjeno vrijeme \u010ditanja\" \/>\n\t<meta name=\"twitter:data1\" content=\"2 minute\" \/>\n<script type=\"application\/ld+json\" class=\"yoast-schema-graph\">{\"@context\":\"https:\\\/\\\/schema.org\",\"@graph\":[{\"@type\":\"WebPage\",\"@id\":\"https:\\\/\\\/med.tattoo\\\/hr\\\/izrada-tetovaza\\\/\",\"url\":\"https:\\\/\\\/med.tattoo\\\/hr\\\/izrada-tetovaza\\\/\",\"name\":\"Izrada tetova\u017ea - MED.TATTOO\",\"isPartOf\":{\"@id\":\"https:\\\/\\\/med.tattoo\\\/hr\\\/#website\"},\"primaryImageOfPage\":{\"@id\":\"https:\\\/\\\/med.tattoo\\\/hr\\\/izrada-tetovaza\\\/#primaryimage\"},\"image\":{\"@id\":\"https:\\\/\\\/med.tattoo\\\/hr\\\/izrada-tetovaza\\\/#primaryimage\"},\"thumbnailUrl\":\"https:\\\/\\\/s.w.org\\\/images\\\/core\\\/emoji\\\/14.0.0\\\/svg\\\/1f447.svg\",\"datePublished\":\"2025-05-07T08:30:16+00:00\",\"description\":\"Pripremite ko\u017eu prije tetoviranja. Dobro hidratizirana i nahranjena ko\u017ea bit \u0107e meka i podatna. To \u0107e olak\u0161ati proces tetoviranja...\",\"breadcrumb\":{\"@id\":\"https:\\\/\\\/med.tattoo\\\/hr\\\/izrada-tetovaza\\\/#breadcrumb\"},\"inLanguage\":\"hr\",\"potentialAction\":[{\"@type\":\"ReadAction\",\"target\":[\"https:\\\/\\\/med.tattoo\\\/hr\\\/izrada-tetovaza\\\/\"]}]},{\"@type\":\"ImageObject\",\"inLanguage\":\"hr\",\"@id\":\"https:\\\/\\\/med.tattoo\\\/hr\\\/izrada-tetovaza\\\/#primaryimage\",\"url\":\"https:\\\/\\\/s.w.org\\\/images\\\/core\\\/emoji\\\/14.0.0\\\/svg\\\/1f447.svg\",\"contentUrl\":\"https:\\\/\\\/s.w.org\\\/images\\\/core\\\/emoji\\\/14.0.0\\\/svg\\\/1f447.svg\"},{\"@type\":\"BreadcrumbList\",\"@id\":\"https:\\\/\\\/med.tattoo\\\/hr\\\/izrada-tetovaza\\\/#breadcrumb\",\"itemListElement\":[{\"@type\":\"ListItem\",\"position\":1,\"name\":\"Strona G\u0142\u00f3wna\",\"item\":\"https:\\\/\\\/med.tattoo\\\/hr\\\/\"},{\"@type\":\"ListItem\",\"position\":2,\"name\":\"Izrada tetova\u017ea\"}]},{\"@type\":\"WebSite\",\"@id\":\"https:\\\/\\\/med.tattoo\\\/hr\\\/#website\",\"url\":\"https:\\\/\\\/med.tattoo\\\/hr\\\/\",\"name\":\"MED.TATTOO\",\"description\":\"Wszystko dla Twojego tatua\u017cu\",\"publisher\":{\"@id\":\"https:\\\/\\\/med.tattoo\\\/hr\\\/#organization\"},\"potentialAction\":[{\"@type\":\"SearchAction\",\"target\":{\"@type\":\"EntryPoint\",\"urlTemplate\":\"https:\\\/\\\/med.tattoo\\\/hr\\\/?s={search_term_string}\"},\"query-input\":{\"@type\":\"PropertyValueSpecification\",\"valueRequired\":true,\"valueName\":\"search_term_string\"}}],\"inLanguage\":\"hr\"},{\"@type\":\"Organization\",\"@id\":\"https:\\\/\\\/med.tattoo\\\/hr\\\/#organization\",\"name\":\"MED.TATTOO\",\"url\":\"https:\\\/\\\/med.tattoo\\\/hr\\\/\",\"logo\":{\"@type\":\"ImageObject\",\"inLanguage\":\"hr\",\"@id\":\"https:\\\/\\\/med.tattoo\\\/hr\\\/#\\\/schema\\\/logo\\\/image\\\/\",\"url\":\"https:\\\/\\\/med.tattoo\\\/wp-content\\\/uploads\\\/2025\\\/05\\\/Bez-tytulu-600S300-px-1-e1658908183800.png\",\"contentUrl\":\"https:\\\/\\\/med.tattoo\\\/wp-content\\\/uploads\\\/2025\\\/05\\\/Bez-tytulu-600S300-px-1-e1658908183800.png\",\"width\":600,\"height\":61,\"caption\":\"MED.TATTOO\"},\"image\":{\"@id\":\"https:\\\/\\\/med.tattoo\\\/hr\\\/#\\\/schema\\\/logo\\\/image\\\/\"},\"sameAs\":[\"https:\\\/\\\/www.facebook.com\\\/profile.php?id=100084366705613\",\"https:\\\/\\\/www.instagram.com\\\/med.tattoo_official\\\/\"]}]}<\/script>\n<!-- \/ Yoast SEO plugin. -->","yoast_head_json":{"title":"Izrada tetova\u017ea - MED.TATTOO","description":"Pripremite ko\u017eu prije tetoviranja. Dobro hidratizirana i nahranjena ko\u017ea bit \u0107e meka i podatna. To \u0107e olak\u0161ati proces tetoviranja...","robots":{"index":"index","follow":"follow","max-snippet":"max-snippet:-1","max-image-preview":"max-image-preview:large","max-video-preview":"max-video-preview:-1"},"canonical":"https:\/\/med.tattoo\/hr\/izrada-tetovaza\/","og_locale":"hr_HR","og_type":"article","og_title":"Izrada tetova\u017ea - MED.TATTOO","og_description":"Pripremite ko\u017eu prije tetoviranja. Dobro hidratizirana i nahranjena ko\u017ea bit \u0107e meka i podatna. To \u0107e olak\u0161ati proces tetoviranja...","og_url":"https:\/\/med.tattoo\/hr\/izrada-tetovaza\/","og_site_name":"MED.TATTOO","article_publisher":"https:\/\/www.facebook.com\/profile.php?id=100084366705613","og_image":[{"url":"https:\/\/med.tattoo\/wp-content\/uploads\/2022\/08\/IMG_8199-300x300.jpg","type":"","width":"","height":""}],"twitter_card":"summary_large_image","twitter_misc":{"Procijenjeno vrijeme \u010ditanja":"2 minute"},"schema":{"@context":"https:\/\/schema.org","@graph":[{"@type":"WebPage","@id":"https:\/\/med.tattoo\/hr\/izrada-tetovaza\/","url":"https:\/\/med.tattoo\/hr\/izrada-tetovaza\/","name":"Izrada tetova\u017ea - MED.TATTOO","isPartOf":{"@id":"https:\/\/med.tattoo\/hr\/#website"},"primaryImageOfPage":{"@id":"https:\/\/med.tattoo\/hr\/izrada-tetovaza\/#primaryimage"},"image":{"@id":"https:\/\/med.tattoo\/hr\/izrada-tetovaza\/#primaryimage"},"thumbnailUrl":"https:\/\/s.w.org\/images\/core\/emoji\/14.0.0\/svg\/1f447.svg","datePublished":"2025-05-07T08:30:16+00:00","description":"Pripremite ko\u017eu prije tetoviranja. Dobro hidratizirana i nahranjena ko\u017ea bit \u0107e meka i podatna. To \u0107e olak\u0161ati proces tetoviranja...","breadcrumb":{"@id":"https:\/\/med.tattoo\/hr\/izrada-tetovaza\/#breadcrumb"},"inLanguage":"hr","potentialAction":[{"@type":"ReadAction","target":["https:\/\/med.tattoo\/hr\/izrada-tetovaza\/"]}]},{"@type":"ImageObject","inLanguage":"hr","@id":"https:\/\/med.tattoo\/hr\/izrada-tetovaza\/#primaryimage","url":"https:\/\/s.w.org\/images\/core\/emoji\/14.0.0\/svg\/1f447.svg","contentUrl":"https:\/\/s.w.org\/images\/core\/emoji\/14.0.0\/svg\/1f447.svg"},{"@type":"BreadcrumbList","@id":"https:\/\/med.tattoo\/hr\/izrada-tetovaza\/#breadcrumb","itemListElement":[{"@type":"ListItem","position":1,"name":"Strona G\u0142\u00f3wna","item":"https:\/\/med.tattoo\/hr\/"},{"@type":"ListItem","position":2,"name":"Izrada tetova\u017ea"}]},{"@type":"WebSite","@id":"https:\/\/med.tattoo\/hr\/#website","url":"https:\/\/med.tattoo\/hr\/","name":"MED.TATTOO","description":"Wszystko dla Twojego tatua\u017cu","publisher":{"@id":"https:\/\/med.tattoo\/hr\/#organization"},"potentialAction":[{"@type":"SearchAction","target":{"@type":"EntryPoint","urlTemplate":"https:\/\/med.tattoo\/hr\/?s={search_term_string}"},"query-input":{"@type":"PropertyValueSpecification","valueRequired":true,"valueName":"search_term_string"}}],"inLanguage":"hr"},{"@type":"Organization","@id":"https:\/\/med.tattoo\/hr\/#organization","name":"MED.TATTOO","url":"https:\/\/med.tattoo\/hr\/","logo":{"@type":"ImageObject","inLanguage":"hr","@id":"https:\/\/med.tattoo\/hr\/#\/schema\/logo\/image\/","url":"https:\/\/med.tattoo\/wp-content\/uploads\/2025\/05\/Bez-tytulu-600S300-px-1-e1658908183800.png","contentUrl":"https:\/\/med.tattoo\/wp-content\/uploads\/2025\/05\/Bez-tytulu-600S300-px-1-e1658908183800.png","width":600,"height":61,"caption":"MED.TATTOO"},"image":{"@id":"https:\/\/med.tattoo\/hr\/#\/schema\/logo\/image\/"},"sameAs":["https:\/\/www.facebook.com\/profile.php?id=100084366705613","https:\/\/www.instagram.com\/med.tattoo_official\/"]}]}},"_links":{"self":[{"href":"https:\/\/med.tattoo\/hr\/wp-json\/wp\/v2\/pages\/5539","targetHints":{"allow":["GET"]}}],"collection":[{"href":"https:\/\/med.tattoo\/hr\/wp-json\/wp\/v2\/pages"}],"about":[{"href":"https:\/\/med.tattoo\/hr\/wp-json\/wp\/v2\/types\/page"}],"author":[{"embeddable":true,"href":"https:\/\/med.tattoo\/hr\/wp-json\/wp\/v2\/users\/1"}],"replies":[{"embeddable":true,"href":"https:\/\/med.tattoo\/hr\/wp-json\/wp\/v2\/comments?post=5539"}],"version-history":[{"count":1,"href":"https:\/\/med.tattoo\/hr\/wp-json\/wp\/v2\/pages\/5539\/revisions"}],"predecessor-version":[{"id":5540,"href":"https:\/\/med.tattoo\/hr\/wp-json\/wp\/v2\/pages\/5539\/revisions\/5540"}],"wp:attachment":[{"href":"https:\/\/med.tattoo\/hr\/wp-json\/wp\/v2\/media?parent=5539"}],"curies":[{"name":"wp","href":"https:\/\/api.w.org\/{rel}","templated":true}]}}