{"id":5604,"date":"2025-05-07T10:30:02","date_gmt":"2025-05-07T08:30:02","guid":{"rendered":"https:\/\/med.tattoo\/o-nama\/"},"modified":"2025-05-05T11:18:18","modified_gmt":"2025-05-05T09:18:18","slug":"o-nama","status":"publish","type":"page","link":"https:\/\/med.tattoo\/hr\/o-nama\/","title":{"rendered":"O nama"},"content":{"rendered":"\t\t<div data-elementor-type=\"wp-page\" data-elementor-id=\"5604\" class=\"elementor elementor-5604 elementor-381\" data-elementor-settings=\"{&quot;ha_cmc_init_switcher&quot;:&quot;no&quot;}\" data-elementor-post-type=\"page\">\n\t\t\t\t\t\t<section class=\"elementor-section elementor-top-section elementor-element elementor-element-440e8a16 elementor-section-boxed elementor-section-height-default elementor-section-height-default\" data-id=\"440e8a16\" data-element_type=\"section\" data-e-type=\"section\" data-settings=\"{&quot;background_background&quot;:&quot;classic&quot;}\">\n\t\t\t\t\t\t<div class=\"elementor-container elementor-column-gap-default\">\n\t\t\t\t\t<div class=\"elementor-column elementor-col-100 elementor-top-column elementor-element elementor-element-43f28151\" data-id=\"43f28151\" data-element_type=\"column\" data-e-type=\"column\">\n\t\t\t<div class=\"elementor-widget-wrap elementor-element-populated\">\n\t\t\t\t\t\t<div class=\"elementor-element elementor-element-1b5ce88 elementor-widget elementor-widget-heading\" data-id=\"1b5ce88\" data-element_type=\"widget\" data-e-type=\"widget\" data-widget_type=\"heading.default\">\n\t\t\t\t<div class=\"elementor-widget-container\">\n\t\t\t\t\t<h1 class=\"elementor-heading-title elementor-size-default\">O NAMA<\/h1>\t\t\t\t<\/div>\n\t\t\t\t<\/div>\n\t\t\t\t<div class=\"elementor-element elementor-element-9296ee8 elementor-widget elementor-widget-heading\" data-id=\"9296ee8\" data-element_type=\"widget\" data-e-type=\"widget\" data-widget_type=\"heading.default\">\n\t\t\t\t<div class=\"elementor-widget-container\">\n\t\t\t\t\t<h2 class=\"elementor-heading-title elementor-size-default\">Med.tattoo \u2013 proizvo\u0111a\u010d prirodne kozmetike za tetoviranje<\/h2>\t\t\t\t<\/div>\n\t\t\t\t<\/div>\n\t\t\t\t<div class=\"elementor-element elementor-element-1437547 elementor-widget elementor-widget-text-editor\" data-id=\"1437547\" data-element_type=\"widget\" data-e-type=\"widget\" data-widget_type=\"text-editor.default\">\n\t\t\t\t<div class=\"elementor-widget-container\">\n\t\t\t\t\t\t\t\t\t<p>Med.tattoo je brend u nastajanju koji proizvodi profesionalnu kozmetiku i dodatke za njegu tetova\u017ea. Stvaraju ga ljudi koji svoje farmaceutsko znanje i iskustvo kombiniraju sa stra\u0161\u0107u prema travarstvu i kozmetici. Takva kombinacija nije mogla po\u0107i po zlu!  <\/p>\t\t\t\t\t\t\t\t<\/div>\n\t\t\t\t<\/div>\n\t\t\t\t<div class=\"elementor-element elementor-element-60a56c0 elementor-widget elementor-widget-heading\" data-id=\"60a56c0\" data-element_type=\"widget\" data-e-type=\"widget\" data-widget_type=\"heading.default\">\n\t\t\t\t<div class=\"elementor-widget-container\">\n\t\t\t\t\t<h2 class=\"elementor-heading-title elementor-size-default\">Upoznajte nas bolje<\/h2>\t\t\t\t<\/div>\n\t\t\t\t<\/div>\n\t\t\t\t<div class=\"elementor-element elementor-element-b28ae90 elementor-widget elementor-widget-text-editor\" data-id=\"b28ae90\" data-element_type=\"widget\" data-e-type=\"widget\" data-widget_type=\"text-editor.default\">\n\t\t\t\t<div class=\"elementor-widget-container\">\n\t\t\t\t\t\t\t\t\t<p><strong>Krzysiek<\/strong> \u2013 vi\u0161e od dvadeset godina uzgaja neven, neven i kamilicu, izra\u0111uju\u0107i macerate i ekstrakte iz njih.<\/p>\t\t\t\t\t\t\t\t<\/div>\n\t\t\t\t<\/div>\n\t\t\t\t<div class=\"elementor-element elementor-element-fed1c78 elementor-widget elementor-widget-text-editor\" data-id=\"fed1c78\" data-element_type=\"widget\" data-e-type=\"widget\" data-widget_type=\"text-editor.default\">\n\t\t\t\t<div class=\"elementor-widget-container\">\n\t\t\t\t\t\t\t\t\t<p><strong>Kuba<\/strong> \u2013 gotovo dvadeset godina, kontinuirano rade\u0107i kao farmaceut u farmaceutskoj industriji, nastoji pomo\u0107i ljudima. Pogotovo onima kojima je potrebna dugotrajna skrb. Ovo je jedinstvena skupina pacijenata s ko\u017enim problemima, m.in.   <\/p>\t\t\t\t\t\t\t\t<\/div>\n\t\t\t\t<\/div>\n\t\t\t\t<div class=\"elementor-element elementor-element-e554c1f elementor-widget elementor-widget-text-editor\" data-id=\"e554c1f\" data-element_type=\"widget\" data-e-type=\"widget\" data-widget_type=\"text-editor.default\">\n\t\t\t\t<div class=\"elementor-widget-container\">\n\t\t\t\t\t\t\t\t\t<p>U Med.tattoou smo se bavili <strong>proizvodnjom i distribucijom kozmetike za njegu tetova\u017ea<\/strong> jer posjedujemo \u0161irok spektar znanja u ovom podru\u010dju. Udru\u017eili smo snage kako bismo stvorili proizvode namijenjene osobama s tetova\u017eama i tattoo umjetnicima. <\/p><p>Prije nego \u0161to smo proizveli na\u0161e proizvode, proveli smo mnogo sati razgovaraju\u0107i s profesionalnim tattoo umjetnicima i vlasnicima tetova\u017ea, zahvaljuju\u0107i \u010demu smo nau\u010dili o potrebama tr\u017ei\u0161ta i uspjeli jo\u0161 bolje usavr\u0161iti recepte.<\/p><p>Na\u0161a <strong>kozmetika za tetoviranje<\/strong> nije masovno proizvedena, tako da mo\u017eemo jam\u010diti najvi\u0161u kvalitetu i pa\u017enju na svaki detalj. <strong>Kreme, maslaci za tetoviranje, vazelin s nevenom i uljima za ko\u017eu<\/strong> proizvodi su najvi\u0161e kvalitete, potvr\u0111eni potrebnim certifikatima.<\/p><p>U proizvodnji prirodne kozmetike prvenstveno se fokusiramo na njihovu kvalitetu. Ba\u0161 kao i u uzgoju bilja, i ovdje se ne koriste herbicidi, kozmetika ne sadr\u017ei umjetne aditive ili konzervanse. Kozmetika tako\u0111er nije testirana na \u017eivotinjama. Kozmetika koju stvaramo<strong> je 100% prirodna i veganska<\/strong>.   <\/p><p>Proizvodnja <strong>kozmetike za njegu i zacjeljivanje tetova\u017ea<\/strong> tvrtke <strong>Med.tatto <\/strong>odvija se u renomiranom laboratoriju u Slova\u010dkoj, \u0161to jam\u010di po\u0161tivanje svih EU standarda.<\/p><p>Na\u0161im kupcima nudimo 100% prirodnu i vegansku kozmetiku. Proizvodi za njegu ko\u017ee i dodaci za zacjeljivanje tetova\u017ea iz Med.tattoo su najkvalitetniji, udobni za kori\u0161tenje, sigurni za ko\u017eu i prije svega u\u010dinkoviti! Provjerite na\u0161u ponudu i iskoristite <a href=\"https:\/\/med.tattoo\/sklep\/\"><strong>online kupnju<\/strong><\/a> po atraktivnim cijenama. Dobrodo\u0161ao!   <\/p>\t\t\t\t\t\t\t\t<\/div>\n\t\t\t\t<\/div>\n\t\t\t\t\t<\/div>\n\t\t<\/div>\n\t\t\t\t\t<\/div>\n\t\t<\/section>\n\t\t\t\t<\/div>\n\t\t","protected":false},"excerpt":{"rendered":"<p>O NAMA Med.tattoo \u2013 proizvo\u0111a\u010d prirodne kozmetike za tetoviranje Med.tattoo je brend u nastajanju koji proizvodi profesionalnu kozmetiku i dodatke za njegu tetova\u017ea. Stvaraju ga ljudi koji svoje farmaceutsko znanje i iskustvo kombiniraju sa stra\u0161\u0107u prema travarstvu i kozmetici. Takva kombinacija nije mogla po\u0107i po zlu! Upoznajte nas bolje Krzysiek \u2013 vi\u0161e od dvadeset godina [&hellip;]<\/p>\n","protected":false},"author":1,"featured_media":0,"parent":0,"menu_order":0,"comment_status":"closed","ping_status":"closed","template":"","meta":{"site-sidebar-layout":"no-sidebar","site-content-layout":"page-builder","ast-site-content-layout":"default","site-content-style":"default","site-sidebar-style":"default","ast-global-header-display":"","ast-banner-title-visibility":"","ast-main-header-display":"","ast-hfb-above-header-display":"","ast-hfb-below-header-display":"","ast-hfb-mobile-header-display":"","site-post-title":"disabled","ast-breadcrumbs-content":"disabled","ast-featured-img":"disabled","footer-sml-layout":"","ast-disable-related-posts":"","theme-transparent-header-meta":"disabled","adv-header-id-meta":"","stick-header-meta":"enabled","header-above-stick-meta":"","header-main-stick-meta":"disabled","header-below-stick-meta":"","astra-migrate-meta-layouts":"default","ast-page-background-enabled":"default","ast-page-background-meta":{"desktop":{"background-color":"var(--ast-global-color-4)","background-image":"","background-repeat":"repeat","background-position":"center center","background-size":"auto","background-attachment":"scroll","background-type":"","background-media":"","overlay-type":"","overlay-color":"","overlay-opacity":"","overlay-gradient":""},"tablet":{"background-color":"","background-image":"","background-repeat":"repeat","background-position":"center center","background-size":"auto","background-attachment":"scroll","background-type":"","background-media":"","overlay-type":"","overlay-color":"","overlay-opacity":"","overlay-gradient":""},"mobile":{"background-color":"","background-image":"","background-repeat":"repeat","background-position":"center center","background-size":"auto","background-attachment":"scroll","background-type":"","background-media":"","overlay-type":"","overlay-color":"","overlay-opacity":"","overlay-gradient":""}},"ast-content-background-meta":{"desktop":{"background-color":"var(--ast-global-color-5)","background-image":"","background-repeat":"repeat","background-position":"center center","background-size":"auto","background-attachment":"scroll","background-type":"","background-media":"","overlay-type":"","overlay-color":"","overlay-opacity":"","overlay-gradient":""},"tablet":{"background-color":"var(--ast-global-color-5)","background-image":"","background-repeat":"repeat","background-position":"center center","background-size":"auto","background-attachment":"scroll","background-type":"","background-media":"","overlay-type":"","overlay-color":"","overlay-opacity":"","overlay-gradient":""},"mobile":{"background-color":"var(--ast-global-color-5)","background-image":"","background-repeat":"repeat","background-position":"center center","background-size":"auto","background-attachment":"scroll","background-type":"","background-media":"","overlay-type":"","overlay-color":"","overlay-opacity":"","overlay-gradient":""}},"footnotes":""},"class_list":["post-5604","page","type-page","status-publish","hentry"],"yoast_head":"<!-- This site is optimized with the Yoast SEO plugin v27.3 - https:\/\/yoast.com\/product\/yoast-seo-wordpress\/ -->\n<title>Njega tetova\u017ea kozmetikom iz Med.tattoo - O nama<\/title>\n<meta name=\"description\" content=\"U Med.tatto prodajemo originalnu kozmetiku za njegu tetova\u017ea. U ponudi imamo 100% prirodnu i vegansku kozmetiku. Saznajte vi\u0161e o nama!\" \/>\n<meta name=\"robots\" content=\"index, follow, max-snippet:-1, max-image-preview:large, max-video-preview:-1\" \/>\n<link rel=\"canonical\" href=\"https:\/\/med.tattoo\/hr\/o-nama\/\" \/>\n<meta property=\"og:locale\" content=\"hr_HR\" \/>\n<meta property=\"og:type\" content=\"article\" \/>\n<meta property=\"og:title\" content=\"Njega tetova\u017ea kozmetikom iz Med.tattoo - O nama\" \/>\n<meta property=\"og:description\" content=\"U Med.tatto prodajemo originalnu kozmetiku za njegu tetova\u017ea. U ponudi imamo 100% prirodnu i vegansku kozmetiku. Saznajte vi\u0161e o nama!\" \/>\n<meta property=\"og:url\" content=\"https:\/\/med.tattoo\/hr\/o-nama\/\" \/>\n<meta property=\"og:site_name\" content=\"MED.TATTOO\" \/>\n<meta property=\"article:publisher\" content=\"https:\/\/www.facebook.com\/profile.php?id=100084366705613\" \/>\n<meta name=\"twitter:card\" content=\"summary_large_image\" \/>\n<meta name=\"twitter:label1\" content=\"Procijenjeno vrijeme \u010ditanja\" \/>\n\t<meta name=\"twitter:data1\" content=\"2 minute\" \/>\n<script type=\"application\/ld+json\" class=\"yoast-schema-graph\">{\"@context\":\"https:\\\/\\\/schema.org\",\"@graph\":[{\"@type\":\"WebPage\",\"@id\":\"https:\\\/\\\/med.tattoo\\\/hr\\\/o-nama\\\/\",\"url\":\"https:\\\/\\\/med.tattoo\\\/hr\\\/o-nama\\\/\",\"name\":\"Njega tetova\u017ea kozmetikom iz Med.tattoo - O nama\",\"isPartOf\":{\"@id\":\"https:\\\/\\\/med.tattoo\\\/hr\\\/#website\"},\"datePublished\":\"2025-05-07T08:30:02+00:00\",\"description\":\"U Med.tatto prodajemo originalnu kozmetiku za njegu tetova\u017ea. U ponudi imamo 100% prirodnu i vegansku kozmetiku. Saznajte vi\u0161e o nama!\",\"breadcrumb\":{\"@id\":\"https:\\\/\\\/med.tattoo\\\/hr\\\/o-nama\\\/#breadcrumb\"},\"inLanguage\":\"hr\",\"potentialAction\":[{\"@type\":\"ReadAction\",\"target\":[\"https:\\\/\\\/med.tattoo\\\/hr\\\/o-nama\\\/\"]}]},{\"@type\":\"BreadcrumbList\",\"@id\":\"https:\\\/\\\/med.tattoo\\\/hr\\\/o-nama\\\/#breadcrumb\",\"itemListElement\":[{\"@type\":\"ListItem\",\"position\":1,\"name\":\"Strona G\u0142\u00f3wna\",\"item\":\"https:\\\/\\\/med.tattoo\\\/hr\\\/\"},{\"@type\":\"ListItem\",\"position\":2,\"name\":\"O nama\"}]},{\"@type\":\"WebSite\",\"@id\":\"https:\\\/\\\/med.tattoo\\\/hr\\\/#website\",\"url\":\"https:\\\/\\\/med.tattoo\\\/hr\\\/\",\"name\":\"MED.TATTOO\",\"description\":\"Wszystko dla Twojego tatua\u017cu\",\"publisher\":{\"@id\":\"https:\\\/\\\/med.tattoo\\\/hr\\\/#organization\"},\"potentialAction\":[{\"@type\":\"SearchAction\",\"target\":{\"@type\":\"EntryPoint\",\"urlTemplate\":\"https:\\\/\\\/med.tattoo\\\/hr\\\/?s={search_term_string}\"},\"query-input\":{\"@type\":\"PropertyValueSpecification\",\"valueRequired\":true,\"valueName\":\"search_term_string\"}}],\"inLanguage\":\"hr\"},{\"@type\":\"Organization\",\"@id\":\"https:\\\/\\\/med.tattoo\\\/hr\\\/#organization\",\"name\":\"MED.TATTOO\",\"url\":\"https:\\\/\\\/med.tattoo\\\/hr\\\/\",\"logo\":{\"@type\":\"ImageObject\",\"inLanguage\":\"hr\",\"@id\":\"https:\\\/\\\/med.tattoo\\\/hr\\\/#\\\/schema\\\/logo\\\/image\\\/\",\"url\":\"https:\\\/\\\/med.tattoo\\\/wp-content\\\/uploads\\\/2025\\\/05\\\/Bez-tytulu-600S300-px-1-e1658908183800.png\",\"contentUrl\":\"https:\\\/\\\/med.tattoo\\\/wp-content\\\/uploads\\\/2025\\\/05\\\/Bez-tytulu-600S300-px-1-e1658908183800.png\",\"width\":600,\"height\":61,\"caption\":\"MED.TATTOO\"},\"image\":{\"@id\":\"https:\\\/\\\/med.tattoo\\\/hr\\\/#\\\/schema\\\/logo\\\/image\\\/\"},\"sameAs\":[\"https:\\\/\\\/www.facebook.com\\\/profile.php?id=100084366705613\",\"https:\\\/\\\/www.instagram.com\\\/med.tattoo_official\\\/\"]}]}<\/script>\n<!-- \/ Yoast SEO plugin. -->","yoast_head_json":{"title":"Njega tetova\u017ea kozmetikom iz Med.tattoo - O nama","description":"U Med.tatto prodajemo originalnu kozmetiku za njegu tetova\u017ea. U ponudi imamo 100% prirodnu i vegansku kozmetiku. Saznajte vi\u0161e o nama!","robots":{"index":"index","follow":"follow","max-snippet":"max-snippet:-1","max-image-preview":"max-image-preview:large","max-video-preview":"max-video-preview:-1"},"canonical":"https:\/\/med.tattoo\/hr\/o-nama\/","og_locale":"hr_HR","og_type":"article","og_title":"Njega tetova\u017ea kozmetikom iz Med.tattoo - O nama","og_description":"U Med.tatto prodajemo originalnu kozmetiku za njegu tetova\u017ea. U ponudi imamo 100% prirodnu i vegansku kozmetiku. Saznajte vi\u0161e o nama!","og_url":"https:\/\/med.tattoo\/hr\/o-nama\/","og_site_name":"MED.TATTOO","article_publisher":"https:\/\/www.facebook.com\/profile.php?id=100084366705613","twitter_card":"summary_large_image","twitter_misc":{"Procijenjeno vrijeme \u010ditanja":"2 minute"},"schema":{"@context":"https:\/\/schema.org","@graph":[{"@type":"WebPage","@id":"https:\/\/med.tattoo\/hr\/o-nama\/","url":"https:\/\/med.tattoo\/hr\/o-nama\/","name":"Njega tetova\u017ea kozmetikom iz Med.tattoo - O nama","isPartOf":{"@id":"https:\/\/med.tattoo\/hr\/#website"},"datePublished":"2025-05-07T08:30:02+00:00","description":"U Med.tatto prodajemo originalnu kozmetiku za njegu tetova\u017ea. U ponudi imamo 100% prirodnu i vegansku kozmetiku. Saznajte vi\u0161e o nama!","breadcrumb":{"@id":"https:\/\/med.tattoo\/hr\/o-nama\/#breadcrumb"},"inLanguage":"hr","potentialAction":[{"@type":"ReadAction","target":["https:\/\/med.tattoo\/hr\/o-nama\/"]}]},{"@type":"BreadcrumbList","@id":"https:\/\/med.tattoo\/hr\/o-nama\/#breadcrumb","itemListElement":[{"@type":"ListItem","position":1,"name":"Strona G\u0142\u00f3wna","item":"https:\/\/med.tattoo\/hr\/"},{"@type":"ListItem","position":2,"name":"O nama"}]},{"@type":"WebSite","@id":"https:\/\/med.tattoo\/hr\/#website","url":"https:\/\/med.tattoo\/hr\/","name":"MED.TATTOO","description":"Wszystko dla Twojego tatua\u017cu","publisher":{"@id":"https:\/\/med.tattoo\/hr\/#organization"},"potentialAction":[{"@type":"SearchAction","target":{"@type":"EntryPoint","urlTemplate":"https:\/\/med.tattoo\/hr\/?s={search_term_string}"},"query-input":{"@type":"PropertyValueSpecification","valueRequired":true,"valueName":"search_term_string"}}],"inLanguage":"hr"},{"@type":"Organization","@id":"https:\/\/med.tattoo\/hr\/#organization","name":"MED.TATTOO","url":"https:\/\/med.tattoo\/hr\/","logo":{"@type":"ImageObject","inLanguage":"hr","@id":"https:\/\/med.tattoo\/hr\/#\/schema\/logo\/image\/","url":"https:\/\/med.tattoo\/wp-content\/uploads\/2025\/05\/Bez-tytulu-600S300-px-1-e1658908183800.png","contentUrl":"https:\/\/med.tattoo\/wp-content\/uploads\/2025\/05\/Bez-tytulu-600S300-px-1-e1658908183800.png","width":600,"height":61,"caption":"MED.TATTOO"},"image":{"@id":"https:\/\/med.tattoo\/hr\/#\/schema\/logo\/image\/"},"sameAs":["https:\/\/www.facebook.com\/profile.php?id=100084366705613","https:\/\/www.instagram.com\/med.tattoo_official\/"]}]}},"_links":{"self":[{"href":"https:\/\/med.tattoo\/hr\/wp-json\/wp\/v2\/pages\/5604","targetHints":{"allow":["GET"]}}],"collection":[{"href":"https:\/\/med.tattoo\/hr\/wp-json\/wp\/v2\/pages"}],"about":[{"href":"https:\/\/med.tattoo\/hr\/wp-json\/wp\/v2\/types\/page"}],"author":[{"embeddable":true,"href":"https:\/\/med.tattoo\/hr\/wp-json\/wp\/v2\/users\/1"}],"replies":[{"embeddable":true,"href":"https:\/\/med.tattoo\/hr\/wp-json\/wp\/v2\/comments?post=5604"}],"version-history":[{"count":1,"href":"https:\/\/med.tattoo\/hr\/wp-json\/wp\/v2\/pages\/5604\/revisions"}],"predecessor-version":[{"id":5605,"href":"https:\/\/med.tattoo\/hr\/wp-json\/wp\/v2\/pages\/5604\/revisions\/5605"}],"wp:attachment":[{"href":"https:\/\/med.tattoo\/hr\/wp-json\/wp\/v2\/media?parent=5604"}],"curies":[{"name":"wp","href":"https:\/\/api.w.org\/{rel}","templated":true}]}}