{"id":10072,"date":"2025-05-15T07:20:32","date_gmt":"2025-05-15T05:20:32","guid":{"rendered":"https:\/\/med.tattoo\/produkt\/medicinski-tattoo-dermafix-10cm-15cm-10kom-zastitna-folija-za-tetovaze\/"},"modified":"2025-05-15T07:20:32","modified_gmt":"2025-05-15T05:20:32","slug":"medicinski-tattoo-dermafix-10cm-15cm-10kom-zastitna-folija-za-tetovaze","status":"publish","type":"product","link":"https:\/\/med.tattoo\/hr\/proizvod\/medicinski-tattoo-dermafix-10cm-15cm-10kom-zastitna-folija-za-tetovaze\/","title":{"rendered":"MED.TATTOO DERMAFIX 10cm * 15cm 10kom Za\u0161titna folija za tetova\u017ee"},"content":{"rendered":"<p>DERMAFIX je medicinski proizvod \u2013 okluzivni zavoj, izra\u0111en od tankog, fleksibilnog i mekog poliuretanskog filma. Kolokvijalno poznat kao SecondSkin &#8211; savr\u0161eno se prilago\u0111ava obliku tijela, \u0161tite\u0107i tako tetoviranu ko\u017eu od infekcije i iritacije.  Proziran je, \u0161to vam omogu\u0107uje promatranje zacjeljuju\u0107e tetova\u017ee bez potrebe za skidanjem zavoja.<\/p>\n<p>DERMAFIX je propusan za paru i zrak \u2013 omogu\u0107uje ko\u017ei da di\u0161e. Pru\u017ea savr\u0161eno okru\u017eenje za ko\u017eu, odr\u017eavaju\u0107i odgovaraju\u0107u vla\u017enost i temperaturu, poti\u010du\u0107i tako proces zacjeljivanja rana. DERMAFIX je barijera za mikroorganizme, zahvaljuju\u0107i kojoj smanjuje rizik od infekcije.  <\/p>\n<p>Dostupno u razli\u010ditim veli\u010dinama, rolama: listovi 10 cm * 10 m, 15 cm * 10 m i 10 * 15 cm pakirani u 10 kom.<\/p>\n","protected":false},"excerpt":{"rendered":"<p>DERMAFIX je medicinski proizvod \u2013 okluzivni zavoj, izra\u0111en od tankog, fleksibilnog i mekog poliuretanskog filma. Kolokvijalno poznat kao SecondSkin &#8211; savr\u0161eno se prilago\u0111ava obliku tijela, \u0161tite\u0107i tako tetoviranu ko\u017eu od infekcije i iritacije. Proziran je, \u0161to vam omogu\u0107uje promatranje zacjeljuju\u0107e tetova\u017ee bez potrebe za skidanjem zavoja. DERMAFIX je propusan za paru i zrak \u2013 omogu\u0107uje [&hellip;]<\/p>\n","protected":false},"featured_media":7279,"comment_status":"closed","ping_status":"open","template":"","meta":{"site-sidebar-layout":"default","site-content-layout":"","ast-site-content-layout":"default","site-content-style":"default","site-sidebar-style":"default","ast-global-header-display":"","ast-banner-title-visibility":"","ast-main-header-display":"","ast-hfb-above-header-display":"","ast-hfb-below-header-display":"","ast-hfb-mobile-header-display":"","site-post-title":"","ast-breadcrumbs-content":"","ast-featured-img":"","footer-sml-layout":"","ast-disable-related-posts":"","theme-transparent-header-meta":"","adv-header-id-meta":"","stick-header-meta":"","header-above-stick-meta":"","header-main-stick-meta":"","header-below-stick-meta":"","astra-migrate-meta-layouts":"default","ast-page-background-enabled":"default","ast-page-background-meta":{"desktop":{"background-color":"var(--ast-global-color-4)","background-image":"","background-repeat":"repeat","background-position":"center center","background-size":"auto","background-attachment":"scroll","background-type":"","background-media":"","overlay-type":"","overlay-color":"","overlay-opacity":"","overlay-gradient":""},"tablet":{"background-color":"","background-image":"","background-repeat":"repeat","background-position":"center center","background-size":"auto","background-attachment":"scroll","background-type":"","background-media":"","overlay-type":"","overlay-color":"","overlay-opacity":"","overlay-gradient":""},"mobile":{"background-color":"","background-image":"","background-repeat":"repeat","background-position":"center center","background-size":"auto","background-attachment":"scroll","background-type":"","background-media":"","overlay-type":"","overlay-color":"","overlay-opacity":"","overlay-gradient":""}},"ast-content-background-meta":{"desktop":{"background-color":"var(--ast-global-color-5)","background-image":"","background-repeat":"repeat","background-position":"center center","background-size":"auto","background-attachment":"scroll","background-type":"","background-media":"","overlay-type":"","overlay-color":"","overlay-opacity":"","overlay-gradient":""},"tablet":{"background-color":"var(--ast-global-color-5)","background-image":"","background-repeat":"repeat","background-position":"center center","background-size":"auto","background-attachment":"scroll","background-type":"","background-media":"","overlay-type":"","overlay-color":"","overlay-opacity":"","overlay-gradient":""},"mobile":{"background-color":"var(--ast-global-color-5)","background-image":"","background-repeat":"repeat","background-position":"center center","background-size":"auto","background-attachment":"scroll","background-type":"","background-media":"","overlay-type":"","overlay-color":"","overlay-opacity":"","overlay-gradient":""}}},"product_brand":[],"product_cat":[103],"product_tag":[],"class_list":{"0":"post-10072","1":"product","2":"type-product","3":"status-publish","4":"has-post-thumbnail","6":"product_cat-med-tattoo-hr","7":"desktop-align-left","8":"tablet-align-left","9":"mobile-align-left","10":"ast-product-gallery-layout-horizontal-slider","11":"ast-product-gallery-with-no-image","12":"ast-product-tabs-layout-distributed","14":"first","15":"outofstock","16":"purchasable","17":"product-type-simple"},"yoast_head":"<!-- This site is optimized with the Yoast SEO plugin v27.4 - https:\/\/yoast.com\/product\/yoast-seo-wordpress\/ -->\n<title>MED.TATTOO DERMAFIX 10cm * 15cm 10kom Za\u0161titna folija za tetova\u017ee - MED.TATTOO<\/title>\n<meta name=\"robots\" content=\"index, follow, max-snippet:-1, max-image-preview:large, max-video-preview:-1\" \/>\n<link rel=\"canonical\" href=\"https:\/\/med.tattoo\/hr\/proizvod\/medicinski-tattoo-dermafix-10cm-15cm-10kom-zastitna-folija-za-tetovaze\/\" \/>\n<meta property=\"og:locale\" content=\"hr_HR\" \/>\n<meta property=\"og:type\" content=\"article\" \/>\n<meta property=\"og:title\" content=\"MED.TATTOO DERMAFIX 10cm * 15cm 10kom Za\u0161titna folija za tetova\u017ee - MED.TATTOO\" \/>\n<meta property=\"og:description\" content=\"DERMAFIX je medicinski proizvod \u2013 okluzivni zavoj, izra\u0111en od tankog, fleksibilnog i mekog poliuretanskog filma. Kolokvijalno poznat kao SecondSkin &#8211; savr\u0161eno se prilago\u0111ava obliku tijela, \u0161tite\u0107i tako tetoviranu ko\u017eu od infekcije i iritacije. Proziran je, \u0161to vam omogu\u0107uje promatranje zacjeljuju\u0107e tetova\u017ee bez potrebe za skidanjem zavoja. DERMAFIX je propusan za paru i zrak \u2013 omogu\u0107uje [&hellip;]\" \/>\n<meta property=\"og:url\" content=\"https:\/\/med.tattoo\/hr\/proizvod\/medicinski-tattoo-dermafix-10cm-15cm-10kom-zastitna-folija-za-tetovaze\/\" \/>\n<meta property=\"og:site_name\" content=\"MED.TATTOO\" \/>\n<meta property=\"article:publisher\" content=\"https:\/\/www.facebook.com\/profile.php?id=100084366705613\" \/>\n<meta name=\"twitter:card\" content=\"summary_large_image\" \/>\n<meta name=\"twitter:label1\" content=\"Procijenjeno vrijeme \u010ditanja\" \/>\n\t<meta name=\"twitter:data1\" content=\"1 minuta\" \/>\n<script type=\"application\/ld+json\" class=\"yoast-schema-graph\">{\"@context\":\"https:\\\/\\\/schema.org\",\"@graph\":[{\"@type\":\"WebPage\",\"@id\":\"https:\\\/\\\/med.tattoo\\\/hr\\\/proizvod\\\/medicinski-tattoo-dermafix-10cm-15cm-10kom-zastitna-folija-za-tetovaze\\\/\",\"url\":\"https:\\\/\\\/med.tattoo\\\/hr\\\/proizvod\\\/medicinski-tattoo-dermafix-10cm-15cm-10kom-zastitna-folija-za-tetovaze\\\/\",\"name\":\"MED.TATTOO DERMAFIX 10cm * 15cm 10kom Za\u0161titna folija za tetova\u017ee - MED.TATTOO\",\"isPartOf\":{\"@id\":\"https:\\\/\\\/med.tattoo\\\/hr\\\/#website\"},\"primaryImageOfPage\":{\"@id\":\"https:\\\/\\\/med.tattoo\\\/hr\\\/proizvod\\\/medicinski-tattoo-dermafix-10cm-15cm-10kom-zastitna-folija-za-tetovaze\\\/#primaryimage\"},\"image\":{\"@id\":\"https:\\\/\\\/med.tattoo\\\/hr\\\/proizvod\\\/medicinski-tattoo-dermafix-10cm-15cm-10kom-zastitna-folija-za-tetovaze\\\/#primaryimage\"},\"thumbnailUrl\":\"https:\\\/\\\/med.tattoo\\\/wp-content\\\/uploads\\\/2025\\\/05\\\/260_med.tattoo-dermafix-10cm-15cm-10szt-folia-ochronn_1742990451.jpg\",\"datePublished\":\"2025-05-15T05:20:32+00:00\",\"breadcrumb\":{\"@id\":\"https:\\\/\\\/med.tattoo\\\/hr\\\/proizvod\\\/medicinski-tattoo-dermafix-10cm-15cm-10kom-zastitna-folija-za-tetovaze\\\/#breadcrumb\"},\"inLanguage\":\"hr\",\"potentialAction\":[{\"@type\":\"ReadAction\",\"target\":[\"https:\\\/\\\/med.tattoo\\\/hr\\\/proizvod\\\/medicinski-tattoo-dermafix-10cm-15cm-10kom-zastitna-folija-za-tetovaze\\\/\"]}]},{\"@type\":\"ImageObject\",\"inLanguage\":\"hr\",\"@id\":\"https:\\\/\\\/med.tattoo\\\/hr\\\/proizvod\\\/medicinski-tattoo-dermafix-10cm-15cm-10kom-zastitna-folija-za-tetovaze\\\/#primaryimage\",\"url\":\"https:\\\/\\\/med.tattoo\\\/wp-content\\\/uploads\\\/2025\\\/05\\\/260_med.tattoo-dermafix-10cm-15cm-10szt-folia-ochronn_1742990451.jpg\",\"contentUrl\":\"https:\\\/\\\/med.tattoo\\\/wp-content\\\/uploads\\\/2025\\\/05\\\/260_med.tattoo-dermafix-10cm-15cm-10szt-folia-ochronn_1742990451.jpg\",\"width\":1200,\"height\":777},{\"@type\":\"BreadcrumbList\",\"@id\":\"https:\\\/\\\/med.tattoo\\\/hr\\\/proizvod\\\/medicinski-tattoo-dermafix-10cm-15cm-10kom-zastitna-folija-za-tetovaze\\\/#breadcrumb\",\"itemListElement\":[{\"@type\":\"ListItem\",\"position\":1,\"name\":\"Strona G\u0142\u00f3wna\",\"item\":\"https:\\\/\\\/med.tattoo\\\/hr\\\/\"},{\"@type\":\"ListItem\",\"position\":2,\"name\":\"Trgovina\",\"item\":\"https:\\\/\\\/med.tattoo\\\/hr\\\/shop\\\/\"},{\"@type\":\"ListItem\",\"position\":3,\"name\":\"MED.TATTOO DERMAFIX 10cm * 15cm 10kom Za\u0161titna folija za tetova\u017ee\"}]},{\"@type\":\"WebSite\",\"@id\":\"https:\\\/\\\/med.tattoo\\\/hr\\\/#website\",\"url\":\"https:\\\/\\\/med.tattoo\\\/hr\\\/\",\"name\":\"MED.TATTOO\",\"description\":\"Wszystko dla Twojego tatua\u017cu\",\"publisher\":{\"@id\":\"https:\\\/\\\/med.tattoo\\\/hr\\\/#organization\"},\"potentialAction\":[{\"@type\":\"SearchAction\",\"target\":{\"@type\":\"EntryPoint\",\"urlTemplate\":\"https:\\\/\\\/med.tattoo\\\/hr\\\/?s={search_term_string}\"},\"query-input\":{\"@type\":\"PropertyValueSpecification\",\"valueRequired\":true,\"valueName\":\"search_term_string\"}}],\"inLanguage\":\"hr\"},{\"@type\":\"Organization\",\"@id\":\"https:\\\/\\\/med.tattoo\\\/hr\\\/#organization\",\"name\":\"MED.TATTOO\",\"url\":\"https:\\\/\\\/med.tattoo\\\/hr\\\/\",\"logo\":{\"@type\":\"ImageObject\",\"inLanguage\":\"hr\",\"@id\":\"https:\\\/\\\/med.tattoo\\\/hr\\\/#\\\/schema\\\/logo\\\/image\\\/\",\"url\":\"https:\\\/\\\/med.tattoo\\\/wp-content\\\/uploads\\\/2025\\\/05\\\/Bez-tytulu-600S300-px-1-e1658908183800.png\",\"contentUrl\":\"https:\\\/\\\/med.tattoo\\\/wp-content\\\/uploads\\\/2025\\\/05\\\/Bez-tytulu-600S300-px-1-e1658908183800.png\",\"width\":600,\"height\":61,\"caption\":\"MED.TATTOO\"},\"image\":{\"@id\":\"https:\\\/\\\/med.tattoo\\\/hr\\\/#\\\/schema\\\/logo\\\/image\\\/\"},\"sameAs\":[\"https:\\\/\\\/www.facebook.com\\\/profile.php?id=100084366705613\",\"https:\\\/\\\/www.instagram.com\\\/med.tattoo_official\\\/\"]}]}<\/script>\n<!-- \/ Yoast SEO plugin. -->","yoast_head_json":{"title":"MED.TATTOO DERMAFIX 10cm * 15cm 10kom Za\u0161titna folija za tetova\u017ee - MED.TATTOO","robots":{"index":"index","follow":"follow","max-snippet":"max-snippet:-1","max-image-preview":"max-image-preview:large","max-video-preview":"max-video-preview:-1"},"canonical":"https:\/\/med.tattoo\/hr\/proizvod\/medicinski-tattoo-dermafix-10cm-15cm-10kom-zastitna-folija-za-tetovaze\/","og_locale":"hr_HR","og_type":"article","og_title":"MED.TATTOO DERMAFIX 10cm * 15cm 10kom Za\u0161titna folija za tetova\u017ee - MED.TATTOO","og_description":"DERMAFIX je medicinski proizvod \u2013 okluzivni zavoj, izra\u0111en od tankog, fleksibilnog i mekog poliuretanskog filma. Kolokvijalno poznat kao SecondSkin &#8211; savr\u0161eno se prilago\u0111ava obliku tijela, \u0161tite\u0107i tako tetoviranu ko\u017eu od infekcije i iritacije. Proziran je, \u0161to vam omogu\u0107uje promatranje zacjeljuju\u0107e tetova\u017ee bez potrebe za skidanjem zavoja. DERMAFIX je propusan za paru i zrak \u2013 omogu\u0107uje [&hellip;]","og_url":"https:\/\/med.tattoo\/hr\/proizvod\/medicinski-tattoo-dermafix-10cm-15cm-10kom-zastitna-folija-za-tetovaze\/","og_site_name":"MED.TATTOO","article_publisher":"https:\/\/www.facebook.com\/profile.php?id=100084366705613","twitter_card":"summary_large_image","twitter_misc":{"Procijenjeno vrijeme \u010ditanja":"1 minuta"},"schema":{"@context":"https:\/\/schema.org","@graph":[{"@type":"WebPage","@id":"https:\/\/med.tattoo\/hr\/proizvod\/medicinski-tattoo-dermafix-10cm-15cm-10kom-zastitna-folija-za-tetovaze\/","url":"https:\/\/med.tattoo\/hr\/proizvod\/medicinski-tattoo-dermafix-10cm-15cm-10kom-zastitna-folija-za-tetovaze\/","name":"MED.TATTOO DERMAFIX 10cm * 15cm 10kom Za\u0161titna folija za tetova\u017ee - MED.TATTOO","isPartOf":{"@id":"https:\/\/med.tattoo\/hr\/#website"},"primaryImageOfPage":{"@id":"https:\/\/med.tattoo\/hr\/proizvod\/medicinski-tattoo-dermafix-10cm-15cm-10kom-zastitna-folija-za-tetovaze\/#primaryimage"},"image":{"@id":"https:\/\/med.tattoo\/hr\/proizvod\/medicinski-tattoo-dermafix-10cm-15cm-10kom-zastitna-folija-za-tetovaze\/#primaryimage"},"thumbnailUrl":"https:\/\/med.tattoo\/wp-content\/uploads\/2025\/05\/260_med.tattoo-dermafix-10cm-15cm-10szt-folia-ochronn_1742990451.jpg","datePublished":"2025-05-15T05:20:32+00:00","breadcrumb":{"@id":"https:\/\/med.tattoo\/hr\/proizvod\/medicinski-tattoo-dermafix-10cm-15cm-10kom-zastitna-folija-za-tetovaze\/#breadcrumb"},"inLanguage":"hr","potentialAction":[{"@type":"ReadAction","target":["https:\/\/med.tattoo\/hr\/proizvod\/medicinski-tattoo-dermafix-10cm-15cm-10kom-zastitna-folija-za-tetovaze\/"]}]},{"@type":"ImageObject","inLanguage":"hr","@id":"https:\/\/med.tattoo\/hr\/proizvod\/medicinski-tattoo-dermafix-10cm-15cm-10kom-zastitna-folija-za-tetovaze\/#primaryimage","url":"https:\/\/med.tattoo\/wp-content\/uploads\/2025\/05\/260_med.tattoo-dermafix-10cm-15cm-10szt-folia-ochronn_1742990451.jpg","contentUrl":"https:\/\/med.tattoo\/wp-content\/uploads\/2025\/05\/260_med.tattoo-dermafix-10cm-15cm-10szt-folia-ochronn_1742990451.jpg","width":1200,"height":777},{"@type":"BreadcrumbList","@id":"https:\/\/med.tattoo\/hr\/proizvod\/medicinski-tattoo-dermafix-10cm-15cm-10kom-zastitna-folija-za-tetovaze\/#breadcrumb","itemListElement":[{"@type":"ListItem","position":1,"name":"Strona G\u0142\u00f3wna","item":"https:\/\/med.tattoo\/hr\/"},{"@type":"ListItem","position":2,"name":"Trgovina","item":"https:\/\/med.tattoo\/hr\/shop\/"},{"@type":"ListItem","position":3,"name":"MED.TATTOO DERMAFIX 10cm * 15cm 10kom Za\u0161titna folija za tetova\u017ee"}]},{"@type":"WebSite","@id":"https:\/\/med.tattoo\/hr\/#website","url":"https:\/\/med.tattoo\/hr\/","name":"MED.TATTOO","description":"Wszystko dla Twojego tatua\u017cu","publisher":{"@id":"https:\/\/med.tattoo\/hr\/#organization"},"potentialAction":[{"@type":"SearchAction","target":{"@type":"EntryPoint","urlTemplate":"https:\/\/med.tattoo\/hr\/?s={search_term_string}"},"query-input":{"@type":"PropertyValueSpecification","valueRequired":true,"valueName":"search_term_string"}}],"inLanguage":"hr"},{"@type":"Organization","@id":"https:\/\/med.tattoo\/hr\/#organization","name":"MED.TATTOO","url":"https:\/\/med.tattoo\/hr\/","logo":{"@type":"ImageObject","inLanguage":"hr","@id":"https:\/\/med.tattoo\/hr\/#\/schema\/logo\/image\/","url":"https:\/\/med.tattoo\/wp-content\/uploads\/2025\/05\/Bez-tytulu-600S300-px-1-e1658908183800.png","contentUrl":"https:\/\/med.tattoo\/wp-content\/uploads\/2025\/05\/Bez-tytulu-600S300-px-1-e1658908183800.png","width":600,"height":61,"caption":"MED.TATTOO"},"image":{"@id":"https:\/\/med.tattoo\/hr\/#\/schema\/logo\/image\/"},"sameAs":["https:\/\/www.facebook.com\/profile.php?id=100084366705613","https:\/\/www.instagram.com\/med.tattoo_official\/"]}]}},"_links":{"self":[{"href":"https:\/\/med.tattoo\/hr\/wp-json\/wp\/v2\/product\/10072","targetHints":{"allow":["GET"]}}],"collection":[{"href":"https:\/\/med.tattoo\/hr\/wp-json\/wp\/v2\/product"}],"about":[{"href":"https:\/\/med.tattoo\/hr\/wp-json\/wp\/v2\/types\/product"}],"replies":[{"embeddable":true,"href":"https:\/\/med.tattoo\/hr\/wp-json\/wp\/v2\/comments?post=10072"}],"wp:featuredmedia":[{"embeddable":true,"href":"https:\/\/med.tattoo\/hr\/wp-json\/wp\/v2\/media\/7279"}],"wp:attachment":[{"href":"https:\/\/med.tattoo\/hr\/wp-json\/wp\/v2\/media?parent=10072"}],"wp:term":[{"taxonomy":"product_brand","embeddable":true,"href":"https:\/\/med.tattoo\/hr\/wp-json\/wp\/v2\/product_brand?post=10072"},{"taxonomy":"product_cat","embeddable":true,"href":"https:\/\/med.tattoo\/hr\/wp-json\/wp\/v2\/product_cat?post=10072"},{"taxonomy":"product_tag","embeddable":true,"href":"https:\/\/med.tattoo\/hr\/wp-json\/wp\/v2\/product_tag?post=10072"}],"curies":[{"name":"wp","href":"https:\/\/api.w.org\/{rel}","templated":true}]}}