{"id":10159,"date":"2025-05-15T07:25:49","date_gmt":"2025-05-15T05:25:49","guid":{"rendered":"https:\/\/med.tattoo\/produkt\/nezamotana-podloga-univel-plus-2x-upijajuci-papir-1x-folija-50cm-x-50m-bijela\/"},"modified":"2025-05-15T07:25:49","modified_gmt":"2025-05-15T05:25:49","slug":"nezamotana-podloga-univel-plus-2x-upijajuci-papir-1x-folija-50cm-x-50m-bijela","status":"publish","type":"product","link":"https:\/\/med.tattoo\/hr\/proizvod\/nezamotana-podloga-univel-plus-2x-upijajuci-papir-1x-folija-50cm-x-50m-bijela\/","title":{"rendered":"Nezamotana podloga UNIVEL PLUS 2x upijaju\u0107i papir 1x folija 50cm x 50m Bijela"},"content":{"rendered":"<p>Jednokratni za\u0161titni jastu\u010di\u0107i od papirnatog papira i folije 3 sloja<\/p>\n<p>Univel Plus jednokratne za\u0161titne podloge izra\u0111ene su od dva sloja papirnatog papira laminiranog jednim slojem za\u0161titne folije. To \u010dini podloge laganim i mekanim. Imaju visoku otpornost na kidanje i vodootporni su, \u0161to osigurava udobnost kori\u0161tenja.  <\/p>\n<p>DETALJI<\/p>\n<p>Broj komada po roli: 80<br \/>\nDuljina mre\u017ee po roli: 40 m<br \/>\nBroj rola u pakiranju: 9<\/p>\n<p>KOJE SU PREDNOSTI HIGIJENSKIH ZA\u0160TITNIH ZAVJESA NA ROLI Univel Plus?<\/p>\n<p>Univel Plus jednokratni za\u0161titni jastu\u010di\u0107i su troslojni (maramica, maramica, folija). Gornja strana izra\u0111ena je od dvoslojnog papirnatog papira (100% celuloza), s izdr\u017eljivim slojem polietilenskog filma na dnu. Ova kombinacija \u010dini podlogu vodootpornom i neklizaju\u0107om. Univel Plus puderi su mekani, lagani, funkcionalni i svestrani. Vodootporni su i imaju visoku otpornost na kidanje.    <\/p>\n","protected":false},"excerpt":{"rendered":"<p>Jednokratni za\u0161titni jastu\u010di\u0107i od papirnatog papira i folije 3 sloja Univel Plus jednokratne za\u0161titne podloge izra\u0111ene su od dva sloja papirnatog papira laminiranog jednim slojem za\u0161titne folije. To \u010dini podloge laganim i mekanim. Imaju visoku otpornost na kidanje i vodootporni su, \u0161to osigurava udobnost kori\u0161tenja. DETALJI Broj komada po roli: 80 Duljina mre\u017ee po roli: [&hellip;]<\/p>\n","protected":false},"featured_media":7687,"comment_status":"closed","ping_status":"open","template":"","meta":{"site-sidebar-layout":"default","site-content-layout":"","ast-site-content-layout":"default","site-content-style":"default","site-sidebar-style":"default","ast-global-header-display":"","ast-banner-title-visibility":"","ast-main-header-display":"","ast-hfb-above-header-display":"","ast-hfb-below-header-display":"","ast-hfb-mobile-header-display":"","site-post-title":"","ast-breadcrumbs-content":"","ast-featured-img":"","footer-sml-layout":"","ast-disable-related-posts":"","theme-transparent-header-meta":"","adv-header-id-meta":"","stick-header-meta":"","header-above-stick-meta":"","header-main-stick-meta":"","header-below-stick-meta":"","astra-migrate-meta-layouts":"default","ast-page-background-enabled":"default","ast-page-background-meta":{"desktop":{"background-color":"var(--ast-global-color-4)","background-image":"","background-repeat":"repeat","background-position":"center center","background-size":"auto","background-attachment":"scroll","background-type":"","background-media":"","overlay-type":"","overlay-color":"","overlay-opacity":"","overlay-gradient":""},"tablet":{"background-color":"","background-image":"","background-repeat":"repeat","background-position":"center center","background-size":"auto","background-attachment":"scroll","background-type":"","background-media":"","overlay-type":"","overlay-color":"","overlay-opacity":"","overlay-gradient":""},"mobile":{"background-color":"","background-image":"","background-repeat":"repeat","background-position":"center center","background-size":"auto","background-attachment":"scroll","background-type":"","background-media":"","overlay-type":"","overlay-color":"","overlay-opacity":"","overlay-gradient":""}},"ast-content-background-meta":{"desktop":{"background-color":"var(--ast-global-color-5)","background-image":"","background-repeat":"repeat","background-position":"center center","background-size":"auto","background-attachment":"scroll","background-type":"","background-media":"","overlay-type":"","overlay-color":"","overlay-opacity":"","overlay-gradient":""},"tablet":{"background-color":"var(--ast-global-color-5)","background-image":"","background-repeat":"repeat","background-position":"center center","background-size":"auto","background-attachment":"scroll","background-type":"","background-media":"","overlay-type":"","overlay-color":"","overlay-opacity":"","overlay-gradient":""},"mobile":{"background-color":"var(--ast-global-color-5)","background-image":"","background-repeat":"repeat","background-position":"center center","background-size":"auto","background-attachment":"scroll","background-type":"","background-media":"","overlay-type":"","overlay-color":"","overlay-opacity":"","overlay-gradient":""}}},"product_brand":[],"product_cat":[103],"product_tag":[],"class_list":{"0":"post-10159","1":"product","2":"type-product","3":"status-publish","4":"has-post-thumbnail","6":"product_cat-med-tattoo-hr","7":"desktop-align-left","8":"tablet-align-left","9":"mobile-align-left","10":"ast-product-gallery-layout-horizontal-slider","11":"ast-product-gallery-with-no-image","12":"ast-product-tabs-layout-distributed","14":"first","15":"instock","16":"purchasable","17":"product-type-simple"},"yoast_head":"<!-- This site is optimized with the Yoast SEO plugin v27.4 - https:\/\/yoast.com\/product\/yoast-seo-wordpress\/ -->\n<title>Nezamotana podloga UNIVEL PLUS 2x upijaju\u0107i papir 1x folija 50cm x 50m Bijela - MED.TATTOO<\/title>\n<meta name=\"robots\" content=\"index, follow, max-snippet:-1, max-image-preview:large, max-video-preview:-1\" \/>\n<link rel=\"canonical\" href=\"https:\/\/med.tattoo\/hr\/proizvod\/nezamotana-podloga-univel-plus-2x-upijajuci-papir-1x-folija-50cm-x-50m-bijela\/\" \/>\n<meta property=\"og:locale\" content=\"hr_HR\" \/>\n<meta property=\"og:type\" content=\"article\" \/>\n<meta property=\"og:title\" content=\"Nezamotana podloga UNIVEL PLUS 2x upijaju\u0107i papir 1x folija 50cm x 50m Bijela - MED.TATTOO\" \/>\n<meta property=\"og:description\" content=\"Jednokratni za\u0161titni jastu\u010di\u0107i od papirnatog papira i folije 3 sloja Univel Plus jednokratne za\u0161titne podloge izra\u0111ene su od dva sloja papirnatog papira laminiranog jednim slojem za\u0161titne folije. To \u010dini podloge laganim i mekanim. Imaju visoku otpornost na kidanje i vodootporni su, \u0161to osigurava udobnost kori\u0161tenja. DETALJI Broj komada po roli: 80 Duljina mre\u017ee po roli: [&hellip;]\" \/>\n<meta property=\"og:url\" content=\"https:\/\/med.tattoo\/hr\/proizvod\/nezamotana-podloga-univel-plus-2x-upijajuci-papir-1x-folija-50cm-x-50m-bijela\/\" \/>\n<meta property=\"og:site_name\" content=\"MED.TATTOO\" \/>\n<meta property=\"article:publisher\" content=\"https:\/\/www.facebook.com\/profile.php?id=100084366705613\" \/>\n<meta name=\"twitter:card\" content=\"summary_large_image\" \/>\n<meta name=\"twitter:label1\" content=\"Procijenjeno vrijeme \u010ditanja\" \/>\n\t<meta name=\"twitter:data1\" content=\"1 minuta\" \/>\n<script type=\"application\/ld+json\" class=\"yoast-schema-graph\">{\"@context\":\"https:\\\/\\\/schema.org\",\"@graph\":[{\"@type\":\"WebPage\",\"@id\":\"https:\\\/\\\/med.tattoo\\\/hr\\\/proizvod\\\/nezamotana-podloga-univel-plus-2x-upijajuci-papir-1x-folija-50cm-x-50m-bijela\\\/\",\"url\":\"https:\\\/\\\/med.tattoo\\\/hr\\\/proizvod\\\/nezamotana-podloga-univel-plus-2x-upijajuci-papir-1x-folija-50cm-x-50m-bijela\\\/\",\"name\":\"Nezamotana podloga UNIVEL PLUS 2x upijaju\u0107i papir 1x folija 50cm x 50m Bijela - MED.TATTOO\",\"isPartOf\":{\"@id\":\"https:\\\/\\\/med.tattoo\\\/hr\\\/#website\"},\"primaryImageOfPage\":{\"@id\":\"https:\\\/\\\/med.tattoo\\\/hr\\\/proizvod\\\/nezamotana-podloga-univel-plus-2x-upijajuci-papir-1x-folija-50cm-x-50m-bijela\\\/#primaryimage\"},\"image\":{\"@id\":\"https:\\\/\\\/med.tattoo\\\/hr\\\/proizvod\\\/nezamotana-podloga-univel-plus-2x-upijajuci-papir-1x-folija-50cm-x-50m-bijela\\\/#primaryimage\"},\"thumbnailUrl\":\"https:\\\/\\\/med.tattoo\\\/wp-content\\\/uploads\\\/2025\\\/05\\\/2825_podklad-podfoliowany-2x-bibula-1x-folia-50cm-x-50b_1744006857.jpg\",\"datePublished\":\"2025-05-15T05:25:49+00:00\",\"breadcrumb\":{\"@id\":\"https:\\\/\\\/med.tattoo\\\/hr\\\/proizvod\\\/nezamotana-podloga-univel-plus-2x-upijajuci-papir-1x-folija-50cm-x-50m-bijela\\\/#breadcrumb\"},\"inLanguage\":\"hr\",\"potentialAction\":[{\"@type\":\"ReadAction\",\"target\":[\"https:\\\/\\\/med.tattoo\\\/hr\\\/proizvod\\\/nezamotana-podloga-univel-plus-2x-upijajuci-papir-1x-folija-50cm-x-50m-bijela\\\/\"]}]},{\"@type\":\"ImageObject\",\"inLanguage\":\"hr\",\"@id\":\"https:\\\/\\\/med.tattoo\\\/hr\\\/proizvod\\\/nezamotana-podloga-univel-plus-2x-upijajuci-papir-1x-folija-50cm-x-50m-bijela\\\/#primaryimage\",\"url\":\"https:\\\/\\\/med.tattoo\\\/wp-content\\\/uploads\\\/2025\\\/05\\\/2825_podklad-podfoliowany-2x-bibula-1x-folia-50cm-x-50b_1744006857.jpg\",\"contentUrl\":\"https:\\\/\\\/med.tattoo\\\/wp-content\\\/uploads\\\/2025\\\/05\\\/2825_podklad-podfoliowany-2x-bibula-1x-folia-50cm-x-50b_1744006857.jpg\",\"width\":1009,\"height\":661},{\"@type\":\"BreadcrumbList\",\"@id\":\"https:\\\/\\\/med.tattoo\\\/hr\\\/proizvod\\\/nezamotana-podloga-univel-plus-2x-upijajuci-papir-1x-folija-50cm-x-50m-bijela\\\/#breadcrumb\",\"itemListElement\":[{\"@type\":\"ListItem\",\"position\":1,\"name\":\"Strona G\u0142\u00f3wna\",\"item\":\"https:\\\/\\\/med.tattoo\\\/hr\\\/\"},{\"@type\":\"ListItem\",\"position\":2,\"name\":\"Trgovina\",\"item\":\"https:\\\/\\\/med.tattoo\\\/hr\\\/shop\\\/\"},{\"@type\":\"ListItem\",\"position\":3,\"name\":\"Nezamotana podloga UNIVEL PLUS 2x upijaju\u0107i papir 1x folija 50cm x 50m Bijela\"}]},{\"@type\":\"WebSite\",\"@id\":\"https:\\\/\\\/med.tattoo\\\/hr\\\/#website\",\"url\":\"https:\\\/\\\/med.tattoo\\\/hr\\\/\",\"name\":\"MED.TATTOO\",\"description\":\"Wszystko dla Twojego tatua\u017cu\",\"publisher\":{\"@id\":\"https:\\\/\\\/med.tattoo\\\/hr\\\/#organization\"},\"potentialAction\":[{\"@type\":\"SearchAction\",\"target\":{\"@type\":\"EntryPoint\",\"urlTemplate\":\"https:\\\/\\\/med.tattoo\\\/hr\\\/?s={search_term_string}\"},\"query-input\":{\"@type\":\"PropertyValueSpecification\",\"valueRequired\":true,\"valueName\":\"search_term_string\"}}],\"inLanguage\":\"hr\"},{\"@type\":\"Organization\",\"@id\":\"https:\\\/\\\/med.tattoo\\\/hr\\\/#organization\",\"name\":\"MED.TATTOO\",\"url\":\"https:\\\/\\\/med.tattoo\\\/hr\\\/\",\"logo\":{\"@type\":\"ImageObject\",\"inLanguage\":\"hr\",\"@id\":\"https:\\\/\\\/med.tattoo\\\/hr\\\/#\\\/schema\\\/logo\\\/image\\\/\",\"url\":\"https:\\\/\\\/med.tattoo\\\/wp-content\\\/uploads\\\/2025\\\/05\\\/Bez-tytulu-600S300-px-1-e1658908183800.png\",\"contentUrl\":\"https:\\\/\\\/med.tattoo\\\/wp-content\\\/uploads\\\/2025\\\/05\\\/Bez-tytulu-600S300-px-1-e1658908183800.png\",\"width\":600,\"height\":61,\"caption\":\"MED.TATTOO\"},\"image\":{\"@id\":\"https:\\\/\\\/med.tattoo\\\/hr\\\/#\\\/schema\\\/logo\\\/image\\\/\"},\"sameAs\":[\"https:\\\/\\\/www.facebook.com\\\/profile.php?id=100084366705613\",\"https:\\\/\\\/www.instagram.com\\\/med.tattoo_official\\\/\"]}]}<\/script>\n<!-- \/ Yoast SEO plugin. -->","yoast_head_json":{"title":"Nezamotana podloga UNIVEL PLUS 2x upijaju\u0107i papir 1x folija 50cm x 50m Bijela - MED.TATTOO","robots":{"index":"index","follow":"follow","max-snippet":"max-snippet:-1","max-image-preview":"max-image-preview:large","max-video-preview":"max-video-preview:-1"},"canonical":"https:\/\/med.tattoo\/hr\/proizvod\/nezamotana-podloga-univel-plus-2x-upijajuci-papir-1x-folija-50cm-x-50m-bijela\/","og_locale":"hr_HR","og_type":"article","og_title":"Nezamotana podloga UNIVEL PLUS 2x upijaju\u0107i papir 1x folija 50cm x 50m Bijela - MED.TATTOO","og_description":"Jednokratni za\u0161titni jastu\u010di\u0107i od papirnatog papira i folije 3 sloja Univel Plus jednokratne za\u0161titne podloge izra\u0111ene su od dva sloja papirnatog papira laminiranog jednim slojem za\u0161titne folije. To \u010dini podloge laganim i mekanim. Imaju visoku otpornost na kidanje i vodootporni su, \u0161to osigurava udobnost kori\u0161tenja. DETALJI Broj komada po roli: 80 Duljina mre\u017ee po roli: [&hellip;]","og_url":"https:\/\/med.tattoo\/hr\/proizvod\/nezamotana-podloga-univel-plus-2x-upijajuci-papir-1x-folija-50cm-x-50m-bijela\/","og_site_name":"MED.TATTOO","article_publisher":"https:\/\/www.facebook.com\/profile.php?id=100084366705613","twitter_card":"summary_large_image","twitter_misc":{"Procijenjeno vrijeme \u010ditanja":"1 minuta"},"schema":{"@context":"https:\/\/schema.org","@graph":[{"@type":"WebPage","@id":"https:\/\/med.tattoo\/hr\/proizvod\/nezamotana-podloga-univel-plus-2x-upijajuci-papir-1x-folija-50cm-x-50m-bijela\/","url":"https:\/\/med.tattoo\/hr\/proizvod\/nezamotana-podloga-univel-plus-2x-upijajuci-papir-1x-folija-50cm-x-50m-bijela\/","name":"Nezamotana podloga UNIVEL PLUS 2x upijaju\u0107i papir 1x folija 50cm x 50m Bijela - MED.TATTOO","isPartOf":{"@id":"https:\/\/med.tattoo\/hr\/#website"},"primaryImageOfPage":{"@id":"https:\/\/med.tattoo\/hr\/proizvod\/nezamotana-podloga-univel-plus-2x-upijajuci-papir-1x-folija-50cm-x-50m-bijela\/#primaryimage"},"image":{"@id":"https:\/\/med.tattoo\/hr\/proizvod\/nezamotana-podloga-univel-plus-2x-upijajuci-papir-1x-folija-50cm-x-50m-bijela\/#primaryimage"},"thumbnailUrl":"https:\/\/med.tattoo\/wp-content\/uploads\/2025\/05\/2825_podklad-podfoliowany-2x-bibula-1x-folia-50cm-x-50b_1744006857.jpg","datePublished":"2025-05-15T05:25:49+00:00","breadcrumb":{"@id":"https:\/\/med.tattoo\/hr\/proizvod\/nezamotana-podloga-univel-plus-2x-upijajuci-papir-1x-folija-50cm-x-50m-bijela\/#breadcrumb"},"inLanguage":"hr","potentialAction":[{"@type":"ReadAction","target":["https:\/\/med.tattoo\/hr\/proizvod\/nezamotana-podloga-univel-plus-2x-upijajuci-papir-1x-folija-50cm-x-50m-bijela\/"]}]},{"@type":"ImageObject","inLanguage":"hr","@id":"https:\/\/med.tattoo\/hr\/proizvod\/nezamotana-podloga-univel-plus-2x-upijajuci-papir-1x-folija-50cm-x-50m-bijela\/#primaryimage","url":"https:\/\/med.tattoo\/wp-content\/uploads\/2025\/05\/2825_podklad-podfoliowany-2x-bibula-1x-folia-50cm-x-50b_1744006857.jpg","contentUrl":"https:\/\/med.tattoo\/wp-content\/uploads\/2025\/05\/2825_podklad-podfoliowany-2x-bibula-1x-folia-50cm-x-50b_1744006857.jpg","width":1009,"height":661},{"@type":"BreadcrumbList","@id":"https:\/\/med.tattoo\/hr\/proizvod\/nezamotana-podloga-univel-plus-2x-upijajuci-papir-1x-folija-50cm-x-50m-bijela\/#breadcrumb","itemListElement":[{"@type":"ListItem","position":1,"name":"Strona G\u0142\u00f3wna","item":"https:\/\/med.tattoo\/hr\/"},{"@type":"ListItem","position":2,"name":"Trgovina","item":"https:\/\/med.tattoo\/hr\/shop\/"},{"@type":"ListItem","position":3,"name":"Nezamotana podloga UNIVEL PLUS 2x upijaju\u0107i papir 1x folija 50cm x 50m Bijela"}]},{"@type":"WebSite","@id":"https:\/\/med.tattoo\/hr\/#website","url":"https:\/\/med.tattoo\/hr\/","name":"MED.TATTOO","description":"Wszystko dla Twojego tatua\u017cu","publisher":{"@id":"https:\/\/med.tattoo\/hr\/#organization"},"potentialAction":[{"@type":"SearchAction","target":{"@type":"EntryPoint","urlTemplate":"https:\/\/med.tattoo\/hr\/?s={search_term_string}"},"query-input":{"@type":"PropertyValueSpecification","valueRequired":true,"valueName":"search_term_string"}}],"inLanguage":"hr"},{"@type":"Organization","@id":"https:\/\/med.tattoo\/hr\/#organization","name":"MED.TATTOO","url":"https:\/\/med.tattoo\/hr\/","logo":{"@type":"ImageObject","inLanguage":"hr","@id":"https:\/\/med.tattoo\/hr\/#\/schema\/logo\/image\/","url":"https:\/\/med.tattoo\/wp-content\/uploads\/2025\/05\/Bez-tytulu-600S300-px-1-e1658908183800.png","contentUrl":"https:\/\/med.tattoo\/wp-content\/uploads\/2025\/05\/Bez-tytulu-600S300-px-1-e1658908183800.png","width":600,"height":61,"caption":"MED.TATTOO"},"image":{"@id":"https:\/\/med.tattoo\/hr\/#\/schema\/logo\/image\/"},"sameAs":["https:\/\/www.facebook.com\/profile.php?id=100084366705613","https:\/\/www.instagram.com\/med.tattoo_official\/"]}]}},"_links":{"self":[{"href":"https:\/\/med.tattoo\/hr\/wp-json\/wp\/v2\/product\/10159","targetHints":{"allow":["GET"]}}],"collection":[{"href":"https:\/\/med.tattoo\/hr\/wp-json\/wp\/v2\/product"}],"about":[{"href":"https:\/\/med.tattoo\/hr\/wp-json\/wp\/v2\/types\/product"}],"replies":[{"embeddable":true,"href":"https:\/\/med.tattoo\/hr\/wp-json\/wp\/v2\/comments?post=10159"}],"wp:featuredmedia":[{"embeddable":true,"href":"https:\/\/med.tattoo\/hr\/wp-json\/wp\/v2\/media\/7687"}],"wp:attachment":[{"href":"https:\/\/med.tattoo\/hr\/wp-json\/wp\/v2\/media?parent=10159"}],"wp:term":[{"taxonomy":"product_brand","embeddable":true,"href":"https:\/\/med.tattoo\/hr\/wp-json\/wp\/v2\/product_brand?post=10159"},{"taxonomy":"product_cat","embeddable":true,"href":"https:\/\/med.tattoo\/hr\/wp-json\/wp\/v2\/product_cat?post=10159"},{"taxonomy":"product_tag","embeddable":true,"href":"https:\/\/med.tattoo\/hr\/wp-json\/wp\/v2\/product_tag?post=10159"}],"curies":[{"name":"wp","href":"https:\/\/api.w.org\/{rel}","templated":true}]}}