{"id":10230,"date":"2025-05-15T07:29:14","date_gmt":"2025-05-15T05:29:14","guid":{"rendered":"https:\/\/med.tattoo\/produkt\/nitrilne-rukavice-bez-pudera-100kom-xs-crne\/"},"modified":"2025-05-15T07:29:14","modified_gmt":"2025-05-15T05:29:14","slug":"nitrilne-rukavice-bez-pudera-100kom-xs-crne","status":"publish","type":"product","link":"https:\/\/med.tattoo\/hr\/proizvod\/nitrilne-rukavice-bez-pudera-100kom-xs-crne\/","title":{"rendered":"Nitrilne rukavice bez pudera 100kom XS crne"},"content":{"rendered":"<p>Ove ultra u\u010dinkovite nitrilne rukavice pru\u017eit \u0107e izvrsnu za\u0161titu va\u0161im rukama u raznim uvjetima. Mogu se koristiti u prehrambenoj industriji, trgovinama, kozmeti\u010dkim salonima, frizerskim salonima, studijima za tetoviranje, klinikama i bolnicama. Zahvaljuju\u0107i \u010dinjenici da su teksturirani, savr\u0161eni su i za precizan rad. Izra\u0111ene su od iznimno izdr\u017eljivog, \u010dvrstog materijala, a to je nitril. Ne sadr\u017ee lateks, \u0161to im omogu\u0107uje da ih koriste i osobe s osjetljivom ko\u017eom ili alergijama. Izuzetno su fleksibilni i otporni na posjekotine ili probijanje. Tanke su, tako da ne ograni\u010davaju osjet i dobro pristaju uz ruku.      <\/p>\n<p>U\u010dinkovita za\u0161tita<br \/>\nNitrilne rukavice izra\u0111ene su od visokokvalitetnih materijala koji ne sadr\u017ee proteine lateksa, \u0161to ih \u010dini savr\u0161enima za alergi\u010dare i osobe s osjetljivom ko\u017eom sklonom crvenilu. Za\u0161titit \u0107e va\u0161e ruke od kemikalija, citostatika, virusa i bakterija. <\/p>\n<p>Fleksibilni<br \/>\nnitril je iznimno fleksibilan materijal koji \u0107e se prilagoditi svakom obliku ruke. Jedno pakiranje uklju\u010duje rukavice koje \u0107e pristajati i desnoj i lijevoj ruci. Imaju izuzetno visoku otpornost na ubode, ubode i posjekotine. Stoga \u0107e savr\u0161eno za\u0161tititi va\u0161e ruke.   <\/p>\n<p>Vi\u0161enamjenske<br \/>\nrukavice savr\u0161ene su za ljude koji rade na javnim mjestima kao \u0161to su trgovine, kozmeti\u010dki saloni, frizerski saloni, klinike ili bolnice. Mogu se koristiti svakodnevno tijekom pandemije ili epidemije. <\/p>\n<p>Povr\u0161ina rukavica<br \/>\nje teksturirana, \u0161to znatno olak\u0161ava hvatanje predmeta razli\u010ditih oblika i povr\u0161ina, suhih i mokrih. Savr\u0161eni su za precizan rad. Paket sadr\u017ei \u010dak 100 komada, \u0161to \u0107e vam omogu\u0107iti da se za\u0161titite u slu\u010daju pandemije ili epidemije.  <\/p>\n<p>AQL: 1.5 nakon pakiranja (tvorni\u010dki podaci na pakiranju)<\/p>\n<p>Debljina (jednostruka stijenka) min.: Prst: 0,10 mm Dlan: 0,07 mm<\/p>\n<p>Duljina rukavica prema EN 455-2: min. 240 mm <\/p>\n<p>Prekidna \u010dvrsto\u0107a prije\/poslije odle\u017eavanja: min. 7,0 N <\/p>\n<p>Sukladnost: Klasa I prema Direktivi o medicinskim proizvodima 93\/42\/EEZ i MDR (EU 2017\/745) Kategorija III prema Uredbi 2016\/425 o oznaci CE osobne za\u0161titne opreme<\/p>\n<p>Uskla\u0111enost sa standardima: EN 455-1,2,3,4; EN ISO 374-1.5; EN 374-2,3,4; EN 16523-1; EN 420; EN 388; ASTM F 1671; ASTM D 6978; ISO 22000; ISO 9001; ISO 13485; ISO 14001; OHSAS 18001; EN ISO 15223-1; ISO-10993-1; EN ISO 14971; ISO 2859-1; EN ISO 21171.<\/p>\n","protected":false},"excerpt":{"rendered":"<p>Ove ultra u\u010dinkovite nitrilne rukavice pru\u017eit \u0107e izvrsnu za\u0161titu va\u0161im rukama u raznim uvjetima. Mogu se koristiti u prehrambenoj industriji, trgovinama, kozmeti\u010dkim salonima, frizerskim salonima, studijima za tetoviranje, klinikama i bolnicama. Zahvaljuju\u0107i \u010dinjenici da su teksturirani, savr\u0161eni su i za precizan rad. Izra\u0111ene su od iznimno izdr\u017eljivog, \u010dvrstog materijala, a to je nitril. Ne sadr\u017ee [&hellip;]<\/p>\n","protected":false},"featured_media":7913,"comment_status":"closed","ping_status":"closed","template":"","meta":{"site-sidebar-layout":"default","site-content-layout":"","ast-site-content-layout":"default","site-content-style":"default","site-sidebar-style":"default","ast-global-header-display":"","ast-banner-title-visibility":"","ast-main-header-display":"","ast-hfb-above-header-display":"","ast-hfb-below-header-display":"","ast-hfb-mobile-header-display":"","site-post-title":"","ast-breadcrumbs-content":"","ast-featured-img":"","footer-sml-layout":"","ast-disable-related-posts":"","theme-transparent-header-meta":"","adv-header-id-meta":"","stick-header-meta":"","header-above-stick-meta":"","header-main-stick-meta":"","header-below-stick-meta":"","astra-migrate-meta-layouts":"default","ast-page-background-enabled":"default","ast-page-background-meta":{"desktop":{"background-color":"var(--ast-global-color-4)","background-image":"","background-repeat":"repeat","background-position":"center center","background-size":"auto","background-attachment":"scroll","background-type":"","background-media":"","overlay-type":"","overlay-color":"","overlay-opacity":"","overlay-gradient":""},"tablet":{"background-color":"","background-image":"","background-repeat":"repeat","background-position":"center center","background-size":"auto","background-attachment":"scroll","background-type":"","background-media":"","overlay-type":"","overlay-color":"","overlay-opacity":"","overlay-gradient":""},"mobile":{"background-color":"","background-image":"","background-repeat":"repeat","background-position":"center center","background-size":"auto","background-attachment":"scroll","background-type":"","background-media":"","overlay-type":"","overlay-color":"","overlay-opacity":"","overlay-gradient":""}},"ast-content-background-meta":{"desktop":{"background-color":"var(--ast-global-color-5)","background-image":"","background-repeat":"repeat","background-position":"center center","background-size":"auto","background-attachment":"scroll","background-type":"","background-media":"","overlay-type":"","overlay-color":"","overlay-opacity":"","overlay-gradient":""},"tablet":{"background-color":"var(--ast-global-color-5)","background-image":"","background-repeat":"repeat","background-position":"center center","background-size":"auto","background-attachment":"scroll","background-type":"","background-media":"","overlay-type":"","overlay-color":"","overlay-opacity":"","overlay-gradient":""},"mobile":{"background-color":"var(--ast-global-color-5)","background-image":"","background-repeat":"repeat","background-position":"center center","background-size":"auto","background-attachment":"scroll","background-type":"","background-media":"","overlay-type":"","overlay-color":"","overlay-opacity":"","overlay-gradient":""}}},"product_brand":[],"product_cat":[103],"product_tag":[],"class_list":{"0":"post-10230","1":"product","2":"type-product","3":"status-publish","4":"has-post-thumbnail","6":"product_cat-med-tattoo-hr","7":"desktop-align-left","8":"tablet-align-left","9":"mobile-align-left","10":"ast-product-gallery-layout-horizontal-slider","11":"ast-product-gallery-with-no-image","12":"ast-product-tabs-layout-distributed","14":"first","15":"instock","16":"purchasable","17":"product-type-simple"},"yoast_head":"<!-- This site is optimized with the Yoast SEO plugin v27.4 - https:\/\/yoast.com\/product\/yoast-seo-wordpress\/ -->\n<title>Nitrilne rukavice bez pudera 100kom XS crne - MED.TATTOO<\/title>\n<meta name=\"robots\" content=\"index, follow, max-snippet:-1, max-image-preview:large, max-video-preview:-1\" \/>\n<link rel=\"canonical\" href=\"https:\/\/med.tattoo\/hr\/proizvod\/nitrilne-rukavice-bez-pudera-100kom-xs-crne\/\" \/>\n<meta property=\"og:locale\" content=\"hr_HR\" \/>\n<meta property=\"og:type\" content=\"article\" \/>\n<meta property=\"og:title\" content=\"Nitrilne rukavice bez pudera 100kom XS crne - MED.TATTOO\" \/>\n<meta property=\"og:description\" content=\"Ove ultra u\u010dinkovite nitrilne rukavice pru\u017eit \u0107e izvrsnu za\u0161titu va\u0161im rukama u raznim uvjetima. Mogu se koristiti u prehrambenoj industriji, trgovinama, kozmeti\u010dkim salonima, frizerskim salonima, studijima za tetoviranje, klinikama i bolnicama. Zahvaljuju\u0107i \u010dinjenici da su teksturirani, savr\u0161eni su i za precizan rad. Izra\u0111ene su od iznimno izdr\u017eljivog, \u010dvrstog materijala, a to je nitril. Ne sadr\u017ee [&hellip;]\" \/>\n<meta property=\"og:url\" content=\"https:\/\/med.tattoo\/hr\/proizvod\/nitrilne-rukavice-bez-pudera-100kom-xs-crne\/\" \/>\n<meta property=\"og:site_name\" content=\"MED.TATTOO\" \/>\n<meta property=\"article:publisher\" content=\"https:\/\/www.facebook.com\/profile.php?id=100084366705613\" \/>\n<meta name=\"twitter:card\" content=\"summary_large_image\" \/>\n<meta name=\"twitter:label1\" content=\"Procijenjeno vrijeme \u010ditanja\" \/>\n\t<meta name=\"twitter:data1\" content=\"2 minute\" \/>\n<script type=\"application\/ld+json\" class=\"yoast-schema-graph\">{\"@context\":\"https:\\\/\\\/schema.org\",\"@graph\":[{\"@type\":\"WebPage\",\"@id\":\"https:\\\/\\\/med.tattoo\\\/hr\\\/proizvod\\\/nitrilne-rukavice-bez-pudera-100kom-xs-crne\\\/\",\"url\":\"https:\\\/\\\/med.tattoo\\\/hr\\\/proizvod\\\/nitrilne-rukavice-bez-pudera-100kom-xs-crne\\\/\",\"name\":\"Nitrilne rukavice bez pudera 100kom XS crne - MED.TATTOO\",\"isPartOf\":{\"@id\":\"https:\\\/\\\/med.tattoo\\\/hr\\\/#website\"},\"primaryImageOfPage\":{\"@id\":\"https:\\\/\\\/med.tattoo\\\/hr\\\/proizvod\\\/nitrilne-rukavice-bez-pudera-100kom-xs-crne\\\/#primaryimage\"},\"image\":{\"@id\":\"https:\\\/\\\/med.tattoo\\\/hr\\\/proizvod\\\/nitrilne-rukavice-bez-pudera-100kom-xs-crne\\\/#primaryimage\"},\"thumbnailUrl\":\"https:\\\/\\\/med.tattoo\\\/wp-content\\\/uploads\\\/2025\\\/05\\\/122_rekawice-nitrylowe-bezpudrowe-100szt-xs-czarne_1744006959.png\",\"datePublished\":\"2025-05-15T05:29:14+00:00\",\"breadcrumb\":{\"@id\":\"https:\\\/\\\/med.tattoo\\\/hr\\\/proizvod\\\/nitrilne-rukavice-bez-pudera-100kom-xs-crne\\\/#breadcrumb\"},\"inLanguage\":\"hr\",\"potentialAction\":[{\"@type\":\"ReadAction\",\"target\":[\"https:\\\/\\\/med.tattoo\\\/hr\\\/proizvod\\\/nitrilne-rukavice-bez-pudera-100kom-xs-crne\\\/\"]}]},{\"@type\":\"ImageObject\",\"inLanguage\":\"hr\",\"@id\":\"https:\\\/\\\/med.tattoo\\\/hr\\\/proizvod\\\/nitrilne-rukavice-bez-pudera-100kom-xs-crne\\\/#primaryimage\",\"url\":\"https:\\\/\\\/med.tattoo\\\/wp-content\\\/uploads\\\/2025\\\/05\\\/122_rekawice-nitrylowe-bezpudrowe-100szt-xs-czarne_1744006959.png\",\"contentUrl\":\"https:\\\/\\\/med.tattoo\\\/wp-content\\\/uploads\\\/2025\\\/05\\\/122_rekawice-nitrylowe-bezpudrowe-100szt-xs-czarne_1744006959.png\",\"width\":454,\"height\":449},{\"@type\":\"BreadcrumbList\",\"@id\":\"https:\\\/\\\/med.tattoo\\\/hr\\\/proizvod\\\/nitrilne-rukavice-bez-pudera-100kom-xs-crne\\\/#breadcrumb\",\"itemListElement\":[{\"@type\":\"ListItem\",\"position\":1,\"name\":\"Strona G\u0142\u00f3wna\",\"item\":\"https:\\\/\\\/med.tattoo\\\/hr\\\/\"},{\"@type\":\"ListItem\",\"position\":2,\"name\":\"Trgovina\",\"item\":\"https:\\\/\\\/med.tattoo\\\/hr\\\/shop\\\/\"},{\"@type\":\"ListItem\",\"position\":3,\"name\":\"Nitrilne rukavice bez pudera 100kom XS crne\"}]},{\"@type\":\"WebSite\",\"@id\":\"https:\\\/\\\/med.tattoo\\\/hr\\\/#website\",\"url\":\"https:\\\/\\\/med.tattoo\\\/hr\\\/\",\"name\":\"MED.TATTOO\",\"description\":\"Wszystko dla Twojego tatua\u017cu\",\"publisher\":{\"@id\":\"https:\\\/\\\/med.tattoo\\\/hr\\\/#organization\"},\"potentialAction\":[{\"@type\":\"SearchAction\",\"target\":{\"@type\":\"EntryPoint\",\"urlTemplate\":\"https:\\\/\\\/med.tattoo\\\/hr\\\/?s={search_term_string}\"},\"query-input\":{\"@type\":\"PropertyValueSpecification\",\"valueRequired\":true,\"valueName\":\"search_term_string\"}}],\"inLanguage\":\"hr\"},{\"@type\":\"Organization\",\"@id\":\"https:\\\/\\\/med.tattoo\\\/hr\\\/#organization\",\"name\":\"MED.TATTOO\",\"url\":\"https:\\\/\\\/med.tattoo\\\/hr\\\/\",\"logo\":{\"@type\":\"ImageObject\",\"inLanguage\":\"hr\",\"@id\":\"https:\\\/\\\/med.tattoo\\\/hr\\\/#\\\/schema\\\/logo\\\/image\\\/\",\"url\":\"https:\\\/\\\/med.tattoo\\\/wp-content\\\/uploads\\\/2025\\\/05\\\/Bez-tytulu-600S300-px-1-e1658908183800.png\",\"contentUrl\":\"https:\\\/\\\/med.tattoo\\\/wp-content\\\/uploads\\\/2025\\\/05\\\/Bez-tytulu-600S300-px-1-e1658908183800.png\",\"width\":600,\"height\":61,\"caption\":\"MED.TATTOO\"},\"image\":{\"@id\":\"https:\\\/\\\/med.tattoo\\\/hr\\\/#\\\/schema\\\/logo\\\/image\\\/\"},\"sameAs\":[\"https:\\\/\\\/www.facebook.com\\\/profile.php?id=100084366705613\",\"https:\\\/\\\/www.instagram.com\\\/med.tattoo_official\\\/\"]}]}<\/script>\n<!-- \/ Yoast SEO plugin. -->","yoast_head_json":{"title":"Nitrilne rukavice bez pudera 100kom XS crne - MED.TATTOO","robots":{"index":"index","follow":"follow","max-snippet":"max-snippet:-1","max-image-preview":"max-image-preview:large","max-video-preview":"max-video-preview:-1"},"canonical":"https:\/\/med.tattoo\/hr\/proizvod\/nitrilne-rukavice-bez-pudera-100kom-xs-crne\/","og_locale":"hr_HR","og_type":"article","og_title":"Nitrilne rukavice bez pudera 100kom XS crne - MED.TATTOO","og_description":"Ove ultra u\u010dinkovite nitrilne rukavice pru\u017eit \u0107e izvrsnu za\u0161titu va\u0161im rukama u raznim uvjetima. Mogu se koristiti u prehrambenoj industriji, trgovinama, kozmeti\u010dkim salonima, frizerskim salonima, studijima za tetoviranje, klinikama i bolnicama. Zahvaljuju\u0107i \u010dinjenici da su teksturirani, savr\u0161eni su i za precizan rad. Izra\u0111ene su od iznimno izdr\u017eljivog, \u010dvrstog materijala, a to je nitril. Ne sadr\u017ee [&hellip;]","og_url":"https:\/\/med.tattoo\/hr\/proizvod\/nitrilne-rukavice-bez-pudera-100kom-xs-crne\/","og_site_name":"MED.TATTOO","article_publisher":"https:\/\/www.facebook.com\/profile.php?id=100084366705613","twitter_card":"summary_large_image","twitter_misc":{"Procijenjeno vrijeme \u010ditanja":"2 minute"},"schema":{"@context":"https:\/\/schema.org","@graph":[{"@type":"WebPage","@id":"https:\/\/med.tattoo\/hr\/proizvod\/nitrilne-rukavice-bez-pudera-100kom-xs-crne\/","url":"https:\/\/med.tattoo\/hr\/proizvod\/nitrilne-rukavice-bez-pudera-100kom-xs-crne\/","name":"Nitrilne rukavice bez pudera 100kom XS crne - MED.TATTOO","isPartOf":{"@id":"https:\/\/med.tattoo\/hr\/#website"},"primaryImageOfPage":{"@id":"https:\/\/med.tattoo\/hr\/proizvod\/nitrilne-rukavice-bez-pudera-100kom-xs-crne\/#primaryimage"},"image":{"@id":"https:\/\/med.tattoo\/hr\/proizvod\/nitrilne-rukavice-bez-pudera-100kom-xs-crne\/#primaryimage"},"thumbnailUrl":"https:\/\/med.tattoo\/wp-content\/uploads\/2025\/05\/122_rekawice-nitrylowe-bezpudrowe-100szt-xs-czarne_1744006959.png","datePublished":"2025-05-15T05:29:14+00:00","breadcrumb":{"@id":"https:\/\/med.tattoo\/hr\/proizvod\/nitrilne-rukavice-bez-pudera-100kom-xs-crne\/#breadcrumb"},"inLanguage":"hr","potentialAction":[{"@type":"ReadAction","target":["https:\/\/med.tattoo\/hr\/proizvod\/nitrilne-rukavice-bez-pudera-100kom-xs-crne\/"]}]},{"@type":"ImageObject","inLanguage":"hr","@id":"https:\/\/med.tattoo\/hr\/proizvod\/nitrilne-rukavice-bez-pudera-100kom-xs-crne\/#primaryimage","url":"https:\/\/med.tattoo\/wp-content\/uploads\/2025\/05\/122_rekawice-nitrylowe-bezpudrowe-100szt-xs-czarne_1744006959.png","contentUrl":"https:\/\/med.tattoo\/wp-content\/uploads\/2025\/05\/122_rekawice-nitrylowe-bezpudrowe-100szt-xs-czarne_1744006959.png","width":454,"height":449},{"@type":"BreadcrumbList","@id":"https:\/\/med.tattoo\/hr\/proizvod\/nitrilne-rukavice-bez-pudera-100kom-xs-crne\/#breadcrumb","itemListElement":[{"@type":"ListItem","position":1,"name":"Strona G\u0142\u00f3wna","item":"https:\/\/med.tattoo\/hr\/"},{"@type":"ListItem","position":2,"name":"Trgovina","item":"https:\/\/med.tattoo\/hr\/shop\/"},{"@type":"ListItem","position":3,"name":"Nitrilne rukavice bez pudera 100kom XS crne"}]},{"@type":"WebSite","@id":"https:\/\/med.tattoo\/hr\/#website","url":"https:\/\/med.tattoo\/hr\/","name":"MED.TATTOO","description":"Wszystko dla Twojego tatua\u017cu","publisher":{"@id":"https:\/\/med.tattoo\/hr\/#organization"},"potentialAction":[{"@type":"SearchAction","target":{"@type":"EntryPoint","urlTemplate":"https:\/\/med.tattoo\/hr\/?s={search_term_string}"},"query-input":{"@type":"PropertyValueSpecification","valueRequired":true,"valueName":"search_term_string"}}],"inLanguage":"hr"},{"@type":"Organization","@id":"https:\/\/med.tattoo\/hr\/#organization","name":"MED.TATTOO","url":"https:\/\/med.tattoo\/hr\/","logo":{"@type":"ImageObject","inLanguage":"hr","@id":"https:\/\/med.tattoo\/hr\/#\/schema\/logo\/image\/","url":"https:\/\/med.tattoo\/wp-content\/uploads\/2025\/05\/Bez-tytulu-600S300-px-1-e1658908183800.png","contentUrl":"https:\/\/med.tattoo\/wp-content\/uploads\/2025\/05\/Bez-tytulu-600S300-px-1-e1658908183800.png","width":600,"height":61,"caption":"MED.TATTOO"},"image":{"@id":"https:\/\/med.tattoo\/hr\/#\/schema\/logo\/image\/"},"sameAs":["https:\/\/www.facebook.com\/profile.php?id=100084366705613","https:\/\/www.instagram.com\/med.tattoo_official\/"]}]}},"_links":{"self":[{"href":"https:\/\/med.tattoo\/hr\/wp-json\/wp\/v2\/product\/10230","targetHints":{"allow":["GET"]}}],"collection":[{"href":"https:\/\/med.tattoo\/hr\/wp-json\/wp\/v2\/product"}],"about":[{"href":"https:\/\/med.tattoo\/hr\/wp-json\/wp\/v2\/types\/product"}],"replies":[{"embeddable":true,"href":"https:\/\/med.tattoo\/hr\/wp-json\/wp\/v2\/comments?post=10230"}],"wp:featuredmedia":[{"embeddable":true,"href":"https:\/\/med.tattoo\/hr\/wp-json\/wp\/v2\/media\/7913"}],"wp:attachment":[{"href":"https:\/\/med.tattoo\/hr\/wp-json\/wp\/v2\/media?parent=10230"}],"wp:term":[{"taxonomy":"product_brand","embeddable":true,"href":"https:\/\/med.tattoo\/hr\/wp-json\/wp\/v2\/product_brand?post=10230"},{"taxonomy":"product_cat","embeddable":true,"href":"https:\/\/med.tattoo\/hr\/wp-json\/wp\/v2\/product_cat?post=10230"},{"taxonomy":"product_tag","embeddable":true,"href":"https:\/\/med.tattoo\/hr\/wp-json\/wp\/v2\/product_tag?post=10230"}],"curies":[{"name":"wp","href":"https:\/\/api.w.org\/{rel}","templated":true}]}}