{"id":10241,"date":"2025-05-15T07:29:14","date_gmt":"2025-05-15T05:29:14","guid":{"rendered":"https:\/\/med.tattoo\/produkt\/salvete-s-folijom-3343cm-100kom-crne\/"},"modified":"2025-05-15T07:29:14","modified_gmt":"2025-05-15T05:29:14","slug":"salvete-s-folijom-3343cm-100kom-crne","status":"publish","type":"product","link":"https:\/\/med.tattoo\/hr\/proizvod\/salvete-s-folijom-3343cm-100kom-crne\/","title":{"rendered":"Salvete s folijom 33*43cm 100kom crne"},"content":{"rendered":"<p>Podloga ispod folije izra\u0111ena od maramice i folije, idealna kao za\u0161titni temelj protiv prljav\u0161tine i kozmeti\u010dkih aktivnosti u kojima su prisutni vlaga, voda te guste i ljepljive tvari.<br \/>\nFolijska podloga za upotrebu u kozmetici, stomatologiji, medicini.<\/p>\n<p>Karakteristika:<\/p>\n<p>s jedne strane tu je nje\u017ean i istodobno jak papirnato-maramica s ukrasnim utiskivanjem, a s druge strane nje\u017ena folija koja \u0161titi od vlage,<br \/>\n ubrus je osjetljiv na dodir,<br \/>\n \u0161titi vrhove namje\u0161taja, ko\u017ene presvlake kozmeti\u010dkih, podijatrijskih i stomatolo\u0161kih stolica od namakanja ili bojenja<br \/>\n, salvete se koriste u kozmetici, frizerstvu, medicini, gastronomiji,<br \/>\n odlikuju se visokom mehani\u010dkom \u010dvrsto\u0107om,<br \/>\nproizvod je registriran u Uredu za registraciju lijekova, medicinskih proizvoda i biocidnih proizvoda (PDV8%)<\/p>\n<p>\u203a \u0160irina presjeka &#8211; 33 cm, duljina presjeka &#8211; 43 cm<\/p>\n<p>\u203a Dva sloja upijaju\u0107eg papira osiguravaju izvrsnu apsorpciju teku\u0107ina<\/p>\n<p>\u203a Sloj folije \u0161titi od namakanja<\/p>\n<p>\u203a Jednokratne za\u0161titne navlake osiguravaju 100% higijenu tijekom tretmana i pregleda<\/p>\n<p>\u203a Uglavnom se koriste u bolnicama, klinikama i lije\u010dni\u010dkim ordinacijama<\/p>\n","protected":false},"excerpt":{"rendered":"<p>Podloga ispod folije izra\u0111ena od maramice i folije, idealna kao za\u0161titni temelj protiv prljav\u0161tine i kozmeti\u010dkih aktivnosti u kojima su prisutni vlaga, voda te guste i ljepljive tvari. Folijska podloga za upotrebu u kozmetici, stomatologiji, medicini. Karakteristika: s jedne strane tu je nje\u017ean i istodobno jak papirnato-maramica s ukrasnim utiskivanjem, a s druge strane nje\u017ena [&hellip;]<\/p>\n","protected":false},"featured_media":7993,"comment_status":"closed","ping_status":"open","template":"","meta":{"site-sidebar-layout":"default","site-content-layout":"","ast-site-content-layout":"default","site-content-style":"default","site-sidebar-style":"default","ast-global-header-display":"","ast-banner-title-visibility":"","ast-main-header-display":"","ast-hfb-above-header-display":"","ast-hfb-below-header-display":"","ast-hfb-mobile-header-display":"","site-post-title":"","ast-breadcrumbs-content":"","ast-featured-img":"","footer-sml-layout":"","ast-disable-related-posts":"","theme-transparent-header-meta":"","adv-header-id-meta":"","stick-header-meta":"","header-above-stick-meta":"","header-main-stick-meta":"","header-below-stick-meta":"","astra-migrate-meta-layouts":"default","ast-page-background-enabled":"default","ast-page-background-meta":{"desktop":{"background-color":"var(--ast-global-color-4)","background-image":"","background-repeat":"repeat","background-position":"center center","background-size":"auto","background-attachment":"scroll","background-type":"","background-media":"","overlay-type":"","overlay-color":"","overlay-opacity":"","overlay-gradient":""},"tablet":{"background-color":"","background-image":"","background-repeat":"repeat","background-position":"center center","background-size":"auto","background-attachment":"scroll","background-type":"","background-media":"","overlay-type":"","overlay-color":"","overlay-opacity":"","overlay-gradient":""},"mobile":{"background-color":"","background-image":"","background-repeat":"repeat","background-position":"center center","background-size":"auto","background-attachment":"scroll","background-type":"","background-media":"","overlay-type":"","overlay-color":"","overlay-opacity":"","overlay-gradient":""}},"ast-content-background-meta":{"desktop":{"background-color":"var(--ast-global-color-5)","background-image":"","background-repeat":"repeat","background-position":"center center","background-size":"auto","background-attachment":"scroll","background-type":"","background-media":"","overlay-type":"","overlay-color":"","overlay-opacity":"","overlay-gradient":""},"tablet":{"background-color":"var(--ast-global-color-5)","background-image":"","background-repeat":"repeat","background-position":"center center","background-size":"auto","background-attachment":"scroll","background-type":"","background-media":"","overlay-type":"","overlay-color":"","overlay-opacity":"","overlay-gradient":""},"mobile":{"background-color":"var(--ast-global-color-5)","background-image":"","background-repeat":"repeat","background-position":"center center","background-size":"auto","background-attachment":"scroll","background-type":"","background-media":"","overlay-type":"","overlay-color":"","overlay-opacity":"","overlay-gradient":""}}},"product_brand":[],"product_cat":[103],"product_tag":[],"class_list":{"0":"post-10241","1":"product","2":"type-product","3":"status-publish","4":"has-post-thumbnail","6":"product_cat-med-tattoo-hr","7":"desktop-align-left","8":"tablet-align-left","9":"mobile-align-left","10":"ast-product-gallery-layout-horizontal-slider","11":"ast-product-gallery-with-no-image","12":"ast-product-tabs-layout-distributed","14":"first","15":"instock","16":"purchasable","17":"product-type-simple"},"yoast_head":"<!-- This site is optimized with the Yoast SEO plugin v27.3 - https:\/\/yoast.com\/product\/yoast-seo-wordpress\/ -->\n<title>Salvete s folijom 33*43cm 100kom crne - MED.TATTOO<\/title>\n<meta name=\"robots\" content=\"index, follow, max-snippet:-1, max-image-preview:large, max-video-preview:-1\" \/>\n<link rel=\"canonical\" href=\"https:\/\/med.tattoo\/hr\/proizvod\/salvete-s-folijom-3343cm-100kom-crne\/\" \/>\n<meta property=\"og:locale\" content=\"hr_HR\" \/>\n<meta property=\"og:type\" content=\"article\" \/>\n<meta property=\"og:title\" content=\"Salvete s folijom 33*43cm 100kom crne - MED.TATTOO\" \/>\n<meta property=\"og:description\" content=\"Podloga ispod folije izra\u0111ena od maramice i folije, idealna kao za\u0161titni temelj protiv prljav\u0161tine i kozmeti\u010dkih aktivnosti u kojima su prisutni vlaga, voda te guste i ljepljive tvari. Folijska podloga za upotrebu u kozmetici, stomatologiji, medicini. Karakteristika: s jedne strane tu je nje\u017ean i istodobno jak papirnato-maramica s ukrasnim utiskivanjem, a s druge strane nje\u017ena [&hellip;]\" \/>\n<meta property=\"og:url\" content=\"https:\/\/med.tattoo\/hr\/proizvod\/salvete-s-folijom-3343cm-100kom-crne\/\" \/>\n<meta property=\"og:site_name\" content=\"MED.TATTOO\" \/>\n<meta property=\"article:publisher\" content=\"https:\/\/www.facebook.com\/profile.php?id=100084366705613\" \/>\n<meta name=\"twitter:card\" content=\"summary_large_image\" \/>\n<meta name=\"twitter:label1\" content=\"Procijenjeno vrijeme \u010ditanja\" \/>\n\t<meta name=\"twitter:data1\" content=\"1 minuta\" \/>\n<script type=\"application\/ld+json\" class=\"yoast-schema-graph\">{\"@context\":\"https:\\\/\\\/schema.org\",\"@graph\":[{\"@type\":\"WebPage\",\"@id\":\"https:\\\/\\\/med.tattoo\\\/hr\\\/proizvod\\\/salvete-s-folijom-3343cm-100kom-crne\\\/\",\"url\":\"https:\\\/\\\/med.tattoo\\\/hr\\\/proizvod\\\/salvete-s-folijom-3343cm-100kom-crne\\\/\",\"name\":\"Salvete s folijom 33*43cm 100kom crne - MED.TATTOO\",\"isPartOf\":{\"@id\":\"https:\\\/\\\/med.tattoo\\\/hr\\\/#website\"},\"primaryImageOfPage\":{\"@id\":\"https:\\\/\\\/med.tattoo\\\/hr\\\/proizvod\\\/salvete-s-folijom-3343cm-100kom-crne\\\/#primaryimage\"},\"image\":{\"@id\":\"https:\\\/\\\/med.tattoo\\\/hr\\\/proizvod\\\/salvete-s-folijom-3343cm-100kom-crne\\\/#primaryimage\"},\"thumbnailUrl\":\"https:\\\/\\\/med.tattoo\\\/wp-content\\\/uploads\\\/2025\\\/05\\\/1067_serwety-podfoliowane-33-43cm-100szt-czarne_1744006864.png\",\"datePublished\":\"2025-05-15T05:29:14+00:00\",\"breadcrumb\":{\"@id\":\"https:\\\/\\\/med.tattoo\\\/hr\\\/proizvod\\\/salvete-s-folijom-3343cm-100kom-crne\\\/#breadcrumb\"},\"inLanguage\":\"hr\",\"potentialAction\":[{\"@type\":\"ReadAction\",\"target\":[\"https:\\\/\\\/med.tattoo\\\/hr\\\/proizvod\\\/salvete-s-folijom-3343cm-100kom-crne\\\/\"]}]},{\"@type\":\"ImageObject\",\"inLanguage\":\"hr\",\"@id\":\"https:\\\/\\\/med.tattoo\\\/hr\\\/proizvod\\\/salvete-s-folijom-3343cm-100kom-crne\\\/#primaryimage\",\"url\":\"https:\\\/\\\/med.tattoo\\\/wp-content\\\/uploads\\\/2025\\\/05\\\/1067_serwety-podfoliowane-33-43cm-100szt-czarne_1744006864.png\",\"contentUrl\":\"https:\\\/\\\/med.tattoo\\\/wp-content\\\/uploads\\\/2025\\\/05\\\/1067_serwety-podfoliowane-33-43cm-100szt-czarne_1744006864.png\",\"width\":758,\"height\":563},{\"@type\":\"BreadcrumbList\",\"@id\":\"https:\\\/\\\/med.tattoo\\\/hr\\\/proizvod\\\/salvete-s-folijom-3343cm-100kom-crne\\\/#breadcrumb\",\"itemListElement\":[{\"@type\":\"ListItem\",\"position\":1,\"name\":\"Strona G\u0142\u00f3wna\",\"item\":\"https:\\\/\\\/med.tattoo\\\/hr\\\/\"},{\"@type\":\"ListItem\",\"position\":2,\"name\":\"Trgovina\",\"item\":\"https:\\\/\\\/med.tattoo\\\/hr\\\/shop\\\/\"},{\"@type\":\"ListItem\",\"position\":3,\"name\":\"Salvete s folijom 33*43cm 100kom crne\"}]},{\"@type\":\"WebSite\",\"@id\":\"https:\\\/\\\/med.tattoo\\\/hr\\\/#website\",\"url\":\"https:\\\/\\\/med.tattoo\\\/hr\\\/\",\"name\":\"MED.TATTOO\",\"description\":\"Wszystko dla Twojego tatua\u017cu\",\"publisher\":{\"@id\":\"https:\\\/\\\/med.tattoo\\\/hr\\\/#organization\"},\"potentialAction\":[{\"@type\":\"SearchAction\",\"target\":{\"@type\":\"EntryPoint\",\"urlTemplate\":\"https:\\\/\\\/med.tattoo\\\/hr\\\/?s={search_term_string}\"},\"query-input\":{\"@type\":\"PropertyValueSpecification\",\"valueRequired\":true,\"valueName\":\"search_term_string\"}}],\"inLanguage\":\"hr\"},{\"@type\":\"Organization\",\"@id\":\"https:\\\/\\\/med.tattoo\\\/hr\\\/#organization\",\"name\":\"MED.TATTOO\",\"url\":\"https:\\\/\\\/med.tattoo\\\/hr\\\/\",\"logo\":{\"@type\":\"ImageObject\",\"inLanguage\":\"hr\",\"@id\":\"https:\\\/\\\/med.tattoo\\\/hr\\\/#\\\/schema\\\/logo\\\/image\\\/\",\"url\":\"https:\\\/\\\/med.tattoo\\\/wp-content\\\/uploads\\\/2025\\\/05\\\/Bez-tytulu-600S300-px-1-e1658908183800.png\",\"contentUrl\":\"https:\\\/\\\/med.tattoo\\\/wp-content\\\/uploads\\\/2025\\\/05\\\/Bez-tytulu-600S300-px-1-e1658908183800.png\",\"width\":600,\"height\":61,\"caption\":\"MED.TATTOO\"},\"image\":{\"@id\":\"https:\\\/\\\/med.tattoo\\\/hr\\\/#\\\/schema\\\/logo\\\/image\\\/\"},\"sameAs\":[\"https:\\\/\\\/www.facebook.com\\\/profile.php?id=100084366705613\",\"https:\\\/\\\/www.instagram.com\\\/med.tattoo_official\\\/\"]}]}<\/script>\n<!-- \/ Yoast SEO plugin. -->","yoast_head_json":{"title":"Salvete s folijom 33*43cm 100kom crne - MED.TATTOO","robots":{"index":"index","follow":"follow","max-snippet":"max-snippet:-1","max-image-preview":"max-image-preview:large","max-video-preview":"max-video-preview:-1"},"canonical":"https:\/\/med.tattoo\/hr\/proizvod\/salvete-s-folijom-3343cm-100kom-crne\/","og_locale":"hr_HR","og_type":"article","og_title":"Salvete s folijom 33*43cm 100kom crne - MED.TATTOO","og_description":"Podloga ispod folije izra\u0111ena od maramice i folije, idealna kao za\u0161titni temelj protiv prljav\u0161tine i kozmeti\u010dkih aktivnosti u kojima su prisutni vlaga, voda te guste i ljepljive tvari. Folijska podloga za upotrebu u kozmetici, stomatologiji, medicini. Karakteristika: s jedne strane tu je nje\u017ean i istodobno jak papirnato-maramica s ukrasnim utiskivanjem, a s druge strane nje\u017ena [&hellip;]","og_url":"https:\/\/med.tattoo\/hr\/proizvod\/salvete-s-folijom-3343cm-100kom-crne\/","og_site_name":"MED.TATTOO","article_publisher":"https:\/\/www.facebook.com\/profile.php?id=100084366705613","twitter_card":"summary_large_image","twitter_misc":{"Procijenjeno vrijeme \u010ditanja":"1 minuta"},"schema":{"@context":"https:\/\/schema.org","@graph":[{"@type":"WebPage","@id":"https:\/\/med.tattoo\/hr\/proizvod\/salvete-s-folijom-3343cm-100kom-crne\/","url":"https:\/\/med.tattoo\/hr\/proizvod\/salvete-s-folijom-3343cm-100kom-crne\/","name":"Salvete s folijom 33*43cm 100kom crne - MED.TATTOO","isPartOf":{"@id":"https:\/\/med.tattoo\/hr\/#website"},"primaryImageOfPage":{"@id":"https:\/\/med.tattoo\/hr\/proizvod\/salvete-s-folijom-3343cm-100kom-crne\/#primaryimage"},"image":{"@id":"https:\/\/med.tattoo\/hr\/proizvod\/salvete-s-folijom-3343cm-100kom-crne\/#primaryimage"},"thumbnailUrl":"https:\/\/med.tattoo\/wp-content\/uploads\/2025\/05\/1067_serwety-podfoliowane-33-43cm-100szt-czarne_1744006864.png","datePublished":"2025-05-15T05:29:14+00:00","breadcrumb":{"@id":"https:\/\/med.tattoo\/hr\/proizvod\/salvete-s-folijom-3343cm-100kom-crne\/#breadcrumb"},"inLanguage":"hr","potentialAction":[{"@type":"ReadAction","target":["https:\/\/med.tattoo\/hr\/proizvod\/salvete-s-folijom-3343cm-100kom-crne\/"]}]},{"@type":"ImageObject","inLanguage":"hr","@id":"https:\/\/med.tattoo\/hr\/proizvod\/salvete-s-folijom-3343cm-100kom-crne\/#primaryimage","url":"https:\/\/med.tattoo\/wp-content\/uploads\/2025\/05\/1067_serwety-podfoliowane-33-43cm-100szt-czarne_1744006864.png","contentUrl":"https:\/\/med.tattoo\/wp-content\/uploads\/2025\/05\/1067_serwety-podfoliowane-33-43cm-100szt-czarne_1744006864.png","width":758,"height":563},{"@type":"BreadcrumbList","@id":"https:\/\/med.tattoo\/hr\/proizvod\/salvete-s-folijom-3343cm-100kom-crne\/#breadcrumb","itemListElement":[{"@type":"ListItem","position":1,"name":"Strona G\u0142\u00f3wna","item":"https:\/\/med.tattoo\/hr\/"},{"@type":"ListItem","position":2,"name":"Trgovina","item":"https:\/\/med.tattoo\/hr\/shop\/"},{"@type":"ListItem","position":3,"name":"Salvete s folijom 33*43cm 100kom crne"}]},{"@type":"WebSite","@id":"https:\/\/med.tattoo\/hr\/#website","url":"https:\/\/med.tattoo\/hr\/","name":"MED.TATTOO","description":"Wszystko dla Twojego tatua\u017cu","publisher":{"@id":"https:\/\/med.tattoo\/hr\/#organization"},"potentialAction":[{"@type":"SearchAction","target":{"@type":"EntryPoint","urlTemplate":"https:\/\/med.tattoo\/hr\/?s={search_term_string}"},"query-input":{"@type":"PropertyValueSpecification","valueRequired":true,"valueName":"search_term_string"}}],"inLanguage":"hr"},{"@type":"Organization","@id":"https:\/\/med.tattoo\/hr\/#organization","name":"MED.TATTOO","url":"https:\/\/med.tattoo\/hr\/","logo":{"@type":"ImageObject","inLanguage":"hr","@id":"https:\/\/med.tattoo\/hr\/#\/schema\/logo\/image\/","url":"https:\/\/med.tattoo\/wp-content\/uploads\/2025\/05\/Bez-tytulu-600S300-px-1-e1658908183800.png","contentUrl":"https:\/\/med.tattoo\/wp-content\/uploads\/2025\/05\/Bez-tytulu-600S300-px-1-e1658908183800.png","width":600,"height":61,"caption":"MED.TATTOO"},"image":{"@id":"https:\/\/med.tattoo\/hr\/#\/schema\/logo\/image\/"},"sameAs":["https:\/\/www.facebook.com\/profile.php?id=100084366705613","https:\/\/www.instagram.com\/med.tattoo_official\/"]}]}},"_links":{"self":[{"href":"https:\/\/med.tattoo\/hr\/wp-json\/wp\/v2\/product\/10241","targetHints":{"allow":["GET"]}}],"collection":[{"href":"https:\/\/med.tattoo\/hr\/wp-json\/wp\/v2\/product"}],"about":[{"href":"https:\/\/med.tattoo\/hr\/wp-json\/wp\/v2\/types\/product"}],"replies":[{"embeddable":true,"href":"https:\/\/med.tattoo\/hr\/wp-json\/wp\/v2\/comments?post=10241"}],"wp:featuredmedia":[{"embeddable":true,"href":"https:\/\/med.tattoo\/hr\/wp-json\/wp\/v2\/media\/7993"}],"wp:attachment":[{"href":"https:\/\/med.tattoo\/hr\/wp-json\/wp\/v2\/media?parent=10241"}],"wp:term":[{"taxonomy":"product_brand","embeddable":true,"href":"https:\/\/med.tattoo\/hr\/wp-json\/wp\/v2\/product_brand?post=10241"},{"taxonomy":"product_cat","embeddable":true,"href":"https:\/\/med.tattoo\/hr\/wp-json\/wp\/v2\/product_cat?post=10241"},{"taxonomy":"product_tag","embeddable":true,"href":"https:\/\/med.tattoo\/hr\/wp-json\/wp\/v2\/product_tag?post=10241"}],"curies":[{"name":"wp","href":"https:\/\/api.w.org\/{rel}","templated":true}]}}