{"id":5769,"date":"2021-08-20T10:44:37","date_gmt":"2021-08-20T08:44:37","guid":{"rendered":"https:\/\/med.tattoo\/produkt\/medicinski-tattoo-care-tattoo-krema-od-nevena-s-kolagenom-za-njegu-tetovaze-50ml\/"},"modified":"2025-05-15T09:33:17","modified_gmt":"2025-05-15T07:33:17","slug":"medicinski-tattoo-care-tattoo-krema-od-nevena-s-kolagenom-za-njegu-tetovaze-50ml","status":"publish","type":"product","link":"https:\/\/med.tattoo\/hr\/proizvod\/medicinski-tattoo-care-tattoo-krema-od-nevena-s-kolagenom-za-njegu-tetovaze-50ml\/","title":{"rendered":"MED.TATTOO CARE TATTOO &#8211; krema od nevena s kolagenom za njegu tetova\u017ee 50ml"},"content":{"rendered":"<p>Kolagenska krema za njegu tetova\u017ea s ekstraktom nevena<\/p>\n<p>Krema od nevena s kolagenom za njegu tetova\u017ea<br \/>Svojstava:<\/p>\n<p>\u2022 pru\u017ea prirodnu razinu hidratacije ko\u017ee,<br \/>\u2022 njeguje, smiruje iritacije,<br \/>\u2022 zagla\u0111uje i tonizira ko\u017eu,<br \/>\u2022 ima prirodni UV filter<br \/>\u2022 dobro upija,<\/p>\n<p>Primjena: preporu\u010duje se za svakodnevnu i cjelogodi\u0161nju njegu svih tipova ko\u017ee s tetova\u017eama<br \/>\u010duvati na sobnoj temperaturi,<br \/>Pakiranje: 50ml<br \/>\u010cuvati na sobnoj temperaturi<\/p>\n<p>sastojci:<br \/>Aqua, ulje masline Olea Eoropaea (i) ekstrakt nevena officinalis flovera, polisorbat 60, ekstrakt klica glicerina (i) Triticum vulgare (p\u0161enice), glicerin, cetilni alkohol, parafinski durum, vazelin, diazolidinil urea, natrijev benzoat, kalijev sorbat, lanolin, cera alba, tokoferil acetat, parfem<\/p>\n","protected":false},"excerpt":{"rendered":"<p>Kolagenska krema za njegu tetova\u017ea s ekstraktom nevena Krema od nevena s kolagenom za njegu tetova\u017eaSvojstava: \u2022 pru\u017ea prirodnu razinu hidratacije ko\u017ee,\u2022 njeguje, smiruje iritacije,\u2022 zagla\u0111uje i tonizira ko\u017eu,\u2022 ima prirodni UV filter\u2022 dobro upija, Primjena: preporu\u010duje se za svakodnevnu i cjelogodi\u0161nju njegu svih tipova ko\u017ee s tetova\u017eama\u010duvati na sobnoj temperaturi,Pakiranje: 50ml\u010cuvati na sobnoj temperaturi [&hellip;]<\/p>\n","protected":false},"featured_media":10702,"comment_status":"open","ping_status":"closed","template":"","meta":{"site-sidebar-layout":"default","site-content-layout":"content-boxed-container","ast-site-content-layout":"default","site-content-style":"default","site-sidebar-style":"default","ast-global-header-display":"","ast-banner-title-visibility":"","ast-main-header-display":"","ast-hfb-above-header-display":"","ast-hfb-below-header-display":"","ast-hfb-mobile-header-display":"","site-post-title":"","ast-breadcrumbs-content":"","ast-featured-img":"","footer-sml-layout":"","ast-disable-related-posts":"","theme-transparent-header-meta":"disabled","adv-header-id-meta":"","stick-header-meta":"enabled","header-above-stick-meta":"on","header-main-stick-meta":"on","header-below-stick-meta":"on","astra-migrate-meta-layouts":"default","ast-page-background-enabled":"default","ast-page-background-meta":{"desktop":{"background-color":"var(--ast-global-color-4)","background-image":"","background-repeat":"repeat","background-position":"center center","background-size":"auto","background-attachment":"scroll","background-type":"","background-media":"","overlay-type":"","overlay-color":"","overlay-opacity":"","overlay-gradient":""},"tablet":{"background-color":"","background-image":"","background-repeat":"repeat","background-position":"center center","background-size":"auto","background-attachment":"scroll","background-type":"","background-media":"","overlay-type":"","overlay-color":"","overlay-opacity":"","overlay-gradient":""},"mobile":{"background-color":"","background-image":"","background-repeat":"repeat","background-position":"center center","background-size":"auto","background-attachment":"scroll","background-type":"","background-media":"","overlay-type":"","overlay-color":"","overlay-opacity":"","overlay-gradient":""}},"ast-content-background-meta":{"desktop":{"background-color":"var(--ast-global-color-5)","background-image":"","background-repeat":"repeat","background-position":"center center","background-size":"auto","background-attachment":"scroll","background-type":"","background-media":"","overlay-type":"","overlay-color":"","overlay-opacity":"","overlay-gradient":""},"tablet":{"background-color":"var(--ast-global-color-5)","background-image":"","background-repeat":"repeat","background-position":"center center","background-size":"auto","background-attachment":"scroll","background-type":"","background-media":"","overlay-type":"","overlay-color":"","overlay-opacity":"","overlay-gradient":""},"mobile":{"background-color":"var(--ast-global-color-5)","background-image":"","background-repeat":"repeat","background-position":"center center","background-size":"auto","background-attachment":"scroll","background-type":"","background-media":"","overlay-type":"","overlay-color":"","overlay-opacity":"","overlay-gradient":""}}},"product_brand":[],"product_cat":[103],"product_tag":[],"class_list":{"0":"post-5769","1":"product","2":"type-product","3":"status-publish","4":"has-post-thumbnail","6":"product_cat-med-tattoo-hr","7":"desktop-align-left","8":"tablet-align-left","9":"mobile-align-left","10":"ast-product-gallery-layout-horizontal-slider","11":"ast-product-gallery-with-no-image","12":"ast-product-tabs-layout-distributed","14":"first","15":"instock","16":"taxable","17":"shipping-taxable","18":"purchasable","19":"product-type-simple"},"yoast_head":"<!-- This site is optimized with the Yoast SEO plugin v27.5 - https:\/\/yoast.com\/product\/yoast-seo-wordpress\/ -->\n<title>MED.TATTOO CARE TATTOO - krema od nevena s kolagenom za njegu tetova\u017ee 50ml - MED.TATTOO<\/title>\n<meta name=\"robots\" content=\"index, follow, max-snippet:-1, max-image-preview:large, max-video-preview:-1\" \/>\n<link rel=\"canonical\" href=\"https:\/\/med.tattoo\/hr\/proizvod\/medicinski-tattoo-care-tattoo-krema-od-nevena-s-kolagenom-za-njegu-tetovaze-50ml\/\" \/>\n<meta property=\"og:locale\" content=\"hr_HR\" \/>\n<meta property=\"og:type\" content=\"article\" \/>\n<meta property=\"og:title\" content=\"MED.TATTOO CARE TATTOO - krema od nevena s kolagenom za njegu tetova\u017ee 50ml - MED.TATTOO\" \/>\n<meta property=\"og:description\" content=\"Kolagenska krema za njegu tetova\u017ea s ekstraktom nevena Krema od nevena s kolagenom za njegu tetova\u017eaSvojstava: \u2022 pru\u017ea prirodnu razinu hidratacije ko\u017ee,\u2022 njeguje, smiruje iritacije,\u2022 zagla\u0111uje i tonizira ko\u017eu,\u2022 ima prirodni UV filter\u2022 dobro upija, Primjena: preporu\u010duje se za svakodnevnu i cjelogodi\u0161nju njegu svih tipova ko\u017ee s tetova\u017eama\u010duvati na sobnoj temperaturi,Pakiranje: 50ml\u010cuvati na sobnoj temperaturi [&hellip;]\" \/>\n<meta property=\"og:url\" content=\"https:\/\/med.tattoo\/hr\/proizvod\/medicinski-tattoo-care-tattoo-krema-od-nevena-s-kolagenom-za-njegu-tetovaze-50ml\/\" \/>\n<meta property=\"og:site_name\" content=\"MED.TATTOO\" \/>\n<meta property=\"article:publisher\" content=\"https:\/\/www.facebook.com\/profile.php?id=100084366705613\" \/>\n<meta property=\"article:modified_time\" content=\"2025-05-15T07:33:17+00:00\" \/>\n<meta name=\"twitter:card\" content=\"summary_large_image\" \/>\n<meta name=\"twitter:label1\" content=\"Procijenjeno vrijeme \u010ditanja\" \/>\n\t<meta name=\"twitter:data1\" content=\"1 minuta\" \/>\n<script type=\"application\/ld+json\" class=\"yoast-schema-graph\">{\"@context\":\"https:\\\/\\\/schema.org\",\"@graph\":[{\"@type\":\"WebPage\",\"@id\":\"https:\\\/\\\/med.tattoo\\\/hr\\\/proizvod\\\/medicinski-tattoo-care-tattoo-krema-od-nevena-s-kolagenom-za-njegu-tetovaze-50ml\\\/\",\"url\":\"https:\\\/\\\/med.tattoo\\\/hr\\\/proizvod\\\/medicinski-tattoo-care-tattoo-krema-od-nevena-s-kolagenom-za-njegu-tetovaze-50ml\\\/\",\"name\":\"MED.TATTOO CARE TATTOO - krema od nevena s kolagenom za njegu tetova\u017ee 50ml - MED.TATTOO\",\"isPartOf\":{\"@id\":\"https:\\\/\\\/med.tattoo\\\/hr\\\/#website\"},\"primaryImageOfPage\":{\"@id\":\"https:\\\/\\\/med.tattoo\\\/hr\\\/proizvod\\\/medicinski-tattoo-care-tattoo-krema-od-nevena-s-kolagenom-za-njegu-tetovaze-50ml\\\/#primaryimage\"},\"image\":{\"@id\":\"https:\\\/\\\/med.tattoo\\\/hr\\\/proizvod\\\/medicinski-tattoo-care-tattoo-krema-od-nevena-s-kolagenom-za-njegu-tetovaze-50ml\\\/#primaryimage\"},\"thumbnailUrl\":\"https:\\\/\\\/med.tattoo\\\/wp-content\\\/uploads\\\/2025\\\/05\\\/141_med.tattoo-krem-nagietkowy-z-kolagenem-do-pieleg_1742990451.jpg\",\"datePublished\":\"2021-08-20T08:44:37+00:00\",\"dateModified\":\"2025-05-15T07:33:17+00:00\",\"breadcrumb\":{\"@id\":\"https:\\\/\\\/med.tattoo\\\/hr\\\/proizvod\\\/medicinski-tattoo-care-tattoo-krema-od-nevena-s-kolagenom-za-njegu-tetovaze-50ml\\\/#breadcrumb\"},\"inLanguage\":\"hr\",\"potentialAction\":[{\"@type\":\"ReadAction\",\"target\":[\"https:\\\/\\\/med.tattoo\\\/hr\\\/proizvod\\\/medicinski-tattoo-care-tattoo-krema-od-nevena-s-kolagenom-za-njegu-tetovaze-50ml\\\/\"]}]},{\"@type\":\"ImageObject\",\"inLanguage\":\"hr\",\"@id\":\"https:\\\/\\\/med.tattoo\\\/hr\\\/proizvod\\\/medicinski-tattoo-care-tattoo-krema-od-nevena-s-kolagenom-za-njegu-tetovaze-50ml\\\/#primaryimage\",\"url\":\"https:\\\/\\\/med.tattoo\\\/wp-content\\\/uploads\\\/2025\\\/05\\\/141_med.tattoo-krem-nagietkowy-z-kolagenem-do-pieleg_1742990451.jpg\",\"contentUrl\":\"https:\\\/\\\/med.tattoo\\\/wp-content\\\/uploads\\\/2025\\\/05\\\/141_med.tattoo-krem-nagietkowy-z-kolagenem-do-pieleg_1742990451.jpg\",\"width\":952,\"height\":700},{\"@type\":\"BreadcrumbList\",\"@id\":\"https:\\\/\\\/med.tattoo\\\/hr\\\/proizvod\\\/medicinski-tattoo-care-tattoo-krema-od-nevena-s-kolagenom-za-njegu-tetovaze-50ml\\\/#breadcrumb\",\"itemListElement\":[{\"@type\":\"ListItem\",\"position\":1,\"name\":\"Strona G\u0142\u00f3wna\",\"item\":\"https:\\\/\\\/med.tattoo\\\/hr\\\/\"},{\"@type\":\"ListItem\",\"position\":2,\"name\":\"Trgovina\",\"item\":\"https:\\\/\\\/med.tattoo\\\/hr\\\/shop\\\/\"},{\"@type\":\"ListItem\",\"position\":3,\"name\":\"MED.TATTOO CARE TATTOO &#8211; krema od nevena s kolagenom za njegu tetova\u017ee 50ml\"}]},{\"@type\":\"WebSite\",\"@id\":\"https:\\\/\\\/med.tattoo\\\/hr\\\/#website\",\"url\":\"https:\\\/\\\/med.tattoo\\\/hr\\\/\",\"name\":\"MED.TATTOO\",\"description\":\"Wszystko dla Twojego tatua\u017cu\",\"publisher\":{\"@id\":\"https:\\\/\\\/med.tattoo\\\/hr\\\/#organization\"},\"potentialAction\":[{\"@type\":\"SearchAction\",\"target\":{\"@type\":\"EntryPoint\",\"urlTemplate\":\"https:\\\/\\\/med.tattoo\\\/hr\\\/?s={search_term_string}\"},\"query-input\":{\"@type\":\"PropertyValueSpecification\",\"valueRequired\":true,\"valueName\":\"search_term_string\"}}],\"inLanguage\":\"hr\"},{\"@type\":\"Organization\",\"@id\":\"https:\\\/\\\/med.tattoo\\\/hr\\\/#organization\",\"name\":\"MED.TATTOO\",\"url\":\"https:\\\/\\\/med.tattoo\\\/hr\\\/\",\"logo\":{\"@type\":\"ImageObject\",\"inLanguage\":\"hr\",\"@id\":\"https:\\\/\\\/med.tattoo\\\/hr\\\/#\\\/schema\\\/logo\\\/image\\\/\",\"url\":\"https:\\\/\\\/med.tattoo\\\/wp-content\\\/uploads\\\/2025\\\/05\\\/Bez-tytulu-600S300-px-1-e1658908183800.png\",\"contentUrl\":\"https:\\\/\\\/med.tattoo\\\/wp-content\\\/uploads\\\/2025\\\/05\\\/Bez-tytulu-600S300-px-1-e1658908183800.png\",\"width\":600,\"height\":61,\"caption\":\"MED.TATTOO\"},\"image\":{\"@id\":\"https:\\\/\\\/med.tattoo\\\/hr\\\/#\\\/schema\\\/logo\\\/image\\\/\"},\"sameAs\":[\"https:\\\/\\\/www.facebook.com\\\/profile.php?id=100084366705613\",\"https:\\\/\\\/www.instagram.com\\\/med.tattoo_official\\\/\"]}]}<\/script>\n<!-- \/ Yoast SEO plugin. -->","yoast_head_json":{"title":"MED.TATTOO CARE TATTOO - krema od nevena s kolagenom za njegu tetova\u017ee 50ml - MED.TATTOO","robots":{"index":"index","follow":"follow","max-snippet":"max-snippet:-1","max-image-preview":"max-image-preview:large","max-video-preview":"max-video-preview:-1"},"canonical":"https:\/\/med.tattoo\/hr\/proizvod\/medicinski-tattoo-care-tattoo-krema-od-nevena-s-kolagenom-za-njegu-tetovaze-50ml\/","og_locale":"hr_HR","og_type":"article","og_title":"MED.TATTOO CARE TATTOO - krema od nevena s kolagenom za njegu tetova\u017ee 50ml - MED.TATTOO","og_description":"Kolagenska krema za njegu tetova\u017ea s ekstraktom nevena Krema od nevena s kolagenom za njegu tetova\u017eaSvojstava: \u2022 pru\u017ea prirodnu razinu hidratacije ko\u017ee,\u2022 njeguje, smiruje iritacije,\u2022 zagla\u0111uje i tonizira ko\u017eu,\u2022 ima prirodni UV filter\u2022 dobro upija, Primjena: preporu\u010duje se za svakodnevnu i cjelogodi\u0161nju njegu svih tipova ko\u017ee s tetova\u017eama\u010duvati na sobnoj temperaturi,Pakiranje: 50ml\u010cuvati na sobnoj temperaturi [&hellip;]","og_url":"https:\/\/med.tattoo\/hr\/proizvod\/medicinski-tattoo-care-tattoo-krema-od-nevena-s-kolagenom-za-njegu-tetovaze-50ml\/","og_site_name":"MED.TATTOO","article_publisher":"https:\/\/www.facebook.com\/profile.php?id=100084366705613","article_modified_time":"2025-05-15T07:33:17+00:00","twitter_card":"summary_large_image","twitter_misc":{"Procijenjeno vrijeme \u010ditanja":"1 minuta"},"schema":{"@context":"https:\/\/schema.org","@graph":[{"@type":"WebPage","@id":"https:\/\/med.tattoo\/hr\/proizvod\/medicinski-tattoo-care-tattoo-krema-od-nevena-s-kolagenom-za-njegu-tetovaze-50ml\/","url":"https:\/\/med.tattoo\/hr\/proizvod\/medicinski-tattoo-care-tattoo-krema-od-nevena-s-kolagenom-za-njegu-tetovaze-50ml\/","name":"MED.TATTOO CARE TATTOO - krema od nevena s kolagenom za njegu tetova\u017ee 50ml - MED.TATTOO","isPartOf":{"@id":"https:\/\/med.tattoo\/hr\/#website"},"primaryImageOfPage":{"@id":"https:\/\/med.tattoo\/hr\/proizvod\/medicinski-tattoo-care-tattoo-krema-od-nevena-s-kolagenom-za-njegu-tetovaze-50ml\/#primaryimage"},"image":{"@id":"https:\/\/med.tattoo\/hr\/proizvod\/medicinski-tattoo-care-tattoo-krema-od-nevena-s-kolagenom-za-njegu-tetovaze-50ml\/#primaryimage"},"thumbnailUrl":"https:\/\/med.tattoo\/wp-content\/uploads\/2025\/05\/141_med.tattoo-krem-nagietkowy-z-kolagenem-do-pieleg_1742990451.jpg","datePublished":"2021-08-20T08:44:37+00:00","dateModified":"2025-05-15T07:33:17+00:00","breadcrumb":{"@id":"https:\/\/med.tattoo\/hr\/proizvod\/medicinski-tattoo-care-tattoo-krema-od-nevena-s-kolagenom-za-njegu-tetovaze-50ml\/#breadcrumb"},"inLanguage":"hr","potentialAction":[{"@type":"ReadAction","target":["https:\/\/med.tattoo\/hr\/proizvod\/medicinski-tattoo-care-tattoo-krema-od-nevena-s-kolagenom-za-njegu-tetovaze-50ml\/"]}]},{"@type":"ImageObject","inLanguage":"hr","@id":"https:\/\/med.tattoo\/hr\/proizvod\/medicinski-tattoo-care-tattoo-krema-od-nevena-s-kolagenom-za-njegu-tetovaze-50ml\/#primaryimage","url":"https:\/\/med.tattoo\/wp-content\/uploads\/2025\/05\/141_med.tattoo-krem-nagietkowy-z-kolagenem-do-pieleg_1742990451.jpg","contentUrl":"https:\/\/med.tattoo\/wp-content\/uploads\/2025\/05\/141_med.tattoo-krem-nagietkowy-z-kolagenem-do-pieleg_1742990451.jpg","width":952,"height":700},{"@type":"BreadcrumbList","@id":"https:\/\/med.tattoo\/hr\/proizvod\/medicinski-tattoo-care-tattoo-krema-od-nevena-s-kolagenom-za-njegu-tetovaze-50ml\/#breadcrumb","itemListElement":[{"@type":"ListItem","position":1,"name":"Strona G\u0142\u00f3wna","item":"https:\/\/med.tattoo\/hr\/"},{"@type":"ListItem","position":2,"name":"Trgovina","item":"https:\/\/med.tattoo\/hr\/shop\/"},{"@type":"ListItem","position":3,"name":"MED.TATTOO CARE TATTOO &#8211; krema od nevena s kolagenom za njegu tetova\u017ee 50ml"}]},{"@type":"WebSite","@id":"https:\/\/med.tattoo\/hr\/#website","url":"https:\/\/med.tattoo\/hr\/","name":"MED.TATTOO","description":"Wszystko dla Twojego tatua\u017cu","publisher":{"@id":"https:\/\/med.tattoo\/hr\/#organization"},"potentialAction":[{"@type":"SearchAction","target":{"@type":"EntryPoint","urlTemplate":"https:\/\/med.tattoo\/hr\/?s={search_term_string}"},"query-input":{"@type":"PropertyValueSpecification","valueRequired":true,"valueName":"search_term_string"}}],"inLanguage":"hr"},{"@type":"Organization","@id":"https:\/\/med.tattoo\/hr\/#organization","name":"MED.TATTOO","url":"https:\/\/med.tattoo\/hr\/","logo":{"@type":"ImageObject","inLanguage":"hr","@id":"https:\/\/med.tattoo\/hr\/#\/schema\/logo\/image\/","url":"https:\/\/med.tattoo\/wp-content\/uploads\/2025\/05\/Bez-tytulu-600S300-px-1-e1658908183800.png","contentUrl":"https:\/\/med.tattoo\/wp-content\/uploads\/2025\/05\/Bez-tytulu-600S300-px-1-e1658908183800.png","width":600,"height":61,"caption":"MED.TATTOO"},"image":{"@id":"https:\/\/med.tattoo\/hr\/#\/schema\/logo\/image\/"},"sameAs":["https:\/\/www.facebook.com\/profile.php?id=100084366705613","https:\/\/www.instagram.com\/med.tattoo_official\/"]}]}},"_links":{"self":[{"href":"https:\/\/med.tattoo\/hr\/wp-json\/wp\/v2\/product\/5769","targetHints":{"allow":["GET"]}}],"collection":[{"href":"https:\/\/med.tattoo\/hr\/wp-json\/wp\/v2\/product"}],"about":[{"href":"https:\/\/med.tattoo\/hr\/wp-json\/wp\/v2\/types\/product"}],"replies":[{"embeddable":true,"href":"https:\/\/med.tattoo\/hr\/wp-json\/wp\/v2\/comments?post=5769"}],"wp:featuredmedia":[{"embeddable":true,"href":"https:\/\/med.tattoo\/hr\/wp-json\/wp\/v2\/media\/10702"}],"wp:attachment":[{"href":"https:\/\/med.tattoo\/hr\/wp-json\/wp\/v2\/media?parent=5769"}],"wp:term":[{"taxonomy":"product_brand","embeddable":true,"href":"https:\/\/med.tattoo\/hr\/wp-json\/wp\/v2\/product_brand?post=5769"},{"taxonomy":"product_cat","embeddable":true,"href":"https:\/\/med.tattoo\/hr\/wp-json\/wp\/v2\/product_cat?post=5769"},{"taxonomy":"product_tag","embeddable":true,"href":"https:\/\/med.tattoo\/hr\/wp-json\/wp\/v2\/product_tag?post=5769"}],"curies":[{"name":"wp","href":"https:\/\/api.w.org\/{rel}","templated":true}]}}