{"id":5796,"date":"2021-08-20T10:45:35","date_gmt":"2021-08-20T08:45:35","guid":{"rendered":"https:\/\/med.tattoo\/produkt\/medicinski-tattoo-color-booster-ulje-za-njegu-tetovaza-100ml\/"},"modified":"2025-05-15T09:33:42","modified_gmt":"2025-05-15T07:33:42","slug":"medicinski-tattoo-color-booster-ulje-za-njegu-tetovaza-100ml","status":"publish","type":"product","link":"https:\/\/med.tattoo\/hr\/proizvod\/medicinski-tattoo-color-booster-ulje-za-njegu-tetovaza-100ml\/","title":{"rendered":"MED.TATTOO COLOR BOOSTER &#8211; ulje za njegu tetova\u017ea 100ml"},"content":{"rendered":"<p>Njega tetova\u017ea i booster ulje s ekstraktom nevena<\/p>\n<p>Ulje nevena za njegu i pobolj\u0161anje tetova\u017ea<\/p>\n<p>Pa\u017eljivo odabrani sastav biljnih ulja oboga\u0107en ekstraktima nevena i kamilice te vitaminom E<br \/>\uf0fc hrani i zagla\u0111uje, podr\u017eava regeneraciju ko\u017ee<br \/>\uf0fc intenzivno vla\u017ei ko\u017eu, sprje\u010dava isu\u0161ivanje<br \/>\uf0fc pobolj\u0161ava cirkulaciju krvi,<br \/>\uf0fc ima antibakterijska, dezinfekcijska i umiruju\u0107a svojstva<br \/>\uf0fc savr\u0161eno se upija,<br \/>\uf0fc ostavlja za\u0161titni filtar bez izazivanja osje\u0107aja masno\u0107e.<br \/>.<br \/>\u010cuvati na sobnoj temperaturi; izbjegavajte sun\u010devu svjetlost<br \/>Pakiranje: raspr\u0161iva\u010d od 100 ml  <\/p>\n<p>Primjena: utrljajte male koli\u010dine ulja \u2013 nje\u017eno utapkajte u ko\u017eu prekrivenu tetova\u017eom  <\/p>\n<p>\u010cuvati na sobnoj temperaturi<\/p>\n<p>Sastojci: Olea Europea (maslinovo) vo\u0107no ulje (i) ekstrakt cvijeta Callendula officinalis, ulje Prunus amygdalus dulcis (badema) (Sweeet), ulje sjemenki Simmondsia chinensis (jojoba), ulje sjemenki Macademia Ternifolia, ulje Persea Gratissima (avokada), ulje Amaranus cruentus, tokoferil acetat, parfem s ekstraktom kamilice Recuita.<\/p>\n<p>Navedeni popis sastojaka u skladu je s trenuta\u010dnim stanjem proizvodnje<\/p>\n","protected":false},"excerpt":{"rendered":"<p>Njega tetova\u017ea i booster ulje s ekstraktom nevena Ulje nevena za njegu i pobolj\u0161anje tetova\u017ea Pa\u017eljivo odabrani sastav biljnih ulja oboga\u0107en ekstraktima nevena i kamilice te vitaminom E\uf0fc hrani i zagla\u0111uje, podr\u017eava regeneraciju ko\u017ee\uf0fc intenzivno vla\u017ei ko\u017eu, sprje\u010dava isu\u0161ivanje\uf0fc pobolj\u0161ava cirkulaciju krvi,\uf0fc ima antibakterijska, dezinfekcijska i umiruju\u0107a svojstva\uf0fc savr\u0161eno se upija,\uf0fc ostavlja za\u0161titni filtar bez [&hellip;]<\/p>\n","protected":false},"featured_media":10718,"comment_status":"open","ping_status":"closed","template":"","meta":{"site-sidebar-layout":"default","site-content-layout":"content-boxed-container","ast-site-content-layout":"default","site-content-style":"default","site-sidebar-style":"default","ast-global-header-display":"","ast-banner-title-visibility":"","ast-main-header-display":"","ast-hfb-above-header-display":"","ast-hfb-below-header-display":"","ast-hfb-mobile-header-display":"","site-post-title":"","ast-breadcrumbs-content":"","ast-featured-img":"","footer-sml-layout":"","ast-disable-related-posts":"","theme-transparent-header-meta":"disabled","adv-header-id-meta":"","stick-header-meta":"enabled","header-above-stick-meta":"on","header-main-stick-meta":"on","header-below-stick-meta":"on","astra-migrate-meta-layouts":"default","ast-page-background-enabled":"default","ast-page-background-meta":{"desktop":{"background-color":"var(--ast-global-color-4)","background-image":"","background-repeat":"repeat","background-position":"center center","background-size":"auto","background-attachment":"scroll","background-type":"","background-media":"","overlay-type":"","overlay-color":"","overlay-opacity":"","overlay-gradient":""},"tablet":{"background-color":"","background-image":"","background-repeat":"repeat","background-position":"center center","background-size":"auto","background-attachment":"scroll","background-type":"","background-media":"","overlay-type":"","overlay-color":"","overlay-opacity":"","overlay-gradient":""},"mobile":{"background-color":"","background-image":"","background-repeat":"repeat","background-position":"center center","background-size":"auto","background-attachment":"scroll","background-type":"","background-media":"","overlay-type":"","overlay-color":"","overlay-opacity":"","overlay-gradient":""}},"ast-content-background-meta":{"desktop":{"background-color":"var(--ast-global-color-5)","background-image":"","background-repeat":"repeat","background-position":"center center","background-size":"auto","background-attachment":"scroll","background-type":"","background-media":"","overlay-type":"","overlay-color":"","overlay-opacity":"","overlay-gradient":""},"tablet":{"background-color":"var(--ast-global-color-5)","background-image":"","background-repeat":"repeat","background-position":"center center","background-size":"auto","background-attachment":"scroll","background-type":"","background-media":"","overlay-type":"","overlay-color":"","overlay-opacity":"","overlay-gradient":""},"mobile":{"background-color":"var(--ast-global-color-5)","background-image":"","background-repeat":"repeat","background-position":"center center","background-size":"auto","background-attachment":"scroll","background-type":"","background-media":"","overlay-type":"","overlay-color":"","overlay-opacity":"","overlay-gradient":""}}},"product_brand":[],"product_cat":[103],"product_tag":[],"class_list":{"0":"post-5796","1":"product","2":"type-product","3":"status-publish","4":"has-post-thumbnail","6":"product_cat-med-tattoo-hr","7":"desktop-align-left","8":"tablet-align-left","9":"mobile-align-left","10":"ast-product-gallery-layout-horizontal-slider","11":"ast-product-gallery-with-no-image","12":"ast-product-tabs-layout-distributed","14":"first","15":"instock","16":"taxable","17":"shipping-taxable","18":"purchasable","19":"product-type-simple"},"yoast_head":"<!-- This site is optimized with the Yoast SEO plugin v27.4 - https:\/\/yoast.com\/product\/yoast-seo-wordpress\/ -->\n<title>MED.TATTOO COLOR BOOSTER - ulje za njegu tetova\u017ea 100ml - MED.TATTOO<\/title>\n<meta name=\"robots\" content=\"index, follow, max-snippet:-1, max-image-preview:large, max-video-preview:-1\" \/>\n<link rel=\"canonical\" href=\"https:\/\/med.tattoo\/hr\/proizvod\/medicinski-tattoo-color-booster-ulje-za-njegu-tetovaza-100ml\/\" \/>\n<meta property=\"og:locale\" content=\"hr_HR\" \/>\n<meta property=\"og:type\" content=\"article\" \/>\n<meta property=\"og:title\" content=\"MED.TATTOO COLOR BOOSTER - ulje za njegu tetova\u017ea 100ml - MED.TATTOO\" \/>\n<meta property=\"og:description\" content=\"Njega tetova\u017ea i booster ulje s ekstraktom nevena Ulje nevena za njegu i pobolj\u0161anje tetova\u017ea Pa\u017eljivo odabrani sastav biljnih ulja oboga\u0107en ekstraktima nevena i kamilice te vitaminom E\uf0fc hrani i zagla\u0111uje, podr\u017eava regeneraciju ko\u017ee\uf0fc intenzivno vla\u017ei ko\u017eu, sprje\u010dava isu\u0161ivanje\uf0fc pobolj\u0161ava cirkulaciju krvi,\uf0fc ima antibakterijska, dezinfekcijska i umiruju\u0107a svojstva\uf0fc savr\u0161eno se upija,\uf0fc ostavlja za\u0161titni filtar bez [&hellip;]\" \/>\n<meta property=\"og:url\" content=\"https:\/\/med.tattoo\/hr\/proizvod\/medicinski-tattoo-color-booster-ulje-za-njegu-tetovaza-100ml\/\" \/>\n<meta property=\"og:site_name\" content=\"MED.TATTOO\" \/>\n<meta property=\"article:publisher\" content=\"https:\/\/www.facebook.com\/profile.php?id=100084366705613\" \/>\n<meta property=\"article:modified_time\" content=\"2025-05-15T07:33:42+00:00\" \/>\n<meta name=\"twitter:card\" content=\"summary_large_image\" \/>\n<meta name=\"twitter:label1\" content=\"Procijenjeno vrijeme \u010ditanja\" \/>\n\t<meta name=\"twitter:data1\" content=\"1 minuta\" \/>\n<script type=\"application\/ld+json\" class=\"yoast-schema-graph\">{\"@context\":\"https:\\\/\\\/schema.org\",\"@graph\":[{\"@type\":\"WebPage\",\"@id\":\"https:\\\/\\\/med.tattoo\\\/hr\\\/proizvod\\\/medicinski-tattoo-color-booster-ulje-za-njegu-tetovaza-100ml\\\/\",\"url\":\"https:\\\/\\\/med.tattoo\\\/hr\\\/proizvod\\\/medicinski-tattoo-color-booster-ulje-za-njegu-tetovaza-100ml\\\/\",\"name\":\"MED.TATTOO COLOR BOOSTER - ulje za njegu tetova\u017ea 100ml - MED.TATTOO\",\"isPartOf\":{\"@id\":\"https:\\\/\\\/med.tattoo\\\/hr\\\/#website\"},\"primaryImageOfPage\":{\"@id\":\"https:\\\/\\\/med.tattoo\\\/hr\\\/proizvod\\\/medicinski-tattoo-color-booster-ulje-za-njegu-tetovaza-100ml\\\/#primaryimage\"},\"image\":{\"@id\":\"https:\\\/\\\/med.tattoo\\\/hr\\\/proizvod\\\/medicinski-tattoo-color-booster-ulje-za-njegu-tetovaza-100ml\\\/#primaryimage\"},\"thumbnailUrl\":\"https:\\\/\\\/med.tattoo\\\/wp-content\\\/uploads\\\/2025\\\/05\\\/142_med.tattoo-olejek-do-pielegnacji-tatuazu-100ml_1742990451.jpg\",\"datePublished\":\"2021-08-20T08:45:35+00:00\",\"dateModified\":\"2025-05-15T07:33:42+00:00\",\"breadcrumb\":{\"@id\":\"https:\\\/\\\/med.tattoo\\\/hr\\\/proizvod\\\/medicinski-tattoo-color-booster-ulje-za-njegu-tetovaza-100ml\\\/#breadcrumb\"},\"inLanguage\":\"hr\",\"potentialAction\":[{\"@type\":\"ReadAction\",\"target\":[\"https:\\\/\\\/med.tattoo\\\/hr\\\/proizvod\\\/medicinski-tattoo-color-booster-ulje-za-njegu-tetovaza-100ml\\\/\"]}]},{\"@type\":\"ImageObject\",\"inLanguage\":\"hr\",\"@id\":\"https:\\\/\\\/med.tattoo\\\/hr\\\/proizvod\\\/medicinski-tattoo-color-booster-ulje-za-njegu-tetovaza-100ml\\\/#primaryimage\",\"url\":\"https:\\\/\\\/med.tattoo\\\/wp-content\\\/uploads\\\/2025\\\/05\\\/142_med.tattoo-olejek-do-pielegnacji-tatuazu-100ml_1742990451.jpg\",\"contentUrl\":\"https:\\\/\\\/med.tattoo\\\/wp-content\\\/uploads\\\/2025\\\/05\\\/142_med.tattoo-olejek-do-pielegnacji-tatuazu-100ml_1742990451.jpg\",\"width\":380,\"height\":700},{\"@type\":\"BreadcrumbList\",\"@id\":\"https:\\\/\\\/med.tattoo\\\/hr\\\/proizvod\\\/medicinski-tattoo-color-booster-ulje-za-njegu-tetovaza-100ml\\\/#breadcrumb\",\"itemListElement\":[{\"@type\":\"ListItem\",\"position\":1,\"name\":\"Strona G\u0142\u00f3wna\",\"item\":\"https:\\\/\\\/med.tattoo\\\/hr\\\/\"},{\"@type\":\"ListItem\",\"position\":2,\"name\":\"Trgovina\",\"item\":\"https:\\\/\\\/med.tattoo\\\/hr\\\/shop\\\/\"},{\"@type\":\"ListItem\",\"position\":3,\"name\":\"MED.TATTOO COLOR BOOSTER &#8211; ulje za njegu tetova\u017ea 100ml\"}]},{\"@type\":\"WebSite\",\"@id\":\"https:\\\/\\\/med.tattoo\\\/hr\\\/#website\",\"url\":\"https:\\\/\\\/med.tattoo\\\/hr\\\/\",\"name\":\"MED.TATTOO\",\"description\":\"Wszystko dla Twojego tatua\u017cu\",\"publisher\":{\"@id\":\"https:\\\/\\\/med.tattoo\\\/hr\\\/#organization\"},\"potentialAction\":[{\"@type\":\"SearchAction\",\"target\":{\"@type\":\"EntryPoint\",\"urlTemplate\":\"https:\\\/\\\/med.tattoo\\\/hr\\\/?s={search_term_string}\"},\"query-input\":{\"@type\":\"PropertyValueSpecification\",\"valueRequired\":true,\"valueName\":\"search_term_string\"}}],\"inLanguage\":\"hr\"},{\"@type\":\"Organization\",\"@id\":\"https:\\\/\\\/med.tattoo\\\/hr\\\/#organization\",\"name\":\"MED.TATTOO\",\"url\":\"https:\\\/\\\/med.tattoo\\\/hr\\\/\",\"logo\":{\"@type\":\"ImageObject\",\"inLanguage\":\"hr\",\"@id\":\"https:\\\/\\\/med.tattoo\\\/hr\\\/#\\\/schema\\\/logo\\\/image\\\/\",\"url\":\"https:\\\/\\\/med.tattoo\\\/wp-content\\\/uploads\\\/2025\\\/05\\\/Bez-tytulu-600S300-px-1-e1658908183800.png\",\"contentUrl\":\"https:\\\/\\\/med.tattoo\\\/wp-content\\\/uploads\\\/2025\\\/05\\\/Bez-tytulu-600S300-px-1-e1658908183800.png\",\"width\":600,\"height\":61,\"caption\":\"MED.TATTOO\"},\"image\":{\"@id\":\"https:\\\/\\\/med.tattoo\\\/hr\\\/#\\\/schema\\\/logo\\\/image\\\/\"},\"sameAs\":[\"https:\\\/\\\/www.facebook.com\\\/profile.php?id=100084366705613\",\"https:\\\/\\\/www.instagram.com\\\/med.tattoo_official\\\/\"]}]}<\/script>\n<!-- \/ Yoast SEO plugin. -->","yoast_head_json":{"title":"MED.TATTOO COLOR BOOSTER - ulje za njegu tetova\u017ea 100ml - MED.TATTOO","robots":{"index":"index","follow":"follow","max-snippet":"max-snippet:-1","max-image-preview":"max-image-preview:large","max-video-preview":"max-video-preview:-1"},"canonical":"https:\/\/med.tattoo\/hr\/proizvod\/medicinski-tattoo-color-booster-ulje-za-njegu-tetovaza-100ml\/","og_locale":"hr_HR","og_type":"article","og_title":"MED.TATTOO COLOR BOOSTER - ulje za njegu tetova\u017ea 100ml - MED.TATTOO","og_description":"Njega tetova\u017ea i booster ulje s ekstraktom nevena Ulje nevena za njegu i pobolj\u0161anje tetova\u017ea Pa\u017eljivo odabrani sastav biljnih ulja oboga\u0107en ekstraktima nevena i kamilice te vitaminom E\uf0fc hrani i zagla\u0111uje, podr\u017eava regeneraciju ko\u017ee\uf0fc intenzivno vla\u017ei ko\u017eu, sprje\u010dava isu\u0161ivanje\uf0fc pobolj\u0161ava cirkulaciju krvi,\uf0fc ima antibakterijska, dezinfekcijska i umiruju\u0107a svojstva\uf0fc savr\u0161eno se upija,\uf0fc ostavlja za\u0161titni filtar bez [&hellip;]","og_url":"https:\/\/med.tattoo\/hr\/proizvod\/medicinski-tattoo-color-booster-ulje-za-njegu-tetovaza-100ml\/","og_site_name":"MED.TATTOO","article_publisher":"https:\/\/www.facebook.com\/profile.php?id=100084366705613","article_modified_time":"2025-05-15T07:33:42+00:00","twitter_card":"summary_large_image","twitter_misc":{"Procijenjeno vrijeme \u010ditanja":"1 minuta"},"schema":{"@context":"https:\/\/schema.org","@graph":[{"@type":"WebPage","@id":"https:\/\/med.tattoo\/hr\/proizvod\/medicinski-tattoo-color-booster-ulje-za-njegu-tetovaza-100ml\/","url":"https:\/\/med.tattoo\/hr\/proizvod\/medicinski-tattoo-color-booster-ulje-za-njegu-tetovaza-100ml\/","name":"MED.TATTOO COLOR BOOSTER - ulje za njegu tetova\u017ea 100ml - MED.TATTOO","isPartOf":{"@id":"https:\/\/med.tattoo\/hr\/#website"},"primaryImageOfPage":{"@id":"https:\/\/med.tattoo\/hr\/proizvod\/medicinski-tattoo-color-booster-ulje-za-njegu-tetovaza-100ml\/#primaryimage"},"image":{"@id":"https:\/\/med.tattoo\/hr\/proizvod\/medicinski-tattoo-color-booster-ulje-za-njegu-tetovaza-100ml\/#primaryimage"},"thumbnailUrl":"https:\/\/med.tattoo\/wp-content\/uploads\/2025\/05\/142_med.tattoo-olejek-do-pielegnacji-tatuazu-100ml_1742990451.jpg","datePublished":"2021-08-20T08:45:35+00:00","dateModified":"2025-05-15T07:33:42+00:00","breadcrumb":{"@id":"https:\/\/med.tattoo\/hr\/proizvod\/medicinski-tattoo-color-booster-ulje-za-njegu-tetovaza-100ml\/#breadcrumb"},"inLanguage":"hr","potentialAction":[{"@type":"ReadAction","target":["https:\/\/med.tattoo\/hr\/proizvod\/medicinski-tattoo-color-booster-ulje-za-njegu-tetovaza-100ml\/"]}]},{"@type":"ImageObject","inLanguage":"hr","@id":"https:\/\/med.tattoo\/hr\/proizvod\/medicinski-tattoo-color-booster-ulje-za-njegu-tetovaza-100ml\/#primaryimage","url":"https:\/\/med.tattoo\/wp-content\/uploads\/2025\/05\/142_med.tattoo-olejek-do-pielegnacji-tatuazu-100ml_1742990451.jpg","contentUrl":"https:\/\/med.tattoo\/wp-content\/uploads\/2025\/05\/142_med.tattoo-olejek-do-pielegnacji-tatuazu-100ml_1742990451.jpg","width":380,"height":700},{"@type":"BreadcrumbList","@id":"https:\/\/med.tattoo\/hr\/proizvod\/medicinski-tattoo-color-booster-ulje-za-njegu-tetovaza-100ml\/#breadcrumb","itemListElement":[{"@type":"ListItem","position":1,"name":"Strona G\u0142\u00f3wna","item":"https:\/\/med.tattoo\/hr\/"},{"@type":"ListItem","position":2,"name":"Trgovina","item":"https:\/\/med.tattoo\/hr\/shop\/"},{"@type":"ListItem","position":3,"name":"MED.TATTOO COLOR BOOSTER &#8211; ulje za njegu tetova\u017ea 100ml"}]},{"@type":"WebSite","@id":"https:\/\/med.tattoo\/hr\/#website","url":"https:\/\/med.tattoo\/hr\/","name":"MED.TATTOO","description":"Wszystko dla Twojego tatua\u017cu","publisher":{"@id":"https:\/\/med.tattoo\/hr\/#organization"},"potentialAction":[{"@type":"SearchAction","target":{"@type":"EntryPoint","urlTemplate":"https:\/\/med.tattoo\/hr\/?s={search_term_string}"},"query-input":{"@type":"PropertyValueSpecification","valueRequired":true,"valueName":"search_term_string"}}],"inLanguage":"hr"},{"@type":"Organization","@id":"https:\/\/med.tattoo\/hr\/#organization","name":"MED.TATTOO","url":"https:\/\/med.tattoo\/hr\/","logo":{"@type":"ImageObject","inLanguage":"hr","@id":"https:\/\/med.tattoo\/hr\/#\/schema\/logo\/image\/","url":"https:\/\/med.tattoo\/wp-content\/uploads\/2025\/05\/Bez-tytulu-600S300-px-1-e1658908183800.png","contentUrl":"https:\/\/med.tattoo\/wp-content\/uploads\/2025\/05\/Bez-tytulu-600S300-px-1-e1658908183800.png","width":600,"height":61,"caption":"MED.TATTOO"},"image":{"@id":"https:\/\/med.tattoo\/hr\/#\/schema\/logo\/image\/"},"sameAs":["https:\/\/www.facebook.com\/profile.php?id=100084366705613","https:\/\/www.instagram.com\/med.tattoo_official\/"]}]}},"_links":{"self":[{"href":"https:\/\/med.tattoo\/hr\/wp-json\/wp\/v2\/product\/5796","targetHints":{"allow":["GET"]}}],"collection":[{"href":"https:\/\/med.tattoo\/hr\/wp-json\/wp\/v2\/product"}],"about":[{"href":"https:\/\/med.tattoo\/hr\/wp-json\/wp\/v2\/types\/product"}],"replies":[{"embeddable":true,"href":"https:\/\/med.tattoo\/hr\/wp-json\/wp\/v2\/comments?post=5796"}],"wp:featuredmedia":[{"embeddable":true,"href":"https:\/\/med.tattoo\/hr\/wp-json\/wp\/v2\/media\/10718"}],"wp:attachment":[{"href":"https:\/\/med.tattoo\/hr\/wp-json\/wp\/v2\/media?parent=5796"}],"wp:term":[{"taxonomy":"product_brand","embeddable":true,"href":"https:\/\/med.tattoo\/hr\/wp-json\/wp\/v2\/product_brand?post=5796"},{"taxonomy":"product_cat","embeddable":true,"href":"https:\/\/med.tattoo\/hr\/wp-json\/wp\/v2\/product_cat?post=5796"},{"taxonomy":"product_tag","embeddable":true,"href":"https:\/\/med.tattoo\/hr\/wp-json\/wp\/v2\/product_tag?post=5796"}],"curies":[{"name":"wp","href":"https:\/\/api.w.org\/{rel}","templated":true}]}}