{"id":5811,"date":"2021-08-20T11:46:22","date_gmt":"2021-08-20T09:46:22","guid":{"rendered":"https:\/\/med.tattoo\/produkt\/medicinski-tattoo-after-tattoo-ljekovita-krema-za-tetoviranje-50ml\/"},"modified":"2025-11-23T23:50:14","modified_gmt":"2025-11-23T22:50:14","slug":"medicinski-tattoo-after-tattoo-ljekovita-krema-za-tetoviranje-50ml","status":"publish","type":"product","link":"https:\/\/med.tattoo\/hr\/proizvod\/medicinski-tattoo-after-tattoo-ljekovita-krema-za-tetoviranje-50ml\/","title":{"rendered":"MED.TATTOO AFTER TATTOO &#8211; ljekovita krema za tetoviranje 50ml"},"content":{"rendered":"<p>Krema za zacjeljivanje tetova\u017ea s ekstraktom nevena<\/p>\n<p>Ljekovita krema za tetoviranje nevena  <\/p>\n<p>Sastav ekstrakta masline iz cvjetova nevena, shea maslaca i ulja: suncokreta, jojobe, avokada, oraha makadamije, sjemenki amaranta; bogat nezasi\u0107enim masnim kiselinama, fosfolipidima, fitosterolima, karotenima, lecitinima, skvalenom, vitaminima A, E, D, K i PP, mineralima i klorofilom; sadr\u017ei pantenol.<br \/>\u2022 djeluje regenerativno, hranjivo,<br \/>\u2022 podmazuje i vla\u017ei ko\u017eu,<br \/>\u2022 djeluje umiruju\u0107e na ko\u017eu sklonu iritacijama,<br \/>\u2022 daje ko\u017ei iznimnu glatko\u0107u, meko\u0107u i elasti\u010dnost,<br \/>\u2022 sadr\u017ei antioksidanse koji uni\u0161tavaju slobodne radikale, sprje\u010davaju\u0107i reakciju oksidacije &#8211; jedan od uzroka starenja ko\u017ee,<br \/>\u2022 \u0161titi od \u0161tetnih vremenskih uvjeta,<br \/>\u2022 ima prirodnu kremu za sun\u010danje.<br \/>\uf0d8 nanesite kremu na o\u010di\u0161\u0107enu ko\u017eu i nje\u017eno umasirajte<\/p>\n<p>\uf0d8 preporu\u010duje se za svakodnevnu njegu i regeneraciju ko\u017ee, posebno no\u0107u<\/p>\n<p>\u010cuvati na sobnoj temperaturi<\/p>\n<p>Primjena: Nanesite male koli\u010dine na opranu, suhu ko\u017eu<br \/>Pakiranje: 50ml  <\/p>\n<p>Sastojci: Agua, ulje ploda Olea Europea (maslina) (i) ekstrakt cvijeta Callendula officinalis, glicerin, ulje sjemenki Helianthus annus, Butyrospermum Parkii vo\u0107ni shea (Karite) maslac, cetilni alkohol, polisorbat 60, ulje sjemenki macademia ternifolia, ulje sjemenki Persea gratissima (avokada), ulje sjemenki Simmondsia chinensis (jojoba), tokoferil acetat, retinol, ergokalciferol, pantenol, lanolin, ulje Amaranus cruentus, Cera alba, kalijev sorbat, diazolidinil urea, natrijev benzoat,  Parfum.<br \/>Navedeni popis sastojaka u skladu je s trenuta\u010dnim stanjem proizvodnje<\/p>\n","protected":false},"excerpt":{"rendered":"<p>Krema za zacjeljivanje tetova\u017ea s ekstraktom nevena Ljekovita krema za tetoviranje nevena Sastav ekstrakta masline iz cvjetova nevena, shea maslaca i ulja: suncokreta, jojobe, avokada, oraha makadamije, sjemenki amaranta; bogat nezasi\u0107enim masnim kiselinama, fosfolipidima, fitosterolima, karotenima, lecitinima, skvalenom, vitaminima A, E, D, K i PP, mineralima i klorofilom; sadr\u017ei pantenol.\u2022 djeluje regenerativno, hranjivo,\u2022 podmazuje i [&hellip;]<\/p>\n","protected":false},"featured_media":10694,"comment_status":"open","ping_status":"closed","template":"","meta":{"site-sidebar-layout":"default","site-content-layout":"content-boxed-container","ast-site-content-layout":"default","site-content-style":"default","site-sidebar-style":"default","ast-global-header-display":"","ast-banner-title-visibility":"","ast-main-header-display":"","ast-hfb-above-header-display":"","ast-hfb-below-header-display":"","ast-hfb-mobile-header-display":"","site-post-title":"","ast-breadcrumbs-content":"","ast-featured-img":"","footer-sml-layout":"","ast-disable-related-posts":"","theme-transparent-header-meta":"disabled","adv-header-id-meta":"","stick-header-meta":"enabled","header-above-stick-meta":"on","header-main-stick-meta":"on","header-below-stick-meta":"on","astra-migrate-meta-layouts":"default","ast-page-background-enabled":"default","ast-page-background-meta":{"desktop":{"background-color":"var(--ast-global-color-4)","background-image":"","background-repeat":"repeat","background-position":"center center","background-size":"auto","background-attachment":"scroll","background-type":"","background-media":"","overlay-type":"","overlay-color":"","overlay-opacity":"","overlay-gradient":""},"tablet":{"background-color":"","background-image":"","background-repeat":"repeat","background-position":"center center","background-size":"auto","background-attachment":"scroll","background-type":"","background-media":"","overlay-type":"","overlay-color":"","overlay-opacity":"","overlay-gradient":""},"mobile":{"background-color":"","background-image":"","background-repeat":"repeat","background-position":"center center","background-size":"auto","background-attachment":"scroll","background-type":"","background-media":"","overlay-type":"","overlay-color":"","overlay-opacity":"","overlay-gradient":""}},"ast-content-background-meta":{"desktop":{"background-color":"var(--ast-global-color-5)","background-image":"","background-repeat":"repeat","background-position":"center center","background-size":"auto","background-attachment":"scroll","background-type":"","background-media":"","overlay-type":"","overlay-color":"","overlay-opacity":"","overlay-gradient":""},"tablet":{"background-color":"var(--ast-global-color-5)","background-image":"","background-repeat":"repeat","background-position":"center center","background-size":"auto","background-attachment":"scroll","background-type":"","background-media":"","overlay-type":"","overlay-color":"","overlay-opacity":"","overlay-gradient":""},"mobile":{"background-color":"var(--ast-global-color-5)","background-image":"","background-repeat":"repeat","background-position":"center center","background-size":"auto","background-attachment":"scroll","background-type":"","background-media":"","overlay-type":"","overlay-color":"","overlay-opacity":"","overlay-gradient":""}}},"product_brand":[],"product_cat":[103],"product_tag":[],"class_list":{"0":"post-5811","1":"product","2":"type-product","3":"status-publish","4":"has-post-thumbnail","6":"product_cat-med-tattoo-hr","7":"desktop-align-left","8":"tablet-align-left","9":"mobile-align-left","10":"ast-product-gallery-layout-horizontal-slider","11":"ast-product-gallery-with-no-image","12":"ast-product-tabs-layout-distributed","14":"first","15":"instock","16":"taxable","17":"shipping-taxable","18":"purchasable","19":"product-type-simple"},"yoast_head":"<!-- This site is optimized with the Yoast SEO plugin v27.4 - https:\/\/yoast.com\/product\/yoast-seo-wordpress\/ -->\n<title>MED.TATTOO AFTER TATTOO - ljekovita krema za tetoviranje 50ml - MED.TATTOO<\/title>\n<meta name=\"robots\" content=\"index, follow, max-snippet:-1, max-image-preview:large, max-video-preview:-1\" \/>\n<link rel=\"canonical\" href=\"https:\/\/med.tattoo\/hr\/proizvod\/medicinski-tattoo-after-tattoo-ljekovita-krema-za-tetoviranje-50ml\/\" \/>\n<meta property=\"og:locale\" content=\"hr_HR\" \/>\n<meta property=\"og:type\" content=\"article\" \/>\n<meta property=\"og:title\" content=\"MED.TATTOO AFTER TATTOO - ljekovita krema za tetoviranje 50ml - MED.TATTOO\" \/>\n<meta property=\"og:description\" content=\"Krema za zacjeljivanje tetova\u017ea s ekstraktom nevena Ljekovita krema za tetoviranje nevena Sastav ekstrakta masline iz cvjetova nevena, shea maslaca i ulja: suncokreta, jojobe, avokada, oraha makadamije, sjemenki amaranta; bogat nezasi\u0107enim masnim kiselinama, fosfolipidima, fitosterolima, karotenima, lecitinima, skvalenom, vitaminima A, E, D, K i PP, mineralima i klorofilom; sadr\u017ei pantenol.\u2022 djeluje regenerativno, hranjivo,\u2022 podmazuje i [&hellip;]\" \/>\n<meta property=\"og:url\" content=\"https:\/\/med.tattoo\/hr\/proizvod\/medicinski-tattoo-after-tattoo-ljekovita-krema-za-tetoviranje-50ml\/\" \/>\n<meta property=\"og:site_name\" content=\"MED.TATTOO\" \/>\n<meta property=\"article:publisher\" content=\"https:\/\/www.facebook.com\/profile.php?id=100084366705613\" \/>\n<meta property=\"article:modified_time\" content=\"2025-11-23T22:50:14+00:00\" \/>\n<meta name=\"twitter:card\" content=\"summary_large_image\" \/>\n<meta name=\"twitter:label1\" content=\"Procijenjeno vrijeme \u010ditanja\" \/>\n\t<meta name=\"twitter:data1\" content=\"1 minuta\" \/>\n<script type=\"application\/ld+json\" class=\"yoast-schema-graph\">{\"@context\":\"https:\\\/\\\/schema.org\",\"@graph\":[{\"@type\":\"WebPage\",\"@id\":\"https:\\\/\\\/med.tattoo\\\/hr\\\/proizvod\\\/medicinski-tattoo-after-tattoo-ljekovita-krema-za-tetoviranje-50ml\\\/\",\"url\":\"https:\\\/\\\/med.tattoo\\\/hr\\\/proizvod\\\/medicinski-tattoo-after-tattoo-ljekovita-krema-za-tetoviranje-50ml\\\/\",\"name\":\"MED.TATTOO AFTER TATTOO - ljekovita krema za tetoviranje 50ml - MED.TATTOO\",\"isPartOf\":{\"@id\":\"https:\\\/\\\/med.tattoo\\\/hr\\\/#website\"},\"primaryImageOfPage\":{\"@id\":\"https:\\\/\\\/med.tattoo\\\/hr\\\/proizvod\\\/medicinski-tattoo-after-tattoo-ljekovita-krema-za-tetoviranje-50ml\\\/#primaryimage\"},\"image\":{\"@id\":\"https:\\\/\\\/med.tattoo\\\/hr\\\/proizvod\\\/medicinski-tattoo-after-tattoo-ljekovita-krema-za-tetoviranje-50ml\\\/#primaryimage\"},\"thumbnailUrl\":\"https:\\\/\\\/med.tattoo\\\/wp-content\\\/uploads\\\/2025\\\/05\\\/140_med.tattoo-gojacy-krem-do-tatuazu-50ml_1742990451.jpg\",\"datePublished\":\"2021-08-20T09:46:22+00:00\",\"dateModified\":\"2025-11-23T22:50:14+00:00\",\"breadcrumb\":{\"@id\":\"https:\\\/\\\/med.tattoo\\\/hr\\\/proizvod\\\/medicinski-tattoo-after-tattoo-ljekovita-krema-za-tetoviranje-50ml\\\/#breadcrumb\"},\"inLanguage\":\"hr\",\"potentialAction\":[{\"@type\":\"ReadAction\",\"target\":[\"https:\\\/\\\/med.tattoo\\\/hr\\\/proizvod\\\/medicinski-tattoo-after-tattoo-ljekovita-krema-za-tetoviranje-50ml\\\/\"]}]},{\"@type\":\"ImageObject\",\"inLanguage\":\"hr\",\"@id\":\"https:\\\/\\\/med.tattoo\\\/hr\\\/proizvod\\\/medicinski-tattoo-after-tattoo-ljekovita-krema-za-tetoviranje-50ml\\\/#primaryimage\",\"url\":\"https:\\\/\\\/med.tattoo\\\/wp-content\\\/uploads\\\/2025\\\/05\\\/140_med.tattoo-gojacy-krem-do-tatuazu-50ml_1742990451.jpg\",\"contentUrl\":\"https:\\\/\\\/med.tattoo\\\/wp-content\\\/uploads\\\/2025\\\/05\\\/140_med.tattoo-gojacy-krem-do-tatuazu-50ml_1742990451.jpg\",\"width\":952,\"height\":700},{\"@type\":\"BreadcrumbList\",\"@id\":\"https:\\\/\\\/med.tattoo\\\/hr\\\/proizvod\\\/medicinski-tattoo-after-tattoo-ljekovita-krema-za-tetoviranje-50ml\\\/#breadcrumb\",\"itemListElement\":[{\"@type\":\"ListItem\",\"position\":1,\"name\":\"Strona G\u0142\u00f3wna\",\"item\":\"https:\\\/\\\/med.tattoo\\\/hr\\\/\"},{\"@type\":\"ListItem\",\"position\":2,\"name\":\"Trgovina\",\"item\":\"https:\\\/\\\/med.tattoo\\\/hr\\\/shop\\\/\"},{\"@type\":\"ListItem\",\"position\":3,\"name\":\"MED.TATTOO AFTER TATTOO &#8211; ljekovita krema za tetoviranje 50ml\"}]},{\"@type\":\"WebSite\",\"@id\":\"https:\\\/\\\/med.tattoo\\\/hr\\\/#website\",\"url\":\"https:\\\/\\\/med.tattoo\\\/hr\\\/\",\"name\":\"MED.TATTOO\",\"description\":\"Wszystko dla Twojego tatua\u017cu\",\"publisher\":{\"@id\":\"https:\\\/\\\/med.tattoo\\\/hr\\\/#organization\"},\"potentialAction\":[{\"@type\":\"SearchAction\",\"target\":{\"@type\":\"EntryPoint\",\"urlTemplate\":\"https:\\\/\\\/med.tattoo\\\/hr\\\/?s={search_term_string}\"},\"query-input\":{\"@type\":\"PropertyValueSpecification\",\"valueRequired\":true,\"valueName\":\"search_term_string\"}}],\"inLanguage\":\"hr\"},{\"@type\":\"Organization\",\"@id\":\"https:\\\/\\\/med.tattoo\\\/hr\\\/#organization\",\"name\":\"MED.TATTOO\",\"url\":\"https:\\\/\\\/med.tattoo\\\/hr\\\/\",\"logo\":{\"@type\":\"ImageObject\",\"inLanguage\":\"hr\",\"@id\":\"https:\\\/\\\/med.tattoo\\\/hr\\\/#\\\/schema\\\/logo\\\/image\\\/\",\"url\":\"https:\\\/\\\/med.tattoo\\\/wp-content\\\/uploads\\\/2025\\\/05\\\/Bez-tytulu-600S300-px-1-e1658908183800.png\",\"contentUrl\":\"https:\\\/\\\/med.tattoo\\\/wp-content\\\/uploads\\\/2025\\\/05\\\/Bez-tytulu-600S300-px-1-e1658908183800.png\",\"width\":600,\"height\":61,\"caption\":\"MED.TATTOO\"},\"image\":{\"@id\":\"https:\\\/\\\/med.tattoo\\\/hr\\\/#\\\/schema\\\/logo\\\/image\\\/\"},\"sameAs\":[\"https:\\\/\\\/www.facebook.com\\\/profile.php?id=100084366705613\",\"https:\\\/\\\/www.instagram.com\\\/med.tattoo_official\\\/\"]}]}<\/script>\n<!-- \/ Yoast SEO plugin. -->","yoast_head_json":{"title":"MED.TATTOO AFTER TATTOO - ljekovita krema za tetoviranje 50ml - MED.TATTOO","robots":{"index":"index","follow":"follow","max-snippet":"max-snippet:-1","max-image-preview":"max-image-preview:large","max-video-preview":"max-video-preview:-1"},"canonical":"https:\/\/med.tattoo\/hr\/proizvod\/medicinski-tattoo-after-tattoo-ljekovita-krema-za-tetoviranje-50ml\/","og_locale":"hr_HR","og_type":"article","og_title":"MED.TATTOO AFTER TATTOO - ljekovita krema za tetoviranje 50ml - MED.TATTOO","og_description":"Krema za zacjeljivanje tetova\u017ea s ekstraktom nevena Ljekovita krema za tetoviranje nevena Sastav ekstrakta masline iz cvjetova nevena, shea maslaca i ulja: suncokreta, jojobe, avokada, oraha makadamije, sjemenki amaranta; bogat nezasi\u0107enim masnim kiselinama, fosfolipidima, fitosterolima, karotenima, lecitinima, skvalenom, vitaminima A, E, D, K i PP, mineralima i klorofilom; sadr\u017ei pantenol.\u2022 djeluje regenerativno, hranjivo,\u2022 podmazuje i [&hellip;]","og_url":"https:\/\/med.tattoo\/hr\/proizvod\/medicinski-tattoo-after-tattoo-ljekovita-krema-za-tetoviranje-50ml\/","og_site_name":"MED.TATTOO","article_publisher":"https:\/\/www.facebook.com\/profile.php?id=100084366705613","article_modified_time":"2025-11-23T22:50:14+00:00","twitter_card":"summary_large_image","twitter_misc":{"Procijenjeno vrijeme \u010ditanja":"1 minuta"},"schema":{"@context":"https:\/\/schema.org","@graph":[{"@type":"WebPage","@id":"https:\/\/med.tattoo\/hr\/proizvod\/medicinski-tattoo-after-tattoo-ljekovita-krema-za-tetoviranje-50ml\/","url":"https:\/\/med.tattoo\/hr\/proizvod\/medicinski-tattoo-after-tattoo-ljekovita-krema-za-tetoviranje-50ml\/","name":"MED.TATTOO AFTER TATTOO - ljekovita krema za tetoviranje 50ml - MED.TATTOO","isPartOf":{"@id":"https:\/\/med.tattoo\/hr\/#website"},"primaryImageOfPage":{"@id":"https:\/\/med.tattoo\/hr\/proizvod\/medicinski-tattoo-after-tattoo-ljekovita-krema-za-tetoviranje-50ml\/#primaryimage"},"image":{"@id":"https:\/\/med.tattoo\/hr\/proizvod\/medicinski-tattoo-after-tattoo-ljekovita-krema-za-tetoviranje-50ml\/#primaryimage"},"thumbnailUrl":"https:\/\/med.tattoo\/wp-content\/uploads\/2025\/05\/140_med.tattoo-gojacy-krem-do-tatuazu-50ml_1742990451.jpg","datePublished":"2021-08-20T09:46:22+00:00","dateModified":"2025-11-23T22:50:14+00:00","breadcrumb":{"@id":"https:\/\/med.tattoo\/hr\/proizvod\/medicinski-tattoo-after-tattoo-ljekovita-krema-za-tetoviranje-50ml\/#breadcrumb"},"inLanguage":"hr","potentialAction":[{"@type":"ReadAction","target":["https:\/\/med.tattoo\/hr\/proizvod\/medicinski-tattoo-after-tattoo-ljekovita-krema-za-tetoviranje-50ml\/"]}]},{"@type":"ImageObject","inLanguage":"hr","@id":"https:\/\/med.tattoo\/hr\/proizvod\/medicinski-tattoo-after-tattoo-ljekovita-krema-za-tetoviranje-50ml\/#primaryimage","url":"https:\/\/med.tattoo\/wp-content\/uploads\/2025\/05\/140_med.tattoo-gojacy-krem-do-tatuazu-50ml_1742990451.jpg","contentUrl":"https:\/\/med.tattoo\/wp-content\/uploads\/2025\/05\/140_med.tattoo-gojacy-krem-do-tatuazu-50ml_1742990451.jpg","width":952,"height":700},{"@type":"BreadcrumbList","@id":"https:\/\/med.tattoo\/hr\/proizvod\/medicinski-tattoo-after-tattoo-ljekovita-krema-za-tetoviranje-50ml\/#breadcrumb","itemListElement":[{"@type":"ListItem","position":1,"name":"Strona G\u0142\u00f3wna","item":"https:\/\/med.tattoo\/hr\/"},{"@type":"ListItem","position":2,"name":"Trgovina","item":"https:\/\/med.tattoo\/hr\/shop\/"},{"@type":"ListItem","position":3,"name":"MED.TATTOO AFTER TATTOO &#8211; ljekovita krema za tetoviranje 50ml"}]},{"@type":"WebSite","@id":"https:\/\/med.tattoo\/hr\/#website","url":"https:\/\/med.tattoo\/hr\/","name":"MED.TATTOO","description":"Wszystko dla Twojego tatua\u017cu","publisher":{"@id":"https:\/\/med.tattoo\/hr\/#organization"},"potentialAction":[{"@type":"SearchAction","target":{"@type":"EntryPoint","urlTemplate":"https:\/\/med.tattoo\/hr\/?s={search_term_string}"},"query-input":{"@type":"PropertyValueSpecification","valueRequired":true,"valueName":"search_term_string"}}],"inLanguage":"hr"},{"@type":"Organization","@id":"https:\/\/med.tattoo\/hr\/#organization","name":"MED.TATTOO","url":"https:\/\/med.tattoo\/hr\/","logo":{"@type":"ImageObject","inLanguage":"hr","@id":"https:\/\/med.tattoo\/hr\/#\/schema\/logo\/image\/","url":"https:\/\/med.tattoo\/wp-content\/uploads\/2025\/05\/Bez-tytulu-600S300-px-1-e1658908183800.png","contentUrl":"https:\/\/med.tattoo\/wp-content\/uploads\/2025\/05\/Bez-tytulu-600S300-px-1-e1658908183800.png","width":600,"height":61,"caption":"MED.TATTOO"},"image":{"@id":"https:\/\/med.tattoo\/hr\/#\/schema\/logo\/image\/"},"sameAs":["https:\/\/www.facebook.com\/profile.php?id=100084366705613","https:\/\/www.instagram.com\/med.tattoo_official\/"]}]}},"_links":{"self":[{"href":"https:\/\/med.tattoo\/hr\/wp-json\/wp\/v2\/product\/5811","targetHints":{"allow":["GET"]}}],"collection":[{"href":"https:\/\/med.tattoo\/hr\/wp-json\/wp\/v2\/product"}],"about":[{"href":"https:\/\/med.tattoo\/hr\/wp-json\/wp\/v2\/types\/product"}],"replies":[{"embeddable":true,"href":"https:\/\/med.tattoo\/hr\/wp-json\/wp\/v2\/comments?post=5811"}],"wp:featuredmedia":[{"embeddable":true,"href":"https:\/\/med.tattoo\/hr\/wp-json\/wp\/v2\/media\/10694"}],"wp:attachment":[{"href":"https:\/\/med.tattoo\/hr\/wp-json\/wp\/v2\/media?parent=5811"}],"wp:term":[{"taxonomy":"product_brand","embeddable":true,"href":"https:\/\/med.tattoo\/hr\/wp-json\/wp\/v2\/product_brand?post=5811"},{"taxonomy":"product_cat","embeddable":true,"href":"https:\/\/med.tattoo\/hr\/wp-json\/wp\/v2\/product_cat?post=5811"},{"taxonomy":"product_tag","embeddable":true,"href":"https:\/\/med.tattoo\/hr\/wp-json\/wp\/v2\/product_tag?post=5811"}],"curies":[{"name":"wp","href":"https:\/\/api.w.org\/{rel}","templated":true}]}}