{"id":5827,"date":"2021-09-19T11:47:59","date_gmt":"2021-09-19T09:47:59","guid":{"rendered":"https:\/\/med.tattoo\/produkt\/medicinski-tetovaza-tijekom-tetoviranja-bijeli-vazelin-1000g\/"},"modified":"2025-05-15T09:22:39","modified_gmt":"2025-05-15T07:22:39","slug":"medicinski-tetovaza-tijekom-tetoviranja-bijeli-vazelin-1000g","status":"publish","type":"product","link":"https:\/\/med.tattoo\/hr\/proizvod\/medicinski-tetovaza-tijekom-tetoviranja-bijeli-vazelin-1000g\/","title":{"rendered":"MEDICINSKI. TETOVA\u017dA TIJEKOM TETOVIRANJA &#8211; bijeli vazelin 1000g"},"content":{"rendered":"<p>\u010cisti, prirodni vazelin. Ne sadr\u017ei umjetne boje, konzervanse i mirise. Sirovina je temeljito testirana na uskla\u0111enost sa strogim farmakopejskim standardima.  <\/p>\n<p>Sudbina:<\/p>\n<p>Za njegu suhe ko\u017ee za ubla\u017eavanje iritacija i za\u0161titu od vanjskih \u010dimbenika. Savr\u0161eno za izvo\u0111enje kozmeti\u010dkih tretmana, npr. tetova\u017ea i njege ko\u017ee nakon tretmana kao \u0161to je kemijski piling. <\/p>\n<p>Podmazuje ko\u017eu i stvara nepropusni filter u ro\u017enatom sloju, \u0161tite\u0107i je tako od gubitka vode i \u0161tetnih vanjskih uvjeta (vjetar, mraz, vlaga). Sprje\u010dava isu\u0161ivanje ko\u017ee i podr\u017eava regeneraciju epiderme te olak\u0161ava zacjeljivanje manjih rana. <\/p>\n","protected":false},"excerpt":{"rendered":"<p>\u010cisti, prirodni vazelin. Ne sadr\u017ei umjetne boje, konzervanse i mirise. Sirovina je temeljito testirana na uskla\u0111enost sa strogim farmakopejskim standardima. Sudbina: Za njegu suhe ko\u017ee za ubla\u017eavanje iritacija i za\u0161titu od vanjskih \u010dimbenika. Savr\u0161eno za izvo\u0111enje kozmeti\u010dkih tretmana, npr. tetova\u017ea i njege ko\u017ee nakon tretmana kao \u0161to je kemijski piling. Podmazuje ko\u017eu i stvara nepropusni [&hellip;]<\/p>\n","protected":false},"featured_media":10726,"comment_status":"open","ping_status":"closed","template":"","meta":{"site-sidebar-layout":"default","site-content-layout":"content-boxed-container","ast-site-content-layout":"default","site-content-style":"default","site-sidebar-style":"default","ast-global-header-display":"","ast-banner-title-visibility":"","ast-main-header-display":"","ast-hfb-above-header-display":"","ast-hfb-below-header-display":"","ast-hfb-mobile-header-display":"","site-post-title":"","ast-breadcrumbs-content":"","ast-featured-img":"","footer-sml-layout":"","ast-disable-related-posts":"","theme-transparent-header-meta":"disabled","adv-header-id-meta":"","stick-header-meta":"enabled","header-above-stick-meta":"on","header-main-stick-meta":"on","header-below-stick-meta":"on","astra-migrate-meta-layouts":"default","ast-page-background-enabled":"default","ast-page-background-meta":{"desktop":{"background-color":"var(--ast-global-color-4)","background-image":"","background-repeat":"repeat","background-position":"center center","background-size":"auto","background-attachment":"scroll","background-type":"","background-media":"","overlay-type":"","overlay-color":"","overlay-opacity":"","overlay-gradient":""},"tablet":{"background-color":"","background-image":"","background-repeat":"repeat","background-position":"center center","background-size":"auto","background-attachment":"scroll","background-type":"","background-media":"","overlay-type":"","overlay-color":"","overlay-opacity":"","overlay-gradient":""},"mobile":{"background-color":"","background-image":"","background-repeat":"repeat","background-position":"center center","background-size":"auto","background-attachment":"scroll","background-type":"","background-media":"","overlay-type":"","overlay-color":"","overlay-opacity":"","overlay-gradient":""}},"ast-content-background-meta":{"desktop":{"background-color":"var(--ast-global-color-5)","background-image":"","background-repeat":"repeat","background-position":"center center","background-size":"auto","background-attachment":"scroll","background-type":"","background-media":"","overlay-type":"","overlay-color":"","overlay-opacity":"","overlay-gradient":""},"tablet":{"background-color":"var(--ast-global-color-5)","background-image":"","background-repeat":"repeat","background-position":"center center","background-size":"auto","background-attachment":"scroll","background-type":"","background-media":"","overlay-type":"","overlay-color":"","overlay-opacity":"","overlay-gradient":""},"mobile":{"background-color":"var(--ast-global-color-5)","background-image":"","background-repeat":"repeat","background-position":"center center","background-size":"auto","background-attachment":"scroll","background-type":"","background-media":"","overlay-type":"","overlay-color":"","overlay-opacity":"","overlay-gradient":""}}},"product_brand":[],"product_cat":[103],"product_tag":[],"class_list":{"0":"post-5827","1":"product","2":"type-product","3":"status-publish","4":"has-post-thumbnail","6":"product_cat-med-tattoo-hr","7":"desktop-align-left","8":"tablet-align-left","9":"mobile-align-left","10":"ast-product-gallery-layout-horizontal-slider","11":"ast-product-gallery-with-no-image","12":"ast-product-tabs-layout-distributed","14":"first","15":"outofstock","16":"taxable","17":"shipping-taxable","18":"purchasable","19":"product-type-simple"},"yoast_head":"<!-- This site is optimized with the Yoast SEO plugin v27.3 - https:\/\/yoast.com\/product\/yoast-seo-wordpress\/ -->\n<title>MEDICINSKI. TETOVA\u017dA TIJEKOM TETOVIRANJA - bijeli vazelin 1000g - MED.TATTOO<\/title>\n<meta name=\"robots\" content=\"index, follow, max-snippet:-1, max-image-preview:large, max-video-preview:-1\" \/>\n<link rel=\"canonical\" href=\"https:\/\/med.tattoo\/hr\/proizvod\/medicinski-tetovaza-tijekom-tetoviranja-bijeli-vazelin-1000g\/\" \/>\n<meta property=\"og:locale\" content=\"hr_HR\" \/>\n<meta property=\"og:type\" content=\"article\" \/>\n<meta property=\"og:title\" content=\"MEDICINSKI. TETOVA\u017dA TIJEKOM TETOVIRANJA - bijeli vazelin 1000g - MED.TATTOO\" \/>\n<meta property=\"og:description\" content=\"\u010cisti, prirodni vazelin. Ne sadr\u017ei umjetne boje, konzervanse i mirise. Sirovina je temeljito testirana na uskla\u0111enost sa strogim farmakopejskim standardima. Sudbina: Za njegu suhe ko\u017ee za ubla\u017eavanje iritacija i za\u0161titu od vanjskih \u010dimbenika. Savr\u0161eno za izvo\u0111enje kozmeti\u010dkih tretmana, npr. tetova\u017ea i njege ko\u017ee nakon tretmana kao \u0161to je kemijski piling. Podmazuje ko\u017eu i stvara nepropusni [&hellip;]\" \/>\n<meta property=\"og:url\" content=\"https:\/\/med.tattoo\/hr\/proizvod\/medicinski-tetovaza-tijekom-tetoviranja-bijeli-vazelin-1000g\/\" \/>\n<meta property=\"og:site_name\" content=\"MED.TATTOO\" \/>\n<meta property=\"article:publisher\" content=\"https:\/\/www.facebook.com\/profile.php?id=100084366705613\" \/>\n<meta property=\"article:modified_time\" content=\"2025-05-15T07:22:39+00:00\" \/>\n<meta name=\"twitter:card\" content=\"summary_large_image\" \/>\n<meta name=\"twitter:label1\" content=\"Procijenjeno vrijeme \u010ditanja\" \/>\n\t<meta name=\"twitter:data1\" content=\"1 minuta\" \/>\n<script type=\"application\/ld+json\" class=\"yoast-schema-graph\">{\"@context\":\"https:\\\/\\\/schema.org\",\"@graph\":[{\"@type\":\"WebPage\",\"@id\":\"https:\\\/\\\/med.tattoo\\\/hr\\\/proizvod\\\/medicinski-tetovaza-tijekom-tetoviranja-bijeli-vazelin-1000g\\\/\",\"url\":\"https:\\\/\\\/med.tattoo\\\/hr\\\/proizvod\\\/medicinski-tetovaza-tijekom-tetoviranja-bijeli-vazelin-1000g\\\/\",\"name\":\"MEDICINSKI. TETOVA\u017dA TIJEKOM TETOVIRANJA - bijeli vazelin 1000g - MED.TATTOO\",\"isPartOf\":{\"@id\":\"https:\\\/\\\/med.tattoo\\\/hr\\\/#website\"},\"primaryImageOfPage\":{\"@id\":\"https:\\\/\\\/med.tattoo\\\/hr\\\/proizvod\\\/medicinski-tetovaza-tijekom-tetoviranja-bijeli-vazelin-1000g\\\/#primaryimage\"},\"image\":{\"@id\":\"https:\\\/\\\/med.tattoo\\\/hr\\\/proizvod\\\/medicinski-tetovaza-tijekom-tetoviranja-bijeli-vazelin-1000g\\\/#primaryimage\"},\"thumbnailUrl\":\"https:\\\/\\\/med.tattoo\\\/wp-content\\\/uploads\\\/2025\\\/05\\\/3650_med.tattoo-wazelina-biala-1000g_1742990451.jpg\",\"datePublished\":\"2021-09-19T09:47:59+00:00\",\"dateModified\":\"2025-05-15T07:22:39+00:00\",\"breadcrumb\":{\"@id\":\"https:\\\/\\\/med.tattoo\\\/hr\\\/proizvod\\\/medicinski-tetovaza-tijekom-tetoviranja-bijeli-vazelin-1000g\\\/#breadcrumb\"},\"inLanguage\":\"hr\",\"potentialAction\":[{\"@type\":\"ReadAction\",\"target\":[\"https:\\\/\\\/med.tattoo\\\/hr\\\/proizvod\\\/medicinski-tetovaza-tijekom-tetoviranja-bijeli-vazelin-1000g\\\/\"]}]},{\"@type\":\"ImageObject\",\"inLanguage\":\"hr\",\"@id\":\"https:\\\/\\\/med.tattoo\\\/hr\\\/proizvod\\\/medicinski-tetovaza-tijekom-tetoviranja-bijeli-vazelin-1000g\\\/#primaryimage\",\"url\":\"https:\\\/\\\/med.tattoo\\\/wp-content\\\/uploads\\\/2025\\\/05\\\/3650_med.tattoo-wazelina-biala-1000g_1742990451.jpg\",\"contentUrl\":\"https:\\\/\\\/med.tattoo\\\/wp-content\\\/uploads\\\/2025\\\/05\\\/3650_med.tattoo-wazelina-biala-1000g_1742990451.jpg\",\"width\":1462,\"height\":2048},{\"@type\":\"BreadcrumbList\",\"@id\":\"https:\\\/\\\/med.tattoo\\\/hr\\\/proizvod\\\/medicinski-tetovaza-tijekom-tetoviranja-bijeli-vazelin-1000g\\\/#breadcrumb\",\"itemListElement\":[{\"@type\":\"ListItem\",\"position\":1,\"name\":\"Strona G\u0142\u00f3wna\",\"item\":\"https:\\\/\\\/med.tattoo\\\/hr\\\/\"},{\"@type\":\"ListItem\",\"position\":2,\"name\":\"Trgovina\",\"item\":\"https:\\\/\\\/med.tattoo\\\/hr\\\/shop\\\/\"},{\"@type\":\"ListItem\",\"position\":3,\"name\":\"MEDICINSKI. TETOVA\u017dA TIJEKOM TETOVIRANJA &#8211; bijeli vazelin 1000g\"}]},{\"@type\":\"WebSite\",\"@id\":\"https:\\\/\\\/med.tattoo\\\/hr\\\/#website\",\"url\":\"https:\\\/\\\/med.tattoo\\\/hr\\\/\",\"name\":\"MED.TATTOO\",\"description\":\"Wszystko dla Twojego tatua\u017cu\",\"publisher\":{\"@id\":\"https:\\\/\\\/med.tattoo\\\/hr\\\/#organization\"},\"potentialAction\":[{\"@type\":\"SearchAction\",\"target\":{\"@type\":\"EntryPoint\",\"urlTemplate\":\"https:\\\/\\\/med.tattoo\\\/hr\\\/?s={search_term_string}\"},\"query-input\":{\"@type\":\"PropertyValueSpecification\",\"valueRequired\":true,\"valueName\":\"search_term_string\"}}],\"inLanguage\":\"hr\"},{\"@type\":\"Organization\",\"@id\":\"https:\\\/\\\/med.tattoo\\\/hr\\\/#organization\",\"name\":\"MED.TATTOO\",\"url\":\"https:\\\/\\\/med.tattoo\\\/hr\\\/\",\"logo\":{\"@type\":\"ImageObject\",\"inLanguage\":\"hr\",\"@id\":\"https:\\\/\\\/med.tattoo\\\/hr\\\/#\\\/schema\\\/logo\\\/image\\\/\",\"url\":\"https:\\\/\\\/med.tattoo\\\/wp-content\\\/uploads\\\/2025\\\/05\\\/Bez-tytulu-600S300-px-1-e1658908183800.png\",\"contentUrl\":\"https:\\\/\\\/med.tattoo\\\/wp-content\\\/uploads\\\/2025\\\/05\\\/Bez-tytulu-600S300-px-1-e1658908183800.png\",\"width\":600,\"height\":61,\"caption\":\"MED.TATTOO\"},\"image\":{\"@id\":\"https:\\\/\\\/med.tattoo\\\/hr\\\/#\\\/schema\\\/logo\\\/image\\\/\"},\"sameAs\":[\"https:\\\/\\\/www.facebook.com\\\/profile.php?id=100084366705613\",\"https:\\\/\\\/www.instagram.com\\\/med.tattoo_official\\\/\"]}]}<\/script>\n<!-- \/ Yoast SEO plugin. -->","yoast_head_json":{"title":"MEDICINSKI. TETOVA\u017dA TIJEKOM TETOVIRANJA - bijeli vazelin 1000g - MED.TATTOO","robots":{"index":"index","follow":"follow","max-snippet":"max-snippet:-1","max-image-preview":"max-image-preview:large","max-video-preview":"max-video-preview:-1"},"canonical":"https:\/\/med.tattoo\/hr\/proizvod\/medicinski-tetovaza-tijekom-tetoviranja-bijeli-vazelin-1000g\/","og_locale":"hr_HR","og_type":"article","og_title":"MEDICINSKI. TETOVA\u017dA TIJEKOM TETOVIRANJA - bijeli vazelin 1000g - MED.TATTOO","og_description":"\u010cisti, prirodni vazelin. Ne sadr\u017ei umjetne boje, konzervanse i mirise. Sirovina je temeljito testirana na uskla\u0111enost sa strogim farmakopejskim standardima. Sudbina: Za njegu suhe ko\u017ee za ubla\u017eavanje iritacija i za\u0161titu od vanjskih \u010dimbenika. Savr\u0161eno za izvo\u0111enje kozmeti\u010dkih tretmana, npr. tetova\u017ea i njege ko\u017ee nakon tretmana kao \u0161to je kemijski piling. Podmazuje ko\u017eu i stvara nepropusni [&hellip;]","og_url":"https:\/\/med.tattoo\/hr\/proizvod\/medicinski-tetovaza-tijekom-tetoviranja-bijeli-vazelin-1000g\/","og_site_name":"MED.TATTOO","article_publisher":"https:\/\/www.facebook.com\/profile.php?id=100084366705613","article_modified_time":"2025-05-15T07:22:39+00:00","twitter_card":"summary_large_image","twitter_misc":{"Procijenjeno vrijeme \u010ditanja":"1 minuta"},"schema":{"@context":"https:\/\/schema.org","@graph":[{"@type":"WebPage","@id":"https:\/\/med.tattoo\/hr\/proizvod\/medicinski-tetovaza-tijekom-tetoviranja-bijeli-vazelin-1000g\/","url":"https:\/\/med.tattoo\/hr\/proizvod\/medicinski-tetovaza-tijekom-tetoviranja-bijeli-vazelin-1000g\/","name":"MEDICINSKI. TETOVA\u017dA TIJEKOM TETOVIRANJA - bijeli vazelin 1000g - MED.TATTOO","isPartOf":{"@id":"https:\/\/med.tattoo\/hr\/#website"},"primaryImageOfPage":{"@id":"https:\/\/med.tattoo\/hr\/proizvod\/medicinski-tetovaza-tijekom-tetoviranja-bijeli-vazelin-1000g\/#primaryimage"},"image":{"@id":"https:\/\/med.tattoo\/hr\/proizvod\/medicinski-tetovaza-tijekom-tetoviranja-bijeli-vazelin-1000g\/#primaryimage"},"thumbnailUrl":"https:\/\/med.tattoo\/wp-content\/uploads\/2025\/05\/3650_med.tattoo-wazelina-biala-1000g_1742990451.jpg","datePublished":"2021-09-19T09:47:59+00:00","dateModified":"2025-05-15T07:22:39+00:00","breadcrumb":{"@id":"https:\/\/med.tattoo\/hr\/proizvod\/medicinski-tetovaza-tijekom-tetoviranja-bijeli-vazelin-1000g\/#breadcrumb"},"inLanguage":"hr","potentialAction":[{"@type":"ReadAction","target":["https:\/\/med.tattoo\/hr\/proizvod\/medicinski-tetovaza-tijekom-tetoviranja-bijeli-vazelin-1000g\/"]}]},{"@type":"ImageObject","inLanguage":"hr","@id":"https:\/\/med.tattoo\/hr\/proizvod\/medicinski-tetovaza-tijekom-tetoviranja-bijeli-vazelin-1000g\/#primaryimage","url":"https:\/\/med.tattoo\/wp-content\/uploads\/2025\/05\/3650_med.tattoo-wazelina-biala-1000g_1742990451.jpg","contentUrl":"https:\/\/med.tattoo\/wp-content\/uploads\/2025\/05\/3650_med.tattoo-wazelina-biala-1000g_1742990451.jpg","width":1462,"height":2048},{"@type":"BreadcrumbList","@id":"https:\/\/med.tattoo\/hr\/proizvod\/medicinski-tetovaza-tijekom-tetoviranja-bijeli-vazelin-1000g\/#breadcrumb","itemListElement":[{"@type":"ListItem","position":1,"name":"Strona G\u0142\u00f3wna","item":"https:\/\/med.tattoo\/hr\/"},{"@type":"ListItem","position":2,"name":"Trgovina","item":"https:\/\/med.tattoo\/hr\/shop\/"},{"@type":"ListItem","position":3,"name":"MEDICINSKI. TETOVA\u017dA TIJEKOM TETOVIRANJA &#8211; bijeli vazelin 1000g"}]},{"@type":"WebSite","@id":"https:\/\/med.tattoo\/hr\/#website","url":"https:\/\/med.tattoo\/hr\/","name":"MED.TATTOO","description":"Wszystko dla Twojego tatua\u017cu","publisher":{"@id":"https:\/\/med.tattoo\/hr\/#organization"},"potentialAction":[{"@type":"SearchAction","target":{"@type":"EntryPoint","urlTemplate":"https:\/\/med.tattoo\/hr\/?s={search_term_string}"},"query-input":{"@type":"PropertyValueSpecification","valueRequired":true,"valueName":"search_term_string"}}],"inLanguage":"hr"},{"@type":"Organization","@id":"https:\/\/med.tattoo\/hr\/#organization","name":"MED.TATTOO","url":"https:\/\/med.tattoo\/hr\/","logo":{"@type":"ImageObject","inLanguage":"hr","@id":"https:\/\/med.tattoo\/hr\/#\/schema\/logo\/image\/","url":"https:\/\/med.tattoo\/wp-content\/uploads\/2025\/05\/Bez-tytulu-600S300-px-1-e1658908183800.png","contentUrl":"https:\/\/med.tattoo\/wp-content\/uploads\/2025\/05\/Bez-tytulu-600S300-px-1-e1658908183800.png","width":600,"height":61,"caption":"MED.TATTOO"},"image":{"@id":"https:\/\/med.tattoo\/hr\/#\/schema\/logo\/image\/"},"sameAs":["https:\/\/www.facebook.com\/profile.php?id=100084366705613","https:\/\/www.instagram.com\/med.tattoo_official\/"]}]}},"_links":{"self":[{"href":"https:\/\/med.tattoo\/hr\/wp-json\/wp\/v2\/product\/5827","targetHints":{"allow":["GET"]}}],"collection":[{"href":"https:\/\/med.tattoo\/hr\/wp-json\/wp\/v2\/product"}],"about":[{"href":"https:\/\/med.tattoo\/hr\/wp-json\/wp\/v2\/types\/product"}],"replies":[{"embeddable":true,"href":"https:\/\/med.tattoo\/hr\/wp-json\/wp\/v2\/comments?post=5827"}],"wp:featuredmedia":[{"embeddable":true,"href":"https:\/\/med.tattoo\/hr\/wp-json\/wp\/v2\/media\/10726"}],"wp:attachment":[{"href":"https:\/\/med.tattoo\/hr\/wp-json\/wp\/v2\/media?parent=5827"}],"wp:term":[{"taxonomy":"product_brand","embeddable":true,"href":"https:\/\/med.tattoo\/hr\/wp-json\/wp\/v2\/product_brand?post=5827"},{"taxonomy":"product_cat","embeddable":true,"href":"https:\/\/med.tattoo\/hr\/wp-json\/wp\/v2\/product_cat?post=5827"},{"taxonomy":"product_tag","embeddable":true,"href":"https:\/\/med.tattoo\/hr\/wp-json\/wp\/v2\/product_tag?post=5827"}],"curies":[{"name":"wp","href":"https:\/\/api.w.org\/{rel}","templated":true}]}}