{"id":9339,"date":"2025-05-15T07:36:31","date_gmt":"2025-05-15T05:36:31","guid":{"rendered":"https:\/\/med.tattoo\/produkt\/suprasorb-f-10cm-10m-folijski-preljev-na-roli-2\/"},"modified":"2025-05-15T07:36:31","modified_gmt":"2025-05-15T05:36:31","slug":"suprasorb-f-10cm-10m-folijski-preljev-na-roli-2","status":"publish","type":"product","link":"https:\/\/med.tattoo\/hr\/proizvod\/suprasorb-f-10cm-10m-folijski-preljev-na-roli-2\/","title":{"rendered":"Suprasorb F 10cm* 10m folijski preljev na roli"},"content":{"rendered":"<p>Pru\u017ea transparentnu za\u0161titu. Fleksibilni poliuretanski film je prozra\u010dan i zahvaljuju\u0107i izmjeni plinova i topline omogu\u0107uje stvaranje vla\u017enog okru\u017eenja rane, pogodnog za zacjeljivanje rana. Suprasorb F je nepropusan za teku\u0107inu i \u0161titi ranu ili mjesto uboda od kolonizacije bakterija koje prodiru izvana.  <\/p>\n<p>Prozirna struktura obloge olak\u0161ava kontrolu rane i mjesta uboda. Suprasorb F je fleksibilan i rastezljiv zavoj koji je vrlo jednostavan za kori\u0161tenje. Suprasorb F je abrazivni proizvod, tako\u0111er s dezinficijensima koji sadr\u017ee alkohol, jod ili oktenidin. Preljev pru\u017ea dobru za\u0161titu od vanjskih utjecaja i ne ometa kupanje ili tu\u0161iranje. Suprasorb F dostupan je kao sterilni folijski zavoj za rane ili kao nesterilni folijski zavoj u roli.    <\/p>\n<p>U\u010destalost mijenjanja obloga:<\/p>\n<p>Lije\u010dnik koji lije\u010di treba promijeniti zavoj ovisno o stanju rane, stupnju eksudata i prisutnosti sekundarnog zavoja, najkasnije nakon 5-7 dana.<\/p>\n<p>Svojstava:<\/p>\n<p>Jednostavno nano\u0161enje<br \/>\nVisoka udobnost no\u0161enja zahvaljuju\u0107i sigurnom i fleksibilnom pri\u010dvr\u0161\u0107ivanju<br \/>\nVrlo dobra kontrola rana<br \/>\nU\u010dinkovita za\u0161tita od vanjskih utjecaja kao \u0161to su klice<br \/>\nVrlo dobro zacjeljivanje rana zbog visoke propusnosti zraka<br \/>\nMogu\u0107e tu\u0161iranje u zavoju<br \/>\nAbraziv tako\u0111er s dezinficijensima koji sadr\u017ee alkohol, jod ili oktenidin<\/p>\n","protected":false},"excerpt":{"rendered":"<p>Pru\u017ea transparentnu za\u0161titu. Fleksibilni poliuretanski film je prozra\u010dan i zahvaljuju\u0107i izmjeni plinova i topline omogu\u0107uje stvaranje vla\u017enog okru\u017eenja rane, pogodnog za zacjeljivanje rana. Suprasorb F je nepropusan za teku\u0107inu i \u0161titi ranu ili mjesto uboda od kolonizacije bakterija koje prodiru izvana. Prozirna struktura obloge olak\u0161ava kontrolu rane i mjesta uboda. Suprasorb F je fleksibilan i [&hellip;]<\/p>\n","protected":false},"featured_media":10766,"comment_status":"closed","ping_status":"open","template":"","meta":{"site-sidebar-layout":"default","site-content-layout":"","ast-site-content-layout":"default","site-content-style":"default","site-sidebar-style":"default","ast-global-header-display":"","ast-banner-title-visibility":"","ast-main-header-display":"","ast-hfb-above-header-display":"","ast-hfb-below-header-display":"","ast-hfb-mobile-header-display":"","site-post-title":"","ast-breadcrumbs-content":"","ast-featured-img":"","footer-sml-layout":"","ast-disable-related-posts":"","theme-transparent-header-meta":"","adv-header-id-meta":"","stick-header-meta":"","header-above-stick-meta":"","header-main-stick-meta":"","header-below-stick-meta":"","astra-migrate-meta-layouts":"default","ast-page-background-enabled":"default","ast-page-background-meta":{"desktop":{"background-color":"var(--ast-global-color-4)","background-image":"","background-repeat":"repeat","background-position":"center center","background-size":"auto","background-attachment":"scroll","background-type":"","background-media":"","overlay-type":"","overlay-color":"","overlay-opacity":"","overlay-gradient":""},"tablet":{"background-color":"","background-image":"","background-repeat":"repeat","background-position":"center center","background-size":"auto","background-attachment":"scroll","background-type":"","background-media":"","overlay-type":"","overlay-color":"","overlay-opacity":"","overlay-gradient":""},"mobile":{"background-color":"","background-image":"","background-repeat":"repeat","background-position":"center center","background-size":"auto","background-attachment":"scroll","background-type":"","background-media":"","overlay-type":"","overlay-color":"","overlay-opacity":"","overlay-gradient":""}},"ast-content-background-meta":{"desktop":{"background-color":"var(--ast-global-color-5)","background-image":"","background-repeat":"repeat","background-position":"center center","background-size":"auto","background-attachment":"scroll","background-type":"","background-media":"","overlay-type":"","overlay-color":"","overlay-opacity":"","overlay-gradient":""},"tablet":{"background-color":"var(--ast-global-color-5)","background-image":"","background-repeat":"repeat","background-position":"center center","background-size":"auto","background-attachment":"scroll","background-type":"","background-media":"","overlay-type":"","overlay-color":"","overlay-opacity":"","overlay-gradient":""},"mobile":{"background-color":"var(--ast-global-color-5)","background-image":"","background-repeat":"repeat","background-position":"center center","background-size":"auto","background-attachment":"scroll","background-type":"","background-media":"","overlay-type":"","overlay-color":"","overlay-opacity":"","overlay-gradient":""}}},"product_brand":[],"product_cat":[103],"product_tag":[],"class_list":{"0":"post-9339","1":"product","2":"type-product","3":"status-publish","4":"has-post-thumbnail","6":"product_cat-med-tattoo-hr","7":"desktop-align-left","8":"tablet-align-left","9":"mobile-align-left","10":"ast-product-gallery-layout-horizontal-slider","11":"ast-product-gallery-with-no-image","12":"ast-product-tabs-layout-distributed","14":"first","15":"instock","16":"purchasable","17":"product-type-simple"},"yoast_head":"<!-- This site is optimized with the Yoast SEO plugin v27.3 - https:\/\/yoast.com\/product\/yoast-seo-wordpress\/ -->\n<title>Suprasorb F 10cm* 10m folijski preljev na roli - MED.TATTOO<\/title>\n<meta name=\"robots\" content=\"index, follow, max-snippet:-1, max-image-preview:large, max-video-preview:-1\" \/>\n<link rel=\"canonical\" href=\"https:\/\/med.tattoo\/hr\/proizvod\/suprasorb-f-10cm-10m-folijski-preljev-na-roli-2\/\" \/>\n<meta property=\"og:locale\" content=\"hr_HR\" \/>\n<meta property=\"og:type\" content=\"article\" \/>\n<meta property=\"og:title\" content=\"Suprasorb F 10cm* 10m folijski preljev na roli - MED.TATTOO\" \/>\n<meta property=\"og:description\" content=\"Pru\u017ea transparentnu za\u0161titu. Fleksibilni poliuretanski film je prozra\u010dan i zahvaljuju\u0107i izmjeni plinova i topline omogu\u0107uje stvaranje vla\u017enog okru\u017eenja rane, pogodnog za zacjeljivanje rana. Suprasorb F je nepropusan za teku\u0107inu i \u0161titi ranu ili mjesto uboda od kolonizacije bakterija koje prodiru izvana. Prozirna struktura obloge olak\u0161ava kontrolu rane i mjesta uboda. Suprasorb F je fleksibilan i [&hellip;]\" \/>\n<meta property=\"og:url\" content=\"https:\/\/med.tattoo\/hr\/proizvod\/suprasorb-f-10cm-10m-folijski-preljev-na-roli-2\/\" \/>\n<meta property=\"og:site_name\" content=\"MED.TATTOO\" \/>\n<meta property=\"article:publisher\" content=\"https:\/\/www.facebook.com\/profile.php?id=100084366705613\" \/>\n<meta name=\"twitter:card\" content=\"summary_large_image\" \/>\n<meta name=\"twitter:label1\" content=\"Procijenjeno vrijeme \u010ditanja\" \/>\n\t<meta name=\"twitter:data1\" content=\"1 minuta\" \/>\n<script type=\"application\/ld+json\" class=\"yoast-schema-graph\">{\"@context\":\"https:\\\/\\\/schema.org\",\"@graph\":[{\"@type\":\"WebPage\",\"@id\":\"https:\\\/\\\/med.tattoo\\\/hr\\\/proizvod\\\/suprasorb-f-10cm-10m-folijski-preljev-na-roli-2\\\/\",\"url\":\"https:\\\/\\\/med.tattoo\\\/hr\\\/proizvod\\\/suprasorb-f-10cm-10m-folijski-preljev-na-roli-2\\\/\",\"name\":\"Suprasorb F 10cm* 10m folijski preljev na roli - MED.TATTOO\",\"isPartOf\":{\"@id\":\"https:\\\/\\\/med.tattoo\\\/hr\\\/#website\"},\"primaryImageOfPage\":{\"@id\":\"https:\\\/\\\/med.tattoo\\\/hr\\\/proizvod\\\/suprasorb-f-10cm-10m-folijski-preljev-na-roli-2\\\/#primaryimage\"},\"image\":{\"@id\":\"https:\\\/\\\/med.tattoo\\\/hr\\\/proizvod\\\/suprasorb-f-10cm-10m-folijski-preljev-na-roli-2\\\/#primaryimage\"},\"thumbnailUrl\":\"https:\\\/\\\/med.tattoo\\\/wp-content\\\/uploads\\\/2025\\\/05\\\/2333_suprasorb-f-10-10cm-opatrunek-foliowy-na-rolce_1742990462.jpg\",\"datePublished\":\"2025-05-15T05:36:31+00:00\",\"breadcrumb\":{\"@id\":\"https:\\\/\\\/med.tattoo\\\/hr\\\/proizvod\\\/suprasorb-f-10cm-10m-folijski-preljev-na-roli-2\\\/#breadcrumb\"},\"inLanguage\":\"hr\",\"potentialAction\":[{\"@type\":\"ReadAction\",\"target\":[\"https:\\\/\\\/med.tattoo\\\/hr\\\/proizvod\\\/suprasorb-f-10cm-10m-folijski-preljev-na-roli-2\\\/\"]}]},{\"@type\":\"ImageObject\",\"inLanguage\":\"hr\",\"@id\":\"https:\\\/\\\/med.tattoo\\\/hr\\\/proizvod\\\/suprasorb-f-10cm-10m-folijski-preljev-na-roli-2\\\/#primaryimage\",\"url\":\"https:\\\/\\\/med.tattoo\\\/wp-content\\\/uploads\\\/2025\\\/05\\\/2333_suprasorb-f-10-10cm-opatrunek-foliowy-na-rolce_1742990462.jpg\",\"contentUrl\":\"https:\\\/\\\/med.tattoo\\\/wp-content\\\/uploads\\\/2025\\\/05\\\/2333_suprasorb-f-10-10cm-opatrunek-foliowy-na-rolce_1742990462.jpg\",\"width\":826,\"height\":633},{\"@type\":\"BreadcrumbList\",\"@id\":\"https:\\\/\\\/med.tattoo\\\/hr\\\/proizvod\\\/suprasorb-f-10cm-10m-folijski-preljev-na-roli-2\\\/#breadcrumb\",\"itemListElement\":[{\"@type\":\"ListItem\",\"position\":1,\"name\":\"Strona G\u0142\u00f3wna\",\"item\":\"https:\\\/\\\/med.tattoo\\\/hr\\\/\"},{\"@type\":\"ListItem\",\"position\":2,\"name\":\"Trgovina\",\"item\":\"https:\\\/\\\/med.tattoo\\\/hr\\\/shop\\\/\"},{\"@type\":\"ListItem\",\"position\":3,\"name\":\"Suprasorb F 10cm* 10m folijski preljev na roli\"}]},{\"@type\":\"WebSite\",\"@id\":\"https:\\\/\\\/med.tattoo\\\/hr\\\/#website\",\"url\":\"https:\\\/\\\/med.tattoo\\\/hr\\\/\",\"name\":\"MED.TATTOO\",\"description\":\"Wszystko dla Twojego tatua\u017cu\",\"publisher\":{\"@id\":\"https:\\\/\\\/med.tattoo\\\/hr\\\/#organization\"},\"potentialAction\":[{\"@type\":\"SearchAction\",\"target\":{\"@type\":\"EntryPoint\",\"urlTemplate\":\"https:\\\/\\\/med.tattoo\\\/hr\\\/?s={search_term_string}\"},\"query-input\":{\"@type\":\"PropertyValueSpecification\",\"valueRequired\":true,\"valueName\":\"search_term_string\"}}],\"inLanguage\":\"hr\"},{\"@type\":\"Organization\",\"@id\":\"https:\\\/\\\/med.tattoo\\\/hr\\\/#organization\",\"name\":\"MED.TATTOO\",\"url\":\"https:\\\/\\\/med.tattoo\\\/hr\\\/\",\"logo\":{\"@type\":\"ImageObject\",\"inLanguage\":\"hr\",\"@id\":\"https:\\\/\\\/med.tattoo\\\/hr\\\/#\\\/schema\\\/logo\\\/image\\\/\",\"url\":\"https:\\\/\\\/med.tattoo\\\/wp-content\\\/uploads\\\/2025\\\/05\\\/Bez-tytulu-600S300-px-1-e1658908183800.png\",\"contentUrl\":\"https:\\\/\\\/med.tattoo\\\/wp-content\\\/uploads\\\/2025\\\/05\\\/Bez-tytulu-600S300-px-1-e1658908183800.png\",\"width\":600,\"height\":61,\"caption\":\"MED.TATTOO\"},\"image\":{\"@id\":\"https:\\\/\\\/med.tattoo\\\/hr\\\/#\\\/schema\\\/logo\\\/image\\\/\"},\"sameAs\":[\"https:\\\/\\\/www.facebook.com\\\/profile.php?id=100084366705613\",\"https:\\\/\\\/www.instagram.com\\\/med.tattoo_official\\\/\"]}]}<\/script>\n<!-- \/ Yoast SEO plugin. -->","yoast_head_json":{"title":"Suprasorb F 10cm* 10m folijski preljev na roli - MED.TATTOO","robots":{"index":"index","follow":"follow","max-snippet":"max-snippet:-1","max-image-preview":"max-image-preview:large","max-video-preview":"max-video-preview:-1"},"canonical":"https:\/\/med.tattoo\/hr\/proizvod\/suprasorb-f-10cm-10m-folijski-preljev-na-roli-2\/","og_locale":"hr_HR","og_type":"article","og_title":"Suprasorb F 10cm* 10m folijski preljev na roli - MED.TATTOO","og_description":"Pru\u017ea transparentnu za\u0161titu. Fleksibilni poliuretanski film je prozra\u010dan i zahvaljuju\u0107i izmjeni plinova i topline omogu\u0107uje stvaranje vla\u017enog okru\u017eenja rane, pogodnog za zacjeljivanje rana. Suprasorb F je nepropusan za teku\u0107inu i \u0161titi ranu ili mjesto uboda od kolonizacije bakterija koje prodiru izvana. Prozirna struktura obloge olak\u0161ava kontrolu rane i mjesta uboda. Suprasorb F je fleksibilan i [&hellip;]","og_url":"https:\/\/med.tattoo\/hr\/proizvod\/suprasorb-f-10cm-10m-folijski-preljev-na-roli-2\/","og_site_name":"MED.TATTOO","article_publisher":"https:\/\/www.facebook.com\/profile.php?id=100084366705613","twitter_card":"summary_large_image","twitter_misc":{"Procijenjeno vrijeme \u010ditanja":"1 minuta"},"schema":{"@context":"https:\/\/schema.org","@graph":[{"@type":"WebPage","@id":"https:\/\/med.tattoo\/hr\/proizvod\/suprasorb-f-10cm-10m-folijski-preljev-na-roli-2\/","url":"https:\/\/med.tattoo\/hr\/proizvod\/suprasorb-f-10cm-10m-folijski-preljev-na-roli-2\/","name":"Suprasorb F 10cm* 10m folijski preljev na roli - MED.TATTOO","isPartOf":{"@id":"https:\/\/med.tattoo\/hr\/#website"},"primaryImageOfPage":{"@id":"https:\/\/med.tattoo\/hr\/proizvod\/suprasorb-f-10cm-10m-folijski-preljev-na-roli-2\/#primaryimage"},"image":{"@id":"https:\/\/med.tattoo\/hr\/proizvod\/suprasorb-f-10cm-10m-folijski-preljev-na-roli-2\/#primaryimage"},"thumbnailUrl":"https:\/\/med.tattoo\/wp-content\/uploads\/2025\/05\/2333_suprasorb-f-10-10cm-opatrunek-foliowy-na-rolce_1742990462.jpg","datePublished":"2025-05-15T05:36:31+00:00","breadcrumb":{"@id":"https:\/\/med.tattoo\/hr\/proizvod\/suprasorb-f-10cm-10m-folijski-preljev-na-roli-2\/#breadcrumb"},"inLanguage":"hr","potentialAction":[{"@type":"ReadAction","target":["https:\/\/med.tattoo\/hr\/proizvod\/suprasorb-f-10cm-10m-folijski-preljev-na-roli-2\/"]}]},{"@type":"ImageObject","inLanguage":"hr","@id":"https:\/\/med.tattoo\/hr\/proizvod\/suprasorb-f-10cm-10m-folijski-preljev-na-roli-2\/#primaryimage","url":"https:\/\/med.tattoo\/wp-content\/uploads\/2025\/05\/2333_suprasorb-f-10-10cm-opatrunek-foliowy-na-rolce_1742990462.jpg","contentUrl":"https:\/\/med.tattoo\/wp-content\/uploads\/2025\/05\/2333_suprasorb-f-10-10cm-opatrunek-foliowy-na-rolce_1742990462.jpg","width":826,"height":633},{"@type":"BreadcrumbList","@id":"https:\/\/med.tattoo\/hr\/proizvod\/suprasorb-f-10cm-10m-folijski-preljev-na-roli-2\/#breadcrumb","itemListElement":[{"@type":"ListItem","position":1,"name":"Strona G\u0142\u00f3wna","item":"https:\/\/med.tattoo\/hr\/"},{"@type":"ListItem","position":2,"name":"Trgovina","item":"https:\/\/med.tattoo\/hr\/shop\/"},{"@type":"ListItem","position":3,"name":"Suprasorb F 10cm* 10m folijski preljev na roli"}]},{"@type":"WebSite","@id":"https:\/\/med.tattoo\/hr\/#website","url":"https:\/\/med.tattoo\/hr\/","name":"MED.TATTOO","description":"Wszystko dla Twojego tatua\u017cu","publisher":{"@id":"https:\/\/med.tattoo\/hr\/#organization"},"potentialAction":[{"@type":"SearchAction","target":{"@type":"EntryPoint","urlTemplate":"https:\/\/med.tattoo\/hr\/?s={search_term_string}"},"query-input":{"@type":"PropertyValueSpecification","valueRequired":true,"valueName":"search_term_string"}}],"inLanguage":"hr"},{"@type":"Organization","@id":"https:\/\/med.tattoo\/hr\/#organization","name":"MED.TATTOO","url":"https:\/\/med.tattoo\/hr\/","logo":{"@type":"ImageObject","inLanguage":"hr","@id":"https:\/\/med.tattoo\/hr\/#\/schema\/logo\/image\/","url":"https:\/\/med.tattoo\/wp-content\/uploads\/2025\/05\/Bez-tytulu-600S300-px-1-e1658908183800.png","contentUrl":"https:\/\/med.tattoo\/wp-content\/uploads\/2025\/05\/Bez-tytulu-600S300-px-1-e1658908183800.png","width":600,"height":61,"caption":"MED.TATTOO"},"image":{"@id":"https:\/\/med.tattoo\/hr\/#\/schema\/logo\/image\/"},"sameAs":["https:\/\/www.facebook.com\/profile.php?id=100084366705613","https:\/\/www.instagram.com\/med.tattoo_official\/"]}]}},"_links":{"self":[{"href":"https:\/\/med.tattoo\/hr\/wp-json\/wp\/v2\/product\/9339","targetHints":{"allow":["GET"]}}],"collection":[{"href":"https:\/\/med.tattoo\/hr\/wp-json\/wp\/v2\/product"}],"about":[{"href":"https:\/\/med.tattoo\/hr\/wp-json\/wp\/v2\/types\/product"}],"replies":[{"embeddable":true,"href":"https:\/\/med.tattoo\/hr\/wp-json\/wp\/v2\/comments?post=9339"}],"wp:featuredmedia":[{"embeddable":true,"href":"https:\/\/med.tattoo\/hr\/wp-json\/wp\/v2\/media\/10766"}],"wp:attachment":[{"href":"https:\/\/med.tattoo\/hr\/wp-json\/wp\/v2\/media?parent=9339"}],"wp:term":[{"taxonomy":"product_brand","embeddable":true,"href":"https:\/\/med.tattoo\/hr\/wp-json\/wp\/v2\/product_brand?post=9339"},{"taxonomy":"product_cat","embeddable":true,"href":"https:\/\/med.tattoo\/hr\/wp-json\/wp\/v2\/product_cat?post=9339"},{"taxonomy":"product_tag","embeddable":true,"href":"https:\/\/med.tattoo\/hr\/wp-json\/wp\/v2\/product_tag?post=9339"}],"curies":[{"name":"wp","href":"https:\/\/api.w.org\/{rel}","templated":true}]}}