{"id":9355,"date":"2025-05-15T07:25:49","date_gmt":"2025-05-15T05:25:49","guid":{"rendered":"https:\/\/med.tattoo\/produkt\/celulozna-zastitna-podloga-60-50m-1kom-bijela-2-sloja\/"},"modified":"2025-05-15T07:25:49","modified_gmt":"2025-05-15T05:25:49","slug":"celulozna-zastitna-podloga-60-50m-1kom-bijela-2-sloja","status":"publish","type":"product","link":"https:\/\/med.tattoo\/hr\/proizvod\/celulozna-zastitna-podloga-60-50m-1kom-bijela-2-sloja\/","title":{"rendered":"Celulozna za\u0161titna podloga 60\/50m 1kom bijela 2 sloja"},"content":{"rendered":"<p>Medicinska podloga je proizvod najvi\u0161e kvalitete, zahvaljuju\u0107i kojem mo\u017eete odr\u017eavati higijenu u svim uvjetima. Siguran i higijenski proizvod. Izra\u0111ena je od dvoslojnog papira dimenzija 50cm x 60 m izra\u0111enog od \u010diste, odabrane celuloze. Ima snje\u017enobijelu boju i nje\u017ene utiskivanje na povr\u0161ini. To poma\u017ee pove\u0107ati njegovu sposobnost upijanja.      <\/p>\n<p>  Vrlo je ugodan na dodir i nje\u017ean prema ko\u017ei. Prednost je savr\u0161ena perforacija, koja podlogu dijeli na komade jednake duljine &#8211; mogu se lako i brzo otkinuti. Na roli se nalazi \u010dak 210 odjeljaka, \u0161to ima zna\u010dajan utjecaj na manje tro\u0161enje. Svaka rola pakirana je zasebno, zahvaljuju\u0107i \u010demu su osigurani \u010disto\u0107a, higijena i sigurnost korisnika.     <\/p>\n<p>Preporu\u010duje se za medicinske ordinacije, toplice i salone za masa\u017eu.  <\/p>\n<p>Boja: Bijela  <\/p>\n<p>Sirovina: Celuloza<\/p>\n<p>Broj slojeva: 2<\/p>\n<p>\u0160irina role: 60 cm<\/p>\n<p>Duljina role: 50 m<\/p>\n","protected":false},"excerpt":{"rendered":"<p>Medicinska podloga je proizvod najvi\u0161e kvalitete, zahvaljuju\u0107i kojem mo\u017eete odr\u017eavati higijenu u svim uvjetima. Siguran i higijenski proizvod. Izra\u0111ena je od dvoslojnog papira dimenzija 50cm x 60 m izra\u0111enog od \u010diste, odabrane celuloze. Ima snje\u017enobijelu boju i nje\u017ene utiskivanje na povr\u0161ini. To poma\u017ee pove\u0107ati njegovu sposobnost upijanja. Vrlo je ugodan na dodir i nje\u017ean prema [&hellip;]<\/p>\n","protected":false},"featured_media":7631,"comment_status":"closed","ping_status":"open","template":"","meta":{"site-sidebar-layout":"default","site-content-layout":"","ast-site-content-layout":"default","site-content-style":"default","site-sidebar-style":"default","ast-global-header-display":"","ast-banner-title-visibility":"","ast-main-header-display":"","ast-hfb-above-header-display":"","ast-hfb-below-header-display":"","ast-hfb-mobile-header-display":"","site-post-title":"","ast-breadcrumbs-content":"","ast-featured-img":"","footer-sml-layout":"","ast-disable-related-posts":"","theme-transparent-header-meta":"","adv-header-id-meta":"","stick-header-meta":"","header-above-stick-meta":"","header-main-stick-meta":"","header-below-stick-meta":"","astra-migrate-meta-layouts":"default","ast-page-background-enabled":"default","ast-page-background-meta":{"desktop":{"background-color":"var(--ast-global-color-4)","background-image":"","background-repeat":"repeat","background-position":"center center","background-size":"auto","background-attachment":"scroll","background-type":"","background-media":"","overlay-type":"","overlay-color":"","overlay-opacity":"","overlay-gradient":""},"tablet":{"background-color":"","background-image":"","background-repeat":"repeat","background-position":"center center","background-size":"auto","background-attachment":"scroll","background-type":"","background-media":"","overlay-type":"","overlay-color":"","overlay-opacity":"","overlay-gradient":""},"mobile":{"background-color":"","background-image":"","background-repeat":"repeat","background-position":"center center","background-size":"auto","background-attachment":"scroll","background-type":"","background-media":"","overlay-type":"","overlay-color":"","overlay-opacity":"","overlay-gradient":""}},"ast-content-background-meta":{"desktop":{"background-color":"var(--ast-global-color-5)","background-image":"","background-repeat":"repeat","background-position":"center center","background-size":"auto","background-attachment":"scroll","background-type":"","background-media":"","overlay-type":"","overlay-color":"","overlay-opacity":"","overlay-gradient":""},"tablet":{"background-color":"var(--ast-global-color-5)","background-image":"","background-repeat":"repeat","background-position":"center center","background-size":"auto","background-attachment":"scroll","background-type":"","background-media":"","overlay-type":"","overlay-color":"","overlay-opacity":"","overlay-gradient":""},"mobile":{"background-color":"var(--ast-global-color-5)","background-image":"","background-repeat":"repeat","background-position":"center center","background-size":"auto","background-attachment":"scroll","background-type":"","background-media":"","overlay-type":"","overlay-color":"","overlay-opacity":"","overlay-gradient":""}}},"product_brand":[],"product_cat":[103],"product_tag":[],"class_list":{"0":"post-9355","1":"product","2":"type-product","3":"status-publish","4":"has-post-thumbnail","6":"product_cat-med-tattoo-hr","7":"desktop-align-left","8":"tablet-align-left","9":"mobile-align-left","10":"ast-product-gallery-layout-horizontal-slider","11":"ast-product-gallery-with-no-image","12":"ast-product-tabs-layout-distributed","14":"first","15":"instock","16":"purchasable","17":"product-type-simple"},"yoast_head":"<!-- This site is optimized with the Yoast SEO plugin v27.3 - https:\/\/yoast.com\/product\/yoast-seo-wordpress\/ -->\n<title>Celulozna za\u0161titna podloga 60\/50m 1kom bijela 2 sloja - MED.TATTOO<\/title>\n<meta name=\"robots\" content=\"index, follow, max-snippet:-1, max-image-preview:large, max-video-preview:-1\" \/>\n<link rel=\"canonical\" href=\"https:\/\/med.tattoo\/hr\/proizvod\/celulozna-zastitna-podloga-60-50m-1kom-bijela-2-sloja\/\" \/>\n<meta property=\"og:locale\" content=\"hr_HR\" \/>\n<meta property=\"og:type\" content=\"article\" \/>\n<meta property=\"og:title\" content=\"Celulozna za\u0161titna podloga 60\/50m 1kom bijela 2 sloja - MED.TATTOO\" \/>\n<meta property=\"og:description\" content=\"Medicinska podloga je proizvod najvi\u0161e kvalitete, zahvaljuju\u0107i kojem mo\u017eete odr\u017eavati higijenu u svim uvjetima. Siguran i higijenski proizvod. Izra\u0111ena je od dvoslojnog papira dimenzija 50cm x 60 m izra\u0111enog od \u010diste, odabrane celuloze. Ima snje\u017enobijelu boju i nje\u017ene utiskivanje na povr\u0161ini. To poma\u017ee pove\u0107ati njegovu sposobnost upijanja. Vrlo je ugodan na dodir i nje\u017ean prema [&hellip;]\" \/>\n<meta property=\"og:url\" content=\"https:\/\/med.tattoo\/hr\/proizvod\/celulozna-zastitna-podloga-60-50m-1kom-bijela-2-sloja\/\" \/>\n<meta property=\"og:site_name\" content=\"MED.TATTOO\" \/>\n<meta property=\"article:publisher\" content=\"https:\/\/www.facebook.com\/profile.php?id=100084366705613\" \/>\n<meta name=\"twitter:card\" content=\"summary_large_image\" \/>\n<meta name=\"twitter:label1\" content=\"Procijenjeno vrijeme \u010ditanja\" \/>\n\t<meta name=\"twitter:data1\" content=\"1 minuta\" \/>\n<script type=\"application\/ld+json\" class=\"yoast-schema-graph\">{\"@context\":\"https:\\\/\\\/schema.org\",\"@graph\":[{\"@type\":\"WebPage\",\"@id\":\"https:\\\/\\\/med.tattoo\\\/hr\\\/proizvod\\\/celulozna-zastitna-podloga-60-50m-1kom-bijela-2-sloja\\\/\",\"url\":\"https:\\\/\\\/med.tattoo\\\/hr\\\/proizvod\\\/celulozna-zastitna-podloga-60-50m-1kom-bijela-2-sloja\\\/\",\"name\":\"Celulozna za\u0161titna podloga 60\\\/50m 1kom bijela 2 sloja - MED.TATTOO\",\"isPartOf\":{\"@id\":\"https:\\\/\\\/med.tattoo\\\/hr\\\/#website\"},\"primaryImageOfPage\":{\"@id\":\"https:\\\/\\\/med.tattoo\\\/hr\\\/proizvod\\\/celulozna-zastitna-podloga-60-50m-1kom-bijela-2-sloja\\\/#primaryimage\"},\"image\":{\"@id\":\"https:\\\/\\\/med.tattoo\\\/hr\\\/proizvod\\\/celulozna-zastitna-podloga-60-50m-1kom-bijela-2-sloja\\\/#primaryimage\"},\"thumbnailUrl\":\"https:\\\/\\\/med.tattoo\\\/wp-content\\\/uploads\\\/2025\\\/05\\\/1337_podklad-ochronny-celulozowy-60-50-m-1szt-bialy_1744006851.png\",\"datePublished\":\"2025-05-15T05:25:49+00:00\",\"breadcrumb\":{\"@id\":\"https:\\\/\\\/med.tattoo\\\/hr\\\/proizvod\\\/celulozna-zastitna-podloga-60-50m-1kom-bijela-2-sloja\\\/#breadcrumb\"},\"inLanguage\":\"hr\",\"potentialAction\":[{\"@type\":\"ReadAction\",\"target\":[\"https:\\\/\\\/med.tattoo\\\/hr\\\/proizvod\\\/celulozna-zastitna-podloga-60-50m-1kom-bijela-2-sloja\\\/\"]}]},{\"@type\":\"ImageObject\",\"inLanguage\":\"hr\",\"@id\":\"https:\\\/\\\/med.tattoo\\\/hr\\\/proizvod\\\/celulozna-zastitna-podloga-60-50m-1kom-bijela-2-sloja\\\/#primaryimage\",\"url\":\"https:\\\/\\\/med.tattoo\\\/wp-content\\\/uploads\\\/2025\\\/05\\\/1337_podklad-ochronny-celulozowy-60-50-m-1szt-bialy_1744006851.png\",\"contentUrl\":\"https:\\\/\\\/med.tattoo\\\/wp-content\\\/uploads\\\/2025\\\/05\\\/1337_podklad-ochronny-celulozowy-60-50-m-1szt-bialy_1744006851.png\",\"width\":718,\"height\":454},{\"@type\":\"BreadcrumbList\",\"@id\":\"https:\\\/\\\/med.tattoo\\\/hr\\\/proizvod\\\/celulozna-zastitna-podloga-60-50m-1kom-bijela-2-sloja\\\/#breadcrumb\",\"itemListElement\":[{\"@type\":\"ListItem\",\"position\":1,\"name\":\"Strona G\u0142\u00f3wna\",\"item\":\"https:\\\/\\\/med.tattoo\\\/hr\\\/\"},{\"@type\":\"ListItem\",\"position\":2,\"name\":\"Trgovina\",\"item\":\"https:\\\/\\\/med.tattoo\\\/hr\\\/shop\\\/\"},{\"@type\":\"ListItem\",\"position\":3,\"name\":\"Celulozna za\u0161titna podloga 60\\\/50m 1kom bijela 2 sloja\"}]},{\"@type\":\"WebSite\",\"@id\":\"https:\\\/\\\/med.tattoo\\\/hr\\\/#website\",\"url\":\"https:\\\/\\\/med.tattoo\\\/hr\\\/\",\"name\":\"MED.TATTOO\",\"description\":\"Wszystko dla Twojego tatua\u017cu\",\"publisher\":{\"@id\":\"https:\\\/\\\/med.tattoo\\\/hr\\\/#organization\"},\"potentialAction\":[{\"@type\":\"SearchAction\",\"target\":{\"@type\":\"EntryPoint\",\"urlTemplate\":\"https:\\\/\\\/med.tattoo\\\/hr\\\/?s={search_term_string}\"},\"query-input\":{\"@type\":\"PropertyValueSpecification\",\"valueRequired\":true,\"valueName\":\"search_term_string\"}}],\"inLanguage\":\"hr\"},{\"@type\":\"Organization\",\"@id\":\"https:\\\/\\\/med.tattoo\\\/hr\\\/#organization\",\"name\":\"MED.TATTOO\",\"url\":\"https:\\\/\\\/med.tattoo\\\/hr\\\/\",\"logo\":{\"@type\":\"ImageObject\",\"inLanguage\":\"hr\",\"@id\":\"https:\\\/\\\/med.tattoo\\\/hr\\\/#\\\/schema\\\/logo\\\/image\\\/\",\"url\":\"https:\\\/\\\/med.tattoo\\\/wp-content\\\/uploads\\\/2025\\\/05\\\/Bez-tytulu-600S300-px-1-e1658908183800.png\",\"contentUrl\":\"https:\\\/\\\/med.tattoo\\\/wp-content\\\/uploads\\\/2025\\\/05\\\/Bez-tytulu-600S300-px-1-e1658908183800.png\",\"width\":600,\"height\":61,\"caption\":\"MED.TATTOO\"},\"image\":{\"@id\":\"https:\\\/\\\/med.tattoo\\\/hr\\\/#\\\/schema\\\/logo\\\/image\\\/\"},\"sameAs\":[\"https:\\\/\\\/www.facebook.com\\\/profile.php?id=100084366705613\",\"https:\\\/\\\/www.instagram.com\\\/med.tattoo_official\\\/\"]}]}<\/script>\n<!-- \/ Yoast SEO plugin. -->","yoast_head_json":{"title":"Celulozna za\u0161titna podloga 60\/50m 1kom bijela 2 sloja - MED.TATTOO","robots":{"index":"index","follow":"follow","max-snippet":"max-snippet:-1","max-image-preview":"max-image-preview:large","max-video-preview":"max-video-preview:-1"},"canonical":"https:\/\/med.tattoo\/hr\/proizvod\/celulozna-zastitna-podloga-60-50m-1kom-bijela-2-sloja\/","og_locale":"hr_HR","og_type":"article","og_title":"Celulozna za\u0161titna podloga 60\/50m 1kom bijela 2 sloja - MED.TATTOO","og_description":"Medicinska podloga je proizvod najvi\u0161e kvalitete, zahvaljuju\u0107i kojem mo\u017eete odr\u017eavati higijenu u svim uvjetima. Siguran i higijenski proizvod. Izra\u0111ena je od dvoslojnog papira dimenzija 50cm x 60 m izra\u0111enog od \u010diste, odabrane celuloze. Ima snje\u017enobijelu boju i nje\u017ene utiskivanje na povr\u0161ini. To poma\u017ee pove\u0107ati njegovu sposobnost upijanja. Vrlo je ugodan na dodir i nje\u017ean prema [&hellip;]","og_url":"https:\/\/med.tattoo\/hr\/proizvod\/celulozna-zastitna-podloga-60-50m-1kom-bijela-2-sloja\/","og_site_name":"MED.TATTOO","article_publisher":"https:\/\/www.facebook.com\/profile.php?id=100084366705613","twitter_card":"summary_large_image","twitter_misc":{"Procijenjeno vrijeme \u010ditanja":"1 minuta"},"schema":{"@context":"https:\/\/schema.org","@graph":[{"@type":"WebPage","@id":"https:\/\/med.tattoo\/hr\/proizvod\/celulozna-zastitna-podloga-60-50m-1kom-bijela-2-sloja\/","url":"https:\/\/med.tattoo\/hr\/proizvod\/celulozna-zastitna-podloga-60-50m-1kom-bijela-2-sloja\/","name":"Celulozna za\u0161titna podloga 60\/50m 1kom bijela 2 sloja - MED.TATTOO","isPartOf":{"@id":"https:\/\/med.tattoo\/hr\/#website"},"primaryImageOfPage":{"@id":"https:\/\/med.tattoo\/hr\/proizvod\/celulozna-zastitna-podloga-60-50m-1kom-bijela-2-sloja\/#primaryimage"},"image":{"@id":"https:\/\/med.tattoo\/hr\/proizvod\/celulozna-zastitna-podloga-60-50m-1kom-bijela-2-sloja\/#primaryimage"},"thumbnailUrl":"https:\/\/med.tattoo\/wp-content\/uploads\/2025\/05\/1337_podklad-ochronny-celulozowy-60-50-m-1szt-bialy_1744006851.png","datePublished":"2025-05-15T05:25:49+00:00","breadcrumb":{"@id":"https:\/\/med.tattoo\/hr\/proizvod\/celulozna-zastitna-podloga-60-50m-1kom-bijela-2-sloja\/#breadcrumb"},"inLanguage":"hr","potentialAction":[{"@type":"ReadAction","target":["https:\/\/med.tattoo\/hr\/proizvod\/celulozna-zastitna-podloga-60-50m-1kom-bijela-2-sloja\/"]}]},{"@type":"ImageObject","inLanguage":"hr","@id":"https:\/\/med.tattoo\/hr\/proizvod\/celulozna-zastitna-podloga-60-50m-1kom-bijela-2-sloja\/#primaryimage","url":"https:\/\/med.tattoo\/wp-content\/uploads\/2025\/05\/1337_podklad-ochronny-celulozowy-60-50-m-1szt-bialy_1744006851.png","contentUrl":"https:\/\/med.tattoo\/wp-content\/uploads\/2025\/05\/1337_podklad-ochronny-celulozowy-60-50-m-1szt-bialy_1744006851.png","width":718,"height":454},{"@type":"BreadcrumbList","@id":"https:\/\/med.tattoo\/hr\/proizvod\/celulozna-zastitna-podloga-60-50m-1kom-bijela-2-sloja\/#breadcrumb","itemListElement":[{"@type":"ListItem","position":1,"name":"Strona G\u0142\u00f3wna","item":"https:\/\/med.tattoo\/hr\/"},{"@type":"ListItem","position":2,"name":"Trgovina","item":"https:\/\/med.tattoo\/hr\/shop\/"},{"@type":"ListItem","position":3,"name":"Celulozna za\u0161titna podloga 60\/50m 1kom bijela 2 sloja"}]},{"@type":"WebSite","@id":"https:\/\/med.tattoo\/hr\/#website","url":"https:\/\/med.tattoo\/hr\/","name":"MED.TATTOO","description":"Wszystko dla Twojego tatua\u017cu","publisher":{"@id":"https:\/\/med.tattoo\/hr\/#organization"},"potentialAction":[{"@type":"SearchAction","target":{"@type":"EntryPoint","urlTemplate":"https:\/\/med.tattoo\/hr\/?s={search_term_string}"},"query-input":{"@type":"PropertyValueSpecification","valueRequired":true,"valueName":"search_term_string"}}],"inLanguage":"hr"},{"@type":"Organization","@id":"https:\/\/med.tattoo\/hr\/#organization","name":"MED.TATTOO","url":"https:\/\/med.tattoo\/hr\/","logo":{"@type":"ImageObject","inLanguage":"hr","@id":"https:\/\/med.tattoo\/hr\/#\/schema\/logo\/image\/","url":"https:\/\/med.tattoo\/wp-content\/uploads\/2025\/05\/Bez-tytulu-600S300-px-1-e1658908183800.png","contentUrl":"https:\/\/med.tattoo\/wp-content\/uploads\/2025\/05\/Bez-tytulu-600S300-px-1-e1658908183800.png","width":600,"height":61,"caption":"MED.TATTOO"},"image":{"@id":"https:\/\/med.tattoo\/hr\/#\/schema\/logo\/image\/"},"sameAs":["https:\/\/www.facebook.com\/profile.php?id=100084366705613","https:\/\/www.instagram.com\/med.tattoo_official\/"]}]}},"_links":{"self":[{"href":"https:\/\/med.tattoo\/hr\/wp-json\/wp\/v2\/product\/9355","targetHints":{"allow":["GET"]}}],"collection":[{"href":"https:\/\/med.tattoo\/hr\/wp-json\/wp\/v2\/product"}],"about":[{"href":"https:\/\/med.tattoo\/hr\/wp-json\/wp\/v2\/types\/product"}],"replies":[{"embeddable":true,"href":"https:\/\/med.tattoo\/hr\/wp-json\/wp\/v2\/comments?post=9355"}],"wp:featuredmedia":[{"embeddable":true,"href":"https:\/\/med.tattoo\/hr\/wp-json\/wp\/v2\/media\/7631"}],"wp:attachment":[{"href":"https:\/\/med.tattoo\/hr\/wp-json\/wp\/v2\/media?parent=9355"}],"wp:term":[{"taxonomy":"product_brand","embeddable":true,"href":"https:\/\/med.tattoo\/hr\/wp-json\/wp\/v2\/product_brand?post=9355"},{"taxonomy":"product_cat","embeddable":true,"href":"https:\/\/med.tattoo\/hr\/wp-json\/wp\/v2\/product_cat?post=9355"},{"taxonomy":"product_tag","embeddable":true,"href":"https:\/\/med.tattoo\/hr\/wp-json\/wp\/v2\/product_tag?post=9355"}],"curies":[{"name":"wp","href":"https:\/\/api.w.org\/{rel}","templated":true}]}}