{"id":9465,"date":"2025-05-15T07:36:31","date_gmt":"2025-05-15T05:36:31","guid":{"rendered":"https:\/\/med.tattoo\/produkt\/rucnik-za-ciscenje-od-celuloze-u-roli-od-2-sloja-150m-bijeli-1kom-premium\/"},"modified":"2025-05-15T07:36:31","modified_gmt":"2025-05-15T05:36:31","slug":"rucnik-za-ciscenje-od-celuloze-u-roli-od-2-sloja-150m-bijeli-1kom-premium","status":"publish","type":"product","link":"https:\/\/med.tattoo\/hr\/proizvod\/rucnik-za-ciscenje-od-celuloze-u-roli-od-2-sloja-150m-bijeli-1kom-premium\/","title":{"rendered":"Ru\u010dnik za \u010di\u0161\u0107enje od celuloze u roli od 2 sloja 150m bijeli 1kom PREMIUM"},"content":{"rendered":"<p>Talijanski papirnati ru\u010dnik od celuloze 150m 2 sloja  <\/p>\n<p>\u00b7 Sirovina: 100% talijanska celuloza Pura Ovata di Cellulosa<\/p>\n<p>\u00b7 Broj slojeva: 2<br \/>\n\u00b7 Duljina: 150 m<br \/>\n\u00b7Promjer role: 20 cm<br \/>\n\u00b7 Visina role: 20 cm<br \/>\n\u00b7 Dimenzije lima: 24&#215;20 cm<br \/>\n\u00b76 komada u skupnom<br \/>\n pakiranju\u00b7 Boja: snje\u017eno bijela<br \/>\n\u00b7 Vafli i perforirani<\/p>\n<p>Industrijske celulozne krpe za \u010di\u0161\u0107enje najkvalitetniji su univerzalni proizvodi izra\u0111eni od 100% celuloze &#8211; meke i istodobno izdr\u017eljive sirovine otporne na raslojavanje i namakanje.  <\/p>\n<p>Glavna svrha proizvoda je \u010di\u0161\u0107enje i poliranje razli\u010ditih vrsta povr\u0161ina bez ostavljanja ogrebotina. Maramice za \u010di\u0161\u0107enje celulozom prikladne su za \u010di\u0161\u0107enje povr\u0161ina vodom, otapalima, uljima i deterd\u017eentima. <\/p>\n<p>Pakirano u 6 kom<\/p>\n<p>Cijena za 1 rolu<\/p>\n","protected":false},"excerpt":{"rendered":"<p>Talijanski papirnati ru\u010dnik od celuloze 150m 2 sloja \u00b7 Sirovina: 100% talijanska celuloza Pura Ovata di Cellulosa \u00b7 Broj slojeva: 2 \u00b7 Duljina: 150 m \u00b7Promjer role: 20 cm \u00b7 Visina role: 20 cm \u00b7 Dimenzije lima: 24&#215;20 cm \u00b76 komada u skupnom pakiranju\u00b7 Boja: snje\u017eno bijela \u00b7 Vafli i perforirani Industrijske celulozne krpe za [&hellip;]<\/p>\n","protected":false},"featured_media":8341,"comment_status":"closed","ping_status":"open","template":"","meta":{"site-sidebar-layout":"default","site-content-layout":"","ast-site-content-layout":"default","site-content-style":"default","site-sidebar-style":"default","ast-global-header-display":"","ast-banner-title-visibility":"","ast-main-header-display":"","ast-hfb-above-header-display":"","ast-hfb-below-header-display":"","ast-hfb-mobile-header-display":"","site-post-title":"","ast-breadcrumbs-content":"","ast-featured-img":"","footer-sml-layout":"","ast-disable-related-posts":"","theme-transparent-header-meta":"","adv-header-id-meta":"","stick-header-meta":"","header-above-stick-meta":"","header-main-stick-meta":"","header-below-stick-meta":"","astra-migrate-meta-layouts":"default","ast-page-background-enabled":"default","ast-page-background-meta":{"desktop":{"background-color":"var(--ast-global-color-4)","background-image":"","background-repeat":"repeat","background-position":"center center","background-size":"auto","background-attachment":"scroll","background-type":"","background-media":"","overlay-type":"","overlay-color":"","overlay-opacity":"","overlay-gradient":""},"tablet":{"background-color":"","background-image":"","background-repeat":"repeat","background-position":"center center","background-size":"auto","background-attachment":"scroll","background-type":"","background-media":"","overlay-type":"","overlay-color":"","overlay-opacity":"","overlay-gradient":""},"mobile":{"background-color":"","background-image":"","background-repeat":"repeat","background-position":"center center","background-size":"auto","background-attachment":"scroll","background-type":"","background-media":"","overlay-type":"","overlay-color":"","overlay-opacity":"","overlay-gradient":""}},"ast-content-background-meta":{"desktop":{"background-color":"var(--ast-global-color-5)","background-image":"","background-repeat":"repeat","background-position":"center center","background-size":"auto","background-attachment":"scroll","background-type":"","background-media":"","overlay-type":"","overlay-color":"","overlay-opacity":"","overlay-gradient":""},"tablet":{"background-color":"var(--ast-global-color-5)","background-image":"","background-repeat":"repeat","background-position":"center center","background-size":"auto","background-attachment":"scroll","background-type":"","background-media":"","overlay-type":"","overlay-color":"","overlay-opacity":"","overlay-gradient":""},"mobile":{"background-color":"var(--ast-global-color-5)","background-image":"","background-repeat":"repeat","background-position":"center center","background-size":"auto","background-attachment":"scroll","background-type":"","background-media":"","overlay-type":"","overlay-color":"","overlay-opacity":"","overlay-gradient":""}}},"product_brand":[],"product_cat":[103],"product_tag":[],"class_list":{"0":"post-9465","1":"product","2":"type-product","3":"status-publish","4":"has-post-thumbnail","6":"product_cat-med-tattoo-hr","7":"desktop-align-left","8":"tablet-align-left","9":"mobile-align-left","10":"ast-product-gallery-layout-horizontal-slider","11":"ast-product-gallery-with-no-image","12":"ast-product-tabs-layout-distributed","14":"first","15":"instock","16":"purchasable","17":"product-type-simple"},"yoast_head":"<!-- This site is optimized with the Yoast SEO plugin v27.3 - https:\/\/yoast.com\/product\/yoast-seo-wordpress\/ -->\n<title>Ru\u010dnik za \u010di\u0161\u0107enje od celuloze u roli od 2 sloja 150m bijeli 1kom PREMIUM - MED.TATTOO<\/title>\n<meta name=\"robots\" content=\"index, follow, max-snippet:-1, max-image-preview:large, max-video-preview:-1\" \/>\n<link rel=\"canonical\" href=\"https:\/\/med.tattoo\/hr\/proizvod\/rucnik-za-ciscenje-od-celuloze-u-roli-od-2-sloja-150m-bijeli-1kom-premium\/\" \/>\n<meta property=\"og:locale\" content=\"hr_HR\" \/>\n<meta property=\"og:type\" content=\"article\" \/>\n<meta property=\"og:title\" content=\"Ru\u010dnik za \u010di\u0161\u0107enje od celuloze u roli od 2 sloja 150m bijeli 1kom PREMIUM - MED.TATTOO\" \/>\n<meta property=\"og:description\" content=\"Talijanski papirnati ru\u010dnik od celuloze 150m 2 sloja \u00b7 Sirovina: 100% talijanska celuloza Pura Ovata di Cellulosa \u00b7 Broj slojeva: 2 \u00b7 Duljina: 150 m \u00b7Promjer role: 20 cm \u00b7 Visina role: 20 cm \u00b7 Dimenzije lima: 24&#215;20 cm \u00b76 komada u skupnom pakiranju\u00b7 Boja: snje\u017eno bijela \u00b7 Vafli i perforirani Industrijske celulozne krpe za [&hellip;]\" \/>\n<meta property=\"og:url\" content=\"https:\/\/med.tattoo\/hr\/proizvod\/rucnik-za-ciscenje-od-celuloze-u-roli-od-2-sloja-150m-bijeli-1kom-premium\/\" \/>\n<meta property=\"og:site_name\" content=\"MED.TATTOO\" \/>\n<meta property=\"article:publisher\" content=\"https:\/\/www.facebook.com\/profile.php?id=100084366705613\" \/>\n<meta name=\"twitter:card\" content=\"summary_large_image\" \/>\n<meta name=\"twitter:label1\" content=\"Procijenjeno vrijeme \u010ditanja\" \/>\n\t<meta name=\"twitter:data1\" content=\"1 minuta\" \/>\n<script type=\"application\/ld+json\" class=\"yoast-schema-graph\">{\"@context\":\"https:\\\/\\\/schema.org\",\"@graph\":[{\"@type\":\"WebPage\",\"@id\":\"https:\\\/\\\/med.tattoo\\\/hr\\\/proizvod\\\/rucnik-za-ciscenje-od-celuloze-u-roli-od-2-sloja-150m-bijeli-1kom-premium\\\/\",\"url\":\"https:\\\/\\\/med.tattoo\\\/hr\\\/proizvod\\\/rucnik-za-ciscenje-od-celuloze-u-roli-od-2-sloja-150m-bijeli-1kom-premium\\\/\",\"name\":\"Ru\u010dnik za \u010di\u0161\u0107enje od celuloze u roli od 2 sloja 150m bijeli 1kom PREMIUM - MED.TATTOO\",\"isPartOf\":{\"@id\":\"https:\\\/\\\/med.tattoo\\\/hr\\\/#website\"},\"primaryImageOfPage\":{\"@id\":\"https:\\\/\\\/med.tattoo\\\/hr\\\/proizvod\\\/rucnik-za-ciscenje-od-celuloze-u-roli-od-2-sloja-150m-bijeli-1kom-premium\\\/#primaryimage\"},\"image\":{\"@id\":\"https:\\\/\\\/med.tattoo\\\/hr\\\/proizvod\\\/rucnik-za-ciscenje-od-celuloze-u-roli-od-2-sloja-150m-bijeli-1kom-premium\\\/#primaryimage\"},\"thumbnailUrl\":\"https:\\\/\\\/med.tattoo\\\/wp-content\\\/uploads\\\/2025\\\/05\\\/297_recznik-czysciwo-z-celulozy-w-roli-midi-2-warstwy_1744006931.png\",\"datePublished\":\"2025-05-15T05:36:31+00:00\",\"breadcrumb\":{\"@id\":\"https:\\\/\\\/med.tattoo\\\/hr\\\/proizvod\\\/rucnik-za-ciscenje-od-celuloze-u-roli-od-2-sloja-150m-bijeli-1kom-premium\\\/#breadcrumb\"},\"inLanguage\":\"hr\",\"potentialAction\":[{\"@type\":\"ReadAction\",\"target\":[\"https:\\\/\\\/med.tattoo\\\/hr\\\/proizvod\\\/rucnik-za-ciscenje-od-celuloze-u-roli-od-2-sloja-150m-bijeli-1kom-premium\\\/\"]}]},{\"@type\":\"ImageObject\",\"inLanguage\":\"hr\",\"@id\":\"https:\\\/\\\/med.tattoo\\\/hr\\\/proizvod\\\/rucnik-za-ciscenje-od-celuloze-u-roli-od-2-sloja-150m-bijeli-1kom-premium\\\/#primaryimage\",\"url\":\"https:\\\/\\\/med.tattoo\\\/wp-content\\\/uploads\\\/2025\\\/05\\\/297_recznik-czysciwo-z-celulozy-w-roli-midi-2-warstwy_1744006931.png\",\"contentUrl\":\"https:\\\/\\\/med.tattoo\\\/wp-content\\\/uploads\\\/2025\\\/05\\\/297_recznik-czysciwo-z-celulozy-w-roli-midi-2-warstwy_1744006931.png\",\"width\":785,\"height\":741},{\"@type\":\"BreadcrumbList\",\"@id\":\"https:\\\/\\\/med.tattoo\\\/hr\\\/proizvod\\\/rucnik-za-ciscenje-od-celuloze-u-roli-od-2-sloja-150m-bijeli-1kom-premium\\\/#breadcrumb\",\"itemListElement\":[{\"@type\":\"ListItem\",\"position\":1,\"name\":\"Strona G\u0142\u00f3wna\",\"item\":\"https:\\\/\\\/med.tattoo\\\/hr\\\/\"},{\"@type\":\"ListItem\",\"position\":2,\"name\":\"Trgovina\",\"item\":\"https:\\\/\\\/med.tattoo\\\/hr\\\/shop\\\/\"},{\"@type\":\"ListItem\",\"position\":3,\"name\":\"Ru\u010dnik za \u010di\u0161\u0107enje od celuloze u roli od 2 sloja 150m bijeli 1kom PREMIUM\"}]},{\"@type\":\"WebSite\",\"@id\":\"https:\\\/\\\/med.tattoo\\\/hr\\\/#website\",\"url\":\"https:\\\/\\\/med.tattoo\\\/hr\\\/\",\"name\":\"MED.TATTOO\",\"description\":\"Wszystko dla Twojego tatua\u017cu\",\"publisher\":{\"@id\":\"https:\\\/\\\/med.tattoo\\\/hr\\\/#organization\"},\"potentialAction\":[{\"@type\":\"SearchAction\",\"target\":{\"@type\":\"EntryPoint\",\"urlTemplate\":\"https:\\\/\\\/med.tattoo\\\/hr\\\/?s={search_term_string}\"},\"query-input\":{\"@type\":\"PropertyValueSpecification\",\"valueRequired\":true,\"valueName\":\"search_term_string\"}}],\"inLanguage\":\"hr\"},{\"@type\":\"Organization\",\"@id\":\"https:\\\/\\\/med.tattoo\\\/hr\\\/#organization\",\"name\":\"MED.TATTOO\",\"url\":\"https:\\\/\\\/med.tattoo\\\/hr\\\/\",\"logo\":{\"@type\":\"ImageObject\",\"inLanguage\":\"hr\",\"@id\":\"https:\\\/\\\/med.tattoo\\\/hr\\\/#\\\/schema\\\/logo\\\/image\\\/\",\"url\":\"https:\\\/\\\/med.tattoo\\\/wp-content\\\/uploads\\\/2025\\\/05\\\/Bez-tytulu-600S300-px-1-e1658908183800.png\",\"contentUrl\":\"https:\\\/\\\/med.tattoo\\\/wp-content\\\/uploads\\\/2025\\\/05\\\/Bez-tytulu-600S300-px-1-e1658908183800.png\",\"width\":600,\"height\":61,\"caption\":\"MED.TATTOO\"},\"image\":{\"@id\":\"https:\\\/\\\/med.tattoo\\\/hr\\\/#\\\/schema\\\/logo\\\/image\\\/\"},\"sameAs\":[\"https:\\\/\\\/www.facebook.com\\\/profile.php?id=100084366705613\",\"https:\\\/\\\/www.instagram.com\\\/med.tattoo_official\\\/\"]}]}<\/script>\n<!-- \/ Yoast SEO plugin. -->","yoast_head_json":{"title":"Ru\u010dnik za \u010di\u0161\u0107enje od celuloze u roli od 2 sloja 150m bijeli 1kom PREMIUM - MED.TATTOO","robots":{"index":"index","follow":"follow","max-snippet":"max-snippet:-1","max-image-preview":"max-image-preview:large","max-video-preview":"max-video-preview:-1"},"canonical":"https:\/\/med.tattoo\/hr\/proizvod\/rucnik-za-ciscenje-od-celuloze-u-roli-od-2-sloja-150m-bijeli-1kom-premium\/","og_locale":"hr_HR","og_type":"article","og_title":"Ru\u010dnik za \u010di\u0161\u0107enje od celuloze u roli od 2 sloja 150m bijeli 1kom PREMIUM - MED.TATTOO","og_description":"Talijanski papirnati ru\u010dnik od celuloze 150m 2 sloja \u00b7 Sirovina: 100% talijanska celuloza Pura Ovata di Cellulosa \u00b7 Broj slojeva: 2 \u00b7 Duljina: 150 m \u00b7Promjer role: 20 cm \u00b7 Visina role: 20 cm \u00b7 Dimenzije lima: 24&#215;20 cm \u00b76 komada u skupnom pakiranju\u00b7 Boja: snje\u017eno bijela \u00b7 Vafli i perforirani Industrijske celulozne krpe za [&hellip;]","og_url":"https:\/\/med.tattoo\/hr\/proizvod\/rucnik-za-ciscenje-od-celuloze-u-roli-od-2-sloja-150m-bijeli-1kom-premium\/","og_site_name":"MED.TATTOO","article_publisher":"https:\/\/www.facebook.com\/profile.php?id=100084366705613","twitter_card":"summary_large_image","twitter_misc":{"Procijenjeno vrijeme \u010ditanja":"1 minuta"},"schema":{"@context":"https:\/\/schema.org","@graph":[{"@type":"WebPage","@id":"https:\/\/med.tattoo\/hr\/proizvod\/rucnik-za-ciscenje-od-celuloze-u-roli-od-2-sloja-150m-bijeli-1kom-premium\/","url":"https:\/\/med.tattoo\/hr\/proizvod\/rucnik-za-ciscenje-od-celuloze-u-roli-od-2-sloja-150m-bijeli-1kom-premium\/","name":"Ru\u010dnik za \u010di\u0161\u0107enje od celuloze u roli od 2 sloja 150m bijeli 1kom PREMIUM - MED.TATTOO","isPartOf":{"@id":"https:\/\/med.tattoo\/hr\/#website"},"primaryImageOfPage":{"@id":"https:\/\/med.tattoo\/hr\/proizvod\/rucnik-za-ciscenje-od-celuloze-u-roli-od-2-sloja-150m-bijeli-1kom-premium\/#primaryimage"},"image":{"@id":"https:\/\/med.tattoo\/hr\/proizvod\/rucnik-za-ciscenje-od-celuloze-u-roli-od-2-sloja-150m-bijeli-1kom-premium\/#primaryimage"},"thumbnailUrl":"https:\/\/med.tattoo\/wp-content\/uploads\/2025\/05\/297_recznik-czysciwo-z-celulozy-w-roli-midi-2-warstwy_1744006931.png","datePublished":"2025-05-15T05:36:31+00:00","breadcrumb":{"@id":"https:\/\/med.tattoo\/hr\/proizvod\/rucnik-za-ciscenje-od-celuloze-u-roli-od-2-sloja-150m-bijeli-1kom-premium\/#breadcrumb"},"inLanguage":"hr","potentialAction":[{"@type":"ReadAction","target":["https:\/\/med.tattoo\/hr\/proizvod\/rucnik-za-ciscenje-od-celuloze-u-roli-od-2-sloja-150m-bijeli-1kom-premium\/"]}]},{"@type":"ImageObject","inLanguage":"hr","@id":"https:\/\/med.tattoo\/hr\/proizvod\/rucnik-za-ciscenje-od-celuloze-u-roli-od-2-sloja-150m-bijeli-1kom-premium\/#primaryimage","url":"https:\/\/med.tattoo\/wp-content\/uploads\/2025\/05\/297_recznik-czysciwo-z-celulozy-w-roli-midi-2-warstwy_1744006931.png","contentUrl":"https:\/\/med.tattoo\/wp-content\/uploads\/2025\/05\/297_recznik-czysciwo-z-celulozy-w-roli-midi-2-warstwy_1744006931.png","width":785,"height":741},{"@type":"BreadcrumbList","@id":"https:\/\/med.tattoo\/hr\/proizvod\/rucnik-za-ciscenje-od-celuloze-u-roli-od-2-sloja-150m-bijeli-1kom-premium\/#breadcrumb","itemListElement":[{"@type":"ListItem","position":1,"name":"Strona G\u0142\u00f3wna","item":"https:\/\/med.tattoo\/hr\/"},{"@type":"ListItem","position":2,"name":"Trgovina","item":"https:\/\/med.tattoo\/hr\/shop\/"},{"@type":"ListItem","position":3,"name":"Ru\u010dnik za \u010di\u0161\u0107enje od celuloze u roli od 2 sloja 150m bijeli 1kom PREMIUM"}]},{"@type":"WebSite","@id":"https:\/\/med.tattoo\/hr\/#website","url":"https:\/\/med.tattoo\/hr\/","name":"MED.TATTOO","description":"Wszystko dla Twojego tatua\u017cu","publisher":{"@id":"https:\/\/med.tattoo\/hr\/#organization"},"potentialAction":[{"@type":"SearchAction","target":{"@type":"EntryPoint","urlTemplate":"https:\/\/med.tattoo\/hr\/?s={search_term_string}"},"query-input":{"@type":"PropertyValueSpecification","valueRequired":true,"valueName":"search_term_string"}}],"inLanguage":"hr"},{"@type":"Organization","@id":"https:\/\/med.tattoo\/hr\/#organization","name":"MED.TATTOO","url":"https:\/\/med.tattoo\/hr\/","logo":{"@type":"ImageObject","inLanguage":"hr","@id":"https:\/\/med.tattoo\/hr\/#\/schema\/logo\/image\/","url":"https:\/\/med.tattoo\/wp-content\/uploads\/2025\/05\/Bez-tytulu-600S300-px-1-e1658908183800.png","contentUrl":"https:\/\/med.tattoo\/wp-content\/uploads\/2025\/05\/Bez-tytulu-600S300-px-1-e1658908183800.png","width":600,"height":61,"caption":"MED.TATTOO"},"image":{"@id":"https:\/\/med.tattoo\/hr\/#\/schema\/logo\/image\/"},"sameAs":["https:\/\/www.facebook.com\/profile.php?id=100084366705613","https:\/\/www.instagram.com\/med.tattoo_official\/"]}]}},"_links":{"self":[{"href":"https:\/\/med.tattoo\/hr\/wp-json\/wp\/v2\/product\/9465","targetHints":{"allow":["GET"]}}],"collection":[{"href":"https:\/\/med.tattoo\/hr\/wp-json\/wp\/v2\/product"}],"about":[{"href":"https:\/\/med.tattoo\/hr\/wp-json\/wp\/v2\/types\/product"}],"replies":[{"embeddable":true,"href":"https:\/\/med.tattoo\/hr\/wp-json\/wp\/v2\/comments?post=9465"}],"wp:featuredmedia":[{"embeddable":true,"href":"https:\/\/med.tattoo\/hr\/wp-json\/wp\/v2\/media\/8341"}],"wp:attachment":[{"href":"https:\/\/med.tattoo\/hr\/wp-json\/wp\/v2\/media?parent=9465"}],"wp:term":[{"taxonomy":"product_brand","embeddable":true,"href":"https:\/\/med.tattoo\/hr\/wp-json\/wp\/v2\/product_brand?post=9465"},{"taxonomy":"product_cat","embeddable":true,"href":"https:\/\/med.tattoo\/hr\/wp-json\/wp\/v2\/product_cat?post=9465"},{"taxonomy":"product_tag","embeddable":true,"href":"https:\/\/med.tattoo\/hr\/wp-json\/wp\/v2\/product_tag?post=9465"}],"curies":[{"name":"wp","href":"https:\/\/api.w.org\/{rel}","templated":true}]}}