{"id":9484,"date":"2025-05-15T07:27:36","date_gmt":"2025-05-15T05:27:36","guid":{"rendered":"https:\/\/med.tattoo\/produkt\/spremnik-za-medicinski-otpad-5l-okrugli-1kom\/"},"modified":"2025-05-15T07:27:36","modified_gmt":"2025-05-15T05:27:36","slug":"spremnik-za-medicinski-otpad-5l-okrugli-1kom","status":"publish","type":"product","link":"https:\/\/med.tattoo\/hr\/proizvod\/spremnik-za-medicinski-otpad-5l-okrugli-1kom\/","title":{"rendered":"Spremnik za medicinski otpad 5L okrugli 1kom"},"content":{"rendered":"<p>Prakti\u010dna posuda izra\u0111ena od plastike &#8211; polipropilena u crvenoj boji. Vodootporan je i otporan na probijanje. Ima poseban urez na poklopcu koji omogu\u0107uje sigurno odvajanje igle od \u0161trcaljke.  <\/p>\n<p>Spremnik nosi naljepnicu upozorenja &#8220;infektivni materijal&#8221; zajedno s ostalim informacijama u skladu sa zahtjevima Nacionalnog zavoda za higijenu.<\/p>\n<p>Crvena kanta namijenjena je za otpad:<\/p>\n<p>koji sadr\u017ee \u017eive patogene mikroorganizme ili njihove toksine i druge oblike koji mogu prenijeti genetski materijal za koje imaju razloga vjerovati da uzrokuju bolesti kod ljudi i \u017eivotinja;<br \/>\ndijelovi tijela i organi, kao i spremnici za krv i konzervansi koji se koriste za njegovo skladi\u0161tenje;<br \/>\nkori\u0161tene terapijske kupke aktivne biolo\u0161ke s infektivnim svojstvima;<br \/>\nostaci iz prehrane pacijenata na infektivnim odjelima.<br \/>\nSpremnici trebaju imati zatvara\u010d koji ne zahtijeva kontakt s njegovim sadr\u017eajem. Spremnici se moraju mijenjati najmanje svaka 72 sata, osim vre\u0107ica u kojima se skuplja visoko zarazni medicinski otpad &#8211; zamjenjuju se svaka 24 sata. <\/p>\n<p>Ako je spremnik o\u0161te\u0107en, bacite ga u cijelosti sa sadr\u017eajem. Ne zaboravite da medicinski otpad ne prevozite izvan mjesta njegove proizvodnje! <\/p>\n<p>Spremnici medicinskog otpada konstruirani su na na\u010din da se infektivni materijali mogu zbrinuti na potpuno higijenski i siguran na\u010din. Ponu\u0111eni proizvodi zadovoljavaju sve norme, zahtjeve i standarde. Zahvaljuju\u0107i njima mo\u017eemo se beskontaktno rije\u0161iti otpada i koristiti ga za odlaganje. Spremnici su vrlo izdr\u017eljivi \u2013 otporni na probijanje igle, udarce i udarce.   <\/p>\n","protected":false},"excerpt":{"rendered":"<p>Prakti\u010dna posuda izra\u0111ena od plastike &#8211; polipropilena u crvenoj boji. Vodootporan je i otporan na probijanje. Ima poseban urez na poklopcu koji omogu\u0107uje sigurno odvajanje igle od \u0161trcaljke. Spremnik nosi naljepnicu upozorenja &#8220;infektivni materijal&#8221; zajedno s ostalim informacijama u skladu sa zahtjevima Nacionalnog zavoda za higijenu. Crvena kanta namijenjena je za otpad: koji sadr\u017ee \u017eive [&hellip;]<\/p>\n","protected":false},"featured_media":7833,"comment_status":"closed","ping_status":"open","template":"","meta":{"site-sidebar-layout":"default","site-content-layout":"","ast-site-content-layout":"default","site-content-style":"default","site-sidebar-style":"default","ast-global-header-display":"","ast-banner-title-visibility":"","ast-main-header-display":"","ast-hfb-above-header-display":"","ast-hfb-below-header-display":"","ast-hfb-mobile-header-display":"","site-post-title":"","ast-breadcrumbs-content":"","ast-featured-img":"","footer-sml-layout":"","ast-disable-related-posts":"","theme-transparent-header-meta":"","adv-header-id-meta":"","stick-header-meta":"","header-above-stick-meta":"","header-main-stick-meta":"","header-below-stick-meta":"","astra-migrate-meta-layouts":"default","ast-page-background-enabled":"default","ast-page-background-meta":{"desktop":{"background-color":"var(--ast-global-color-4)","background-image":"","background-repeat":"repeat","background-position":"center center","background-size":"auto","background-attachment":"scroll","background-type":"","background-media":"","overlay-type":"","overlay-color":"","overlay-opacity":"","overlay-gradient":""},"tablet":{"background-color":"","background-image":"","background-repeat":"repeat","background-position":"center center","background-size":"auto","background-attachment":"scroll","background-type":"","background-media":"","overlay-type":"","overlay-color":"","overlay-opacity":"","overlay-gradient":""},"mobile":{"background-color":"","background-image":"","background-repeat":"repeat","background-position":"center center","background-size":"auto","background-attachment":"scroll","background-type":"","background-media":"","overlay-type":"","overlay-color":"","overlay-opacity":"","overlay-gradient":""}},"ast-content-background-meta":{"desktop":{"background-color":"var(--ast-global-color-5)","background-image":"","background-repeat":"repeat","background-position":"center center","background-size":"auto","background-attachment":"scroll","background-type":"","background-media":"","overlay-type":"","overlay-color":"","overlay-opacity":"","overlay-gradient":""},"tablet":{"background-color":"var(--ast-global-color-5)","background-image":"","background-repeat":"repeat","background-position":"center center","background-size":"auto","background-attachment":"scroll","background-type":"","background-media":"","overlay-type":"","overlay-color":"","overlay-opacity":"","overlay-gradient":""},"mobile":{"background-color":"var(--ast-global-color-5)","background-image":"","background-repeat":"repeat","background-position":"center center","background-size":"auto","background-attachment":"scroll","background-type":"","background-media":"","overlay-type":"","overlay-color":"","overlay-opacity":"","overlay-gradient":""}}},"product_brand":[],"product_cat":[103],"product_tag":[],"class_list":{"0":"post-9484","1":"product","2":"type-product","3":"status-publish","4":"has-post-thumbnail","6":"product_cat-med-tattoo-hr","7":"desktop-align-left","8":"tablet-align-left","9":"mobile-align-left","10":"ast-product-gallery-layout-horizontal-slider","11":"ast-product-gallery-with-no-image","12":"ast-product-tabs-layout-distributed","14":"first","15":"instock","16":"purchasable","17":"product-type-simple"},"yoast_head":"<!-- This site is optimized with the Yoast SEO plugin v27.3 - https:\/\/yoast.com\/product\/yoast-seo-wordpress\/ -->\n<title>Spremnik za medicinski otpad 5L okrugli 1kom - MED.TATTOO<\/title>\n<meta name=\"robots\" content=\"index, follow, max-snippet:-1, max-image-preview:large, max-video-preview:-1\" \/>\n<link rel=\"canonical\" href=\"https:\/\/med.tattoo\/hr\/proizvod\/spremnik-za-medicinski-otpad-5l-okrugli-1kom\/\" \/>\n<meta property=\"og:locale\" content=\"hr_HR\" \/>\n<meta property=\"og:type\" content=\"article\" \/>\n<meta property=\"og:title\" content=\"Spremnik za medicinski otpad 5L okrugli 1kom - MED.TATTOO\" \/>\n<meta property=\"og:description\" content=\"Prakti\u010dna posuda izra\u0111ena od plastike &#8211; polipropilena u crvenoj boji. Vodootporan je i otporan na probijanje. Ima poseban urez na poklopcu koji omogu\u0107uje sigurno odvajanje igle od \u0161trcaljke. Spremnik nosi naljepnicu upozorenja &#8220;infektivni materijal&#8221; zajedno s ostalim informacijama u skladu sa zahtjevima Nacionalnog zavoda za higijenu. Crvena kanta namijenjena je za otpad: koji sadr\u017ee \u017eive [&hellip;]\" \/>\n<meta property=\"og:url\" content=\"https:\/\/med.tattoo\/hr\/proizvod\/spremnik-za-medicinski-otpad-5l-okrugli-1kom\/\" \/>\n<meta property=\"og:site_name\" content=\"MED.TATTOO\" \/>\n<meta property=\"article:publisher\" content=\"https:\/\/www.facebook.com\/profile.php?id=100084366705613\" \/>\n<meta name=\"twitter:card\" content=\"summary_large_image\" \/>\n<meta name=\"twitter:label1\" content=\"Procijenjeno vrijeme \u010ditanja\" \/>\n\t<meta name=\"twitter:data1\" content=\"1 minuta\" \/>\n<script type=\"application\/ld+json\" class=\"yoast-schema-graph\">{\"@context\":\"https:\\\/\\\/schema.org\",\"@graph\":[{\"@type\":\"WebPage\",\"@id\":\"https:\\\/\\\/med.tattoo\\\/hr\\\/proizvod\\\/spremnik-za-medicinski-otpad-5l-okrugli-1kom\\\/\",\"url\":\"https:\\\/\\\/med.tattoo\\\/hr\\\/proizvod\\\/spremnik-za-medicinski-otpad-5l-okrugli-1kom\\\/\",\"name\":\"Spremnik za medicinski otpad 5L okrugli 1kom - MED.TATTOO\",\"isPartOf\":{\"@id\":\"https:\\\/\\\/med.tattoo\\\/hr\\\/#website\"},\"primaryImageOfPage\":{\"@id\":\"https:\\\/\\\/med.tattoo\\\/hr\\\/proizvod\\\/spremnik-za-medicinski-otpad-5l-okrugli-1kom\\\/#primaryimage\"},\"image\":{\"@id\":\"https:\\\/\\\/med.tattoo\\\/hr\\\/proizvod\\\/spremnik-za-medicinski-otpad-5l-okrugli-1kom\\\/#primaryimage\"},\"thumbnailUrl\":\"https:\\\/\\\/med.tattoo\\\/wp-content\\\/uploads\\\/2025\\\/05\\\/2385_pojemnik-na-odpady-medyczne-5l-okragly-1szt_1744006887.jpg\",\"datePublished\":\"2025-05-15T05:27:36+00:00\",\"breadcrumb\":{\"@id\":\"https:\\\/\\\/med.tattoo\\\/hr\\\/proizvod\\\/spremnik-za-medicinski-otpad-5l-okrugli-1kom\\\/#breadcrumb\"},\"inLanguage\":\"hr\",\"potentialAction\":[{\"@type\":\"ReadAction\",\"target\":[\"https:\\\/\\\/med.tattoo\\\/hr\\\/proizvod\\\/spremnik-za-medicinski-otpad-5l-okrugli-1kom\\\/\"]}]},{\"@type\":\"ImageObject\",\"inLanguage\":\"hr\",\"@id\":\"https:\\\/\\\/med.tattoo\\\/hr\\\/proizvod\\\/spremnik-za-medicinski-otpad-5l-okrugli-1kom\\\/#primaryimage\",\"url\":\"https:\\\/\\\/med.tattoo\\\/wp-content\\\/uploads\\\/2025\\\/05\\\/2385_pojemnik-na-odpady-medyczne-5l-okragly-1szt_1744006887.jpg\",\"contentUrl\":\"https:\\\/\\\/med.tattoo\\\/wp-content\\\/uploads\\\/2025\\\/05\\\/2385_pojemnik-na-odpady-medyczne-5l-okragly-1szt_1744006887.jpg\",\"width\":1077,\"height\":920},{\"@type\":\"BreadcrumbList\",\"@id\":\"https:\\\/\\\/med.tattoo\\\/hr\\\/proizvod\\\/spremnik-za-medicinski-otpad-5l-okrugli-1kom\\\/#breadcrumb\",\"itemListElement\":[{\"@type\":\"ListItem\",\"position\":1,\"name\":\"Strona G\u0142\u00f3wna\",\"item\":\"https:\\\/\\\/med.tattoo\\\/hr\\\/\"},{\"@type\":\"ListItem\",\"position\":2,\"name\":\"Trgovina\",\"item\":\"https:\\\/\\\/med.tattoo\\\/hr\\\/shop\\\/\"},{\"@type\":\"ListItem\",\"position\":3,\"name\":\"Spremnik za medicinski otpad 5L okrugli 1kom\"}]},{\"@type\":\"WebSite\",\"@id\":\"https:\\\/\\\/med.tattoo\\\/hr\\\/#website\",\"url\":\"https:\\\/\\\/med.tattoo\\\/hr\\\/\",\"name\":\"MED.TATTOO\",\"description\":\"Wszystko dla Twojego tatua\u017cu\",\"publisher\":{\"@id\":\"https:\\\/\\\/med.tattoo\\\/hr\\\/#organization\"},\"potentialAction\":[{\"@type\":\"SearchAction\",\"target\":{\"@type\":\"EntryPoint\",\"urlTemplate\":\"https:\\\/\\\/med.tattoo\\\/hr\\\/?s={search_term_string}\"},\"query-input\":{\"@type\":\"PropertyValueSpecification\",\"valueRequired\":true,\"valueName\":\"search_term_string\"}}],\"inLanguage\":\"hr\"},{\"@type\":\"Organization\",\"@id\":\"https:\\\/\\\/med.tattoo\\\/hr\\\/#organization\",\"name\":\"MED.TATTOO\",\"url\":\"https:\\\/\\\/med.tattoo\\\/hr\\\/\",\"logo\":{\"@type\":\"ImageObject\",\"inLanguage\":\"hr\",\"@id\":\"https:\\\/\\\/med.tattoo\\\/hr\\\/#\\\/schema\\\/logo\\\/image\\\/\",\"url\":\"https:\\\/\\\/med.tattoo\\\/wp-content\\\/uploads\\\/2025\\\/05\\\/Bez-tytulu-600S300-px-1-e1658908183800.png\",\"contentUrl\":\"https:\\\/\\\/med.tattoo\\\/wp-content\\\/uploads\\\/2025\\\/05\\\/Bez-tytulu-600S300-px-1-e1658908183800.png\",\"width\":600,\"height\":61,\"caption\":\"MED.TATTOO\"},\"image\":{\"@id\":\"https:\\\/\\\/med.tattoo\\\/hr\\\/#\\\/schema\\\/logo\\\/image\\\/\"},\"sameAs\":[\"https:\\\/\\\/www.facebook.com\\\/profile.php?id=100084366705613\",\"https:\\\/\\\/www.instagram.com\\\/med.tattoo_official\\\/\"]}]}<\/script>\n<!-- \/ Yoast SEO plugin. -->","yoast_head_json":{"title":"Spremnik za medicinski otpad 5L okrugli 1kom - MED.TATTOO","robots":{"index":"index","follow":"follow","max-snippet":"max-snippet:-1","max-image-preview":"max-image-preview:large","max-video-preview":"max-video-preview:-1"},"canonical":"https:\/\/med.tattoo\/hr\/proizvod\/spremnik-za-medicinski-otpad-5l-okrugli-1kom\/","og_locale":"hr_HR","og_type":"article","og_title":"Spremnik za medicinski otpad 5L okrugli 1kom - MED.TATTOO","og_description":"Prakti\u010dna posuda izra\u0111ena od plastike &#8211; polipropilena u crvenoj boji. Vodootporan je i otporan na probijanje. Ima poseban urez na poklopcu koji omogu\u0107uje sigurno odvajanje igle od \u0161trcaljke. Spremnik nosi naljepnicu upozorenja &#8220;infektivni materijal&#8221; zajedno s ostalim informacijama u skladu sa zahtjevima Nacionalnog zavoda za higijenu. Crvena kanta namijenjena je za otpad: koji sadr\u017ee \u017eive [&hellip;]","og_url":"https:\/\/med.tattoo\/hr\/proizvod\/spremnik-za-medicinski-otpad-5l-okrugli-1kom\/","og_site_name":"MED.TATTOO","article_publisher":"https:\/\/www.facebook.com\/profile.php?id=100084366705613","twitter_card":"summary_large_image","twitter_misc":{"Procijenjeno vrijeme \u010ditanja":"1 minuta"},"schema":{"@context":"https:\/\/schema.org","@graph":[{"@type":"WebPage","@id":"https:\/\/med.tattoo\/hr\/proizvod\/spremnik-za-medicinski-otpad-5l-okrugli-1kom\/","url":"https:\/\/med.tattoo\/hr\/proizvod\/spremnik-za-medicinski-otpad-5l-okrugli-1kom\/","name":"Spremnik za medicinski otpad 5L okrugli 1kom - MED.TATTOO","isPartOf":{"@id":"https:\/\/med.tattoo\/hr\/#website"},"primaryImageOfPage":{"@id":"https:\/\/med.tattoo\/hr\/proizvod\/spremnik-za-medicinski-otpad-5l-okrugli-1kom\/#primaryimage"},"image":{"@id":"https:\/\/med.tattoo\/hr\/proizvod\/spremnik-za-medicinski-otpad-5l-okrugli-1kom\/#primaryimage"},"thumbnailUrl":"https:\/\/med.tattoo\/wp-content\/uploads\/2025\/05\/2385_pojemnik-na-odpady-medyczne-5l-okragly-1szt_1744006887.jpg","datePublished":"2025-05-15T05:27:36+00:00","breadcrumb":{"@id":"https:\/\/med.tattoo\/hr\/proizvod\/spremnik-za-medicinski-otpad-5l-okrugli-1kom\/#breadcrumb"},"inLanguage":"hr","potentialAction":[{"@type":"ReadAction","target":["https:\/\/med.tattoo\/hr\/proizvod\/spremnik-za-medicinski-otpad-5l-okrugli-1kom\/"]}]},{"@type":"ImageObject","inLanguage":"hr","@id":"https:\/\/med.tattoo\/hr\/proizvod\/spremnik-za-medicinski-otpad-5l-okrugli-1kom\/#primaryimage","url":"https:\/\/med.tattoo\/wp-content\/uploads\/2025\/05\/2385_pojemnik-na-odpady-medyczne-5l-okragly-1szt_1744006887.jpg","contentUrl":"https:\/\/med.tattoo\/wp-content\/uploads\/2025\/05\/2385_pojemnik-na-odpady-medyczne-5l-okragly-1szt_1744006887.jpg","width":1077,"height":920},{"@type":"BreadcrumbList","@id":"https:\/\/med.tattoo\/hr\/proizvod\/spremnik-za-medicinski-otpad-5l-okrugli-1kom\/#breadcrumb","itemListElement":[{"@type":"ListItem","position":1,"name":"Strona G\u0142\u00f3wna","item":"https:\/\/med.tattoo\/hr\/"},{"@type":"ListItem","position":2,"name":"Trgovina","item":"https:\/\/med.tattoo\/hr\/shop\/"},{"@type":"ListItem","position":3,"name":"Spremnik za medicinski otpad 5L okrugli 1kom"}]},{"@type":"WebSite","@id":"https:\/\/med.tattoo\/hr\/#website","url":"https:\/\/med.tattoo\/hr\/","name":"MED.TATTOO","description":"Wszystko dla Twojego tatua\u017cu","publisher":{"@id":"https:\/\/med.tattoo\/hr\/#organization"},"potentialAction":[{"@type":"SearchAction","target":{"@type":"EntryPoint","urlTemplate":"https:\/\/med.tattoo\/hr\/?s={search_term_string}"},"query-input":{"@type":"PropertyValueSpecification","valueRequired":true,"valueName":"search_term_string"}}],"inLanguage":"hr"},{"@type":"Organization","@id":"https:\/\/med.tattoo\/hr\/#organization","name":"MED.TATTOO","url":"https:\/\/med.tattoo\/hr\/","logo":{"@type":"ImageObject","inLanguage":"hr","@id":"https:\/\/med.tattoo\/hr\/#\/schema\/logo\/image\/","url":"https:\/\/med.tattoo\/wp-content\/uploads\/2025\/05\/Bez-tytulu-600S300-px-1-e1658908183800.png","contentUrl":"https:\/\/med.tattoo\/wp-content\/uploads\/2025\/05\/Bez-tytulu-600S300-px-1-e1658908183800.png","width":600,"height":61,"caption":"MED.TATTOO"},"image":{"@id":"https:\/\/med.tattoo\/hr\/#\/schema\/logo\/image\/"},"sameAs":["https:\/\/www.facebook.com\/profile.php?id=100084366705613","https:\/\/www.instagram.com\/med.tattoo_official\/"]}]}},"_links":{"self":[{"href":"https:\/\/med.tattoo\/hr\/wp-json\/wp\/v2\/product\/9484","targetHints":{"allow":["GET"]}}],"collection":[{"href":"https:\/\/med.tattoo\/hr\/wp-json\/wp\/v2\/product"}],"about":[{"href":"https:\/\/med.tattoo\/hr\/wp-json\/wp\/v2\/types\/product"}],"replies":[{"embeddable":true,"href":"https:\/\/med.tattoo\/hr\/wp-json\/wp\/v2\/comments?post=9484"}],"wp:featuredmedia":[{"embeddable":true,"href":"https:\/\/med.tattoo\/hr\/wp-json\/wp\/v2\/media\/7833"}],"wp:attachment":[{"href":"https:\/\/med.tattoo\/hr\/wp-json\/wp\/v2\/media?parent=9484"}],"wp:term":[{"taxonomy":"product_brand","embeddable":true,"href":"https:\/\/med.tattoo\/hr\/wp-json\/wp\/v2\/product_brand?post=9484"},{"taxonomy":"product_cat","embeddable":true,"href":"https:\/\/med.tattoo\/hr\/wp-json\/wp\/v2\/product_cat?post=9484"},{"taxonomy":"product_tag","embeddable":true,"href":"https:\/\/med.tattoo\/hr\/wp-json\/wp\/v2\/product_tag?post=9484"}],"curies":[{"name":"wp","href":"https:\/\/api.w.org\/{rel}","templated":true}]}}