{"id":9502,"date":"2025-05-15T07:16:57","date_gmt":"2025-05-15T05:16:57","guid":{"rendered":"https:\/\/med.tattoo\/produkt\/kirurski-medicinski-troslojni-s-elasticnom-trakom-50kom-tip-ii-crni\/"},"modified":"2025-05-15T07:16:57","modified_gmt":"2025-05-15T05:16:57","slug":"kirurski-medicinski-troslojni-s-elasticnom-trakom-50kom-tip-ii-crni","status":"publish","type":"product","link":"https:\/\/med.tattoo\/hr\/proizvod\/kirurski-medicinski-troslojni-s-elasticnom-trakom-50kom-tip-ii-crni\/","title":{"rendered":"Kirur\u0161ki, medicinski, troslojni, s elasti\u010dnom trakom, 50kom tip II crni"},"content":{"rendered":"<p>Profesionalna medicinska jednokratna 3-slojna maska za lice s elastikom za u\u0161i tipa II EN14683<\/p>\n<p>Namjena: Jednokratna medicinska maska koristi se za pokrivanje usta, nosa i \u010deljusti nositelja u uobi\u010dajenom medicinskom okru\u017eenju, blokiraju\u0107i usta i nosnu \u0161upljinu nositelja od izdisanja ili prskanja zaga\u0111iva\u010da.<\/p>\n<p>U\u010dinkovit i udoban, s brtvenim elementom koji se prilago\u0111ava nosu.<\/p>\n<p>Maska koja je u skladu sa sljede\u0107im standardima:<\/p>\n<p>EN 14683:2019<\/p>\n<p>BFE &gt; 98%<br \/>\nMikrobiolo\u0161ka \u010disto\u0107a (CFU) &lt;= 30 cfu\/g<br \/>\nDiferencijalni tlak (DP) &lt; 40 Pa\/cm2<\/p>\n<p>Upozorenja<\/p>\n<p>1. Prije upotrebe provjerite cjelovitost pakiranja. Provjerite naljepnicu, datum proizvodnje i vrijeme isteka kako biste bili sigurni da je proizvod valjan. <\/p>\n<p>2. Nemojte koristiti ako je pakiranje o\u0161te\u0107eno.<\/p>\n<p>3. Nemojte ponovno koristiti. Ponovna uporaba mo\u017ee uzrokovati unakrsnu kontaminaciju. <\/p>\n<p>4. Nemojte koristiti u invazivnom medicinskom okru\u017eenju ili okru\u017eenju koje sadr\u017ei \u0161tetne plinove\/pra\u0161inu;<\/p>\n<p>5. Nemojte koristiti ovaj proizvod u blizini izvora vatre. Nakon upotrebe mora se zbrinuti. <\/p>\n<p>6. Maksimalno vrijeme neprekidne uporabe ovog proizvoda ne smije biti dulje od 4 sata.<\/p>\n<p>7. Ako imate alergijske simptome kao \u0161to su svrbe\u017e i bol u uhu, prestanite koristiti ovaj proizvod.<\/p>\n<p>8. Ako nos, usta ili uho imaju ozljede na povr\u0161ini ko\u017ee koje \u0107e do\u0107i u dodir s ovim proizvodom tijekom uporabe, prvo se mora lije\u010diti.<\/p>\n<p>Upute za kori\u0161tenje:<\/p>\n<p>1. Otvorite vre\u0107icu i skinite masku.<\/p>\n<p>2. Rasklopite masku kako biste izbjegli dodirivanje unutra\u0161njosti maske rukom s obojenom stranom okrenutom od vas.<\/p>\n<p>3. Postavite rub s elasti\u010dnom trakom na vrhu. Objesite petlje oko u\u0161iju. <\/p>\n<p>4. Pritisnite remen kako biste masku pri\u010dvrstili na most nosa, a zatim dr\u017eite remen na nosu i povucite donji kraj maske do donje \u010deljusti.<\/p>\n<p>5. Podesite masku tako da prekriva skutu, od mosta nosa do donje \u010deljusti za najbolji za\u0161titni u\u010dinak.<\/p>\n<p>6. Ne dodirujte vanjsku stranu maske kada je skidate.<\/p>\n<p>7. Odlaganje se mora obaviti u skladu s lokalnim propisima o medicinskom otpadu.<\/p>\n<p>Skladi\u0161tenje: \u010cuvati u \u010distom, hladnom, suhom i prozra\u010denom prostoru bez plina.<\/p>\n<p>Rok trajanja: 2 godine<\/p>\n","protected":false},"excerpt":{"rendered":"<p>Profesionalna medicinska jednokratna 3-slojna maska za lice s elastikom za u\u0161i tipa II EN14683 Namjena: Jednokratna medicinska maska koristi se za pokrivanje usta, nosa i \u010deljusti nositelja u uobi\u010dajenom medicinskom okru\u017eenju, blokiraju\u0107i usta i nosnu \u0161upljinu nositelja od izdisanja ili prskanja zaga\u0111iva\u010da. U\u010dinkovit i udoban, s brtvenim elementom koji se prilago\u0111ava nosu. Maska koja je [&hellip;]<\/p>\n","protected":false},"featured_media":8538,"comment_status":"closed","ping_status":"open","template":"","meta":{"site-sidebar-layout":"default","site-content-layout":"","ast-site-content-layout":"default","site-content-style":"default","site-sidebar-style":"default","ast-global-header-display":"","ast-banner-title-visibility":"","ast-main-header-display":"","ast-hfb-above-header-display":"","ast-hfb-below-header-display":"","ast-hfb-mobile-header-display":"","site-post-title":"","ast-breadcrumbs-content":"","ast-featured-img":"","footer-sml-layout":"","ast-disable-related-posts":"","theme-transparent-header-meta":"","adv-header-id-meta":"","stick-header-meta":"","header-above-stick-meta":"","header-main-stick-meta":"","header-below-stick-meta":"","astra-migrate-meta-layouts":"default","ast-page-background-enabled":"default","ast-page-background-meta":{"desktop":{"background-color":"var(--ast-global-color-4)","background-image":"","background-repeat":"repeat","background-position":"center center","background-size":"auto","background-attachment":"scroll","background-type":"","background-media":"","overlay-type":"","overlay-color":"","overlay-opacity":"","overlay-gradient":""},"tablet":{"background-color":"","background-image":"","background-repeat":"repeat","background-position":"center center","background-size":"auto","background-attachment":"scroll","background-type":"","background-media":"","overlay-type":"","overlay-color":"","overlay-opacity":"","overlay-gradient":""},"mobile":{"background-color":"","background-image":"","background-repeat":"repeat","background-position":"center center","background-size":"auto","background-attachment":"scroll","background-type":"","background-media":"","overlay-type":"","overlay-color":"","overlay-opacity":"","overlay-gradient":""}},"ast-content-background-meta":{"desktop":{"background-color":"var(--ast-global-color-5)","background-image":"","background-repeat":"repeat","background-position":"center center","background-size":"auto","background-attachment":"scroll","background-type":"","background-media":"","overlay-type":"","overlay-color":"","overlay-opacity":"","overlay-gradient":""},"tablet":{"background-color":"var(--ast-global-color-5)","background-image":"","background-repeat":"repeat","background-position":"center center","background-size":"auto","background-attachment":"scroll","background-type":"","background-media":"","overlay-type":"","overlay-color":"","overlay-opacity":"","overlay-gradient":""},"mobile":{"background-color":"var(--ast-global-color-5)","background-image":"","background-repeat":"repeat","background-position":"center center","background-size":"auto","background-attachment":"scroll","background-type":"","background-media":"","overlay-type":"","overlay-color":"","overlay-opacity":"","overlay-gradient":""}}},"product_brand":[],"product_cat":[103],"product_tag":[],"class_list":{"0":"post-9502","1":"product","2":"type-product","3":"status-publish","4":"has-post-thumbnail","6":"product_cat-med-tattoo-hr","7":"desktop-align-left","8":"tablet-align-left","9":"mobile-align-left","10":"ast-product-gallery-layout-horizontal-slider","11":"ast-product-tabs-layout-distributed","13":"first","14":"instock","15":"purchasable","16":"product-type-simple"},"yoast_head":"<!-- This site is optimized with the Yoast SEO plugin v27.4 - https:\/\/yoast.com\/product\/yoast-seo-wordpress\/ -->\n<title>Kirur\u0161ki, medicinski, troslojni, s elasti\u010dnom trakom, 50kom tip II crni - MED.TATTOO<\/title>\n<meta name=\"robots\" content=\"index, follow, max-snippet:-1, max-image-preview:large, max-video-preview:-1\" \/>\n<link rel=\"canonical\" href=\"https:\/\/med.tattoo\/hr\/proizvod\/kirurski-medicinski-troslojni-s-elasticnom-trakom-50kom-tip-ii-crni\/\" \/>\n<meta property=\"og:locale\" content=\"hr_HR\" \/>\n<meta property=\"og:type\" content=\"article\" \/>\n<meta property=\"og:title\" content=\"Kirur\u0161ki, medicinski, troslojni, s elasti\u010dnom trakom, 50kom tip II crni - MED.TATTOO\" \/>\n<meta property=\"og:description\" content=\"Profesionalna medicinska jednokratna 3-slojna maska za lice s elastikom za u\u0161i tipa II EN14683 Namjena: Jednokratna medicinska maska koristi se za pokrivanje usta, nosa i \u010deljusti nositelja u uobi\u010dajenom medicinskom okru\u017eenju, blokiraju\u0107i usta i nosnu \u0161upljinu nositelja od izdisanja ili prskanja zaga\u0111iva\u010da. U\u010dinkovit i udoban, s brtvenim elementom koji se prilago\u0111ava nosu. Maska koja je [&hellip;]\" \/>\n<meta property=\"og:url\" content=\"https:\/\/med.tattoo\/hr\/proizvod\/kirurski-medicinski-troslojni-s-elasticnom-trakom-50kom-tip-ii-crni\/\" \/>\n<meta property=\"og:site_name\" content=\"MED.TATTOO\" \/>\n<meta property=\"article:publisher\" content=\"https:\/\/www.facebook.com\/profile.php?id=100084366705613\" \/>\n<meta name=\"twitter:card\" content=\"summary_large_image\" \/>\n<meta name=\"twitter:label1\" content=\"Procijenjeno vrijeme \u010ditanja\" \/>\n\t<meta name=\"twitter:data1\" content=\"2 minute\" \/>\n<script type=\"application\/ld+json\" class=\"yoast-schema-graph\">{\"@context\":\"https:\\\/\\\/schema.org\",\"@graph\":[{\"@type\":\"WebPage\",\"@id\":\"https:\\\/\\\/med.tattoo\\\/hr\\\/proizvod\\\/kirurski-medicinski-troslojni-s-elasticnom-trakom-50kom-tip-ii-crni\\\/\",\"url\":\"https:\\\/\\\/med.tattoo\\\/hr\\\/proizvod\\\/kirurski-medicinski-troslojni-s-elasticnom-trakom-50kom-tip-ii-crni\\\/\",\"name\":\"Kirur\u0161ki, medicinski, troslojni, s elasti\u010dnom trakom, 50kom tip II crni - MED.TATTOO\",\"isPartOf\":{\"@id\":\"https:\\\/\\\/med.tattoo\\\/hr\\\/#website\"},\"primaryImageOfPage\":{\"@id\":\"https:\\\/\\\/med.tattoo\\\/hr\\\/proizvod\\\/kirurski-medicinski-troslojni-s-elasticnom-trakom-50kom-tip-ii-crni\\\/#primaryimage\"},\"image\":{\"@id\":\"https:\\\/\\\/med.tattoo\\\/hr\\\/proizvod\\\/kirurski-medicinski-troslojni-s-elasticnom-trakom-50kom-tip-ii-crni\\\/#primaryimage\"},\"thumbnailUrl\":\"https:\\\/\\\/med.tattoo\\\/wp-content\\\/uploads\\\/2025\\\/05\\\/3131_maska-medyczna-trojwarstwowa-na-gumce-50szt-cza_1744006587.jpg\",\"datePublished\":\"2025-05-15T05:16:57+00:00\",\"breadcrumb\":{\"@id\":\"https:\\\/\\\/med.tattoo\\\/hr\\\/proizvod\\\/kirurski-medicinski-troslojni-s-elasticnom-trakom-50kom-tip-ii-crni\\\/#breadcrumb\"},\"inLanguage\":\"hr\",\"potentialAction\":[{\"@type\":\"ReadAction\",\"target\":[\"https:\\\/\\\/med.tattoo\\\/hr\\\/proizvod\\\/kirurski-medicinski-troslojni-s-elasticnom-trakom-50kom-tip-ii-crni\\\/\"]}]},{\"@type\":\"ImageObject\",\"inLanguage\":\"hr\",\"@id\":\"https:\\\/\\\/med.tattoo\\\/hr\\\/proizvod\\\/kirurski-medicinski-troslojni-s-elasticnom-trakom-50kom-tip-ii-crni\\\/#primaryimage\",\"url\":\"https:\\\/\\\/med.tattoo\\\/wp-content\\\/uploads\\\/2025\\\/05\\\/3131_maska-medyczna-trojwarstwowa-na-gumce-50szt-cza_1744006587.jpg\",\"contentUrl\":\"https:\\\/\\\/med.tattoo\\\/wp-content\\\/uploads\\\/2025\\\/05\\\/3131_maska-medyczna-trojwarstwowa-na-gumce-50szt-cza_1744006587.jpg\",\"width\":1750,\"height\":931},{\"@type\":\"BreadcrumbList\",\"@id\":\"https:\\\/\\\/med.tattoo\\\/hr\\\/proizvod\\\/kirurski-medicinski-troslojni-s-elasticnom-trakom-50kom-tip-ii-crni\\\/#breadcrumb\",\"itemListElement\":[{\"@type\":\"ListItem\",\"position\":1,\"name\":\"Strona G\u0142\u00f3wna\",\"item\":\"https:\\\/\\\/med.tattoo\\\/hr\\\/\"},{\"@type\":\"ListItem\",\"position\":2,\"name\":\"Trgovina\",\"item\":\"https:\\\/\\\/med.tattoo\\\/hr\\\/shop\\\/\"},{\"@type\":\"ListItem\",\"position\":3,\"name\":\"Kirur\u0161ki, medicinski, troslojni, s elasti\u010dnom trakom, 50kom tip II crni\"}]},{\"@type\":\"WebSite\",\"@id\":\"https:\\\/\\\/med.tattoo\\\/hr\\\/#website\",\"url\":\"https:\\\/\\\/med.tattoo\\\/hr\\\/\",\"name\":\"MED.TATTOO\",\"description\":\"Wszystko dla Twojego tatua\u017cu\",\"publisher\":{\"@id\":\"https:\\\/\\\/med.tattoo\\\/hr\\\/#organization\"},\"potentialAction\":[{\"@type\":\"SearchAction\",\"target\":{\"@type\":\"EntryPoint\",\"urlTemplate\":\"https:\\\/\\\/med.tattoo\\\/hr\\\/?s={search_term_string}\"},\"query-input\":{\"@type\":\"PropertyValueSpecification\",\"valueRequired\":true,\"valueName\":\"search_term_string\"}}],\"inLanguage\":\"hr\"},{\"@type\":\"Organization\",\"@id\":\"https:\\\/\\\/med.tattoo\\\/hr\\\/#organization\",\"name\":\"MED.TATTOO\",\"url\":\"https:\\\/\\\/med.tattoo\\\/hr\\\/\",\"logo\":{\"@type\":\"ImageObject\",\"inLanguage\":\"hr\",\"@id\":\"https:\\\/\\\/med.tattoo\\\/hr\\\/#\\\/schema\\\/logo\\\/image\\\/\",\"url\":\"https:\\\/\\\/med.tattoo\\\/wp-content\\\/uploads\\\/2025\\\/05\\\/Bez-tytulu-600S300-px-1-e1658908183800.png\",\"contentUrl\":\"https:\\\/\\\/med.tattoo\\\/wp-content\\\/uploads\\\/2025\\\/05\\\/Bez-tytulu-600S300-px-1-e1658908183800.png\",\"width\":600,\"height\":61,\"caption\":\"MED.TATTOO\"},\"image\":{\"@id\":\"https:\\\/\\\/med.tattoo\\\/hr\\\/#\\\/schema\\\/logo\\\/image\\\/\"},\"sameAs\":[\"https:\\\/\\\/www.facebook.com\\\/profile.php?id=100084366705613\",\"https:\\\/\\\/www.instagram.com\\\/med.tattoo_official\\\/\"]}]}<\/script>\n<!-- \/ Yoast SEO plugin. -->","yoast_head_json":{"title":"Kirur\u0161ki, medicinski, troslojni, s elasti\u010dnom trakom, 50kom tip II crni - MED.TATTOO","robots":{"index":"index","follow":"follow","max-snippet":"max-snippet:-1","max-image-preview":"max-image-preview:large","max-video-preview":"max-video-preview:-1"},"canonical":"https:\/\/med.tattoo\/hr\/proizvod\/kirurski-medicinski-troslojni-s-elasticnom-trakom-50kom-tip-ii-crni\/","og_locale":"hr_HR","og_type":"article","og_title":"Kirur\u0161ki, medicinski, troslojni, s elasti\u010dnom trakom, 50kom tip II crni - MED.TATTOO","og_description":"Profesionalna medicinska jednokratna 3-slojna maska za lice s elastikom za u\u0161i tipa II EN14683 Namjena: Jednokratna medicinska maska koristi se za pokrivanje usta, nosa i \u010deljusti nositelja u uobi\u010dajenom medicinskom okru\u017eenju, blokiraju\u0107i usta i nosnu \u0161upljinu nositelja od izdisanja ili prskanja zaga\u0111iva\u010da. U\u010dinkovit i udoban, s brtvenim elementom koji se prilago\u0111ava nosu. Maska koja je [&hellip;]","og_url":"https:\/\/med.tattoo\/hr\/proizvod\/kirurski-medicinski-troslojni-s-elasticnom-trakom-50kom-tip-ii-crni\/","og_site_name":"MED.TATTOO","article_publisher":"https:\/\/www.facebook.com\/profile.php?id=100084366705613","twitter_card":"summary_large_image","twitter_misc":{"Procijenjeno vrijeme \u010ditanja":"2 minute"},"schema":{"@context":"https:\/\/schema.org","@graph":[{"@type":"WebPage","@id":"https:\/\/med.tattoo\/hr\/proizvod\/kirurski-medicinski-troslojni-s-elasticnom-trakom-50kom-tip-ii-crni\/","url":"https:\/\/med.tattoo\/hr\/proizvod\/kirurski-medicinski-troslojni-s-elasticnom-trakom-50kom-tip-ii-crni\/","name":"Kirur\u0161ki, medicinski, troslojni, s elasti\u010dnom trakom, 50kom tip II crni - MED.TATTOO","isPartOf":{"@id":"https:\/\/med.tattoo\/hr\/#website"},"primaryImageOfPage":{"@id":"https:\/\/med.tattoo\/hr\/proizvod\/kirurski-medicinski-troslojni-s-elasticnom-trakom-50kom-tip-ii-crni\/#primaryimage"},"image":{"@id":"https:\/\/med.tattoo\/hr\/proizvod\/kirurski-medicinski-troslojni-s-elasticnom-trakom-50kom-tip-ii-crni\/#primaryimage"},"thumbnailUrl":"https:\/\/med.tattoo\/wp-content\/uploads\/2025\/05\/3131_maska-medyczna-trojwarstwowa-na-gumce-50szt-cza_1744006587.jpg","datePublished":"2025-05-15T05:16:57+00:00","breadcrumb":{"@id":"https:\/\/med.tattoo\/hr\/proizvod\/kirurski-medicinski-troslojni-s-elasticnom-trakom-50kom-tip-ii-crni\/#breadcrumb"},"inLanguage":"hr","potentialAction":[{"@type":"ReadAction","target":["https:\/\/med.tattoo\/hr\/proizvod\/kirurski-medicinski-troslojni-s-elasticnom-trakom-50kom-tip-ii-crni\/"]}]},{"@type":"ImageObject","inLanguage":"hr","@id":"https:\/\/med.tattoo\/hr\/proizvod\/kirurski-medicinski-troslojni-s-elasticnom-trakom-50kom-tip-ii-crni\/#primaryimage","url":"https:\/\/med.tattoo\/wp-content\/uploads\/2025\/05\/3131_maska-medyczna-trojwarstwowa-na-gumce-50szt-cza_1744006587.jpg","contentUrl":"https:\/\/med.tattoo\/wp-content\/uploads\/2025\/05\/3131_maska-medyczna-trojwarstwowa-na-gumce-50szt-cza_1744006587.jpg","width":1750,"height":931},{"@type":"BreadcrumbList","@id":"https:\/\/med.tattoo\/hr\/proizvod\/kirurski-medicinski-troslojni-s-elasticnom-trakom-50kom-tip-ii-crni\/#breadcrumb","itemListElement":[{"@type":"ListItem","position":1,"name":"Strona G\u0142\u00f3wna","item":"https:\/\/med.tattoo\/hr\/"},{"@type":"ListItem","position":2,"name":"Trgovina","item":"https:\/\/med.tattoo\/hr\/shop\/"},{"@type":"ListItem","position":3,"name":"Kirur\u0161ki, medicinski, troslojni, s elasti\u010dnom trakom, 50kom tip II crni"}]},{"@type":"WebSite","@id":"https:\/\/med.tattoo\/hr\/#website","url":"https:\/\/med.tattoo\/hr\/","name":"MED.TATTOO","description":"Wszystko dla Twojego tatua\u017cu","publisher":{"@id":"https:\/\/med.tattoo\/hr\/#organization"},"potentialAction":[{"@type":"SearchAction","target":{"@type":"EntryPoint","urlTemplate":"https:\/\/med.tattoo\/hr\/?s={search_term_string}"},"query-input":{"@type":"PropertyValueSpecification","valueRequired":true,"valueName":"search_term_string"}}],"inLanguage":"hr"},{"@type":"Organization","@id":"https:\/\/med.tattoo\/hr\/#organization","name":"MED.TATTOO","url":"https:\/\/med.tattoo\/hr\/","logo":{"@type":"ImageObject","inLanguage":"hr","@id":"https:\/\/med.tattoo\/hr\/#\/schema\/logo\/image\/","url":"https:\/\/med.tattoo\/wp-content\/uploads\/2025\/05\/Bez-tytulu-600S300-px-1-e1658908183800.png","contentUrl":"https:\/\/med.tattoo\/wp-content\/uploads\/2025\/05\/Bez-tytulu-600S300-px-1-e1658908183800.png","width":600,"height":61,"caption":"MED.TATTOO"},"image":{"@id":"https:\/\/med.tattoo\/hr\/#\/schema\/logo\/image\/"},"sameAs":["https:\/\/www.facebook.com\/profile.php?id=100084366705613","https:\/\/www.instagram.com\/med.tattoo_official\/"]}]}},"_links":{"self":[{"href":"https:\/\/med.tattoo\/hr\/wp-json\/wp\/v2\/product\/9502","targetHints":{"allow":["GET"]}}],"collection":[{"href":"https:\/\/med.tattoo\/hr\/wp-json\/wp\/v2\/product"}],"about":[{"href":"https:\/\/med.tattoo\/hr\/wp-json\/wp\/v2\/types\/product"}],"replies":[{"embeddable":true,"href":"https:\/\/med.tattoo\/hr\/wp-json\/wp\/v2\/comments?post=9502"}],"wp:featuredmedia":[{"embeddable":true,"href":"https:\/\/med.tattoo\/hr\/wp-json\/wp\/v2\/media\/8538"}],"wp:attachment":[{"href":"https:\/\/med.tattoo\/hr\/wp-json\/wp\/v2\/media?parent=9502"}],"wp:term":[{"taxonomy":"product_brand","embeddable":true,"href":"https:\/\/med.tattoo\/hr\/wp-json\/wp\/v2\/product_brand?post=9502"},{"taxonomy":"product_cat","embeddable":true,"href":"https:\/\/med.tattoo\/hr\/wp-json\/wp\/v2\/product_cat?post=9502"},{"taxonomy":"product_tag","embeddable":true,"href":"https:\/\/med.tattoo\/hr\/wp-json\/wp\/v2\/product_tag?post=9502"}],"curies":[{"name":"wp","href":"https:\/\/api.w.org\/{rel}","templated":true}]}}