{"id":9583,"date":"2025-05-15T07:39:29","date_gmt":"2025-05-15T05:39:29","guid":{"rendered":"https:\/\/med.tattoo\/produkt\/kohezivna-traka-75-cm-45-m-1-kom-plava-elasticna-samoljepljiva\/"},"modified":"2025-05-15T07:39:29","modified_gmt":"2025-05-15T05:39:29","slug":"kohezivna-traka-75-cm-45-m-1-kom-plava-elasticna-samoljepljiva","status":"publish","type":"product","link":"https:\/\/med.tattoo\/hr\/proizvod\/kohezivna-traka-75-cm-45-m-1-kom-plava-elasticna-samoljepljiva\/","title":{"rendered":"Kohezivna traka 7,5 cm * 4,5 m 1 kom plava elasti\u010dna samoljepljiva"},"content":{"rendered":"<p>Zavoj je elasti\u010dna traka (odr\u017eava stalnu napetost) s kohezivnom strukturom (samoljepljiva, lijepi se samo za sebe). Na\u0161 elasti\u010dni zavoj izra\u0111en je od laganog, prozra\u010dnog i izdr\u017eljivog materijala koji je ugodan za ko\u017eu. \u017deljeni stupanj kompresije posti\u017ee se u trenutku primjene. Ne zahtijeva upotrebu dodatnih kop\u010di za pri\u010dvr\u0161\u0107ivanje ili \u017ebuka. Duljina zavoja mo\u017ee se podesiti bez upotrebe \u0161kara. Nakon uklanjanja ne ostavlja tragove. Elasti\u010dni zavoj pogodan je za neravne povr\u0161ine zbog svojih svojstava. Sprje\u010dava pregrijavanje, omogu\u0107uje ko\u017ei da di\u0161e &#8211; propusan je za vodenu paru i zrak. Pru\u017ea udobnost i prakti\u010dnost tijekom uporabe.        <\/p>\n<p>U proizvodnji elasti\u010dnih zavoja usredoto\u010deni smo na suvremene tehnologije i inovativna rje\u0161enja kako bismo osigurali da kvaliteta ponu\u0111enih proizvoda bude \u0161to vi\u0161a.<\/p>\n<p>Zavoj je dostupan u mnogim bojama i veli\u010dinama.<\/p>\n<p>Traka je izvrsna za\u0161tita za zavoj &#8211; dr\u017ei ga stabilno bez rizika od pomicanja. Savr\u0161en je za upotrebu nakon ozljeda.  Tako\u0111er se koristi za izradu traka za laktove, zglobove, stopala i koljena. Elasti\u010dni zavoj koristi se i kao dodatna za\u0161tita za za\u0161titnike. Kontrolom sile pritiska, elasti\u010dni zavoj mo\u017ee se koristiti kao kompresijski zavoj za bolesti vena donjih udova. Zahvaljuju\u0107i brzom i jednostavnom nano\u0161enju, na\u0161 elasti\u010dni zavoj mo\u017ee se koristiti i za za\u0161titu tetova\u017ea, trajne \u0161minke i drugih medicinskih ure\u0111aja.   <\/p>\n<p>Na\u0161 zavoj odli\u010dno funkcionira u veterinarskoj medicini jer se ne lijepi za dlaku.<br \/>\nPrimjena:<br \/>\n Koristi se za izradu traka za lakat, zglob, koljena, stopala.<br \/>\nProizvod se naj\u010de\u0161\u0107e koristi kao podloga za flastere, zamjenjuju\u0107i laganu spu\u017evu, dodatno pru\u017eaju\u0107i stabilizaciju ovog podru\u010dja.<br \/>\nKoristi se kao dodatna za\u0161tita ispod za\u0161titnika.<br \/>\nTako\u0111er je koristan na mjestima \u010destih zavoja, npr. zglobova.<br \/>\nProizvod se koristi u sportskom snimanju. Poma\u017ee u pobolj\u0161anju prianjanja kinezio flastera \u2013 stoga se preporu\u010duje kori\u0161tenje kako bi se pove\u0107ala izdr\u017eljivost i udobnost no\u0161enja traka.<br \/>\nZavoj je elasti\u010dan, \u0161to ga \u010dini idealnim za nano\u0161enje na podru\u010dja ko\u017ee izlo\u017eena ve\u0107em znojenju (npr. \u0161ake ili tabani). Proizvod ne \u010dini da osje\u0107ate nelagodu, ve\u0107 samo udobnost uzrokovanu upotrebom proizvoda.<br \/>\nMo\u017ee se koristiti kao kompresijski i za\u0161titni zavoj za bolesti vena donjih udova \u2013 sprje\u010dava i lije\u010di ozljede mi\u0161i\u0107a, tetiva i ligamenata.<br \/>\nTako\u0111er se koristi kao djelomi\u010dna imobilizacija u slu\u010daju uganu\u0107a, za pri\u010dvr\u0161\u0107ivanje raznih obloga, udlaga i hladnih i toplih obloga, u slu\u010daju oticanja udova zbog zatajenja cirkulacije, za nano\u0161enje obloga.<br \/>\nPrednosti zavoja:<br \/>\nbrzo i jednostavno nano\u0161enje<br \/>\nne &#8220;prianja&#8221; za ko\u017eu, odje\u0107u, odijevanje<br \/>\nSamoljepljive<br \/>\nsprje\u010dava pregrijavanje i omogu\u0107uje ko\u017ei da di\u0161e<br \/>\nfleksibilan<br \/>\nZavoj se lako uklanja<br \/>\nne ostavlja tragove nakon uklanjanja<br \/>\npropusna za vodenu paru i zrak<br \/>\nkohezivna (lijepi se za sebe) i neklizaju\u0107a<br \/>\nne zahtijeva upotrebu kop\u010di ili flastera<br \/>\npru\u017ea udobnost i prakti\u010dnost kori\u0161tenja<br \/>\nodr\u017eava stalnu napetost (ne popu\u0161ta nakon nano\u0161enja)<br \/>\ndosljedan s obje strane<br \/>\n\u017deljene dijelove mo\u017eete jednostavno i slobodno odvojiti tako da ih otkinete<br \/>\nomogu\u0107uje vam kontrolu sile pritiska<br \/>\nu mnogim veselim bojama i uzorcima i nekoliko veli\u010dina<\/p>\n","protected":false},"excerpt":{"rendered":"<p>Zavoj je elasti\u010dna traka (odr\u017eava stalnu napetost) s kohezivnom strukturom (samoljepljiva, lijepi se samo za sebe). Na\u0161 elasti\u010dni zavoj izra\u0111en je od laganog, prozra\u010dnog i izdr\u017eljivog materijala koji je ugodan za ko\u017eu. \u017deljeni stupanj kompresije posti\u017ee se u trenutku primjene. Ne zahtijeva upotrebu dodatnih kop\u010di za pri\u010dvr\u0161\u0107ivanje ili \u017ebuka. Duljina zavoja mo\u017ee se podesiti bez [&hellip;]<\/p>\n","protected":false},"featured_media":8384,"comment_status":"closed","ping_status":"open","template":"","meta":{"site-sidebar-layout":"default","site-content-layout":"","ast-site-content-layout":"default","site-content-style":"default","site-sidebar-style":"default","ast-global-header-display":"","ast-banner-title-visibility":"","ast-main-header-display":"","ast-hfb-above-header-display":"","ast-hfb-below-header-display":"","ast-hfb-mobile-header-display":"","site-post-title":"","ast-breadcrumbs-content":"","ast-featured-img":"","footer-sml-layout":"","ast-disable-related-posts":"","theme-transparent-header-meta":"","adv-header-id-meta":"","stick-header-meta":"","header-above-stick-meta":"","header-main-stick-meta":"","header-below-stick-meta":"","astra-migrate-meta-layouts":"default","ast-page-background-enabled":"default","ast-page-background-meta":{"desktop":{"background-color":"var(--ast-global-color-4)","background-image":"","background-repeat":"repeat","background-position":"center center","background-size":"auto","background-attachment":"scroll","background-type":"","background-media":"","overlay-type":"","overlay-color":"","overlay-opacity":"","overlay-gradient":""},"tablet":{"background-color":"","background-image":"","background-repeat":"repeat","background-position":"center center","background-size":"auto","background-attachment":"scroll","background-type":"","background-media":"","overlay-type":"","overlay-color":"","overlay-opacity":"","overlay-gradient":""},"mobile":{"background-color":"","background-image":"","background-repeat":"repeat","background-position":"center center","background-size":"auto","background-attachment":"scroll","background-type":"","background-media":"","overlay-type":"","overlay-color":"","overlay-opacity":"","overlay-gradient":""}},"ast-content-background-meta":{"desktop":{"background-color":"var(--ast-global-color-5)","background-image":"","background-repeat":"repeat","background-position":"center center","background-size":"auto","background-attachment":"scroll","background-type":"","background-media":"","overlay-type":"","overlay-color":"","overlay-opacity":"","overlay-gradient":""},"tablet":{"background-color":"var(--ast-global-color-5)","background-image":"","background-repeat":"repeat","background-position":"center center","background-size":"auto","background-attachment":"scroll","background-type":"","background-media":"","overlay-type":"","overlay-color":"","overlay-opacity":"","overlay-gradient":""},"mobile":{"background-color":"var(--ast-global-color-5)","background-image":"","background-repeat":"repeat","background-position":"center center","background-size":"auto","background-attachment":"scroll","background-type":"","background-media":"","overlay-type":"","overlay-color":"","overlay-opacity":"","overlay-gradient":""}}},"product_brand":[],"product_cat":[103],"product_tag":[],"class_list":{"0":"post-9583","1":"product","2":"type-product","3":"status-publish","4":"has-post-thumbnail","6":"product_cat-med-tattoo-hr","7":"desktop-align-left","8":"tablet-align-left","9":"mobile-align-left","10":"ast-product-gallery-layout-horizontal-slider","11":"ast-product-gallery-with-no-image","12":"ast-product-tabs-layout-distributed","14":"first","15":"outofstock","16":"purchasable","17":"product-type-simple"},"yoast_head":"<!-- This site is optimized with the Yoast SEO plugin v27.3 - https:\/\/yoast.com\/product\/yoast-seo-wordpress\/ -->\n<title>Kohezivna traka 7,5 cm * 4,5 m 1 kom plava elasti\u010dna samoljepljiva - MED.TATTOO<\/title>\n<meta name=\"robots\" content=\"index, follow, max-snippet:-1, max-image-preview:large, max-video-preview:-1\" \/>\n<link rel=\"canonical\" href=\"https:\/\/med.tattoo\/hr\/proizvod\/kohezivna-traka-75-cm-45-m-1-kom-plava-elasticna-samoljepljiva\/\" \/>\n<meta property=\"og:locale\" content=\"hr_HR\" \/>\n<meta property=\"og:type\" content=\"article\" \/>\n<meta property=\"og:title\" content=\"Kohezivna traka 7,5 cm * 4,5 m 1 kom plava elasti\u010dna samoljepljiva - MED.TATTOO\" \/>\n<meta property=\"og:description\" content=\"Zavoj je elasti\u010dna traka (odr\u017eava stalnu napetost) s kohezivnom strukturom (samoljepljiva, lijepi se samo za sebe). Na\u0161 elasti\u010dni zavoj izra\u0111en je od laganog, prozra\u010dnog i izdr\u017eljivog materijala koji je ugodan za ko\u017eu. \u017deljeni stupanj kompresije posti\u017ee se u trenutku primjene. Ne zahtijeva upotrebu dodatnih kop\u010di za pri\u010dvr\u0161\u0107ivanje ili \u017ebuka. Duljina zavoja mo\u017ee se podesiti bez [&hellip;]\" \/>\n<meta property=\"og:url\" content=\"https:\/\/med.tattoo\/hr\/proizvod\/kohezivna-traka-75-cm-45-m-1-kom-plava-elasticna-samoljepljiva\/\" \/>\n<meta property=\"og:site_name\" content=\"MED.TATTOO\" \/>\n<meta property=\"article:publisher\" content=\"https:\/\/www.facebook.com\/profile.php?id=100084366705613\" \/>\n<meta name=\"twitter:card\" content=\"summary_large_image\" \/>\n<meta name=\"twitter:label1\" content=\"Procijenjeno vrijeme \u010ditanja\" \/>\n\t<meta name=\"twitter:data1\" content=\"3 minute\" \/>\n<script type=\"application\/ld+json\" class=\"yoast-schema-graph\">{\"@context\":\"https:\\\/\\\/schema.org\",\"@graph\":[{\"@type\":\"WebPage\",\"@id\":\"https:\\\/\\\/med.tattoo\\\/hr\\\/proizvod\\\/kohezivna-traka-75-cm-45-m-1-kom-plava-elasticna-samoljepljiva\\\/\",\"url\":\"https:\\\/\\\/med.tattoo\\\/hr\\\/proizvod\\\/kohezivna-traka-75-cm-45-m-1-kom-plava-elasticna-samoljepljiva\\\/\",\"name\":\"Kohezivna traka 7,5 cm * 4,5 m 1 kom plava elasti\u010dna samoljepljiva - MED.TATTOO\",\"isPartOf\":{\"@id\":\"https:\\\/\\\/med.tattoo\\\/hr\\\/#website\"},\"primaryImageOfPage\":{\"@id\":\"https:\\\/\\\/med.tattoo\\\/hr\\\/proizvod\\\/kohezivna-traka-75-cm-45-m-1-kom-plava-elasticna-samoljepljiva\\\/#primaryimage\"},\"image\":{\"@id\":\"https:\\\/\\\/med.tattoo\\\/hr\\\/proizvod\\\/kohezivna-traka-75-cm-45-m-1-kom-plava-elasticna-samoljepljiva\\\/#primaryimage\"},\"thumbnailUrl\":\"https:\\\/\\\/med.tattoo\\\/wp-content\\\/uploads\\\/2025\\\/05\\\/3094_opaska-kohezyjna-7-5cm-4-5m-1szt-blekitna-elastycz_1744006712.jpg\",\"datePublished\":\"2025-05-15T05:39:29+00:00\",\"breadcrumb\":{\"@id\":\"https:\\\/\\\/med.tattoo\\\/hr\\\/proizvod\\\/kohezivna-traka-75-cm-45-m-1-kom-plava-elasticna-samoljepljiva\\\/#breadcrumb\"},\"inLanguage\":\"hr\",\"potentialAction\":[{\"@type\":\"ReadAction\",\"target\":[\"https:\\\/\\\/med.tattoo\\\/hr\\\/proizvod\\\/kohezivna-traka-75-cm-45-m-1-kom-plava-elasticna-samoljepljiva\\\/\"]}]},{\"@type\":\"ImageObject\",\"inLanguage\":\"hr\",\"@id\":\"https:\\\/\\\/med.tattoo\\\/hr\\\/proizvod\\\/kohezivna-traka-75-cm-45-m-1-kom-plava-elasticna-samoljepljiva\\\/#primaryimage\",\"url\":\"https:\\\/\\\/med.tattoo\\\/wp-content\\\/uploads\\\/2025\\\/05\\\/3094_opaska-kohezyjna-7-5cm-4-5m-1szt-blekitna-elastycz_1744006712.jpg\",\"contentUrl\":\"https:\\\/\\\/med.tattoo\\\/wp-content\\\/uploads\\\/2025\\\/05\\\/3094_opaska-kohezyjna-7-5cm-4-5m-1szt-blekitna-elastycz_1744006712.jpg\",\"width\":832,\"height\":633},{\"@type\":\"BreadcrumbList\",\"@id\":\"https:\\\/\\\/med.tattoo\\\/hr\\\/proizvod\\\/kohezivna-traka-75-cm-45-m-1-kom-plava-elasticna-samoljepljiva\\\/#breadcrumb\",\"itemListElement\":[{\"@type\":\"ListItem\",\"position\":1,\"name\":\"Strona G\u0142\u00f3wna\",\"item\":\"https:\\\/\\\/med.tattoo\\\/hr\\\/\"},{\"@type\":\"ListItem\",\"position\":2,\"name\":\"Trgovina\",\"item\":\"https:\\\/\\\/med.tattoo\\\/hr\\\/shop\\\/\"},{\"@type\":\"ListItem\",\"position\":3,\"name\":\"Kohezivna traka 7,5 cm * 4,5 m 1 kom plava elasti\u010dna samoljepljiva\"}]},{\"@type\":\"WebSite\",\"@id\":\"https:\\\/\\\/med.tattoo\\\/hr\\\/#website\",\"url\":\"https:\\\/\\\/med.tattoo\\\/hr\\\/\",\"name\":\"MED.TATTOO\",\"description\":\"Wszystko dla Twojego tatua\u017cu\",\"publisher\":{\"@id\":\"https:\\\/\\\/med.tattoo\\\/hr\\\/#organization\"},\"potentialAction\":[{\"@type\":\"SearchAction\",\"target\":{\"@type\":\"EntryPoint\",\"urlTemplate\":\"https:\\\/\\\/med.tattoo\\\/hr\\\/?s={search_term_string}\"},\"query-input\":{\"@type\":\"PropertyValueSpecification\",\"valueRequired\":true,\"valueName\":\"search_term_string\"}}],\"inLanguage\":\"hr\"},{\"@type\":\"Organization\",\"@id\":\"https:\\\/\\\/med.tattoo\\\/hr\\\/#organization\",\"name\":\"MED.TATTOO\",\"url\":\"https:\\\/\\\/med.tattoo\\\/hr\\\/\",\"logo\":{\"@type\":\"ImageObject\",\"inLanguage\":\"hr\",\"@id\":\"https:\\\/\\\/med.tattoo\\\/hr\\\/#\\\/schema\\\/logo\\\/image\\\/\",\"url\":\"https:\\\/\\\/med.tattoo\\\/wp-content\\\/uploads\\\/2025\\\/05\\\/Bez-tytulu-600S300-px-1-e1658908183800.png\",\"contentUrl\":\"https:\\\/\\\/med.tattoo\\\/wp-content\\\/uploads\\\/2025\\\/05\\\/Bez-tytulu-600S300-px-1-e1658908183800.png\",\"width\":600,\"height\":61,\"caption\":\"MED.TATTOO\"},\"image\":{\"@id\":\"https:\\\/\\\/med.tattoo\\\/hr\\\/#\\\/schema\\\/logo\\\/image\\\/\"},\"sameAs\":[\"https:\\\/\\\/www.facebook.com\\\/profile.php?id=100084366705613\",\"https:\\\/\\\/www.instagram.com\\\/med.tattoo_official\\\/\"]}]}<\/script>\n<!-- \/ Yoast SEO plugin. -->","yoast_head_json":{"title":"Kohezivna traka 7,5 cm * 4,5 m 1 kom plava elasti\u010dna samoljepljiva - MED.TATTOO","robots":{"index":"index","follow":"follow","max-snippet":"max-snippet:-1","max-image-preview":"max-image-preview:large","max-video-preview":"max-video-preview:-1"},"canonical":"https:\/\/med.tattoo\/hr\/proizvod\/kohezivna-traka-75-cm-45-m-1-kom-plava-elasticna-samoljepljiva\/","og_locale":"hr_HR","og_type":"article","og_title":"Kohezivna traka 7,5 cm * 4,5 m 1 kom plava elasti\u010dna samoljepljiva - MED.TATTOO","og_description":"Zavoj je elasti\u010dna traka (odr\u017eava stalnu napetost) s kohezivnom strukturom (samoljepljiva, lijepi se samo za sebe). Na\u0161 elasti\u010dni zavoj izra\u0111en je od laganog, prozra\u010dnog i izdr\u017eljivog materijala koji je ugodan za ko\u017eu. \u017deljeni stupanj kompresije posti\u017ee se u trenutku primjene. Ne zahtijeva upotrebu dodatnih kop\u010di za pri\u010dvr\u0161\u0107ivanje ili \u017ebuka. Duljina zavoja mo\u017ee se podesiti bez [&hellip;]","og_url":"https:\/\/med.tattoo\/hr\/proizvod\/kohezivna-traka-75-cm-45-m-1-kom-plava-elasticna-samoljepljiva\/","og_site_name":"MED.TATTOO","article_publisher":"https:\/\/www.facebook.com\/profile.php?id=100084366705613","twitter_card":"summary_large_image","twitter_misc":{"Procijenjeno vrijeme \u010ditanja":"3 minute"},"schema":{"@context":"https:\/\/schema.org","@graph":[{"@type":"WebPage","@id":"https:\/\/med.tattoo\/hr\/proizvod\/kohezivna-traka-75-cm-45-m-1-kom-plava-elasticna-samoljepljiva\/","url":"https:\/\/med.tattoo\/hr\/proizvod\/kohezivna-traka-75-cm-45-m-1-kom-plava-elasticna-samoljepljiva\/","name":"Kohezivna traka 7,5 cm * 4,5 m 1 kom plava elasti\u010dna samoljepljiva - MED.TATTOO","isPartOf":{"@id":"https:\/\/med.tattoo\/hr\/#website"},"primaryImageOfPage":{"@id":"https:\/\/med.tattoo\/hr\/proizvod\/kohezivna-traka-75-cm-45-m-1-kom-plava-elasticna-samoljepljiva\/#primaryimage"},"image":{"@id":"https:\/\/med.tattoo\/hr\/proizvod\/kohezivna-traka-75-cm-45-m-1-kom-plava-elasticna-samoljepljiva\/#primaryimage"},"thumbnailUrl":"https:\/\/med.tattoo\/wp-content\/uploads\/2025\/05\/3094_opaska-kohezyjna-7-5cm-4-5m-1szt-blekitna-elastycz_1744006712.jpg","datePublished":"2025-05-15T05:39:29+00:00","breadcrumb":{"@id":"https:\/\/med.tattoo\/hr\/proizvod\/kohezivna-traka-75-cm-45-m-1-kom-plava-elasticna-samoljepljiva\/#breadcrumb"},"inLanguage":"hr","potentialAction":[{"@type":"ReadAction","target":["https:\/\/med.tattoo\/hr\/proizvod\/kohezivna-traka-75-cm-45-m-1-kom-plava-elasticna-samoljepljiva\/"]}]},{"@type":"ImageObject","inLanguage":"hr","@id":"https:\/\/med.tattoo\/hr\/proizvod\/kohezivna-traka-75-cm-45-m-1-kom-plava-elasticna-samoljepljiva\/#primaryimage","url":"https:\/\/med.tattoo\/wp-content\/uploads\/2025\/05\/3094_opaska-kohezyjna-7-5cm-4-5m-1szt-blekitna-elastycz_1744006712.jpg","contentUrl":"https:\/\/med.tattoo\/wp-content\/uploads\/2025\/05\/3094_opaska-kohezyjna-7-5cm-4-5m-1szt-blekitna-elastycz_1744006712.jpg","width":832,"height":633},{"@type":"BreadcrumbList","@id":"https:\/\/med.tattoo\/hr\/proizvod\/kohezivna-traka-75-cm-45-m-1-kom-plava-elasticna-samoljepljiva\/#breadcrumb","itemListElement":[{"@type":"ListItem","position":1,"name":"Strona G\u0142\u00f3wna","item":"https:\/\/med.tattoo\/hr\/"},{"@type":"ListItem","position":2,"name":"Trgovina","item":"https:\/\/med.tattoo\/hr\/shop\/"},{"@type":"ListItem","position":3,"name":"Kohezivna traka 7,5 cm * 4,5 m 1 kom plava elasti\u010dna samoljepljiva"}]},{"@type":"WebSite","@id":"https:\/\/med.tattoo\/hr\/#website","url":"https:\/\/med.tattoo\/hr\/","name":"MED.TATTOO","description":"Wszystko dla Twojego tatua\u017cu","publisher":{"@id":"https:\/\/med.tattoo\/hr\/#organization"},"potentialAction":[{"@type":"SearchAction","target":{"@type":"EntryPoint","urlTemplate":"https:\/\/med.tattoo\/hr\/?s={search_term_string}"},"query-input":{"@type":"PropertyValueSpecification","valueRequired":true,"valueName":"search_term_string"}}],"inLanguage":"hr"},{"@type":"Organization","@id":"https:\/\/med.tattoo\/hr\/#organization","name":"MED.TATTOO","url":"https:\/\/med.tattoo\/hr\/","logo":{"@type":"ImageObject","inLanguage":"hr","@id":"https:\/\/med.tattoo\/hr\/#\/schema\/logo\/image\/","url":"https:\/\/med.tattoo\/wp-content\/uploads\/2025\/05\/Bez-tytulu-600S300-px-1-e1658908183800.png","contentUrl":"https:\/\/med.tattoo\/wp-content\/uploads\/2025\/05\/Bez-tytulu-600S300-px-1-e1658908183800.png","width":600,"height":61,"caption":"MED.TATTOO"},"image":{"@id":"https:\/\/med.tattoo\/hr\/#\/schema\/logo\/image\/"},"sameAs":["https:\/\/www.facebook.com\/profile.php?id=100084366705613","https:\/\/www.instagram.com\/med.tattoo_official\/"]}]}},"_links":{"self":[{"href":"https:\/\/med.tattoo\/hr\/wp-json\/wp\/v2\/product\/9583","targetHints":{"allow":["GET"]}}],"collection":[{"href":"https:\/\/med.tattoo\/hr\/wp-json\/wp\/v2\/product"}],"about":[{"href":"https:\/\/med.tattoo\/hr\/wp-json\/wp\/v2\/types\/product"}],"replies":[{"embeddable":true,"href":"https:\/\/med.tattoo\/hr\/wp-json\/wp\/v2\/comments?post=9583"}],"wp:featuredmedia":[{"embeddable":true,"href":"https:\/\/med.tattoo\/hr\/wp-json\/wp\/v2\/media\/8384"}],"wp:attachment":[{"href":"https:\/\/med.tattoo\/hr\/wp-json\/wp\/v2\/media?parent=9583"}],"wp:term":[{"taxonomy":"product_brand","embeddable":true,"href":"https:\/\/med.tattoo\/hr\/wp-json\/wp\/v2\/product_brand?post=9583"},{"taxonomy":"product_cat","embeddable":true,"href":"https:\/\/med.tattoo\/hr\/wp-json\/wp\/v2\/product_cat?post=9583"},{"taxonomy":"product_tag","embeddable":true,"href":"https:\/\/med.tattoo\/hr\/wp-json\/wp\/v2\/product_tag?post=9583"}],"curies":[{"name":"wp","href":"https:\/\/api.w.org\/{rel}","templated":true}]}}