{"id":9622,"date":"2025-05-15T07:39:29","date_gmt":"2025-05-15T05:39:29","guid":{"rendered":"https:\/\/med.tattoo\/produkt\/kirurski-brijac-s-dvostrukom-ostricom-8-1kom\/"},"modified":"2025-05-15T07:39:29","modified_gmt":"2025-05-15T05:39:29","slug":"kirurski-brijac-s-dvostrukom-ostricom-8-1kom","status":"publish","type":"product","link":"https:\/\/med.tattoo\/hr\/proizvod\/kirurski-brijac-s-dvostrukom-ostricom-8-1kom\/","title":{"rendered":"Kirur\u0161ki brija\u010d. s dvostrukom o\u0161tricom 8% 1kom"},"content":{"rendered":"<p>Jednokratni brija\u010di s dvostrukom o\u0161tricom. Dr\u0161ka britvice izra\u0111ena je od plastike. Koriste se za uklanjanje dla\u010dica s tijela na vrlo prikladan i siguran na\u010din. Brija\u010di su nesterilni, ali i izra\u0111eni od visokokvalitetnog nehr\u0111aju\u0107eg \u010delika. Dvostruka o\u0161trica dovoljno je o\u0161tra da obrijano podru\u010dje u\u010dini vrlo glatkim. Jednokratni brija\u010di uglavnom se koriste za brijanje odre\u0111enih dijelova tijela neposredno prije medicinskih ili kozmeti\u010dkih zahvata. Tako\u0111er se koriste u ku\u0107anstvima. Brija\u010di su vrlo jednostavni za kori\u0161tenje, a tako\u0111er su iznimno udobni. Dvostruka o\u0161trica savr\u0161eno se prilago\u0111ava tijelu. Glave britvica za jednokratnu upotrebu u\u010dvr\u0161\u0107ene su plasti\u010dnim \u0161titnicima, tako da se ne\u0107e o\u0161tetiti tijekom transporta.         <\/p>\n","protected":false},"excerpt":{"rendered":"<p>Jednokratni brija\u010di s dvostrukom o\u0161tricom. Dr\u0161ka britvice izra\u0111ena je od plastike. Koriste se za uklanjanje dla\u010dica s tijela na vrlo prikladan i siguran na\u010din. Brija\u010di su nesterilni, ali i izra\u0111eni od visokokvalitetnog nehr\u0111aju\u0107eg \u010delika. Dvostruka o\u0161trica dovoljno je o\u0161tra da obrijano podru\u010dje u\u010dini vrlo glatkim. Jednokratni brija\u010di uglavnom se koriste za brijanje odre\u0111enih dijelova tijela [&hellip;]<\/p>\n","protected":false},"featured_media":8392,"comment_status":"closed","ping_status":"open","template":"","meta":{"site-sidebar-layout":"default","site-content-layout":"","ast-site-content-layout":"default","site-content-style":"default","site-sidebar-style":"default","ast-global-header-display":"","ast-banner-title-visibility":"","ast-main-header-display":"","ast-hfb-above-header-display":"","ast-hfb-below-header-display":"","ast-hfb-mobile-header-display":"","site-post-title":"","ast-breadcrumbs-content":"","ast-featured-img":"","footer-sml-layout":"","ast-disable-related-posts":"","theme-transparent-header-meta":"","adv-header-id-meta":"","stick-header-meta":"","header-above-stick-meta":"","header-main-stick-meta":"","header-below-stick-meta":"","astra-migrate-meta-layouts":"default","ast-page-background-enabled":"default","ast-page-background-meta":{"desktop":{"background-color":"var(--ast-global-color-4)","background-image":"","background-repeat":"repeat","background-position":"center center","background-size":"auto","background-attachment":"scroll","background-type":"","background-media":"","overlay-type":"","overlay-color":"","overlay-opacity":"","overlay-gradient":""},"tablet":{"background-color":"","background-image":"","background-repeat":"repeat","background-position":"center center","background-size":"auto","background-attachment":"scroll","background-type":"","background-media":"","overlay-type":"","overlay-color":"","overlay-opacity":"","overlay-gradient":""},"mobile":{"background-color":"","background-image":"","background-repeat":"repeat","background-position":"center center","background-size":"auto","background-attachment":"scroll","background-type":"","background-media":"","overlay-type":"","overlay-color":"","overlay-opacity":"","overlay-gradient":""}},"ast-content-background-meta":{"desktop":{"background-color":"var(--ast-global-color-5)","background-image":"","background-repeat":"repeat","background-position":"center center","background-size":"auto","background-attachment":"scroll","background-type":"","background-media":"","overlay-type":"","overlay-color":"","overlay-opacity":"","overlay-gradient":""},"tablet":{"background-color":"var(--ast-global-color-5)","background-image":"","background-repeat":"repeat","background-position":"center center","background-size":"auto","background-attachment":"scroll","background-type":"","background-media":"","overlay-type":"","overlay-color":"","overlay-opacity":"","overlay-gradient":""},"mobile":{"background-color":"var(--ast-global-color-5)","background-image":"","background-repeat":"repeat","background-position":"center center","background-size":"auto","background-attachment":"scroll","background-type":"","background-media":"","overlay-type":"","overlay-color":"","overlay-opacity":"","overlay-gradient":""}}},"product_brand":[],"product_cat":[103],"product_tag":[],"class_list":{"0":"post-9622","1":"product","2":"type-product","3":"status-publish","4":"has-post-thumbnail","6":"product_cat-med-tattoo-hr","7":"desktop-align-left","8":"tablet-align-left","9":"mobile-align-left","10":"ast-product-gallery-layout-horizontal-slider","11":"ast-product-gallery-with-no-image","12":"ast-product-tabs-layout-distributed","14":"first","15":"instock","16":"purchasable","17":"product-type-simple"},"yoast_head":"<!-- This site is optimized with the Yoast SEO plugin v27.4 - https:\/\/yoast.com\/product\/yoast-seo-wordpress\/ -->\n<title>Kirur\u0161ki brija\u010d. s dvostrukom o\u0161tricom 8% 1kom - MED.TATTOO<\/title>\n<meta name=\"robots\" content=\"index, follow, max-snippet:-1, max-image-preview:large, max-video-preview:-1\" \/>\n<link rel=\"canonical\" href=\"https:\/\/med.tattoo\/hr\/proizvod\/kirurski-brijac-s-dvostrukom-ostricom-8-1kom\/\" \/>\n<meta property=\"og:locale\" content=\"hr_HR\" \/>\n<meta property=\"og:type\" content=\"article\" \/>\n<meta property=\"og:title\" content=\"Kirur\u0161ki brija\u010d. s dvostrukom o\u0161tricom 8% 1kom - MED.TATTOO\" \/>\n<meta property=\"og:description\" content=\"Jednokratni brija\u010di s dvostrukom o\u0161tricom. Dr\u0161ka britvice izra\u0111ena je od plastike. Koriste se za uklanjanje dla\u010dica s tijela na vrlo prikladan i siguran na\u010din. Brija\u010di su nesterilni, ali i izra\u0111eni od visokokvalitetnog nehr\u0111aju\u0107eg \u010delika. Dvostruka o\u0161trica dovoljno je o\u0161tra da obrijano podru\u010dje u\u010dini vrlo glatkim. Jednokratni brija\u010di uglavnom se koriste za brijanje odre\u0111enih dijelova tijela [&hellip;]\" \/>\n<meta property=\"og:url\" content=\"https:\/\/med.tattoo\/hr\/proizvod\/kirurski-brijac-s-dvostrukom-ostricom-8-1kom\/\" \/>\n<meta property=\"og:site_name\" content=\"MED.TATTOO\" \/>\n<meta property=\"article:publisher\" content=\"https:\/\/www.facebook.com\/profile.php?id=100084366705613\" \/>\n<meta name=\"twitter:card\" content=\"summary_large_image\" \/>\n<meta name=\"twitter:label1\" content=\"Procijenjeno vrijeme \u010ditanja\" \/>\n\t<meta name=\"twitter:data1\" content=\"1 minuta\" \/>\n<script type=\"application\/ld+json\" class=\"yoast-schema-graph\">{\"@context\":\"https:\\\/\\\/schema.org\",\"@graph\":[{\"@type\":\"WebPage\",\"@id\":\"https:\\\/\\\/med.tattoo\\\/hr\\\/proizvod\\\/kirurski-brijac-s-dvostrukom-ostricom-8-1kom\\\/\",\"url\":\"https:\\\/\\\/med.tattoo\\\/hr\\\/proizvod\\\/kirurski-brijac-s-dvostrukom-ostricom-8-1kom\\\/\",\"name\":\"Kirur\u0161ki brija\u010d. s dvostrukom o\u0161tricom 8% 1kom - MED.TATTOO\",\"isPartOf\":{\"@id\":\"https:\\\/\\\/med.tattoo\\\/hr\\\/#website\"},\"primaryImageOfPage\":{\"@id\":\"https:\\\/\\\/med.tattoo\\\/hr\\\/proizvod\\\/kirurski-brijac-s-dvostrukom-ostricom-8-1kom\\\/#primaryimage\"},\"image\":{\"@id\":\"https:\\\/\\\/med.tattoo\\\/hr\\\/proizvod\\\/kirurski-brijac-s-dvostrukom-ostricom-8-1kom\\\/#primaryimage\"},\"thumbnailUrl\":\"https:\\\/\\\/med.tattoo\\\/wp-content\\\/uploads\\\/2025\\\/05\\\/130_golarka-j.u.-chirurgiczna.-z-podwojnym-ostrz-8-_1742990450.png\",\"datePublished\":\"2025-05-15T05:39:29+00:00\",\"breadcrumb\":{\"@id\":\"https:\\\/\\\/med.tattoo\\\/hr\\\/proizvod\\\/kirurski-brijac-s-dvostrukom-ostricom-8-1kom\\\/#breadcrumb\"},\"inLanguage\":\"hr\",\"potentialAction\":[{\"@type\":\"ReadAction\",\"target\":[\"https:\\\/\\\/med.tattoo\\\/hr\\\/proizvod\\\/kirurski-brijac-s-dvostrukom-ostricom-8-1kom\\\/\"]}]},{\"@type\":\"ImageObject\",\"inLanguage\":\"hr\",\"@id\":\"https:\\\/\\\/med.tattoo\\\/hr\\\/proizvod\\\/kirurski-brijac-s-dvostrukom-ostricom-8-1kom\\\/#primaryimage\",\"url\":\"https:\\\/\\\/med.tattoo\\\/wp-content\\\/uploads\\\/2025\\\/05\\\/130_golarka-j.u.-chirurgiczna.-z-podwojnym-ostrz-8-_1742990450.png\",\"contentUrl\":\"https:\\\/\\\/med.tattoo\\\/wp-content\\\/uploads\\\/2025\\\/05\\\/130_golarka-j.u.-chirurgiczna.-z-podwojnym-ostrz-8-_1742990450.png\",\"width\":407,\"height\":375},{\"@type\":\"BreadcrumbList\",\"@id\":\"https:\\\/\\\/med.tattoo\\\/hr\\\/proizvod\\\/kirurski-brijac-s-dvostrukom-ostricom-8-1kom\\\/#breadcrumb\",\"itemListElement\":[{\"@type\":\"ListItem\",\"position\":1,\"name\":\"Strona G\u0142\u00f3wna\",\"item\":\"https:\\\/\\\/med.tattoo\\\/hr\\\/\"},{\"@type\":\"ListItem\",\"position\":2,\"name\":\"Trgovina\",\"item\":\"https:\\\/\\\/med.tattoo\\\/hr\\\/shop\\\/\"},{\"@type\":\"ListItem\",\"position\":3,\"name\":\"Kirur\u0161ki brija\u010d. s dvostrukom o\u0161tricom 8% 1kom\"}]},{\"@type\":\"WebSite\",\"@id\":\"https:\\\/\\\/med.tattoo\\\/hr\\\/#website\",\"url\":\"https:\\\/\\\/med.tattoo\\\/hr\\\/\",\"name\":\"MED.TATTOO\",\"description\":\"Wszystko dla Twojego tatua\u017cu\",\"publisher\":{\"@id\":\"https:\\\/\\\/med.tattoo\\\/hr\\\/#organization\"},\"potentialAction\":[{\"@type\":\"SearchAction\",\"target\":{\"@type\":\"EntryPoint\",\"urlTemplate\":\"https:\\\/\\\/med.tattoo\\\/hr\\\/?s={search_term_string}\"},\"query-input\":{\"@type\":\"PropertyValueSpecification\",\"valueRequired\":true,\"valueName\":\"search_term_string\"}}],\"inLanguage\":\"hr\"},{\"@type\":\"Organization\",\"@id\":\"https:\\\/\\\/med.tattoo\\\/hr\\\/#organization\",\"name\":\"MED.TATTOO\",\"url\":\"https:\\\/\\\/med.tattoo\\\/hr\\\/\",\"logo\":{\"@type\":\"ImageObject\",\"inLanguage\":\"hr\",\"@id\":\"https:\\\/\\\/med.tattoo\\\/hr\\\/#\\\/schema\\\/logo\\\/image\\\/\",\"url\":\"https:\\\/\\\/med.tattoo\\\/wp-content\\\/uploads\\\/2025\\\/05\\\/Bez-tytulu-600S300-px-1-e1658908183800.png\",\"contentUrl\":\"https:\\\/\\\/med.tattoo\\\/wp-content\\\/uploads\\\/2025\\\/05\\\/Bez-tytulu-600S300-px-1-e1658908183800.png\",\"width\":600,\"height\":61,\"caption\":\"MED.TATTOO\"},\"image\":{\"@id\":\"https:\\\/\\\/med.tattoo\\\/hr\\\/#\\\/schema\\\/logo\\\/image\\\/\"},\"sameAs\":[\"https:\\\/\\\/www.facebook.com\\\/profile.php?id=100084366705613\",\"https:\\\/\\\/www.instagram.com\\\/med.tattoo_official\\\/\"]}]}<\/script>\n<!-- \/ Yoast SEO plugin. -->","yoast_head_json":{"title":"Kirur\u0161ki brija\u010d. s dvostrukom o\u0161tricom 8% 1kom - MED.TATTOO","robots":{"index":"index","follow":"follow","max-snippet":"max-snippet:-1","max-image-preview":"max-image-preview:large","max-video-preview":"max-video-preview:-1"},"canonical":"https:\/\/med.tattoo\/hr\/proizvod\/kirurski-brijac-s-dvostrukom-ostricom-8-1kom\/","og_locale":"hr_HR","og_type":"article","og_title":"Kirur\u0161ki brija\u010d. s dvostrukom o\u0161tricom 8% 1kom - MED.TATTOO","og_description":"Jednokratni brija\u010di s dvostrukom o\u0161tricom. Dr\u0161ka britvice izra\u0111ena je od plastike. Koriste se za uklanjanje dla\u010dica s tijela na vrlo prikladan i siguran na\u010din. Brija\u010di su nesterilni, ali i izra\u0111eni od visokokvalitetnog nehr\u0111aju\u0107eg \u010delika. Dvostruka o\u0161trica dovoljno je o\u0161tra da obrijano podru\u010dje u\u010dini vrlo glatkim. Jednokratni brija\u010di uglavnom se koriste za brijanje odre\u0111enih dijelova tijela [&hellip;]","og_url":"https:\/\/med.tattoo\/hr\/proizvod\/kirurski-brijac-s-dvostrukom-ostricom-8-1kom\/","og_site_name":"MED.TATTOO","article_publisher":"https:\/\/www.facebook.com\/profile.php?id=100084366705613","twitter_card":"summary_large_image","twitter_misc":{"Procijenjeno vrijeme \u010ditanja":"1 minuta"},"schema":{"@context":"https:\/\/schema.org","@graph":[{"@type":"WebPage","@id":"https:\/\/med.tattoo\/hr\/proizvod\/kirurski-brijac-s-dvostrukom-ostricom-8-1kom\/","url":"https:\/\/med.tattoo\/hr\/proizvod\/kirurski-brijac-s-dvostrukom-ostricom-8-1kom\/","name":"Kirur\u0161ki brija\u010d. s dvostrukom o\u0161tricom 8% 1kom - MED.TATTOO","isPartOf":{"@id":"https:\/\/med.tattoo\/hr\/#website"},"primaryImageOfPage":{"@id":"https:\/\/med.tattoo\/hr\/proizvod\/kirurski-brijac-s-dvostrukom-ostricom-8-1kom\/#primaryimage"},"image":{"@id":"https:\/\/med.tattoo\/hr\/proizvod\/kirurski-brijac-s-dvostrukom-ostricom-8-1kom\/#primaryimage"},"thumbnailUrl":"https:\/\/med.tattoo\/wp-content\/uploads\/2025\/05\/130_golarka-j.u.-chirurgiczna.-z-podwojnym-ostrz-8-_1742990450.png","datePublished":"2025-05-15T05:39:29+00:00","breadcrumb":{"@id":"https:\/\/med.tattoo\/hr\/proizvod\/kirurski-brijac-s-dvostrukom-ostricom-8-1kom\/#breadcrumb"},"inLanguage":"hr","potentialAction":[{"@type":"ReadAction","target":["https:\/\/med.tattoo\/hr\/proizvod\/kirurski-brijac-s-dvostrukom-ostricom-8-1kom\/"]}]},{"@type":"ImageObject","inLanguage":"hr","@id":"https:\/\/med.tattoo\/hr\/proizvod\/kirurski-brijac-s-dvostrukom-ostricom-8-1kom\/#primaryimage","url":"https:\/\/med.tattoo\/wp-content\/uploads\/2025\/05\/130_golarka-j.u.-chirurgiczna.-z-podwojnym-ostrz-8-_1742990450.png","contentUrl":"https:\/\/med.tattoo\/wp-content\/uploads\/2025\/05\/130_golarka-j.u.-chirurgiczna.-z-podwojnym-ostrz-8-_1742990450.png","width":407,"height":375},{"@type":"BreadcrumbList","@id":"https:\/\/med.tattoo\/hr\/proizvod\/kirurski-brijac-s-dvostrukom-ostricom-8-1kom\/#breadcrumb","itemListElement":[{"@type":"ListItem","position":1,"name":"Strona G\u0142\u00f3wna","item":"https:\/\/med.tattoo\/hr\/"},{"@type":"ListItem","position":2,"name":"Trgovina","item":"https:\/\/med.tattoo\/hr\/shop\/"},{"@type":"ListItem","position":3,"name":"Kirur\u0161ki brija\u010d. s dvostrukom o\u0161tricom 8% 1kom"}]},{"@type":"WebSite","@id":"https:\/\/med.tattoo\/hr\/#website","url":"https:\/\/med.tattoo\/hr\/","name":"MED.TATTOO","description":"Wszystko dla Twojego tatua\u017cu","publisher":{"@id":"https:\/\/med.tattoo\/hr\/#organization"},"potentialAction":[{"@type":"SearchAction","target":{"@type":"EntryPoint","urlTemplate":"https:\/\/med.tattoo\/hr\/?s={search_term_string}"},"query-input":{"@type":"PropertyValueSpecification","valueRequired":true,"valueName":"search_term_string"}}],"inLanguage":"hr"},{"@type":"Organization","@id":"https:\/\/med.tattoo\/hr\/#organization","name":"MED.TATTOO","url":"https:\/\/med.tattoo\/hr\/","logo":{"@type":"ImageObject","inLanguage":"hr","@id":"https:\/\/med.tattoo\/hr\/#\/schema\/logo\/image\/","url":"https:\/\/med.tattoo\/wp-content\/uploads\/2025\/05\/Bez-tytulu-600S300-px-1-e1658908183800.png","contentUrl":"https:\/\/med.tattoo\/wp-content\/uploads\/2025\/05\/Bez-tytulu-600S300-px-1-e1658908183800.png","width":600,"height":61,"caption":"MED.TATTOO"},"image":{"@id":"https:\/\/med.tattoo\/hr\/#\/schema\/logo\/image\/"},"sameAs":["https:\/\/www.facebook.com\/profile.php?id=100084366705613","https:\/\/www.instagram.com\/med.tattoo_official\/"]}]}},"_links":{"self":[{"href":"https:\/\/med.tattoo\/hr\/wp-json\/wp\/v2\/product\/9622","targetHints":{"allow":["GET"]}}],"collection":[{"href":"https:\/\/med.tattoo\/hr\/wp-json\/wp\/v2\/product"}],"about":[{"href":"https:\/\/med.tattoo\/hr\/wp-json\/wp\/v2\/types\/product"}],"replies":[{"embeddable":true,"href":"https:\/\/med.tattoo\/hr\/wp-json\/wp\/v2\/comments?post=9622"}],"wp:featuredmedia":[{"embeddable":true,"href":"https:\/\/med.tattoo\/hr\/wp-json\/wp\/v2\/media\/8392"}],"wp:attachment":[{"href":"https:\/\/med.tattoo\/hr\/wp-json\/wp\/v2\/media?parent=9622"}],"wp:term":[{"taxonomy":"product_brand","embeddable":true,"href":"https:\/\/med.tattoo\/hr\/wp-json\/wp\/v2\/product_brand?post=9622"},{"taxonomy":"product_cat","embeddable":true,"href":"https:\/\/med.tattoo\/hr\/wp-json\/wp\/v2\/product_cat?post=9622"},{"taxonomy":"product_tag","embeddable":true,"href":"https:\/\/med.tattoo\/hr\/wp-json\/wp\/v2\/product_tag?post=9622"}],"curies":[{"name":"wp","href":"https:\/\/api.w.org\/{rel}","templated":true}]}}