{"id":9626,"date":"2025-05-15T07:39:29","date_gmt":"2025-05-15T05:39:29","guid":{"rendered":"https:\/\/med.tattoo\/produkt\/netkana-podloga-u-roli-70-50-50-14g-bijela\/"},"modified":"2025-05-15T07:39:29","modified_gmt":"2025-05-15T05:39:29","slug":"netkana-podloga-u-roli-70-50-50-14g-bijela","status":"publish","type":"product","link":"https:\/\/med.tattoo\/hr\/proizvod\/netkana-podloga-u-roli-70-50-50-14g-bijela\/","title":{"rendered":"Netkana podloga u roli 70\/50\/50 14g bijela"},"content":{"rendered":"<p>Netkane za\u0161titne podloge, dizajnirane za za\u0161titu predmeta na mjestima gdje postoji potreba za osiguravanjem higijenske \u010disto\u0107e.<\/p>\n<p>Za\u0161titne podloge koriste se svugdje gdje je potrebna za\u0161tita i izolacija pacijenta, od potencijalno kontaminiranih i kontaminiranih mjesta (kau\u010di, kreveti za lije\u010denje i sl.).<\/p>\n<p>Sudbina:<\/p>\n<p>osiguravanje higijenske \u010disto\u0107e<\/p>\n<p>Kori\u0161tenje:<\/p>\n<p>lije\u010dni\u010dke ordinacije,<br \/>\n sobe za tretmane,<br \/>\n fizioterapijski objekti,<br \/>\n kau\u010di, kreveti,<\/p>\n<p> stolovi za tretmane,<br \/>\n ginekolo\u0161ki kreveti, masa\u017ene stolice,<\/p>\n<p> kozmeti\u010dki saloni,<br \/>\n frizerski saloni<br \/>\nPrednosti:<\/p>\n<p>za jednokratnu upotrebu,<br \/>\n osiguravaju higijenu i udobnost pacijenta<br \/>\nrazli\u010ditih veli\u010dina,<br \/>\n \u0161irok raspon primjene,<br \/>\n perforacija koja omogu\u0107uje razbijanje jastu\u010di\u0107a na odgovaraju\u0107em mjestu<\/p>\n","protected":false},"excerpt":{"rendered":"<p>Netkane za\u0161titne podloge, dizajnirane za za\u0161titu predmeta na mjestima gdje postoji potreba za osiguravanjem higijenske \u010disto\u0107e. Za\u0161titne podloge koriste se svugdje gdje je potrebna za\u0161tita i izolacija pacijenta, od potencijalno kontaminiranih i kontaminiranih mjesta (kau\u010di, kreveti za lije\u010denje i sl.). Sudbina: osiguravanje higijenske \u010disto\u0107e Kori\u0161tenje: lije\u010dni\u010dke ordinacije, sobe za tretmane, fizioterapijski objekti, kau\u010di, kreveti, stolovi [&hellip;]<\/p>\n","protected":false},"featured_media":7615,"comment_status":"closed","ping_status":"open","template":"","meta":{"site-sidebar-layout":"default","site-content-layout":"","ast-site-content-layout":"default","site-content-style":"default","site-sidebar-style":"default","ast-global-header-display":"","ast-banner-title-visibility":"","ast-main-header-display":"","ast-hfb-above-header-display":"","ast-hfb-below-header-display":"","ast-hfb-mobile-header-display":"","site-post-title":"","ast-breadcrumbs-content":"","ast-featured-img":"","footer-sml-layout":"","ast-disable-related-posts":"","theme-transparent-header-meta":"","adv-header-id-meta":"","stick-header-meta":"","header-above-stick-meta":"","header-main-stick-meta":"","header-below-stick-meta":"","astra-migrate-meta-layouts":"default","ast-page-background-enabled":"default","ast-page-background-meta":{"desktop":{"background-color":"var(--ast-global-color-4)","background-image":"","background-repeat":"repeat","background-position":"center center","background-size":"auto","background-attachment":"scroll","background-type":"","background-media":"","overlay-type":"","overlay-color":"","overlay-opacity":"","overlay-gradient":""},"tablet":{"background-color":"","background-image":"","background-repeat":"repeat","background-position":"center center","background-size":"auto","background-attachment":"scroll","background-type":"","background-media":"","overlay-type":"","overlay-color":"","overlay-opacity":"","overlay-gradient":""},"mobile":{"background-color":"","background-image":"","background-repeat":"repeat","background-position":"center center","background-size":"auto","background-attachment":"scroll","background-type":"","background-media":"","overlay-type":"","overlay-color":"","overlay-opacity":"","overlay-gradient":""}},"ast-content-background-meta":{"desktop":{"background-color":"var(--ast-global-color-5)","background-image":"","background-repeat":"repeat","background-position":"center center","background-size":"auto","background-attachment":"scroll","background-type":"","background-media":"","overlay-type":"","overlay-color":"","overlay-opacity":"","overlay-gradient":""},"tablet":{"background-color":"var(--ast-global-color-5)","background-image":"","background-repeat":"repeat","background-position":"center center","background-size":"auto","background-attachment":"scroll","background-type":"","background-media":"","overlay-type":"","overlay-color":"","overlay-opacity":"","overlay-gradient":""},"mobile":{"background-color":"var(--ast-global-color-5)","background-image":"","background-repeat":"repeat","background-position":"center center","background-size":"auto","background-attachment":"scroll","background-type":"","background-media":"","overlay-type":"","overlay-color":"","overlay-opacity":"","overlay-gradient":""}}},"product_brand":[],"product_cat":[103],"product_tag":[],"class_list":{"0":"post-9626","1":"product","2":"type-product","3":"status-publish","4":"has-post-thumbnail","6":"product_cat-med-tattoo-hr","7":"desktop-align-left","8":"tablet-align-left","9":"mobile-align-left","10":"ast-product-gallery-layout-horizontal-slider","11":"ast-product-gallery-with-no-image","12":"ast-product-tabs-layout-distributed","14":"first","15":"instock","16":"purchasable","17":"product-type-simple"},"yoast_head":"<!-- This site is optimized with the Yoast SEO plugin v27.5 - https:\/\/yoast.com\/product\/yoast-seo-wordpress\/ -->\n<title>Netkana podloga u roli 70\/50\/50 14g bijela - MED.TATTOO<\/title>\n<meta name=\"robots\" content=\"index, follow, max-snippet:-1, max-image-preview:large, max-video-preview:-1\" \/>\n<link rel=\"canonical\" href=\"https:\/\/med.tattoo\/hr\/proizvod\/netkana-podloga-u-roli-70-50-50-14g-bijela\/\" \/>\n<meta property=\"og:locale\" content=\"hr_HR\" \/>\n<meta property=\"og:type\" content=\"article\" \/>\n<meta property=\"og:title\" content=\"Netkana podloga u roli 70\/50\/50 14g bijela - MED.TATTOO\" \/>\n<meta property=\"og:description\" content=\"Netkane za\u0161titne podloge, dizajnirane za za\u0161titu predmeta na mjestima gdje postoji potreba za osiguravanjem higijenske \u010disto\u0107e. Za\u0161titne podloge koriste se svugdje gdje je potrebna za\u0161tita i izolacija pacijenta, od potencijalno kontaminiranih i kontaminiranih mjesta (kau\u010di, kreveti za lije\u010denje i sl.). Sudbina: osiguravanje higijenske \u010disto\u0107e Kori\u0161tenje: lije\u010dni\u010dke ordinacije, sobe za tretmane, fizioterapijski objekti, kau\u010di, kreveti, stolovi [&hellip;]\" \/>\n<meta property=\"og:url\" content=\"https:\/\/med.tattoo\/hr\/proizvod\/netkana-podloga-u-roli-70-50-50-14g-bijela\/\" \/>\n<meta property=\"og:site_name\" content=\"MED.TATTOO\" \/>\n<meta property=\"article:publisher\" content=\"https:\/\/www.facebook.com\/profile.php?id=100084366705613\" \/>\n<meta name=\"twitter:card\" content=\"summary_large_image\" \/>\n<meta name=\"twitter:label1\" content=\"Procijenjeno vrijeme \u010ditanja\" \/>\n\t<meta name=\"twitter:data1\" content=\"1 minuta\" \/>\n<script type=\"application\/ld+json\" class=\"yoast-schema-graph\">{\"@context\":\"https:\\\/\\\/schema.org\",\"@graph\":[{\"@type\":\"WebPage\",\"@id\":\"https:\\\/\\\/med.tattoo\\\/hr\\\/proizvod\\\/netkana-podloga-u-roli-70-50-50-14g-bijela\\\/\",\"url\":\"https:\\\/\\\/med.tattoo\\\/hr\\\/proizvod\\\/netkana-podloga-u-roli-70-50-50-14g-bijela\\\/\",\"name\":\"Netkana podloga u roli 70\\\/50\\\/50 14g bijela - MED.TATTOO\",\"isPartOf\":{\"@id\":\"https:\\\/\\\/med.tattoo\\\/hr\\\/#website\"},\"primaryImageOfPage\":{\"@id\":\"https:\\\/\\\/med.tattoo\\\/hr\\\/proizvod\\\/netkana-podloga-u-roli-70-50-50-14g-bijela\\\/#primaryimage\"},\"image\":{\"@id\":\"https:\\\/\\\/med.tattoo\\\/hr\\\/proizvod\\\/netkana-podloga-u-roli-70-50-50-14g-bijela\\\/#primaryimage\"},\"thumbnailUrl\":\"https:\\\/\\\/med.tattoo\\\/wp-content\\\/uploads\\\/2025\\\/05\\\/4006_podklad-wloknina-rola-70-50-50-14g-biala_1744270706.jpg\",\"datePublished\":\"2025-05-15T05:39:29+00:00\",\"breadcrumb\":{\"@id\":\"https:\\\/\\\/med.tattoo\\\/hr\\\/proizvod\\\/netkana-podloga-u-roli-70-50-50-14g-bijela\\\/#breadcrumb\"},\"inLanguage\":\"hr\",\"potentialAction\":[{\"@type\":\"ReadAction\",\"target\":[\"https:\\\/\\\/med.tattoo\\\/hr\\\/proizvod\\\/netkana-podloga-u-roli-70-50-50-14g-bijela\\\/\"]}]},{\"@type\":\"ImageObject\",\"inLanguage\":\"hr\",\"@id\":\"https:\\\/\\\/med.tattoo\\\/hr\\\/proizvod\\\/netkana-podloga-u-roli-70-50-50-14g-bijela\\\/#primaryimage\",\"url\":\"https:\\\/\\\/med.tattoo\\\/wp-content\\\/uploads\\\/2025\\\/05\\\/4006_podklad-wloknina-rola-70-50-50-14g-biala_1744270706.jpg\",\"contentUrl\":\"https:\\\/\\\/med.tattoo\\\/wp-content\\\/uploads\\\/2025\\\/05\\\/4006_podklad-wloknina-rola-70-50-50-14g-biala_1744270706.jpg\",\"width\":909,\"height\":873},{\"@type\":\"BreadcrumbList\",\"@id\":\"https:\\\/\\\/med.tattoo\\\/hr\\\/proizvod\\\/netkana-podloga-u-roli-70-50-50-14g-bijela\\\/#breadcrumb\",\"itemListElement\":[{\"@type\":\"ListItem\",\"position\":1,\"name\":\"Strona G\u0142\u00f3wna\",\"item\":\"https:\\\/\\\/med.tattoo\\\/hr\\\/\"},{\"@type\":\"ListItem\",\"position\":2,\"name\":\"Trgovina\",\"item\":\"https:\\\/\\\/med.tattoo\\\/hr\\\/shop\\\/\"},{\"@type\":\"ListItem\",\"position\":3,\"name\":\"Netkana podloga u roli 70\\\/50\\\/50 14g bijela\"}]},{\"@type\":\"WebSite\",\"@id\":\"https:\\\/\\\/med.tattoo\\\/hr\\\/#website\",\"url\":\"https:\\\/\\\/med.tattoo\\\/hr\\\/\",\"name\":\"MED.TATTOO\",\"description\":\"Wszystko dla Twojego tatua\u017cu\",\"publisher\":{\"@id\":\"https:\\\/\\\/med.tattoo\\\/hr\\\/#organization\"},\"potentialAction\":[{\"@type\":\"SearchAction\",\"target\":{\"@type\":\"EntryPoint\",\"urlTemplate\":\"https:\\\/\\\/med.tattoo\\\/hr\\\/?s={search_term_string}\"},\"query-input\":{\"@type\":\"PropertyValueSpecification\",\"valueRequired\":true,\"valueName\":\"search_term_string\"}}],\"inLanguage\":\"hr\"},{\"@type\":\"Organization\",\"@id\":\"https:\\\/\\\/med.tattoo\\\/hr\\\/#organization\",\"name\":\"MED.TATTOO\",\"url\":\"https:\\\/\\\/med.tattoo\\\/hr\\\/\",\"logo\":{\"@type\":\"ImageObject\",\"inLanguage\":\"hr\",\"@id\":\"https:\\\/\\\/med.tattoo\\\/hr\\\/#\\\/schema\\\/logo\\\/image\\\/\",\"url\":\"https:\\\/\\\/med.tattoo\\\/wp-content\\\/uploads\\\/2025\\\/05\\\/Bez-tytulu-600S300-px-1-e1658908183800.png\",\"contentUrl\":\"https:\\\/\\\/med.tattoo\\\/wp-content\\\/uploads\\\/2025\\\/05\\\/Bez-tytulu-600S300-px-1-e1658908183800.png\",\"width\":600,\"height\":61,\"caption\":\"MED.TATTOO\"},\"image\":{\"@id\":\"https:\\\/\\\/med.tattoo\\\/hr\\\/#\\\/schema\\\/logo\\\/image\\\/\"},\"sameAs\":[\"https:\\\/\\\/www.facebook.com\\\/profile.php?id=100084366705613\",\"https:\\\/\\\/www.instagram.com\\\/med.tattoo_official\\\/\"]}]}<\/script>\n<!-- \/ Yoast SEO plugin. -->","yoast_head_json":{"title":"Netkana podloga u roli 70\/50\/50 14g bijela - MED.TATTOO","robots":{"index":"index","follow":"follow","max-snippet":"max-snippet:-1","max-image-preview":"max-image-preview:large","max-video-preview":"max-video-preview:-1"},"canonical":"https:\/\/med.tattoo\/hr\/proizvod\/netkana-podloga-u-roli-70-50-50-14g-bijela\/","og_locale":"hr_HR","og_type":"article","og_title":"Netkana podloga u roli 70\/50\/50 14g bijela - MED.TATTOO","og_description":"Netkane za\u0161titne podloge, dizajnirane za za\u0161titu predmeta na mjestima gdje postoji potreba za osiguravanjem higijenske \u010disto\u0107e. Za\u0161titne podloge koriste se svugdje gdje je potrebna za\u0161tita i izolacija pacijenta, od potencijalno kontaminiranih i kontaminiranih mjesta (kau\u010di, kreveti za lije\u010denje i sl.). Sudbina: osiguravanje higijenske \u010disto\u0107e Kori\u0161tenje: lije\u010dni\u010dke ordinacije, sobe za tretmane, fizioterapijski objekti, kau\u010di, kreveti, stolovi [&hellip;]","og_url":"https:\/\/med.tattoo\/hr\/proizvod\/netkana-podloga-u-roli-70-50-50-14g-bijela\/","og_site_name":"MED.TATTOO","article_publisher":"https:\/\/www.facebook.com\/profile.php?id=100084366705613","twitter_card":"summary_large_image","twitter_misc":{"Procijenjeno vrijeme \u010ditanja":"1 minuta"},"schema":{"@context":"https:\/\/schema.org","@graph":[{"@type":"WebPage","@id":"https:\/\/med.tattoo\/hr\/proizvod\/netkana-podloga-u-roli-70-50-50-14g-bijela\/","url":"https:\/\/med.tattoo\/hr\/proizvod\/netkana-podloga-u-roli-70-50-50-14g-bijela\/","name":"Netkana podloga u roli 70\/50\/50 14g bijela - MED.TATTOO","isPartOf":{"@id":"https:\/\/med.tattoo\/hr\/#website"},"primaryImageOfPage":{"@id":"https:\/\/med.tattoo\/hr\/proizvod\/netkana-podloga-u-roli-70-50-50-14g-bijela\/#primaryimage"},"image":{"@id":"https:\/\/med.tattoo\/hr\/proizvod\/netkana-podloga-u-roli-70-50-50-14g-bijela\/#primaryimage"},"thumbnailUrl":"https:\/\/med.tattoo\/wp-content\/uploads\/2025\/05\/4006_podklad-wloknina-rola-70-50-50-14g-biala_1744270706.jpg","datePublished":"2025-05-15T05:39:29+00:00","breadcrumb":{"@id":"https:\/\/med.tattoo\/hr\/proizvod\/netkana-podloga-u-roli-70-50-50-14g-bijela\/#breadcrumb"},"inLanguage":"hr","potentialAction":[{"@type":"ReadAction","target":["https:\/\/med.tattoo\/hr\/proizvod\/netkana-podloga-u-roli-70-50-50-14g-bijela\/"]}]},{"@type":"ImageObject","inLanguage":"hr","@id":"https:\/\/med.tattoo\/hr\/proizvod\/netkana-podloga-u-roli-70-50-50-14g-bijela\/#primaryimage","url":"https:\/\/med.tattoo\/wp-content\/uploads\/2025\/05\/4006_podklad-wloknina-rola-70-50-50-14g-biala_1744270706.jpg","contentUrl":"https:\/\/med.tattoo\/wp-content\/uploads\/2025\/05\/4006_podklad-wloknina-rola-70-50-50-14g-biala_1744270706.jpg","width":909,"height":873},{"@type":"BreadcrumbList","@id":"https:\/\/med.tattoo\/hr\/proizvod\/netkana-podloga-u-roli-70-50-50-14g-bijela\/#breadcrumb","itemListElement":[{"@type":"ListItem","position":1,"name":"Strona G\u0142\u00f3wna","item":"https:\/\/med.tattoo\/hr\/"},{"@type":"ListItem","position":2,"name":"Trgovina","item":"https:\/\/med.tattoo\/hr\/shop\/"},{"@type":"ListItem","position":3,"name":"Netkana podloga u roli 70\/50\/50 14g bijela"}]},{"@type":"WebSite","@id":"https:\/\/med.tattoo\/hr\/#website","url":"https:\/\/med.tattoo\/hr\/","name":"MED.TATTOO","description":"Wszystko dla Twojego tatua\u017cu","publisher":{"@id":"https:\/\/med.tattoo\/hr\/#organization"},"potentialAction":[{"@type":"SearchAction","target":{"@type":"EntryPoint","urlTemplate":"https:\/\/med.tattoo\/hr\/?s={search_term_string}"},"query-input":{"@type":"PropertyValueSpecification","valueRequired":true,"valueName":"search_term_string"}}],"inLanguage":"hr"},{"@type":"Organization","@id":"https:\/\/med.tattoo\/hr\/#organization","name":"MED.TATTOO","url":"https:\/\/med.tattoo\/hr\/","logo":{"@type":"ImageObject","inLanguage":"hr","@id":"https:\/\/med.tattoo\/hr\/#\/schema\/logo\/image\/","url":"https:\/\/med.tattoo\/wp-content\/uploads\/2025\/05\/Bez-tytulu-600S300-px-1-e1658908183800.png","contentUrl":"https:\/\/med.tattoo\/wp-content\/uploads\/2025\/05\/Bez-tytulu-600S300-px-1-e1658908183800.png","width":600,"height":61,"caption":"MED.TATTOO"},"image":{"@id":"https:\/\/med.tattoo\/hr\/#\/schema\/logo\/image\/"},"sameAs":["https:\/\/www.facebook.com\/profile.php?id=100084366705613","https:\/\/www.instagram.com\/med.tattoo_official\/"]}]}},"_links":{"self":[{"href":"https:\/\/med.tattoo\/hr\/wp-json\/wp\/v2\/product\/9626","targetHints":{"allow":["GET"]}}],"collection":[{"href":"https:\/\/med.tattoo\/hr\/wp-json\/wp\/v2\/product"}],"about":[{"href":"https:\/\/med.tattoo\/hr\/wp-json\/wp\/v2\/types\/product"}],"replies":[{"embeddable":true,"href":"https:\/\/med.tattoo\/hr\/wp-json\/wp\/v2\/comments?post=9626"}],"wp:featuredmedia":[{"embeddable":true,"href":"https:\/\/med.tattoo\/hr\/wp-json\/wp\/v2\/media\/7615"}],"wp:attachment":[{"href":"https:\/\/med.tattoo\/hr\/wp-json\/wp\/v2\/media?parent=9626"}],"wp:term":[{"taxonomy":"product_brand","embeddable":true,"href":"https:\/\/med.tattoo\/hr\/wp-json\/wp\/v2\/product_brand?post=9626"},{"taxonomy":"product_cat","embeddable":true,"href":"https:\/\/med.tattoo\/hr\/wp-json\/wp\/v2\/product_cat?post=9626"},{"taxonomy":"product_tag","embeddable":true,"href":"https:\/\/med.tattoo\/hr\/wp-json\/wp\/v2\/product_tag?post=9626"}],"curies":[{"name":"wp","href":"https:\/\/api.w.org\/{rel}","templated":true}]}}