{"id":9788,"date":"2025-05-15T07:29:14","date_gmt":"2025-05-15T05:29:14","guid":{"rendered":"https:\/\/med.tattoo\/produkt\/spavanje-salveta-u-roli-33x48cm-40kom-zelena\/"},"modified":"2025-05-15T07:29:14","modified_gmt":"2025-05-15T05:29:14","slug":"spavanje-salveta-u-roli-33x48cm-40kom-zelena","status":"publish","type":"product","link":"https:\/\/med.tattoo\/hr\/proizvod\/spavanje-salveta-u-roli-33x48cm-40kom-zelena\/","title":{"rendered":"Spavanje\/salveta. u roli 33x48cm\/40kom zelena"},"content":{"rendered":"<p>Zavjese za jednokratnu upotrebu u roli<\/p>\n<p>Cijena se odnosi na 1 kom.<\/p>\n<p>Proizvod se prodaje u kartonskim kutijama od 35 komada.<\/p>\n<p>Zavjese za jednokratnu upotrebu u roli osnovna su oprema lije\u010dni\u010dkih ordinacija, gdje postoji potreba za za\u0161titom pacijenta tijekom medicinskih postupaka. Zavjese za jednokratnu upotrebu namijenjene su upijanju tjelesnih teku\u0107ina, ljekovitih pripravaka ili drugih tvari koje se koriste tijekom zahvata koji se izvode u stomatolo\u0161kim ili ortodontskim ordinacijama. Jednokratne zavjese u roli mogu se uspje\u0161no koristiti u bolnicama, stara\u010dkim domovima ili hospicijima, tijekom njege bolesnika prikovanog za krevet (oralna primjena teku\u0107ine ili obroka).  <\/p>\n<p>Sudbina:<\/p>\n<p>stomatolo\u0161ke ordinacije,<br \/>\n ortodontske ordinacije,<br \/>\n protetske ordinacije,<br \/>\n bolnice,<br \/>\n hospiciji,<br \/>\n domovi za starije i nemo\u0107ne,<br \/>\n Primjena:<\/p>\n<p>Za\u0161tita pacijenata<br \/>\nPrednosti:<\/p>\n<p>\u0160irok raspon boja &#8211; mogu\u0107nost prilagodbe bojama i dekoru<br \/>\nureda:<\/p>\n<p>jednokratna,<br \/>\n za\u0161titna &#8211; \u0161titi pacijentovu odje\u0107u od prljav\u0161tine,<br \/>\n meka, ugodna na dodir<br \/>\n, s perforacijom za lako otkidanje jedne salvete,<br \/>\n izra\u0111ena od upijaju\u0107eg papira, dodatno za\u0161ti\u0107ena slojem folije,<br \/>\n \u0161titi izlo\u017eene dijelove tijela pacijenta od mogu\u0107e iritacije ili alergije,<br \/>\n sprje\u010dava prijenos bakterija kroz kontaminirano tijelo ili odje\u0107u pacijenta,<br \/>\n smanjuje rizik od infekcija,<br \/>\n Dimenzije:<\/p>\n<p>33 x 48<br \/>\n40 kom u 1 roli <\/p>\n","protected":false},"excerpt":{"rendered":"<p>Zavjese za jednokratnu upotrebu u roli Cijena se odnosi na 1 kom. Proizvod se prodaje u kartonskim kutijama od 35 komada. Zavjese za jednokratnu upotrebu u roli osnovna su oprema lije\u010dni\u010dkih ordinacija, gdje postoji potreba za za\u0161titom pacijenta tijekom medicinskih postupaka. Zavjese za jednokratnu upotrebu namijenjene su upijanju tjelesnih teku\u0107ina, ljekovitih pripravaka ili drugih tvari [&hellip;]<\/p>\n","protected":false},"featured_media":7969,"comment_status":"closed","ping_status":"open","template":"","meta":{"site-sidebar-layout":"default","site-content-layout":"","ast-site-content-layout":"default","site-content-style":"default","site-sidebar-style":"default","ast-global-header-display":"","ast-banner-title-visibility":"","ast-main-header-display":"","ast-hfb-above-header-display":"","ast-hfb-below-header-display":"","ast-hfb-mobile-header-display":"","site-post-title":"","ast-breadcrumbs-content":"","ast-featured-img":"","footer-sml-layout":"","ast-disable-related-posts":"","theme-transparent-header-meta":"","adv-header-id-meta":"","stick-header-meta":"","header-above-stick-meta":"","header-main-stick-meta":"","header-below-stick-meta":"","astra-migrate-meta-layouts":"default","ast-page-background-enabled":"default","ast-page-background-meta":{"desktop":{"background-color":"var(--ast-global-color-4)","background-image":"","background-repeat":"repeat","background-position":"center center","background-size":"auto","background-attachment":"scroll","background-type":"","background-media":"","overlay-type":"","overlay-color":"","overlay-opacity":"","overlay-gradient":""},"tablet":{"background-color":"","background-image":"","background-repeat":"repeat","background-position":"center center","background-size":"auto","background-attachment":"scroll","background-type":"","background-media":"","overlay-type":"","overlay-color":"","overlay-opacity":"","overlay-gradient":""},"mobile":{"background-color":"","background-image":"","background-repeat":"repeat","background-position":"center center","background-size":"auto","background-attachment":"scroll","background-type":"","background-media":"","overlay-type":"","overlay-color":"","overlay-opacity":"","overlay-gradient":""}},"ast-content-background-meta":{"desktop":{"background-color":"var(--ast-global-color-5)","background-image":"","background-repeat":"repeat","background-position":"center center","background-size":"auto","background-attachment":"scroll","background-type":"","background-media":"","overlay-type":"","overlay-color":"","overlay-opacity":"","overlay-gradient":""},"tablet":{"background-color":"var(--ast-global-color-5)","background-image":"","background-repeat":"repeat","background-position":"center center","background-size":"auto","background-attachment":"scroll","background-type":"","background-media":"","overlay-type":"","overlay-color":"","overlay-opacity":"","overlay-gradient":""},"mobile":{"background-color":"var(--ast-global-color-5)","background-image":"","background-repeat":"repeat","background-position":"center center","background-size":"auto","background-attachment":"scroll","background-type":"","background-media":"","overlay-type":"","overlay-color":"","overlay-opacity":"","overlay-gradient":""}}},"product_brand":[],"product_cat":[103],"product_tag":[],"class_list":{"0":"post-9788","1":"product","2":"type-product","3":"status-publish","4":"has-post-thumbnail","6":"product_cat-med-tattoo-hr","7":"desktop-align-left","8":"tablet-align-left","9":"mobile-align-left","10":"ast-product-gallery-layout-horizontal-slider","11":"ast-product-gallery-with-no-image","12":"ast-product-tabs-layout-distributed","14":"first","15":"outofstock","16":"purchasable","17":"product-type-simple"},"yoast_head":"<!-- This site is optimized with the Yoast SEO plugin v27.3 - https:\/\/yoast.com\/product\/yoast-seo-wordpress\/ -->\n<title>Spavanje\/salveta. u roli 33x48cm\/40kom zelena - MED.TATTOO<\/title>\n<meta name=\"robots\" content=\"index, follow, max-snippet:-1, max-image-preview:large, max-video-preview:-1\" \/>\n<link rel=\"canonical\" href=\"https:\/\/med.tattoo\/hr\/proizvod\/spavanje-salveta-u-roli-33x48cm-40kom-zelena\/\" \/>\n<meta property=\"og:locale\" content=\"hr_HR\" \/>\n<meta property=\"og:type\" content=\"article\" \/>\n<meta property=\"og:title\" content=\"Spavanje\/salveta. u roli 33x48cm\/40kom zelena - MED.TATTOO\" \/>\n<meta property=\"og:description\" content=\"Zavjese za jednokratnu upotrebu u roli Cijena se odnosi na 1 kom. Proizvod se prodaje u kartonskim kutijama od 35 komada. Zavjese za jednokratnu upotrebu u roli osnovna su oprema lije\u010dni\u010dkih ordinacija, gdje postoji potreba za za\u0161titom pacijenta tijekom medicinskih postupaka. Zavjese za jednokratnu upotrebu namijenjene su upijanju tjelesnih teku\u0107ina, ljekovitih pripravaka ili drugih tvari [&hellip;]\" \/>\n<meta property=\"og:url\" content=\"https:\/\/med.tattoo\/hr\/proizvod\/spavanje-salveta-u-roli-33x48cm-40kom-zelena\/\" \/>\n<meta property=\"og:site_name\" content=\"MED.TATTOO\" \/>\n<meta property=\"article:publisher\" content=\"https:\/\/www.facebook.com\/profile.php?id=100084366705613\" \/>\n<meta name=\"twitter:card\" content=\"summary_large_image\" \/>\n<meta name=\"twitter:label1\" content=\"Procijenjeno vrijeme \u010ditanja\" \/>\n\t<meta name=\"twitter:data1\" content=\"1 minuta\" \/>\n<script type=\"application\/ld+json\" class=\"yoast-schema-graph\">{\"@context\":\"https:\\\/\\\/schema.org\",\"@graph\":[{\"@type\":\"WebPage\",\"@id\":\"https:\\\/\\\/med.tattoo\\\/hr\\\/proizvod\\\/spavanje-salveta-u-roli-33x48cm-40kom-zelena\\\/\",\"url\":\"https:\\\/\\\/med.tattoo\\\/hr\\\/proizvod\\\/spavanje-salveta-u-roli-33x48cm-40kom-zelena\\\/\",\"name\":\"Spavanje\\\/salveta. u roli 33x48cm\\\/40kom zelena - MED.TATTOO\",\"isPartOf\":{\"@id\":\"https:\\\/\\\/med.tattoo\\\/hr\\\/#website\"},\"primaryImageOfPage\":{\"@id\":\"https:\\\/\\\/med.tattoo\\\/hr\\\/proizvod\\\/spavanje-salveta-u-roli-33x48cm-40kom-zelena\\\/#primaryimage\"},\"image\":{\"@id\":\"https:\\\/\\\/med.tattoo\\\/hr\\\/proizvod\\\/spavanje-salveta-u-roli-33x48cm-40kom-zelena\\\/#primaryimage\"},\"thumbnailUrl\":\"https:\\\/\\\/med.tattoo\\\/wp-content\\\/uploads\\\/2025\\\/05\\\/239_podklad-serweta-stom.w-rolce-33x48cm-40szt-zielona_1744006858.png\",\"datePublished\":\"2025-05-15T05:29:14+00:00\",\"breadcrumb\":{\"@id\":\"https:\\\/\\\/med.tattoo\\\/hr\\\/proizvod\\\/spavanje-salveta-u-roli-33x48cm-40kom-zelena\\\/#breadcrumb\"},\"inLanguage\":\"hr\",\"potentialAction\":[{\"@type\":\"ReadAction\",\"target\":[\"https:\\\/\\\/med.tattoo\\\/hr\\\/proizvod\\\/spavanje-salveta-u-roli-33x48cm-40kom-zelena\\\/\"]}]},{\"@type\":\"ImageObject\",\"inLanguage\":\"hr\",\"@id\":\"https:\\\/\\\/med.tattoo\\\/hr\\\/proizvod\\\/spavanje-salveta-u-roli-33x48cm-40kom-zelena\\\/#primaryimage\",\"url\":\"https:\\\/\\\/med.tattoo\\\/wp-content\\\/uploads\\\/2025\\\/05\\\/239_podklad-serweta-stom.w-rolce-33x48cm-40szt-zielona_1744006858.png\",\"contentUrl\":\"https:\\\/\\\/med.tattoo\\\/wp-content\\\/uploads\\\/2025\\\/05\\\/239_podklad-serweta-stom.w-rolce-33x48cm-40szt-zielona_1744006858.png\",\"width\":637,\"height\":581},{\"@type\":\"BreadcrumbList\",\"@id\":\"https:\\\/\\\/med.tattoo\\\/hr\\\/proizvod\\\/spavanje-salveta-u-roli-33x48cm-40kom-zelena\\\/#breadcrumb\",\"itemListElement\":[{\"@type\":\"ListItem\",\"position\":1,\"name\":\"Strona G\u0142\u00f3wna\",\"item\":\"https:\\\/\\\/med.tattoo\\\/hr\\\/\"},{\"@type\":\"ListItem\",\"position\":2,\"name\":\"Trgovina\",\"item\":\"https:\\\/\\\/med.tattoo\\\/hr\\\/shop\\\/\"},{\"@type\":\"ListItem\",\"position\":3,\"name\":\"Spavanje\\\/salveta. u roli 33x48cm\\\/40kom zelena\"}]},{\"@type\":\"WebSite\",\"@id\":\"https:\\\/\\\/med.tattoo\\\/hr\\\/#website\",\"url\":\"https:\\\/\\\/med.tattoo\\\/hr\\\/\",\"name\":\"MED.TATTOO\",\"description\":\"Wszystko dla Twojego tatua\u017cu\",\"publisher\":{\"@id\":\"https:\\\/\\\/med.tattoo\\\/hr\\\/#organization\"},\"potentialAction\":[{\"@type\":\"SearchAction\",\"target\":{\"@type\":\"EntryPoint\",\"urlTemplate\":\"https:\\\/\\\/med.tattoo\\\/hr\\\/?s={search_term_string}\"},\"query-input\":{\"@type\":\"PropertyValueSpecification\",\"valueRequired\":true,\"valueName\":\"search_term_string\"}}],\"inLanguage\":\"hr\"},{\"@type\":\"Organization\",\"@id\":\"https:\\\/\\\/med.tattoo\\\/hr\\\/#organization\",\"name\":\"MED.TATTOO\",\"url\":\"https:\\\/\\\/med.tattoo\\\/hr\\\/\",\"logo\":{\"@type\":\"ImageObject\",\"inLanguage\":\"hr\",\"@id\":\"https:\\\/\\\/med.tattoo\\\/hr\\\/#\\\/schema\\\/logo\\\/image\\\/\",\"url\":\"https:\\\/\\\/med.tattoo\\\/wp-content\\\/uploads\\\/2025\\\/05\\\/Bez-tytulu-600S300-px-1-e1658908183800.png\",\"contentUrl\":\"https:\\\/\\\/med.tattoo\\\/wp-content\\\/uploads\\\/2025\\\/05\\\/Bez-tytulu-600S300-px-1-e1658908183800.png\",\"width\":600,\"height\":61,\"caption\":\"MED.TATTOO\"},\"image\":{\"@id\":\"https:\\\/\\\/med.tattoo\\\/hr\\\/#\\\/schema\\\/logo\\\/image\\\/\"},\"sameAs\":[\"https:\\\/\\\/www.facebook.com\\\/profile.php?id=100084366705613\",\"https:\\\/\\\/www.instagram.com\\\/med.tattoo_official\\\/\"]}]}<\/script>\n<!-- \/ Yoast SEO plugin. -->","yoast_head_json":{"title":"Spavanje\/salveta. u roli 33x48cm\/40kom zelena - MED.TATTOO","robots":{"index":"index","follow":"follow","max-snippet":"max-snippet:-1","max-image-preview":"max-image-preview:large","max-video-preview":"max-video-preview:-1"},"canonical":"https:\/\/med.tattoo\/hr\/proizvod\/spavanje-salveta-u-roli-33x48cm-40kom-zelena\/","og_locale":"hr_HR","og_type":"article","og_title":"Spavanje\/salveta. u roli 33x48cm\/40kom zelena - MED.TATTOO","og_description":"Zavjese za jednokratnu upotrebu u roli Cijena se odnosi na 1 kom. Proizvod se prodaje u kartonskim kutijama od 35 komada. Zavjese za jednokratnu upotrebu u roli osnovna su oprema lije\u010dni\u010dkih ordinacija, gdje postoji potreba za za\u0161titom pacijenta tijekom medicinskih postupaka. Zavjese za jednokratnu upotrebu namijenjene su upijanju tjelesnih teku\u0107ina, ljekovitih pripravaka ili drugih tvari [&hellip;]","og_url":"https:\/\/med.tattoo\/hr\/proizvod\/spavanje-salveta-u-roli-33x48cm-40kom-zelena\/","og_site_name":"MED.TATTOO","article_publisher":"https:\/\/www.facebook.com\/profile.php?id=100084366705613","twitter_card":"summary_large_image","twitter_misc":{"Procijenjeno vrijeme \u010ditanja":"1 minuta"},"schema":{"@context":"https:\/\/schema.org","@graph":[{"@type":"WebPage","@id":"https:\/\/med.tattoo\/hr\/proizvod\/spavanje-salveta-u-roli-33x48cm-40kom-zelena\/","url":"https:\/\/med.tattoo\/hr\/proizvod\/spavanje-salveta-u-roli-33x48cm-40kom-zelena\/","name":"Spavanje\/salveta. u roli 33x48cm\/40kom zelena - MED.TATTOO","isPartOf":{"@id":"https:\/\/med.tattoo\/hr\/#website"},"primaryImageOfPage":{"@id":"https:\/\/med.tattoo\/hr\/proizvod\/spavanje-salveta-u-roli-33x48cm-40kom-zelena\/#primaryimage"},"image":{"@id":"https:\/\/med.tattoo\/hr\/proizvod\/spavanje-salveta-u-roli-33x48cm-40kom-zelena\/#primaryimage"},"thumbnailUrl":"https:\/\/med.tattoo\/wp-content\/uploads\/2025\/05\/239_podklad-serweta-stom.w-rolce-33x48cm-40szt-zielona_1744006858.png","datePublished":"2025-05-15T05:29:14+00:00","breadcrumb":{"@id":"https:\/\/med.tattoo\/hr\/proizvod\/spavanje-salveta-u-roli-33x48cm-40kom-zelena\/#breadcrumb"},"inLanguage":"hr","potentialAction":[{"@type":"ReadAction","target":["https:\/\/med.tattoo\/hr\/proizvod\/spavanje-salveta-u-roli-33x48cm-40kom-zelena\/"]}]},{"@type":"ImageObject","inLanguage":"hr","@id":"https:\/\/med.tattoo\/hr\/proizvod\/spavanje-salveta-u-roli-33x48cm-40kom-zelena\/#primaryimage","url":"https:\/\/med.tattoo\/wp-content\/uploads\/2025\/05\/239_podklad-serweta-stom.w-rolce-33x48cm-40szt-zielona_1744006858.png","contentUrl":"https:\/\/med.tattoo\/wp-content\/uploads\/2025\/05\/239_podklad-serweta-stom.w-rolce-33x48cm-40szt-zielona_1744006858.png","width":637,"height":581},{"@type":"BreadcrumbList","@id":"https:\/\/med.tattoo\/hr\/proizvod\/spavanje-salveta-u-roli-33x48cm-40kom-zelena\/#breadcrumb","itemListElement":[{"@type":"ListItem","position":1,"name":"Strona G\u0142\u00f3wna","item":"https:\/\/med.tattoo\/hr\/"},{"@type":"ListItem","position":2,"name":"Trgovina","item":"https:\/\/med.tattoo\/hr\/shop\/"},{"@type":"ListItem","position":3,"name":"Spavanje\/salveta. u roli 33x48cm\/40kom zelena"}]},{"@type":"WebSite","@id":"https:\/\/med.tattoo\/hr\/#website","url":"https:\/\/med.tattoo\/hr\/","name":"MED.TATTOO","description":"Wszystko dla Twojego tatua\u017cu","publisher":{"@id":"https:\/\/med.tattoo\/hr\/#organization"},"potentialAction":[{"@type":"SearchAction","target":{"@type":"EntryPoint","urlTemplate":"https:\/\/med.tattoo\/hr\/?s={search_term_string}"},"query-input":{"@type":"PropertyValueSpecification","valueRequired":true,"valueName":"search_term_string"}}],"inLanguage":"hr"},{"@type":"Organization","@id":"https:\/\/med.tattoo\/hr\/#organization","name":"MED.TATTOO","url":"https:\/\/med.tattoo\/hr\/","logo":{"@type":"ImageObject","inLanguage":"hr","@id":"https:\/\/med.tattoo\/hr\/#\/schema\/logo\/image\/","url":"https:\/\/med.tattoo\/wp-content\/uploads\/2025\/05\/Bez-tytulu-600S300-px-1-e1658908183800.png","contentUrl":"https:\/\/med.tattoo\/wp-content\/uploads\/2025\/05\/Bez-tytulu-600S300-px-1-e1658908183800.png","width":600,"height":61,"caption":"MED.TATTOO"},"image":{"@id":"https:\/\/med.tattoo\/hr\/#\/schema\/logo\/image\/"},"sameAs":["https:\/\/www.facebook.com\/profile.php?id=100084366705613","https:\/\/www.instagram.com\/med.tattoo_official\/"]}]}},"_links":{"self":[{"href":"https:\/\/med.tattoo\/hr\/wp-json\/wp\/v2\/product\/9788","targetHints":{"allow":["GET"]}}],"collection":[{"href":"https:\/\/med.tattoo\/hr\/wp-json\/wp\/v2\/product"}],"about":[{"href":"https:\/\/med.tattoo\/hr\/wp-json\/wp\/v2\/types\/product"}],"replies":[{"embeddable":true,"href":"https:\/\/med.tattoo\/hr\/wp-json\/wp\/v2\/comments?post=9788"}],"wp:featuredmedia":[{"embeddable":true,"href":"https:\/\/med.tattoo\/hr\/wp-json\/wp\/v2\/media\/7969"}],"wp:attachment":[{"href":"https:\/\/med.tattoo\/hr\/wp-json\/wp\/v2\/media?parent=9788"}],"wp:term":[{"taxonomy":"product_brand","embeddable":true,"href":"https:\/\/med.tattoo\/hr\/wp-json\/wp\/v2\/product_brand?post=9788"},{"taxonomy":"product_cat","embeddable":true,"href":"https:\/\/med.tattoo\/hr\/wp-json\/wp\/v2\/product_cat?post=9788"},{"taxonomy":"product_tag","embeddable":true,"href":"https:\/\/med.tattoo\/hr\/wp-json\/wp\/v2\/product_tag?post=9788"}],"curies":[{"name":"wp","href":"https:\/\/api.w.org\/{rel}","templated":true}]}}