{"id":9868,"date":"2025-05-15T07:31:03","date_gmt":"2025-05-15T05:31:03","guid":{"rendered":"https:\/\/med.tattoo\/produkt\/sterillhand-500ml-gel-s-pumpicom-za-dezinfekciju-ruku-ekvivalent-velodes-phagogel-spirigel\/"},"modified":"2025-05-15T07:31:03","modified_gmt":"2025-05-15T05:31:03","slug":"sterillhand-500ml-gel-s-pumpicom-za-dezinfekciju-ruku-ekvivalent-velodes-phagogel-spirigel","status":"publish","type":"product","link":"https:\/\/med.tattoo\/hr\/proizvod\/sterillhand-500ml-gel-s-pumpicom-za-dezinfekciju-ruku-ekvivalent-velodes-phagogel-spirigel\/","title":{"rendered":"Sterillhand 500ml gel s pumpicom za dezinfekciju ruku (ekvivalent Velodes, Phago&#8217;Gel, Spirigel)"},"content":{"rendered":"<p>Sterillhand specijalisti\u010dki dezinficijens gel namijenjen je higijenskoj i kirur\u0161koj dezinfekciji ko\u017ee ruku.<\/p>\n<p>Pripravak aktivira svoje djelovanje odmah nakon upotrebe.<\/p>\n<p>U\u010dinkovito se bori protiv svih vrsta virusa, gljivica, mikobakterija i bakterija.<\/p>\n<p>Dermatolo\u0161ki je testiran.<\/p>\n<p>Jedinstveni sastav sprje\u010dava isu\u0161ivanje ruku.<\/p>\n<p>Preporu\u010dena primjena:<\/p>\n<p>Higijenska dezinfekcija ruku: Utrljajte Sterillhand dezinficijens gel u ko\u017eu ruku 30 sekundi.<\/p>\n<p>Kirur\u0161ka dezinfekcija ruku: Utrljajte Sterillhand gel za dezinfekciju ruku 2,5 minute. Ponoviti. <\/p>\n<p>Sastav:<\/p>\n<p>Sredstva za podmazivanje<br \/>\nIzopropilni alkohol 1-5%<br \/>\nBenzilni alkohol 0,5-2%<br \/>\nEtilni alkohol 70-80%<\/p>\n","protected":false},"excerpt":{"rendered":"<p>Sterillhand specijalisti\u010dki dezinficijens gel namijenjen je higijenskoj i kirur\u0161koj dezinfekciji ko\u017ee ruku. Pripravak aktivira svoje djelovanje odmah nakon upotrebe. U\u010dinkovito se bori protiv svih vrsta virusa, gljivica, mikobakterija i bakterija. Dermatolo\u0161ki je testiran. Jedinstveni sastav sprje\u010dava isu\u0161ivanje ruku. Preporu\u010dena primjena: Higijenska dezinfekcija ruku: Utrljajte Sterillhand dezinficijens gel u ko\u017eu ruku 30 sekundi. Kirur\u0161ka dezinfekcija ruku: [&hellip;]<\/p>\n","protected":false},"featured_media":8129,"comment_status":"closed","ping_status":"open","template":"","meta":{"site-sidebar-layout":"default","site-content-layout":"","ast-site-content-layout":"default","site-content-style":"default","site-sidebar-style":"default","ast-global-header-display":"","ast-banner-title-visibility":"","ast-main-header-display":"","ast-hfb-above-header-display":"","ast-hfb-below-header-display":"","ast-hfb-mobile-header-display":"","site-post-title":"","ast-breadcrumbs-content":"","ast-featured-img":"","footer-sml-layout":"","ast-disable-related-posts":"","theme-transparent-header-meta":"","adv-header-id-meta":"","stick-header-meta":"","header-above-stick-meta":"","header-main-stick-meta":"","header-below-stick-meta":"","astra-migrate-meta-layouts":"default","ast-page-background-enabled":"default","ast-page-background-meta":{"desktop":{"background-color":"var(--ast-global-color-4)","background-image":"","background-repeat":"repeat","background-position":"center center","background-size":"auto","background-attachment":"scroll","background-type":"","background-media":"","overlay-type":"","overlay-color":"","overlay-opacity":"","overlay-gradient":""},"tablet":{"background-color":"","background-image":"","background-repeat":"repeat","background-position":"center center","background-size":"auto","background-attachment":"scroll","background-type":"","background-media":"","overlay-type":"","overlay-color":"","overlay-opacity":"","overlay-gradient":""},"mobile":{"background-color":"","background-image":"","background-repeat":"repeat","background-position":"center center","background-size":"auto","background-attachment":"scroll","background-type":"","background-media":"","overlay-type":"","overlay-color":"","overlay-opacity":"","overlay-gradient":""}},"ast-content-background-meta":{"desktop":{"background-color":"var(--ast-global-color-5)","background-image":"","background-repeat":"repeat","background-position":"center center","background-size":"auto","background-attachment":"scroll","background-type":"","background-media":"","overlay-type":"","overlay-color":"","overlay-opacity":"","overlay-gradient":""},"tablet":{"background-color":"var(--ast-global-color-5)","background-image":"","background-repeat":"repeat","background-position":"center center","background-size":"auto","background-attachment":"scroll","background-type":"","background-media":"","overlay-type":"","overlay-color":"","overlay-opacity":"","overlay-gradient":""},"mobile":{"background-color":"var(--ast-global-color-5)","background-image":"","background-repeat":"repeat","background-position":"center center","background-size":"auto","background-attachment":"scroll","background-type":"","background-media":"","overlay-type":"","overlay-color":"","overlay-opacity":"","overlay-gradient":""}}},"product_brand":[],"product_cat":[103],"product_tag":[],"class_list":{"0":"post-9868","1":"product","2":"type-product","3":"status-publish","4":"has-post-thumbnail","6":"product_cat-med-tattoo-hr","7":"desktop-align-left","8":"tablet-align-left","9":"mobile-align-left","10":"ast-product-gallery-layout-horizontal-slider","11":"ast-product-gallery-with-no-image","12":"ast-product-tabs-layout-distributed","14":"first","15":"instock","16":"purchasable","17":"product-type-simple"},"yoast_head":"<!-- This site is optimized with the Yoast SEO plugin v27.4 - https:\/\/yoast.com\/product\/yoast-seo-wordpress\/ -->\n<title>Sterillhand 500ml gel s pumpicom za dezinfekciju ruku (ekvivalent Velodes, Phago&#039;Gel, Spirigel) - MED.TATTOO<\/title>\n<meta name=\"robots\" content=\"index, follow, max-snippet:-1, max-image-preview:large, max-video-preview:-1\" \/>\n<link rel=\"canonical\" href=\"https:\/\/med.tattoo\/hr\/proizvod\/sterillhand-500ml-gel-s-pumpicom-za-dezinfekciju-ruku-ekvivalent-velodes-phagogel-spirigel\/\" \/>\n<meta property=\"og:locale\" content=\"hr_HR\" \/>\n<meta property=\"og:type\" content=\"article\" \/>\n<meta property=\"og:title\" content=\"Sterillhand 500ml gel s pumpicom za dezinfekciju ruku (ekvivalent Velodes, Phago&#039;Gel, Spirigel) - MED.TATTOO\" \/>\n<meta property=\"og:description\" content=\"Sterillhand specijalisti\u010dki dezinficijens gel namijenjen je higijenskoj i kirur\u0161koj dezinfekciji ko\u017ee ruku. Pripravak aktivira svoje djelovanje odmah nakon upotrebe. U\u010dinkovito se bori protiv svih vrsta virusa, gljivica, mikobakterija i bakterija. Dermatolo\u0161ki je testiran. Jedinstveni sastav sprje\u010dava isu\u0161ivanje ruku. Preporu\u010dena primjena: Higijenska dezinfekcija ruku: Utrljajte Sterillhand dezinficijens gel u ko\u017eu ruku 30 sekundi. Kirur\u0161ka dezinfekcija ruku: [&hellip;]\" \/>\n<meta property=\"og:url\" content=\"https:\/\/med.tattoo\/hr\/proizvod\/sterillhand-500ml-gel-s-pumpicom-za-dezinfekciju-ruku-ekvivalent-velodes-phagogel-spirigel\/\" \/>\n<meta property=\"og:site_name\" content=\"MED.TATTOO\" \/>\n<meta property=\"article:publisher\" content=\"https:\/\/www.facebook.com\/profile.php?id=100084366705613\" \/>\n<meta name=\"twitter:card\" content=\"summary_large_image\" \/>\n<script type=\"application\/ld+json\" class=\"yoast-schema-graph\">{\"@context\":\"https:\\\/\\\/schema.org\",\"@graph\":[{\"@type\":\"WebPage\",\"@id\":\"https:\\\/\\\/med.tattoo\\\/hr\\\/proizvod\\\/sterillhand-500ml-gel-s-pumpicom-za-dezinfekciju-ruku-ekvivalent-velodes-phagogel-spirigel\\\/\",\"url\":\"https:\\\/\\\/med.tattoo\\\/hr\\\/proizvod\\\/sterillhand-500ml-gel-s-pumpicom-za-dezinfekciju-ruku-ekvivalent-velodes-phagogel-spirigel\\\/\",\"name\":\"Sterillhand 500ml gel s pumpicom za dezinfekciju ruku (ekvivalent Velodes, Phago'Gel, Spirigel) - MED.TATTOO\",\"isPartOf\":{\"@id\":\"https:\\\/\\\/med.tattoo\\\/hr\\\/#website\"},\"primaryImageOfPage\":{\"@id\":\"https:\\\/\\\/med.tattoo\\\/hr\\\/proizvod\\\/sterillhand-500ml-gel-s-pumpicom-za-dezinfekciju-ruku-ekvivalent-velodes-phagogel-spirigel\\\/#primaryimage\"},\"image\":{\"@id\":\"https:\\\/\\\/med.tattoo\\\/hr\\\/proizvod\\\/sterillhand-500ml-gel-s-pumpicom-za-dezinfekciju-ruku-ekvivalent-velodes-phagogel-spirigel\\\/#primaryimage\"},\"thumbnailUrl\":\"https:\\\/\\\/med.tattoo\\\/wp-content\\\/uploads\\\/2025\\\/05\\\/2123_sterillhand-500ml-gel-z-pompka-do-dezynfekcji-rak_1744007032.jpg\",\"datePublished\":\"2025-05-15T05:31:03+00:00\",\"breadcrumb\":{\"@id\":\"https:\\\/\\\/med.tattoo\\\/hr\\\/proizvod\\\/sterillhand-500ml-gel-s-pumpicom-za-dezinfekciju-ruku-ekvivalent-velodes-phagogel-spirigel\\\/#breadcrumb\"},\"inLanguage\":\"hr\",\"potentialAction\":[{\"@type\":\"ReadAction\",\"target\":[\"https:\\\/\\\/med.tattoo\\\/hr\\\/proizvod\\\/sterillhand-500ml-gel-s-pumpicom-za-dezinfekciju-ruku-ekvivalent-velodes-phagogel-spirigel\\\/\"]}]},{\"@type\":\"ImageObject\",\"inLanguage\":\"hr\",\"@id\":\"https:\\\/\\\/med.tattoo\\\/hr\\\/proizvod\\\/sterillhand-500ml-gel-s-pumpicom-za-dezinfekciju-ruku-ekvivalent-velodes-phagogel-spirigel\\\/#primaryimage\",\"url\":\"https:\\\/\\\/med.tattoo\\\/wp-content\\\/uploads\\\/2025\\\/05\\\/2123_sterillhand-500ml-gel-z-pompka-do-dezynfekcji-rak_1744007032.jpg\",\"contentUrl\":\"https:\\\/\\\/med.tattoo\\\/wp-content\\\/uploads\\\/2025\\\/05\\\/2123_sterillhand-500ml-gel-z-pompka-do-dezynfekcji-rak_1744007032.jpg\",\"width\":497,\"height\":800},{\"@type\":\"BreadcrumbList\",\"@id\":\"https:\\\/\\\/med.tattoo\\\/hr\\\/proizvod\\\/sterillhand-500ml-gel-s-pumpicom-za-dezinfekciju-ruku-ekvivalent-velodes-phagogel-spirigel\\\/#breadcrumb\",\"itemListElement\":[{\"@type\":\"ListItem\",\"position\":1,\"name\":\"Strona G\u0142\u00f3wna\",\"item\":\"https:\\\/\\\/med.tattoo\\\/hr\\\/\"},{\"@type\":\"ListItem\",\"position\":2,\"name\":\"Trgovina\",\"item\":\"https:\\\/\\\/med.tattoo\\\/hr\\\/shop\\\/\"},{\"@type\":\"ListItem\",\"position\":3,\"name\":\"Sterillhand 500ml gel s pumpicom za dezinfekciju ruku (ekvivalent Velodes, Phago&#8217;Gel, Spirigel)\"}]},{\"@type\":\"WebSite\",\"@id\":\"https:\\\/\\\/med.tattoo\\\/hr\\\/#website\",\"url\":\"https:\\\/\\\/med.tattoo\\\/hr\\\/\",\"name\":\"MED.TATTOO\",\"description\":\"Wszystko dla Twojego tatua\u017cu\",\"publisher\":{\"@id\":\"https:\\\/\\\/med.tattoo\\\/hr\\\/#organization\"},\"potentialAction\":[{\"@type\":\"SearchAction\",\"target\":{\"@type\":\"EntryPoint\",\"urlTemplate\":\"https:\\\/\\\/med.tattoo\\\/hr\\\/?s={search_term_string}\"},\"query-input\":{\"@type\":\"PropertyValueSpecification\",\"valueRequired\":true,\"valueName\":\"search_term_string\"}}],\"inLanguage\":\"hr\"},{\"@type\":\"Organization\",\"@id\":\"https:\\\/\\\/med.tattoo\\\/hr\\\/#organization\",\"name\":\"MED.TATTOO\",\"url\":\"https:\\\/\\\/med.tattoo\\\/hr\\\/\",\"logo\":{\"@type\":\"ImageObject\",\"inLanguage\":\"hr\",\"@id\":\"https:\\\/\\\/med.tattoo\\\/hr\\\/#\\\/schema\\\/logo\\\/image\\\/\",\"url\":\"https:\\\/\\\/med.tattoo\\\/wp-content\\\/uploads\\\/2025\\\/05\\\/Bez-tytulu-600S300-px-1-e1658908183800.png\",\"contentUrl\":\"https:\\\/\\\/med.tattoo\\\/wp-content\\\/uploads\\\/2025\\\/05\\\/Bez-tytulu-600S300-px-1-e1658908183800.png\",\"width\":600,\"height\":61,\"caption\":\"MED.TATTOO\"},\"image\":{\"@id\":\"https:\\\/\\\/med.tattoo\\\/hr\\\/#\\\/schema\\\/logo\\\/image\\\/\"},\"sameAs\":[\"https:\\\/\\\/www.facebook.com\\\/profile.php?id=100084366705613\",\"https:\\\/\\\/www.instagram.com\\\/med.tattoo_official\\\/\"]}]}<\/script>\n<!-- \/ Yoast SEO plugin. -->","yoast_head_json":{"title":"Sterillhand 500ml gel s pumpicom za dezinfekciju ruku (ekvivalent Velodes, Phago'Gel, Spirigel) - MED.TATTOO","robots":{"index":"index","follow":"follow","max-snippet":"max-snippet:-1","max-image-preview":"max-image-preview:large","max-video-preview":"max-video-preview:-1"},"canonical":"https:\/\/med.tattoo\/hr\/proizvod\/sterillhand-500ml-gel-s-pumpicom-za-dezinfekciju-ruku-ekvivalent-velodes-phagogel-spirigel\/","og_locale":"hr_HR","og_type":"article","og_title":"Sterillhand 500ml gel s pumpicom za dezinfekciju ruku (ekvivalent Velodes, Phago'Gel, Spirigel) - MED.TATTOO","og_description":"Sterillhand specijalisti\u010dki dezinficijens gel namijenjen je higijenskoj i kirur\u0161koj dezinfekciji ko\u017ee ruku. Pripravak aktivira svoje djelovanje odmah nakon upotrebe. U\u010dinkovito se bori protiv svih vrsta virusa, gljivica, mikobakterija i bakterija. Dermatolo\u0161ki je testiran. Jedinstveni sastav sprje\u010dava isu\u0161ivanje ruku. Preporu\u010dena primjena: Higijenska dezinfekcija ruku: Utrljajte Sterillhand dezinficijens gel u ko\u017eu ruku 30 sekundi. Kirur\u0161ka dezinfekcija ruku: [&hellip;]","og_url":"https:\/\/med.tattoo\/hr\/proizvod\/sterillhand-500ml-gel-s-pumpicom-za-dezinfekciju-ruku-ekvivalent-velodes-phagogel-spirigel\/","og_site_name":"MED.TATTOO","article_publisher":"https:\/\/www.facebook.com\/profile.php?id=100084366705613","twitter_card":"summary_large_image","schema":{"@context":"https:\/\/schema.org","@graph":[{"@type":"WebPage","@id":"https:\/\/med.tattoo\/hr\/proizvod\/sterillhand-500ml-gel-s-pumpicom-za-dezinfekciju-ruku-ekvivalent-velodes-phagogel-spirigel\/","url":"https:\/\/med.tattoo\/hr\/proizvod\/sterillhand-500ml-gel-s-pumpicom-za-dezinfekciju-ruku-ekvivalent-velodes-phagogel-spirigel\/","name":"Sterillhand 500ml gel s pumpicom za dezinfekciju ruku (ekvivalent Velodes, Phago'Gel, Spirigel) - MED.TATTOO","isPartOf":{"@id":"https:\/\/med.tattoo\/hr\/#website"},"primaryImageOfPage":{"@id":"https:\/\/med.tattoo\/hr\/proizvod\/sterillhand-500ml-gel-s-pumpicom-za-dezinfekciju-ruku-ekvivalent-velodes-phagogel-spirigel\/#primaryimage"},"image":{"@id":"https:\/\/med.tattoo\/hr\/proizvod\/sterillhand-500ml-gel-s-pumpicom-za-dezinfekciju-ruku-ekvivalent-velodes-phagogel-spirigel\/#primaryimage"},"thumbnailUrl":"https:\/\/med.tattoo\/wp-content\/uploads\/2025\/05\/2123_sterillhand-500ml-gel-z-pompka-do-dezynfekcji-rak_1744007032.jpg","datePublished":"2025-05-15T05:31:03+00:00","breadcrumb":{"@id":"https:\/\/med.tattoo\/hr\/proizvod\/sterillhand-500ml-gel-s-pumpicom-za-dezinfekciju-ruku-ekvivalent-velodes-phagogel-spirigel\/#breadcrumb"},"inLanguage":"hr","potentialAction":[{"@type":"ReadAction","target":["https:\/\/med.tattoo\/hr\/proizvod\/sterillhand-500ml-gel-s-pumpicom-za-dezinfekciju-ruku-ekvivalent-velodes-phagogel-spirigel\/"]}]},{"@type":"ImageObject","inLanguage":"hr","@id":"https:\/\/med.tattoo\/hr\/proizvod\/sterillhand-500ml-gel-s-pumpicom-za-dezinfekciju-ruku-ekvivalent-velodes-phagogel-spirigel\/#primaryimage","url":"https:\/\/med.tattoo\/wp-content\/uploads\/2025\/05\/2123_sterillhand-500ml-gel-z-pompka-do-dezynfekcji-rak_1744007032.jpg","contentUrl":"https:\/\/med.tattoo\/wp-content\/uploads\/2025\/05\/2123_sterillhand-500ml-gel-z-pompka-do-dezynfekcji-rak_1744007032.jpg","width":497,"height":800},{"@type":"BreadcrumbList","@id":"https:\/\/med.tattoo\/hr\/proizvod\/sterillhand-500ml-gel-s-pumpicom-za-dezinfekciju-ruku-ekvivalent-velodes-phagogel-spirigel\/#breadcrumb","itemListElement":[{"@type":"ListItem","position":1,"name":"Strona G\u0142\u00f3wna","item":"https:\/\/med.tattoo\/hr\/"},{"@type":"ListItem","position":2,"name":"Trgovina","item":"https:\/\/med.tattoo\/hr\/shop\/"},{"@type":"ListItem","position":3,"name":"Sterillhand 500ml gel s pumpicom za dezinfekciju ruku (ekvivalent Velodes, Phago&#8217;Gel, Spirigel)"}]},{"@type":"WebSite","@id":"https:\/\/med.tattoo\/hr\/#website","url":"https:\/\/med.tattoo\/hr\/","name":"MED.TATTOO","description":"Wszystko dla Twojego tatua\u017cu","publisher":{"@id":"https:\/\/med.tattoo\/hr\/#organization"},"potentialAction":[{"@type":"SearchAction","target":{"@type":"EntryPoint","urlTemplate":"https:\/\/med.tattoo\/hr\/?s={search_term_string}"},"query-input":{"@type":"PropertyValueSpecification","valueRequired":true,"valueName":"search_term_string"}}],"inLanguage":"hr"},{"@type":"Organization","@id":"https:\/\/med.tattoo\/hr\/#organization","name":"MED.TATTOO","url":"https:\/\/med.tattoo\/hr\/","logo":{"@type":"ImageObject","inLanguage":"hr","@id":"https:\/\/med.tattoo\/hr\/#\/schema\/logo\/image\/","url":"https:\/\/med.tattoo\/wp-content\/uploads\/2025\/05\/Bez-tytulu-600S300-px-1-e1658908183800.png","contentUrl":"https:\/\/med.tattoo\/wp-content\/uploads\/2025\/05\/Bez-tytulu-600S300-px-1-e1658908183800.png","width":600,"height":61,"caption":"MED.TATTOO"},"image":{"@id":"https:\/\/med.tattoo\/hr\/#\/schema\/logo\/image\/"},"sameAs":["https:\/\/www.facebook.com\/profile.php?id=100084366705613","https:\/\/www.instagram.com\/med.tattoo_official\/"]}]}},"_links":{"self":[{"href":"https:\/\/med.tattoo\/hr\/wp-json\/wp\/v2\/product\/9868","targetHints":{"allow":["GET"]}}],"collection":[{"href":"https:\/\/med.tattoo\/hr\/wp-json\/wp\/v2\/product"}],"about":[{"href":"https:\/\/med.tattoo\/hr\/wp-json\/wp\/v2\/types\/product"}],"replies":[{"embeddable":true,"href":"https:\/\/med.tattoo\/hr\/wp-json\/wp\/v2\/comments?post=9868"}],"wp:featuredmedia":[{"embeddable":true,"href":"https:\/\/med.tattoo\/hr\/wp-json\/wp\/v2\/media\/8129"}],"wp:attachment":[{"href":"https:\/\/med.tattoo\/hr\/wp-json\/wp\/v2\/media?parent=9868"}],"wp:term":[{"taxonomy":"product_brand","embeddable":true,"href":"https:\/\/med.tattoo\/hr\/wp-json\/wp\/v2\/product_brand?post=9868"},{"taxonomy":"product_cat","embeddable":true,"href":"https:\/\/med.tattoo\/hr\/wp-json\/wp\/v2\/product_cat?post=9868"},{"taxonomy":"product_tag","embeddable":true,"href":"https:\/\/med.tattoo\/hr\/wp-json\/wp\/v2\/product_tag?post=9868"}],"curies":[{"name":"wp","href":"https:\/\/api.w.org\/{rel}","templated":true}]}}