{"id":9955,"date":"2025-05-15T07:33:19","date_gmt":"2025-05-15T05:33:19","guid":{"rendered":"https:\/\/med.tattoo\/produkt\/velox-maramice-duo-alkoholne-maramice-za-punjenje-100-kom\/"},"modified":"2025-05-15T07:33:19","modified_gmt":"2025-05-15T05:33:19","slug":"velox-maramice-duo-alkoholne-maramice-za-punjenje-100-kom","status":"publish","type":"product","link":"https:\/\/med.tattoo\/hr\/proizvod\/velox-maramice-duo-alkoholne-maramice-za-punjenje-100-kom\/","title":{"rendered":"Velox maramice DUO alkoholne maramice za punjenje 100 kom"},"content":{"rendered":"<p>Velox\u00ae maramice preporu\u010duju se posebno za \u010di\u0161\u0107enje i brzu dezinfekciju malih povr\u0161ina i medicinske opreme: kreveta i stolica za tretmane, medicinske opreme. Tako\u0111er se preporu\u010duje za dezinfekciju zubnih nasadnika prije procesa sterilizacije. Pripravak ne sadr\u017ei aldehid i fenol, tako da ne mijenja boju dezinficiranih povr\u0161ina. Zahvaljuju\u0107i inovativnoj formuli koja se temelji na sinergiji povr\u0161inski aktivnih tvari i nano-micelnoj tehnologiji, proizvod ima \u0161irok spektar cidnih svojstava i iznimna svojstva pranja. Imaju pozitivno mi\u0161ljenje proizvo\u0111a\u010da medicinske opreme Famed. Imaju ugodan, svje\u017e miris.     <\/p>\n<p>Stavite ulo\u017eak u limenku. Izvadite tkivo iz ambala\u017ee i njime obri\u0161ite povr\u0161inu. \u010cvrsto zatvorite poklopac limenke. Nakon otvaranja, iskoristite paket u roku od 21 dana. Nemojte koristiti ako je maramica suha. Ne koristiti na povr\u0161inama osjetljivim na alkohol (npr. akrilno staklo). Proizvod je namijenjen profesionalnom korisniku.      <\/p>\n","protected":false},"excerpt":{"rendered":"<p>Velox\u00ae maramice preporu\u010duju se posebno za \u010di\u0161\u0107enje i brzu dezinfekciju malih povr\u0161ina i medicinske opreme: kreveta i stolica za tretmane, medicinske opreme. Tako\u0111er se preporu\u010duje za dezinfekciju zubnih nasadnika prije procesa sterilizacije. Pripravak ne sadr\u017ei aldehid i fenol, tako da ne mijenja boju dezinficiranih povr\u0161ina. Zahvaljuju\u0107i inovativnoj formuli koja se temelji na sinergiji povr\u0161inski aktivnih [&hellip;]<\/p>\n","protected":false},"featured_media":8193,"comment_status":"closed","ping_status":"open","template":"","meta":{"site-sidebar-layout":"default","site-content-layout":"","ast-site-content-layout":"default","site-content-style":"default","site-sidebar-style":"default","ast-global-header-display":"","ast-banner-title-visibility":"","ast-main-header-display":"","ast-hfb-above-header-display":"","ast-hfb-below-header-display":"","ast-hfb-mobile-header-display":"","site-post-title":"","ast-breadcrumbs-content":"","ast-featured-img":"","footer-sml-layout":"","ast-disable-related-posts":"","theme-transparent-header-meta":"","adv-header-id-meta":"","stick-header-meta":"","header-above-stick-meta":"","header-main-stick-meta":"","header-below-stick-meta":"","astra-migrate-meta-layouts":"default","ast-page-background-enabled":"default","ast-page-background-meta":{"desktop":{"background-color":"var(--ast-global-color-4)","background-image":"","background-repeat":"repeat","background-position":"center center","background-size":"auto","background-attachment":"scroll","background-type":"","background-media":"","overlay-type":"","overlay-color":"","overlay-opacity":"","overlay-gradient":""},"tablet":{"background-color":"","background-image":"","background-repeat":"repeat","background-position":"center center","background-size":"auto","background-attachment":"scroll","background-type":"","background-media":"","overlay-type":"","overlay-color":"","overlay-opacity":"","overlay-gradient":""},"mobile":{"background-color":"","background-image":"","background-repeat":"repeat","background-position":"center center","background-size":"auto","background-attachment":"scroll","background-type":"","background-media":"","overlay-type":"","overlay-color":"","overlay-opacity":"","overlay-gradient":""}},"ast-content-background-meta":{"desktop":{"background-color":"var(--ast-global-color-5)","background-image":"","background-repeat":"repeat","background-position":"center center","background-size":"auto","background-attachment":"scroll","background-type":"","background-media":"","overlay-type":"","overlay-color":"","overlay-opacity":"","overlay-gradient":""},"tablet":{"background-color":"var(--ast-global-color-5)","background-image":"","background-repeat":"repeat","background-position":"center center","background-size":"auto","background-attachment":"scroll","background-type":"","background-media":"","overlay-type":"","overlay-color":"","overlay-opacity":"","overlay-gradient":""},"mobile":{"background-color":"var(--ast-global-color-5)","background-image":"","background-repeat":"repeat","background-position":"center center","background-size":"auto","background-attachment":"scroll","background-type":"","background-media":"","overlay-type":"","overlay-color":"","overlay-opacity":"","overlay-gradient":""}}},"product_brand":[],"product_cat":[103],"product_tag":[],"class_list":{"0":"post-9955","1":"product","2":"type-product","3":"status-publish","4":"has-post-thumbnail","6":"product_cat-med-tattoo-hr","7":"desktop-align-left","8":"tablet-align-left","9":"mobile-align-left","10":"ast-product-gallery-layout-horizontal-slider","11":"ast-product-gallery-with-no-image","12":"ast-product-tabs-layout-distributed","14":"first","15":"instock","16":"purchasable","17":"product-type-simple"},"yoast_head":"<!-- This site is optimized with the Yoast SEO plugin v27.4 - https:\/\/yoast.com\/product\/yoast-seo-wordpress\/ -->\n<title>Velox maramice DUO alkoholne maramice za punjenje 100 kom - MED.TATTOO<\/title>\n<meta name=\"robots\" content=\"index, follow, max-snippet:-1, max-image-preview:large, max-video-preview:-1\" \/>\n<link rel=\"canonical\" href=\"https:\/\/med.tattoo\/hr\/proizvod\/velox-maramice-duo-alkoholne-maramice-za-punjenje-100-kom\/\" \/>\n<meta property=\"og:locale\" content=\"hr_HR\" \/>\n<meta property=\"og:type\" content=\"article\" \/>\n<meta property=\"og:title\" content=\"Velox maramice DUO alkoholne maramice za punjenje 100 kom - MED.TATTOO\" \/>\n<meta property=\"og:description\" content=\"Velox\u00ae maramice preporu\u010duju se posebno za \u010di\u0161\u0107enje i brzu dezinfekciju malih povr\u0161ina i medicinske opreme: kreveta i stolica za tretmane, medicinske opreme. Tako\u0111er se preporu\u010duje za dezinfekciju zubnih nasadnika prije procesa sterilizacije. Pripravak ne sadr\u017ei aldehid i fenol, tako da ne mijenja boju dezinficiranih povr\u0161ina. Zahvaljuju\u0107i inovativnoj formuli koja se temelji na sinergiji povr\u0161inski aktivnih [&hellip;]\" \/>\n<meta property=\"og:url\" content=\"https:\/\/med.tattoo\/hr\/proizvod\/velox-maramice-duo-alkoholne-maramice-za-punjenje-100-kom\/\" \/>\n<meta property=\"og:site_name\" content=\"MED.TATTOO\" \/>\n<meta property=\"article:publisher\" content=\"https:\/\/www.facebook.com\/profile.php?id=100084366705613\" \/>\n<meta name=\"twitter:card\" content=\"summary_large_image\" \/>\n<meta name=\"twitter:label1\" content=\"Procijenjeno vrijeme \u010ditanja\" \/>\n\t<meta name=\"twitter:data1\" content=\"1 minuta\" \/>\n<script type=\"application\/ld+json\" class=\"yoast-schema-graph\">{\"@context\":\"https:\\\/\\\/schema.org\",\"@graph\":[{\"@type\":\"WebPage\",\"@id\":\"https:\\\/\\\/med.tattoo\\\/hr\\\/proizvod\\\/velox-maramice-duo-alkoholne-maramice-za-punjenje-100-kom\\\/\",\"url\":\"https:\\\/\\\/med.tattoo\\\/hr\\\/proizvod\\\/velox-maramice-duo-alkoholne-maramice-za-punjenje-100-kom\\\/\",\"name\":\"Velox maramice DUO alkoholne maramice za punjenje 100 kom - MED.TATTOO\",\"isPartOf\":{\"@id\":\"https:\\\/\\\/med.tattoo\\\/hr\\\/#website\"},\"primaryImageOfPage\":{\"@id\":\"https:\\\/\\\/med.tattoo\\\/hr\\\/proizvod\\\/velox-maramice-duo-alkoholne-maramice-za-punjenje-100-kom\\\/#primaryimage\"},\"image\":{\"@id\":\"https:\\\/\\\/med.tattoo\\\/hr\\\/proizvod\\\/velox-maramice-duo-alkoholne-maramice-za-punjenje-100-kom\\\/#primaryimage\"},\"thumbnailUrl\":\"https:\\\/\\\/med.tattoo\\\/wp-content\\\/uploads\\\/2025\\\/05\\\/844_velox-wipes-wklad-chusteczki-alkoholowe-100-szt_1744007035.jpg\",\"datePublished\":\"2025-05-15T05:33:19+00:00\",\"breadcrumb\":{\"@id\":\"https:\\\/\\\/med.tattoo\\\/hr\\\/proizvod\\\/velox-maramice-duo-alkoholne-maramice-za-punjenje-100-kom\\\/#breadcrumb\"},\"inLanguage\":\"hr\",\"potentialAction\":[{\"@type\":\"ReadAction\",\"target\":[\"https:\\\/\\\/med.tattoo\\\/hr\\\/proizvod\\\/velox-maramice-duo-alkoholne-maramice-za-punjenje-100-kom\\\/\"]}]},{\"@type\":\"ImageObject\",\"inLanguage\":\"hr\",\"@id\":\"https:\\\/\\\/med.tattoo\\\/hr\\\/proizvod\\\/velox-maramice-duo-alkoholne-maramice-za-punjenje-100-kom\\\/#primaryimage\",\"url\":\"https:\\\/\\\/med.tattoo\\\/wp-content\\\/uploads\\\/2025\\\/05\\\/844_velox-wipes-wklad-chusteczki-alkoholowe-100-szt_1744007035.jpg\",\"contentUrl\":\"https:\\\/\\\/med.tattoo\\\/wp-content\\\/uploads\\\/2025\\\/05\\\/844_velox-wipes-wklad-chusteczki-alkoholowe-100-szt_1744007035.jpg\",\"width\":1000,\"height\":552},{\"@type\":\"BreadcrumbList\",\"@id\":\"https:\\\/\\\/med.tattoo\\\/hr\\\/proizvod\\\/velox-maramice-duo-alkoholne-maramice-za-punjenje-100-kom\\\/#breadcrumb\",\"itemListElement\":[{\"@type\":\"ListItem\",\"position\":1,\"name\":\"Strona G\u0142\u00f3wna\",\"item\":\"https:\\\/\\\/med.tattoo\\\/hr\\\/\"},{\"@type\":\"ListItem\",\"position\":2,\"name\":\"Trgovina\",\"item\":\"https:\\\/\\\/med.tattoo\\\/hr\\\/shop\\\/\"},{\"@type\":\"ListItem\",\"position\":3,\"name\":\"Velox maramice DUO alkoholne maramice za punjenje 100 kom\"}]},{\"@type\":\"WebSite\",\"@id\":\"https:\\\/\\\/med.tattoo\\\/hr\\\/#website\",\"url\":\"https:\\\/\\\/med.tattoo\\\/hr\\\/\",\"name\":\"MED.TATTOO\",\"description\":\"Wszystko dla Twojego tatua\u017cu\",\"publisher\":{\"@id\":\"https:\\\/\\\/med.tattoo\\\/hr\\\/#organization\"},\"potentialAction\":[{\"@type\":\"SearchAction\",\"target\":{\"@type\":\"EntryPoint\",\"urlTemplate\":\"https:\\\/\\\/med.tattoo\\\/hr\\\/?s={search_term_string}\"},\"query-input\":{\"@type\":\"PropertyValueSpecification\",\"valueRequired\":true,\"valueName\":\"search_term_string\"}}],\"inLanguage\":\"hr\"},{\"@type\":\"Organization\",\"@id\":\"https:\\\/\\\/med.tattoo\\\/hr\\\/#organization\",\"name\":\"MED.TATTOO\",\"url\":\"https:\\\/\\\/med.tattoo\\\/hr\\\/\",\"logo\":{\"@type\":\"ImageObject\",\"inLanguage\":\"hr\",\"@id\":\"https:\\\/\\\/med.tattoo\\\/hr\\\/#\\\/schema\\\/logo\\\/image\\\/\",\"url\":\"https:\\\/\\\/med.tattoo\\\/wp-content\\\/uploads\\\/2025\\\/05\\\/Bez-tytulu-600S300-px-1-e1658908183800.png\",\"contentUrl\":\"https:\\\/\\\/med.tattoo\\\/wp-content\\\/uploads\\\/2025\\\/05\\\/Bez-tytulu-600S300-px-1-e1658908183800.png\",\"width\":600,\"height\":61,\"caption\":\"MED.TATTOO\"},\"image\":{\"@id\":\"https:\\\/\\\/med.tattoo\\\/hr\\\/#\\\/schema\\\/logo\\\/image\\\/\"},\"sameAs\":[\"https:\\\/\\\/www.facebook.com\\\/profile.php?id=100084366705613\",\"https:\\\/\\\/www.instagram.com\\\/med.tattoo_official\\\/\"]}]}<\/script>\n<!-- \/ Yoast SEO plugin. -->","yoast_head_json":{"title":"Velox maramice DUO alkoholne maramice za punjenje 100 kom - MED.TATTOO","robots":{"index":"index","follow":"follow","max-snippet":"max-snippet:-1","max-image-preview":"max-image-preview:large","max-video-preview":"max-video-preview:-1"},"canonical":"https:\/\/med.tattoo\/hr\/proizvod\/velox-maramice-duo-alkoholne-maramice-za-punjenje-100-kom\/","og_locale":"hr_HR","og_type":"article","og_title":"Velox maramice DUO alkoholne maramice za punjenje 100 kom - MED.TATTOO","og_description":"Velox\u00ae maramice preporu\u010duju se posebno za \u010di\u0161\u0107enje i brzu dezinfekciju malih povr\u0161ina i medicinske opreme: kreveta i stolica za tretmane, medicinske opreme. Tako\u0111er se preporu\u010duje za dezinfekciju zubnih nasadnika prije procesa sterilizacije. Pripravak ne sadr\u017ei aldehid i fenol, tako da ne mijenja boju dezinficiranih povr\u0161ina. Zahvaljuju\u0107i inovativnoj formuli koja se temelji na sinergiji povr\u0161inski aktivnih [&hellip;]","og_url":"https:\/\/med.tattoo\/hr\/proizvod\/velox-maramice-duo-alkoholne-maramice-za-punjenje-100-kom\/","og_site_name":"MED.TATTOO","article_publisher":"https:\/\/www.facebook.com\/profile.php?id=100084366705613","twitter_card":"summary_large_image","twitter_misc":{"Procijenjeno vrijeme \u010ditanja":"1 minuta"},"schema":{"@context":"https:\/\/schema.org","@graph":[{"@type":"WebPage","@id":"https:\/\/med.tattoo\/hr\/proizvod\/velox-maramice-duo-alkoholne-maramice-za-punjenje-100-kom\/","url":"https:\/\/med.tattoo\/hr\/proizvod\/velox-maramice-duo-alkoholne-maramice-za-punjenje-100-kom\/","name":"Velox maramice DUO alkoholne maramice za punjenje 100 kom - MED.TATTOO","isPartOf":{"@id":"https:\/\/med.tattoo\/hr\/#website"},"primaryImageOfPage":{"@id":"https:\/\/med.tattoo\/hr\/proizvod\/velox-maramice-duo-alkoholne-maramice-za-punjenje-100-kom\/#primaryimage"},"image":{"@id":"https:\/\/med.tattoo\/hr\/proizvod\/velox-maramice-duo-alkoholne-maramice-za-punjenje-100-kom\/#primaryimage"},"thumbnailUrl":"https:\/\/med.tattoo\/wp-content\/uploads\/2025\/05\/844_velox-wipes-wklad-chusteczki-alkoholowe-100-szt_1744007035.jpg","datePublished":"2025-05-15T05:33:19+00:00","breadcrumb":{"@id":"https:\/\/med.tattoo\/hr\/proizvod\/velox-maramice-duo-alkoholne-maramice-za-punjenje-100-kom\/#breadcrumb"},"inLanguage":"hr","potentialAction":[{"@type":"ReadAction","target":["https:\/\/med.tattoo\/hr\/proizvod\/velox-maramice-duo-alkoholne-maramice-za-punjenje-100-kom\/"]}]},{"@type":"ImageObject","inLanguage":"hr","@id":"https:\/\/med.tattoo\/hr\/proizvod\/velox-maramice-duo-alkoholne-maramice-za-punjenje-100-kom\/#primaryimage","url":"https:\/\/med.tattoo\/wp-content\/uploads\/2025\/05\/844_velox-wipes-wklad-chusteczki-alkoholowe-100-szt_1744007035.jpg","contentUrl":"https:\/\/med.tattoo\/wp-content\/uploads\/2025\/05\/844_velox-wipes-wklad-chusteczki-alkoholowe-100-szt_1744007035.jpg","width":1000,"height":552},{"@type":"BreadcrumbList","@id":"https:\/\/med.tattoo\/hr\/proizvod\/velox-maramice-duo-alkoholne-maramice-za-punjenje-100-kom\/#breadcrumb","itemListElement":[{"@type":"ListItem","position":1,"name":"Strona G\u0142\u00f3wna","item":"https:\/\/med.tattoo\/hr\/"},{"@type":"ListItem","position":2,"name":"Trgovina","item":"https:\/\/med.tattoo\/hr\/shop\/"},{"@type":"ListItem","position":3,"name":"Velox maramice DUO alkoholne maramice za punjenje 100 kom"}]},{"@type":"WebSite","@id":"https:\/\/med.tattoo\/hr\/#website","url":"https:\/\/med.tattoo\/hr\/","name":"MED.TATTOO","description":"Wszystko dla Twojego tatua\u017cu","publisher":{"@id":"https:\/\/med.tattoo\/hr\/#organization"},"potentialAction":[{"@type":"SearchAction","target":{"@type":"EntryPoint","urlTemplate":"https:\/\/med.tattoo\/hr\/?s={search_term_string}"},"query-input":{"@type":"PropertyValueSpecification","valueRequired":true,"valueName":"search_term_string"}}],"inLanguage":"hr"},{"@type":"Organization","@id":"https:\/\/med.tattoo\/hr\/#organization","name":"MED.TATTOO","url":"https:\/\/med.tattoo\/hr\/","logo":{"@type":"ImageObject","inLanguage":"hr","@id":"https:\/\/med.tattoo\/hr\/#\/schema\/logo\/image\/","url":"https:\/\/med.tattoo\/wp-content\/uploads\/2025\/05\/Bez-tytulu-600S300-px-1-e1658908183800.png","contentUrl":"https:\/\/med.tattoo\/wp-content\/uploads\/2025\/05\/Bez-tytulu-600S300-px-1-e1658908183800.png","width":600,"height":61,"caption":"MED.TATTOO"},"image":{"@id":"https:\/\/med.tattoo\/hr\/#\/schema\/logo\/image\/"},"sameAs":["https:\/\/www.facebook.com\/profile.php?id=100084366705613","https:\/\/www.instagram.com\/med.tattoo_official\/"]}]}},"_links":{"self":[{"href":"https:\/\/med.tattoo\/hr\/wp-json\/wp\/v2\/product\/9955","targetHints":{"allow":["GET"]}}],"collection":[{"href":"https:\/\/med.tattoo\/hr\/wp-json\/wp\/v2\/product"}],"about":[{"href":"https:\/\/med.tattoo\/hr\/wp-json\/wp\/v2\/types\/product"}],"replies":[{"embeddable":true,"href":"https:\/\/med.tattoo\/hr\/wp-json\/wp\/v2\/comments?post=9955"}],"wp:featuredmedia":[{"embeddable":true,"href":"https:\/\/med.tattoo\/hr\/wp-json\/wp\/v2\/media\/8193"}],"wp:attachment":[{"href":"https:\/\/med.tattoo\/hr\/wp-json\/wp\/v2\/media?parent=9955"}],"wp:term":[{"taxonomy":"product_brand","embeddable":true,"href":"https:\/\/med.tattoo\/hr\/wp-json\/wp\/v2\/product_brand?post=9955"},{"taxonomy":"product_cat","embeddable":true,"href":"https:\/\/med.tattoo\/hr\/wp-json\/wp\/v2\/product_cat?post=9955"},{"taxonomy":"product_tag","embeddable":true,"href":"https:\/\/med.tattoo\/hr\/wp-json\/wp\/v2\/product_tag?post=9955"}],"curies":[{"name":"wp","href":"https:\/\/api.w.org\/{rel}","templated":true}]}}